{"id":76777,"date":"2025-05-30T13:02:16","date_gmt":"2025-05-30T11:02:16","guid":{"rendered":"https:\/\/maisonroca.ad\/?page_id=76777"},"modified":"2025-08-01T10:50:52","modified_gmt":"2025-08-01T08:50:52","slug":"breitling-andorre","status":"publish","type":"page","link":"https:\/\/maisonroca.ad\/fr\/horlogerie\/breitling-andorre\/","title":{"rendered":"Breitling"},"content":{"rendered":"\t\t<div data-elementor-type=\"wp-page\" data-elementor-id=\"76777\" class=\"elementor elementor-76777 elementor-70874\" data-elementor-post-type=\"page\">\r\n\t\t\t\t<div class=\"elementor-element elementor-element-32b9b276 e-flex e-con-boxed e-con e-parent\" data-id=\"32b9b276\" data-element_type=\"container\">\r\n\t\t\t\t\t<div class=\"e-con-inner\">\r\n\t\t\t\t<div class=\"elementor-element elementor-element-b25c959 elementor-widget elementor-widget-html\" data-id=\"b25c959\" data-element_type=\"widget\" data-widget_type=\"html.default\">\r\n\t\t\t\t<div class=\"elementor-widget-container\">\r\n\t\t\t\t\t<!-- INTRODUCTION -->\r\n<section class=\"intro-breitling\" style=\"margin-bottom: 30px; color:#333333\">\r\n  <h1>Montres Breitling en Andorre<\/h1>\r\n  <p><strong>Maison Roca est l'unique distributeur officiel exclusif de Breitling en Andorre.<\/strong><\/p>\r\n  <p>D\u00e9couvrez l\u2019esprit d\u2019aventure, de pr\u00e9cision et d\u2019\u00e9l\u00e9gance des montres suisses Breitling. Dans notre boutique, vous trouverez les collections les plus embl\u00e9matiques, des chronographes d\u2019aviation aux mod\u00e8les de plong\u00e9e et sportifs. Nous vous invitons \u00e0 vivre l\u2019exp\u00e9rience Breitling dans l\u2019espace officiel Breitling de Maison Roca, Av. Meritxell 50.<\/p>\r\n<\/section>\r\n\r\n<script>\r\n  function scrollToWidget() {\r\n    document.getElementById('_breitling_integrator').scrollIntoView({ behavior: 'smooth' });\r\n  }\r\n<\/script>\r\n\r\n<!-- WIDGET BREITLING -->\r\n<section class=\"widget-breitling\">\r\n  <div id=\"_breitling_integrator\"><\/div>\r\n  <script>\r\n    (function(d,t,r,i){\r\n      var f=d.getElementsByTagName(t)[0],\r\n      s=d.createElement('script');\r\n      s.src='https:\/\/retailers.breitling.com\/integrator\/register\/?r='+r+'&t='+t+'&i='+i;\r\n      s.async=true;\r\n      f.parentNode.insertBefore(s,f);\r\n    })(document,'script','03a275bbff4dc4e8c7345fb47639dec2','_breitling_integrator');\r\n  <\/script>\r\n  <noscript>\r\n    <iframe src=\"https:\/\/retailers.breitling.com\/integrator\/register\/03a275bbff4dc4e8c7345fb47639dec2\" width=\"100%\" height=\"600px\" frameborder=\"0\"><\/iframe>\r\n  <\/noscript>\r\n<\/section>\r\n\r\n<!-- CTA FINAL -->\r\n<section class=\"cta-breitling\" style=\"margin-top:40px; text-align:center; color:#333333\">\r\n  <h2>Visitez l\u2019espace officiel Breitling chez Maison Roca, Av. Meritxell 50<\/h2>\r\n  <p>Notre \u00e9quipe d\u2019experts vous aidera \u00e0 d\u00e9couvrir la collection compl\u00e8te de Breitling et \u00e0 trouver la montre parfaite.<\/p>\r\n  <a href=\"https:\/\/maisonroca.ad\/fr\/contact\" target=\"_blank\" rel=\"noopener noreferrer\" class=\"cta-button\" style=\"display:inline-block; padding:10px 20px; border-radius:8px; background:#000; color:#fff; text-decoration:none; font-weight:bold; margin-top:10px;\">R\u00e9servez votre visite<\/a>\r\n\r\n<\/section>\r\n\t\t\t\t<\/div>\r\n\t\t\t\t<\/div>\r\n\t\t\t\t\t<\/div>\r\n\t\t\t\t<\/div>\r\n\t\t\t\t<\/div>\r\n\t\t","protected":false},"excerpt":{"rendered":"<p>Montres Breitling en Andorre Maison Roca est l&rsquo;unique distributeur officiel exclusif de Breitling en Andorre. D\u00e9couvrez l\u2019esprit d\u2019aventure, de pr\u00e9cision et d\u2019\u00e9l\u00e9gance des montres suisses Breitling. Dans notre boutique, vous trouverez les collections les plus embl\u00e9matiques, des chronographes d\u2019aviation aux mod\u00e8les de plong\u00e9e et sportifs. Nous vous invitons \u00e0 vivre l\u2019exp\u00e9rience Breitling dans l\u2019espace officiel [&hellip;]<\/p>\n","protected":false},"author":4,"featured_media":76136,"parent":16479,"menu_order":0,"comment_status":"closed","ping_status":"closed","template":"","meta":{"_acf_changed":false,"_monsterinsights_skip_tracking":false,"_monsterinsights_sitenote_active":false,"_monsterinsights_sitenote_note":"","_monsterinsights_sitenote_category":0,"footnotes":""},"class_list":["post-76777","page","type-page","status-publish","has-post-thumbnail","hentry"],"acf":[],"yoast_head":"<!-- This site is optimized with the Yoast SEO Premium plugin v26.8 (Yoast SEO v27.4) - https:\/\/yoast.com\/product\/yoast-seo-premium-wordpress\/ -->\n<title>Seul revendeur officiel Breitling en Andorre - Maison Roca<\/title>\n<meta name=\"description\" content=\"D\u00e9couvrez les montres Breitling chez Maison Roca, seul revendeur officiel en Andorre. Nouveaut\u00e9s et service certifi\u00e9 \u00e0 Andorre-la-Vieille.\" \/>\n<meta name=\"robots\" content=\"index, follow, max-snippet:-1, max-image-preview:large, max-video-preview:-1\" \/>\n<link rel=\"canonical\" href=\"https:\/\/maisonroca.ad\/fr\/horlogerie\/breitling-andorre\/\" \/>\n<meta property=\"og:locale\" content=\"fr_FR\" \/>\n<meta property=\"og:type\" content=\"article\" \/>\n<meta property=\"og:title\" content=\"Breitling\" \/>\n<meta property=\"og:description\" content=\"D\u00e9couvrez les montres Breitling chez Maison Roca, seul revendeur officiel en Andorre. Nouveaut\u00e9s et service certifi\u00e9 \u00e0 Andorre-la-Vieille.\" \/>\n<meta property=\"og:url\" content=\"https:\/\/maisonroca.ad\/fr\/horlogerie\/breitling-andorre\/\" \/>\n<meta property=\"og:site_name\" content=\"Maison Roca\" \/>\n<meta property=\"article:publisher\" content=\"https:\/\/www.facebook.com\/maisonroca\" \/>\n<meta property=\"article:modified_time\" content=\"2025-08-01T08:50:52+00:00\" \/>\n<meta property=\"og:image\" content=\"https:\/\/maisonroca.ad\/wp-content\/uploads\/2025\/05\/10__breitling_toptime_b31_maison_roca_andorra.jpg\" \/>\n\t<meta property=\"og:image:width\" content=\"1280\" \/>\n\t<meta property=\"og:image:height\" content=\"800\" \/>\n\t<meta property=\"og:image:type\" content=\"image\/jpeg\" \/>\n<meta name=\"twitter:card\" content=\"summary_large_image\" \/>\n<meta name=\"twitter:label1\" content=\"Dur\u00e9e de lecture estim\u00e9e\" \/>\n\t<meta name=\"twitter:data1\" content=\"1 minute\" \/>\n<script type=\"application\/ld+json\" class=\"yoast-schema-graph\">{\"@context\":\"https:\\\/\\\/schema.org\",\"@graph\":[{\"@type\":\"WebPage\",\"@id\":\"https:\\\/\\\/maisonroca.ad\\\/fr\\\/horlogerie\\\/breitling-andorre\\\/\",\"url\":\"https:\\\/\\\/maisonroca.ad\\\/fr\\\/horlogerie\\\/breitling-andorre\\\/\",\"name\":\"Seul revendeur officiel Breitling en Andorre - Maison Roca\",\"isPartOf\":{\"@id\":\"https:\\\/\\\/maisonroca.ad\\\/fr\\\/#website\"},\"primaryImageOfPage\":{\"@id\":\"https:\\\/\\\/maisonroca.ad\\\/fr\\\/horlogerie\\\/breitling-andorre\\\/#primaryimage\"},\"image\":{\"@id\":\"https:\\\/\\\/maisonroca.ad\\\/fr\\\/horlogerie\\\/breitling-andorre\\\/#primaryimage\"},\"thumbnailUrl\":\"https:\\\/\\\/maisonroca.ad\\\/wp-content\\\/uploads\\\/2025\\\/05\\\/10__breitling_toptime_b31_maison_roca_andorra.jpg\",\"datePublished\":\"2025-05-30T11:02:16+00:00\",\"dateModified\":\"2025-08-01T08:50:52+00:00\",\"description\":\"D\u00e9couvrez les montres Breitling chez Maison Roca, seul revendeur officiel en Andorre. Nouveaut\u00e9s et service certifi\u00e9 \u00e0 Andorre-la-Vieille.\",\"breadcrumb\":{\"@id\":\"https:\\\/\\\/maisonroca.ad\\\/fr\\\/horlogerie\\\/breitling-andorre\\\/#breadcrumb\"},\"inLanguage\":\"fr-FR\",\"potentialAction\":[{\"@type\":\"ReadAction\",\"target\":[\"https:\\\/\\\/maisonroca.ad\\\/fr\\\/horlogerie\\\/breitling-andorre\\\/\"]}]},{\"@type\":\"ImageObject\",\"inLanguage\":\"fr-FR\",\"@id\":\"https:\\\/\\\/maisonroca.ad\\\/fr\\\/horlogerie\\\/breitling-andorre\\\/#primaryimage\",\"url\":\"https:\\\/\\\/maisonroca.ad\\\/wp-content\\\/uploads\\\/2025\\\/05\\\/10__breitling_toptime_b31_maison_roca_andorra.jpg\",\"contentUrl\":\"https:\\\/\\\/maisonroca.ad\\\/wp-content\\\/uploads\\\/2025\\\/05\\\/10__breitling_toptime_b31_maison_roca_andorra.jpg\",\"width\":1280,\"height\":800},{\"@type\":\"BreadcrumbList\",\"@id\":\"https:\\\/\\\/maisonroca.ad\\\/fr\\\/horlogerie\\\/breitling-andorre\\\/#breadcrumb\",\"itemListElement\":[{\"@type\":\"ListItem\",\"position\":1,\"name\":\"Portada\",\"item\":\"https:\\\/\\\/maisonroca.ad\\\/fr\\\/\"},{\"@type\":\"ListItem\",\"position\":2,\"name\":\"Horlogerie\",\"item\":\"https:\\\/\\\/maisonroca.ad\\\/fr\\\/relojeria\\\/\"},{\"@type\":\"ListItem\",\"position\":3,\"name\":\"Breitling\"}]},{\"@type\":\"WebSite\",\"@id\":\"https:\\\/\\\/maisonroca.ad\\\/fr\\\/#website\",\"url\":\"https:\\\/\\\/maisonroca.ad\\\/fr\\\/\",\"name\":\"Maison Roca\",\"description\":\"Bold Luxury Life - joieria d&#039;autor - Andorra\",\"publisher\":{\"@id\":\"https:\\\/\\\/maisonroca.ad\\\/fr\\\/#organization\"},\"potentialAction\":[{\"@type\":\"SearchAction\",\"target\":{\"@type\":\"EntryPoint\",\"urlTemplate\":\"https:\\\/\\\/maisonroca.ad\\\/fr\\\/?s={search_term_string}\"},\"query-input\":{\"@type\":\"PropertyValueSpecification\",\"valueRequired\":true,\"valueName\":\"search_term_string\"}}],\"inLanguage\":\"fr-FR\"},{\"@type\":\"Organization\",\"@id\":\"https:\\\/\\\/maisonroca.ad\\\/fr\\\/#organization\",\"name\":\"Maison Roca\",\"url\":\"https:\\\/\\\/maisonroca.ad\\\/fr\\\/\",\"logo\":{\"@type\":\"ImageObject\",\"inLanguage\":\"fr-FR\",\"@id\":\"https:\\\/\\\/maisonroca.ad\\\/fr\\\/#\\\/schema\\\/logo\\\/image\\\/\",\"url\":\"https:\\\/\\\/maisonroca.ad\\\/wp-content\\\/uploads\\\/2023\\\/10\\\/icono.png\",\"contentUrl\":\"https:\\\/\\\/maisonroca.ad\\\/wp-content\\\/uploads\\\/2023\\\/10\\\/icono.png\",\"width\":512,\"height\":512,\"caption\":\"Maison Roca\"},\"image\":{\"@id\":\"https:\\\/\\\/maisonroca.ad\\\/fr\\\/#\\\/schema\\\/logo\\\/image\\\/\"},\"sameAs\":[\"https:\\\/\\\/www.facebook.com\\\/maisonroca\",\"https:\\\/\\\/www.instagram.com\\\/maisonroca\\\/\"]}]}<\/script>\n<!-- \/ Yoast SEO Premium plugin. -->","yoast_head_json":{"title":"Seul revendeur officiel Breitling en Andorre - Maison Roca","description":"D\u00e9couvrez les montres Breitling chez Maison Roca, seul revendeur officiel en Andorre. Nouveaut\u00e9s et service certifi\u00e9 \u00e0 Andorre-la-Vieille.","robots":{"index":"index","follow":"follow","max-snippet":"max-snippet:-1","max-image-preview":"max-image-preview:large","max-video-preview":"max-video-preview:-1"},"canonical":"https:\/\/maisonroca.ad\/fr\/horlogerie\/breitling-andorre\/","og_locale":"fr_FR","og_type":"article","og_title":"Breitling","og_description":"D\u00e9couvrez les montres Breitling chez Maison Roca, seul revendeur officiel en Andorre. Nouveaut\u00e9s et service certifi\u00e9 \u00e0 Andorre-la-Vieille.","og_url":"https:\/\/maisonroca.ad\/fr\/horlogerie\/breitling-andorre\/","og_site_name":"Maison Roca","article_publisher":"https:\/\/www.facebook.com\/maisonroca","article_modified_time":"2025-08-01T08:50:52+00:00","og_image":[{"width":1280,"height":800,"url":"https:\/\/maisonroca.ad\/wp-content\/uploads\/2025\/05\/10__breitling_toptime_b31_maison_roca_andorra.jpg","type":"image\/jpeg"}],"twitter_card":"summary_large_image","twitter_misc":{"Dur\u00e9e de lecture estim\u00e9e":"1 minute"},"schema":{"@context":"https:\/\/schema.org","@graph":[{"@type":"WebPage","@id":"https:\/\/maisonroca.ad\/fr\/horlogerie\/breitling-andorre\/","url":"https:\/\/maisonroca.ad\/fr\/horlogerie\/breitling-andorre\/","name":"Seul revendeur officiel Breitling en Andorre - Maison Roca","isPartOf":{"@id":"https:\/\/maisonroca.ad\/fr\/#website"},"primaryImageOfPage":{"@id":"https:\/\/maisonroca.ad\/fr\/horlogerie\/breitling-andorre\/#primaryimage"},"image":{"@id":"https:\/\/maisonroca.ad\/fr\/horlogerie\/breitling-andorre\/#primaryimage"},"thumbnailUrl":"https:\/\/maisonroca.ad\/wp-content\/uploads\/2025\/05\/10__breitling_toptime_b31_maison_roca_andorra.jpg","datePublished":"2025-05-30T11:02:16+00:00","dateModified":"2025-08-01T08:50:52+00:00","description":"D\u00e9couvrez les montres Breitling chez Maison Roca, seul revendeur officiel en Andorre. Nouveaut\u00e9s et service certifi\u00e9 \u00e0 Andorre-la-Vieille.","breadcrumb":{"@id":"https:\/\/maisonroca.ad\/fr\/horlogerie\/breitling-andorre\/#breadcrumb"},"inLanguage":"fr-FR","potentialAction":[{"@type":"ReadAction","target":["https:\/\/maisonroca.ad\/fr\/horlogerie\/breitling-andorre\/"]}]},{"@type":"ImageObject","inLanguage":"fr-FR","@id":"https:\/\/maisonroca.ad\/fr\/horlogerie\/breitling-andorre\/#primaryimage","url":"https:\/\/maisonroca.ad\/wp-content\/uploads\/2025\/05\/10__breitling_toptime_b31_maison_roca_andorra.jpg","contentUrl":"https:\/\/maisonroca.ad\/wp-content\/uploads\/2025\/05\/10__breitling_toptime_b31_maison_roca_andorra.jpg","width":1280,"height":800},{"@type":"BreadcrumbList","@id":"https:\/\/maisonroca.ad\/fr\/horlogerie\/breitling-andorre\/#breadcrumb","itemListElement":[{"@type":"ListItem","position":1,"name":"Portada","item":"https:\/\/maisonroca.ad\/fr\/"},{"@type":"ListItem","position":2,"name":"Horlogerie","item":"https:\/\/maisonroca.ad\/fr\/relojeria\/"},{"@type":"ListItem","position":3,"name":"Breitling"}]},{"@type":"WebSite","@id":"https:\/\/maisonroca.ad\/fr\/#website","url":"https:\/\/maisonroca.ad\/fr\/","name":"Maison Roca","description":"Bold Luxury Life - joieria d&#039;autor - Andorra","publisher":{"@id":"https:\/\/maisonroca.ad\/fr\/#organization"},"potentialAction":[{"@type":"SearchAction","target":{"@type":"EntryPoint","urlTemplate":"https:\/\/maisonroca.ad\/fr\/?s={search_term_string}"},"query-input":{"@type":"PropertyValueSpecification","valueRequired":true,"valueName":"search_term_string"}}],"inLanguage":"fr-FR"},{"@type":"Organization","@id":"https:\/\/maisonroca.ad\/fr\/#organization","name":"Maison Roca","url":"https:\/\/maisonroca.ad\/fr\/","logo":{"@type":"ImageObject","inLanguage":"fr-FR","@id":"https:\/\/maisonroca.ad\/fr\/#\/schema\/logo\/image\/","url":"https:\/\/maisonroca.ad\/wp-content\/uploads\/2023\/10\/icono.png","contentUrl":"https:\/\/maisonroca.ad\/wp-content\/uploads\/2023\/10\/icono.png","width":512,"height":512,"caption":"Maison Roca"},"image":{"@id":"https:\/\/maisonroca.ad\/fr\/#\/schema\/logo\/image\/"},"sameAs":["https:\/\/www.facebook.com\/maisonroca","https:\/\/www.instagram.com\/maisonroca\/"]}]}},"_links":{"self":[{"href":"https:\/\/maisonroca.ad\/fr\/wp-json\/wp\/v2\/pages\/76777","targetHints":{"allow":["GET"]}}],"collection":[{"href":"https:\/\/maisonroca.ad\/fr\/wp-json\/wp\/v2\/pages"}],"about":[{"href":"https:\/\/maisonroca.ad\/fr\/wp-json\/wp\/v2\/types\/page"}],"author":[{"embeddable":true,"href":"https:\/\/maisonroca.ad\/fr\/wp-json\/wp\/v2\/users\/4"}],"replies":[{"embeddable":true,"href":"https:\/\/maisonroca.ad\/fr\/wp-json\/wp\/v2\/comments?post=76777"}],"version-history":[{"count":16,"href":"https:\/\/maisonroca.ad\/fr\/wp-json\/wp\/v2\/pages\/76777\/revisions"}],"predecessor-version":[{"id":77309,"href":"https:\/\/maisonroca.ad\/fr\/wp-json\/wp\/v2\/pages\/76777\/revisions\/77309"}],"up":[{"embeddable":true,"href":"https:\/\/maisonroca.ad\/fr\/wp-json\/wp\/v2\/pages\/16479"}],"wp:featuredmedia":[{"embeddable":true,"href":"https:\/\/maisonroca.ad\/fr\/wp-json\/wp\/v2\/media\/76136"}],"wp:attachment":[{"href":"https:\/\/maisonroca.ad\/fr\/wp-json\/wp\/v2\/media?parent=76777"}],"curies":[{"name":"wp","href":"https:\/\/api.w.org\/{rel}","templated":true}]}}