{"id":45321,"date":"2024-07-28T23:56:03","date_gmt":"2024-07-28T21:56:03","guid":{"rendered":"https:\/\/maisonroca.ad\/product\/bague-courrier-adolfo-pop1-hermes-en-or-rose-diamants-et-saphirs-orange\/"},"modified":"2024-07-29T00:54:05","modified_gmt":"2024-07-28T22:54:05","slug":"bague-courrier-adolfo-pop1-hermes-en-or-rose-diamants-et-saphirs-orange","status":"publish","type":"product","link":"https:\/\/maisonroca.ad\/fr\/boutique\/bague-courrier-adolfo-pop1-hermes-en-or-rose-diamants-et-saphirs-orange\/","title":{"rendered":"BAGUE COURRIER ADOLFO POP1 HERM\u00c8S EN OR ROSE, DIAMANTS ET SAPHIRS ORANGE"},"content":{"rendered":"<p>Bague Adolfo Courrier Pop1 Herm\u00e8s en or rose, diamants et saphirs orange<\/p>\n<p>D\u00e9tails:<\/p>\n<p>Or 6,76 g<br \/>\n58 diamants 0,57 ct<br \/>\nSaphir orange 0,13 ct<\/p>\n","protected":false},"excerpt":{"rendered":"<p>Bague Adolfo Courrier Pop1 Herm\u00e8s en or rose, diamants et saphirs orange D\u00e9tails: Or 6,76 g 58 diamants 0,57 ct Saphir orange 0,13 ct<\/p>\n","protected":false},"featured_media":56760,"comment_status":"closed","ping_status":"closed","template":"","meta":{"_acf_changed":false,"_monsterinsights_skip_tracking":false,"_monsterinsights_sitenote_active":false,"_monsterinsights_sitenote_note":"","_monsterinsights_sitenote_category":0},"product_brand":[],"product_cat":[1246,1244],"product_tag":[2285,3546,2192,3391],"class_list":{"0":"post-45321","1":"product","2":"type-product","3":"status-publish","4":"has-post-thumbnail","6":"product_cat-adolfo-courrier-fr","7":"product_cat-bijou","8":"product_tag-adolfo-courrier-2-2","9":"product_tag-anells-fr-2","10":"product_tag-diamants-2","11":"product_tag-or-rosa-fr","13":"first","14":"instock","15":"sold-individually","16":"purchasable","17":"product-type-simple"},"acf":[],"yoast_head":"<!-- This site is optimized with the Yoast SEO Premium plugin v26.8 (Yoast SEO v27.3) - https:\/\/yoast.com\/product\/yoast-seo-premium-wordpress\/ -->\n<title>BAGUE COURRIER ADOLFO POP1 HERM\u00c8S EN OR ROSE, DIAMANTS ET SAPHIRS ORANGE - Maison Roca<\/title>\n<meta name=\"robots\" content=\"index, follow, max-snippet:-1, max-image-preview:large, max-video-preview:-1\" \/>\n<link rel=\"canonical\" href=\"https:\/\/maisonroca.ad\/fr\/boutique\/bague-courrier-adolfo-pop1-hermes-en-or-rose-diamants-et-saphirs-orange\/\" \/>\n<meta property=\"og:locale\" content=\"fr_FR\" \/>\n<meta property=\"og:type\" content=\"article\" \/>\n<meta property=\"og:title\" content=\"BAGUE COURRIER ADOLFO POP1 HERM\u00c8S EN OR ROSE, DIAMANTS ET SAPHIRS ORANGE\" \/>\n<meta property=\"og:description\" content=\"Bague Adolfo Courrier Pop1 Herm\u00e8s en or rose, diamants et saphirs orange D\u00e9tails: Or 6,76 g 58 diamants 0,57 ct Saphir orange 0,13 ct\" \/>\n<meta property=\"og:url\" content=\"https:\/\/maisonroca.ad\/fr\/boutique\/bague-courrier-adolfo-pop1-hermes-en-or-rose-diamants-et-saphirs-orange\/\" \/>\n<meta property=\"og:site_name\" content=\"Maison Roca\" \/>\n<meta property=\"article:publisher\" content=\"https:\/\/www.facebook.com\/maisonroca\" \/>\n<meta property=\"article:modified_time\" content=\"2024-07-28T22:54:05+00:00\" \/>\n<meta property=\"og:image\" content=\"https:\/\/maisonroca.ad\/wp-content\/uploads\/2024\/07\/P1-HRM-01_768E480E-D232-4A79-9C08-B6240E4F899A_1024x1024@2x.webp\" \/>\n\t<meta property=\"og:image:width\" content=\"876\" \/>\n\t<meta property=\"og:image:height\" content=\"1087\" \/>\n\t<meta property=\"og:image:type\" content=\"image\/webp\" \/>\n<meta name=\"twitter:card\" content=\"summary_large_image\" \/>\n<meta name=\"twitter:label1\" content=\"Prix\" \/>\n\t<meta name=\"twitter:data1\" content=\"6.120,00&nbsp;&euro;\" \/>\n\t<meta name=\"twitter:label2\" content=\"Disponibilit\u00e9\" \/>\n\t<meta name=\"twitter:data2\" content=\"En stock\" \/>\n<script type=\"application\/ld+json\" class=\"yoast-schema-graph\">{\"@context\":\"https:\\\/\\\/schema.org\",\"@graph\":[{\"@type\":\"WebPage\",\"@id\":\"https:\\\/\\\/maisonroca.ad\\\/fr\\\/boutique\\\/bague-courrier-adolfo-pop1-hermes-en-or-rose-diamants-et-saphirs-orange\\\/\",\"url\":\"https:\\\/\\\/maisonroca.ad\\\/fr\\\/boutique\\\/bague-courrier-adolfo-pop1-hermes-en-or-rose-diamants-et-saphirs-orange\\\/\",\"name\":\"BAGUE COURRIER ADOLFO POP1 HERM\u00c8S EN OR ROSE, DIAMANTS ET SAPHIRS ORANGE - Maison Roca\",\"isPartOf\":{\"@id\":\"https:\\\/\\\/maisonroca.ad\\\/fr\\\/#website\"},\"primaryImageOfPage\":{\"@id\":\"https:\\\/\\\/maisonroca.ad\\\/fr\\\/boutique\\\/bague-courrier-adolfo-pop1-hermes-en-or-rose-diamants-et-saphirs-orange\\\/#primaryimage\"},\"image\":{\"@id\":\"https:\\\/\\\/maisonroca.ad\\\/fr\\\/boutique\\\/bague-courrier-adolfo-pop1-hermes-en-or-rose-diamants-et-saphirs-orange\\\/#primaryimage\"},\"thumbnailUrl\":\"https:\\\/\\\/maisonroca.ad\\\/wp-content\\\/uploads\\\/2024\\\/07\\\/P1-HRM-01_768E480E-D232-4A79-9C08-B6240E4F899A_1024x1024@2x.webp\",\"datePublished\":\"2024-07-28T21:56:03+00:00\",\"dateModified\":\"2024-07-28T22:54:05+00:00\",\"breadcrumb\":{\"@id\":\"https:\\\/\\\/maisonroca.ad\\\/fr\\\/boutique\\\/bague-courrier-adolfo-pop1-hermes-en-or-rose-diamants-et-saphirs-orange\\\/#breadcrumb\"},\"inLanguage\":\"fr-FR\",\"potentialAction\":[{\"@type\":\"ReadAction\",\"target\":[\"https:\\\/\\\/maisonroca.ad\\\/fr\\\/boutique\\\/bague-courrier-adolfo-pop1-hermes-en-or-rose-diamants-et-saphirs-orange\\\/\"]}]},{\"@type\":\"ImageObject\",\"inLanguage\":\"fr-FR\",\"@id\":\"https:\\\/\\\/maisonroca.ad\\\/fr\\\/boutique\\\/bague-courrier-adolfo-pop1-hermes-en-or-rose-diamants-et-saphirs-orange\\\/#primaryimage\",\"url\":\"https:\\\/\\\/maisonroca.ad\\\/wp-content\\\/uploads\\\/2024\\\/07\\\/P1-HRM-01_768E480E-D232-4A79-9C08-B6240E4F899A_1024x1024@2x.webp\",\"contentUrl\":\"https:\\\/\\\/maisonroca.ad\\\/wp-content\\\/uploads\\\/2024\\\/07\\\/P1-HRM-01_768E480E-D232-4A79-9C08-B6240E4F899A_1024x1024@2x.webp\",\"width\":876,\"height\":1087},{\"@type\":\"BreadcrumbList\",\"@id\":\"https:\\\/\\\/maisonroca.ad\\\/fr\\\/boutique\\\/bague-courrier-adolfo-pop1-hermes-en-or-rose-diamants-et-saphirs-orange\\\/#breadcrumb\",\"itemListElement\":[{\"@type\":\"ListItem\",\"position\":1,\"name\":\"Portada\",\"item\":\"https:\\\/\\\/maisonroca.ad\\\/fr\\\/\"},{\"@type\":\"ListItem\",\"position\":2,\"name\":\"Botiga\",\"item\":\"https:\\\/\\\/maisonroca.ad\\\/botiga\\\/\"},{\"@type\":\"ListItem\",\"position\":3,\"name\":\"BAGUE COURRIER ADOLFO POP1 HERM\u00c8S EN OR ROSE, DIAMANTS ET SAPHIRS ORANGE\"}]},{\"@type\":\"WebSite\",\"@id\":\"https:\\\/\\\/maisonroca.ad\\\/fr\\\/#website\",\"url\":\"https:\\\/\\\/maisonroca.ad\\\/fr\\\/\",\"name\":\"Maison Roca\",\"description\":\"Bold Luxury Life - joieria d&#039;autor - Andorra\",\"publisher\":{\"@id\":\"https:\\\/\\\/maisonroca.ad\\\/fr\\\/#organization\"},\"potentialAction\":[{\"@type\":\"SearchAction\",\"target\":{\"@type\":\"EntryPoint\",\"urlTemplate\":\"https:\\\/\\\/maisonroca.ad\\\/fr\\\/?s={search_term_string}\"},\"query-input\":{\"@type\":\"PropertyValueSpecification\",\"valueRequired\":true,\"valueName\":\"search_term_string\"}}],\"inLanguage\":\"fr-FR\"},{\"@type\":\"Organization\",\"@id\":\"https:\\\/\\\/maisonroca.ad\\\/fr\\\/#organization\",\"name\":\"Maison Roca\",\"url\":\"https:\\\/\\\/maisonroca.ad\\\/fr\\\/\",\"logo\":{\"@type\":\"ImageObject\",\"inLanguage\":\"fr-FR\",\"@id\":\"https:\\\/\\\/maisonroca.ad\\\/fr\\\/#\\\/schema\\\/logo\\\/image\\\/\",\"url\":\"https:\\\/\\\/maisonroca.ad\\\/wp-content\\\/uploads\\\/2023\\\/10\\\/icono.png\",\"contentUrl\":\"https:\\\/\\\/maisonroca.ad\\\/wp-content\\\/uploads\\\/2023\\\/10\\\/icono.png\",\"width\":512,\"height\":512,\"caption\":\"Maison Roca\"},\"image\":{\"@id\":\"https:\\\/\\\/maisonroca.ad\\\/fr\\\/#\\\/schema\\\/logo\\\/image\\\/\"},\"sameAs\":[\"https:\\\/\\\/www.facebook.com\\\/maisonroca\",\"https:\\\/\\\/www.instagram.com\\\/maisonroca\\\/\"]}]}<\/script>\n<meta property=\"product:price:amount\" content=\"6120.00\" \/>\n<meta property=\"product:price:currency\" content=\"EUR\" \/>\n<meta property=\"og:availability\" content=\"instock\" \/>\n<meta property=\"product:availability\" content=\"instock\" \/>\n<meta property=\"product:retailer_item_id\" content=\"P1-HRM-01\" \/>\n<meta property=\"product:condition\" content=\"new\" \/>\n<!-- \/ Yoast SEO Premium plugin. -->","yoast_head_json":{"title":"BAGUE COURRIER ADOLFO POP1 HERM\u00c8S EN OR ROSE, DIAMANTS ET SAPHIRS ORANGE - Maison Roca","robots":{"index":"index","follow":"follow","max-snippet":"max-snippet:-1","max-image-preview":"max-image-preview:large","max-video-preview":"max-video-preview:-1"},"canonical":"https:\/\/maisonroca.ad\/fr\/boutique\/bague-courrier-adolfo-pop1-hermes-en-or-rose-diamants-et-saphirs-orange\/","og_locale":"fr_FR","og_type":"article","og_title":"BAGUE COURRIER ADOLFO POP1 HERM\u00c8S EN OR ROSE, DIAMANTS ET SAPHIRS ORANGE","og_description":"Bague Adolfo Courrier Pop1 Herm\u00e8s en or rose, diamants et saphirs orange D\u00e9tails: Or 6,76 g 58 diamants 0,57 ct Saphir orange 0,13 ct","og_url":"https:\/\/maisonroca.ad\/fr\/boutique\/bague-courrier-adolfo-pop1-hermes-en-or-rose-diamants-et-saphirs-orange\/","og_site_name":"Maison Roca","article_publisher":"https:\/\/www.facebook.com\/maisonroca","article_modified_time":"2024-07-28T22:54:05+00:00","og_image":[{"width":876,"height":1087,"url":"https:\/\/maisonroca.ad\/wp-content\/uploads\/2024\/07\/P1-HRM-01_768E480E-D232-4A79-9C08-B6240E4F899A_1024x1024@2x.webp","type":"image\/webp"}],"twitter_card":"summary_large_image","twitter_misc":{"Prix":"6.120,00&nbsp;&euro;","Disponibilit\u00e9":"En stock"},"schema":{"@context":"https:\/\/schema.org","@graph":[{"@type":"WebPage","@id":"https:\/\/maisonroca.ad\/fr\/boutique\/bague-courrier-adolfo-pop1-hermes-en-or-rose-diamants-et-saphirs-orange\/","url":"https:\/\/maisonroca.ad\/fr\/boutique\/bague-courrier-adolfo-pop1-hermes-en-or-rose-diamants-et-saphirs-orange\/","name":"BAGUE COURRIER ADOLFO POP1 HERM\u00c8S EN OR ROSE, DIAMANTS ET SAPHIRS ORANGE - Maison Roca","isPartOf":{"@id":"https:\/\/maisonroca.ad\/fr\/#website"},"primaryImageOfPage":{"@id":"https:\/\/maisonroca.ad\/fr\/boutique\/bague-courrier-adolfo-pop1-hermes-en-or-rose-diamants-et-saphirs-orange\/#primaryimage"},"image":{"@id":"https:\/\/maisonroca.ad\/fr\/boutique\/bague-courrier-adolfo-pop1-hermes-en-or-rose-diamants-et-saphirs-orange\/#primaryimage"},"thumbnailUrl":"https:\/\/maisonroca.ad\/wp-content\/uploads\/2024\/07\/P1-HRM-01_768E480E-D232-4A79-9C08-B6240E4F899A_1024x1024@2x.webp","datePublished":"2024-07-28T21:56:03+00:00","dateModified":"2024-07-28T22:54:05+00:00","breadcrumb":{"@id":"https:\/\/maisonroca.ad\/fr\/boutique\/bague-courrier-adolfo-pop1-hermes-en-or-rose-diamants-et-saphirs-orange\/#breadcrumb"},"inLanguage":"fr-FR","potentialAction":[{"@type":"ReadAction","target":["https:\/\/maisonroca.ad\/fr\/boutique\/bague-courrier-adolfo-pop1-hermes-en-or-rose-diamants-et-saphirs-orange\/"]}]},{"@type":"ImageObject","inLanguage":"fr-FR","@id":"https:\/\/maisonroca.ad\/fr\/boutique\/bague-courrier-adolfo-pop1-hermes-en-or-rose-diamants-et-saphirs-orange\/#primaryimage","url":"https:\/\/maisonroca.ad\/wp-content\/uploads\/2024\/07\/P1-HRM-01_768E480E-D232-4A79-9C08-B6240E4F899A_1024x1024@2x.webp","contentUrl":"https:\/\/maisonroca.ad\/wp-content\/uploads\/2024\/07\/P1-HRM-01_768E480E-D232-4A79-9C08-B6240E4F899A_1024x1024@2x.webp","width":876,"height":1087},{"@type":"BreadcrumbList","@id":"https:\/\/maisonroca.ad\/fr\/boutique\/bague-courrier-adolfo-pop1-hermes-en-or-rose-diamants-et-saphirs-orange\/#breadcrumb","itemListElement":[{"@type":"ListItem","position":1,"name":"Portada","item":"https:\/\/maisonroca.ad\/fr\/"},{"@type":"ListItem","position":2,"name":"Botiga","item":"https:\/\/maisonroca.ad\/botiga\/"},{"@type":"ListItem","position":3,"name":"BAGUE COURRIER ADOLFO POP1 HERM\u00c8S EN OR ROSE, DIAMANTS ET SAPHIRS ORANGE"}]},{"@type":"WebSite","@id":"https:\/\/maisonroca.ad\/fr\/#website","url":"https:\/\/maisonroca.ad\/fr\/","name":"Maison Roca","description":"Bold Luxury Life - joieria d&#039;autor - Andorra","publisher":{"@id":"https:\/\/maisonroca.ad\/fr\/#organization"},"potentialAction":[{"@type":"SearchAction","target":{"@type":"EntryPoint","urlTemplate":"https:\/\/maisonroca.ad\/fr\/?s={search_term_string}"},"query-input":{"@type":"PropertyValueSpecification","valueRequired":true,"valueName":"search_term_string"}}],"inLanguage":"fr-FR"},{"@type":"Organization","@id":"https:\/\/maisonroca.ad\/fr\/#organization","name":"Maison Roca","url":"https:\/\/maisonroca.ad\/fr\/","logo":{"@type":"ImageObject","inLanguage":"fr-FR","@id":"https:\/\/maisonroca.ad\/fr\/#\/schema\/logo\/image\/","url":"https:\/\/maisonroca.ad\/wp-content\/uploads\/2023\/10\/icono.png","contentUrl":"https:\/\/maisonroca.ad\/wp-content\/uploads\/2023\/10\/icono.png","width":512,"height":512,"caption":"Maison Roca"},"image":{"@id":"https:\/\/maisonroca.ad\/fr\/#\/schema\/logo\/image\/"},"sameAs":["https:\/\/www.facebook.com\/maisonroca","https:\/\/www.instagram.com\/maisonroca\/"]}]},"product_price_amount":"6120.00","product_price_currency":"EUR","og_availability":"instock","product_availability":"instock","product_retailer_item_id":"P1-HRM-01","product_condition":"new"},"_links":{"self":[{"href":"https:\/\/maisonroca.ad\/fr\/wp-json\/wp\/v2\/product\/45321","targetHints":{"allow":["GET"]}}],"collection":[{"href":"https:\/\/maisonroca.ad\/fr\/wp-json\/wp\/v2\/product"}],"about":[{"href":"https:\/\/maisonroca.ad\/fr\/wp-json\/wp\/v2\/types\/product"}],"replies":[{"embeddable":true,"href":"https:\/\/maisonroca.ad\/fr\/wp-json\/wp\/v2\/comments?post=45321"}],"version-history":[{"count":0,"href":"https:\/\/maisonroca.ad\/fr\/wp-json\/wp\/v2\/product\/45321\/revisions"}],"wp:featuredmedia":[{"embeddable":true,"href":"https:\/\/maisonroca.ad\/fr\/wp-json\/wp\/v2\/media\/56760"}],"wp:attachment":[{"href":"https:\/\/maisonroca.ad\/fr\/wp-json\/wp\/v2\/media?parent=45321"}],"wp:term":[{"taxonomy":"product_brand","embeddable":true,"href":"https:\/\/maisonroca.ad\/fr\/wp-json\/wp\/v2\/product_brand?post=45321"},{"taxonomy":"product_cat","embeddable":true,"href":"https:\/\/maisonroca.ad\/fr\/wp-json\/wp\/v2\/product_cat?post=45321"},{"taxonomy":"product_tag","embeddable":true,"href":"https:\/\/maisonroca.ad\/fr\/wp-json\/wp\/v2\/product_tag?post=45321"}],"curies":[{"name":"wp","href":"https:\/\/api.w.org\/{rel}","templated":true}]}}