{"id":45322,"date":"2024-07-28T23:56:03","date_gmt":"2024-07-28T21:56:03","guid":{"rendered":"https:\/\/maisonroca.ad\/product\/bague-courrier-adolfo-pop1-hermes-en-or-rose-diamant-et-saphirs-orange\/"},"modified":"2024-12-11T18:05:51","modified_gmt":"2024-12-11T17:05:51","slug":"bague-courrier-adolfo-pop1-hermes-en-or-rose-diamant-et-saphirs-orange","status":"publish","type":"product","link":"https:\/\/maisonroca.ad\/fr\/boutique\/bague-courrier-adolfo-pop1-hermes-en-or-rose-diamant-et-saphirs-orange\/","title":{"rendered":"BAGUE COURRIER ADOLFO POP1 HERM\u00c8S EN OR ROSE, DIAMANT ET SAPHIRS ORANGE"},"content":{"rendered":"<p>Bague Adolfo Courrier Pop1 Herm\u00e8s en or rose, diamants et saphirs orange.<\/p>\n<p>D\u00e9tails:<\/p>\n<p>Or rose 18k<br \/>\nDiamants 0,09 ct<br \/>\n58 saphirs orange 0,71 ct<\/p>\n","protected":false},"excerpt":{"rendered":"<p>Bague Adolfo Courrier Pop1 Herm\u00e8s en or rose, diamants et saphirs orange. D\u00e9tails: Or rose 18k Diamants 0,09 ct 58 saphirs orange 0,71 ct<\/p>\n","protected":false},"featured_media":58279,"comment_status":"closed","ping_status":"closed","template":"","meta":{"_acf_changed":false,"_monsterinsights_skip_tracking":false,"_monsterinsights_sitenote_active":false,"_monsterinsights_sitenote_note":"","_monsterinsights_sitenote_category":0},"product_brand":[],"product_cat":[1246,1244],"product_tag":[2285,3546,2192,3391,2736],"class_list":{"0":"post-45322","1":"product","2":"type-product","3":"status-publish","4":"has-post-thumbnail","6":"product_cat-adolfo-courrier-fr","7":"product_cat-bijou","8":"product_tag-adolfo-courrier-2-2","9":"product_tag-anells-fr-2","10":"product_tag-diamants-2","11":"product_tag-or-rosa-fr","12":"product_tag-safirs-fr","14":"first","15":"instock","16":"sold-individually","17":"purchasable","18":"product-type-simple"},"acf":[],"yoast_head":"<!-- This site is optimized with the Yoast SEO Premium plugin v26.8 (Yoast SEO v27.3) - https:\/\/yoast.com\/product\/yoast-seo-premium-wordpress\/ -->\n<title>BAGUE COURRIER ADOLFO POP1 HERM\u00c8S EN OR ROSE, DIAMANT ET SAPHIRS ORANGE - Maison Roca<\/title>\n<meta name=\"robots\" content=\"index, follow, max-snippet:-1, max-image-preview:large, max-video-preview:-1\" \/>\n<link rel=\"canonical\" href=\"https:\/\/maisonroca.ad\/fr\/boutique\/bague-courrier-adolfo-pop1-hermes-en-or-rose-diamant-et-saphirs-orange\/\" \/>\n<meta property=\"og:locale\" content=\"fr_FR\" \/>\n<meta property=\"og:type\" content=\"article\" \/>\n<meta property=\"og:title\" content=\"BAGUE COURRIER ADOLFO POP1 HERM\u00c8S EN OR ROSE, DIAMANT ET SAPHIRS ORANGE\" \/>\n<meta property=\"og:description\" content=\"Bague Adolfo Courrier Pop1 Herm\u00e8s en or rose, diamants et saphirs orange. D\u00e9tails: Or rose 18k Diamants 0,09 ct 58 saphirs orange 0,71 ct\" \/>\n<meta property=\"og:url\" content=\"https:\/\/maisonroca.ad\/fr\/boutique\/bague-courrier-adolfo-pop1-hermes-en-or-rose-diamant-et-saphirs-orange\/\" \/>\n<meta property=\"og:site_name\" content=\"Maison Roca\" \/>\n<meta property=\"article:publisher\" content=\"https:\/\/www.facebook.com\/maisonroca\" \/>\n<meta property=\"article:modified_time\" content=\"2024-12-11T17:05:51+00:00\" \/>\n<meta property=\"og:image\" content=\"https:\/\/maisonroca.ad\/wp-content\/uploads\/2024\/07\/P1-HRM-02-copia.jpg\" \/>\n\t<meta property=\"og:image:width\" content=\"1890\" \/>\n\t<meta property=\"og:image:height\" content=\"1890\" \/>\n\t<meta property=\"og:image:type\" content=\"image\/jpeg\" \/>\n<meta name=\"twitter:card\" content=\"summary_large_image\" \/>\n<meta name=\"twitter:label1\" content=\"Prix\" \/>\n\t<meta name=\"twitter:data1\" content=\"5.760,00&nbsp;&euro;\" \/>\n\t<meta name=\"twitter:label2\" content=\"Disponibilit\u00e9\" \/>\n\t<meta name=\"twitter:data2\" content=\"En stock\" \/>\n<script type=\"application\/ld+json\" class=\"yoast-schema-graph\">{\"@context\":\"https:\\\/\\\/schema.org\",\"@graph\":[{\"@type\":\"WebPage\",\"@id\":\"https:\\\/\\\/maisonroca.ad\\\/fr\\\/boutique\\\/bague-courrier-adolfo-pop1-hermes-en-or-rose-diamant-et-saphirs-orange\\\/\",\"url\":\"https:\\\/\\\/maisonroca.ad\\\/fr\\\/boutique\\\/bague-courrier-adolfo-pop1-hermes-en-or-rose-diamant-et-saphirs-orange\\\/\",\"name\":\"BAGUE COURRIER ADOLFO POP1 HERM\u00c8S EN OR ROSE, DIAMANT ET SAPHIRS ORANGE - Maison Roca\",\"isPartOf\":{\"@id\":\"https:\\\/\\\/maisonroca.ad\\\/fr\\\/#website\"},\"primaryImageOfPage\":{\"@id\":\"https:\\\/\\\/maisonroca.ad\\\/fr\\\/boutique\\\/bague-courrier-adolfo-pop1-hermes-en-or-rose-diamant-et-saphirs-orange\\\/#primaryimage\"},\"image\":{\"@id\":\"https:\\\/\\\/maisonroca.ad\\\/fr\\\/boutique\\\/bague-courrier-adolfo-pop1-hermes-en-or-rose-diamant-et-saphirs-orange\\\/#primaryimage\"},\"thumbnailUrl\":\"https:\\\/\\\/maisonroca.ad\\\/wp-content\\\/uploads\\\/2024\\\/07\\\/P1-HRM-02-copia.jpg\",\"datePublished\":\"2024-07-28T21:56:03+00:00\",\"dateModified\":\"2024-12-11T17:05:51+00:00\",\"breadcrumb\":{\"@id\":\"https:\\\/\\\/maisonroca.ad\\\/fr\\\/boutique\\\/bague-courrier-adolfo-pop1-hermes-en-or-rose-diamant-et-saphirs-orange\\\/#breadcrumb\"},\"inLanguage\":\"fr-FR\",\"potentialAction\":[{\"@type\":\"ReadAction\",\"target\":[\"https:\\\/\\\/maisonroca.ad\\\/fr\\\/boutique\\\/bague-courrier-adolfo-pop1-hermes-en-or-rose-diamant-et-saphirs-orange\\\/\"]}]},{\"@type\":\"ImageObject\",\"inLanguage\":\"fr-FR\",\"@id\":\"https:\\\/\\\/maisonroca.ad\\\/fr\\\/boutique\\\/bague-courrier-adolfo-pop1-hermes-en-or-rose-diamant-et-saphirs-orange\\\/#primaryimage\",\"url\":\"https:\\\/\\\/maisonroca.ad\\\/wp-content\\\/uploads\\\/2024\\\/07\\\/P1-HRM-02-copia.jpg\",\"contentUrl\":\"https:\\\/\\\/maisonroca.ad\\\/wp-content\\\/uploads\\\/2024\\\/07\\\/P1-HRM-02-copia.jpg\",\"width\":1890,\"height\":1890},{\"@type\":\"BreadcrumbList\",\"@id\":\"https:\\\/\\\/maisonroca.ad\\\/fr\\\/boutique\\\/bague-courrier-adolfo-pop1-hermes-en-or-rose-diamant-et-saphirs-orange\\\/#breadcrumb\",\"itemListElement\":[{\"@type\":\"ListItem\",\"position\":1,\"name\":\"Portada\",\"item\":\"https:\\\/\\\/maisonroca.ad\\\/fr\\\/\"},{\"@type\":\"ListItem\",\"position\":2,\"name\":\"Botiga\",\"item\":\"https:\\\/\\\/maisonroca.ad\\\/botiga\\\/\"},{\"@type\":\"ListItem\",\"position\":3,\"name\":\"BAGUE COURRIER ADOLFO POP1 HERM\u00c8S EN OR ROSE, DIAMANT ET SAPHIRS ORANGE\"}]},{\"@type\":\"WebSite\",\"@id\":\"https:\\\/\\\/maisonroca.ad\\\/fr\\\/#website\",\"url\":\"https:\\\/\\\/maisonroca.ad\\\/fr\\\/\",\"name\":\"Maison Roca\",\"description\":\"Bold Luxury Life - joieria d&#039;autor - Andorra\",\"publisher\":{\"@id\":\"https:\\\/\\\/maisonroca.ad\\\/fr\\\/#organization\"},\"potentialAction\":[{\"@type\":\"SearchAction\",\"target\":{\"@type\":\"EntryPoint\",\"urlTemplate\":\"https:\\\/\\\/maisonroca.ad\\\/fr\\\/?s={search_term_string}\"},\"query-input\":{\"@type\":\"PropertyValueSpecification\",\"valueRequired\":true,\"valueName\":\"search_term_string\"}}],\"inLanguage\":\"fr-FR\"},{\"@type\":\"Organization\",\"@id\":\"https:\\\/\\\/maisonroca.ad\\\/fr\\\/#organization\",\"name\":\"Maison Roca\",\"url\":\"https:\\\/\\\/maisonroca.ad\\\/fr\\\/\",\"logo\":{\"@type\":\"ImageObject\",\"inLanguage\":\"fr-FR\",\"@id\":\"https:\\\/\\\/maisonroca.ad\\\/fr\\\/#\\\/schema\\\/logo\\\/image\\\/\",\"url\":\"https:\\\/\\\/maisonroca.ad\\\/wp-content\\\/uploads\\\/2023\\\/10\\\/icono.png\",\"contentUrl\":\"https:\\\/\\\/maisonroca.ad\\\/wp-content\\\/uploads\\\/2023\\\/10\\\/icono.png\",\"width\":512,\"height\":512,\"caption\":\"Maison Roca\"},\"image\":{\"@id\":\"https:\\\/\\\/maisonroca.ad\\\/fr\\\/#\\\/schema\\\/logo\\\/image\\\/\"},\"sameAs\":[\"https:\\\/\\\/www.facebook.com\\\/maisonroca\",\"https:\\\/\\\/www.instagram.com\\\/maisonroca\\\/\"]}]}<\/script>\n<meta property=\"product:price:amount\" content=\"5760.00\" \/>\n<meta property=\"product:price:currency\" content=\"EUR\" \/>\n<meta property=\"og:availability\" content=\"instock\" \/>\n<meta property=\"product:availability\" content=\"instock\" \/>\n<meta property=\"product:retailer_item_id\" content=\"P1-HRM-02\" \/>\n<meta property=\"product:condition\" content=\"new\" \/>\n<!-- \/ Yoast SEO Premium plugin. -->","yoast_head_json":{"title":"BAGUE COURRIER ADOLFO POP1 HERM\u00c8S EN OR ROSE, DIAMANT ET SAPHIRS ORANGE - Maison Roca","robots":{"index":"index","follow":"follow","max-snippet":"max-snippet:-1","max-image-preview":"max-image-preview:large","max-video-preview":"max-video-preview:-1"},"canonical":"https:\/\/maisonroca.ad\/fr\/boutique\/bague-courrier-adolfo-pop1-hermes-en-or-rose-diamant-et-saphirs-orange\/","og_locale":"fr_FR","og_type":"article","og_title":"BAGUE COURRIER ADOLFO POP1 HERM\u00c8S EN OR ROSE, DIAMANT ET SAPHIRS ORANGE","og_description":"Bague Adolfo Courrier Pop1 Herm\u00e8s en or rose, diamants et saphirs orange. D\u00e9tails: Or rose 18k Diamants 0,09 ct 58 saphirs orange 0,71 ct","og_url":"https:\/\/maisonroca.ad\/fr\/boutique\/bague-courrier-adolfo-pop1-hermes-en-or-rose-diamant-et-saphirs-orange\/","og_site_name":"Maison Roca","article_publisher":"https:\/\/www.facebook.com\/maisonroca","article_modified_time":"2024-12-11T17:05:51+00:00","og_image":[{"width":1890,"height":1890,"url":"https:\/\/maisonroca.ad\/wp-content\/uploads\/2024\/07\/P1-HRM-02-copia.jpg","type":"image\/jpeg"}],"twitter_card":"summary_large_image","twitter_misc":{"Prix":"5.760,00&nbsp;&euro;","Disponibilit\u00e9":"En stock"},"schema":{"@context":"https:\/\/schema.org","@graph":[{"@type":"WebPage","@id":"https:\/\/maisonroca.ad\/fr\/boutique\/bague-courrier-adolfo-pop1-hermes-en-or-rose-diamant-et-saphirs-orange\/","url":"https:\/\/maisonroca.ad\/fr\/boutique\/bague-courrier-adolfo-pop1-hermes-en-or-rose-diamant-et-saphirs-orange\/","name":"BAGUE COURRIER ADOLFO POP1 HERM\u00c8S EN OR ROSE, DIAMANT ET SAPHIRS ORANGE - Maison Roca","isPartOf":{"@id":"https:\/\/maisonroca.ad\/fr\/#website"},"primaryImageOfPage":{"@id":"https:\/\/maisonroca.ad\/fr\/boutique\/bague-courrier-adolfo-pop1-hermes-en-or-rose-diamant-et-saphirs-orange\/#primaryimage"},"image":{"@id":"https:\/\/maisonroca.ad\/fr\/boutique\/bague-courrier-adolfo-pop1-hermes-en-or-rose-diamant-et-saphirs-orange\/#primaryimage"},"thumbnailUrl":"https:\/\/maisonroca.ad\/wp-content\/uploads\/2024\/07\/P1-HRM-02-copia.jpg","datePublished":"2024-07-28T21:56:03+00:00","dateModified":"2024-12-11T17:05:51+00:00","breadcrumb":{"@id":"https:\/\/maisonroca.ad\/fr\/boutique\/bague-courrier-adolfo-pop1-hermes-en-or-rose-diamant-et-saphirs-orange\/#breadcrumb"},"inLanguage":"fr-FR","potentialAction":[{"@type":"ReadAction","target":["https:\/\/maisonroca.ad\/fr\/boutique\/bague-courrier-adolfo-pop1-hermes-en-or-rose-diamant-et-saphirs-orange\/"]}]},{"@type":"ImageObject","inLanguage":"fr-FR","@id":"https:\/\/maisonroca.ad\/fr\/boutique\/bague-courrier-adolfo-pop1-hermes-en-or-rose-diamant-et-saphirs-orange\/#primaryimage","url":"https:\/\/maisonroca.ad\/wp-content\/uploads\/2024\/07\/P1-HRM-02-copia.jpg","contentUrl":"https:\/\/maisonroca.ad\/wp-content\/uploads\/2024\/07\/P1-HRM-02-copia.jpg","width":1890,"height":1890},{"@type":"BreadcrumbList","@id":"https:\/\/maisonroca.ad\/fr\/boutique\/bague-courrier-adolfo-pop1-hermes-en-or-rose-diamant-et-saphirs-orange\/#breadcrumb","itemListElement":[{"@type":"ListItem","position":1,"name":"Portada","item":"https:\/\/maisonroca.ad\/fr\/"},{"@type":"ListItem","position":2,"name":"Botiga","item":"https:\/\/maisonroca.ad\/botiga\/"},{"@type":"ListItem","position":3,"name":"BAGUE COURRIER ADOLFO POP1 HERM\u00c8S EN OR ROSE, DIAMANT ET SAPHIRS ORANGE"}]},{"@type":"WebSite","@id":"https:\/\/maisonroca.ad\/fr\/#website","url":"https:\/\/maisonroca.ad\/fr\/","name":"Maison Roca","description":"Bold Luxury Life - joieria d&#039;autor - Andorra","publisher":{"@id":"https:\/\/maisonroca.ad\/fr\/#organization"},"potentialAction":[{"@type":"SearchAction","target":{"@type":"EntryPoint","urlTemplate":"https:\/\/maisonroca.ad\/fr\/?s={search_term_string}"},"query-input":{"@type":"PropertyValueSpecification","valueRequired":true,"valueName":"search_term_string"}}],"inLanguage":"fr-FR"},{"@type":"Organization","@id":"https:\/\/maisonroca.ad\/fr\/#organization","name":"Maison Roca","url":"https:\/\/maisonroca.ad\/fr\/","logo":{"@type":"ImageObject","inLanguage":"fr-FR","@id":"https:\/\/maisonroca.ad\/fr\/#\/schema\/logo\/image\/","url":"https:\/\/maisonroca.ad\/wp-content\/uploads\/2023\/10\/icono.png","contentUrl":"https:\/\/maisonroca.ad\/wp-content\/uploads\/2023\/10\/icono.png","width":512,"height":512,"caption":"Maison Roca"},"image":{"@id":"https:\/\/maisonroca.ad\/fr\/#\/schema\/logo\/image\/"},"sameAs":["https:\/\/www.facebook.com\/maisonroca","https:\/\/www.instagram.com\/maisonroca\/"]}]},"product_price_amount":"5760.00","product_price_currency":"EUR","og_availability":"instock","product_availability":"instock","product_retailer_item_id":"P1-HRM-02","product_condition":"new"},"_links":{"self":[{"href":"https:\/\/maisonroca.ad\/fr\/wp-json\/wp\/v2\/product\/45322","targetHints":{"allow":["GET"]}}],"collection":[{"href":"https:\/\/maisonroca.ad\/fr\/wp-json\/wp\/v2\/product"}],"about":[{"href":"https:\/\/maisonroca.ad\/fr\/wp-json\/wp\/v2\/types\/product"}],"replies":[{"embeddable":true,"href":"https:\/\/maisonroca.ad\/fr\/wp-json\/wp\/v2\/comments?post=45322"}],"version-history":[{"count":2,"href":"https:\/\/maisonroca.ad\/fr\/wp-json\/wp\/v2\/product\/45322\/revisions"}],"predecessor-version":[{"id":67224,"href":"https:\/\/maisonroca.ad\/fr\/wp-json\/wp\/v2\/product\/45322\/revisions\/67224"}],"wp:featuredmedia":[{"embeddable":true,"href":"https:\/\/maisonroca.ad\/fr\/wp-json\/wp\/v2\/media\/58279"}],"wp:attachment":[{"href":"https:\/\/maisonroca.ad\/fr\/wp-json\/wp\/v2\/media?parent=45322"}],"wp:term":[{"taxonomy":"product_brand","embeddable":true,"href":"https:\/\/maisonroca.ad\/fr\/wp-json\/wp\/v2\/product_brand?post=45322"},{"taxonomy":"product_cat","embeddable":true,"href":"https:\/\/maisonroca.ad\/fr\/wp-json\/wp\/v2\/product_cat?post=45322"},{"taxonomy":"product_tag","embeddable":true,"href":"https:\/\/maisonroca.ad\/fr\/wp-json\/wp\/v2\/product_tag?post=45322"}],"curies":[{"name":"wp","href":"https:\/\/api.w.org\/{rel}","templated":true}]}}