{"id":45467,"date":"2024-07-28T23:56:48","date_gmt":"2024-07-28T21:56:48","guid":{"rendered":"https:\/\/maisonroca.ad\/product\/montre-bell-ross-br0392-automatique-de-42-mm-en-ceramique-et-diamant\/"},"modified":"2026-02-20T16:29:03","modified_gmt":"2026-02-20T15:29:03","slug":"montre-bell-ross-br0392-automatique-de-42-mm-en-ceramique-et-diamant","status":"publish","type":"product","link":"https:\/\/maisonroca.ad\/fr\/boutique\/montre-bell-ross-br0392-automatique-de-42-mm-en-ceramique-et-diamant\/","title":{"rendered":"MONTRE BELL &#038; ROSS BR0392 AUTOMATIQUE DE 42 MM EN C\u00c9RAMIQUE ET DIAMANT"},"content":{"rendered":"<p>La Bell &amp; Ross BR 03-92 r\u00e9invente l\u2019expression de l\u2019\u00e9l\u00e9gance contemporaine au sein de l\u2019embl\u00e9matique collection BR-03, en associant sophistication raffin\u00e9e et esth\u00e9tique carr\u00e9e iconique inspir\u00e9e des instruments a\u00e9ronautiques.<\/p>\n<p>Son bo\u00eetier en acier et c\u00e9ramique blanche de 42 mm conserve la pr\u00e9sence puissante et technique caract\u00e9ristique de Bell &amp; Ross, tandis que la lunette sertie de diamants apporte une touche de luxe subtile mais distinctive. Le cadran en nacre naturelle offre une texture organique et une luminosit\u00e9 unique, attirant le regard sous tous les angles.<\/p>\n<p>\u00c9quip\u00e9 du mouvement automatique BR-CAL.302, ce mod\u00e8le affiche les heures, minutes, secondes centrales et la date avec une excellente lisibilit\u00e9, \u00e9quilibrant fonctionnalit\u00e9 et esth\u00e9tique. Le contraste entre la c\u00e9ramique blanche, l\u2019acier poli et la nacre cr\u00e9e une pr\u00e9sence visuelle \u00e9l\u00e9gante et contemporaine, pens\u00e9e aussi bien pour les occasions formelles que pour ceux qui recherchent une pi\u00e8ce distinctive et raffin\u00e9e dans la collection.<\/p>\n<p>Cette BR 03-92 associe tradition horlog\u00e8re et luxe discret, id\u00e9ale pour ceux qui appr\u00e9cient la pr\u00e9cision, le design et les d\u00e9tails exclusifs.<\/p>\n<p>D\u00e9tails :<br \/>\n\u2022 Bo\u00eetier en acier et c\u00e9ramique blanche de 42 mm<br \/>\n\u2022 Lunette sertie de diamants<br \/>\n\u2022 Cadran en nacre<br \/>\n\u2022 Fonctions heures, minutes, secondes centrales et date<br \/>\n\u2022 Mouvement automatique BR-CAL.302<br \/>\n\u2022 \u00c9tanch\u00e9it\u00e9 : 100 m<br \/>\n\u2022 Bracelet en caoutchouc blanc<\/p>\n","protected":false},"excerpt":{"rendered":"<p>La Bell &amp; Ross BR 03-92 r\u00e9invente l\u2019expression de l\u2019\u00e9l\u00e9gance contemporaine au sein de l\u2019embl\u00e9matique collection BR-03, en associant sophistication raffin\u00e9e et esth\u00e9tique carr\u00e9e iconique inspir\u00e9e des instruments a\u00e9ronautiques. Son bo\u00eetier en acier et c\u00e9ramique blanche de 42 mm conserve la pr\u00e9sence puissante et technique caract\u00e9ristique de Bell &amp; Ross, tandis que la lunette sertie [&hellip;]<\/p>\n","protected":false},"featured_media":54309,"comment_status":"closed","ping_status":"closed","template":"","meta":{"_acf_changed":false,"_monsterinsights_skip_tracking":false,"_monsterinsights_sitenote_active":false,"_monsterinsights_sitenote_note":"","_monsterinsights_sitenote_category":0},"product_brand":[],"product_cat":[1249,1245],"product_tag":[2450,2887,2889,2438,2916,2457,2192,2680,2310,4082],"class_list":{"0":"post-45467","1":"product","2":"type-product","3":"status-publish","4":"has-post-thumbnail","6":"product_cat-bell-ross-fr","7":"product_cat-montres","8":"product_tag-42-mm-2-3","9":"product_tag-acer-fr","10":"product_tag-automatic-fr","11":"product_tag-bell-ross-3-2","12":"product_tag-cautxu-fr","13":"product_tag-de-100-a-300-metres-2","14":"product_tag-diamants-2","15":"product_tag-dona-fr","16":"product_tag-nacre-2","17":"product_tag-rellotge","19":"first","20":"instock","21":"sold-individually","22":"purchasable","23":"product-type-simple"},"acf":[],"yoast_head":"<!-- This site is optimized with the Yoast SEO Premium plugin v26.8 (Yoast SEO v27.4) - https:\/\/yoast.com\/product\/yoast-seo-premium-wordpress\/ -->\n<title>MONTRE BELL &amp; ROSS BR0392 AUTOMATIQUE DE 42 MM EN C\u00c9RAMIQUE ET DIAMANT - Maison Roca<\/title>\n<meta name=\"robots\" content=\"index, follow, max-snippet:-1, max-image-preview:large, max-video-preview:-1\" \/>\n<link rel=\"canonical\" href=\"https:\/\/maisonroca.ad\/fr\/boutique\/montre-bell-ross-br0392-automatique-de-42-mm-en-ceramique-et-diamant\/\" \/>\n<meta property=\"og:locale\" content=\"fr_FR\" \/>\n<meta property=\"og:type\" content=\"article\" \/>\n<meta property=\"og:title\" content=\"MONTRE BELL &amp; ROSS BR0392 AUTOMATIQUE DE 42 MM EN C\u00c9RAMIQUE ET DIAMANT\" \/>\n<meta property=\"og:description\" content=\"La Bell &amp; Ross BR 03-92 r\u00e9invente l\u2019expression de l\u2019\u00e9l\u00e9gance contemporaine au sein de l\u2019embl\u00e9matique collection BR-03, en associant sophistication raffin\u00e9e et esth\u00e9tique carr\u00e9e iconique inspir\u00e9e des instruments a\u00e9ronautiques. Son bo\u00eetier en acier et c\u00e9ramique blanche de 42 mm conserve la pr\u00e9sence puissante et technique caract\u00e9ristique de Bell &amp; Ross, tandis que la lunette sertie [&hellip;]\" \/>\n<meta property=\"og:url\" content=\"https:\/\/maisonroca.ad\/fr\/boutique\/montre-bell-ross-br0392-automatique-de-42-mm-en-ceramique-et-diamant\/\" \/>\n<meta property=\"og:site_name\" content=\"Maison Roca\" \/>\n<meta property=\"article:publisher\" content=\"https:\/\/www.facebook.com\/maisonroca\" \/>\n<meta property=\"article:modified_time\" content=\"2026-02-20T15:29:03+00:00\" \/>\n<meta property=\"og:image\" content=\"https:\/\/maisonroca.ad\/wp-content\/uploads\/2024\/07\/BR0392-WH-C-D-SRB.png\" \/>\n\t<meta property=\"og:image:width\" content=\"1080\" \/>\n\t<meta property=\"og:image:height\" content=\"1080\" \/>\n\t<meta property=\"og:image:type\" content=\"image\/png\" \/>\n<meta name=\"twitter:card\" content=\"summary_large_image\" \/>\n<meta name=\"twitter:label1\" content=\"Prix\" \/>\n\t<meta name=\"twitter:data1\" content=\"4.250,00&nbsp;&euro;\" \/>\n\t<meta name=\"twitter:label2\" content=\"Disponibilit\u00e9\" \/>\n\t<meta name=\"twitter:data2\" content=\"En stock\" \/>\n<script type=\"application\/ld+json\" class=\"yoast-schema-graph\">{\"@context\":\"https:\\\/\\\/schema.org\",\"@graph\":[{\"@type\":\"WebPage\",\"@id\":\"https:\\\/\\\/maisonroca.ad\\\/fr\\\/boutique\\\/montre-bell-ross-br0392-automatique-de-42-mm-en-ceramique-et-diamant\\\/\",\"url\":\"https:\\\/\\\/maisonroca.ad\\\/fr\\\/boutique\\\/montre-bell-ross-br0392-automatique-de-42-mm-en-ceramique-et-diamant\\\/\",\"name\":\"MONTRE BELL & ROSS BR0392 AUTOMATIQUE DE 42 MM EN C\u00c9RAMIQUE ET DIAMANT - Maison Roca\",\"isPartOf\":{\"@id\":\"https:\\\/\\\/maisonroca.ad\\\/fr\\\/#website\"},\"primaryImageOfPage\":{\"@id\":\"https:\\\/\\\/maisonroca.ad\\\/fr\\\/boutique\\\/montre-bell-ross-br0392-automatique-de-42-mm-en-ceramique-et-diamant\\\/#primaryimage\"},\"image\":{\"@id\":\"https:\\\/\\\/maisonroca.ad\\\/fr\\\/boutique\\\/montre-bell-ross-br0392-automatique-de-42-mm-en-ceramique-et-diamant\\\/#primaryimage\"},\"thumbnailUrl\":\"https:\\\/\\\/maisonroca.ad\\\/wp-content\\\/uploads\\\/2024\\\/07\\\/BR0392-WH-C-D-SRB.png\",\"datePublished\":\"2024-07-28T21:56:48+00:00\",\"dateModified\":\"2026-02-20T15:29:03+00:00\",\"breadcrumb\":{\"@id\":\"https:\\\/\\\/maisonroca.ad\\\/fr\\\/boutique\\\/montre-bell-ross-br0392-automatique-de-42-mm-en-ceramique-et-diamant\\\/#breadcrumb\"},\"inLanguage\":\"fr-FR\",\"potentialAction\":[{\"@type\":\"ReadAction\",\"target\":[\"https:\\\/\\\/maisonroca.ad\\\/fr\\\/boutique\\\/montre-bell-ross-br0392-automatique-de-42-mm-en-ceramique-et-diamant\\\/\"]}]},{\"@type\":\"ImageObject\",\"inLanguage\":\"fr-FR\",\"@id\":\"https:\\\/\\\/maisonroca.ad\\\/fr\\\/boutique\\\/montre-bell-ross-br0392-automatique-de-42-mm-en-ceramique-et-diamant\\\/#primaryimage\",\"url\":\"https:\\\/\\\/maisonroca.ad\\\/wp-content\\\/uploads\\\/2024\\\/07\\\/BR0392-WH-C-D-SRB.png\",\"contentUrl\":\"https:\\\/\\\/maisonroca.ad\\\/wp-content\\\/uploads\\\/2024\\\/07\\\/BR0392-WH-C-D-SRB.png\",\"width\":1080,\"height\":1080},{\"@type\":\"BreadcrumbList\",\"@id\":\"https:\\\/\\\/maisonroca.ad\\\/fr\\\/boutique\\\/montre-bell-ross-br0392-automatique-de-42-mm-en-ceramique-et-diamant\\\/#breadcrumb\",\"itemListElement\":[{\"@type\":\"ListItem\",\"position\":1,\"name\":\"Portada\",\"item\":\"https:\\\/\\\/maisonroca.ad\\\/fr\\\/\"},{\"@type\":\"ListItem\",\"position\":2,\"name\":\"Botiga\",\"item\":\"https:\\\/\\\/maisonroca.ad\\\/botiga\\\/\"},{\"@type\":\"ListItem\",\"position\":3,\"name\":\"MONTRE BELL &#038; ROSS BR0392 AUTOMATIQUE DE 42 MM EN C\u00c9RAMIQUE ET DIAMANT\"}]},{\"@type\":\"WebSite\",\"@id\":\"https:\\\/\\\/maisonroca.ad\\\/fr\\\/#website\",\"url\":\"https:\\\/\\\/maisonroca.ad\\\/fr\\\/\",\"name\":\"Maison Roca\",\"description\":\"Bold Luxury Life - joieria d&#039;autor - Andorra\",\"publisher\":{\"@id\":\"https:\\\/\\\/maisonroca.ad\\\/fr\\\/#organization\"},\"potentialAction\":[{\"@type\":\"SearchAction\",\"target\":{\"@type\":\"EntryPoint\",\"urlTemplate\":\"https:\\\/\\\/maisonroca.ad\\\/fr\\\/?s={search_term_string}\"},\"query-input\":{\"@type\":\"PropertyValueSpecification\",\"valueRequired\":true,\"valueName\":\"search_term_string\"}}],\"inLanguage\":\"fr-FR\"},{\"@type\":\"Organization\",\"@id\":\"https:\\\/\\\/maisonroca.ad\\\/fr\\\/#organization\",\"name\":\"Maison Roca\",\"url\":\"https:\\\/\\\/maisonroca.ad\\\/fr\\\/\",\"logo\":{\"@type\":\"ImageObject\",\"inLanguage\":\"fr-FR\",\"@id\":\"https:\\\/\\\/maisonroca.ad\\\/fr\\\/#\\\/schema\\\/logo\\\/image\\\/\",\"url\":\"https:\\\/\\\/maisonroca.ad\\\/wp-content\\\/uploads\\\/2023\\\/10\\\/icono.png\",\"contentUrl\":\"https:\\\/\\\/maisonroca.ad\\\/wp-content\\\/uploads\\\/2023\\\/10\\\/icono.png\",\"width\":512,\"height\":512,\"caption\":\"Maison Roca\"},\"image\":{\"@id\":\"https:\\\/\\\/maisonroca.ad\\\/fr\\\/#\\\/schema\\\/logo\\\/image\\\/\"},\"sameAs\":[\"https:\\\/\\\/www.facebook.com\\\/maisonroca\",\"https:\\\/\\\/www.instagram.com\\\/maisonroca\\\/\"]}]}<\/script>\n<meta property=\"product:price:amount\" content=\"4250.00\" \/>\n<meta property=\"product:price:currency\" content=\"EUR\" \/>\n<meta property=\"og:availability\" content=\"instock\" \/>\n<meta property=\"product:availability\" content=\"instock\" \/>\n<meta property=\"product:retailer_item_id\" content=\"BR0392-WH-C-D\/SRB\" \/>\n<meta property=\"product:condition\" content=\"new\" \/>\n<!-- \/ Yoast SEO Premium plugin. -->","yoast_head_json":{"title":"MONTRE BELL & ROSS BR0392 AUTOMATIQUE DE 42 MM EN C\u00c9RAMIQUE ET DIAMANT - Maison Roca","robots":{"index":"index","follow":"follow","max-snippet":"max-snippet:-1","max-image-preview":"max-image-preview:large","max-video-preview":"max-video-preview:-1"},"canonical":"https:\/\/maisonroca.ad\/fr\/boutique\/montre-bell-ross-br0392-automatique-de-42-mm-en-ceramique-et-diamant\/","og_locale":"fr_FR","og_type":"article","og_title":"MONTRE BELL & ROSS BR0392 AUTOMATIQUE DE 42 MM EN C\u00c9RAMIQUE ET DIAMANT","og_description":"La Bell &amp; Ross BR 03-92 r\u00e9invente l\u2019expression de l\u2019\u00e9l\u00e9gance contemporaine au sein de l\u2019embl\u00e9matique collection BR-03, en associant sophistication raffin\u00e9e et esth\u00e9tique carr\u00e9e iconique inspir\u00e9e des instruments a\u00e9ronautiques. Son bo\u00eetier en acier et c\u00e9ramique blanche de 42 mm conserve la pr\u00e9sence puissante et technique caract\u00e9ristique de Bell &amp; Ross, tandis que la lunette sertie [&hellip;]","og_url":"https:\/\/maisonroca.ad\/fr\/boutique\/montre-bell-ross-br0392-automatique-de-42-mm-en-ceramique-et-diamant\/","og_site_name":"Maison Roca","article_publisher":"https:\/\/www.facebook.com\/maisonroca","article_modified_time":"2026-02-20T15:29:03+00:00","og_image":[{"width":1080,"height":1080,"url":"https:\/\/maisonroca.ad\/wp-content\/uploads\/2024\/07\/BR0392-WH-C-D-SRB.png","type":"image\/png"}],"twitter_card":"summary_large_image","twitter_misc":{"Prix":"4.250,00&nbsp;&euro;","Disponibilit\u00e9":"En stock"},"schema":{"@context":"https:\/\/schema.org","@graph":[{"@type":"WebPage","@id":"https:\/\/maisonroca.ad\/fr\/boutique\/montre-bell-ross-br0392-automatique-de-42-mm-en-ceramique-et-diamant\/","url":"https:\/\/maisonroca.ad\/fr\/boutique\/montre-bell-ross-br0392-automatique-de-42-mm-en-ceramique-et-diamant\/","name":"MONTRE BELL & ROSS BR0392 AUTOMATIQUE DE 42 MM EN C\u00c9RAMIQUE ET DIAMANT - Maison Roca","isPartOf":{"@id":"https:\/\/maisonroca.ad\/fr\/#website"},"primaryImageOfPage":{"@id":"https:\/\/maisonroca.ad\/fr\/boutique\/montre-bell-ross-br0392-automatique-de-42-mm-en-ceramique-et-diamant\/#primaryimage"},"image":{"@id":"https:\/\/maisonroca.ad\/fr\/boutique\/montre-bell-ross-br0392-automatique-de-42-mm-en-ceramique-et-diamant\/#primaryimage"},"thumbnailUrl":"https:\/\/maisonroca.ad\/wp-content\/uploads\/2024\/07\/BR0392-WH-C-D-SRB.png","datePublished":"2024-07-28T21:56:48+00:00","dateModified":"2026-02-20T15:29:03+00:00","breadcrumb":{"@id":"https:\/\/maisonroca.ad\/fr\/boutique\/montre-bell-ross-br0392-automatique-de-42-mm-en-ceramique-et-diamant\/#breadcrumb"},"inLanguage":"fr-FR","potentialAction":[{"@type":"ReadAction","target":["https:\/\/maisonroca.ad\/fr\/boutique\/montre-bell-ross-br0392-automatique-de-42-mm-en-ceramique-et-diamant\/"]}]},{"@type":"ImageObject","inLanguage":"fr-FR","@id":"https:\/\/maisonroca.ad\/fr\/boutique\/montre-bell-ross-br0392-automatique-de-42-mm-en-ceramique-et-diamant\/#primaryimage","url":"https:\/\/maisonroca.ad\/wp-content\/uploads\/2024\/07\/BR0392-WH-C-D-SRB.png","contentUrl":"https:\/\/maisonroca.ad\/wp-content\/uploads\/2024\/07\/BR0392-WH-C-D-SRB.png","width":1080,"height":1080},{"@type":"BreadcrumbList","@id":"https:\/\/maisonroca.ad\/fr\/boutique\/montre-bell-ross-br0392-automatique-de-42-mm-en-ceramique-et-diamant\/#breadcrumb","itemListElement":[{"@type":"ListItem","position":1,"name":"Portada","item":"https:\/\/maisonroca.ad\/fr\/"},{"@type":"ListItem","position":2,"name":"Botiga","item":"https:\/\/maisonroca.ad\/botiga\/"},{"@type":"ListItem","position":3,"name":"MONTRE BELL &#038; ROSS BR0392 AUTOMATIQUE DE 42 MM EN C\u00c9RAMIQUE ET DIAMANT"}]},{"@type":"WebSite","@id":"https:\/\/maisonroca.ad\/fr\/#website","url":"https:\/\/maisonroca.ad\/fr\/","name":"Maison Roca","description":"Bold Luxury Life - joieria d&#039;autor - Andorra","publisher":{"@id":"https:\/\/maisonroca.ad\/fr\/#organization"},"potentialAction":[{"@type":"SearchAction","target":{"@type":"EntryPoint","urlTemplate":"https:\/\/maisonroca.ad\/fr\/?s={search_term_string}"},"query-input":{"@type":"PropertyValueSpecification","valueRequired":true,"valueName":"search_term_string"}}],"inLanguage":"fr-FR"},{"@type":"Organization","@id":"https:\/\/maisonroca.ad\/fr\/#organization","name":"Maison Roca","url":"https:\/\/maisonroca.ad\/fr\/","logo":{"@type":"ImageObject","inLanguage":"fr-FR","@id":"https:\/\/maisonroca.ad\/fr\/#\/schema\/logo\/image\/","url":"https:\/\/maisonroca.ad\/wp-content\/uploads\/2023\/10\/icono.png","contentUrl":"https:\/\/maisonroca.ad\/wp-content\/uploads\/2023\/10\/icono.png","width":512,"height":512,"caption":"Maison Roca"},"image":{"@id":"https:\/\/maisonroca.ad\/fr\/#\/schema\/logo\/image\/"},"sameAs":["https:\/\/www.facebook.com\/maisonroca","https:\/\/www.instagram.com\/maisonroca\/"]}]},"product_price_amount":"4250.00","product_price_currency":"EUR","og_availability":"instock","product_availability":"instock","product_retailer_item_id":"BR0392-WH-C-D\/SRB","product_condition":"new"},"_links":{"self":[{"href":"https:\/\/maisonroca.ad\/fr\/wp-json\/wp\/v2\/product\/45467","targetHints":{"allow":["GET"]}}],"collection":[{"href":"https:\/\/maisonroca.ad\/fr\/wp-json\/wp\/v2\/product"}],"about":[{"href":"https:\/\/maisonroca.ad\/fr\/wp-json\/wp\/v2\/types\/product"}],"replies":[{"embeddable":true,"href":"https:\/\/maisonroca.ad\/fr\/wp-json\/wp\/v2\/comments?post=45467"}],"version-history":[{"count":1,"href":"https:\/\/maisonroca.ad\/fr\/wp-json\/wp\/v2\/product\/45467\/revisions"}],"predecessor-version":[{"id":84208,"href":"https:\/\/maisonroca.ad\/fr\/wp-json\/wp\/v2\/product\/45467\/revisions\/84208"}],"wp:featuredmedia":[{"embeddable":true,"href":"https:\/\/maisonroca.ad\/fr\/wp-json\/wp\/v2\/media\/54309"}],"wp:attachment":[{"href":"https:\/\/maisonroca.ad\/fr\/wp-json\/wp\/v2\/media?parent=45467"}],"wp:term":[{"taxonomy":"product_brand","embeddable":true,"href":"https:\/\/maisonroca.ad\/fr\/wp-json\/wp\/v2\/product_brand?post=45467"},{"taxonomy":"product_cat","embeddable":true,"href":"https:\/\/maisonroca.ad\/fr\/wp-json\/wp\/v2\/product_cat?post=45467"},{"taxonomy":"product_tag","embeddable":true,"href":"https:\/\/maisonroca.ad\/fr\/wp-json\/wp\/v2\/product_tag?post=45467"}],"curies":[{"name":"wp","href":"https:\/\/api.w.org\/{rel}","templated":true}]}}