{"id":45474,"date":"2024-07-28T23:56:48","date_gmt":"2024-07-28T21:56:48","guid":{"rendered":"https:\/\/maisonroca.ad\/product\/montre-bell-ross-br0392-automatique-camo-de-42-mm-en-ceramique-et-cuir\/"},"modified":"2024-07-29T00:59:36","modified_gmt":"2024-07-28T22:59:36","slug":"montre-bell-ross-br0392-automatique-camo-de-42-mm-en-ceramique-et-cuir","status":"publish","type":"product","link":"https:\/\/maisonroca.ad\/fr\/boutique\/montre-bell-ross-br0392-automatique-camo-de-42-mm-en-ceramique-et-cuir\/","title":{"rendered":"MONTRE BELL &#038; ROSS BR0392 AUTOMATIQUE CAMO DE 42 MM EN C\u00c9RAMIQUE ET CUIR"},"content":{"rendered":"<p>Montre Bell &#038; Ross BR 03-92 blanc camo de 42 mm, bo\u00eetier en c\u00e9ramique et bracelet en caoutchouc, cadran en camouflage gris et blanc et mouvement m\u00e9canique automatique<\/p>\n<p>D\u00e9tails:<\/p>\n<p>Verre de saphir<\/p>\n","protected":false},"excerpt":{"rendered":"<p>Montre Bell &#038; Ross BR 03-92 blanc camo de 42 mm, bo\u00eetier en c\u00e9ramique et bracelet en caoutchouc, cadran en camouflage gris et blanc et mouvement m\u00e9canique automatique D\u00e9tails: Verre de saphir<\/p>\n","protected":false},"featured_media":54259,"comment_status":"closed","ping_status":"closed","template":"","meta":{"_acf_changed":false,"_monsterinsights_skip_tracking":false,"_monsterinsights_sitenote_active":false,"_monsterinsights_sitenote_note":"","_monsterinsights_sitenote_category":0},"product_brand":[],"product_cat":[1249,1245],"product_tag":[2450,2889,2438,2362,2457,2893,2894],"class_list":{"0":"post-45474","1":"product","2":"type-product","3":"status-publish","4":"has-post-thumbnail","6":"product_cat-bell-ross-fr","7":"product_cat-montres","8":"product_tag-42-mm-2-3","9":"product_tag-automatic-fr","10":"product_tag-bell-ross-3-2","11":"product_tag-cuir-2","12":"product_tag-de-100-a-300-metres-2","13":"product_tag-home-fr","14":"product_tag-rellotges-fr","16":"first","17":"instock","18":"sold-individually","19":"purchasable","20":"product-type-simple"},"acf":[],"yoast_head":"<!-- This site is optimized with the Yoast SEO Premium plugin v26.8 (Yoast SEO v27.3) - https:\/\/yoast.com\/product\/yoast-seo-premium-wordpress\/ -->\n<title>MONTRE BELL &amp; ROSS BR0392 AUTOMATIQUE CAMO DE 42 MM EN C\u00c9RAMIQUE ET CUIR - Maison Roca<\/title>\n<meta name=\"robots\" content=\"index, follow, max-snippet:-1, max-image-preview:large, max-video-preview:-1\" \/>\n<link rel=\"canonical\" href=\"https:\/\/maisonroca.ad\/fr\/boutique\/montre-bell-ross-br0392-automatique-camo-de-42-mm-en-ceramique-et-cuir\/\" \/>\n<meta property=\"og:locale\" content=\"fr_FR\" \/>\n<meta property=\"og:type\" content=\"article\" \/>\n<meta property=\"og:title\" content=\"MONTRE BELL &amp; ROSS BR0392 AUTOMATIQUE CAMO DE 42 MM EN C\u00c9RAMIQUE ET CUIR\" \/>\n<meta property=\"og:description\" content=\"Montre Bell &#038; Ross BR 03-92 blanc camo de 42 mm, bo\u00eetier en c\u00e9ramique et bracelet en caoutchouc, cadran en camouflage gris et blanc et mouvement m\u00e9canique automatique D\u00e9tails: Verre de saphir\" \/>\n<meta property=\"og:url\" content=\"https:\/\/maisonroca.ad\/fr\/boutique\/montre-bell-ross-br0392-automatique-camo-de-42-mm-en-ceramique-et-cuir\/\" \/>\n<meta property=\"og:site_name\" content=\"Maison Roca\" \/>\n<meta property=\"article:publisher\" content=\"https:\/\/www.facebook.com\/maisonroca\" \/>\n<meta property=\"article:modified_time\" content=\"2024-07-28T22:59:36+00:00\" \/>\n<meta property=\"og:image\" content=\"https:\/\/maisonroca.ad\/wp-content\/uploads\/2024\/07\/br0392-cg-ce-sca-2.jpg\" \/>\n\t<meta property=\"og:image:width\" content=\"1080\" \/>\n\t<meta property=\"og:image:height\" content=\"1080\" \/>\n\t<meta property=\"og:image:type\" content=\"image\/jpeg\" \/>\n<meta name=\"twitter:card\" content=\"summary_large_image\" \/>\n<meta name=\"twitter:label1\" content=\"Prix\" \/>\n\t<meta name=\"twitter:data1\" content=\"3.145,00&nbsp;&euro;\" \/>\n\t<meta name=\"twitter:label2\" content=\"Disponibilit\u00e9\" \/>\n\t<meta name=\"twitter:data2\" content=\"En stock\" \/>\n<script type=\"application\/ld+json\" class=\"yoast-schema-graph\">{\"@context\":\"https:\\\/\\\/schema.org\",\"@graph\":[{\"@type\":\"WebPage\",\"@id\":\"https:\\\/\\\/maisonroca.ad\\\/fr\\\/boutique\\\/montre-bell-ross-br0392-automatique-camo-de-42-mm-en-ceramique-et-cuir\\\/\",\"url\":\"https:\\\/\\\/maisonroca.ad\\\/fr\\\/boutique\\\/montre-bell-ross-br0392-automatique-camo-de-42-mm-en-ceramique-et-cuir\\\/\",\"name\":\"MONTRE BELL & ROSS BR0392 AUTOMATIQUE CAMO DE 42 MM EN C\u00c9RAMIQUE ET CUIR - Maison Roca\",\"isPartOf\":{\"@id\":\"https:\\\/\\\/maisonroca.ad\\\/fr\\\/#website\"},\"primaryImageOfPage\":{\"@id\":\"https:\\\/\\\/maisonroca.ad\\\/fr\\\/boutique\\\/montre-bell-ross-br0392-automatique-camo-de-42-mm-en-ceramique-et-cuir\\\/#primaryimage\"},\"image\":{\"@id\":\"https:\\\/\\\/maisonroca.ad\\\/fr\\\/boutique\\\/montre-bell-ross-br0392-automatique-camo-de-42-mm-en-ceramique-et-cuir\\\/#primaryimage\"},\"thumbnailUrl\":\"https:\\\/\\\/maisonroca.ad\\\/wp-content\\\/uploads\\\/2024\\\/07\\\/br0392-cg-ce-sca-2.jpg\",\"datePublished\":\"2024-07-28T21:56:48+00:00\",\"dateModified\":\"2024-07-28T22:59:36+00:00\",\"breadcrumb\":{\"@id\":\"https:\\\/\\\/maisonroca.ad\\\/fr\\\/boutique\\\/montre-bell-ross-br0392-automatique-camo-de-42-mm-en-ceramique-et-cuir\\\/#breadcrumb\"},\"inLanguage\":\"fr-FR\",\"potentialAction\":[{\"@type\":\"ReadAction\",\"target\":[\"https:\\\/\\\/maisonroca.ad\\\/fr\\\/boutique\\\/montre-bell-ross-br0392-automatique-camo-de-42-mm-en-ceramique-et-cuir\\\/\"]}]},{\"@type\":\"ImageObject\",\"inLanguage\":\"fr-FR\",\"@id\":\"https:\\\/\\\/maisonroca.ad\\\/fr\\\/boutique\\\/montre-bell-ross-br0392-automatique-camo-de-42-mm-en-ceramique-et-cuir\\\/#primaryimage\",\"url\":\"https:\\\/\\\/maisonroca.ad\\\/wp-content\\\/uploads\\\/2024\\\/07\\\/br0392-cg-ce-sca-2.jpg\",\"contentUrl\":\"https:\\\/\\\/maisonroca.ad\\\/wp-content\\\/uploads\\\/2024\\\/07\\\/br0392-cg-ce-sca-2.jpg\",\"width\":1080,\"height\":1080},{\"@type\":\"BreadcrumbList\",\"@id\":\"https:\\\/\\\/maisonroca.ad\\\/fr\\\/boutique\\\/montre-bell-ross-br0392-automatique-camo-de-42-mm-en-ceramique-et-cuir\\\/#breadcrumb\",\"itemListElement\":[{\"@type\":\"ListItem\",\"position\":1,\"name\":\"Portada\",\"item\":\"https:\\\/\\\/maisonroca.ad\\\/fr\\\/\"},{\"@type\":\"ListItem\",\"position\":2,\"name\":\"Botiga\",\"item\":\"https:\\\/\\\/maisonroca.ad\\\/botiga\\\/\"},{\"@type\":\"ListItem\",\"position\":3,\"name\":\"MONTRE BELL &#038; ROSS BR0392 AUTOMATIQUE CAMO DE 42 MM EN C\u00c9RAMIQUE ET CUIR\"}]},{\"@type\":\"WebSite\",\"@id\":\"https:\\\/\\\/maisonroca.ad\\\/fr\\\/#website\",\"url\":\"https:\\\/\\\/maisonroca.ad\\\/fr\\\/\",\"name\":\"Maison Roca\",\"description\":\"Bold Luxury Life - joieria d&#039;autor - Andorra\",\"publisher\":{\"@id\":\"https:\\\/\\\/maisonroca.ad\\\/fr\\\/#organization\"},\"potentialAction\":[{\"@type\":\"SearchAction\",\"target\":{\"@type\":\"EntryPoint\",\"urlTemplate\":\"https:\\\/\\\/maisonroca.ad\\\/fr\\\/?s={search_term_string}\"},\"query-input\":{\"@type\":\"PropertyValueSpecification\",\"valueRequired\":true,\"valueName\":\"search_term_string\"}}],\"inLanguage\":\"fr-FR\"},{\"@type\":\"Organization\",\"@id\":\"https:\\\/\\\/maisonroca.ad\\\/fr\\\/#organization\",\"name\":\"Maison Roca\",\"url\":\"https:\\\/\\\/maisonroca.ad\\\/fr\\\/\",\"logo\":{\"@type\":\"ImageObject\",\"inLanguage\":\"fr-FR\",\"@id\":\"https:\\\/\\\/maisonroca.ad\\\/fr\\\/#\\\/schema\\\/logo\\\/image\\\/\",\"url\":\"https:\\\/\\\/maisonroca.ad\\\/wp-content\\\/uploads\\\/2023\\\/10\\\/icono.png\",\"contentUrl\":\"https:\\\/\\\/maisonroca.ad\\\/wp-content\\\/uploads\\\/2023\\\/10\\\/icono.png\",\"width\":512,\"height\":512,\"caption\":\"Maison Roca\"},\"image\":{\"@id\":\"https:\\\/\\\/maisonroca.ad\\\/fr\\\/#\\\/schema\\\/logo\\\/image\\\/\"},\"sameAs\":[\"https:\\\/\\\/www.facebook.com\\\/maisonroca\",\"https:\\\/\\\/www.instagram.com\\\/maisonroca\\\/\"]}]}<\/script>\n<meta property=\"product:price:amount\" content=\"3145.00\" \/>\n<meta property=\"product:price:currency\" content=\"EUR\" \/>\n<meta property=\"og:availability\" content=\"instock\" \/>\n<meta property=\"product:availability\" content=\"instock\" \/>\n<meta property=\"product:retailer_item_id\" content=\"BR0392-CG-CE\/SCA\" \/>\n<meta property=\"product:condition\" content=\"new\" \/>\n<!-- \/ Yoast SEO Premium plugin. -->","yoast_head_json":{"title":"MONTRE BELL & ROSS BR0392 AUTOMATIQUE CAMO DE 42 MM EN C\u00c9RAMIQUE ET CUIR - Maison Roca","robots":{"index":"index","follow":"follow","max-snippet":"max-snippet:-1","max-image-preview":"max-image-preview:large","max-video-preview":"max-video-preview:-1"},"canonical":"https:\/\/maisonroca.ad\/fr\/boutique\/montre-bell-ross-br0392-automatique-camo-de-42-mm-en-ceramique-et-cuir\/","og_locale":"fr_FR","og_type":"article","og_title":"MONTRE BELL & ROSS BR0392 AUTOMATIQUE CAMO DE 42 MM EN C\u00c9RAMIQUE ET CUIR","og_description":"Montre Bell &#038; Ross BR 03-92 blanc camo de 42 mm, bo\u00eetier en c\u00e9ramique et bracelet en caoutchouc, cadran en camouflage gris et blanc et mouvement m\u00e9canique automatique D\u00e9tails: Verre de saphir","og_url":"https:\/\/maisonroca.ad\/fr\/boutique\/montre-bell-ross-br0392-automatique-camo-de-42-mm-en-ceramique-et-cuir\/","og_site_name":"Maison Roca","article_publisher":"https:\/\/www.facebook.com\/maisonroca","article_modified_time":"2024-07-28T22:59:36+00:00","og_image":[{"width":1080,"height":1080,"url":"https:\/\/maisonroca.ad\/wp-content\/uploads\/2024\/07\/br0392-cg-ce-sca-2.jpg","type":"image\/jpeg"}],"twitter_card":"summary_large_image","twitter_misc":{"Prix":"3.145,00&nbsp;&euro;","Disponibilit\u00e9":"En stock"},"schema":{"@context":"https:\/\/schema.org","@graph":[{"@type":"WebPage","@id":"https:\/\/maisonroca.ad\/fr\/boutique\/montre-bell-ross-br0392-automatique-camo-de-42-mm-en-ceramique-et-cuir\/","url":"https:\/\/maisonroca.ad\/fr\/boutique\/montre-bell-ross-br0392-automatique-camo-de-42-mm-en-ceramique-et-cuir\/","name":"MONTRE BELL & ROSS BR0392 AUTOMATIQUE CAMO DE 42 MM EN C\u00c9RAMIQUE ET CUIR - Maison Roca","isPartOf":{"@id":"https:\/\/maisonroca.ad\/fr\/#website"},"primaryImageOfPage":{"@id":"https:\/\/maisonroca.ad\/fr\/boutique\/montre-bell-ross-br0392-automatique-camo-de-42-mm-en-ceramique-et-cuir\/#primaryimage"},"image":{"@id":"https:\/\/maisonroca.ad\/fr\/boutique\/montre-bell-ross-br0392-automatique-camo-de-42-mm-en-ceramique-et-cuir\/#primaryimage"},"thumbnailUrl":"https:\/\/maisonroca.ad\/wp-content\/uploads\/2024\/07\/br0392-cg-ce-sca-2.jpg","datePublished":"2024-07-28T21:56:48+00:00","dateModified":"2024-07-28T22:59:36+00:00","breadcrumb":{"@id":"https:\/\/maisonroca.ad\/fr\/boutique\/montre-bell-ross-br0392-automatique-camo-de-42-mm-en-ceramique-et-cuir\/#breadcrumb"},"inLanguage":"fr-FR","potentialAction":[{"@type":"ReadAction","target":["https:\/\/maisonroca.ad\/fr\/boutique\/montre-bell-ross-br0392-automatique-camo-de-42-mm-en-ceramique-et-cuir\/"]}]},{"@type":"ImageObject","inLanguage":"fr-FR","@id":"https:\/\/maisonroca.ad\/fr\/boutique\/montre-bell-ross-br0392-automatique-camo-de-42-mm-en-ceramique-et-cuir\/#primaryimage","url":"https:\/\/maisonroca.ad\/wp-content\/uploads\/2024\/07\/br0392-cg-ce-sca-2.jpg","contentUrl":"https:\/\/maisonroca.ad\/wp-content\/uploads\/2024\/07\/br0392-cg-ce-sca-2.jpg","width":1080,"height":1080},{"@type":"BreadcrumbList","@id":"https:\/\/maisonroca.ad\/fr\/boutique\/montre-bell-ross-br0392-automatique-camo-de-42-mm-en-ceramique-et-cuir\/#breadcrumb","itemListElement":[{"@type":"ListItem","position":1,"name":"Portada","item":"https:\/\/maisonroca.ad\/fr\/"},{"@type":"ListItem","position":2,"name":"Botiga","item":"https:\/\/maisonroca.ad\/botiga\/"},{"@type":"ListItem","position":3,"name":"MONTRE BELL &#038; ROSS BR0392 AUTOMATIQUE CAMO DE 42 MM EN C\u00c9RAMIQUE ET CUIR"}]},{"@type":"WebSite","@id":"https:\/\/maisonroca.ad\/fr\/#website","url":"https:\/\/maisonroca.ad\/fr\/","name":"Maison Roca","description":"Bold Luxury Life - joieria d&#039;autor - Andorra","publisher":{"@id":"https:\/\/maisonroca.ad\/fr\/#organization"},"potentialAction":[{"@type":"SearchAction","target":{"@type":"EntryPoint","urlTemplate":"https:\/\/maisonroca.ad\/fr\/?s={search_term_string}"},"query-input":{"@type":"PropertyValueSpecification","valueRequired":true,"valueName":"search_term_string"}}],"inLanguage":"fr-FR"},{"@type":"Organization","@id":"https:\/\/maisonroca.ad\/fr\/#organization","name":"Maison Roca","url":"https:\/\/maisonroca.ad\/fr\/","logo":{"@type":"ImageObject","inLanguage":"fr-FR","@id":"https:\/\/maisonroca.ad\/fr\/#\/schema\/logo\/image\/","url":"https:\/\/maisonroca.ad\/wp-content\/uploads\/2023\/10\/icono.png","contentUrl":"https:\/\/maisonroca.ad\/wp-content\/uploads\/2023\/10\/icono.png","width":512,"height":512,"caption":"Maison Roca"},"image":{"@id":"https:\/\/maisonroca.ad\/fr\/#\/schema\/logo\/image\/"},"sameAs":["https:\/\/www.facebook.com\/maisonroca","https:\/\/www.instagram.com\/maisonroca\/"]}]},"product_price_amount":"3145.00","product_price_currency":"EUR","og_availability":"instock","product_availability":"instock","product_retailer_item_id":"BR0392-CG-CE\/SCA","product_condition":"new"},"_links":{"self":[{"href":"https:\/\/maisonroca.ad\/fr\/wp-json\/wp\/v2\/product\/45474","targetHints":{"allow":["GET"]}}],"collection":[{"href":"https:\/\/maisonroca.ad\/fr\/wp-json\/wp\/v2\/product"}],"about":[{"href":"https:\/\/maisonroca.ad\/fr\/wp-json\/wp\/v2\/types\/product"}],"replies":[{"embeddable":true,"href":"https:\/\/maisonroca.ad\/fr\/wp-json\/wp\/v2\/comments?post=45474"}],"version-history":[{"count":0,"href":"https:\/\/maisonroca.ad\/fr\/wp-json\/wp\/v2\/product\/45474\/revisions"}],"wp:featuredmedia":[{"embeddable":true,"href":"https:\/\/maisonroca.ad\/fr\/wp-json\/wp\/v2\/media\/54259"}],"wp:attachment":[{"href":"https:\/\/maisonroca.ad\/fr\/wp-json\/wp\/v2\/media?parent=45474"}],"wp:term":[{"taxonomy":"product_brand","embeddable":true,"href":"https:\/\/maisonroca.ad\/fr\/wp-json\/wp\/v2\/product_brand?post=45474"},{"taxonomy":"product_cat","embeddable":true,"href":"https:\/\/maisonroca.ad\/fr\/wp-json\/wp\/v2\/product_cat?post=45474"},{"taxonomy":"product_tag","embeddable":true,"href":"https:\/\/maisonroca.ad\/fr\/wp-json\/wp\/v2\/product_tag?post=45474"}],"curies":[{"name":"wp","href":"https:\/\/api.w.org\/{rel}","templated":true}]}}