{"id":45496,"date":"2024-07-28T23:56:55","date_gmt":"2024-07-28T21:56:55","guid":{"rendered":"https:\/\/maisonroca.ad\/product\/montre-bell-ross-br05-skeleton-automatique-de-41-mm-en-ceramique\/"},"modified":"2024-07-29T01:00:25","modified_gmt":"2024-07-28T23:00:25","slug":"montre-bell-ross-br05-skeleton-automatique-de-41-mm-en-ceramique","status":"publish","type":"product","link":"https:\/\/maisonroca.ad\/fr\/boutique\/montre-bell-ross-br05-skeleton-automatique-de-41-mm-en-ceramique\/","title":{"rendered":"MONTRE BELL &#038; ROSS BR05 SKELETON AUTOMATIQUE DE 41 MM EN C\u00c9RAMIQUE"},"content":{"rendered":"<p>Montre Bell &#038; Ross BR05 Skeleton automatique de 41 mm, bo\u00eetier et bracelet en c\u00e9ramique, cadran noir et mouvement m\u00e9canique automatique<\/p>\n<p>D\u00e9tails:<\/p>\n<p>Verre de saphir<\/p>\n","protected":false},"excerpt":{"rendered":"<p>Montre Bell &#038; Ross BR05 Skeleton automatique de 41 mm, bo\u00eetier et bracelet en c\u00e9ramique, cadran noir et mouvement m\u00e9canique automatique D\u00e9tails: Verre de saphir<\/p>\n","protected":false},"featured_media":54349,"comment_status":"closed","ping_status":"closed","template":"","meta":{"_acf_changed":false,"_monsterinsights_skip_tracking":false,"_monsterinsights_sitenote_active":false,"_monsterinsights_sitenote_note":"","_monsterinsights_sitenote_category":0},"product_brand":[],"product_cat":[1245],"product_tag":[2150,2889,2438,2457,2893,2894],"class_list":{"0":"post-45496","1":"product","2":"type-product","3":"status-publish","4":"has-post-thumbnail","6":"product_cat-montres","7":"product_tag-41-mm-2","8":"product_tag-automatic-fr","9":"product_tag-bell-ross-3-2","10":"product_tag-de-100-a-300-metres-2","11":"product_tag-home-fr","12":"product_tag-rellotges-fr","14":"first","15":"instock","16":"sold-individually","17":"purchasable","18":"product-type-simple"},"acf":[],"yoast_head":"<!-- This site is optimized with the Yoast SEO Premium plugin v26.8 (Yoast SEO v27.3) - https:\/\/yoast.com\/product\/yoast-seo-premium-wordpress\/ -->\n<title>MONTRE BELL &amp; ROSS BR05 SKELETON AUTOMATIQUE DE 41 MM EN C\u00c9RAMIQUE - Maison Roca<\/title>\n<meta name=\"robots\" content=\"index, follow, max-snippet:-1, max-image-preview:large, max-video-preview:-1\" \/>\n<link rel=\"canonical\" href=\"https:\/\/maisonroca.ad\/fr\/boutique\/montre-bell-ross-br05-skeleton-automatique-de-41-mm-en-ceramique\/\" \/>\n<meta property=\"og:locale\" content=\"fr_FR\" \/>\n<meta property=\"og:type\" content=\"article\" \/>\n<meta property=\"og:title\" content=\"MONTRE BELL &amp; ROSS BR05 SKELETON AUTOMATIQUE DE 41 MM EN C\u00c9RAMIQUE\" \/>\n<meta property=\"og:description\" content=\"Montre Bell &#038; Ross BR05 Skeleton automatique de 41 mm, bo\u00eetier et bracelet en c\u00e9ramique, cadran noir et mouvement m\u00e9canique automatique D\u00e9tails: Verre de saphir\" \/>\n<meta property=\"og:url\" content=\"https:\/\/maisonroca.ad\/fr\/boutique\/montre-bell-ross-br05-skeleton-automatique-de-41-mm-en-ceramique\/\" \/>\n<meta property=\"og:site_name\" content=\"Maison Roca\" \/>\n<meta property=\"article:publisher\" content=\"https:\/\/www.facebook.com\/maisonroca\" \/>\n<meta property=\"article:modified_time\" content=\"2024-07-28T23:00:25+00:00\" \/>\n<meta property=\"og:image\" content=\"https:\/\/maisonroca.ad\/wp-content\/uploads\/2024\/07\/BR05A-BL-SK-CE-SCE.png\" \/>\n\t<meta property=\"og:image:width\" content=\"1080\" \/>\n\t<meta property=\"og:image:height\" content=\"1080\" \/>\n\t<meta property=\"og:image:type\" content=\"image\/png\" \/>\n<meta name=\"twitter:card\" content=\"summary_large_image\" \/>\n<meta name=\"twitter:label1\" content=\"Prix\" \/>\n\t<meta name=\"twitter:data1\" content=\"8.330,00&nbsp;&euro;\" \/>\n\t<meta name=\"twitter:label2\" content=\"Disponibilit\u00e9\" \/>\n\t<meta name=\"twitter:data2\" content=\"En stock\" \/>\n<script type=\"application\/ld+json\" class=\"yoast-schema-graph\">{\"@context\":\"https:\\\/\\\/schema.org\",\"@graph\":[{\"@type\":\"WebPage\",\"@id\":\"https:\\\/\\\/maisonroca.ad\\\/fr\\\/boutique\\\/montre-bell-ross-br05-skeleton-automatique-de-41-mm-en-ceramique\\\/\",\"url\":\"https:\\\/\\\/maisonroca.ad\\\/fr\\\/boutique\\\/montre-bell-ross-br05-skeleton-automatique-de-41-mm-en-ceramique\\\/\",\"name\":\"MONTRE BELL & ROSS BR05 SKELETON AUTOMATIQUE DE 41 MM EN C\u00c9RAMIQUE - Maison Roca\",\"isPartOf\":{\"@id\":\"https:\\\/\\\/maisonroca.ad\\\/fr\\\/#website\"},\"primaryImageOfPage\":{\"@id\":\"https:\\\/\\\/maisonroca.ad\\\/fr\\\/boutique\\\/montre-bell-ross-br05-skeleton-automatique-de-41-mm-en-ceramique\\\/#primaryimage\"},\"image\":{\"@id\":\"https:\\\/\\\/maisonroca.ad\\\/fr\\\/boutique\\\/montre-bell-ross-br05-skeleton-automatique-de-41-mm-en-ceramique\\\/#primaryimage\"},\"thumbnailUrl\":\"https:\\\/\\\/maisonroca.ad\\\/wp-content\\\/uploads\\\/2024\\\/07\\\/BR05A-BL-SK-CE-SCE.png\",\"datePublished\":\"2024-07-28T21:56:55+00:00\",\"dateModified\":\"2024-07-28T23:00:25+00:00\",\"breadcrumb\":{\"@id\":\"https:\\\/\\\/maisonroca.ad\\\/fr\\\/boutique\\\/montre-bell-ross-br05-skeleton-automatique-de-41-mm-en-ceramique\\\/#breadcrumb\"},\"inLanguage\":\"fr-FR\",\"potentialAction\":[{\"@type\":\"ReadAction\",\"target\":[\"https:\\\/\\\/maisonroca.ad\\\/fr\\\/boutique\\\/montre-bell-ross-br05-skeleton-automatique-de-41-mm-en-ceramique\\\/\"]}]},{\"@type\":\"ImageObject\",\"inLanguage\":\"fr-FR\",\"@id\":\"https:\\\/\\\/maisonroca.ad\\\/fr\\\/boutique\\\/montre-bell-ross-br05-skeleton-automatique-de-41-mm-en-ceramique\\\/#primaryimage\",\"url\":\"https:\\\/\\\/maisonroca.ad\\\/wp-content\\\/uploads\\\/2024\\\/07\\\/BR05A-BL-SK-CE-SCE.png\",\"contentUrl\":\"https:\\\/\\\/maisonroca.ad\\\/wp-content\\\/uploads\\\/2024\\\/07\\\/BR05A-BL-SK-CE-SCE.png\",\"width\":1080,\"height\":1080},{\"@type\":\"BreadcrumbList\",\"@id\":\"https:\\\/\\\/maisonroca.ad\\\/fr\\\/boutique\\\/montre-bell-ross-br05-skeleton-automatique-de-41-mm-en-ceramique\\\/#breadcrumb\",\"itemListElement\":[{\"@type\":\"ListItem\",\"position\":1,\"name\":\"Portada\",\"item\":\"https:\\\/\\\/maisonroca.ad\\\/fr\\\/\"},{\"@type\":\"ListItem\",\"position\":2,\"name\":\"Botiga\",\"item\":\"https:\\\/\\\/maisonroca.ad\\\/botiga\\\/\"},{\"@type\":\"ListItem\",\"position\":3,\"name\":\"MONTRE BELL &#038; ROSS BR05 SKELETON AUTOMATIQUE DE 41 MM EN C\u00c9RAMIQUE\"}]},{\"@type\":\"WebSite\",\"@id\":\"https:\\\/\\\/maisonroca.ad\\\/fr\\\/#website\",\"url\":\"https:\\\/\\\/maisonroca.ad\\\/fr\\\/\",\"name\":\"Maison Roca\",\"description\":\"Bold Luxury Life - joieria d&#039;autor - Andorra\",\"publisher\":{\"@id\":\"https:\\\/\\\/maisonroca.ad\\\/fr\\\/#organization\"},\"potentialAction\":[{\"@type\":\"SearchAction\",\"target\":{\"@type\":\"EntryPoint\",\"urlTemplate\":\"https:\\\/\\\/maisonroca.ad\\\/fr\\\/?s={search_term_string}\"},\"query-input\":{\"@type\":\"PropertyValueSpecification\",\"valueRequired\":true,\"valueName\":\"search_term_string\"}}],\"inLanguage\":\"fr-FR\"},{\"@type\":\"Organization\",\"@id\":\"https:\\\/\\\/maisonroca.ad\\\/fr\\\/#organization\",\"name\":\"Maison Roca\",\"url\":\"https:\\\/\\\/maisonroca.ad\\\/fr\\\/\",\"logo\":{\"@type\":\"ImageObject\",\"inLanguage\":\"fr-FR\",\"@id\":\"https:\\\/\\\/maisonroca.ad\\\/fr\\\/#\\\/schema\\\/logo\\\/image\\\/\",\"url\":\"https:\\\/\\\/maisonroca.ad\\\/wp-content\\\/uploads\\\/2023\\\/10\\\/icono.png\",\"contentUrl\":\"https:\\\/\\\/maisonroca.ad\\\/wp-content\\\/uploads\\\/2023\\\/10\\\/icono.png\",\"width\":512,\"height\":512,\"caption\":\"Maison Roca\"},\"image\":{\"@id\":\"https:\\\/\\\/maisonroca.ad\\\/fr\\\/#\\\/schema\\\/logo\\\/image\\\/\"},\"sameAs\":[\"https:\\\/\\\/www.facebook.com\\\/maisonroca\",\"https:\\\/\\\/www.instagram.com\\\/maisonroca\\\/\"]}]}<\/script>\n<meta property=\"product:price:amount\" content=\"8330.00\" \/>\n<meta property=\"product:price:currency\" content=\"EUR\" \/>\n<meta property=\"og:availability\" content=\"instock\" \/>\n<meta property=\"product:availability\" content=\"instock\" \/>\n<meta property=\"product:retailer_item_id\" content=\"BR05A-BL-SK-CE\/SCE\" \/>\n<meta property=\"product:condition\" content=\"new\" \/>\n<!-- \/ Yoast SEO Premium plugin. -->","yoast_head_json":{"title":"MONTRE BELL & ROSS BR05 SKELETON AUTOMATIQUE DE 41 MM EN C\u00c9RAMIQUE - Maison Roca","robots":{"index":"index","follow":"follow","max-snippet":"max-snippet:-1","max-image-preview":"max-image-preview:large","max-video-preview":"max-video-preview:-1"},"canonical":"https:\/\/maisonroca.ad\/fr\/boutique\/montre-bell-ross-br05-skeleton-automatique-de-41-mm-en-ceramique\/","og_locale":"fr_FR","og_type":"article","og_title":"MONTRE BELL & ROSS BR05 SKELETON AUTOMATIQUE DE 41 MM EN C\u00c9RAMIQUE","og_description":"Montre Bell &#038; Ross BR05 Skeleton automatique de 41 mm, bo\u00eetier et bracelet en c\u00e9ramique, cadran noir et mouvement m\u00e9canique automatique D\u00e9tails: Verre de saphir","og_url":"https:\/\/maisonroca.ad\/fr\/boutique\/montre-bell-ross-br05-skeleton-automatique-de-41-mm-en-ceramique\/","og_site_name":"Maison Roca","article_publisher":"https:\/\/www.facebook.com\/maisonroca","article_modified_time":"2024-07-28T23:00:25+00:00","og_image":[{"width":1080,"height":1080,"url":"https:\/\/maisonroca.ad\/wp-content\/uploads\/2024\/07\/BR05A-BL-SK-CE-SCE.png","type":"image\/png"}],"twitter_card":"summary_large_image","twitter_misc":{"Prix":"8.330,00&nbsp;&euro;","Disponibilit\u00e9":"En stock"},"schema":{"@context":"https:\/\/schema.org","@graph":[{"@type":"WebPage","@id":"https:\/\/maisonroca.ad\/fr\/boutique\/montre-bell-ross-br05-skeleton-automatique-de-41-mm-en-ceramique\/","url":"https:\/\/maisonroca.ad\/fr\/boutique\/montre-bell-ross-br05-skeleton-automatique-de-41-mm-en-ceramique\/","name":"MONTRE BELL & ROSS BR05 SKELETON AUTOMATIQUE DE 41 MM EN C\u00c9RAMIQUE - Maison Roca","isPartOf":{"@id":"https:\/\/maisonroca.ad\/fr\/#website"},"primaryImageOfPage":{"@id":"https:\/\/maisonroca.ad\/fr\/boutique\/montre-bell-ross-br05-skeleton-automatique-de-41-mm-en-ceramique\/#primaryimage"},"image":{"@id":"https:\/\/maisonroca.ad\/fr\/boutique\/montre-bell-ross-br05-skeleton-automatique-de-41-mm-en-ceramique\/#primaryimage"},"thumbnailUrl":"https:\/\/maisonroca.ad\/wp-content\/uploads\/2024\/07\/BR05A-BL-SK-CE-SCE.png","datePublished":"2024-07-28T21:56:55+00:00","dateModified":"2024-07-28T23:00:25+00:00","breadcrumb":{"@id":"https:\/\/maisonroca.ad\/fr\/boutique\/montre-bell-ross-br05-skeleton-automatique-de-41-mm-en-ceramique\/#breadcrumb"},"inLanguage":"fr-FR","potentialAction":[{"@type":"ReadAction","target":["https:\/\/maisonroca.ad\/fr\/boutique\/montre-bell-ross-br05-skeleton-automatique-de-41-mm-en-ceramique\/"]}]},{"@type":"ImageObject","inLanguage":"fr-FR","@id":"https:\/\/maisonroca.ad\/fr\/boutique\/montre-bell-ross-br05-skeleton-automatique-de-41-mm-en-ceramique\/#primaryimage","url":"https:\/\/maisonroca.ad\/wp-content\/uploads\/2024\/07\/BR05A-BL-SK-CE-SCE.png","contentUrl":"https:\/\/maisonroca.ad\/wp-content\/uploads\/2024\/07\/BR05A-BL-SK-CE-SCE.png","width":1080,"height":1080},{"@type":"BreadcrumbList","@id":"https:\/\/maisonroca.ad\/fr\/boutique\/montre-bell-ross-br05-skeleton-automatique-de-41-mm-en-ceramique\/#breadcrumb","itemListElement":[{"@type":"ListItem","position":1,"name":"Portada","item":"https:\/\/maisonroca.ad\/fr\/"},{"@type":"ListItem","position":2,"name":"Botiga","item":"https:\/\/maisonroca.ad\/botiga\/"},{"@type":"ListItem","position":3,"name":"MONTRE BELL &#038; ROSS BR05 SKELETON AUTOMATIQUE DE 41 MM EN C\u00c9RAMIQUE"}]},{"@type":"WebSite","@id":"https:\/\/maisonroca.ad\/fr\/#website","url":"https:\/\/maisonroca.ad\/fr\/","name":"Maison Roca","description":"Bold Luxury Life - joieria d&#039;autor - Andorra","publisher":{"@id":"https:\/\/maisonroca.ad\/fr\/#organization"},"potentialAction":[{"@type":"SearchAction","target":{"@type":"EntryPoint","urlTemplate":"https:\/\/maisonroca.ad\/fr\/?s={search_term_string}"},"query-input":{"@type":"PropertyValueSpecification","valueRequired":true,"valueName":"search_term_string"}}],"inLanguage":"fr-FR"},{"@type":"Organization","@id":"https:\/\/maisonroca.ad\/fr\/#organization","name":"Maison Roca","url":"https:\/\/maisonroca.ad\/fr\/","logo":{"@type":"ImageObject","inLanguage":"fr-FR","@id":"https:\/\/maisonroca.ad\/fr\/#\/schema\/logo\/image\/","url":"https:\/\/maisonroca.ad\/wp-content\/uploads\/2023\/10\/icono.png","contentUrl":"https:\/\/maisonroca.ad\/wp-content\/uploads\/2023\/10\/icono.png","width":512,"height":512,"caption":"Maison Roca"},"image":{"@id":"https:\/\/maisonroca.ad\/fr\/#\/schema\/logo\/image\/"},"sameAs":["https:\/\/www.facebook.com\/maisonroca","https:\/\/www.instagram.com\/maisonroca\/"]}]},"product_price_amount":"8330.00","product_price_currency":"EUR","og_availability":"instock","product_availability":"instock","product_retailer_item_id":"BR05A-BL-SK-CE\/SCE","product_condition":"new"},"_links":{"self":[{"href":"https:\/\/maisonroca.ad\/fr\/wp-json\/wp\/v2\/product\/45496","targetHints":{"allow":["GET"]}}],"collection":[{"href":"https:\/\/maisonroca.ad\/fr\/wp-json\/wp\/v2\/product"}],"about":[{"href":"https:\/\/maisonroca.ad\/fr\/wp-json\/wp\/v2\/types\/product"}],"replies":[{"embeddable":true,"href":"https:\/\/maisonroca.ad\/fr\/wp-json\/wp\/v2\/comments?post=45496"}],"version-history":[{"count":0,"href":"https:\/\/maisonroca.ad\/fr\/wp-json\/wp\/v2\/product\/45496\/revisions"}],"wp:featuredmedia":[{"embeddable":true,"href":"https:\/\/maisonroca.ad\/fr\/wp-json\/wp\/v2\/media\/54349"}],"wp:attachment":[{"href":"https:\/\/maisonroca.ad\/fr\/wp-json\/wp\/v2\/media?parent=45496"}],"wp:term":[{"taxonomy":"product_brand","embeddable":true,"href":"https:\/\/maisonroca.ad\/fr\/wp-json\/wp\/v2\/product_brand?post=45496"},{"taxonomy":"product_cat","embeddable":true,"href":"https:\/\/maisonroca.ad\/fr\/wp-json\/wp\/v2\/product_cat?post=45496"},{"taxonomy":"product_tag","embeddable":true,"href":"https:\/\/maisonroca.ad\/fr\/wp-json\/wp\/v2\/product_tag?post=45496"}],"curies":[{"name":"wp","href":"https:\/\/api.w.org\/{rel}","templated":true}]}}