{"id":45529,"date":"2024-07-28T23:57:10","date_gmt":"2024-07-28T21:57:10","guid":{"rendered":"https:\/\/maisonroca.ad\/product\/boucles-doreilles-cervera-tiara-en-or-rose-rubis-saphirs-amethyste-et-topaze\/"},"modified":"2024-12-09T18:26:05","modified_gmt":"2024-12-09T17:26:05","slug":"boucles-doreilles-cervera-tiara-en-or-rose-rubis-saphirs-amethyste-et-topaze","status":"publish","type":"product","link":"https:\/\/maisonroca.ad\/fr\/boutique\/boucles-doreilles-cervera-tiara-en-or-rose-rubis-saphirs-amethyste-et-topaze\/","title":{"rendered":"BOUCLES D&rsquo;OREILLES CERVERA TIARA EN OR ROSE, RUBIS, SAPHIRS, AM\u00c9THYSTE ET TOPAZE"},"content":{"rendered":"<p>Boucles d&rsquo;oreilles Cervera Tiara en or rose, rubi, saphir, am\u00e9thyste et topaze.<\/p>\n<p>D\u00e9tails:<\/p>\n<p>Or rose 18k<br \/>\nRubi 3,50 ct<br \/>\nSaphir rose 0,796 ct<br \/>\nAm\u00e9thyste<br \/>\nTopaze<\/p>\n","protected":false},"excerpt":{"rendered":"<p>Boucles d&rsquo;oreilles Cervera Tiara en or rose, rubi, saphir, am\u00e9thyste et topaze. D\u00e9tails: Or rose 18k Rubi 3,50 ct Saphir rose 0,796 ct Am\u00e9thyste Topaze<\/p>\n","protected":false},"featured_media":53115,"comment_status":"closed","ping_status":"closed","template":"","meta":{"_acf_changed":false,"_monsterinsights_skip_tracking":false,"_monsterinsights_sitenote_active":false,"_monsterinsights_sitenote_note":"","_monsterinsights_sitenote_category":0},"product_brand":[],"product_cat":[1244,1250],"product_tag":[2823,2828,2326,2518,2736,2805],"class_list":{"0":"post-45529","1":"product","2":"type-product","3":"status-publish","4":"has-post-thumbnail","6":"product_cat-bijou","7":"product_cat-cervera-fr","8":"product_tag-amatista-fr","9":"product_tag-arracades-fr","10":"product_tag-cervera-2","11":"product_tag-or-rose-fr","12":"product_tag-safirs-fr","13":"product_tag-topazi-fr","15":"first","16":"instock","17":"sold-individually","18":"purchasable","19":"product-type-simple"},"acf":[],"yoast_head":"<!-- This site is optimized with the Yoast SEO Premium plugin v26.8 (Yoast SEO v27.4) - https:\/\/yoast.com\/product\/yoast-seo-premium-wordpress\/ -->\n<title>BOUCLES D&#039;OREILLES CERVERA TIARA EN OR ROSE, RUBIS, SAPHIRS, AM\u00c9THYSTE ET TOPAZE - Maison Roca<\/title>\n<meta name=\"robots\" content=\"index, follow, max-snippet:-1, max-image-preview:large, max-video-preview:-1\" \/>\n<link rel=\"canonical\" href=\"https:\/\/maisonroca.ad\/fr\/boutique\/boucles-doreilles-cervera-tiara-en-or-rose-rubis-saphirs-amethyste-et-topaze\/\" \/>\n<meta property=\"og:locale\" content=\"fr_FR\" \/>\n<meta property=\"og:type\" content=\"article\" \/>\n<meta property=\"og:title\" content=\"BOUCLES D&#039;OREILLES CERVERA TIARA EN OR ROSE, RUBIS, SAPHIRS, AM\u00c9THYSTE ET TOPAZE\" \/>\n<meta property=\"og:description\" content=\"Boucles d&rsquo;oreilles Cervera Tiara en or rose, rubi, saphir, am\u00e9thyste et topaze. D\u00e9tails: Or rose 18k Rubi 3,50 ct Saphir rose 0,796 ct Am\u00e9thyste Topaze\" \/>\n<meta property=\"og:url\" content=\"https:\/\/maisonroca.ad\/fr\/boutique\/boucles-doreilles-cervera-tiara-en-or-rose-rubis-saphirs-amethyste-et-topaze\/\" \/>\n<meta property=\"og:site_name\" content=\"Maison Roca\" \/>\n<meta property=\"article:publisher\" content=\"https:\/\/www.facebook.com\/maisonroca\" \/>\n<meta property=\"article:modified_time\" content=\"2024-12-09T17:26:05+00:00\" \/>\n<meta property=\"og:image\" content=\"https:\/\/maisonroca.ad\/wp-content\/uploads\/2024\/07\/a1336rb-or-min.jpg\" \/>\n\t<meta property=\"og:image:width\" content=\"2319\" \/>\n\t<meta property=\"og:image:height\" content=\"2139\" \/>\n\t<meta property=\"og:image:type\" content=\"image\/jpeg\" \/>\n<meta name=\"twitter:card\" content=\"summary_large_image\" \/>\n<meta name=\"twitter:label1\" content=\"Prix\" \/>\n\t<meta name=\"twitter:data1\" content=\"9.252,00&nbsp;&euro;\" \/>\n\t<meta name=\"twitter:label2\" content=\"Disponibilit\u00e9\" \/>\n\t<meta name=\"twitter:data2\" content=\"En stock\" \/>\n<script type=\"application\/ld+json\" class=\"yoast-schema-graph\">{\"@context\":\"https:\\\/\\\/schema.org\",\"@graph\":[{\"@type\":\"WebPage\",\"@id\":\"https:\\\/\\\/maisonroca.ad\\\/fr\\\/boutique\\\/boucles-doreilles-cervera-tiara-en-or-rose-rubis-saphirs-amethyste-et-topaze\\\/\",\"url\":\"https:\\\/\\\/maisonroca.ad\\\/fr\\\/boutique\\\/boucles-doreilles-cervera-tiara-en-or-rose-rubis-saphirs-amethyste-et-topaze\\\/\",\"name\":\"BOUCLES D'OREILLES CERVERA TIARA EN OR ROSE, RUBIS, SAPHIRS, AM\u00c9THYSTE ET TOPAZE - Maison Roca\",\"isPartOf\":{\"@id\":\"https:\\\/\\\/maisonroca.ad\\\/fr\\\/#website\"},\"primaryImageOfPage\":{\"@id\":\"https:\\\/\\\/maisonroca.ad\\\/fr\\\/boutique\\\/boucles-doreilles-cervera-tiara-en-or-rose-rubis-saphirs-amethyste-et-topaze\\\/#primaryimage\"},\"image\":{\"@id\":\"https:\\\/\\\/maisonroca.ad\\\/fr\\\/boutique\\\/boucles-doreilles-cervera-tiara-en-or-rose-rubis-saphirs-amethyste-et-topaze\\\/#primaryimage\"},\"thumbnailUrl\":\"https:\\\/\\\/maisonroca.ad\\\/wp-content\\\/uploads\\\/2024\\\/07\\\/a1336rb-or-min.jpg\",\"datePublished\":\"2024-07-28T21:57:10+00:00\",\"dateModified\":\"2024-12-09T17:26:05+00:00\",\"breadcrumb\":{\"@id\":\"https:\\\/\\\/maisonroca.ad\\\/fr\\\/boutique\\\/boucles-doreilles-cervera-tiara-en-or-rose-rubis-saphirs-amethyste-et-topaze\\\/#breadcrumb\"},\"inLanguage\":\"fr-FR\",\"potentialAction\":[{\"@type\":\"ReadAction\",\"target\":[\"https:\\\/\\\/maisonroca.ad\\\/fr\\\/boutique\\\/boucles-doreilles-cervera-tiara-en-or-rose-rubis-saphirs-amethyste-et-topaze\\\/\"]}]},{\"@type\":\"ImageObject\",\"inLanguage\":\"fr-FR\",\"@id\":\"https:\\\/\\\/maisonroca.ad\\\/fr\\\/boutique\\\/boucles-doreilles-cervera-tiara-en-or-rose-rubis-saphirs-amethyste-et-topaze\\\/#primaryimage\",\"url\":\"https:\\\/\\\/maisonroca.ad\\\/wp-content\\\/uploads\\\/2024\\\/07\\\/a1336rb-or-min.jpg\",\"contentUrl\":\"https:\\\/\\\/maisonroca.ad\\\/wp-content\\\/uploads\\\/2024\\\/07\\\/a1336rb-or-min.jpg\",\"width\":2319,\"height\":2139},{\"@type\":\"BreadcrumbList\",\"@id\":\"https:\\\/\\\/maisonroca.ad\\\/fr\\\/boutique\\\/boucles-doreilles-cervera-tiara-en-or-rose-rubis-saphirs-amethyste-et-topaze\\\/#breadcrumb\",\"itemListElement\":[{\"@type\":\"ListItem\",\"position\":1,\"name\":\"Portada\",\"item\":\"https:\\\/\\\/maisonroca.ad\\\/fr\\\/\"},{\"@type\":\"ListItem\",\"position\":2,\"name\":\"Botiga\",\"item\":\"https:\\\/\\\/maisonroca.ad\\\/botiga\\\/\"},{\"@type\":\"ListItem\",\"position\":3,\"name\":\"BOUCLES D&#8217;OREILLES CERVERA TIARA EN OR ROSE, RUBIS, SAPHIRS, AM\u00c9THYSTE ET TOPAZE\"}]},{\"@type\":\"WebSite\",\"@id\":\"https:\\\/\\\/maisonroca.ad\\\/fr\\\/#website\",\"url\":\"https:\\\/\\\/maisonroca.ad\\\/fr\\\/\",\"name\":\"Maison Roca\",\"description\":\"Bold Luxury Life - joieria d&#039;autor - Andorra\",\"publisher\":{\"@id\":\"https:\\\/\\\/maisonroca.ad\\\/fr\\\/#organization\"},\"potentialAction\":[{\"@type\":\"SearchAction\",\"target\":{\"@type\":\"EntryPoint\",\"urlTemplate\":\"https:\\\/\\\/maisonroca.ad\\\/fr\\\/?s={search_term_string}\"},\"query-input\":{\"@type\":\"PropertyValueSpecification\",\"valueRequired\":true,\"valueName\":\"search_term_string\"}}],\"inLanguage\":\"fr-FR\"},{\"@type\":\"Organization\",\"@id\":\"https:\\\/\\\/maisonroca.ad\\\/fr\\\/#organization\",\"name\":\"Maison Roca\",\"url\":\"https:\\\/\\\/maisonroca.ad\\\/fr\\\/\",\"logo\":{\"@type\":\"ImageObject\",\"inLanguage\":\"fr-FR\",\"@id\":\"https:\\\/\\\/maisonroca.ad\\\/fr\\\/#\\\/schema\\\/logo\\\/image\\\/\",\"url\":\"https:\\\/\\\/maisonroca.ad\\\/wp-content\\\/uploads\\\/2023\\\/10\\\/icono.png\",\"contentUrl\":\"https:\\\/\\\/maisonroca.ad\\\/wp-content\\\/uploads\\\/2023\\\/10\\\/icono.png\",\"width\":512,\"height\":512,\"caption\":\"Maison Roca\"},\"image\":{\"@id\":\"https:\\\/\\\/maisonroca.ad\\\/fr\\\/#\\\/schema\\\/logo\\\/image\\\/\"},\"sameAs\":[\"https:\\\/\\\/www.facebook.com\\\/maisonroca\",\"https:\\\/\\\/www.instagram.com\\\/maisonroca\\\/\"]}]}<\/script>\n<meta property=\"product:price:amount\" content=\"9252.00\" \/>\n<meta property=\"product:price:currency\" content=\"EUR\" \/>\n<meta property=\"og:availability\" content=\"instock\" \/>\n<meta property=\"product:availability\" content=\"instock\" \/>\n<meta property=\"product:retailer_item_id\" content=\"A1336-RB-OR\" \/>\n<meta property=\"product:condition\" content=\"new\" \/>\n<!-- \/ Yoast SEO Premium plugin. -->","yoast_head_json":{"title":"BOUCLES D'OREILLES CERVERA TIARA EN OR ROSE, RUBIS, SAPHIRS, AM\u00c9THYSTE ET TOPAZE - Maison Roca","robots":{"index":"index","follow":"follow","max-snippet":"max-snippet:-1","max-image-preview":"max-image-preview:large","max-video-preview":"max-video-preview:-1"},"canonical":"https:\/\/maisonroca.ad\/fr\/boutique\/boucles-doreilles-cervera-tiara-en-or-rose-rubis-saphirs-amethyste-et-topaze\/","og_locale":"fr_FR","og_type":"article","og_title":"BOUCLES D'OREILLES CERVERA TIARA EN OR ROSE, RUBIS, SAPHIRS, AM\u00c9THYSTE ET TOPAZE","og_description":"Boucles d&rsquo;oreilles Cervera Tiara en or rose, rubi, saphir, am\u00e9thyste et topaze. D\u00e9tails: Or rose 18k Rubi 3,50 ct Saphir rose 0,796 ct Am\u00e9thyste Topaze","og_url":"https:\/\/maisonroca.ad\/fr\/boutique\/boucles-doreilles-cervera-tiara-en-or-rose-rubis-saphirs-amethyste-et-topaze\/","og_site_name":"Maison Roca","article_publisher":"https:\/\/www.facebook.com\/maisonroca","article_modified_time":"2024-12-09T17:26:05+00:00","og_image":[{"width":2319,"height":2139,"url":"https:\/\/maisonroca.ad\/wp-content\/uploads\/2024\/07\/a1336rb-or-min.jpg","type":"image\/jpeg"}],"twitter_card":"summary_large_image","twitter_misc":{"Prix":"9.252,00&nbsp;&euro;","Disponibilit\u00e9":"En stock"},"schema":{"@context":"https:\/\/schema.org","@graph":[{"@type":"WebPage","@id":"https:\/\/maisonroca.ad\/fr\/boutique\/boucles-doreilles-cervera-tiara-en-or-rose-rubis-saphirs-amethyste-et-topaze\/","url":"https:\/\/maisonroca.ad\/fr\/boutique\/boucles-doreilles-cervera-tiara-en-or-rose-rubis-saphirs-amethyste-et-topaze\/","name":"BOUCLES D'OREILLES CERVERA TIARA EN OR ROSE, RUBIS, SAPHIRS, AM\u00c9THYSTE ET TOPAZE - Maison Roca","isPartOf":{"@id":"https:\/\/maisonroca.ad\/fr\/#website"},"primaryImageOfPage":{"@id":"https:\/\/maisonroca.ad\/fr\/boutique\/boucles-doreilles-cervera-tiara-en-or-rose-rubis-saphirs-amethyste-et-topaze\/#primaryimage"},"image":{"@id":"https:\/\/maisonroca.ad\/fr\/boutique\/boucles-doreilles-cervera-tiara-en-or-rose-rubis-saphirs-amethyste-et-topaze\/#primaryimage"},"thumbnailUrl":"https:\/\/maisonroca.ad\/wp-content\/uploads\/2024\/07\/a1336rb-or-min.jpg","datePublished":"2024-07-28T21:57:10+00:00","dateModified":"2024-12-09T17:26:05+00:00","breadcrumb":{"@id":"https:\/\/maisonroca.ad\/fr\/boutique\/boucles-doreilles-cervera-tiara-en-or-rose-rubis-saphirs-amethyste-et-topaze\/#breadcrumb"},"inLanguage":"fr-FR","potentialAction":[{"@type":"ReadAction","target":["https:\/\/maisonroca.ad\/fr\/boutique\/boucles-doreilles-cervera-tiara-en-or-rose-rubis-saphirs-amethyste-et-topaze\/"]}]},{"@type":"ImageObject","inLanguage":"fr-FR","@id":"https:\/\/maisonroca.ad\/fr\/boutique\/boucles-doreilles-cervera-tiara-en-or-rose-rubis-saphirs-amethyste-et-topaze\/#primaryimage","url":"https:\/\/maisonroca.ad\/wp-content\/uploads\/2024\/07\/a1336rb-or-min.jpg","contentUrl":"https:\/\/maisonroca.ad\/wp-content\/uploads\/2024\/07\/a1336rb-or-min.jpg","width":2319,"height":2139},{"@type":"BreadcrumbList","@id":"https:\/\/maisonroca.ad\/fr\/boutique\/boucles-doreilles-cervera-tiara-en-or-rose-rubis-saphirs-amethyste-et-topaze\/#breadcrumb","itemListElement":[{"@type":"ListItem","position":1,"name":"Portada","item":"https:\/\/maisonroca.ad\/fr\/"},{"@type":"ListItem","position":2,"name":"Botiga","item":"https:\/\/maisonroca.ad\/botiga\/"},{"@type":"ListItem","position":3,"name":"BOUCLES D&#8217;OREILLES CERVERA TIARA EN OR ROSE, RUBIS, SAPHIRS, AM\u00c9THYSTE ET TOPAZE"}]},{"@type":"WebSite","@id":"https:\/\/maisonroca.ad\/fr\/#website","url":"https:\/\/maisonroca.ad\/fr\/","name":"Maison Roca","description":"Bold Luxury Life - joieria d&#039;autor - Andorra","publisher":{"@id":"https:\/\/maisonroca.ad\/fr\/#organization"},"potentialAction":[{"@type":"SearchAction","target":{"@type":"EntryPoint","urlTemplate":"https:\/\/maisonroca.ad\/fr\/?s={search_term_string}"},"query-input":{"@type":"PropertyValueSpecification","valueRequired":true,"valueName":"search_term_string"}}],"inLanguage":"fr-FR"},{"@type":"Organization","@id":"https:\/\/maisonroca.ad\/fr\/#organization","name":"Maison Roca","url":"https:\/\/maisonroca.ad\/fr\/","logo":{"@type":"ImageObject","inLanguage":"fr-FR","@id":"https:\/\/maisonroca.ad\/fr\/#\/schema\/logo\/image\/","url":"https:\/\/maisonroca.ad\/wp-content\/uploads\/2023\/10\/icono.png","contentUrl":"https:\/\/maisonroca.ad\/wp-content\/uploads\/2023\/10\/icono.png","width":512,"height":512,"caption":"Maison Roca"},"image":{"@id":"https:\/\/maisonroca.ad\/fr\/#\/schema\/logo\/image\/"},"sameAs":["https:\/\/www.facebook.com\/maisonroca","https:\/\/www.instagram.com\/maisonroca\/"]}]},"product_price_amount":"9252.00","product_price_currency":"EUR","og_availability":"instock","product_availability":"instock","product_retailer_item_id":"A1336-RB-OR","product_condition":"new"},"_links":{"self":[{"href":"https:\/\/maisonroca.ad\/fr\/wp-json\/wp\/v2\/product\/45529","targetHints":{"allow":["GET"]}}],"collection":[{"href":"https:\/\/maisonroca.ad\/fr\/wp-json\/wp\/v2\/product"}],"about":[{"href":"https:\/\/maisonroca.ad\/fr\/wp-json\/wp\/v2\/types\/product"}],"replies":[{"embeddable":true,"href":"https:\/\/maisonroca.ad\/fr\/wp-json\/wp\/v2\/comments?post=45529"}],"version-history":[{"count":1,"href":"https:\/\/maisonroca.ad\/fr\/wp-json\/wp\/v2\/product\/45529\/revisions"}],"predecessor-version":[{"id":66892,"href":"https:\/\/maisonroca.ad\/fr\/wp-json\/wp\/v2\/product\/45529\/revisions\/66892"}],"wp:featuredmedia":[{"embeddable":true,"href":"https:\/\/maisonroca.ad\/fr\/wp-json\/wp\/v2\/media\/53115"}],"wp:attachment":[{"href":"https:\/\/maisonroca.ad\/fr\/wp-json\/wp\/v2\/media?parent=45529"}],"wp:term":[{"taxonomy":"product_brand","embeddable":true,"href":"https:\/\/maisonroca.ad\/fr\/wp-json\/wp\/v2\/product_brand?post=45529"},{"taxonomy":"product_cat","embeddable":true,"href":"https:\/\/maisonroca.ad\/fr\/wp-json\/wp\/v2\/product_cat?post=45529"},{"taxonomy":"product_tag","embeddable":true,"href":"https:\/\/maisonroca.ad\/fr\/wp-json\/wp\/v2\/product_tag?post=45529"}],"curies":[{"name":"wp","href":"https:\/\/api.w.org\/{rel}","templated":true}]}}