{"id":45799,"date":"2024-07-28T23:58:44","date_gmt":"2024-07-28T21:58:44","guid":{"rendered":"https:\/\/maisonroca.ad\/product\/cordon-fred-force-10-gm-blanc-avec-embout-en-or-blanc\/"},"modified":"2026-02-25T16:05:08","modified_gmt":"2026-02-25T15:05:08","slug":"bracelet-fred-force-10-maillons-or-blanc-grand-modele","status":"publish","type":"product","link":"https:\/\/maisonroca.ad\/fr\/boutique\/bracelet-fred-force-10-maillons-or-blanc-grand-modele\/","title":{"rendered":"Bracelet FRED Force 10 Maillons grand mod\u00e8le en or blanc"},"content":{"rendered":"<p>Bracelet Fred Force 10 maillons pour bracelet grand mod\u00e8le en or blanc.<\/p>\n<p>D\u00e9tails:<\/p>\n<p>\u2022 Or blanc 18k 13,60 g<\/p>\n<p>\u2022 Maillons<\/p>\n<p>&nbsp;<\/p>\n","protected":false},"excerpt":{"rendered":"<p>Le bracelet FRED Force 10 Link en or blanc r\u00e9interpr\u00e8te l\u2019esprit nautique embl\u00e9matique de la Maison \u00e0 travers un design raffin\u00e9 et contemporain.<\/p>\n","protected":false},"featured_media":53923,"comment_status":"closed","ping_status":"closed","template":"","meta":{"_acf_changed":false,"_monsterinsights_skip_tracking":false,"_monsterinsights_sitenote_active":false,"_monsterinsights_sitenote_note":"","_monsterinsights_sitenote_category":0},"product_brand":[],"product_cat":[1244,1252],"product_tag":[2161,2171],"class_list":{"0":"post-45799","1":"product","2":"type-product","3":"status-publish","4":"has-post-thumbnail","6":"product_cat-bijou","7":"product_cat-fred-fr","8":"product_tag-fred-2","9":"product_tag-or-blanc-2","11":"first","12":"instock","13":"sold-individually","14":"purchasable","15":"product-type-simple"},"acf":[],"yoast_head":"<!-- This site is optimized with the Yoast SEO Premium plugin v26.8 (Yoast SEO v27.3) - https:\/\/yoast.com\/product\/yoast-seo-premium-wordpress\/ -->\n<title>Bracelet FRED Force 10 Link en Or Blanc | Maison Roca<\/title>\n<meta name=\"description\" content=\"D\u00e9couvrez le bracelet FRED Force 10 Link en or blanc, une cr\u00e9ation iconiqnautique alliant design et \u00e9l\u00e9gance intemporelle. D\u00e9couvrez-le chez Maison Roca.\" \/>\n<meta name=\"robots\" content=\"index, follow, max-snippet:-1, max-image-preview:large, max-video-preview:-1\" \/>\n<link rel=\"canonical\" href=\"https:\/\/maisonroca.ad\/fr\/boutique\/bracelet-fred-force-10-maillons-or-blanc-grand-modele\/\" \/>\n<meta property=\"og:locale\" content=\"fr_FR\" \/>\n<meta property=\"og:type\" content=\"article\" \/>\n<meta property=\"og:title\" content=\"Bracelet FRED Force 10 Maillons grand mod\u00e8le en or blanc\" \/>\n<meta property=\"og:description\" content=\"D\u00e9couvrez le bracelet FRED Force 10 Link en or blanc, une cr\u00e9ation iconiqnautique alliant design et \u00e9l\u00e9gance intemporelle. D\u00e9couvrez-le chez Maison Roca.\" \/>\n<meta property=\"og:url\" content=\"https:\/\/maisonroca.ad\/fr\/boutique\/bracelet-fred-force-10-maillons-or-blanc-grand-modele\/\" \/>\n<meta property=\"og:site_name\" content=\"Maison Roca\" \/>\n<meta property=\"article:publisher\" content=\"https:\/\/www.facebook.com\/maisonroca\" \/>\n<meta property=\"article:modified_time\" content=\"2026-02-25T15:05:08+00:00\" \/>\n<meta property=\"og:image\" content=\"https:\/\/maisonroca.ad\/wp-content\/uploads\/2024\/07\/6B1108.jpg\" \/>\n\t<meta property=\"og:image:width\" content=\"1080\" \/>\n\t<meta property=\"og:image:height\" content=\"1080\" \/>\n\t<meta property=\"og:image:type\" content=\"image\/jpeg\" \/>\n<meta name=\"twitter:card\" content=\"summary_large_image\" \/>\n<meta name=\"twitter:label1\" content=\"Prix\" \/>\n\t<meta name=\"twitter:data1\" content=\"5.389,00&nbsp;&euro;\" \/>\n\t<meta name=\"twitter:label2\" content=\"Disponibilit\u00e9\" \/>\n\t<meta name=\"twitter:data2\" content=\"En stock\" \/>\n<script type=\"application\/ld+json\" class=\"yoast-schema-graph\">{\"@context\":\"https:\\\/\\\/schema.org\",\"@graph\":[{\"@type\":\"WebPage\",\"@id\":\"https:\\\/\\\/maisonroca.ad\\\/fr\\\/boutique\\\/bracelet-fred-force-10-maillons-or-blanc-grand-modele\\\/\",\"url\":\"https:\\\/\\\/maisonroca.ad\\\/fr\\\/boutique\\\/bracelet-fred-force-10-maillons-or-blanc-grand-modele\\\/\",\"name\":\"Bracelet FRED Force 10 Link en Or Blanc | Maison Roca\",\"isPartOf\":{\"@id\":\"https:\\\/\\\/maisonroca.ad\\\/fr\\\/#website\"},\"primaryImageOfPage\":{\"@id\":\"https:\\\/\\\/maisonroca.ad\\\/fr\\\/boutique\\\/bracelet-fred-force-10-maillons-or-blanc-grand-modele\\\/#primaryimage\"},\"image\":{\"@id\":\"https:\\\/\\\/maisonroca.ad\\\/fr\\\/boutique\\\/bracelet-fred-force-10-maillons-or-blanc-grand-modele\\\/#primaryimage\"},\"thumbnailUrl\":\"https:\\\/\\\/maisonroca.ad\\\/wp-content\\\/uploads\\\/2024\\\/07\\\/6B1108.jpg\",\"datePublished\":\"2024-07-28T21:58:44+00:00\",\"dateModified\":\"2026-02-25T15:05:08+00:00\",\"description\":\"D\u00e9couvrez le bracelet FRED Force 10 Link en or blanc, une cr\u00e9ation iconiqnautique alliant design et \u00e9l\u00e9gance intemporelle. D\u00e9couvrez-le chez Maison Roca.\",\"breadcrumb\":{\"@id\":\"https:\\\/\\\/maisonroca.ad\\\/fr\\\/boutique\\\/bracelet-fred-force-10-maillons-or-blanc-grand-modele\\\/#breadcrumb\"},\"inLanguage\":\"fr-FR\",\"potentialAction\":[{\"@type\":\"ReadAction\",\"target\":[\"https:\\\/\\\/maisonroca.ad\\\/fr\\\/boutique\\\/bracelet-fred-force-10-maillons-or-blanc-grand-modele\\\/\"]}]},{\"@type\":\"ImageObject\",\"inLanguage\":\"fr-FR\",\"@id\":\"https:\\\/\\\/maisonroca.ad\\\/fr\\\/boutique\\\/bracelet-fred-force-10-maillons-or-blanc-grand-modele\\\/#primaryimage\",\"url\":\"https:\\\/\\\/maisonroca.ad\\\/wp-content\\\/uploads\\\/2024\\\/07\\\/6B1108.jpg\",\"contentUrl\":\"https:\\\/\\\/maisonroca.ad\\\/wp-content\\\/uploads\\\/2024\\\/07\\\/6B1108.jpg\",\"width\":1080,\"height\":1080},{\"@type\":\"BreadcrumbList\",\"@id\":\"https:\\\/\\\/maisonroca.ad\\\/fr\\\/boutique\\\/bracelet-fred-force-10-maillons-or-blanc-grand-modele\\\/#breadcrumb\",\"itemListElement\":[{\"@type\":\"ListItem\",\"position\":1,\"name\":\"Portada\",\"item\":\"https:\\\/\\\/maisonroca.ad\\\/fr\\\/\"},{\"@type\":\"ListItem\",\"position\":2,\"name\":\"Botiga\",\"item\":\"https:\\\/\\\/maisonroca.ad\\\/botiga\\\/\"},{\"@type\":\"ListItem\",\"position\":3,\"name\":\"Bracelet FRED Force 10 Maillons grand mod\u00e8le en or blanc\"}]},{\"@type\":\"WebSite\",\"@id\":\"https:\\\/\\\/maisonroca.ad\\\/fr\\\/#website\",\"url\":\"https:\\\/\\\/maisonroca.ad\\\/fr\\\/\",\"name\":\"Maison Roca\",\"description\":\"Bold Luxury Life - joieria d&#039;autor - Andorra\",\"publisher\":{\"@id\":\"https:\\\/\\\/maisonroca.ad\\\/fr\\\/#organization\"},\"potentialAction\":[{\"@type\":\"SearchAction\",\"target\":{\"@type\":\"EntryPoint\",\"urlTemplate\":\"https:\\\/\\\/maisonroca.ad\\\/fr\\\/?s={search_term_string}\"},\"query-input\":{\"@type\":\"PropertyValueSpecification\",\"valueRequired\":true,\"valueName\":\"search_term_string\"}}],\"inLanguage\":\"fr-FR\"},{\"@type\":\"Organization\",\"@id\":\"https:\\\/\\\/maisonroca.ad\\\/fr\\\/#organization\",\"name\":\"Maison Roca\",\"url\":\"https:\\\/\\\/maisonroca.ad\\\/fr\\\/\",\"logo\":{\"@type\":\"ImageObject\",\"inLanguage\":\"fr-FR\",\"@id\":\"https:\\\/\\\/maisonroca.ad\\\/fr\\\/#\\\/schema\\\/logo\\\/image\\\/\",\"url\":\"https:\\\/\\\/maisonroca.ad\\\/wp-content\\\/uploads\\\/2023\\\/10\\\/icono.png\",\"contentUrl\":\"https:\\\/\\\/maisonroca.ad\\\/wp-content\\\/uploads\\\/2023\\\/10\\\/icono.png\",\"width\":512,\"height\":512,\"caption\":\"Maison Roca\"},\"image\":{\"@id\":\"https:\\\/\\\/maisonroca.ad\\\/fr\\\/#\\\/schema\\\/logo\\\/image\\\/\"},\"sameAs\":[\"https:\\\/\\\/www.facebook.com\\\/maisonroca\",\"https:\\\/\\\/www.instagram.com\\\/maisonroca\\\/\"]}]}<\/script>\n<meta property=\"product:price:amount\" content=\"5389.00\" \/>\n<meta property=\"product:price:currency\" content=\"EUR\" \/>\n<meta property=\"og:availability\" content=\"instock\" \/>\n<meta property=\"product:availability\" content=\"instock\" \/>\n<meta property=\"product:retailer_item_id\" content=\"6B1108\" \/>\n<meta property=\"product:condition\" content=\"new\" \/>\n<!-- \/ Yoast SEO Premium plugin. -->","yoast_head_json":{"title":"Bracelet FRED Force 10 Link en Or Blanc | Maison Roca","description":"D\u00e9couvrez le bracelet FRED Force 10 Link en or blanc, une cr\u00e9ation iconiqnautique alliant design et \u00e9l\u00e9gance intemporelle. D\u00e9couvrez-le chez Maison Roca.","robots":{"index":"index","follow":"follow","max-snippet":"max-snippet:-1","max-image-preview":"max-image-preview:large","max-video-preview":"max-video-preview:-1"},"canonical":"https:\/\/maisonroca.ad\/fr\/boutique\/bracelet-fred-force-10-maillons-or-blanc-grand-modele\/","og_locale":"fr_FR","og_type":"article","og_title":"Bracelet FRED Force 10 Maillons grand mod\u00e8le en or blanc","og_description":"D\u00e9couvrez le bracelet FRED Force 10 Link en or blanc, une cr\u00e9ation iconiqnautique alliant design et \u00e9l\u00e9gance intemporelle. D\u00e9couvrez-le chez Maison Roca.","og_url":"https:\/\/maisonroca.ad\/fr\/boutique\/bracelet-fred-force-10-maillons-or-blanc-grand-modele\/","og_site_name":"Maison Roca","article_publisher":"https:\/\/www.facebook.com\/maisonroca","article_modified_time":"2026-02-25T15:05:08+00:00","og_image":[{"width":1080,"height":1080,"url":"https:\/\/maisonroca.ad\/wp-content\/uploads\/2024\/07\/6B1108.jpg","type":"image\/jpeg"}],"twitter_card":"summary_large_image","twitter_misc":{"Prix":"5.389,00&nbsp;&euro;","Disponibilit\u00e9":"En stock"},"schema":{"@context":"https:\/\/schema.org","@graph":[{"@type":"WebPage","@id":"https:\/\/maisonroca.ad\/fr\/boutique\/bracelet-fred-force-10-maillons-or-blanc-grand-modele\/","url":"https:\/\/maisonroca.ad\/fr\/boutique\/bracelet-fred-force-10-maillons-or-blanc-grand-modele\/","name":"Bracelet FRED Force 10 Link en Or Blanc | Maison Roca","isPartOf":{"@id":"https:\/\/maisonroca.ad\/fr\/#website"},"primaryImageOfPage":{"@id":"https:\/\/maisonroca.ad\/fr\/boutique\/bracelet-fred-force-10-maillons-or-blanc-grand-modele\/#primaryimage"},"image":{"@id":"https:\/\/maisonroca.ad\/fr\/boutique\/bracelet-fred-force-10-maillons-or-blanc-grand-modele\/#primaryimage"},"thumbnailUrl":"https:\/\/maisonroca.ad\/wp-content\/uploads\/2024\/07\/6B1108.jpg","datePublished":"2024-07-28T21:58:44+00:00","dateModified":"2026-02-25T15:05:08+00:00","description":"D\u00e9couvrez le bracelet FRED Force 10 Link en or blanc, une cr\u00e9ation iconiqnautique alliant design et \u00e9l\u00e9gance intemporelle. D\u00e9couvrez-le chez Maison Roca.","breadcrumb":{"@id":"https:\/\/maisonroca.ad\/fr\/boutique\/bracelet-fred-force-10-maillons-or-blanc-grand-modele\/#breadcrumb"},"inLanguage":"fr-FR","potentialAction":[{"@type":"ReadAction","target":["https:\/\/maisonroca.ad\/fr\/boutique\/bracelet-fred-force-10-maillons-or-blanc-grand-modele\/"]}]},{"@type":"ImageObject","inLanguage":"fr-FR","@id":"https:\/\/maisonroca.ad\/fr\/boutique\/bracelet-fred-force-10-maillons-or-blanc-grand-modele\/#primaryimage","url":"https:\/\/maisonroca.ad\/wp-content\/uploads\/2024\/07\/6B1108.jpg","contentUrl":"https:\/\/maisonroca.ad\/wp-content\/uploads\/2024\/07\/6B1108.jpg","width":1080,"height":1080},{"@type":"BreadcrumbList","@id":"https:\/\/maisonroca.ad\/fr\/boutique\/bracelet-fred-force-10-maillons-or-blanc-grand-modele\/#breadcrumb","itemListElement":[{"@type":"ListItem","position":1,"name":"Portada","item":"https:\/\/maisonroca.ad\/fr\/"},{"@type":"ListItem","position":2,"name":"Botiga","item":"https:\/\/maisonroca.ad\/botiga\/"},{"@type":"ListItem","position":3,"name":"Bracelet FRED Force 10 Maillons grand mod\u00e8le en or blanc"}]},{"@type":"WebSite","@id":"https:\/\/maisonroca.ad\/fr\/#website","url":"https:\/\/maisonroca.ad\/fr\/","name":"Maison Roca","description":"Bold Luxury Life - joieria d&#039;autor - Andorra","publisher":{"@id":"https:\/\/maisonroca.ad\/fr\/#organization"},"potentialAction":[{"@type":"SearchAction","target":{"@type":"EntryPoint","urlTemplate":"https:\/\/maisonroca.ad\/fr\/?s={search_term_string}"},"query-input":{"@type":"PropertyValueSpecification","valueRequired":true,"valueName":"search_term_string"}}],"inLanguage":"fr-FR"},{"@type":"Organization","@id":"https:\/\/maisonroca.ad\/fr\/#organization","name":"Maison Roca","url":"https:\/\/maisonroca.ad\/fr\/","logo":{"@type":"ImageObject","inLanguage":"fr-FR","@id":"https:\/\/maisonroca.ad\/fr\/#\/schema\/logo\/image\/","url":"https:\/\/maisonroca.ad\/wp-content\/uploads\/2023\/10\/icono.png","contentUrl":"https:\/\/maisonroca.ad\/wp-content\/uploads\/2023\/10\/icono.png","width":512,"height":512,"caption":"Maison Roca"},"image":{"@id":"https:\/\/maisonroca.ad\/fr\/#\/schema\/logo\/image\/"},"sameAs":["https:\/\/www.facebook.com\/maisonroca","https:\/\/www.instagram.com\/maisonroca\/"]}]},"product_price_amount":"5389.00","product_price_currency":"EUR","og_availability":"instock","product_availability":"instock","product_retailer_item_id":"6B1108","product_condition":"new"},"_links":{"self":[{"href":"https:\/\/maisonroca.ad\/fr\/wp-json\/wp\/v2\/product\/45799","targetHints":{"allow":["GET"]}}],"collection":[{"href":"https:\/\/maisonroca.ad\/fr\/wp-json\/wp\/v2\/product"}],"about":[{"href":"https:\/\/maisonroca.ad\/fr\/wp-json\/wp\/v2\/types\/product"}],"replies":[{"embeddable":true,"href":"https:\/\/maisonroca.ad\/fr\/wp-json\/wp\/v2\/comments?post=45799"}],"version-history":[{"count":6,"href":"https:\/\/maisonroca.ad\/fr\/wp-json\/wp\/v2\/product\/45799\/revisions"}],"predecessor-version":[{"id":84530,"href":"https:\/\/maisonroca.ad\/fr\/wp-json\/wp\/v2\/product\/45799\/revisions\/84530"}],"wp:featuredmedia":[{"embeddable":true,"href":"https:\/\/maisonroca.ad\/fr\/wp-json\/wp\/v2\/media\/53923"}],"wp:attachment":[{"href":"https:\/\/maisonroca.ad\/fr\/wp-json\/wp\/v2\/media?parent=45799"}],"wp:term":[{"taxonomy":"product_brand","embeddable":true,"href":"https:\/\/maisonroca.ad\/fr\/wp-json\/wp\/v2\/product_brand?post=45799"},{"taxonomy":"product_cat","embeddable":true,"href":"https:\/\/maisonroca.ad\/fr\/wp-json\/wp\/v2\/product_cat?post=45799"},{"taxonomy":"product_tag","embeddable":true,"href":"https:\/\/maisonroca.ad\/fr\/wp-json\/wp\/v2\/product_tag?post=45799"}],"curies":[{"name":"wp","href":"https:\/\/api.w.org\/{rel}","templated":true}]}}