{"id":45813,"date":"2024-07-28T23:58:51","date_gmt":"2024-07-28T21:58:51","guid":{"rendered":"https:\/\/maisonroca.ad\/product\/collier-gigi-clozeau-madone-croix-perlee-en-or-rose-et-resine\/"},"modified":"2026-01-22T09:50:09","modified_gmt":"2026-01-22T08:50:09","slug":"collier-gigi-clozeau-madone-croix-perlee-en-or-rose-et-resine","status":"publish","type":"product","link":"https:\/\/maisonroca.ad\/fr\/boutique\/collier-gigi-clozeau-madone-croix-perlee-en-or-rose-et-resine\/","title":{"rendered":"COLLIER GIGI CLOZEAU CROIX DE C\u00d4T\u00c9 EN OR ROSE ET R\u00c9SINE NOIRE"},"content":{"rendered":"<p>Collier Gigi Clozeau de 42 cm en or rose, Croix de c\u00f4t\u00e9 et r\u00e9sine noire.<br \/>\n* Consultez la vari\u00e9t\u00e9 de couleurs disponibles.<\/p>\n<p>D\u00e9tails:<\/p>\n<p>Or rose 18k<br \/>\nR\u00e9sine<\/p>\n","protected":false},"excerpt":{"rendered":"<p>Collier Gigi Clozeau de 42 cm en or rose, Croix de c\u00f4t\u00e9 et r\u00e9sine noire. * Consultez la vari\u00e9t\u00e9 de couleurs disponibles. D\u00e9tails: Or rose 18k R\u00e9sine<\/p>\n","protected":false},"featured_media":6309,"comment_status":"closed","ping_status":"closed","template":"","meta":{"_acf_changed":false,"_monsterinsights_skip_tracking":false,"_monsterinsights_sitenote_active":false,"_monsterinsights_sitenote_note":"","_monsterinsights_sitenote_category":0},"product_brand":[],"product_cat":[1244,1254],"product_tag":[3861,2132,3391],"class_list":{"0":"post-45813","1":"product","2":"type-product","3":"status-publish","4":"has-post-thumbnail","6":"product_cat-bijou","7":"product_cat-gigi-clozeau-fr","8":"product_tag-collars","9":"product_tag-gigi-clozeau-2","10":"product_tag-or-rosa-fr","12":"first","13":"instock","14":"sold-individually","15":"purchasable","16":"product-type-simple"},"acf":[],"yoast_head":"<!-- This site is optimized with the Yoast SEO Premium plugin v26.8 (Yoast SEO v27.3) - https:\/\/yoast.com\/product\/yoast-seo-premium-wordpress\/ -->\n<title>COLLIER GIGI CLOZEAU CROIX DE C\u00d4T\u00c9 EN OR ROSE ET R\u00c9SINE NOIRE - Maison Roca<\/title>\n<meta name=\"robots\" content=\"index, follow, max-snippet:-1, max-image-preview:large, max-video-preview:-1\" \/>\n<link rel=\"canonical\" href=\"https:\/\/maisonroca.ad\/fr\/boutique\/collier-gigi-clozeau-madone-croix-perlee-en-or-rose-et-resine\/\" \/>\n<meta property=\"og:locale\" content=\"fr_FR\" \/>\n<meta property=\"og:type\" content=\"article\" \/>\n<meta property=\"og:title\" content=\"COLLIER GIGI CLOZEAU CROIX DE C\u00d4T\u00c9 EN OR ROSE ET R\u00c9SINE NOIRE\" \/>\n<meta property=\"og:description\" content=\"Collier Gigi Clozeau de 42 cm en or rose, Croix de c\u00f4t\u00e9 et r\u00e9sine noire. * Consultez la vari\u00e9t\u00e9 de couleurs disponibles. D\u00e9tails: Or rose 18k R\u00e9sine\" \/>\n<meta property=\"og:url\" content=\"https:\/\/maisonroca.ad\/fr\/boutique\/collier-gigi-clozeau-madone-croix-perlee-en-or-rose-et-resine\/\" \/>\n<meta property=\"og:site_name\" content=\"Maison Roca\" \/>\n<meta property=\"article:publisher\" content=\"https:\/\/www.facebook.com\/maisonroca\" \/>\n<meta property=\"article:modified_time\" content=\"2026-01-22T08:50:09+00:00\" \/>\n<meta property=\"og:image\" content=\"https:\/\/maisonroca.ad\/wp-content\/uploads\/2024\/07\/b1co002r20.jpg\" \/>\n\t<meta property=\"og:image:width\" content=\"1200\" \/>\n\t<meta property=\"og:image:height\" content=\"1200\" \/>\n\t<meta property=\"og:image:type\" content=\"image\/jpeg\" \/>\n<meta name=\"twitter:card\" content=\"summary_large_image\" \/>\n<meta name=\"twitter:label1\" content=\"Prix\" \/>\n\t<meta name=\"twitter:data1\" content=\"489,00&nbsp;&euro;\" \/>\n\t<meta name=\"twitter:label2\" content=\"Disponibilit\u00e9\" \/>\n\t<meta name=\"twitter:data2\" content=\"En stock\" \/>\n<script type=\"application\/ld+json\" class=\"yoast-schema-graph\">{\"@context\":\"https:\\\/\\\/schema.org\",\"@graph\":[{\"@type\":\"WebPage\",\"@id\":\"https:\\\/\\\/maisonroca.ad\\\/fr\\\/boutique\\\/collier-gigi-clozeau-madone-croix-perlee-en-or-rose-et-resine\\\/\",\"url\":\"https:\\\/\\\/maisonroca.ad\\\/fr\\\/boutique\\\/collier-gigi-clozeau-madone-croix-perlee-en-or-rose-et-resine\\\/\",\"name\":\"COLLIER GIGI CLOZEAU CROIX DE C\u00d4T\u00c9 EN OR ROSE ET R\u00c9SINE NOIRE - Maison Roca\",\"isPartOf\":{\"@id\":\"https:\\\/\\\/maisonroca.ad\\\/fr\\\/#website\"},\"primaryImageOfPage\":{\"@id\":\"https:\\\/\\\/maisonroca.ad\\\/fr\\\/boutique\\\/collier-gigi-clozeau-madone-croix-perlee-en-or-rose-et-resine\\\/#primaryimage\"},\"image\":{\"@id\":\"https:\\\/\\\/maisonroca.ad\\\/fr\\\/boutique\\\/collier-gigi-clozeau-madone-croix-perlee-en-or-rose-et-resine\\\/#primaryimage\"},\"thumbnailUrl\":\"https:\\\/\\\/maisonroca.ad\\\/wp-content\\\/uploads\\\/2024\\\/07\\\/b1co002r20.jpg\",\"datePublished\":\"2024-07-28T21:58:51+00:00\",\"dateModified\":\"2026-01-22T08:50:09+00:00\",\"breadcrumb\":{\"@id\":\"https:\\\/\\\/maisonroca.ad\\\/fr\\\/boutique\\\/collier-gigi-clozeau-madone-croix-perlee-en-or-rose-et-resine\\\/#breadcrumb\"},\"inLanguage\":\"fr-FR\",\"potentialAction\":[{\"@type\":\"ReadAction\",\"target\":[\"https:\\\/\\\/maisonroca.ad\\\/fr\\\/boutique\\\/collier-gigi-clozeau-madone-croix-perlee-en-or-rose-et-resine\\\/\"]}]},{\"@type\":\"ImageObject\",\"inLanguage\":\"fr-FR\",\"@id\":\"https:\\\/\\\/maisonroca.ad\\\/fr\\\/boutique\\\/collier-gigi-clozeau-madone-croix-perlee-en-or-rose-et-resine\\\/#primaryimage\",\"url\":\"https:\\\/\\\/maisonroca.ad\\\/wp-content\\\/uploads\\\/2024\\\/07\\\/b1co002r20.jpg\",\"contentUrl\":\"https:\\\/\\\/maisonroca.ad\\\/wp-content\\\/uploads\\\/2024\\\/07\\\/b1co002r20.jpg\",\"width\":1200,\"height\":1200,\"caption\":\"maison-roca-andorra-gigi-clozeau-collar-madone-creu-or-rosa-resina-negra\"},{\"@type\":\"BreadcrumbList\",\"@id\":\"https:\\\/\\\/maisonroca.ad\\\/fr\\\/boutique\\\/collier-gigi-clozeau-madone-croix-perlee-en-or-rose-et-resine\\\/#breadcrumb\",\"itemListElement\":[{\"@type\":\"ListItem\",\"position\":1,\"name\":\"Portada\",\"item\":\"https:\\\/\\\/maisonroca.ad\\\/fr\\\/\"},{\"@type\":\"ListItem\",\"position\":2,\"name\":\"Botiga\",\"item\":\"https:\\\/\\\/maisonroca.ad\\\/botiga\\\/\"},{\"@type\":\"ListItem\",\"position\":3,\"name\":\"COLLIER GIGI CLOZEAU CROIX DE C\u00d4T\u00c9 EN OR ROSE ET R\u00c9SINE NOIRE\"}]},{\"@type\":\"WebSite\",\"@id\":\"https:\\\/\\\/maisonroca.ad\\\/fr\\\/#website\",\"url\":\"https:\\\/\\\/maisonroca.ad\\\/fr\\\/\",\"name\":\"Maison Roca\",\"description\":\"Bold Luxury Life - joieria d&#039;autor - Andorra\",\"publisher\":{\"@id\":\"https:\\\/\\\/maisonroca.ad\\\/fr\\\/#organization\"},\"potentialAction\":[{\"@type\":\"SearchAction\",\"target\":{\"@type\":\"EntryPoint\",\"urlTemplate\":\"https:\\\/\\\/maisonroca.ad\\\/fr\\\/?s={search_term_string}\"},\"query-input\":{\"@type\":\"PropertyValueSpecification\",\"valueRequired\":true,\"valueName\":\"search_term_string\"}}],\"inLanguage\":\"fr-FR\"},{\"@type\":\"Organization\",\"@id\":\"https:\\\/\\\/maisonroca.ad\\\/fr\\\/#organization\",\"name\":\"Maison Roca\",\"url\":\"https:\\\/\\\/maisonroca.ad\\\/fr\\\/\",\"logo\":{\"@type\":\"ImageObject\",\"inLanguage\":\"fr-FR\",\"@id\":\"https:\\\/\\\/maisonroca.ad\\\/fr\\\/#\\\/schema\\\/logo\\\/image\\\/\",\"url\":\"https:\\\/\\\/maisonroca.ad\\\/wp-content\\\/uploads\\\/2023\\\/10\\\/icono.png\",\"contentUrl\":\"https:\\\/\\\/maisonroca.ad\\\/wp-content\\\/uploads\\\/2023\\\/10\\\/icono.png\",\"width\":512,\"height\":512,\"caption\":\"Maison Roca\"},\"image\":{\"@id\":\"https:\\\/\\\/maisonroca.ad\\\/fr\\\/#\\\/schema\\\/logo\\\/image\\\/\"},\"sameAs\":[\"https:\\\/\\\/www.facebook.com\\\/maisonroca\",\"https:\\\/\\\/www.instagram.com\\\/maisonroca\\\/\"]}]}<\/script>\n<meta property=\"product:price:amount\" content=\"489.00\" \/>\n<meta property=\"product:price:currency\" content=\"EUR\" \/>\n<meta property=\"og:availability\" content=\"instock\" \/>\n<meta property=\"product:availability\" content=\"instock\" \/>\n<meta property=\"product:retailer_item_id\" content=\"B1CO002R20\" \/>\n<meta property=\"product:condition\" content=\"new\" \/>\n<!-- \/ Yoast SEO Premium plugin. -->","yoast_head_json":{"title":"COLLIER GIGI CLOZEAU CROIX DE C\u00d4T\u00c9 EN OR ROSE ET R\u00c9SINE NOIRE - Maison Roca","robots":{"index":"index","follow":"follow","max-snippet":"max-snippet:-1","max-image-preview":"max-image-preview:large","max-video-preview":"max-video-preview:-1"},"canonical":"https:\/\/maisonroca.ad\/fr\/boutique\/collier-gigi-clozeau-madone-croix-perlee-en-or-rose-et-resine\/","og_locale":"fr_FR","og_type":"article","og_title":"COLLIER GIGI CLOZEAU CROIX DE C\u00d4T\u00c9 EN OR ROSE ET R\u00c9SINE NOIRE","og_description":"Collier Gigi Clozeau de 42 cm en or rose, Croix de c\u00f4t\u00e9 et r\u00e9sine noire. * Consultez la vari\u00e9t\u00e9 de couleurs disponibles. D\u00e9tails: Or rose 18k R\u00e9sine","og_url":"https:\/\/maisonroca.ad\/fr\/boutique\/collier-gigi-clozeau-madone-croix-perlee-en-or-rose-et-resine\/","og_site_name":"Maison Roca","article_publisher":"https:\/\/www.facebook.com\/maisonroca","article_modified_time":"2026-01-22T08:50:09+00:00","og_image":[{"width":1200,"height":1200,"url":"https:\/\/maisonroca.ad\/wp-content\/uploads\/2024\/07\/b1co002r20.jpg","type":"image\/jpeg"}],"twitter_card":"summary_large_image","twitter_misc":{"Prix":"489,00&nbsp;&euro;","Disponibilit\u00e9":"En stock"},"schema":{"@context":"https:\/\/schema.org","@graph":[{"@type":"WebPage","@id":"https:\/\/maisonroca.ad\/fr\/boutique\/collier-gigi-clozeau-madone-croix-perlee-en-or-rose-et-resine\/","url":"https:\/\/maisonroca.ad\/fr\/boutique\/collier-gigi-clozeau-madone-croix-perlee-en-or-rose-et-resine\/","name":"COLLIER GIGI CLOZEAU CROIX DE C\u00d4T\u00c9 EN OR ROSE ET R\u00c9SINE NOIRE - Maison Roca","isPartOf":{"@id":"https:\/\/maisonroca.ad\/fr\/#website"},"primaryImageOfPage":{"@id":"https:\/\/maisonroca.ad\/fr\/boutique\/collier-gigi-clozeau-madone-croix-perlee-en-or-rose-et-resine\/#primaryimage"},"image":{"@id":"https:\/\/maisonroca.ad\/fr\/boutique\/collier-gigi-clozeau-madone-croix-perlee-en-or-rose-et-resine\/#primaryimage"},"thumbnailUrl":"https:\/\/maisonroca.ad\/wp-content\/uploads\/2024\/07\/b1co002r20.jpg","datePublished":"2024-07-28T21:58:51+00:00","dateModified":"2026-01-22T08:50:09+00:00","breadcrumb":{"@id":"https:\/\/maisonroca.ad\/fr\/boutique\/collier-gigi-clozeau-madone-croix-perlee-en-or-rose-et-resine\/#breadcrumb"},"inLanguage":"fr-FR","potentialAction":[{"@type":"ReadAction","target":["https:\/\/maisonroca.ad\/fr\/boutique\/collier-gigi-clozeau-madone-croix-perlee-en-or-rose-et-resine\/"]}]},{"@type":"ImageObject","inLanguage":"fr-FR","@id":"https:\/\/maisonroca.ad\/fr\/boutique\/collier-gigi-clozeau-madone-croix-perlee-en-or-rose-et-resine\/#primaryimage","url":"https:\/\/maisonroca.ad\/wp-content\/uploads\/2024\/07\/b1co002r20.jpg","contentUrl":"https:\/\/maisonroca.ad\/wp-content\/uploads\/2024\/07\/b1co002r20.jpg","width":1200,"height":1200,"caption":"maison-roca-andorra-gigi-clozeau-collar-madone-creu-or-rosa-resina-negra"},{"@type":"BreadcrumbList","@id":"https:\/\/maisonroca.ad\/fr\/boutique\/collier-gigi-clozeau-madone-croix-perlee-en-or-rose-et-resine\/#breadcrumb","itemListElement":[{"@type":"ListItem","position":1,"name":"Portada","item":"https:\/\/maisonroca.ad\/fr\/"},{"@type":"ListItem","position":2,"name":"Botiga","item":"https:\/\/maisonroca.ad\/botiga\/"},{"@type":"ListItem","position":3,"name":"COLLIER GIGI CLOZEAU CROIX DE C\u00d4T\u00c9 EN OR ROSE ET R\u00c9SINE NOIRE"}]},{"@type":"WebSite","@id":"https:\/\/maisonroca.ad\/fr\/#website","url":"https:\/\/maisonroca.ad\/fr\/","name":"Maison Roca","description":"Bold Luxury Life - joieria d&#039;autor - Andorra","publisher":{"@id":"https:\/\/maisonroca.ad\/fr\/#organization"},"potentialAction":[{"@type":"SearchAction","target":{"@type":"EntryPoint","urlTemplate":"https:\/\/maisonroca.ad\/fr\/?s={search_term_string}"},"query-input":{"@type":"PropertyValueSpecification","valueRequired":true,"valueName":"search_term_string"}}],"inLanguage":"fr-FR"},{"@type":"Organization","@id":"https:\/\/maisonroca.ad\/fr\/#organization","name":"Maison Roca","url":"https:\/\/maisonroca.ad\/fr\/","logo":{"@type":"ImageObject","inLanguage":"fr-FR","@id":"https:\/\/maisonroca.ad\/fr\/#\/schema\/logo\/image\/","url":"https:\/\/maisonroca.ad\/wp-content\/uploads\/2023\/10\/icono.png","contentUrl":"https:\/\/maisonroca.ad\/wp-content\/uploads\/2023\/10\/icono.png","width":512,"height":512,"caption":"Maison Roca"},"image":{"@id":"https:\/\/maisonroca.ad\/fr\/#\/schema\/logo\/image\/"},"sameAs":["https:\/\/www.facebook.com\/maisonroca","https:\/\/www.instagram.com\/maisonroca\/"]}]},"product_price_amount":"489.00","product_price_currency":"EUR","og_availability":"instock","product_availability":"instock","product_retailer_item_id":"B1CO002R20","product_condition":"new"},"_links":{"self":[{"href":"https:\/\/maisonroca.ad\/fr\/wp-json\/wp\/v2\/product\/45813","targetHints":{"allow":["GET"]}}],"collection":[{"href":"https:\/\/maisonroca.ad\/fr\/wp-json\/wp\/v2\/product"}],"about":[{"href":"https:\/\/maisonroca.ad\/fr\/wp-json\/wp\/v2\/types\/product"}],"replies":[{"embeddable":true,"href":"https:\/\/maisonroca.ad\/fr\/wp-json\/wp\/v2\/comments?post=45813"}],"version-history":[{"count":2,"href":"https:\/\/maisonroca.ad\/fr\/wp-json\/wp\/v2\/product\/45813\/revisions"}],"predecessor-version":[{"id":82995,"href":"https:\/\/maisonroca.ad\/fr\/wp-json\/wp\/v2\/product\/45813\/revisions\/82995"}],"wp:featuredmedia":[{"embeddable":true,"href":"https:\/\/maisonroca.ad\/fr\/wp-json\/wp\/v2\/media\/6309"}],"wp:attachment":[{"href":"https:\/\/maisonroca.ad\/fr\/wp-json\/wp\/v2\/media?parent=45813"}],"wp:term":[{"taxonomy":"product_brand","embeddable":true,"href":"https:\/\/maisonroca.ad\/fr\/wp-json\/wp\/v2\/product_brand?post=45813"},{"taxonomy":"product_cat","embeddable":true,"href":"https:\/\/maisonroca.ad\/fr\/wp-json\/wp\/v2\/product_cat?post=45813"},{"taxonomy":"product_tag","embeddable":true,"href":"https:\/\/maisonroca.ad\/fr\/wp-json\/wp\/v2\/product_tag?post=45813"}],"curies":[{"name":"wp","href":"https:\/\/api.w.org\/{rel}","templated":true}]}}