{"id":45888,"date":"2024-07-28T23:59:21","date_gmt":"2024-07-28T21:59:21","guid":{"rendered":"https:\/\/maisonroca.ad\/product\/boucles-doreille-gigi-clozeau-supreme-en-or-rose-diamant-et-resine\/"},"modified":"2026-01-22T17:16:27","modified_gmt":"2026-01-22T16:16:27","slug":"boucles-doreille-gigi-clozeau-supreme-en-or-rose-diamant-et-resine","status":"publish","type":"product","link":"https:\/\/maisonroca.ad\/fr\/boutique\/boucles-doreille-gigi-clozeau-supreme-en-or-rose-diamant-et-resine\/","title":{"rendered":"BOUCLES D&rsquo;OREILLE GIGI CLOZEAU SUPR\u00caME EN OR ROSE, DIAMANT ET R\u00c9SINE \u00c9MERAUDE"},"content":{"rendered":"<p>Boucles d&rsquo;oreilles Gigi Clozeau Supr\u00eame en or rose, diamant et r\u00e9sine \u00e9meraude.<br \/>\n* Consultez la vari\u00e9t\u00e9 de couleurs disponibles<\/p>\n<p>&nbsp;<\/p>\n<p>D\u00e9tails:<\/p>\n<p>Or rose 0,75 g<br \/>\nDiamants 0,10 ct<br \/>\nR\u00e9sine<\/p>\n","protected":false},"excerpt":{"rendered":"<p>Boucles d&rsquo;oreilles Gigi Clozeau Supr\u00eame en or rose, diamant et r\u00e9sine \u00e9meraude. * Consultez la vari\u00e9t\u00e9 de couleurs disponibles &nbsp; D\u00e9tails: Or rose 0,75 g Diamants 0,10 ct R\u00e9sine<\/p>\n","protected":false},"featured_media":6471,"comment_status":"closed","ping_status":"closed","template":"","meta":{"_acf_changed":false,"_monsterinsights_skip_tracking":false,"_monsterinsights_sitenote_active":false,"_monsterinsights_sitenote_note":"","_monsterinsights_sitenote_category":0},"product_brand":[],"product_cat":[1244,1254],"product_tag":[2828,2192,2132,3391],"class_list":{"0":"post-45888","1":"product","2":"type-product","3":"status-publish","4":"has-post-thumbnail","6":"product_cat-bijou","7":"product_cat-gigi-clozeau-fr","8":"product_tag-arracades-fr","9":"product_tag-diamants-2","10":"product_tag-gigi-clozeau-2","11":"product_tag-or-rosa-fr","13":"first","14":"instock","15":"sold-individually","16":"purchasable","17":"product-type-simple"},"acf":[],"yoast_head":"<!-- This site is optimized with the Yoast SEO Premium plugin v26.8 (Yoast SEO v27.4) - https:\/\/yoast.com\/product\/yoast-seo-premium-wordpress\/ -->\n<title>BOUCLES D&#039;OREILLE GIGI CLOZEAU SUPR\u00caME EN OR ROSE, DIAMANT ET R\u00c9SINE \u00c9MERAUDE - Maison Roca<\/title>\n<meta name=\"robots\" content=\"index, follow, max-snippet:-1, max-image-preview:large, max-video-preview:-1\" \/>\n<link rel=\"canonical\" href=\"https:\/\/maisonroca.ad\/fr\/boutique\/boucles-doreille-gigi-clozeau-supreme-en-or-rose-diamant-et-resine\/\" \/>\n<meta property=\"og:locale\" content=\"fr_FR\" \/>\n<meta property=\"og:type\" content=\"article\" \/>\n<meta property=\"og:title\" content=\"BOUCLES D&#039;OREILLE GIGI CLOZEAU SUPR\u00caME EN OR ROSE, DIAMANT ET R\u00c9SINE \u00c9MERAUDE\" \/>\n<meta property=\"og:description\" content=\"Boucles d&rsquo;oreilles Gigi Clozeau Supr\u00eame en or rose, diamant et r\u00e9sine \u00e9meraude. * Consultez la vari\u00e9t\u00e9 de couleurs disponibles &nbsp; D\u00e9tails: Or rose 0,75 g Diamants 0,10 ct R\u00e9sine\" \/>\n<meta property=\"og:url\" content=\"https:\/\/maisonroca.ad\/fr\/boutique\/boucles-doreille-gigi-clozeau-supreme-en-or-rose-diamant-et-resine\/\" \/>\n<meta property=\"og:site_name\" content=\"Maison Roca\" \/>\n<meta property=\"article:publisher\" content=\"https:\/\/www.facebook.com\/maisonroca\" \/>\n<meta property=\"article:modified_time\" content=\"2026-01-22T16:16:27+00:00\" \/>\n<meta property=\"og:image\" content=\"https:\/\/maisonroca.ad\/wp-content\/uploads\/2024\/07\/b4gs001r35di.jpg\" \/>\n\t<meta property=\"og:image:width\" content=\"1200\" \/>\n\t<meta property=\"og:image:height\" content=\"1200\" \/>\n\t<meta property=\"og:image:type\" content=\"image\/jpeg\" \/>\n<meta name=\"twitter:card\" content=\"summary_large_image\" \/>\n<meta name=\"twitter:label1\" content=\"Prix\" \/>\n\t<meta name=\"twitter:data1\" content=\"655,00&nbsp;&euro;\" \/>\n\t<meta name=\"twitter:label2\" content=\"Disponibilit\u00e9\" \/>\n\t<meta name=\"twitter:data2\" content=\"En stock\" \/>\n<script type=\"application\/ld+json\" class=\"yoast-schema-graph\">{\"@context\":\"https:\\\/\\\/schema.org\",\"@graph\":[{\"@type\":\"WebPage\",\"@id\":\"https:\\\/\\\/maisonroca.ad\\\/fr\\\/boutique\\\/boucles-doreille-gigi-clozeau-supreme-en-or-rose-diamant-et-resine\\\/\",\"url\":\"https:\\\/\\\/maisonroca.ad\\\/fr\\\/boutique\\\/boucles-doreille-gigi-clozeau-supreme-en-or-rose-diamant-et-resine\\\/\",\"name\":\"BOUCLES D'OREILLE GIGI CLOZEAU SUPR\u00caME EN OR ROSE, DIAMANT ET R\u00c9SINE \u00c9MERAUDE - Maison Roca\",\"isPartOf\":{\"@id\":\"https:\\\/\\\/maisonroca.ad\\\/fr\\\/#website\"},\"primaryImageOfPage\":{\"@id\":\"https:\\\/\\\/maisonroca.ad\\\/fr\\\/boutique\\\/boucles-doreille-gigi-clozeau-supreme-en-or-rose-diamant-et-resine\\\/#primaryimage\"},\"image\":{\"@id\":\"https:\\\/\\\/maisonroca.ad\\\/fr\\\/boutique\\\/boucles-doreille-gigi-clozeau-supreme-en-or-rose-diamant-et-resine\\\/#primaryimage\"},\"thumbnailUrl\":\"https:\\\/\\\/maisonroca.ad\\\/wp-content\\\/uploads\\\/2024\\\/07\\\/b4gs001r35di.jpg\",\"datePublished\":\"2024-07-28T21:59:21+00:00\",\"dateModified\":\"2026-01-22T16:16:27+00:00\",\"breadcrumb\":{\"@id\":\"https:\\\/\\\/maisonroca.ad\\\/fr\\\/boutique\\\/boucles-doreille-gigi-clozeau-supreme-en-or-rose-diamant-et-resine\\\/#breadcrumb\"},\"inLanguage\":\"fr-FR\",\"potentialAction\":[{\"@type\":\"ReadAction\",\"target\":[\"https:\\\/\\\/maisonroca.ad\\\/fr\\\/boutique\\\/boucles-doreille-gigi-clozeau-supreme-en-or-rose-diamant-et-resine\\\/\"]}]},{\"@type\":\"ImageObject\",\"inLanguage\":\"fr-FR\",\"@id\":\"https:\\\/\\\/maisonroca.ad\\\/fr\\\/boutique\\\/boucles-doreille-gigi-clozeau-supreme-en-or-rose-diamant-et-resine\\\/#primaryimage\",\"url\":\"https:\\\/\\\/maisonroca.ad\\\/wp-content\\\/uploads\\\/2024\\\/07\\\/b4gs001r35di.jpg\",\"contentUrl\":\"https:\\\/\\\/maisonroca.ad\\\/wp-content\\\/uploads\\\/2024\\\/07\\\/b4gs001r35di.jpg\",\"width\":1200,\"height\":1200,\"caption\":\"maison-roca-andorra-gigi-clozeau-arracades-supreme-or-rosa-diamant-resina-verda-maragda\"},{\"@type\":\"BreadcrumbList\",\"@id\":\"https:\\\/\\\/maisonroca.ad\\\/fr\\\/boutique\\\/boucles-doreille-gigi-clozeau-supreme-en-or-rose-diamant-et-resine\\\/#breadcrumb\",\"itemListElement\":[{\"@type\":\"ListItem\",\"position\":1,\"name\":\"Portada\",\"item\":\"https:\\\/\\\/maisonroca.ad\\\/fr\\\/\"},{\"@type\":\"ListItem\",\"position\":2,\"name\":\"Botiga\",\"item\":\"https:\\\/\\\/maisonroca.ad\\\/botiga\\\/\"},{\"@type\":\"ListItem\",\"position\":3,\"name\":\"BOUCLES D&#8217;OREILLE GIGI CLOZEAU SUPR\u00caME EN OR ROSE, DIAMANT ET R\u00c9SINE \u00c9MERAUDE\"}]},{\"@type\":\"WebSite\",\"@id\":\"https:\\\/\\\/maisonroca.ad\\\/fr\\\/#website\",\"url\":\"https:\\\/\\\/maisonroca.ad\\\/fr\\\/\",\"name\":\"Maison Roca\",\"description\":\"Bold Luxury Life - joieria d&#039;autor - Andorra\",\"publisher\":{\"@id\":\"https:\\\/\\\/maisonroca.ad\\\/fr\\\/#organization\"},\"potentialAction\":[{\"@type\":\"SearchAction\",\"target\":{\"@type\":\"EntryPoint\",\"urlTemplate\":\"https:\\\/\\\/maisonroca.ad\\\/fr\\\/?s={search_term_string}\"},\"query-input\":{\"@type\":\"PropertyValueSpecification\",\"valueRequired\":true,\"valueName\":\"search_term_string\"}}],\"inLanguage\":\"fr-FR\"},{\"@type\":\"Organization\",\"@id\":\"https:\\\/\\\/maisonroca.ad\\\/fr\\\/#organization\",\"name\":\"Maison Roca\",\"url\":\"https:\\\/\\\/maisonroca.ad\\\/fr\\\/\",\"logo\":{\"@type\":\"ImageObject\",\"inLanguage\":\"fr-FR\",\"@id\":\"https:\\\/\\\/maisonroca.ad\\\/fr\\\/#\\\/schema\\\/logo\\\/image\\\/\",\"url\":\"https:\\\/\\\/maisonroca.ad\\\/wp-content\\\/uploads\\\/2023\\\/10\\\/icono.png\",\"contentUrl\":\"https:\\\/\\\/maisonroca.ad\\\/wp-content\\\/uploads\\\/2023\\\/10\\\/icono.png\",\"width\":512,\"height\":512,\"caption\":\"Maison Roca\"},\"image\":{\"@id\":\"https:\\\/\\\/maisonroca.ad\\\/fr\\\/#\\\/schema\\\/logo\\\/image\\\/\"},\"sameAs\":[\"https:\\\/\\\/www.facebook.com\\\/maisonroca\",\"https:\\\/\\\/www.instagram.com\\\/maisonroca\\\/\"]}]}<\/script>\n<meta property=\"product:price:amount\" content=\"655.00\" \/>\n<meta property=\"product:price:currency\" content=\"EUR\" \/>\n<meta property=\"og:availability\" content=\"instock\" \/>\n<meta property=\"product:availability\" content=\"instock\" \/>\n<meta property=\"product:retailer_item_id\" content=\"B4GS001R35DI\" \/>\n<meta property=\"product:condition\" content=\"new\" \/>\n<!-- \/ Yoast SEO Premium plugin. -->","yoast_head_json":{"title":"BOUCLES D'OREILLE GIGI CLOZEAU SUPR\u00caME EN OR ROSE, DIAMANT ET R\u00c9SINE \u00c9MERAUDE - Maison Roca","robots":{"index":"index","follow":"follow","max-snippet":"max-snippet:-1","max-image-preview":"max-image-preview:large","max-video-preview":"max-video-preview:-1"},"canonical":"https:\/\/maisonroca.ad\/fr\/boutique\/boucles-doreille-gigi-clozeau-supreme-en-or-rose-diamant-et-resine\/","og_locale":"fr_FR","og_type":"article","og_title":"BOUCLES D'OREILLE GIGI CLOZEAU SUPR\u00caME EN OR ROSE, DIAMANT ET R\u00c9SINE \u00c9MERAUDE","og_description":"Boucles d&rsquo;oreilles Gigi Clozeau Supr\u00eame en or rose, diamant et r\u00e9sine \u00e9meraude. * Consultez la vari\u00e9t\u00e9 de couleurs disponibles &nbsp; D\u00e9tails: Or rose 0,75 g Diamants 0,10 ct R\u00e9sine","og_url":"https:\/\/maisonroca.ad\/fr\/boutique\/boucles-doreille-gigi-clozeau-supreme-en-or-rose-diamant-et-resine\/","og_site_name":"Maison Roca","article_publisher":"https:\/\/www.facebook.com\/maisonroca","article_modified_time":"2026-01-22T16:16:27+00:00","og_image":[{"width":1200,"height":1200,"url":"https:\/\/maisonroca.ad\/wp-content\/uploads\/2024\/07\/b4gs001r35di.jpg","type":"image\/jpeg"}],"twitter_card":"summary_large_image","twitter_misc":{"Prix":"655,00&nbsp;&euro;","Disponibilit\u00e9":"En stock"},"schema":{"@context":"https:\/\/schema.org","@graph":[{"@type":"WebPage","@id":"https:\/\/maisonroca.ad\/fr\/boutique\/boucles-doreille-gigi-clozeau-supreme-en-or-rose-diamant-et-resine\/","url":"https:\/\/maisonroca.ad\/fr\/boutique\/boucles-doreille-gigi-clozeau-supreme-en-or-rose-diamant-et-resine\/","name":"BOUCLES D'OREILLE GIGI CLOZEAU SUPR\u00caME EN OR ROSE, DIAMANT ET R\u00c9SINE \u00c9MERAUDE - Maison Roca","isPartOf":{"@id":"https:\/\/maisonroca.ad\/fr\/#website"},"primaryImageOfPage":{"@id":"https:\/\/maisonroca.ad\/fr\/boutique\/boucles-doreille-gigi-clozeau-supreme-en-or-rose-diamant-et-resine\/#primaryimage"},"image":{"@id":"https:\/\/maisonroca.ad\/fr\/boutique\/boucles-doreille-gigi-clozeau-supreme-en-or-rose-diamant-et-resine\/#primaryimage"},"thumbnailUrl":"https:\/\/maisonroca.ad\/wp-content\/uploads\/2024\/07\/b4gs001r35di.jpg","datePublished":"2024-07-28T21:59:21+00:00","dateModified":"2026-01-22T16:16:27+00:00","breadcrumb":{"@id":"https:\/\/maisonroca.ad\/fr\/boutique\/boucles-doreille-gigi-clozeau-supreme-en-or-rose-diamant-et-resine\/#breadcrumb"},"inLanguage":"fr-FR","potentialAction":[{"@type":"ReadAction","target":["https:\/\/maisonroca.ad\/fr\/boutique\/boucles-doreille-gigi-clozeau-supreme-en-or-rose-diamant-et-resine\/"]}]},{"@type":"ImageObject","inLanguage":"fr-FR","@id":"https:\/\/maisonroca.ad\/fr\/boutique\/boucles-doreille-gigi-clozeau-supreme-en-or-rose-diamant-et-resine\/#primaryimage","url":"https:\/\/maisonroca.ad\/wp-content\/uploads\/2024\/07\/b4gs001r35di.jpg","contentUrl":"https:\/\/maisonroca.ad\/wp-content\/uploads\/2024\/07\/b4gs001r35di.jpg","width":1200,"height":1200,"caption":"maison-roca-andorra-gigi-clozeau-arracades-supreme-or-rosa-diamant-resina-verda-maragda"},{"@type":"BreadcrumbList","@id":"https:\/\/maisonroca.ad\/fr\/boutique\/boucles-doreille-gigi-clozeau-supreme-en-or-rose-diamant-et-resine\/#breadcrumb","itemListElement":[{"@type":"ListItem","position":1,"name":"Portada","item":"https:\/\/maisonroca.ad\/fr\/"},{"@type":"ListItem","position":2,"name":"Botiga","item":"https:\/\/maisonroca.ad\/botiga\/"},{"@type":"ListItem","position":3,"name":"BOUCLES D&#8217;OREILLE GIGI CLOZEAU SUPR\u00caME EN OR ROSE, DIAMANT ET R\u00c9SINE \u00c9MERAUDE"}]},{"@type":"WebSite","@id":"https:\/\/maisonroca.ad\/fr\/#website","url":"https:\/\/maisonroca.ad\/fr\/","name":"Maison Roca","description":"Bold Luxury Life - joieria d&#039;autor - Andorra","publisher":{"@id":"https:\/\/maisonroca.ad\/fr\/#organization"},"potentialAction":[{"@type":"SearchAction","target":{"@type":"EntryPoint","urlTemplate":"https:\/\/maisonroca.ad\/fr\/?s={search_term_string}"},"query-input":{"@type":"PropertyValueSpecification","valueRequired":true,"valueName":"search_term_string"}}],"inLanguage":"fr-FR"},{"@type":"Organization","@id":"https:\/\/maisonroca.ad\/fr\/#organization","name":"Maison Roca","url":"https:\/\/maisonroca.ad\/fr\/","logo":{"@type":"ImageObject","inLanguage":"fr-FR","@id":"https:\/\/maisonroca.ad\/fr\/#\/schema\/logo\/image\/","url":"https:\/\/maisonroca.ad\/wp-content\/uploads\/2023\/10\/icono.png","contentUrl":"https:\/\/maisonroca.ad\/wp-content\/uploads\/2023\/10\/icono.png","width":512,"height":512,"caption":"Maison Roca"},"image":{"@id":"https:\/\/maisonroca.ad\/fr\/#\/schema\/logo\/image\/"},"sameAs":["https:\/\/www.facebook.com\/maisonroca","https:\/\/www.instagram.com\/maisonroca\/"]}]},"product_price_amount":"655.00","product_price_currency":"EUR","og_availability":"instock","product_availability":"instock","product_retailer_item_id":"B4GS001R35DI","product_condition":"new"},"_links":{"self":[{"href":"https:\/\/maisonroca.ad\/fr\/wp-json\/wp\/v2\/product\/45888","targetHints":{"allow":["GET"]}}],"collection":[{"href":"https:\/\/maisonroca.ad\/fr\/wp-json\/wp\/v2\/product"}],"about":[{"href":"https:\/\/maisonroca.ad\/fr\/wp-json\/wp\/v2\/types\/product"}],"replies":[{"embeddable":true,"href":"https:\/\/maisonroca.ad\/fr\/wp-json\/wp\/v2\/comments?post=45888"}],"version-history":[{"count":2,"href":"https:\/\/maisonroca.ad\/fr\/wp-json\/wp\/v2\/product\/45888\/revisions"}],"predecessor-version":[{"id":83122,"href":"https:\/\/maisonroca.ad\/fr\/wp-json\/wp\/v2\/product\/45888\/revisions\/83122"}],"wp:featuredmedia":[{"embeddable":true,"href":"https:\/\/maisonroca.ad\/fr\/wp-json\/wp\/v2\/media\/6471"}],"wp:attachment":[{"href":"https:\/\/maisonroca.ad\/fr\/wp-json\/wp\/v2\/media?parent=45888"}],"wp:term":[{"taxonomy":"product_brand","embeddable":true,"href":"https:\/\/maisonroca.ad\/fr\/wp-json\/wp\/v2\/product_brand?post=45888"},{"taxonomy":"product_cat","embeddable":true,"href":"https:\/\/maisonroca.ad\/fr\/wp-json\/wp\/v2\/product_cat?post=45888"},{"taxonomy":"product_tag","embeddable":true,"href":"https:\/\/maisonroca.ad\/fr\/wp-json\/wp\/v2\/product_tag?post=45888"}],"curies":[{"name":"wp","href":"https:\/\/api.w.org\/{rel}","templated":true}]}}