{"id":46147,"date":"2024-07-29T00:00:52","date_gmt":"2024-07-28T22:00:52","guid":{"rendered":"https:\/\/maisonroca.ad\/product\/bague-morganne-bello-friandise-trefle-amazonite-et-or-jaune\/"},"modified":"2024-12-16T18:18:39","modified_gmt":"2024-12-16T17:18:39","slug":"bague-morganne-bello-friandise-trefle-amazonite-et-or-jaune","status":"publish","type":"product","link":"https:\/\/maisonroca.ad\/fr\/boutique\/bague-morganne-bello-friandise-trefle-amazonite-et-or-jaune\/","title":{"rendered":"BAGUE MORGANNE BELLO FRIANDISE, TR\u00c8FLE AMAZONITE ET OR JAUNE"},"content":{"rendered":"<p>Bague Morganne Bello Friandise, tr\u00e8fle amazonite et or jaune.<\/p>\n<p>D\u00e9tails:<\/p>\n<p>Or jaune 18k<br \/>\nAmazonite<\/p>\n","protected":false},"excerpt":{"rendered":"<p>Bague Morganne Bello Friandise, tr\u00e8fle amazonite et or jaune. D\u00e9tails: Or jaune 18k Amazonite<\/p>\n","protected":false},"featured_media":65905,"comment_status":"closed","ping_status":"closed","template":"","meta":{"_acf_changed":false,"_monsterinsights_skip_tracking":false,"_monsterinsights_sitenote_active":false,"_monsterinsights_sitenote_note":"","_monsterinsights_sitenote_category":0},"product_brand":[],"product_cat":[1244,1260],"product_tag":[3546,2259,2732],"class_list":{"0":"post-46147","1":"product","2":"type-product","3":"status-publish","4":"has-post-thumbnail","6":"product_cat-bijou","7":"product_cat-morganne-bello-fr","8":"product_tag-anells-fr-2","9":"product_tag-morganne-bello-2","10":"product_tag-or-groc-fr","12":"first","13":"instock","14":"sold-individually","15":"purchasable","16":"product-type-simple"},"acf":[],"yoast_head":"<!-- This site is optimized with the Yoast SEO Premium plugin v26.8 (Yoast SEO v27.3) - https:\/\/yoast.com\/product\/yoast-seo-premium-wordpress\/ -->\n<title>BAGUE MORGANNE BELLO FRIANDISE, TR\u00c8FLE AMAZONITE ET OR JAUNE - Maison Roca<\/title>\n<meta name=\"robots\" content=\"index, follow, max-snippet:-1, max-image-preview:large, max-video-preview:-1\" \/>\n<link rel=\"canonical\" href=\"https:\/\/maisonroca.ad\/fr\/boutique\/bague-morganne-bello-friandise-trefle-amazonite-et-or-jaune\/\" \/>\n<meta property=\"og:locale\" content=\"fr_FR\" \/>\n<meta property=\"og:type\" content=\"article\" \/>\n<meta property=\"og:title\" content=\"BAGUE MORGANNE BELLO FRIANDISE, TR\u00c8FLE AMAZONITE ET OR JAUNE\" \/>\n<meta property=\"og:description\" content=\"Bague Morganne Bello Friandise, tr\u00e8fle amazonite et or jaune. D\u00e9tails: Or jaune 18k Amazonite\" \/>\n<meta property=\"og:url\" content=\"https:\/\/maisonroca.ad\/fr\/boutique\/bague-morganne-bello-friandise-trefle-amazonite-et-or-jaune\/\" \/>\n<meta property=\"og:site_name\" content=\"Maison Roca\" \/>\n<meta property=\"article:publisher\" content=\"https:\/\/www.facebook.com\/maisonroca\" \/>\n<meta property=\"article:modified_time\" content=\"2024-12-16T17:18:39+00:00\" \/>\n<meta property=\"og:image\" content=\"https:\/\/maisonroca.ad\/wp-content\/uploads\/2024\/07\/baume-21-2.jpg\" \/>\n\t<meta property=\"og:image:width\" content=\"1080\" \/>\n\t<meta property=\"og:image:height\" content=\"1080\" \/>\n\t<meta property=\"og:image:type\" content=\"image\/jpeg\" \/>\n<meta name=\"twitter:card\" content=\"summary_large_image\" \/>\n<meta name=\"twitter:label1\" content=\"Prix\" \/>\n\t<meta name=\"twitter:data1\" content=\"400,00&nbsp;&euro;\" \/>\n\t<meta name=\"twitter:label2\" content=\"Disponibilit\u00e9\" \/>\n\t<meta name=\"twitter:data2\" content=\"En stock\" \/>\n<script type=\"application\/ld+json\" class=\"yoast-schema-graph\">{\"@context\":\"https:\\\/\\\/schema.org\",\"@graph\":[{\"@type\":\"WebPage\",\"@id\":\"https:\\\/\\\/maisonroca.ad\\\/fr\\\/boutique\\\/bague-morganne-bello-friandise-trefle-amazonite-et-or-jaune\\\/\",\"url\":\"https:\\\/\\\/maisonroca.ad\\\/fr\\\/boutique\\\/bague-morganne-bello-friandise-trefle-amazonite-et-or-jaune\\\/\",\"name\":\"BAGUE MORGANNE BELLO FRIANDISE, TR\u00c8FLE AMAZONITE ET OR JAUNE - Maison Roca\",\"isPartOf\":{\"@id\":\"https:\\\/\\\/maisonroca.ad\\\/fr\\\/#website\"},\"primaryImageOfPage\":{\"@id\":\"https:\\\/\\\/maisonroca.ad\\\/fr\\\/boutique\\\/bague-morganne-bello-friandise-trefle-amazonite-et-or-jaune\\\/#primaryimage\"},\"image\":{\"@id\":\"https:\\\/\\\/maisonroca.ad\\\/fr\\\/boutique\\\/bague-morganne-bello-friandise-trefle-amazonite-et-or-jaune\\\/#primaryimage\"},\"thumbnailUrl\":\"https:\\\/\\\/maisonroca.ad\\\/wp-content\\\/uploads\\\/2024\\\/07\\\/baume-21-2.jpg\",\"datePublished\":\"2024-07-28T22:00:52+00:00\",\"dateModified\":\"2024-12-16T17:18:39+00:00\",\"breadcrumb\":{\"@id\":\"https:\\\/\\\/maisonroca.ad\\\/fr\\\/boutique\\\/bague-morganne-bello-friandise-trefle-amazonite-et-or-jaune\\\/#breadcrumb\"},\"inLanguage\":\"fr-FR\",\"potentialAction\":[{\"@type\":\"ReadAction\",\"target\":[\"https:\\\/\\\/maisonroca.ad\\\/fr\\\/boutique\\\/bague-morganne-bello-friandise-trefle-amazonite-et-or-jaune\\\/\"]}]},{\"@type\":\"ImageObject\",\"inLanguage\":\"fr-FR\",\"@id\":\"https:\\\/\\\/maisonroca.ad\\\/fr\\\/boutique\\\/bague-morganne-bello-friandise-trefle-amazonite-et-or-jaune\\\/#primaryimage\",\"url\":\"https:\\\/\\\/maisonroca.ad\\\/wp-content\\\/uploads\\\/2024\\\/07\\\/baume-21-2.jpg\",\"contentUrl\":\"https:\\\/\\\/maisonroca.ad\\\/wp-content\\\/uploads\\\/2024\\\/07\\\/baume-21-2.jpg\",\"width\":1080,\"height\":1080},{\"@type\":\"BreadcrumbList\",\"@id\":\"https:\\\/\\\/maisonroca.ad\\\/fr\\\/boutique\\\/bague-morganne-bello-friandise-trefle-amazonite-et-or-jaune\\\/#breadcrumb\",\"itemListElement\":[{\"@type\":\"ListItem\",\"position\":1,\"name\":\"Portada\",\"item\":\"https:\\\/\\\/maisonroca.ad\\\/fr\\\/\"},{\"@type\":\"ListItem\",\"position\":2,\"name\":\"Botiga\",\"item\":\"https:\\\/\\\/maisonroca.ad\\\/botiga\\\/\"},{\"@type\":\"ListItem\",\"position\":3,\"name\":\"BAGUE MORGANNE BELLO FRIANDISE, TR\u00c8FLE AMAZONITE ET OR JAUNE\"}]},{\"@type\":\"WebSite\",\"@id\":\"https:\\\/\\\/maisonroca.ad\\\/fr\\\/#website\",\"url\":\"https:\\\/\\\/maisonroca.ad\\\/fr\\\/\",\"name\":\"Maison Roca\",\"description\":\"Bold Luxury Life - joieria d&#039;autor - Andorra\",\"publisher\":{\"@id\":\"https:\\\/\\\/maisonroca.ad\\\/fr\\\/#organization\"},\"potentialAction\":[{\"@type\":\"SearchAction\",\"target\":{\"@type\":\"EntryPoint\",\"urlTemplate\":\"https:\\\/\\\/maisonroca.ad\\\/fr\\\/?s={search_term_string}\"},\"query-input\":{\"@type\":\"PropertyValueSpecification\",\"valueRequired\":true,\"valueName\":\"search_term_string\"}}],\"inLanguage\":\"fr-FR\"},{\"@type\":\"Organization\",\"@id\":\"https:\\\/\\\/maisonroca.ad\\\/fr\\\/#organization\",\"name\":\"Maison Roca\",\"url\":\"https:\\\/\\\/maisonroca.ad\\\/fr\\\/\",\"logo\":{\"@type\":\"ImageObject\",\"inLanguage\":\"fr-FR\",\"@id\":\"https:\\\/\\\/maisonroca.ad\\\/fr\\\/#\\\/schema\\\/logo\\\/image\\\/\",\"url\":\"https:\\\/\\\/maisonroca.ad\\\/wp-content\\\/uploads\\\/2023\\\/10\\\/icono.png\",\"contentUrl\":\"https:\\\/\\\/maisonroca.ad\\\/wp-content\\\/uploads\\\/2023\\\/10\\\/icono.png\",\"width\":512,\"height\":512,\"caption\":\"Maison Roca\"},\"image\":{\"@id\":\"https:\\\/\\\/maisonroca.ad\\\/fr\\\/#\\\/schema\\\/logo\\\/image\\\/\"},\"sameAs\":[\"https:\\\/\\\/www.facebook.com\\\/maisonroca\",\"https:\\\/\\\/www.instagram.com\\\/maisonroca\\\/\"]}]}<\/script>\n<meta property=\"product:price:amount\" content=\"400.00\" \/>\n<meta property=\"product:price:currency\" content=\"EUR\" \/>\n<meta property=\"og:availability\" content=\"instock\" \/>\n<meta property=\"product:availability\" content=\"instock\" \/>\n<meta property=\"product:retailer_item_id\" content=\"1011YA1B195\" \/>\n<meta property=\"product:condition\" content=\"new\" \/>\n<!-- \/ Yoast SEO Premium plugin. -->","yoast_head_json":{"title":"BAGUE MORGANNE BELLO FRIANDISE, TR\u00c8FLE AMAZONITE ET OR JAUNE - Maison Roca","robots":{"index":"index","follow":"follow","max-snippet":"max-snippet:-1","max-image-preview":"max-image-preview:large","max-video-preview":"max-video-preview:-1"},"canonical":"https:\/\/maisonroca.ad\/fr\/boutique\/bague-morganne-bello-friandise-trefle-amazonite-et-or-jaune\/","og_locale":"fr_FR","og_type":"article","og_title":"BAGUE MORGANNE BELLO FRIANDISE, TR\u00c8FLE AMAZONITE ET OR JAUNE","og_description":"Bague Morganne Bello Friandise, tr\u00e8fle amazonite et or jaune. D\u00e9tails: Or jaune 18k Amazonite","og_url":"https:\/\/maisonroca.ad\/fr\/boutique\/bague-morganne-bello-friandise-trefle-amazonite-et-or-jaune\/","og_site_name":"Maison Roca","article_publisher":"https:\/\/www.facebook.com\/maisonroca","article_modified_time":"2024-12-16T17:18:39+00:00","og_image":[{"width":1080,"height":1080,"url":"https:\/\/maisonroca.ad\/wp-content\/uploads\/2024\/07\/baume-21-2.jpg","type":"image\/jpeg"}],"twitter_card":"summary_large_image","twitter_misc":{"Prix":"400,00&nbsp;&euro;","Disponibilit\u00e9":"En stock"},"schema":{"@context":"https:\/\/schema.org","@graph":[{"@type":"WebPage","@id":"https:\/\/maisonroca.ad\/fr\/boutique\/bague-morganne-bello-friandise-trefle-amazonite-et-or-jaune\/","url":"https:\/\/maisonroca.ad\/fr\/boutique\/bague-morganne-bello-friandise-trefle-amazonite-et-or-jaune\/","name":"BAGUE MORGANNE BELLO FRIANDISE, TR\u00c8FLE AMAZONITE ET OR JAUNE - Maison Roca","isPartOf":{"@id":"https:\/\/maisonroca.ad\/fr\/#website"},"primaryImageOfPage":{"@id":"https:\/\/maisonroca.ad\/fr\/boutique\/bague-morganne-bello-friandise-trefle-amazonite-et-or-jaune\/#primaryimage"},"image":{"@id":"https:\/\/maisonroca.ad\/fr\/boutique\/bague-morganne-bello-friandise-trefle-amazonite-et-or-jaune\/#primaryimage"},"thumbnailUrl":"https:\/\/maisonroca.ad\/wp-content\/uploads\/2024\/07\/baume-21-2.jpg","datePublished":"2024-07-28T22:00:52+00:00","dateModified":"2024-12-16T17:18:39+00:00","breadcrumb":{"@id":"https:\/\/maisonroca.ad\/fr\/boutique\/bague-morganne-bello-friandise-trefle-amazonite-et-or-jaune\/#breadcrumb"},"inLanguage":"fr-FR","potentialAction":[{"@type":"ReadAction","target":["https:\/\/maisonroca.ad\/fr\/boutique\/bague-morganne-bello-friandise-trefle-amazonite-et-or-jaune\/"]}]},{"@type":"ImageObject","inLanguage":"fr-FR","@id":"https:\/\/maisonroca.ad\/fr\/boutique\/bague-morganne-bello-friandise-trefle-amazonite-et-or-jaune\/#primaryimage","url":"https:\/\/maisonroca.ad\/wp-content\/uploads\/2024\/07\/baume-21-2.jpg","contentUrl":"https:\/\/maisonroca.ad\/wp-content\/uploads\/2024\/07\/baume-21-2.jpg","width":1080,"height":1080},{"@type":"BreadcrumbList","@id":"https:\/\/maisonroca.ad\/fr\/boutique\/bague-morganne-bello-friandise-trefle-amazonite-et-or-jaune\/#breadcrumb","itemListElement":[{"@type":"ListItem","position":1,"name":"Portada","item":"https:\/\/maisonroca.ad\/fr\/"},{"@type":"ListItem","position":2,"name":"Botiga","item":"https:\/\/maisonroca.ad\/botiga\/"},{"@type":"ListItem","position":3,"name":"BAGUE MORGANNE BELLO FRIANDISE, TR\u00c8FLE AMAZONITE ET OR JAUNE"}]},{"@type":"WebSite","@id":"https:\/\/maisonroca.ad\/fr\/#website","url":"https:\/\/maisonroca.ad\/fr\/","name":"Maison Roca","description":"Bold Luxury Life - joieria d&#039;autor - Andorra","publisher":{"@id":"https:\/\/maisonroca.ad\/fr\/#organization"},"potentialAction":[{"@type":"SearchAction","target":{"@type":"EntryPoint","urlTemplate":"https:\/\/maisonroca.ad\/fr\/?s={search_term_string}"},"query-input":{"@type":"PropertyValueSpecification","valueRequired":true,"valueName":"search_term_string"}}],"inLanguage":"fr-FR"},{"@type":"Organization","@id":"https:\/\/maisonroca.ad\/fr\/#organization","name":"Maison Roca","url":"https:\/\/maisonroca.ad\/fr\/","logo":{"@type":"ImageObject","inLanguage":"fr-FR","@id":"https:\/\/maisonroca.ad\/fr\/#\/schema\/logo\/image\/","url":"https:\/\/maisonroca.ad\/wp-content\/uploads\/2023\/10\/icono.png","contentUrl":"https:\/\/maisonroca.ad\/wp-content\/uploads\/2023\/10\/icono.png","width":512,"height":512,"caption":"Maison Roca"},"image":{"@id":"https:\/\/maisonroca.ad\/fr\/#\/schema\/logo\/image\/"},"sameAs":["https:\/\/www.facebook.com\/maisonroca","https:\/\/www.instagram.com\/maisonroca\/"]}]},"product_price_amount":"400.00","product_price_currency":"EUR","og_availability":"instock","product_availability":"instock","product_retailer_item_id":"1011YA1B195","product_condition":"new"},"_links":{"self":[{"href":"https:\/\/maisonroca.ad\/fr\/wp-json\/wp\/v2\/product\/46147","targetHints":{"allow":["GET"]}}],"collection":[{"href":"https:\/\/maisonroca.ad\/fr\/wp-json\/wp\/v2\/product"}],"about":[{"href":"https:\/\/maisonroca.ad\/fr\/wp-json\/wp\/v2\/types\/product"}],"replies":[{"embeddable":true,"href":"https:\/\/maisonroca.ad\/fr\/wp-json\/wp\/v2\/comments?post=46147"}],"version-history":[{"count":3,"href":"https:\/\/maisonroca.ad\/fr\/wp-json\/wp\/v2\/product\/46147\/revisions"}],"predecessor-version":[{"id":67941,"href":"https:\/\/maisonroca.ad\/fr\/wp-json\/wp\/v2\/product\/46147\/revisions\/67941"}],"wp:featuredmedia":[{"embeddable":true,"href":"https:\/\/maisonroca.ad\/fr\/wp-json\/wp\/v2\/media\/65905"}],"wp:attachment":[{"href":"https:\/\/maisonroca.ad\/fr\/wp-json\/wp\/v2\/media?parent=46147"}],"wp:term":[{"taxonomy":"product_brand","embeddable":true,"href":"https:\/\/maisonroca.ad\/fr\/wp-json\/wp\/v2\/product_brand?post=46147"},{"taxonomy":"product_cat","embeddable":true,"href":"https:\/\/maisonroca.ad\/fr\/wp-json\/wp\/v2\/product_cat?post=46147"},{"taxonomy":"product_tag","embeddable":true,"href":"https:\/\/maisonroca.ad\/fr\/wp-json\/wp\/v2\/product_tag?post=46147"}],"curies":[{"name":"wp","href":"https:\/\/api.w.org\/{rel}","templated":true}]}}