{"id":46372,"date":"2024-07-29T00:02:10","date_gmt":"2024-07-28T22:02:10","guid":{"rendered":"https:\/\/maisonroca.ad\/product\/bague-pomellato-nudo-classic-en-or-rose-et-blanc-prasiolite-malachite-et-tsavorites\/"},"modified":"2024-11-11T16:18:37","modified_gmt":"2024-11-11T15:18:37","slug":"bague-pomellato-nudo-classic-en-or-rose-et-blanc-prasiolite-malachite-et-tsavorites","status":"publish","type":"product","link":"https:\/\/maisonroca.ad\/fr\/boutique\/bague-pomellato-nudo-classic-en-or-rose-et-blanc-prasiolite-malachite-et-tsavorites\/","title":{"rendered":"BAGUE POMELLATO NUDO CLASSIC EN OR ROSE ET BLANC, PRASIOLITE, MALACHITE ET TSAVORITES"},"content":{"rendered":"<p>Bague Pomellato Nudo Classic en or rose et blanc, prasiolite, malachite et 38 tsavorites sur or rose rhodi\u00e9 en noir.<\/p>\n<p>Nudo reste le design embl\u00e9matique de Pomellato, reconnu pour ses tons vifs et captivants. La nouvelle bague Nudo se distingue facilement gr\u00e2ce \u00e0 une combinaison innovante de doublet avec prasiolite et malachite, compl\u00e9t\u00e9e par un \u00e9l\u00e9gant pav\u00e9 de tsavorites. Une pi\u00e8ce unique qui refl\u00e8te l&rsquo;\u00e9l\u00e9gance et la cr\u00e9ativit\u00e9 de la marque.<\/p>\n<p>D\u00e9tails:<\/p>\n<p>Or rose et blanc 18k<br \/>\nPrasiolite 7,30 ct<br \/>\nMalachite<br \/>\n38 tsavorites 0,90 ct<\/p>\n","protected":false},"excerpt":{"rendered":"<p>Bague Pomellato Nudo Classic en or rose et blanc, prasiolite, malachite et 38 tsavorites sur or rose rhodi\u00e9 en noir. Nudo reste le design embl\u00e9matique de Pomellato, reconnu pour ses tons vifs et captivants. La nouvelle bague Nudo se distingue facilement gr\u00e2ce \u00e0 une combinaison innovante de doublet avec prasiolite et malachite, compl\u00e9t\u00e9e par un [&hellip;]<\/p>\n","protected":false},"featured_media":63183,"comment_status":"closed","ping_status":"closed","template":"","meta":{"_acf_changed":false,"_monsterinsights_skip_tracking":false,"_monsterinsights_sitenote_active":false,"_monsterinsights_sitenote_note":"","_monsterinsights_sitenote_category":0},"product_brand":[],"product_cat":[1244,1263],"product_tag":[3546,2171,3391,2183,2399],"class_list":{"0":"post-46372","1":"product","2":"type-product","3":"status-publish","4":"has-post-thumbnail","6":"product_cat-bijou","7":"product_cat-pomellato-fr","8":"product_tag-anells-fr-2","9":"product_tag-or-blanc-2","10":"product_tag-or-rosa-fr","11":"product_tag-pomellato-2","12":"product_tag-prasiolite-3","14":"first","15":"instock","16":"sold-individually","17":"purchasable","18":"product-type-simple"},"acf":[],"yoast_head":"<!-- This site is optimized with the Yoast SEO Premium plugin v26.8 (Yoast SEO v27.4) - https:\/\/yoast.com\/product\/yoast-seo-premium-wordpress\/ -->\n<title>BAGUE POMELLATO NUDO CLASSIC EN OR ROSE ET BLANC, PRASIOLITE, MALACHITE ET TSAVORITES - Maison Roca<\/title>\n<meta name=\"robots\" content=\"index, follow, max-snippet:-1, max-image-preview:large, max-video-preview:-1\" \/>\n<link rel=\"canonical\" href=\"https:\/\/maisonroca.ad\/fr\/boutique\/bague-pomellato-nudo-classic-en-or-rose-et-blanc-prasiolite-malachite-et-tsavorites\/\" \/>\n<meta property=\"og:locale\" content=\"fr_FR\" \/>\n<meta property=\"og:type\" content=\"article\" \/>\n<meta property=\"og:title\" content=\"BAGUE POMELLATO NUDO CLASSIC EN OR ROSE ET BLANC, PRASIOLITE, MALACHITE ET TSAVORITES\" \/>\n<meta property=\"og:description\" content=\"Bague Pomellato Nudo Classic en or rose et blanc, prasiolite, malachite et 38 tsavorites sur or rose rhodi\u00e9 en noir. Nudo reste le design embl\u00e9matique de Pomellato, reconnu pour ses tons vifs et captivants. La nouvelle bague Nudo se distingue facilement gr\u00e2ce \u00e0 une combinaison innovante de doublet avec prasiolite et malachite, compl\u00e9t\u00e9e par un [&hellip;]\" \/>\n<meta property=\"og:url\" content=\"https:\/\/maisonroca.ad\/fr\/boutique\/bague-pomellato-nudo-classic-en-or-rose-et-blanc-prasiolite-malachite-et-tsavorites\/\" \/>\n<meta property=\"og:site_name\" content=\"Maison Roca\" \/>\n<meta property=\"article:publisher\" content=\"https:\/\/www.facebook.com\/maisonroca\" \/>\n<meta property=\"article:modified_time\" content=\"2024-11-11T15:18:37+00:00\" \/>\n<meta property=\"og:image\" content=\"https:\/\/maisonroca.ad\/wp-content\/uploads\/2024\/07\/pab9040o6bkrtzmpa.jpg\" \/>\n\t<meta property=\"og:image:width\" content=\"1164\" \/>\n\t<meta property=\"og:image:height\" content=\"1164\" \/>\n\t<meta property=\"og:image:type\" content=\"image\/webp\" \/>\n<meta name=\"twitter:card\" content=\"summary_large_image\" \/>\n<meta name=\"twitter:label1\" content=\"Prix\" \/>\n\t<meta name=\"twitter:data1\" content=\"3.780,00&nbsp;&euro;\" \/>\n\t<meta name=\"twitter:label2\" content=\"Disponibilit\u00e9\" \/>\n\t<meta name=\"twitter:data2\" content=\"En stock\" \/>\n<script type=\"application\/ld+json\" class=\"yoast-schema-graph\">{\"@context\":\"https:\\\/\\\/schema.org\",\"@graph\":[{\"@type\":\"WebPage\",\"@id\":\"https:\\\/\\\/maisonroca.ad\\\/fr\\\/boutique\\\/bague-pomellato-nudo-classic-en-or-rose-et-blanc-prasiolite-malachite-et-tsavorites\\\/\",\"url\":\"https:\\\/\\\/maisonroca.ad\\\/fr\\\/boutique\\\/bague-pomellato-nudo-classic-en-or-rose-et-blanc-prasiolite-malachite-et-tsavorites\\\/\",\"name\":\"BAGUE POMELLATO NUDO CLASSIC EN OR ROSE ET BLANC, PRASIOLITE, MALACHITE ET TSAVORITES - Maison Roca\",\"isPartOf\":{\"@id\":\"https:\\\/\\\/maisonroca.ad\\\/fr\\\/#website\"},\"primaryImageOfPage\":{\"@id\":\"https:\\\/\\\/maisonroca.ad\\\/fr\\\/boutique\\\/bague-pomellato-nudo-classic-en-or-rose-et-blanc-prasiolite-malachite-et-tsavorites\\\/#primaryimage\"},\"image\":{\"@id\":\"https:\\\/\\\/maisonroca.ad\\\/fr\\\/boutique\\\/bague-pomellato-nudo-classic-en-or-rose-et-blanc-prasiolite-malachite-et-tsavorites\\\/#primaryimage\"},\"thumbnailUrl\":\"https:\\\/\\\/maisonroca.ad\\\/wp-content\\\/uploads\\\/2024\\\/07\\\/pab9040o6bkrtzmpa-Photoroom.png\",\"datePublished\":\"2024-07-28T22:02:10+00:00\",\"dateModified\":\"2024-11-11T15:18:37+00:00\",\"breadcrumb\":{\"@id\":\"https:\\\/\\\/maisonroca.ad\\\/fr\\\/boutique\\\/bague-pomellato-nudo-classic-en-or-rose-et-blanc-prasiolite-malachite-et-tsavorites\\\/#breadcrumb\"},\"inLanguage\":\"fr-FR\",\"potentialAction\":[{\"@type\":\"ReadAction\",\"target\":[\"https:\\\/\\\/maisonroca.ad\\\/fr\\\/boutique\\\/bague-pomellato-nudo-classic-en-or-rose-et-blanc-prasiolite-malachite-et-tsavorites\\\/\"]}]},{\"@type\":\"ImageObject\",\"inLanguage\":\"fr-FR\",\"@id\":\"https:\\\/\\\/maisonroca.ad\\\/fr\\\/boutique\\\/bague-pomellato-nudo-classic-en-or-rose-et-blanc-prasiolite-malachite-et-tsavorites\\\/#primaryimage\",\"url\":\"https:\\\/\\\/maisonroca.ad\\\/wp-content\\\/uploads\\\/2024\\\/07\\\/pab9040o6bkrtzmpa-Photoroom.png\",\"contentUrl\":\"https:\\\/\\\/maisonroca.ad\\\/wp-content\\\/uploads\\\/2024\\\/07\\\/pab9040o6bkrtzmpa-Photoroom.png\",\"width\":1164,\"height\":1164},{\"@type\":\"BreadcrumbList\",\"@id\":\"https:\\\/\\\/maisonroca.ad\\\/fr\\\/boutique\\\/bague-pomellato-nudo-classic-en-or-rose-et-blanc-prasiolite-malachite-et-tsavorites\\\/#breadcrumb\",\"itemListElement\":[{\"@type\":\"ListItem\",\"position\":1,\"name\":\"Portada\",\"item\":\"https:\\\/\\\/maisonroca.ad\\\/fr\\\/\"},{\"@type\":\"ListItem\",\"position\":2,\"name\":\"Botiga\",\"item\":\"https:\\\/\\\/maisonroca.ad\\\/botiga\\\/\"},{\"@type\":\"ListItem\",\"position\":3,\"name\":\"BAGUE POMELLATO NUDO CLASSIC EN OR ROSE ET BLANC, PRASIOLITE, MALACHITE ET TSAVORITES\"}]},{\"@type\":\"WebSite\",\"@id\":\"https:\\\/\\\/maisonroca.ad\\\/fr\\\/#website\",\"url\":\"https:\\\/\\\/maisonroca.ad\\\/fr\\\/\",\"name\":\"Maison Roca\",\"description\":\"Bold Luxury Life - joieria d&#039;autor - Andorra\",\"publisher\":{\"@id\":\"https:\\\/\\\/maisonroca.ad\\\/fr\\\/#organization\"},\"potentialAction\":[{\"@type\":\"SearchAction\",\"target\":{\"@type\":\"EntryPoint\",\"urlTemplate\":\"https:\\\/\\\/maisonroca.ad\\\/fr\\\/?s={search_term_string}\"},\"query-input\":{\"@type\":\"PropertyValueSpecification\",\"valueRequired\":true,\"valueName\":\"search_term_string\"}}],\"inLanguage\":\"fr-FR\"},{\"@type\":\"Organization\",\"@id\":\"https:\\\/\\\/maisonroca.ad\\\/fr\\\/#organization\",\"name\":\"Maison Roca\",\"url\":\"https:\\\/\\\/maisonroca.ad\\\/fr\\\/\",\"logo\":{\"@type\":\"ImageObject\",\"inLanguage\":\"fr-FR\",\"@id\":\"https:\\\/\\\/maisonroca.ad\\\/fr\\\/#\\\/schema\\\/logo\\\/image\\\/\",\"url\":\"https:\\\/\\\/maisonroca.ad\\\/wp-content\\\/uploads\\\/2023\\\/10\\\/icono.png\",\"contentUrl\":\"https:\\\/\\\/maisonroca.ad\\\/wp-content\\\/uploads\\\/2023\\\/10\\\/icono.png\",\"width\":512,\"height\":512,\"caption\":\"Maison Roca\"},\"image\":{\"@id\":\"https:\\\/\\\/maisonroca.ad\\\/fr\\\/#\\\/schema\\\/logo\\\/image\\\/\"},\"sameAs\":[\"https:\\\/\\\/www.facebook.com\\\/maisonroca\",\"https:\\\/\\\/www.instagram.com\\\/maisonroca\\\/\"]}]}<\/script>\n<meta property=\"product:price:amount\" content=\"3780.00\" \/>\n<meta property=\"product:price:currency\" content=\"EUR\" \/>\n<meta property=\"og:availability\" content=\"instock\" \/>\n<meta property=\"product:availability\" content=\"instock\" \/>\n<meta property=\"product:retailer_item_id\" content=\"PAB9040O6BKRTZMPA\" \/>\n<meta property=\"product:condition\" content=\"new\" \/>\n<!-- \/ Yoast SEO Premium plugin. -->","yoast_head_json":{"title":"BAGUE POMELLATO NUDO CLASSIC EN OR ROSE ET BLANC, PRASIOLITE, MALACHITE ET TSAVORITES - Maison Roca","robots":{"index":"index","follow":"follow","max-snippet":"max-snippet:-1","max-image-preview":"max-image-preview:large","max-video-preview":"max-video-preview:-1"},"canonical":"https:\/\/maisonroca.ad\/fr\/boutique\/bague-pomellato-nudo-classic-en-or-rose-et-blanc-prasiolite-malachite-et-tsavorites\/","og_locale":"fr_FR","og_type":"article","og_title":"BAGUE POMELLATO NUDO CLASSIC EN OR ROSE ET BLANC, PRASIOLITE, MALACHITE ET TSAVORITES","og_description":"Bague Pomellato Nudo Classic en or rose et blanc, prasiolite, malachite et 38 tsavorites sur or rose rhodi\u00e9 en noir. Nudo reste le design embl\u00e9matique de Pomellato, reconnu pour ses tons vifs et captivants. La nouvelle bague Nudo se distingue facilement gr\u00e2ce \u00e0 une combinaison innovante de doublet avec prasiolite et malachite, compl\u00e9t\u00e9e par un [&hellip;]","og_url":"https:\/\/maisonroca.ad\/fr\/boutique\/bague-pomellato-nudo-classic-en-or-rose-et-blanc-prasiolite-malachite-et-tsavorites\/","og_site_name":"Maison Roca","article_publisher":"https:\/\/www.facebook.com\/maisonroca","article_modified_time":"2024-11-11T15:18:37+00:00","og_image":[{"width":1164,"height":1164,"url":"https:\/\/maisonroca.ad\/wp-content\/uploads\/2024\/07\/pab9040o6bkrtzmpa.jpg","type":"image\/webp"}],"twitter_card":"summary_large_image","twitter_misc":{"Prix":"3.780,00&nbsp;&euro;","Disponibilit\u00e9":"En stock"},"schema":{"@context":"https:\/\/schema.org","@graph":[{"@type":"WebPage","@id":"https:\/\/maisonroca.ad\/fr\/boutique\/bague-pomellato-nudo-classic-en-or-rose-et-blanc-prasiolite-malachite-et-tsavorites\/","url":"https:\/\/maisonroca.ad\/fr\/boutique\/bague-pomellato-nudo-classic-en-or-rose-et-blanc-prasiolite-malachite-et-tsavorites\/","name":"BAGUE POMELLATO NUDO CLASSIC EN OR ROSE ET BLANC, PRASIOLITE, MALACHITE ET TSAVORITES - Maison Roca","isPartOf":{"@id":"https:\/\/maisonroca.ad\/fr\/#website"},"primaryImageOfPage":{"@id":"https:\/\/maisonroca.ad\/fr\/boutique\/bague-pomellato-nudo-classic-en-or-rose-et-blanc-prasiolite-malachite-et-tsavorites\/#primaryimage"},"image":{"@id":"https:\/\/maisonroca.ad\/fr\/boutique\/bague-pomellato-nudo-classic-en-or-rose-et-blanc-prasiolite-malachite-et-tsavorites\/#primaryimage"},"thumbnailUrl":"https:\/\/maisonroca.ad\/wp-content\/uploads\/2024\/07\/pab9040o6bkrtzmpa-Photoroom.png","datePublished":"2024-07-28T22:02:10+00:00","dateModified":"2024-11-11T15:18:37+00:00","breadcrumb":{"@id":"https:\/\/maisonroca.ad\/fr\/boutique\/bague-pomellato-nudo-classic-en-or-rose-et-blanc-prasiolite-malachite-et-tsavorites\/#breadcrumb"},"inLanguage":"fr-FR","potentialAction":[{"@type":"ReadAction","target":["https:\/\/maisonroca.ad\/fr\/boutique\/bague-pomellato-nudo-classic-en-or-rose-et-blanc-prasiolite-malachite-et-tsavorites\/"]}]},{"@type":"ImageObject","inLanguage":"fr-FR","@id":"https:\/\/maisonroca.ad\/fr\/boutique\/bague-pomellato-nudo-classic-en-or-rose-et-blanc-prasiolite-malachite-et-tsavorites\/#primaryimage","url":"https:\/\/maisonroca.ad\/wp-content\/uploads\/2024\/07\/pab9040o6bkrtzmpa-Photoroom.png","contentUrl":"https:\/\/maisonroca.ad\/wp-content\/uploads\/2024\/07\/pab9040o6bkrtzmpa-Photoroom.png","width":1164,"height":1164},{"@type":"BreadcrumbList","@id":"https:\/\/maisonroca.ad\/fr\/boutique\/bague-pomellato-nudo-classic-en-or-rose-et-blanc-prasiolite-malachite-et-tsavorites\/#breadcrumb","itemListElement":[{"@type":"ListItem","position":1,"name":"Portada","item":"https:\/\/maisonroca.ad\/fr\/"},{"@type":"ListItem","position":2,"name":"Botiga","item":"https:\/\/maisonroca.ad\/botiga\/"},{"@type":"ListItem","position":3,"name":"BAGUE POMELLATO NUDO CLASSIC EN OR ROSE ET BLANC, PRASIOLITE, MALACHITE ET TSAVORITES"}]},{"@type":"WebSite","@id":"https:\/\/maisonroca.ad\/fr\/#website","url":"https:\/\/maisonroca.ad\/fr\/","name":"Maison Roca","description":"Bold Luxury Life - joieria d&#039;autor - Andorra","publisher":{"@id":"https:\/\/maisonroca.ad\/fr\/#organization"},"potentialAction":[{"@type":"SearchAction","target":{"@type":"EntryPoint","urlTemplate":"https:\/\/maisonroca.ad\/fr\/?s={search_term_string}"},"query-input":{"@type":"PropertyValueSpecification","valueRequired":true,"valueName":"search_term_string"}}],"inLanguage":"fr-FR"},{"@type":"Organization","@id":"https:\/\/maisonroca.ad\/fr\/#organization","name":"Maison Roca","url":"https:\/\/maisonroca.ad\/fr\/","logo":{"@type":"ImageObject","inLanguage":"fr-FR","@id":"https:\/\/maisonroca.ad\/fr\/#\/schema\/logo\/image\/","url":"https:\/\/maisonroca.ad\/wp-content\/uploads\/2023\/10\/icono.png","contentUrl":"https:\/\/maisonroca.ad\/wp-content\/uploads\/2023\/10\/icono.png","width":512,"height":512,"caption":"Maison Roca"},"image":{"@id":"https:\/\/maisonroca.ad\/fr\/#\/schema\/logo\/image\/"},"sameAs":["https:\/\/www.facebook.com\/maisonroca","https:\/\/www.instagram.com\/maisonroca\/"]}]},"product_price_amount":"3780.00","product_price_currency":"EUR","og_availability":"instock","product_availability":"instock","product_retailer_item_id":"PAB9040O6BKRTZMPA","product_condition":"new"},"_links":{"self":[{"href":"https:\/\/maisonroca.ad\/fr\/wp-json\/wp\/v2\/product\/46372","targetHints":{"allow":["GET"]}}],"collection":[{"href":"https:\/\/maisonroca.ad\/fr\/wp-json\/wp\/v2\/product"}],"about":[{"href":"https:\/\/maisonroca.ad\/fr\/wp-json\/wp\/v2\/types\/product"}],"replies":[{"embeddable":true,"href":"https:\/\/maisonroca.ad\/fr\/wp-json\/wp\/v2\/comments?post=46372"}],"version-history":[{"count":1,"href":"https:\/\/maisonroca.ad\/fr\/wp-json\/wp\/v2\/product\/46372\/revisions"}],"predecessor-version":[{"id":60920,"href":"https:\/\/maisonroca.ad\/fr\/wp-json\/wp\/v2\/product\/46372\/revisions\/60920"}],"wp:featuredmedia":[{"embeddable":true,"href":"https:\/\/maisonroca.ad\/fr\/wp-json\/wp\/v2\/media\/63183"}],"wp:attachment":[{"href":"https:\/\/maisonroca.ad\/fr\/wp-json\/wp\/v2\/media?parent=46372"}],"wp:term":[{"taxonomy":"product_brand","embeddable":true,"href":"https:\/\/maisonroca.ad\/fr\/wp-json\/wp\/v2\/product_brand?post=46372"},{"taxonomy":"product_cat","embeddable":true,"href":"https:\/\/maisonroca.ad\/fr\/wp-json\/wp\/v2\/product_cat?post=46372"},{"taxonomy":"product_tag","embeddable":true,"href":"https:\/\/maisonroca.ad\/fr\/wp-json\/wp\/v2\/product_tag?post=46372"}],"curies":[{"name":"wp","href":"https:\/\/api.w.org\/{rel}","templated":true}]}}