{"id":46387,"date":"2024-07-29T00:02:17","date_gmt":"2024-07-28T22:02:17","guid":{"rendered":"https:\/\/maisonroca.ad\/product\/bague-pomellato-nudo-en-or-rose-et-titane-obsidienne-diamants\/"},"modified":"2024-12-13T14:51:17","modified_gmt":"2024-12-13T13:51:17","slug":"bague-pomellato-nudo-en-or-rose-et-titane-obsidienne-diamants","status":"publish","type":"product","link":"https:\/\/maisonroca.ad\/fr\/boutique\/bague-pomellato-nudo-en-or-rose-et-titane-obsidienne-diamants\/","title":{"rendered":"BAGUE POMELLATO NUDO EN OR ROSE ET TITANE, OBSIDIENNE, DIAMANTS"},"content":{"rendered":"<p>Bague Pomellato Nudo en or rose et titane, obsidienne et 58 diamants noirs.<\/p>\n<p>L&rsquo;obsidienne, connue pour \u00eatre une pierre volcanique avec une touche myst\u00e9rieuse, apporte une aura unique \u00e0 la bague Nudo. Ce mod\u00e8le exclusif est disponible en trois tailles diff\u00e9rentes, refl\u00e9tant son style moderne et sophistiqu\u00e9.<\/p>\n<p>D\u00e9tails:<\/p>\n<p>Or rose 18k et titane<br \/>\n58 diamants noirs 0,788 ct<br \/>\nObsidienne 10 ct<\/p>\n","protected":false},"excerpt":{"rendered":"<p>Bague Pomellato Nudo en or rose et titane, obsidienne et 58 diamants noirs. L&rsquo;obsidienne, connue pour \u00eatre une pierre volcanique avec une touche myst\u00e9rieuse, apporte une aura unique \u00e0 la bague Nudo. Ce mod\u00e8le exclusif est disponible en trois tailles diff\u00e9rentes, refl\u00e9tant son style moderne et sophistiqu\u00e9. D\u00e9tails: Or rose 18k et titane 58 diamants [&hellip;]<\/p>\n","protected":false},"featured_media":7812,"comment_status":"closed","ping_status":"closed","template":"","meta":{"_acf_changed":false,"_monsterinsights_skip_tracking":false,"_monsterinsights_sitenote_active":false,"_monsterinsights_sitenote_note":"","_monsterinsights_sitenote_category":0},"product_brand":[],"product_cat":[1244,1263],"product_tag":[3546,2192,3391,2183,2538],"class_list":{"0":"post-46387","1":"product","2":"type-product","3":"status-publish","4":"has-post-thumbnail","6":"product_cat-bijou","7":"product_cat-pomellato-fr","8":"product_tag-anells-fr-2","9":"product_tag-diamants-2","10":"product_tag-or-rosa-fr","11":"product_tag-pomellato-2","12":"product_tag-titane-fr","14":"first","15":"instock","16":"sold-individually","17":"purchasable","18":"product-type-simple"},"acf":[],"yoast_head":"<!-- This site is optimized with the Yoast SEO Premium plugin v26.8 (Yoast SEO v27.4) - https:\/\/yoast.com\/product\/yoast-seo-premium-wordpress\/ -->\n<title>BAGUE POMELLATO NUDO EN OR ROSE ET TITANE, OBSIDIENNE, DIAMANTS - Maison Roca<\/title>\n<meta name=\"robots\" content=\"index, follow, max-snippet:-1, max-image-preview:large, max-video-preview:-1\" \/>\n<link rel=\"canonical\" href=\"https:\/\/maisonroca.ad\/fr\/boutique\/bague-pomellato-nudo-en-or-rose-et-titane-obsidienne-diamants\/\" \/>\n<meta property=\"og:locale\" content=\"fr_FR\" \/>\n<meta property=\"og:type\" content=\"article\" \/>\n<meta property=\"og:title\" content=\"BAGUE POMELLATO NUDO EN OR ROSE ET TITANE, OBSIDIENNE, DIAMANTS\" \/>\n<meta property=\"og:description\" content=\"Bague Pomellato Nudo en or rose et titane, obsidienne et 58 diamants noirs. L&rsquo;obsidienne, connue pour \u00eatre une pierre volcanique avec une touche myst\u00e9rieuse, apporte une aura unique \u00e0 la bague Nudo. Ce mod\u00e8le exclusif est disponible en trois tailles diff\u00e9rentes, refl\u00e9tant son style moderne et sophistiqu\u00e9. D\u00e9tails: Or rose 18k et titane 58 diamants [&hellip;]\" \/>\n<meta property=\"og:url\" content=\"https:\/\/maisonroca.ad\/fr\/boutique\/bague-pomellato-nudo-en-or-rose-et-titane-obsidienne-diamants\/\" \/>\n<meta property=\"og:site_name\" content=\"Maison Roca\" \/>\n<meta property=\"article:publisher\" content=\"https:\/\/www.facebook.com\/maisonroca\" \/>\n<meta property=\"article:modified_time\" content=\"2024-12-13T13:51:17+00:00\" \/>\n<meta property=\"og:image\" content=\"https:\/\/maisonroca.ad\/wp-content\/uploads\/2024\/07\/pab4011ot000dbkos.JPG\" \/>\n\t<meta property=\"og:image:width\" content=\"525\" \/>\n\t<meta property=\"og:image:height\" content=\"525\" \/>\n\t<meta property=\"og:image:type\" content=\"image\/jpeg\" \/>\n<meta name=\"twitter:card\" content=\"summary_large_image\" \/>\n<meta name=\"twitter:label1\" content=\"Prix\" \/>\n\t<meta name=\"twitter:data1\" content=\"4.590,00&nbsp;&euro;\" \/>\n\t<meta name=\"twitter:label2\" content=\"Disponibilit\u00e9\" \/>\n\t<meta name=\"twitter:data2\" content=\"En stock\" \/>\n<script type=\"application\/ld+json\" class=\"yoast-schema-graph\">{\"@context\":\"https:\\\/\\\/schema.org\",\"@graph\":[{\"@type\":\"WebPage\",\"@id\":\"https:\\\/\\\/maisonroca.ad\\\/fr\\\/boutique\\\/bague-pomellato-nudo-en-or-rose-et-titane-obsidienne-diamants\\\/\",\"url\":\"https:\\\/\\\/maisonroca.ad\\\/fr\\\/boutique\\\/bague-pomellato-nudo-en-or-rose-et-titane-obsidienne-diamants\\\/\",\"name\":\"BAGUE POMELLATO NUDO EN OR ROSE ET TITANE, OBSIDIENNE, DIAMANTS - Maison Roca\",\"isPartOf\":{\"@id\":\"https:\\\/\\\/maisonroca.ad\\\/fr\\\/#website\"},\"primaryImageOfPage\":{\"@id\":\"https:\\\/\\\/maisonroca.ad\\\/fr\\\/boutique\\\/bague-pomellato-nudo-en-or-rose-et-titane-obsidienne-diamants\\\/#primaryimage\"},\"image\":{\"@id\":\"https:\\\/\\\/maisonroca.ad\\\/fr\\\/boutique\\\/bague-pomellato-nudo-en-or-rose-et-titane-obsidienne-diamants\\\/#primaryimage\"},\"thumbnailUrl\":\"https:\\\/\\\/maisonroca.ad\\\/wp-content\\\/uploads\\\/2024\\\/07\\\/pab4011ot000dbkos.JPG\",\"datePublished\":\"2024-07-28T22:02:17+00:00\",\"dateModified\":\"2024-12-13T13:51:17+00:00\",\"breadcrumb\":{\"@id\":\"https:\\\/\\\/maisonroca.ad\\\/fr\\\/boutique\\\/bague-pomellato-nudo-en-or-rose-et-titane-obsidienne-diamants\\\/#breadcrumb\"},\"inLanguage\":\"fr-FR\",\"potentialAction\":[{\"@type\":\"ReadAction\",\"target\":[\"https:\\\/\\\/maisonroca.ad\\\/fr\\\/boutique\\\/bague-pomellato-nudo-en-or-rose-et-titane-obsidienne-diamants\\\/\"]}]},{\"@type\":\"ImageObject\",\"inLanguage\":\"fr-FR\",\"@id\":\"https:\\\/\\\/maisonroca.ad\\\/fr\\\/boutique\\\/bague-pomellato-nudo-en-or-rose-et-titane-obsidienne-diamants\\\/#primaryimage\",\"url\":\"https:\\\/\\\/maisonroca.ad\\\/wp-content\\\/uploads\\\/2024\\\/07\\\/pab4011ot000dbkos.JPG\",\"contentUrl\":\"https:\\\/\\\/maisonroca.ad\\\/wp-content\\\/uploads\\\/2024\\\/07\\\/pab4011ot000dbkos.JPG\",\"width\":525,\"height\":525,\"caption\":\"maison-roca-andorra-pomellato-anell-nudo-or-rosa-titani-obsidiana-diamants\"},{\"@type\":\"BreadcrumbList\",\"@id\":\"https:\\\/\\\/maisonroca.ad\\\/fr\\\/boutique\\\/bague-pomellato-nudo-en-or-rose-et-titane-obsidienne-diamants\\\/#breadcrumb\",\"itemListElement\":[{\"@type\":\"ListItem\",\"position\":1,\"name\":\"Portada\",\"item\":\"https:\\\/\\\/maisonroca.ad\\\/fr\\\/\"},{\"@type\":\"ListItem\",\"position\":2,\"name\":\"Botiga\",\"item\":\"https:\\\/\\\/maisonroca.ad\\\/botiga\\\/\"},{\"@type\":\"ListItem\",\"position\":3,\"name\":\"BAGUE POMELLATO NUDO EN OR ROSE ET TITANE, OBSIDIENNE, DIAMANTS\"}]},{\"@type\":\"WebSite\",\"@id\":\"https:\\\/\\\/maisonroca.ad\\\/fr\\\/#website\",\"url\":\"https:\\\/\\\/maisonroca.ad\\\/fr\\\/\",\"name\":\"Maison Roca\",\"description\":\"Bold Luxury Life - joieria d&#039;autor - Andorra\",\"publisher\":{\"@id\":\"https:\\\/\\\/maisonroca.ad\\\/fr\\\/#organization\"},\"potentialAction\":[{\"@type\":\"SearchAction\",\"target\":{\"@type\":\"EntryPoint\",\"urlTemplate\":\"https:\\\/\\\/maisonroca.ad\\\/fr\\\/?s={search_term_string}\"},\"query-input\":{\"@type\":\"PropertyValueSpecification\",\"valueRequired\":true,\"valueName\":\"search_term_string\"}}],\"inLanguage\":\"fr-FR\"},{\"@type\":\"Organization\",\"@id\":\"https:\\\/\\\/maisonroca.ad\\\/fr\\\/#organization\",\"name\":\"Maison Roca\",\"url\":\"https:\\\/\\\/maisonroca.ad\\\/fr\\\/\",\"logo\":{\"@type\":\"ImageObject\",\"inLanguage\":\"fr-FR\",\"@id\":\"https:\\\/\\\/maisonroca.ad\\\/fr\\\/#\\\/schema\\\/logo\\\/image\\\/\",\"url\":\"https:\\\/\\\/maisonroca.ad\\\/wp-content\\\/uploads\\\/2023\\\/10\\\/icono.png\",\"contentUrl\":\"https:\\\/\\\/maisonroca.ad\\\/wp-content\\\/uploads\\\/2023\\\/10\\\/icono.png\",\"width\":512,\"height\":512,\"caption\":\"Maison Roca\"},\"image\":{\"@id\":\"https:\\\/\\\/maisonroca.ad\\\/fr\\\/#\\\/schema\\\/logo\\\/image\\\/\"},\"sameAs\":[\"https:\\\/\\\/www.facebook.com\\\/maisonroca\",\"https:\\\/\\\/www.instagram.com\\\/maisonroca\\\/\"]}]}<\/script>\n<meta property=\"product:price:amount\" content=\"4590.00\" \/>\n<meta property=\"product:price:currency\" content=\"EUR\" \/>\n<meta property=\"og:availability\" content=\"instock\" \/>\n<meta property=\"product:availability\" content=\"instock\" \/>\n<meta property=\"product:retailer_item_id\" content=\"PAB4011OT000DBKOS\" \/>\n<meta property=\"product:condition\" content=\"new\" \/>\n<!-- \/ Yoast SEO Premium plugin. -->","yoast_head_json":{"title":"BAGUE POMELLATO NUDO EN OR ROSE ET TITANE, OBSIDIENNE, DIAMANTS - Maison Roca","robots":{"index":"index","follow":"follow","max-snippet":"max-snippet:-1","max-image-preview":"max-image-preview:large","max-video-preview":"max-video-preview:-1"},"canonical":"https:\/\/maisonroca.ad\/fr\/boutique\/bague-pomellato-nudo-en-or-rose-et-titane-obsidienne-diamants\/","og_locale":"fr_FR","og_type":"article","og_title":"BAGUE POMELLATO NUDO EN OR ROSE ET TITANE, OBSIDIENNE, DIAMANTS","og_description":"Bague Pomellato Nudo en or rose et titane, obsidienne et 58 diamants noirs. L&rsquo;obsidienne, connue pour \u00eatre une pierre volcanique avec une touche myst\u00e9rieuse, apporte une aura unique \u00e0 la bague Nudo. Ce mod\u00e8le exclusif est disponible en trois tailles diff\u00e9rentes, refl\u00e9tant son style moderne et sophistiqu\u00e9. D\u00e9tails: Or rose 18k et titane 58 diamants [&hellip;]","og_url":"https:\/\/maisonroca.ad\/fr\/boutique\/bague-pomellato-nudo-en-or-rose-et-titane-obsidienne-diamants\/","og_site_name":"Maison Roca","article_publisher":"https:\/\/www.facebook.com\/maisonroca","article_modified_time":"2024-12-13T13:51:17+00:00","og_image":[{"width":525,"height":525,"url":"https:\/\/maisonroca.ad\/wp-content\/uploads\/2024\/07\/pab4011ot000dbkos.JPG","type":"image\/jpeg"}],"twitter_card":"summary_large_image","twitter_misc":{"Prix":"4.590,00&nbsp;&euro;","Disponibilit\u00e9":"En stock"},"schema":{"@context":"https:\/\/schema.org","@graph":[{"@type":"WebPage","@id":"https:\/\/maisonroca.ad\/fr\/boutique\/bague-pomellato-nudo-en-or-rose-et-titane-obsidienne-diamants\/","url":"https:\/\/maisonroca.ad\/fr\/boutique\/bague-pomellato-nudo-en-or-rose-et-titane-obsidienne-diamants\/","name":"BAGUE POMELLATO NUDO EN OR ROSE ET TITANE, OBSIDIENNE, DIAMANTS - Maison Roca","isPartOf":{"@id":"https:\/\/maisonroca.ad\/fr\/#website"},"primaryImageOfPage":{"@id":"https:\/\/maisonroca.ad\/fr\/boutique\/bague-pomellato-nudo-en-or-rose-et-titane-obsidienne-diamants\/#primaryimage"},"image":{"@id":"https:\/\/maisonroca.ad\/fr\/boutique\/bague-pomellato-nudo-en-or-rose-et-titane-obsidienne-diamants\/#primaryimage"},"thumbnailUrl":"https:\/\/maisonroca.ad\/wp-content\/uploads\/2024\/07\/pab4011ot000dbkos.JPG","datePublished":"2024-07-28T22:02:17+00:00","dateModified":"2024-12-13T13:51:17+00:00","breadcrumb":{"@id":"https:\/\/maisonroca.ad\/fr\/boutique\/bague-pomellato-nudo-en-or-rose-et-titane-obsidienne-diamants\/#breadcrumb"},"inLanguage":"fr-FR","potentialAction":[{"@type":"ReadAction","target":["https:\/\/maisonroca.ad\/fr\/boutique\/bague-pomellato-nudo-en-or-rose-et-titane-obsidienne-diamants\/"]}]},{"@type":"ImageObject","inLanguage":"fr-FR","@id":"https:\/\/maisonroca.ad\/fr\/boutique\/bague-pomellato-nudo-en-or-rose-et-titane-obsidienne-diamants\/#primaryimage","url":"https:\/\/maisonroca.ad\/wp-content\/uploads\/2024\/07\/pab4011ot000dbkos.JPG","contentUrl":"https:\/\/maisonroca.ad\/wp-content\/uploads\/2024\/07\/pab4011ot000dbkos.JPG","width":525,"height":525,"caption":"maison-roca-andorra-pomellato-anell-nudo-or-rosa-titani-obsidiana-diamants"},{"@type":"BreadcrumbList","@id":"https:\/\/maisonroca.ad\/fr\/boutique\/bague-pomellato-nudo-en-or-rose-et-titane-obsidienne-diamants\/#breadcrumb","itemListElement":[{"@type":"ListItem","position":1,"name":"Portada","item":"https:\/\/maisonroca.ad\/fr\/"},{"@type":"ListItem","position":2,"name":"Botiga","item":"https:\/\/maisonroca.ad\/botiga\/"},{"@type":"ListItem","position":3,"name":"BAGUE POMELLATO NUDO EN OR ROSE ET TITANE, OBSIDIENNE, DIAMANTS"}]},{"@type":"WebSite","@id":"https:\/\/maisonroca.ad\/fr\/#website","url":"https:\/\/maisonroca.ad\/fr\/","name":"Maison Roca","description":"Bold Luxury Life - joieria d&#039;autor - Andorra","publisher":{"@id":"https:\/\/maisonroca.ad\/fr\/#organization"},"potentialAction":[{"@type":"SearchAction","target":{"@type":"EntryPoint","urlTemplate":"https:\/\/maisonroca.ad\/fr\/?s={search_term_string}"},"query-input":{"@type":"PropertyValueSpecification","valueRequired":true,"valueName":"search_term_string"}}],"inLanguage":"fr-FR"},{"@type":"Organization","@id":"https:\/\/maisonroca.ad\/fr\/#organization","name":"Maison Roca","url":"https:\/\/maisonroca.ad\/fr\/","logo":{"@type":"ImageObject","inLanguage":"fr-FR","@id":"https:\/\/maisonroca.ad\/fr\/#\/schema\/logo\/image\/","url":"https:\/\/maisonroca.ad\/wp-content\/uploads\/2023\/10\/icono.png","contentUrl":"https:\/\/maisonroca.ad\/wp-content\/uploads\/2023\/10\/icono.png","width":512,"height":512,"caption":"Maison Roca"},"image":{"@id":"https:\/\/maisonroca.ad\/fr\/#\/schema\/logo\/image\/"},"sameAs":["https:\/\/www.facebook.com\/maisonroca","https:\/\/www.instagram.com\/maisonroca\/"]}]},"product_price_amount":"4590.00","product_price_currency":"EUR","og_availability":"instock","product_availability":"instock","product_retailer_item_id":"PAB4011OT000DBKOS","product_condition":"new"},"_links":{"self":[{"href":"https:\/\/maisonroca.ad\/fr\/wp-json\/wp\/v2\/product\/46387","targetHints":{"allow":["GET"]}}],"collection":[{"href":"https:\/\/maisonroca.ad\/fr\/wp-json\/wp\/v2\/product"}],"about":[{"href":"https:\/\/maisonroca.ad\/fr\/wp-json\/wp\/v2\/types\/product"}],"replies":[{"embeddable":true,"href":"https:\/\/maisonroca.ad\/fr\/wp-json\/wp\/v2\/comments?post=46387"}],"version-history":[{"count":1,"href":"https:\/\/maisonroca.ad\/fr\/wp-json\/wp\/v2\/product\/46387\/revisions"}],"predecessor-version":[{"id":67622,"href":"https:\/\/maisonroca.ad\/fr\/wp-json\/wp\/v2\/product\/46387\/revisions\/67622"}],"wp:featuredmedia":[{"embeddable":true,"href":"https:\/\/maisonroca.ad\/fr\/wp-json\/wp\/v2\/media\/7812"}],"wp:attachment":[{"href":"https:\/\/maisonroca.ad\/fr\/wp-json\/wp\/v2\/media?parent=46387"}],"wp:term":[{"taxonomy":"product_brand","embeddable":true,"href":"https:\/\/maisonroca.ad\/fr\/wp-json\/wp\/v2\/product_brand?post=46387"},{"taxonomy":"product_cat","embeddable":true,"href":"https:\/\/maisonroca.ad\/fr\/wp-json\/wp\/v2\/product_cat?post=46387"},{"taxonomy":"product_tag","embeddable":true,"href":"https:\/\/maisonroca.ad\/fr\/wp-json\/wp\/v2\/product_tag?post=46387"}],"curies":[{"name":"wp","href":"https:\/\/api.w.org\/{rel}","templated":true}]}}