{"id":46479,"date":"2024-07-29T00:02:48","date_gmt":"2024-07-28T22:02:48","guid":{"rendered":"https:\/\/maisonroca.ad\/product\/collier-pomellato-nudo-pm-en-or-rose-et-blanc-et-diamants\/"},"modified":"2024-11-08T15:56:50","modified_gmt":"2024-11-08T14:56:50","slug":"collier-pomellato-nudo-pm-en-or-rose-et-blanc-et-diamants","status":"publish","type":"product","link":"https:\/\/maisonroca.ad\/fr\/boutique\/collier-pomellato-nudo-pm-en-or-rose-et-blanc-et-diamants\/","title":{"rendered":"COLLIER POMELLATO NUDO PM EN OR ROSE ET BLANC ET DIAMANTS"},"content":{"rendered":"<p>Collier Pomellato Nudo petit en or rose et blanc et diamants blancs sur or blanc rhodi\u00e9 en blanc.<\/p>\n<p>Nudo Solitaire r\u00e9interpr\u00e8te l&rsquo;essence de la haute joaillerie, mettant en valeur l&rsquo;exclusivit\u00e9 gr\u00e2ce \u00e0 son pav\u00e9 distinctif de pierres pr\u00e9cieuses en version pendentif. Cette pi\u00e8ce unique se distingue par sa sophistication et son \u00e9l\u00e9gance, parfaite pour ceux qui recherchent un design exclusif et raffin\u00e9.<\/p>\n<p>D\u00e9tails:<\/p>\n<p>Or rose et blanc 18k<br \/>\n36 diamants blancs 0,80 ct<\/p>\n","protected":false},"excerpt":{"rendered":"<p>Collier Pomellato Nudo petit en or rose et blanc et diamants blancs sur or blanc rhodi\u00e9 en blanc. Nudo Solitaire r\u00e9interpr\u00e8te l&rsquo;essence de la haute joaillerie, mettant en valeur l&rsquo;exclusivit\u00e9 gr\u00e2ce \u00e0 son pav\u00e9 distinctif de pierres pr\u00e9cieuses en version pendentif. Cette pi\u00e8ce unique se distingue par sa sophistication et son \u00e9l\u00e9gance, parfaite pour ceux [&hellip;]<\/p>\n","protected":false},"featured_media":62206,"comment_status":"closed","ping_status":"closed","template":"","meta":{"_acf_changed":false,"_monsterinsights_skip_tracking":false,"_monsterinsights_sitenote_active":false,"_monsterinsights_sitenote_note":"","_monsterinsights_sitenote_category":0},"product_brand":[],"product_cat":[1244,1263],"product_tag":[3861,2192,2171,3391,2183],"class_list":{"0":"post-46479","1":"product","2":"type-product","3":"status-publish","4":"has-post-thumbnail","6":"product_cat-bijou","7":"product_cat-pomellato-fr","8":"product_tag-collars","9":"product_tag-diamants-2","10":"product_tag-or-blanc-2","11":"product_tag-or-rosa-fr","12":"product_tag-pomellato-2","14":"first","15":"instock","16":"sold-individually","17":"purchasable","18":"product-type-simple"},"acf":[],"yoast_head":"<!-- This site is optimized with the Yoast SEO Premium plugin v26.8 (Yoast SEO v27.4) - https:\/\/yoast.com\/product\/yoast-seo-premium-wordpress\/ -->\n<title>COLLIER POMELLATO NUDO PM EN OR ROSE ET BLANC ET DIAMANTS - Maison Roca<\/title>\n<meta name=\"robots\" content=\"index, follow, max-snippet:-1, max-image-preview:large, max-video-preview:-1\" \/>\n<link rel=\"canonical\" href=\"https:\/\/maisonroca.ad\/fr\/boutique\/collier-pomellato-nudo-pm-en-or-rose-et-blanc-et-diamants\/\" \/>\n<meta property=\"og:locale\" content=\"fr_FR\" \/>\n<meta property=\"og:type\" content=\"article\" \/>\n<meta property=\"og:title\" content=\"COLLIER POMELLATO NUDO PM EN OR ROSE ET BLANC ET DIAMANTS\" \/>\n<meta property=\"og:description\" content=\"Collier Pomellato Nudo petit en or rose et blanc et diamants blancs sur or blanc rhodi\u00e9 en blanc. Nudo Solitaire r\u00e9interpr\u00e8te l&rsquo;essence de la haute joaillerie, mettant en valeur l&rsquo;exclusivit\u00e9 gr\u00e2ce \u00e0 son pav\u00e9 distinctif de pierres pr\u00e9cieuses en version pendentif. Cette pi\u00e8ce unique se distingue par sa sophistication et son \u00e9l\u00e9gance, parfaite pour ceux [&hellip;]\" \/>\n<meta property=\"og:url\" content=\"https:\/\/maisonroca.ad\/fr\/boutique\/collier-pomellato-nudo-pm-en-or-rose-et-blanc-et-diamants\/\" \/>\n<meta property=\"og:site_name\" content=\"Maison Roca\" \/>\n<meta property=\"article:publisher\" content=\"https:\/\/www.facebook.com\/maisonroca\" \/>\n<meta property=\"article:modified_time\" content=\"2024-11-08T14:56:50+00:00\" \/>\n<meta property=\"og:image\" content=\"https:\/\/maisonroca.ad\/wp-content\/uploads\/2024\/07\/pcb6012o6000db000.jpg\" \/>\n\t<meta property=\"og:image:width\" content=\"1164\" \/>\n\t<meta property=\"og:image:height\" content=\"1164\" \/>\n\t<meta property=\"og:image:type\" content=\"image\/webp\" \/>\n<meta name=\"twitter:card\" content=\"summary_large_image\" \/>\n<meta name=\"twitter:label1\" content=\"Prix\" \/>\n\t<meta name=\"twitter:data1\" content=\"5.670,00&nbsp;&euro;\" \/>\n\t<meta name=\"twitter:label2\" content=\"Disponibilit\u00e9\" \/>\n\t<meta name=\"twitter:data2\" content=\"En stock\" \/>\n<script type=\"application\/ld+json\" class=\"yoast-schema-graph\">{\"@context\":\"https:\\\/\\\/schema.org\",\"@graph\":[{\"@type\":\"WebPage\",\"@id\":\"https:\\\/\\\/maisonroca.ad\\\/fr\\\/boutique\\\/collier-pomellato-nudo-pm-en-or-rose-et-blanc-et-diamants\\\/\",\"url\":\"https:\\\/\\\/maisonroca.ad\\\/fr\\\/boutique\\\/collier-pomellato-nudo-pm-en-or-rose-et-blanc-et-diamants\\\/\",\"name\":\"COLLIER POMELLATO NUDO PM EN OR ROSE ET BLANC ET DIAMANTS - Maison Roca\",\"isPartOf\":{\"@id\":\"https:\\\/\\\/maisonroca.ad\\\/fr\\\/#website\"},\"primaryImageOfPage\":{\"@id\":\"https:\\\/\\\/maisonroca.ad\\\/fr\\\/boutique\\\/collier-pomellato-nudo-pm-en-or-rose-et-blanc-et-diamants\\\/#primaryimage\"},\"image\":{\"@id\":\"https:\\\/\\\/maisonroca.ad\\\/fr\\\/boutique\\\/collier-pomellato-nudo-pm-en-or-rose-et-blanc-et-diamants\\\/#primaryimage\"},\"thumbnailUrl\":\"https:\\\/\\\/maisonroca.ad\\\/wp-content\\\/uploads\\\/2024\\\/07\\\/FRED-22.jpg\",\"datePublished\":\"2024-07-28T22:02:48+00:00\",\"dateModified\":\"2024-11-08T14:56:50+00:00\",\"breadcrumb\":{\"@id\":\"https:\\\/\\\/maisonroca.ad\\\/fr\\\/boutique\\\/collier-pomellato-nudo-pm-en-or-rose-et-blanc-et-diamants\\\/#breadcrumb\"},\"inLanguage\":\"fr-FR\",\"potentialAction\":[{\"@type\":\"ReadAction\",\"target\":[\"https:\\\/\\\/maisonroca.ad\\\/fr\\\/boutique\\\/collier-pomellato-nudo-pm-en-or-rose-et-blanc-et-diamants\\\/\"]}]},{\"@type\":\"ImageObject\",\"inLanguage\":\"fr-FR\",\"@id\":\"https:\\\/\\\/maisonroca.ad\\\/fr\\\/boutique\\\/collier-pomellato-nudo-pm-en-or-rose-et-blanc-et-diamants\\\/#primaryimage\",\"url\":\"https:\\\/\\\/maisonroca.ad\\\/wp-content\\\/uploads\\\/2024\\\/07\\\/FRED-22.jpg\",\"contentUrl\":\"https:\\\/\\\/maisonroca.ad\\\/wp-content\\\/uploads\\\/2024\\\/07\\\/FRED-22.jpg\",\"width\":1080,\"height\":1080},{\"@type\":\"BreadcrumbList\",\"@id\":\"https:\\\/\\\/maisonroca.ad\\\/fr\\\/boutique\\\/collier-pomellato-nudo-pm-en-or-rose-et-blanc-et-diamants\\\/#breadcrumb\",\"itemListElement\":[{\"@type\":\"ListItem\",\"position\":1,\"name\":\"Portada\",\"item\":\"https:\\\/\\\/maisonroca.ad\\\/fr\\\/\"},{\"@type\":\"ListItem\",\"position\":2,\"name\":\"Botiga\",\"item\":\"https:\\\/\\\/maisonroca.ad\\\/botiga\\\/\"},{\"@type\":\"ListItem\",\"position\":3,\"name\":\"COLLIER POMELLATO NUDO PM EN OR ROSE ET BLANC ET DIAMANTS\"}]},{\"@type\":\"WebSite\",\"@id\":\"https:\\\/\\\/maisonroca.ad\\\/fr\\\/#website\",\"url\":\"https:\\\/\\\/maisonroca.ad\\\/fr\\\/\",\"name\":\"Maison Roca\",\"description\":\"Bold Luxury Life - joieria d&#039;autor - Andorra\",\"publisher\":{\"@id\":\"https:\\\/\\\/maisonroca.ad\\\/fr\\\/#organization\"},\"potentialAction\":[{\"@type\":\"SearchAction\",\"target\":{\"@type\":\"EntryPoint\",\"urlTemplate\":\"https:\\\/\\\/maisonroca.ad\\\/fr\\\/?s={search_term_string}\"},\"query-input\":{\"@type\":\"PropertyValueSpecification\",\"valueRequired\":true,\"valueName\":\"search_term_string\"}}],\"inLanguage\":\"fr-FR\"},{\"@type\":\"Organization\",\"@id\":\"https:\\\/\\\/maisonroca.ad\\\/fr\\\/#organization\",\"name\":\"Maison Roca\",\"url\":\"https:\\\/\\\/maisonroca.ad\\\/fr\\\/\",\"logo\":{\"@type\":\"ImageObject\",\"inLanguage\":\"fr-FR\",\"@id\":\"https:\\\/\\\/maisonroca.ad\\\/fr\\\/#\\\/schema\\\/logo\\\/image\\\/\",\"url\":\"https:\\\/\\\/maisonroca.ad\\\/wp-content\\\/uploads\\\/2023\\\/10\\\/icono.png\",\"contentUrl\":\"https:\\\/\\\/maisonroca.ad\\\/wp-content\\\/uploads\\\/2023\\\/10\\\/icono.png\",\"width\":512,\"height\":512,\"caption\":\"Maison Roca\"},\"image\":{\"@id\":\"https:\\\/\\\/maisonroca.ad\\\/fr\\\/#\\\/schema\\\/logo\\\/image\\\/\"},\"sameAs\":[\"https:\\\/\\\/www.facebook.com\\\/maisonroca\",\"https:\\\/\\\/www.instagram.com\\\/maisonroca\\\/\"]}]}<\/script>\n<meta property=\"product:price:amount\" content=\"5670.00\" \/>\n<meta property=\"product:price:currency\" content=\"EUR\" \/>\n<meta property=\"og:availability\" content=\"instock\" \/>\n<meta property=\"product:availability\" content=\"instock\" \/>\n<meta property=\"product:retailer_item_id\" content=\"PCB6012O6000DB000\" \/>\n<meta property=\"product:condition\" content=\"new\" \/>\n<!-- \/ Yoast SEO Premium plugin. -->","yoast_head_json":{"title":"COLLIER POMELLATO NUDO PM EN OR ROSE ET BLANC ET DIAMANTS - Maison Roca","robots":{"index":"index","follow":"follow","max-snippet":"max-snippet:-1","max-image-preview":"max-image-preview:large","max-video-preview":"max-video-preview:-1"},"canonical":"https:\/\/maisonroca.ad\/fr\/boutique\/collier-pomellato-nudo-pm-en-or-rose-et-blanc-et-diamants\/","og_locale":"fr_FR","og_type":"article","og_title":"COLLIER POMELLATO NUDO PM EN OR ROSE ET BLANC ET DIAMANTS","og_description":"Collier Pomellato Nudo petit en or rose et blanc et diamants blancs sur or blanc rhodi\u00e9 en blanc. Nudo Solitaire r\u00e9interpr\u00e8te l&rsquo;essence de la haute joaillerie, mettant en valeur l&rsquo;exclusivit\u00e9 gr\u00e2ce \u00e0 son pav\u00e9 distinctif de pierres pr\u00e9cieuses en version pendentif. Cette pi\u00e8ce unique se distingue par sa sophistication et son \u00e9l\u00e9gance, parfaite pour ceux [&hellip;]","og_url":"https:\/\/maisonroca.ad\/fr\/boutique\/collier-pomellato-nudo-pm-en-or-rose-et-blanc-et-diamants\/","og_site_name":"Maison Roca","article_publisher":"https:\/\/www.facebook.com\/maisonroca","article_modified_time":"2024-11-08T14:56:50+00:00","og_image":[{"width":1164,"height":1164,"url":"https:\/\/maisonroca.ad\/wp-content\/uploads\/2024\/07\/pcb6012o6000db000.jpg","type":"image\/webp"}],"twitter_card":"summary_large_image","twitter_misc":{"Prix":"5.670,00&nbsp;&euro;","Disponibilit\u00e9":"En stock"},"schema":{"@context":"https:\/\/schema.org","@graph":[{"@type":"WebPage","@id":"https:\/\/maisonroca.ad\/fr\/boutique\/collier-pomellato-nudo-pm-en-or-rose-et-blanc-et-diamants\/","url":"https:\/\/maisonroca.ad\/fr\/boutique\/collier-pomellato-nudo-pm-en-or-rose-et-blanc-et-diamants\/","name":"COLLIER POMELLATO NUDO PM EN OR ROSE ET BLANC ET DIAMANTS - Maison Roca","isPartOf":{"@id":"https:\/\/maisonroca.ad\/fr\/#website"},"primaryImageOfPage":{"@id":"https:\/\/maisonroca.ad\/fr\/boutique\/collier-pomellato-nudo-pm-en-or-rose-et-blanc-et-diamants\/#primaryimage"},"image":{"@id":"https:\/\/maisonroca.ad\/fr\/boutique\/collier-pomellato-nudo-pm-en-or-rose-et-blanc-et-diamants\/#primaryimage"},"thumbnailUrl":"https:\/\/maisonroca.ad\/wp-content\/uploads\/2024\/07\/FRED-22.jpg","datePublished":"2024-07-28T22:02:48+00:00","dateModified":"2024-11-08T14:56:50+00:00","breadcrumb":{"@id":"https:\/\/maisonroca.ad\/fr\/boutique\/collier-pomellato-nudo-pm-en-or-rose-et-blanc-et-diamants\/#breadcrumb"},"inLanguage":"fr-FR","potentialAction":[{"@type":"ReadAction","target":["https:\/\/maisonroca.ad\/fr\/boutique\/collier-pomellato-nudo-pm-en-or-rose-et-blanc-et-diamants\/"]}]},{"@type":"ImageObject","inLanguage":"fr-FR","@id":"https:\/\/maisonroca.ad\/fr\/boutique\/collier-pomellato-nudo-pm-en-or-rose-et-blanc-et-diamants\/#primaryimage","url":"https:\/\/maisonroca.ad\/wp-content\/uploads\/2024\/07\/FRED-22.jpg","contentUrl":"https:\/\/maisonroca.ad\/wp-content\/uploads\/2024\/07\/FRED-22.jpg","width":1080,"height":1080},{"@type":"BreadcrumbList","@id":"https:\/\/maisonroca.ad\/fr\/boutique\/collier-pomellato-nudo-pm-en-or-rose-et-blanc-et-diamants\/#breadcrumb","itemListElement":[{"@type":"ListItem","position":1,"name":"Portada","item":"https:\/\/maisonroca.ad\/fr\/"},{"@type":"ListItem","position":2,"name":"Botiga","item":"https:\/\/maisonroca.ad\/botiga\/"},{"@type":"ListItem","position":3,"name":"COLLIER POMELLATO NUDO PM EN OR ROSE ET BLANC ET DIAMANTS"}]},{"@type":"WebSite","@id":"https:\/\/maisonroca.ad\/fr\/#website","url":"https:\/\/maisonroca.ad\/fr\/","name":"Maison Roca","description":"Bold Luxury Life - joieria d&#039;autor - Andorra","publisher":{"@id":"https:\/\/maisonroca.ad\/fr\/#organization"},"potentialAction":[{"@type":"SearchAction","target":{"@type":"EntryPoint","urlTemplate":"https:\/\/maisonroca.ad\/fr\/?s={search_term_string}"},"query-input":{"@type":"PropertyValueSpecification","valueRequired":true,"valueName":"search_term_string"}}],"inLanguage":"fr-FR"},{"@type":"Organization","@id":"https:\/\/maisonroca.ad\/fr\/#organization","name":"Maison Roca","url":"https:\/\/maisonroca.ad\/fr\/","logo":{"@type":"ImageObject","inLanguage":"fr-FR","@id":"https:\/\/maisonroca.ad\/fr\/#\/schema\/logo\/image\/","url":"https:\/\/maisonroca.ad\/wp-content\/uploads\/2023\/10\/icono.png","contentUrl":"https:\/\/maisonroca.ad\/wp-content\/uploads\/2023\/10\/icono.png","width":512,"height":512,"caption":"Maison Roca"},"image":{"@id":"https:\/\/maisonroca.ad\/fr\/#\/schema\/logo\/image\/"},"sameAs":["https:\/\/www.facebook.com\/maisonroca","https:\/\/www.instagram.com\/maisonroca\/"]}]},"product_price_amount":"5670.00","product_price_currency":"EUR","og_availability":"instock","product_availability":"instock","product_retailer_item_id":"PCB6012O6000DB000","product_condition":"new"},"_links":{"self":[{"href":"https:\/\/maisonroca.ad\/fr\/wp-json\/wp\/v2\/product\/46479","targetHints":{"allow":["GET"]}}],"collection":[{"href":"https:\/\/maisonroca.ad\/fr\/wp-json\/wp\/v2\/product"}],"about":[{"href":"https:\/\/maisonroca.ad\/fr\/wp-json\/wp\/v2\/types\/product"}],"replies":[{"embeddable":true,"href":"https:\/\/maisonroca.ad\/fr\/wp-json\/wp\/v2\/comments?post=46479"}],"version-history":[{"count":1,"href":"https:\/\/maisonroca.ad\/fr\/wp-json\/wp\/v2\/product\/46479\/revisions"}],"predecessor-version":[{"id":60517,"href":"https:\/\/maisonroca.ad\/fr\/wp-json\/wp\/v2\/product\/46479\/revisions\/60517"}],"wp:featuredmedia":[{"embeddable":true,"href":"https:\/\/maisonroca.ad\/fr\/wp-json\/wp\/v2\/media\/62206"}],"wp:attachment":[{"href":"https:\/\/maisonroca.ad\/fr\/wp-json\/wp\/v2\/media?parent=46479"}],"wp:term":[{"taxonomy":"product_brand","embeddable":true,"href":"https:\/\/maisonroca.ad\/fr\/wp-json\/wp\/v2\/product_brand?post=46479"},{"taxonomy":"product_cat","embeddable":true,"href":"https:\/\/maisonroca.ad\/fr\/wp-json\/wp\/v2\/product_cat?post=46479"},{"taxonomy":"product_tag","embeddable":true,"href":"https:\/\/maisonroca.ad\/fr\/wp-json\/wp\/v2\/product_tag?post=46479"}],"curies":[{"name":"wp","href":"https:\/\/api.w.org\/{rel}","templated":true}]}}