{"id":46797,"date":"2024-07-29T00:04:42","date_gmt":"2024-07-28T22:04:42","guid":{"rendered":"https:\/\/maisonroca.ad\/product\/bague-maison-roca-tracemark-or-blanc-et-diamants\/"},"modified":"2024-07-29T01:48:01","modified_gmt":"2024-07-28T23:48:01","slug":"bague-maison-roca-tracemark-or-blanc-et-diamants-2","status":"publish","type":"product","link":"https:\/\/maisonroca.ad\/fr\/boutique\/bague-maison-roca-tracemark-or-blanc-et-diamants-2\/","title":{"rendered":"BAGUE MAISON ROCA &#038; Tracemark OR BLANC ET DIAMANTS"},"content":{"rendered":"<p>Bague Maison Roca &#038; Tracemark en or blanc, diamant taille brillant et demi pav\u00e9e de diamants avec Tracemark et certificat GIA.<br \/>\nCe bijou avec Tracemark est unique car il assure une tra\u00e7abilit\u00e9 compl\u00e8te et ind\u00e9pendante depuis l&rsquo;origine des mati\u00e8res jusqu&rsquo;au consommateur final. Vous pourrez v\u00e9rifier, depuis votre portefeuille, chaque \u00e9tape de la cha\u00eene d&rsquo;approvisionnement et de fabrication pour v\u00e9rifier qu\u2019il est conforme aux normes les plus \u00e9lev\u00e9es de durabilit\u00e9 et de responsabilit\u00e9.<br \/>\nGIA certifie la qualit\u00e9 et l&rsquo;origine du diamant<\/p>\n<p>D\u00e9tails:<\/p>\n<p>Or blanc 18 k de 2,70 g<br \/>\nDiamant 0,30 ct gvs2 3ex<br \/>\nCertificat GIA<br \/>\n12 diamants 0,12 ct gvs2<\/p>\n","protected":false},"excerpt":{"rendered":"<p>Bague Maison Roca &#038; Tracemark en or blanc, diamant taille brillant et demi pav\u00e9e de diamants avec Tracemark et certificat GIA. Ce bijou avec Tracemark est unique car il assure une tra\u00e7abilit\u00e9 compl\u00e8te et ind\u00e9pendante depuis l&rsquo;origine des mati\u00e8res jusqu&rsquo;au consommateur final. Vous pourrez v\u00e9rifier, depuis votre portefeuille, chaque \u00e9tape de la cha\u00eene d&rsquo;approvisionnement et [&hellip;]<\/p>\n","protected":false},"featured_media":9108,"comment_status":"closed","ping_status":"closed","template":"","meta":{"_acf_changed":false,"_monsterinsights_skip_tracking":false,"_monsterinsights_sitenote_active":false,"_monsterinsights_sitenote_note":"","_monsterinsights_sitenote_category":0},"product_brand":[],"product_cat":[1244,1270],"product_tag":[2192,3467,2388,2171],"class_list":{"0":"post-46797","1":"product","2":"type-product","3":"status-publish","4":"has-post-thumbnail","6":"product_cat-bijou","7":"product_cat-maison-roca-fr","8":"product_tag-diamants-2","9":"product_tag-diamonds-fr","10":"product_tag-maison-roca-tracemark-3-2","11":"product_tag-or-blanc-2","13":"first","14":"instock","15":"sold-individually","16":"product-type-simple"},"acf":[],"yoast_head":"<!-- This site is optimized with the Yoast SEO Premium plugin v26.8 (Yoast SEO v27.3) - https:\/\/yoast.com\/product\/yoast-seo-premium-wordpress\/ -->\n<title>BAGUE MAISON ROCA &amp; Tracemark OR BLANC ET DIAMANTS - Maison Roca<\/title>\n<meta name=\"robots\" content=\"index, follow, max-snippet:-1, max-image-preview:large, max-video-preview:-1\" \/>\n<link rel=\"canonical\" href=\"https:\/\/maisonroca.ad\/fr\/boutique\/bague-maison-roca-tracemark-or-blanc-et-diamants-2\/\" \/>\n<meta property=\"og:locale\" content=\"fr_FR\" \/>\n<meta property=\"og:type\" content=\"article\" \/>\n<meta property=\"og:title\" content=\"BAGUE MAISON ROCA &amp; Tracemark OR BLANC ET DIAMANTS\" \/>\n<meta property=\"og:description\" content=\"Bague Maison Roca &#038; Tracemark en or blanc, diamant taille brillant et demi pav\u00e9e de diamants avec Tracemark et certificat GIA. Ce bijou avec Tracemark est unique car il assure une tra\u00e7abilit\u00e9 compl\u00e8te et ind\u00e9pendante depuis l&rsquo;origine des mati\u00e8res jusqu&rsquo;au consommateur final. Vous pourrez v\u00e9rifier, depuis votre portefeuille, chaque \u00e9tape de la cha\u00eene d&rsquo;approvisionnement et [&hellip;]\" \/>\n<meta property=\"og:url\" content=\"https:\/\/maisonroca.ad\/fr\/boutique\/bague-maison-roca-tracemark-or-blanc-et-diamants-2\/\" \/>\n<meta property=\"og:site_name\" content=\"Maison Roca\" \/>\n<meta property=\"article:publisher\" content=\"https:\/\/www.facebook.com\/maisonroca\" \/>\n<meta property=\"article:modified_time\" content=\"2024-07-28T23:48:01+00:00\" \/>\n<meta property=\"og:image\" content=\"https:\/\/maisonroca.ad\/wp-content\/uploads\/2024\/07\/r1102162nwa.jpg\" \/>\n\t<meta property=\"og:image:width\" content=\"2500\" \/>\n\t<meta property=\"og:image:height\" content=\"2500\" \/>\n\t<meta property=\"og:image:type\" content=\"image\/jpeg\" \/>\n<meta name=\"twitter:card\" content=\"summary_large_image\" \/>\n<meta name=\"twitter:label1\" content=\"Prix\" \/>\n\t<meta name=\"twitter:data1\" content=\"\" \/>\n\t<meta name=\"twitter:label2\" content=\"Disponibilit\u00e9\" \/>\n\t<meta name=\"twitter:data2\" content=\"En stock\" \/>\n<script type=\"application\/ld+json\" class=\"yoast-schema-graph\">{\"@context\":\"https:\\\/\\\/schema.org\",\"@graph\":[{\"@type\":\"WebPage\",\"@id\":\"https:\\\/\\\/maisonroca.ad\\\/fr\\\/boutique\\\/bague-maison-roca-tracemark-or-blanc-et-diamants-2\\\/\",\"url\":\"https:\\\/\\\/maisonroca.ad\\\/fr\\\/boutique\\\/bague-maison-roca-tracemark-or-blanc-et-diamants-2\\\/\",\"name\":\"BAGUE MAISON ROCA & Tracemark OR BLANC ET DIAMANTS - Maison Roca\",\"isPartOf\":{\"@id\":\"https:\\\/\\\/maisonroca.ad\\\/fr\\\/#website\"},\"primaryImageOfPage\":{\"@id\":\"https:\\\/\\\/maisonroca.ad\\\/fr\\\/boutique\\\/bague-maison-roca-tracemark-or-blanc-et-diamants-2\\\/#primaryimage\"},\"image\":{\"@id\":\"https:\\\/\\\/maisonroca.ad\\\/fr\\\/boutique\\\/bague-maison-roca-tracemark-or-blanc-et-diamants-2\\\/#primaryimage\"},\"thumbnailUrl\":\"https:\\\/\\\/maisonroca.ad\\\/wp-content\\\/uploads\\\/2024\\\/07\\\/r1102162nwa.jpg\",\"datePublished\":\"2024-07-28T22:04:42+00:00\",\"dateModified\":\"2024-07-28T23:48:01+00:00\",\"breadcrumb\":{\"@id\":\"https:\\\/\\\/maisonroca.ad\\\/fr\\\/boutique\\\/bague-maison-roca-tracemark-or-blanc-et-diamants-2\\\/#breadcrumb\"},\"inLanguage\":\"fr-FR\",\"potentialAction\":[{\"@type\":\"ReadAction\",\"target\":[\"https:\\\/\\\/maisonroca.ad\\\/fr\\\/boutique\\\/bague-maison-roca-tracemark-or-blanc-et-diamants-2\\\/\"]}]},{\"@type\":\"ImageObject\",\"inLanguage\":\"fr-FR\",\"@id\":\"https:\\\/\\\/maisonroca.ad\\\/fr\\\/boutique\\\/bague-maison-roca-tracemark-or-blanc-et-diamants-2\\\/#primaryimage\",\"url\":\"https:\\\/\\\/maisonroca.ad\\\/wp-content\\\/uploads\\\/2024\\\/07\\\/r1102162nwa.jpg\",\"contentUrl\":\"https:\\\/\\\/maisonroca.ad\\\/wp-content\\\/uploads\\\/2024\\\/07\\\/r1102162nwa.jpg\",\"width\":2500,\"height\":2500,\"caption\":\"maison-roca-andorra-maison-roca-tracemark-anell-or-blanc-diamants-certificat-gia\"},{\"@type\":\"BreadcrumbList\",\"@id\":\"https:\\\/\\\/maisonroca.ad\\\/fr\\\/boutique\\\/bague-maison-roca-tracemark-or-blanc-et-diamants-2\\\/#breadcrumb\",\"itemListElement\":[{\"@type\":\"ListItem\",\"position\":1,\"name\":\"Portada\",\"item\":\"https:\\\/\\\/maisonroca.ad\\\/fr\\\/\"},{\"@type\":\"ListItem\",\"position\":2,\"name\":\"Botiga\",\"item\":\"https:\\\/\\\/maisonroca.ad\\\/botiga\\\/\"},{\"@type\":\"ListItem\",\"position\":3,\"name\":\"BAGUE MAISON ROCA &#038; Tracemark OR BLANC ET DIAMANTS\"}]},{\"@type\":\"WebSite\",\"@id\":\"https:\\\/\\\/maisonroca.ad\\\/fr\\\/#website\",\"url\":\"https:\\\/\\\/maisonroca.ad\\\/fr\\\/\",\"name\":\"Maison Roca\",\"description\":\"Bold Luxury Life - joieria d&#039;autor - Andorra\",\"publisher\":{\"@id\":\"https:\\\/\\\/maisonroca.ad\\\/fr\\\/#organization\"},\"potentialAction\":[{\"@type\":\"SearchAction\",\"target\":{\"@type\":\"EntryPoint\",\"urlTemplate\":\"https:\\\/\\\/maisonroca.ad\\\/fr\\\/?s={search_term_string}\"},\"query-input\":{\"@type\":\"PropertyValueSpecification\",\"valueRequired\":true,\"valueName\":\"search_term_string\"}}],\"inLanguage\":\"fr-FR\"},{\"@type\":\"Organization\",\"@id\":\"https:\\\/\\\/maisonroca.ad\\\/fr\\\/#organization\",\"name\":\"Maison Roca\",\"url\":\"https:\\\/\\\/maisonroca.ad\\\/fr\\\/\",\"logo\":{\"@type\":\"ImageObject\",\"inLanguage\":\"fr-FR\",\"@id\":\"https:\\\/\\\/maisonroca.ad\\\/fr\\\/#\\\/schema\\\/logo\\\/image\\\/\",\"url\":\"https:\\\/\\\/maisonroca.ad\\\/wp-content\\\/uploads\\\/2023\\\/10\\\/icono.png\",\"contentUrl\":\"https:\\\/\\\/maisonroca.ad\\\/wp-content\\\/uploads\\\/2023\\\/10\\\/icono.png\",\"width\":512,\"height\":512,\"caption\":\"Maison Roca\"},\"image\":{\"@id\":\"https:\\\/\\\/maisonroca.ad\\\/fr\\\/#\\\/schema\\\/logo\\\/image\\\/\"},\"sameAs\":[\"https:\\\/\\\/www.facebook.com\\\/maisonroca\",\"https:\\\/\\\/www.instagram.com\\\/maisonroca\\\/\"]}]}<\/script>\n<meta property=\"product:price:currency\" content=\"EUR\" \/>\n<meta property=\"og:availability\" content=\"instock\" \/>\n<meta property=\"product:availability\" content=\"instock\" \/>\n<meta property=\"product:retailer_item_id\" content=\"R1102162NWA\" \/>\n<meta property=\"product:condition\" content=\"new\" \/>\n<!-- \/ Yoast SEO Premium plugin. -->","yoast_head_json":{"title":"BAGUE MAISON ROCA & Tracemark OR BLANC ET DIAMANTS - Maison Roca","robots":{"index":"index","follow":"follow","max-snippet":"max-snippet:-1","max-image-preview":"max-image-preview:large","max-video-preview":"max-video-preview:-1"},"canonical":"https:\/\/maisonroca.ad\/fr\/boutique\/bague-maison-roca-tracemark-or-blanc-et-diamants-2\/","og_locale":"fr_FR","og_type":"article","og_title":"BAGUE MAISON ROCA & Tracemark OR BLANC ET DIAMANTS","og_description":"Bague Maison Roca &#038; Tracemark en or blanc, diamant taille brillant et demi pav\u00e9e de diamants avec Tracemark et certificat GIA. Ce bijou avec Tracemark est unique car il assure une tra\u00e7abilit\u00e9 compl\u00e8te et ind\u00e9pendante depuis l&rsquo;origine des mati\u00e8res jusqu&rsquo;au consommateur final. Vous pourrez v\u00e9rifier, depuis votre portefeuille, chaque \u00e9tape de la cha\u00eene d&rsquo;approvisionnement et [&hellip;]","og_url":"https:\/\/maisonroca.ad\/fr\/boutique\/bague-maison-roca-tracemark-or-blanc-et-diamants-2\/","og_site_name":"Maison Roca","article_publisher":"https:\/\/www.facebook.com\/maisonroca","article_modified_time":"2024-07-28T23:48:01+00:00","og_image":[{"width":2500,"height":2500,"url":"https:\/\/maisonroca.ad\/wp-content\/uploads\/2024\/07\/r1102162nwa.jpg","type":"image\/jpeg"}],"twitter_card":"summary_large_image","twitter_misc":{"Prix":"","Disponibilit\u00e9":"En stock"},"schema":{"@context":"https:\/\/schema.org","@graph":[{"@type":"WebPage","@id":"https:\/\/maisonroca.ad\/fr\/boutique\/bague-maison-roca-tracemark-or-blanc-et-diamants-2\/","url":"https:\/\/maisonroca.ad\/fr\/boutique\/bague-maison-roca-tracemark-or-blanc-et-diamants-2\/","name":"BAGUE MAISON ROCA & Tracemark OR BLANC ET DIAMANTS - Maison Roca","isPartOf":{"@id":"https:\/\/maisonroca.ad\/fr\/#website"},"primaryImageOfPage":{"@id":"https:\/\/maisonroca.ad\/fr\/boutique\/bague-maison-roca-tracemark-or-blanc-et-diamants-2\/#primaryimage"},"image":{"@id":"https:\/\/maisonroca.ad\/fr\/boutique\/bague-maison-roca-tracemark-or-blanc-et-diamants-2\/#primaryimage"},"thumbnailUrl":"https:\/\/maisonroca.ad\/wp-content\/uploads\/2024\/07\/r1102162nwa.jpg","datePublished":"2024-07-28T22:04:42+00:00","dateModified":"2024-07-28T23:48:01+00:00","breadcrumb":{"@id":"https:\/\/maisonroca.ad\/fr\/boutique\/bague-maison-roca-tracemark-or-blanc-et-diamants-2\/#breadcrumb"},"inLanguage":"fr-FR","potentialAction":[{"@type":"ReadAction","target":["https:\/\/maisonroca.ad\/fr\/boutique\/bague-maison-roca-tracemark-or-blanc-et-diamants-2\/"]}]},{"@type":"ImageObject","inLanguage":"fr-FR","@id":"https:\/\/maisonroca.ad\/fr\/boutique\/bague-maison-roca-tracemark-or-blanc-et-diamants-2\/#primaryimage","url":"https:\/\/maisonroca.ad\/wp-content\/uploads\/2024\/07\/r1102162nwa.jpg","contentUrl":"https:\/\/maisonroca.ad\/wp-content\/uploads\/2024\/07\/r1102162nwa.jpg","width":2500,"height":2500,"caption":"maison-roca-andorra-maison-roca-tracemark-anell-or-blanc-diamants-certificat-gia"},{"@type":"BreadcrumbList","@id":"https:\/\/maisonroca.ad\/fr\/boutique\/bague-maison-roca-tracemark-or-blanc-et-diamants-2\/#breadcrumb","itemListElement":[{"@type":"ListItem","position":1,"name":"Portada","item":"https:\/\/maisonroca.ad\/fr\/"},{"@type":"ListItem","position":2,"name":"Botiga","item":"https:\/\/maisonroca.ad\/botiga\/"},{"@type":"ListItem","position":3,"name":"BAGUE MAISON ROCA &#038; Tracemark OR BLANC ET DIAMANTS"}]},{"@type":"WebSite","@id":"https:\/\/maisonroca.ad\/fr\/#website","url":"https:\/\/maisonroca.ad\/fr\/","name":"Maison Roca","description":"Bold Luxury Life - joieria d&#039;autor - Andorra","publisher":{"@id":"https:\/\/maisonroca.ad\/fr\/#organization"},"potentialAction":[{"@type":"SearchAction","target":{"@type":"EntryPoint","urlTemplate":"https:\/\/maisonroca.ad\/fr\/?s={search_term_string}"},"query-input":{"@type":"PropertyValueSpecification","valueRequired":true,"valueName":"search_term_string"}}],"inLanguage":"fr-FR"},{"@type":"Organization","@id":"https:\/\/maisonroca.ad\/fr\/#organization","name":"Maison Roca","url":"https:\/\/maisonroca.ad\/fr\/","logo":{"@type":"ImageObject","inLanguage":"fr-FR","@id":"https:\/\/maisonroca.ad\/fr\/#\/schema\/logo\/image\/","url":"https:\/\/maisonroca.ad\/wp-content\/uploads\/2023\/10\/icono.png","contentUrl":"https:\/\/maisonroca.ad\/wp-content\/uploads\/2023\/10\/icono.png","width":512,"height":512,"caption":"Maison Roca"},"image":{"@id":"https:\/\/maisonroca.ad\/fr\/#\/schema\/logo\/image\/"},"sameAs":["https:\/\/www.facebook.com\/maisonroca","https:\/\/www.instagram.com\/maisonroca\/"]}]},"product_price_currency":"EUR","og_availability":"instock","product_availability":"instock","product_retailer_item_id":"R1102162NWA","product_condition":"new"},"_links":{"self":[{"href":"https:\/\/maisonroca.ad\/fr\/wp-json\/wp\/v2\/product\/46797","targetHints":{"allow":["GET"]}}],"collection":[{"href":"https:\/\/maisonroca.ad\/fr\/wp-json\/wp\/v2\/product"}],"about":[{"href":"https:\/\/maisonroca.ad\/fr\/wp-json\/wp\/v2\/types\/product"}],"replies":[{"embeddable":true,"href":"https:\/\/maisonroca.ad\/fr\/wp-json\/wp\/v2\/comments?post=46797"}],"version-history":[{"count":0,"href":"https:\/\/maisonroca.ad\/fr\/wp-json\/wp\/v2\/product\/46797\/revisions"}],"wp:featuredmedia":[{"embeddable":true,"href":"https:\/\/maisonroca.ad\/fr\/wp-json\/wp\/v2\/media\/9108"}],"wp:attachment":[{"href":"https:\/\/maisonroca.ad\/fr\/wp-json\/wp\/v2\/media?parent=46797"}],"wp:term":[{"taxonomy":"product_brand","embeddable":true,"href":"https:\/\/maisonroca.ad\/fr\/wp-json\/wp\/v2\/product_brand?post=46797"},{"taxonomy":"product_cat","embeddable":true,"href":"https:\/\/maisonroca.ad\/fr\/wp-json\/wp\/v2\/product_cat?post=46797"},{"taxonomy":"product_tag","embeddable":true,"href":"https:\/\/maisonroca.ad\/fr\/wp-json\/wp\/v2\/product_tag?post=46797"}],"curies":[{"name":"wp","href":"https:\/\/api.w.org\/{rel}","templated":true}]}}