{"id":68805,"date":"2025-01-02T18:35:39","date_gmt":"2025-01-02T17:35:39","guid":{"rendered":"https:\/\/maisonroca.ad\/?post_type=product&#038;p=68805"},"modified":"2026-02-04T14:43:44","modified_gmt":"2026-02-04T13:43:44","slug":"montre-chanel-j12-calibre-12-2-de-33-mm-en-ceramique-blanche-et-diamants","status":"publish","type":"product","link":"https:\/\/maisonroca.ad\/fr\/boutique\/montre-chanel-j12-calibre-12-2-de-33-mm-en-ceramique-blanche-et-diamants\/","title":{"rendered":"MONTRE CHANEL J12 CALIBRE 12.2 DE 33 MM EN C\u00c9RAMIQUE BLANCHE ET DIAMANTS"},"content":{"rendered":"<p>Montre Chanel J12 Calibre 12.2 de 33 mm de diam\u00e8tre et mouvement automatique. Cette montre est en c\u00e9ramique blanche avec un index de diamants et un cadran blanc nacr\u00e9.<\/p>\n<p>Les montres Chanel subissent des tests rigoureux au laboratoire de la Manufacture CHANEL en Suisse pour r\u00e9pondre aux normes les plus \u00e9lev\u00e9es de l&rsquo;horlogerie. Un entretien r\u00e9gulier est essentiel pour assurer de bonnes performances du mouvement et de son esth\u00e9tique.<\/p>\n<p>D\u00e9tails :<\/p>\n<ul>\n<li>Bo\u00eetier en c\u00e9ramique blanche haute r\u00e9sistance et acier<\/li>\n<li>Bracelet en c\u00e9ramique blanche haute r\u00e9sistance avec fermoir d\u00e9ployant triple<\/li>\n<li>Mouvement m\u00e9canique automatique Calibre 12.2<\/li>\n<li>Diam\u00e8tre de 33 mm<\/li>\n<li>Cadran en nacre blanche incrust\u00e9 de 12 index en diamants<\/li>\n<li>\u00c9tanch\u00e9it\u00e9 de 200 m<\/li>\n<li>Fonctions : heures, minutes et secondes\n<div class=\"z-0 flex min-h-[46px] justify-start\"><\/div>\n<div class=\"mt-3 w-full empty:hidden\">\n<div class=\"text-center\">\n<div>\n<div class=\"inline-flex border border-gray-100 dark:border-gray-700 rounded-xl\">\n<div class=\"text-token-text-secondary flex items-center justify-center gap-4 px-4 py-2.5 text-sm whitespace-nowrap\"><\/div>\n<\/div>\n<\/div>\n<\/div>\n<\/div>\n<\/li>\n<\/ul>\n","protected":false},"excerpt":{"rendered":"<div class=\"flex-1 overflow-hidden @container\/thread\">\n<div class=\"h-full\">\n<div class=\"react-scroll-to-bottom--css-jhszw-79elbk h-full\">\n<div class=\"react-scroll-to-bottom--css-jhszw-1n7m0yu\">\n<div class=\"flex flex-col text-sm md:pb-9\">\n<article class=\"w-full scroll-mb-[var(--thread-trailing-height,150px)] text-token-text-primary focus-visible:outline-2 focus-visible:outline-offset-[-4px]\" dir=\"auto\" data-testid=\"conversation-turn-167\" data-scroll-anchor=\"true\">\n<div class=\"m-auto text-base py-[18px] px-3 md:px-4 w-full md:px-5 lg:px-4 xl:px-5\">\n<div class=\"mx-auto flex flex-1 gap-4 text-base md:gap-5 lg:gap-6 md:max-w-3xl\">\n<div class=\"group\/conversation-turn relative flex w-full min-w-0 flex-col agent-turn\">\n<div class=\"flex-col gap-1 md:gap-3\">\n<div class=\"flex max-w-full flex-col flex-grow\">\n<div class=\"min-h-8 text-message flex w-full flex-col items-end gap-2 whitespace-normal break-words text-start [.text-message+&amp;]:mt-5\" dir=\"auto\" data-message-author-role=\"assistant\" data-message-id=\"4f95e1b2-3eb0-4741-8549-f38215f2351f\" data-message-model-slug=\"gpt-4o-mini\">\n<div class=\"flex w-full flex-col gap-1 empty:hidden first:pt-[3px]\">\n<div class=\"markdown prose w-full break-words dark:prose-invert light\">\n<p>Montre Chanel J12 Calibre 12.2 de 33 mm de diam\u00e8tre et mouvement automatique. Cette montre est en c\u00e9ramique blanche avec index en diamants et un cadran en nacre blanche.<\/p>\n<\/div>\n<\/div>\n<\/div>\n<\/div>\n<div class=\"mb-2 flex gap-3 empty:hidden -ml-2\">\n<div class=\"items-center justify-start rounded-xl p-1 flex\">\n<div class=\"flex items-center\"><\/div>\n<\/div>\n<\/div>\n<div class=\"pr-2 lg:pr-0\"><\/div>\n<div class=\"mt-3 w-full empty:hidden\">\n<div class=\"text-center\"><\/div>\n<\/div>\n<\/div>\n<div class=\"absolute\">\n<div class=\"flex items-center justify-center\"><\/div>\n<\/div>\n<\/div>\n<\/div>\n<\/div>\n<\/article>\n<\/div>\n<\/div>\n<\/div>\n<\/div>\n<\/div>\n<div class=\"md:pt-0 dark:border-white\/20 md:border-transparent md:dark:border-transparent w-full\">\n<div>\n<div class=\"m-auto text-base px-3 md:px-4 w-full md:px-5 lg:px-4 xl:px-5\">\n<div class=\"mx-auto flex flex-1 gap-4 text-base md:gap-5 lg:gap-6 md:max-w-3xl\">\n<div class=\"flex justify-center\"><\/div>\n<\/div>\n<\/div>\n<\/div>\n<\/div>\n","protected":false},"featured_media":68796,"comment_status":"closed","ping_status":"closed","template":"","meta":{"_acf_changed":false,"_monsterinsights_skip_tracking":false,"_monsterinsights_sitenote_active":false,"_monsterinsights_sitenote_note":"","_monsterinsights_sitenote_category":0},"product_brand":[],"product_cat":[1245],"product_tag":[],"class_list":{"0":"post-68805","1":"product","2":"type-product","3":"status-publish","4":"has-post-thumbnail","6":"product_cat-montres","8":"first","9":"instock","10":"shipping-taxable","11":"purchasable","12":"product-type-simple"},"acf":[],"yoast_head":"<!-- This site is optimized with the Yoast SEO Premium plugin v26.8 (Yoast SEO v27.4) - https:\/\/yoast.com\/product\/yoast-seo-premium-wordpress\/ -->\n<title>MONTRE CHANEL J12 CALIBRE 12.2 DE 33 MM<\/title>\n<meta name=\"description\" content=\"D\u00e9couvrez la montre Chanel J12 Calibre 12.2 de 33 mm de diam\u00e8tre, avec mouvement automatique, bo\u00eetier en c\u00e9ramique noire et index en diamants.\" \/>\n<meta name=\"robots\" content=\"index, follow, max-snippet:-1, max-image-preview:large, max-video-preview:-1\" \/>\n<link rel=\"canonical\" href=\"https:\/\/maisonroca.ad\/fr\/boutique\/montre-chanel-j12-calibre-12-2-de-33-mm-en-ceramique-blanche-et-diamants\/\" \/>\n<meta property=\"og:locale\" content=\"fr_FR\" \/>\n<meta property=\"og:type\" content=\"article\" \/>\n<meta property=\"og:title\" content=\"MONTRE CHANEL J12 CALIBRE 12.2 DE 33 MM EN C\u00c9RAMIQUE BLANCHE ET DIAMANTS\" \/>\n<meta property=\"og:description\" content=\"D\u00e9couvrez la montre Chanel J12 Calibre 12.2 de 33 mm de diam\u00e8tre, avec mouvement automatique, bo\u00eetier en c\u00e9ramique noire et index en diamants.\" \/>\n<meta property=\"og:url\" content=\"https:\/\/maisonroca.ad\/fr\/boutique\/montre-chanel-j12-calibre-12-2-de-33-mm-en-ceramique-blanche-et-diamants\/\" \/>\n<meta property=\"og:site_name\" content=\"Maison Roca\" \/>\n<meta property=\"article:publisher\" content=\"https:\/\/www.facebook.com\/maisonroca\" \/>\n<meta property=\"article:modified_time\" content=\"2026-02-04T13:43:44+00:00\" \/>\n<meta property=\"og:image\" content=\"https:\/\/maisonroca.ad\/wp-content\/uploads\/2025\/01\/h10472.jpg\" \/>\n\t<meta property=\"og:image:width\" content=\"800\" \/>\n\t<meta property=\"og:image:height\" content=\"800\" \/>\n\t<meta property=\"og:image:type\" content=\"image\/jpeg\" \/>\n<meta name=\"twitter:card\" content=\"summary_large_image\" \/>\n<meta name=\"twitter:label1\" content=\"Prix\" \/>\n\t<meta name=\"twitter:data1\" content=\"846.000,00&nbsp;&euro;\" \/>\n\t<meta name=\"twitter:label2\" content=\"Disponibilit\u00e9\" \/>\n\t<meta name=\"twitter:data2\" content=\"En stock\" \/>\n<script type=\"application\/ld+json\" class=\"yoast-schema-graph\">{\"@context\":\"https:\\\/\\\/schema.org\",\"@graph\":[{\"@type\":\"WebPage\",\"@id\":\"https:\\\/\\\/maisonroca.ad\\\/fr\\\/boutique\\\/montre-chanel-j12-calibre-12-2-de-33-mm-en-ceramique-blanche-et-diamants\\\/\",\"url\":\"https:\\\/\\\/maisonroca.ad\\\/fr\\\/boutique\\\/montre-chanel-j12-calibre-12-2-de-33-mm-en-ceramique-blanche-et-diamants\\\/\",\"name\":\"MONTRE CHANEL J12 CALIBRE 12.2 DE 33 MM\",\"isPartOf\":{\"@id\":\"https:\\\/\\\/maisonroca.ad\\\/fr\\\/#website\"},\"primaryImageOfPage\":{\"@id\":\"https:\\\/\\\/maisonroca.ad\\\/fr\\\/boutique\\\/montre-chanel-j12-calibre-12-2-de-33-mm-en-ceramique-blanche-et-diamants\\\/#primaryimage\"},\"image\":{\"@id\":\"https:\\\/\\\/maisonroca.ad\\\/fr\\\/boutique\\\/montre-chanel-j12-calibre-12-2-de-33-mm-en-ceramique-blanche-et-diamants\\\/#primaryimage\"},\"thumbnailUrl\":\"https:\\\/\\\/maisonroca.ad\\\/wp-content\\\/uploads\\\/2025\\\/01\\\/h10472.jpg\",\"datePublished\":\"2025-01-02T17:35:39+00:00\",\"dateModified\":\"2026-02-04T13:43:44+00:00\",\"description\":\"D\u00e9couvrez la montre Chanel J12 Calibre 12.2 de 33 mm de diam\u00e8tre, avec mouvement automatique, bo\u00eetier en c\u00e9ramique noire et index en diamants.\",\"breadcrumb\":{\"@id\":\"https:\\\/\\\/maisonroca.ad\\\/fr\\\/boutique\\\/montre-chanel-j12-calibre-12-2-de-33-mm-en-ceramique-blanche-et-diamants\\\/#breadcrumb\"},\"inLanguage\":\"fr-FR\",\"potentialAction\":[{\"@type\":\"ReadAction\",\"target\":[\"https:\\\/\\\/maisonroca.ad\\\/fr\\\/boutique\\\/montre-chanel-j12-calibre-12-2-de-33-mm-en-ceramique-blanche-et-diamants\\\/\"]}]},{\"@type\":\"ImageObject\",\"inLanguage\":\"fr-FR\",\"@id\":\"https:\\\/\\\/maisonroca.ad\\\/fr\\\/boutique\\\/montre-chanel-j12-calibre-12-2-de-33-mm-en-ceramique-blanche-et-diamants\\\/#primaryimage\",\"url\":\"https:\\\/\\\/maisonroca.ad\\\/wp-content\\\/uploads\\\/2025\\\/01\\\/h10472.jpg\",\"contentUrl\":\"https:\\\/\\\/maisonroca.ad\\\/wp-content\\\/uploads\\\/2025\\\/01\\\/h10472.jpg\",\"width\":800,\"height\":800,\"caption\":\"maison-roca-andorra-chanel-rellotges-j12-calibre-12.2-automatic-33-mm-ceramica-blanca-index-diamants\"},{\"@type\":\"BreadcrumbList\",\"@id\":\"https:\\\/\\\/maisonroca.ad\\\/fr\\\/boutique\\\/montre-chanel-j12-calibre-12-2-de-33-mm-en-ceramique-blanche-et-diamants\\\/#breadcrumb\",\"itemListElement\":[{\"@type\":\"ListItem\",\"position\":1,\"name\":\"Portada\",\"item\":\"https:\\\/\\\/maisonroca.ad\\\/fr\\\/\"},{\"@type\":\"ListItem\",\"position\":2,\"name\":\"Botiga\",\"item\":\"https:\\\/\\\/maisonroca.ad\\\/botiga\\\/\"},{\"@type\":\"ListItem\",\"position\":3,\"name\":\"MONTRE CHANEL J12 CALIBRE 12.2 DE 33 MM EN C\u00c9RAMIQUE BLANCHE ET DIAMANTS\"}]},{\"@type\":\"WebSite\",\"@id\":\"https:\\\/\\\/maisonroca.ad\\\/fr\\\/#website\",\"url\":\"https:\\\/\\\/maisonroca.ad\\\/fr\\\/\",\"name\":\"Maison Roca\",\"description\":\"Bold Luxury Life - joieria d&#039;autor - Andorra\",\"publisher\":{\"@id\":\"https:\\\/\\\/maisonroca.ad\\\/fr\\\/#organization\"},\"potentialAction\":[{\"@type\":\"SearchAction\",\"target\":{\"@type\":\"EntryPoint\",\"urlTemplate\":\"https:\\\/\\\/maisonroca.ad\\\/fr\\\/?s={search_term_string}\"},\"query-input\":{\"@type\":\"PropertyValueSpecification\",\"valueRequired\":true,\"valueName\":\"search_term_string\"}}],\"inLanguage\":\"fr-FR\"},{\"@type\":\"Organization\",\"@id\":\"https:\\\/\\\/maisonroca.ad\\\/fr\\\/#organization\",\"name\":\"Maison Roca\",\"url\":\"https:\\\/\\\/maisonroca.ad\\\/fr\\\/\",\"logo\":{\"@type\":\"ImageObject\",\"inLanguage\":\"fr-FR\",\"@id\":\"https:\\\/\\\/maisonroca.ad\\\/fr\\\/#\\\/schema\\\/logo\\\/image\\\/\",\"url\":\"https:\\\/\\\/maisonroca.ad\\\/wp-content\\\/uploads\\\/2023\\\/10\\\/icono.png\",\"contentUrl\":\"https:\\\/\\\/maisonroca.ad\\\/wp-content\\\/uploads\\\/2023\\\/10\\\/icono.png\",\"width\":512,\"height\":512,\"caption\":\"Maison Roca\"},\"image\":{\"@id\":\"https:\\\/\\\/maisonroca.ad\\\/fr\\\/#\\\/schema\\\/logo\\\/image\\\/\"},\"sameAs\":[\"https:\\\/\\\/www.facebook.com\\\/maisonroca\",\"https:\\\/\\\/www.instagram.com\\\/maisonroca\\\/\"]}]}<\/script>\n<meta property=\"product:price:amount\" content=\"846000.00\" \/>\n<meta property=\"product:price:currency\" content=\"EUR\" \/>\n<meta property=\"og:availability\" content=\"instock\" \/>\n<meta property=\"product:availability\" content=\"instock\" \/>\n<meta property=\"product:retailer_item_id\" content=\"H10472\" \/>\n<meta property=\"product:condition\" content=\"new\" \/>\n<!-- \/ Yoast SEO Premium plugin. -->","yoast_head_json":{"title":"MONTRE CHANEL J12 CALIBRE 12.2 DE 33 MM","description":"D\u00e9couvrez la montre Chanel J12 Calibre 12.2 de 33 mm de diam\u00e8tre, avec mouvement automatique, bo\u00eetier en c\u00e9ramique noire et index en diamants.","robots":{"index":"index","follow":"follow","max-snippet":"max-snippet:-1","max-image-preview":"max-image-preview:large","max-video-preview":"max-video-preview:-1"},"canonical":"https:\/\/maisonroca.ad\/fr\/boutique\/montre-chanel-j12-calibre-12-2-de-33-mm-en-ceramique-blanche-et-diamants\/","og_locale":"fr_FR","og_type":"article","og_title":"MONTRE CHANEL J12 CALIBRE 12.2 DE 33 MM EN C\u00c9RAMIQUE BLANCHE ET DIAMANTS","og_description":"D\u00e9couvrez la montre Chanel J12 Calibre 12.2 de 33 mm de diam\u00e8tre, avec mouvement automatique, bo\u00eetier en c\u00e9ramique noire et index en diamants.","og_url":"https:\/\/maisonroca.ad\/fr\/boutique\/montre-chanel-j12-calibre-12-2-de-33-mm-en-ceramique-blanche-et-diamants\/","og_site_name":"Maison Roca","article_publisher":"https:\/\/www.facebook.com\/maisonroca","article_modified_time":"2026-02-04T13:43:44+00:00","og_image":[{"width":800,"height":800,"url":"https:\/\/maisonroca.ad\/wp-content\/uploads\/2025\/01\/h10472.jpg","type":"image\/jpeg"}],"twitter_card":"summary_large_image","twitter_misc":{"Prix":"846.000,00&nbsp;&euro;","Disponibilit\u00e9":"En stock"},"schema":{"@context":"https:\/\/schema.org","@graph":[{"@type":"WebPage","@id":"https:\/\/maisonroca.ad\/fr\/boutique\/montre-chanel-j12-calibre-12-2-de-33-mm-en-ceramique-blanche-et-diamants\/","url":"https:\/\/maisonroca.ad\/fr\/boutique\/montre-chanel-j12-calibre-12-2-de-33-mm-en-ceramique-blanche-et-diamants\/","name":"MONTRE CHANEL J12 CALIBRE 12.2 DE 33 MM","isPartOf":{"@id":"https:\/\/maisonroca.ad\/fr\/#website"},"primaryImageOfPage":{"@id":"https:\/\/maisonroca.ad\/fr\/boutique\/montre-chanel-j12-calibre-12-2-de-33-mm-en-ceramique-blanche-et-diamants\/#primaryimage"},"image":{"@id":"https:\/\/maisonroca.ad\/fr\/boutique\/montre-chanel-j12-calibre-12-2-de-33-mm-en-ceramique-blanche-et-diamants\/#primaryimage"},"thumbnailUrl":"https:\/\/maisonroca.ad\/wp-content\/uploads\/2025\/01\/h10472.jpg","datePublished":"2025-01-02T17:35:39+00:00","dateModified":"2026-02-04T13:43:44+00:00","description":"D\u00e9couvrez la montre Chanel J12 Calibre 12.2 de 33 mm de diam\u00e8tre, avec mouvement automatique, bo\u00eetier en c\u00e9ramique noire et index en diamants.","breadcrumb":{"@id":"https:\/\/maisonroca.ad\/fr\/boutique\/montre-chanel-j12-calibre-12-2-de-33-mm-en-ceramique-blanche-et-diamants\/#breadcrumb"},"inLanguage":"fr-FR","potentialAction":[{"@type":"ReadAction","target":["https:\/\/maisonroca.ad\/fr\/boutique\/montre-chanel-j12-calibre-12-2-de-33-mm-en-ceramique-blanche-et-diamants\/"]}]},{"@type":"ImageObject","inLanguage":"fr-FR","@id":"https:\/\/maisonroca.ad\/fr\/boutique\/montre-chanel-j12-calibre-12-2-de-33-mm-en-ceramique-blanche-et-diamants\/#primaryimage","url":"https:\/\/maisonroca.ad\/wp-content\/uploads\/2025\/01\/h10472.jpg","contentUrl":"https:\/\/maisonroca.ad\/wp-content\/uploads\/2025\/01\/h10472.jpg","width":800,"height":800,"caption":"maison-roca-andorra-chanel-rellotges-j12-calibre-12.2-automatic-33-mm-ceramica-blanca-index-diamants"},{"@type":"BreadcrumbList","@id":"https:\/\/maisonroca.ad\/fr\/boutique\/montre-chanel-j12-calibre-12-2-de-33-mm-en-ceramique-blanche-et-diamants\/#breadcrumb","itemListElement":[{"@type":"ListItem","position":1,"name":"Portada","item":"https:\/\/maisonroca.ad\/fr\/"},{"@type":"ListItem","position":2,"name":"Botiga","item":"https:\/\/maisonroca.ad\/botiga\/"},{"@type":"ListItem","position":3,"name":"MONTRE CHANEL J12 CALIBRE 12.2 DE 33 MM EN C\u00c9RAMIQUE BLANCHE ET DIAMANTS"}]},{"@type":"WebSite","@id":"https:\/\/maisonroca.ad\/fr\/#website","url":"https:\/\/maisonroca.ad\/fr\/","name":"Maison Roca","description":"Bold Luxury Life - joieria d&#039;autor - Andorra","publisher":{"@id":"https:\/\/maisonroca.ad\/fr\/#organization"},"potentialAction":[{"@type":"SearchAction","target":{"@type":"EntryPoint","urlTemplate":"https:\/\/maisonroca.ad\/fr\/?s={search_term_string}"},"query-input":{"@type":"PropertyValueSpecification","valueRequired":true,"valueName":"search_term_string"}}],"inLanguage":"fr-FR"},{"@type":"Organization","@id":"https:\/\/maisonroca.ad\/fr\/#organization","name":"Maison Roca","url":"https:\/\/maisonroca.ad\/fr\/","logo":{"@type":"ImageObject","inLanguage":"fr-FR","@id":"https:\/\/maisonroca.ad\/fr\/#\/schema\/logo\/image\/","url":"https:\/\/maisonroca.ad\/wp-content\/uploads\/2023\/10\/icono.png","contentUrl":"https:\/\/maisonroca.ad\/wp-content\/uploads\/2023\/10\/icono.png","width":512,"height":512,"caption":"Maison Roca"},"image":{"@id":"https:\/\/maisonroca.ad\/fr\/#\/schema\/logo\/image\/"},"sameAs":["https:\/\/www.facebook.com\/maisonroca","https:\/\/www.instagram.com\/maisonroca\/"]}]},"product_price_amount":"846000.00","product_price_currency":"EUR","og_availability":"instock","product_availability":"instock","product_retailer_item_id":"H10472","product_condition":"new"},"_links":{"self":[{"href":"https:\/\/maisonroca.ad\/fr\/wp-json\/wp\/v2\/product\/68805","targetHints":{"allow":["GET"]}}],"collection":[{"href":"https:\/\/maisonroca.ad\/fr\/wp-json\/wp\/v2\/product"}],"about":[{"href":"https:\/\/maisonroca.ad\/fr\/wp-json\/wp\/v2\/types\/product"}],"replies":[{"embeddable":true,"href":"https:\/\/maisonroca.ad\/fr\/wp-json\/wp\/v2\/comments?post=68805"}],"version-history":[{"count":3,"href":"https:\/\/maisonroca.ad\/fr\/wp-json\/wp\/v2\/product\/68805\/revisions"}],"predecessor-version":[{"id":83817,"href":"https:\/\/maisonroca.ad\/fr\/wp-json\/wp\/v2\/product\/68805\/revisions\/83817"}],"wp:featuredmedia":[{"embeddable":true,"href":"https:\/\/maisonroca.ad\/fr\/wp-json\/wp\/v2\/media\/68796"}],"wp:attachment":[{"href":"https:\/\/maisonroca.ad\/fr\/wp-json\/wp\/v2\/media?parent=68805"}],"wp:term":[{"taxonomy":"product_brand","embeddable":true,"href":"https:\/\/maisonroca.ad\/fr\/wp-json\/wp\/v2\/product_brand?post=68805"},{"taxonomy":"product_cat","embeddable":true,"href":"https:\/\/maisonroca.ad\/fr\/wp-json\/wp\/v2\/product_cat?post=68805"},{"taxonomy":"product_tag","embeddable":true,"href":"https:\/\/maisonroca.ad\/fr\/wp-json\/wp\/v2\/product_tag?post=68805"}],"curies":[{"name":"wp","href":"https:\/\/api.w.org\/{rel}","templated":true}]}}