{"id":68860,"date":"2025-01-03T09:00:48","date_gmt":"2025-01-03T08:00:48","guid":{"rendered":"https:\/\/maisonroca.ad\/?post_type=product&#038;p=68860"},"modified":"2025-01-15T12:03:48","modified_gmt":"2025-01-15T11:03:48","slug":"montre-chanel-j12-calibre-122-de-33-mm-en-ceramique-noire-avec-diamants","status":"publish","type":"product","link":"https:\/\/maisonroca.ad\/fr\/boutique\/montre-chanel-j12-calibre-122-de-33-mm-en-ceramique-noire-avec-diamants\/","title":{"rendered":"MONTRE CHANEL J12 CALIBRE 12.2 DE 33 MM EN C\u00c9RAMIQUE NOIRE AVEC DIAMANTS"},"content":{"rendered":"<p>Montre Chanel J12 Calibre 12.2 de 33 mm de diam\u00e8tre avec mouvement automatique. Cette montre est en c\u00e9ramique noire avec des index de diamants.<\/p>\n<p>Les montres Chanel subissent des tests rigoureux dans le laboratoire de la Manufacture CHANEL en Suisse pour satisfaire les plus hauts standards d&rsquo;excellence horlog\u00e8re. Un entretien r\u00e9gulier est essentiel pour garantir de bonnes performances et pr\u00e9server l&rsquo;esth\u00e9tique de la montre.<\/p>\n<p>D\u00e9tails :<\/p>\n<ul>\n<li>Bo\u00eetier en c\u00e9ramique noire haute r\u00e9sistance et acier<\/li>\n<li>Bracelet en c\u00e9ramique noire haute r\u00e9sistance avec fermoir d\u00e9ployant triple en acier<\/li>\n<li>Mouvement m\u00e9canique automatique Calibre 12.2<\/li>\n<li>Diam\u00e8tre de 33 mm<\/li>\n<li>Cadran laqu\u00e9 noir avec 12 index en diamant<\/li>\n<li>\u00c9tanch\u00e9it\u00e9 de 200 m<\/li>\n<li>Fonctions : heures, minutes et secondes<\/li>\n<\/ul>\n","protected":false},"excerpt":{"rendered":"<p>Montre Chanel J12 Calibre 12.2 de 33 mm de diam\u00e8tre avec mouvement automatique. Cette montre est en c\u00e9ramique noire avec un index de diamants.<\/p>\n","protected":false},"featured_media":68855,"comment_status":"open","ping_status":"closed","template":"","meta":{"_acf_changed":false,"_monsterinsights_skip_tracking":false,"_monsterinsights_sitenote_active":false,"_monsterinsights_sitenote_note":"","_monsterinsights_sitenote_category":0},"product_brand":[],"product_cat":[1245],"product_tag":[],"class_list":{"0":"post-68860","1":"product","2":"type-product","3":"status-publish","4":"has-post-thumbnail","6":"product_cat-montres","8":"first","9":"instock","10":"shipping-taxable","11":"purchasable","12":"product-type-simple"},"acf":[],"yoast_head":"<!-- This site is optimized with the Yoast SEO Premium plugin v26.8 (Yoast SEO v27.4) - https:\/\/yoast.com\/product\/yoast-seo-premium-wordpress\/ -->\n<title>MONTRE CHANEL J12 CALIBRE 12.2 DE 29 MM<\/title>\n<meta name=\"description\" content=\"D\u00e9couvrez la montre Chanel J12 Calibre 12.2 de 29 mm, avec un bo\u00eetier en c\u00e9ramique haute r\u00e9sistance, un mouvement automatique et des diamants.\" \/>\n<meta name=\"robots\" content=\"index, follow, max-snippet:-1, max-image-preview:large, max-video-preview:-1\" \/>\n<link rel=\"canonical\" href=\"https:\/\/maisonroca.ad\/fr\/boutique\/montre-chanel-j12-calibre-122-de-33-mm-en-ceramique-noire-avec-diamants\/\" \/>\n<meta property=\"og:locale\" content=\"fr_FR\" \/>\n<meta property=\"og:type\" content=\"article\" \/>\n<meta property=\"og:title\" content=\"MONTRE CHANEL J12 CALIBRE 12.2 DE 33 MM EN C\u00c9RAMIQUE NOIRE AVEC DIAMANTS\" \/>\n<meta property=\"og:description\" content=\"D\u00e9couvrez la montre Chanel J12 Calibre 12.2 de 29 mm, avec un bo\u00eetier en c\u00e9ramique haute r\u00e9sistance, un mouvement automatique et des diamants.\" \/>\n<meta property=\"og:url\" content=\"https:\/\/maisonroca.ad\/fr\/boutique\/montre-chanel-j12-calibre-122-de-33-mm-en-ceramique-noire-avec-diamants\/\" \/>\n<meta property=\"og:site_name\" content=\"Maison Roca\" \/>\n<meta property=\"article:publisher\" content=\"https:\/\/www.facebook.com\/maisonroca\" \/>\n<meta property=\"article:modified_time\" content=\"2025-01-15T11:03:48+00:00\" \/>\n<meta property=\"og:image\" content=\"https:\/\/maisonroca.ad\/wp-content\/uploads\/2025\/01\/h9742.jpg\" \/>\n\t<meta property=\"og:image:width\" content=\"800\" \/>\n\t<meta property=\"og:image:height\" content=\"800\" \/>\n\t<meta property=\"og:image:type\" content=\"image\/jpeg\" \/>\n<meta name=\"twitter:card\" content=\"summary_large_image\" \/>\n<meta name=\"twitter:label1\" content=\"Prix\" \/>\n\t<meta name=\"twitter:data1\" content=\"846.000,00&nbsp;&euro;\" \/>\n\t<meta name=\"twitter:label2\" content=\"Disponibilit\u00e9\" \/>\n\t<meta name=\"twitter:data2\" content=\"En stock\" \/>\n<script type=\"application\/ld+json\" class=\"yoast-schema-graph\">{\"@context\":\"https:\\\/\\\/schema.org\",\"@graph\":[{\"@type\":\"WebPage\",\"@id\":\"https:\\\/\\\/maisonroca.ad\\\/fr\\\/boutique\\\/montre-chanel-j12-calibre-122-de-33-mm-en-ceramique-noire-avec-diamants\\\/\",\"url\":\"https:\\\/\\\/maisonroca.ad\\\/fr\\\/boutique\\\/montre-chanel-j12-calibre-122-de-33-mm-en-ceramique-noire-avec-diamants\\\/\",\"name\":\"MONTRE CHANEL J12 CALIBRE 12.2 DE 29 MM\",\"isPartOf\":{\"@id\":\"https:\\\/\\\/maisonroca.ad\\\/fr\\\/#website\"},\"primaryImageOfPage\":{\"@id\":\"https:\\\/\\\/maisonroca.ad\\\/fr\\\/boutique\\\/montre-chanel-j12-calibre-122-de-33-mm-en-ceramique-noire-avec-diamants\\\/#primaryimage\"},\"image\":{\"@id\":\"https:\\\/\\\/maisonroca.ad\\\/fr\\\/boutique\\\/montre-chanel-j12-calibre-122-de-33-mm-en-ceramique-noire-avec-diamants\\\/#primaryimage\"},\"thumbnailUrl\":\"https:\\\/\\\/maisonroca.ad\\\/wp-content\\\/uploads\\\/2025\\\/01\\\/h9742.jpg\",\"datePublished\":\"2025-01-03T08:00:48+00:00\",\"dateModified\":\"2025-01-15T11:03:48+00:00\",\"description\":\"D\u00e9couvrez la montre Chanel J12 Calibre 12.2 de 29 mm, avec un bo\u00eetier en c\u00e9ramique haute r\u00e9sistance, un mouvement automatique et des diamants.\",\"breadcrumb\":{\"@id\":\"https:\\\/\\\/maisonroca.ad\\\/fr\\\/boutique\\\/montre-chanel-j12-calibre-122-de-33-mm-en-ceramique-noire-avec-diamants\\\/#breadcrumb\"},\"inLanguage\":\"fr-FR\",\"potentialAction\":[{\"@type\":\"ReadAction\",\"target\":[\"https:\\\/\\\/maisonroca.ad\\\/fr\\\/boutique\\\/montre-chanel-j12-calibre-122-de-33-mm-en-ceramique-noire-avec-diamants\\\/\"]}]},{\"@type\":\"ImageObject\",\"inLanguage\":\"fr-FR\",\"@id\":\"https:\\\/\\\/maisonroca.ad\\\/fr\\\/boutique\\\/montre-chanel-j12-calibre-122-de-33-mm-en-ceramique-noire-avec-diamants\\\/#primaryimage\",\"url\":\"https:\\\/\\\/maisonroca.ad\\\/wp-content\\\/uploads\\\/2025\\\/01\\\/h9742.jpg\",\"contentUrl\":\"https:\\\/\\\/maisonroca.ad\\\/wp-content\\\/uploads\\\/2025\\\/01\\\/h9742.jpg\",\"width\":800,\"height\":800,\"caption\":\"maison-roca-andorra-chanel-rellotges-j12-calibre-12.2-automatic-33-mm-ceramica-negra-index-diamants\"},{\"@type\":\"BreadcrumbList\",\"@id\":\"https:\\\/\\\/maisonroca.ad\\\/fr\\\/boutique\\\/montre-chanel-j12-calibre-122-de-33-mm-en-ceramique-noire-avec-diamants\\\/#breadcrumb\",\"itemListElement\":[{\"@type\":\"ListItem\",\"position\":1,\"name\":\"Portada\",\"item\":\"https:\\\/\\\/maisonroca.ad\\\/fr\\\/\"},{\"@type\":\"ListItem\",\"position\":2,\"name\":\"Botiga\",\"item\":\"https:\\\/\\\/maisonroca.ad\\\/botiga\\\/\"},{\"@type\":\"ListItem\",\"position\":3,\"name\":\"MONTRE CHANEL J12 CALIBRE 12.2 DE 33 MM EN C\u00c9RAMIQUE NOIRE AVEC DIAMANTS\"}]},{\"@type\":\"WebSite\",\"@id\":\"https:\\\/\\\/maisonroca.ad\\\/fr\\\/#website\",\"url\":\"https:\\\/\\\/maisonroca.ad\\\/fr\\\/\",\"name\":\"Maison Roca\",\"description\":\"Bold Luxury Life - joieria d&#039;autor - Andorra\",\"publisher\":{\"@id\":\"https:\\\/\\\/maisonroca.ad\\\/fr\\\/#organization\"},\"potentialAction\":[{\"@type\":\"SearchAction\",\"target\":{\"@type\":\"EntryPoint\",\"urlTemplate\":\"https:\\\/\\\/maisonroca.ad\\\/fr\\\/?s={search_term_string}\"},\"query-input\":{\"@type\":\"PropertyValueSpecification\",\"valueRequired\":true,\"valueName\":\"search_term_string\"}}],\"inLanguage\":\"fr-FR\"},{\"@type\":\"Organization\",\"@id\":\"https:\\\/\\\/maisonroca.ad\\\/fr\\\/#organization\",\"name\":\"Maison Roca\",\"url\":\"https:\\\/\\\/maisonroca.ad\\\/fr\\\/\",\"logo\":{\"@type\":\"ImageObject\",\"inLanguage\":\"fr-FR\",\"@id\":\"https:\\\/\\\/maisonroca.ad\\\/fr\\\/#\\\/schema\\\/logo\\\/image\\\/\",\"url\":\"https:\\\/\\\/maisonroca.ad\\\/wp-content\\\/uploads\\\/2023\\\/10\\\/icono.png\",\"contentUrl\":\"https:\\\/\\\/maisonroca.ad\\\/wp-content\\\/uploads\\\/2023\\\/10\\\/icono.png\",\"width\":512,\"height\":512,\"caption\":\"Maison Roca\"},\"image\":{\"@id\":\"https:\\\/\\\/maisonroca.ad\\\/fr\\\/#\\\/schema\\\/logo\\\/image\\\/\"},\"sameAs\":[\"https:\\\/\\\/www.facebook.com\\\/maisonroca\",\"https:\\\/\\\/www.instagram.com\\\/maisonroca\\\/\"]}]}<\/script>\n<meta property=\"product:price:amount\" content=\"846000.00\" \/>\n<meta property=\"product:price:currency\" content=\"EUR\" \/>\n<meta property=\"og:availability\" content=\"instock\" \/>\n<meta property=\"product:availability\" content=\"instock\" \/>\n<meta property=\"product:retailer_item_id\" content=\"H9742\" \/>\n<meta property=\"product:condition\" content=\"new\" \/>\n<!-- \/ Yoast SEO Premium plugin. -->","yoast_head_json":{"title":"MONTRE CHANEL J12 CALIBRE 12.2 DE 29 MM","description":"D\u00e9couvrez la montre Chanel J12 Calibre 12.2 de 29 mm, avec un bo\u00eetier en c\u00e9ramique haute r\u00e9sistance, un mouvement automatique et des diamants.","robots":{"index":"index","follow":"follow","max-snippet":"max-snippet:-1","max-image-preview":"max-image-preview:large","max-video-preview":"max-video-preview:-1"},"canonical":"https:\/\/maisonroca.ad\/fr\/boutique\/montre-chanel-j12-calibre-122-de-33-mm-en-ceramique-noire-avec-diamants\/","og_locale":"fr_FR","og_type":"article","og_title":"MONTRE CHANEL J12 CALIBRE 12.2 DE 33 MM EN C\u00c9RAMIQUE NOIRE AVEC DIAMANTS","og_description":"D\u00e9couvrez la montre Chanel J12 Calibre 12.2 de 29 mm, avec un bo\u00eetier en c\u00e9ramique haute r\u00e9sistance, un mouvement automatique et des diamants.","og_url":"https:\/\/maisonroca.ad\/fr\/boutique\/montre-chanel-j12-calibre-122-de-33-mm-en-ceramique-noire-avec-diamants\/","og_site_name":"Maison Roca","article_publisher":"https:\/\/www.facebook.com\/maisonroca","article_modified_time":"2025-01-15T11:03:48+00:00","og_image":[{"width":800,"height":800,"url":"https:\/\/maisonroca.ad\/wp-content\/uploads\/2025\/01\/h9742.jpg","type":"image\/jpeg"}],"twitter_card":"summary_large_image","twitter_misc":{"Prix":"846.000,00&nbsp;&euro;","Disponibilit\u00e9":"En stock"},"schema":{"@context":"https:\/\/schema.org","@graph":[{"@type":"WebPage","@id":"https:\/\/maisonroca.ad\/fr\/boutique\/montre-chanel-j12-calibre-122-de-33-mm-en-ceramique-noire-avec-diamants\/","url":"https:\/\/maisonroca.ad\/fr\/boutique\/montre-chanel-j12-calibre-122-de-33-mm-en-ceramique-noire-avec-diamants\/","name":"MONTRE CHANEL J12 CALIBRE 12.2 DE 29 MM","isPartOf":{"@id":"https:\/\/maisonroca.ad\/fr\/#website"},"primaryImageOfPage":{"@id":"https:\/\/maisonroca.ad\/fr\/boutique\/montre-chanel-j12-calibre-122-de-33-mm-en-ceramique-noire-avec-diamants\/#primaryimage"},"image":{"@id":"https:\/\/maisonroca.ad\/fr\/boutique\/montre-chanel-j12-calibre-122-de-33-mm-en-ceramique-noire-avec-diamants\/#primaryimage"},"thumbnailUrl":"https:\/\/maisonroca.ad\/wp-content\/uploads\/2025\/01\/h9742.jpg","datePublished":"2025-01-03T08:00:48+00:00","dateModified":"2025-01-15T11:03:48+00:00","description":"D\u00e9couvrez la montre Chanel J12 Calibre 12.2 de 29 mm, avec un bo\u00eetier en c\u00e9ramique haute r\u00e9sistance, un mouvement automatique et des diamants.","breadcrumb":{"@id":"https:\/\/maisonroca.ad\/fr\/boutique\/montre-chanel-j12-calibre-122-de-33-mm-en-ceramique-noire-avec-diamants\/#breadcrumb"},"inLanguage":"fr-FR","potentialAction":[{"@type":"ReadAction","target":["https:\/\/maisonroca.ad\/fr\/boutique\/montre-chanel-j12-calibre-122-de-33-mm-en-ceramique-noire-avec-diamants\/"]}]},{"@type":"ImageObject","inLanguage":"fr-FR","@id":"https:\/\/maisonroca.ad\/fr\/boutique\/montre-chanel-j12-calibre-122-de-33-mm-en-ceramique-noire-avec-diamants\/#primaryimage","url":"https:\/\/maisonroca.ad\/wp-content\/uploads\/2025\/01\/h9742.jpg","contentUrl":"https:\/\/maisonroca.ad\/wp-content\/uploads\/2025\/01\/h9742.jpg","width":800,"height":800,"caption":"maison-roca-andorra-chanel-rellotges-j12-calibre-12.2-automatic-33-mm-ceramica-negra-index-diamants"},{"@type":"BreadcrumbList","@id":"https:\/\/maisonroca.ad\/fr\/boutique\/montre-chanel-j12-calibre-122-de-33-mm-en-ceramique-noire-avec-diamants\/#breadcrumb","itemListElement":[{"@type":"ListItem","position":1,"name":"Portada","item":"https:\/\/maisonroca.ad\/fr\/"},{"@type":"ListItem","position":2,"name":"Botiga","item":"https:\/\/maisonroca.ad\/botiga\/"},{"@type":"ListItem","position":3,"name":"MONTRE CHANEL J12 CALIBRE 12.2 DE 33 MM EN C\u00c9RAMIQUE NOIRE AVEC DIAMANTS"}]},{"@type":"WebSite","@id":"https:\/\/maisonroca.ad\/fr\/#website","url":"https:\/\/maisonroca.ad\/fr\/","name":"Maison Roca","description":"Bold Luxury Life - joieria d&#039;autor - Andorra","publisher":{"@id":"https:\/\/maisonroca.ad\/fr\/#organization"},"potentialAction":[{"@type":"SearchAction","target":{"@type":"EntryPoint","urlTemplate":"https:\/\/maisonroca.ad\/fr\/?s={search_term_string}"},"query-input":{"@type":"PropertyValueSpecification","valueRequired":true,"valueName":"search_term_string"}}],"inLanguage":"fr-FR"},{"@type":"Organization","@id":"https:\/\/maisonroca.ad\/fr\/#organization","name":"Maison Roca","url":"https:\/\/maisonroca.ad\/fr\/","logo":{"@type":"ImageObject","inLanguage":"fr-FR","@id":"https:\/\/maisonroca.ad\/fr\/#\/schema\/logo\/image\/","url":"https:\/\/maisonroca.ad\/wp-content\/uploads\/2023\/10\/icono.png","contentUrl":"https:\/\/maisonroca.ad\/wp-content\/uploads\/2023\/10\/icono.png","width":512,"height":512,"caption":"Maison Roca"},"image":{"@id":"https:\/\/maisonroca.ad\/fr\/#\/schema\/logo\/image\/"},"sameAs":["https:\/\/www.facebook.com\/maisonroca","https:\/\/www.instagram.com\/maisonroca\/"]}]},"product_price_amount":"846000.00","product_price_currency":"EUR","og_availability":"instock","product_availability":"instock","product_retailer_item_id":"H9742","product_condition":"new"},"_links":{"self":[{"href":"https:\/\/maisonroca.ad\/fr\/wp-json\/wp\/v2\/product\/68860","targetHints":{"allow":["GET"]}}],"collection":[{"href":"https:\/\/maisonroca.ad\/fr\/wp-json\/wp\/v2\/product"}],"about":[{"href":"https:\/\/maisonroca.ad\/fr\/wp-json\/wp\/v2\/types\/product"}],"replies":[{"embeddable":true,"href":"https:\/\/maisonroca.ad\/fr\/wp-json\/wp\/v2\/comments?post=68860"}],"version-history":[{"count":4,"href":"https:\/\/maisonroca.ad\/fr\/wp-json\/wp\/v2\/product\/68860\/revisions"}],"predecessor-version":[{"id":69251,"href":"https:\/\/maisonroca.ad\/fr\/wp-json\/wp\/v2\/product\/68860\/revisions\/69251"}],"wp:featuredmedia":[{"embeddable":true,"href":"https:\/\/maisonroca.ad\/fr\/wp-json\/wp\/v2\/media\/68855"}],"wp:attachment":[{"href":"https:\/\/maisonroca.ad\/fr\/wp-json\/wp\/v2\/media?parent=68860"}],"wp:term":[{"taxonomy":"product_brand","embeddable":true,"href":"https:\/\/maisonroca.ad\/fr\/wp-json\/wp\/v2\/product_brand?post=68860"},{"taxonomy":"product_cat","embeddable":true,"href":"https:\/\/maisonroca.ad\/fr\/wp-json\/wp\/v2\/product_cat?post=68860"},{"taxonomy":"product_tag","embeddable":true,"href":"https:\/\/maisonroca.ad\/fr\/wp-json\/wp\/v2\/product_tag?post=68860"}],"curies":[{"name":"wp","href":"https:\/\/api.w.org\/{rel}","templated":true}]}}