{"id":68879,"date":"2025-01-03T09:22:00","date_gmt":"2025-01-03T08:22:00","guid":{"rendered":"https:\/\/maisonroca.ad\/?post_type=product&#038;p=68879"},"modified":"2026-02-17T10:06:11","modified_gmt":"2026-02-17T09:06:11","slug":"montre-chanel-j12-de-29-mm-en-ceramique-noire-avec-diamants","status":"publish","type":"product","link":"https:\/\/maisonroca.ad\/fr\/boutique\/montre-chanel-j12-de-29-mm-en-ceramique-noire-avec-diamants\/","title":{"rendered":"MONTRE CHANEL J12 DE 29 MM EN C\u00c9RAMIQUE NOIRE AVEC DIAMANTS"},"content":{"rendered":"<p>Montre Chanel J12 de 29 mm de diam\u00e8tre avec mouvement \u00e0 quartz. Cette montre poss\u00e8de un bo\u00eetier en c\u00e9ramique noire avec un index de diamants. Le cadran est de couleur noire et le bracelet est en c\u00e9ramique noire.<\/p>\n<p>Les montres Chanel subissent des tests rigoureux au laboratoire de la Manufacture CHANEL en Suisse pour r\u00e9pondre aux plus hauts standards d&rsquo;excellence horlog\u00e8re. Un entretien r\u00e9gulier est essentiel pour le bon fonctionnement du montre et son esth\u00e9tique.<\/p>\n<p><strong>D\u00e9tails :<\/strong><\/p>\n<ul>\n<li>Bo\u00eetier en c\u00e9ramique noire haute r\u00e9sistance et acier<\/li>\n<li>Bracelet en c\u00e9ramique noire haute r\u00e9sistance avec fermoir d\u00e9ployant triple en acier<\/li>\n<li>Mouvement \u00e0 quartz de haute pr\u00e9cision<\/li>\n<li>Diam\u00e8tre de 29 mm<\/li>\n<li>Cadran laqu\u00e9 noir serti de 8 index en diamants<\/li>\n<li>\u00c9tanch\u00e9it\u00e9 de 50 m<\/li>\n<li>Fonctions : heures, minutes et secondes<\/li>\n<\/ul>\n","protected":false},"excerpt":{"rendered":"<p>Montre Chanel J12 de 29 mm de diam\u00e8tre avec mouvement \u00e0 quartz. Elle pr\u00e9sente un bo\u00eetier en c\u00e9ramique noire avec index de diamants, un cadran noir et un bracelet en c\u00e9ramique noire.<\/p>\n","protected":false},"featured_media":68867,"comment_status":"open","ping_status":"closed","template":"","meta":{"_acf_changed":false,"_monsterinsights_skip_tracking":false,"_monsterinsights_sitenote_active":false,"_monsterinsights_sitenote_note":"","_monsterinsights_sitenote_category":0},"product_brand":[],"product_cat":[1245],"product_tag":[],"class_list":{"0":"post-68879","1":"product","2":"type-product","3":"status-publish","4":"has-post-thumbnail","6":"product_cat-montres","8":"first","9":"instock","10":"shipping-taxable","11":"purchasable","12":"product-type-simple"},"acf":[],"yoast_head":"<!-- This site is optimized with the Yoast SEO Premium plugin v26.8 (Yoast SEO v27.4) - https:\/\/yoast.com\/product\/yoast-seo-premium-wordpress\/ -->\n<title>MONTRE CHANEL J12 EN C\u00c9RAMIQUE NOIRE ET DIAMANTS<\/title>\n<meta name=\"description\" content=\"D\u00e9couvrez la Montre Chanel J12 de 29 mm, avec un bo\u00eetier en c\u00e9ramique haute r\u00e9sistance, un mouvement automatique et une \u00e9tanch\u00e9it\u00e9 jusqu&#039;\u00e0 200 m\u00e8tres.\" \/>\n<meta name=\"robots\" content=\"index, follow, max-snippet:-1, max-image-preview:large, max-video-preview:-1\" \/>\n<link rel=\"canonical\" href=\"https:\/\/maisonroca.ad\/fr\/boutique\/montre-chanel-j12-de-29-mm-en-ceramique-noire-avec-diamants\/\" \/>\n<meta property=\"og:locale\" content=\"fr_FR\" \/>\n<meta property=\"og:type\" content=\"article\" \/>\n<meta property=\"og:title\" content=\"MONTRE CHANEL J12 DE 29 MM EN C\u00c9RAMIQUE NOIRE AVEC DIAMANTS\" \/>\n<meta property=\"og:description\" content=\"D\u00e9couvrez la Montre Chanel J12 de 29 mm, avec un bo\u00eetier en c\u00e9ramique haute r\u00e9sistance, un mouvement automatique et une \u00e9tanch\u00e9it\u00e9 jusqu&#039;\u00e0 200 m\u00e8tres.\" \/>\n<meta property=\"og:url\" content=\"https:\/\/maisonroca.ad\/fr\/boutique\/montre-chanel-j12-de-29-mm-en-ceramique-noire-avec-diamants\/\" \/>\n<meta property=\"og:site_name\" content=\"Maison Roca\" \/>\n<meta property=\"article:publisher\" content=\"https:\/\/www.facebook.com\/maisonroca\" \/>\n<meta property=\"article:modified_time\" content=\"2026-02-17T09:06:11+00:00\" \/>\n<meta property=\"og:image\" content=\"https:\/\/maisonroca.ad\/wp-content\/uploads\/2025\/01\/h2569.jpg\" \/>\n\t<meta property=\"og:image:width\" content=\"800\" \/>\n\t<meta property=\"og:image:height\" content=\"800\" \/>\n\t<meta property=\"og:image:type\" content=\"image\/jpeg\" \/>\n<meta name=\"twitter:card\" content=\"summary_large_image\" \/>\n<meta name=\"twitter:label1\" content=\"Prix\" \/>\n\t<meta name=\"twitter:data1\" content=\"639.000,00&nbsp;&euro;\" \/>\n\t<meta name=\"twitter:label2\" content=\"Disponibilit\u00e9\" \/>\n\t<meta name=\"twitter:data2\" content=\"En stock\" \/>\n<script type=\"application\/ld+json\" class=\"yoast-schema-graph\">{\"@context\":\"https:\\\/\\\/schema.org\",\"@graph\":[{\"@type\":\"WebPage\",\"@id\":\"https:\\\/\\\/maisonroca.ad\\\/fr\\\/boutique\\\/montre-chanel-j12-de-29-mm-en-ceramique-noire-avec-diamants\\\/\",\"url\":\"https:\\\/\\\/maisonroca.ad\\\/fr\\\/boutique\\\/montre-chanel-j12-de-29-mm-en-ceramique-noire-avec-diamants\\\/\",\"name\":\"MONTRE CHANEL J12 EN C\u00c9RAMIQUE NOIRE ET DIAMANTS\",\"isPartOf\":{\"@id\":\"https:\\\/\\\/maisonroca.ad\\\/fr\\\/#website\"},\"primaryImageOfPage\":{\"@id\":\"https:\\\/\\\/maisonroca.ad\\\/fr\\\/boutique\\\/montre-chanel-j12-de-29-mm-en-ceramique-noire-avec-diamants\\\/#primaryimage\"},\"image\":{\"@id\":\"https:\\\/\\\/maisonroca.ad\\\/fr\\\/boutique\\\/montre-chanel-j12-de-29-mm-en-ceramique-noire-avec-diamants\\\/#primaryimage\"},\"thumbnailUrl\":\"https:\\\/\\\/maisonroca.ad\\\/wp-content\\\/uploads\\\/2025\\\/01\\\/h2569.jpg\",\"datePublished\":\"2025-01-03T08:22:00+00:00\",\"dateModified\":\"2026-02-17T09:06:11+00:00\",\"description\":\"D\u00e9couvrez la Montre Chanel J12 de 29 mm, avec un bo\u00eetier en c\u00e9ramique haute r\u00e9sistance, un mouvement automatique et une \u00e9tanch\u00e9it\u00e9 jusqu'\u00e0 200 m\u00e8tres.\",\"breadcrumb\":{\"@id\":\"https:\\\/\\\/maisonroca.ad\\\/fr\\\/boutique\\\/montre-chanel-j12-de-29-mm-en-ceramique-noire-avec-diamants\\\/#breadcrumb\"},\"inLanguage\":\"fr-FR\",\"potentialAction\":[{\"@type\":\"ReadAction\",\"target\":[\"https:\\\/\\\/maisonroca.ad\\\/fr\\\/boutique\\\/montre-chanel-j12-de-29-mm-en-ceramique-noire-avec-diamants\\\/\"]}]},{\"@type\":\"ImageObject\",\"inLanguage\":\"fr-FR\",\"@id\":\"https:\\\/\\\/maisonroca.ad\\\/fr\\\/boutique\\\/montre-chanel-j12-de-29-mm-en-ceramique-noire-avec-diamants\\\/#primaryimage\",\"url\":\"https:\\\/\\\/maisonroca.ad\\\/wp-content\\\/uploads\\\/2025\\\/01\\\/h2569.jpg\",\"contentUrl\":\"https:\\\/\\\/maisonroca.ad\\\/wp-content\\\/uploads\\\/2025\\\/01\\\/h2569.jpg\",\"width\":800,\"height\":800,\"caption\":\"maison-roca-andorra-chanel-rellotges-j12-quars-29mm-ceramica-negra-index-diamants\"},{\"@type\":\"BreadcrumbList\",\"@id\":\"https:\\\/\\\/maisonroca.ad\\\/fr\\\/boutique\\\/montre-chanel-j12-de-29-mm-en-ceramique-noire-avec-diamants\\\/#breadcrumb\",\"itemListElement\":[{\"@type\":\"ListItem\",\"position\":1,\"name\":\"Portada\",\"item\":\"https:\\\/\\\/maisonroca.ad\\\/fr\\\/\"},{\"@type\":\"ListItem\",\"position\":2,\"name\":\"Botiga\",\"item\":\"https:\\\/\\\/maisonroca.ad\\\/botiga\\\/\"},{\"@type\":\"ListItem\",\"position\":3,\"name\":\"MONTRE CHANEL J12 DE 29 MM EN C\u00c9RAMIQUE NOIRE AVEC DIAMANTS\"}]},{\"@type\":\"WebSite\",\"@id\":\"https:\\\/\\\/maisonroca.ad\\\/fr\\\/#website\",\"url\":\"https:\\\/\\\/maisonroca.ad\\\/fr\\\/\",\"name\":\"Maison Roca\",\"description\":\"Bold Luxury Life - joieria d&#039;autor - Andorra\",\"publisher\":{\"@id\":\"https:\\\/\\\/maisonroca.ad\\\/fr\\\/#organization\"},\"potentialAction\":[{\"@type\":\"SearchAction\",\"target\":{\"@type\":\"EntryPoint\",\"urlTemplate\":\"https:\\\/\\\/maisonroca.ad\\\/fr\\\/?s={search_term_string}\"},\"query-input\":{\"@type\":\"PropertyValueSpecification\",\"valueRequired\":true,\"valueName\":\"search_term_string\"}}],\"inLanguage\":\"fr-FR\"},{\"@type\":\"Organization\",\"@id\":\"https:\\\/\\\/maisonroca.ad\\\/fr\\\/#organization\",\"name\":\"Maison Roca\",\"url\":\"https:\\\/\\\/maisonroca.ad\\\/fr\\\/\",\"logo\":{\"@type\":\"ImageObject\",\"inLanguage\":\"fr-FR\",\"@id\":\"https:\\\/\\\/maisonroca.ad\\\/fr\\\/#\\\/schema\\\/logo\\\/image\\\/\",\"url\":\"https:\\\/\\\/maisonroca.ad\\\/wp-content\\\/uploads\\\/2023\\\/10\\\/icono.png\",\"contentUrl\":\"https:\\\/\\\/maisonroca.ad\\\/wp-content\\\/uploads\\\/2023\\\/10\\\/icono.png\",\"width\":512,\"height\":512,\"caption\":\"Maison Roca\"},\"image\":{\"@id\":\"https:\\\/\\\/maisonroca.ad\\\/fr\\\/#\\\/schema\\\/logo\\\/image\\\/\"},\"sameAs\":[\"https:\\\/\\\/www.facebook.com\\\/maisonroca\",\"https:\\\/\\\/www.instagram.com\\\/maisonroca\\\/\"]}]}<\/script>\n<meta property=\"product:price:amount\" content=\"639000.00\" \/>\n<meta property=\"product:price:currency\" content=\"EUR\" \/>\n<meta property=\"og:availability\" content=\"instock\" \/>\n<meta property=\"product:availability\" content=\"instock\" \/>\n<meta property=\"product:retailer_item_id\" content=\"H2569\" \/>\n<meta property=\"product:condition\" content=\"new\" \/>\n<!-- \/ Yoast SEO Premium plugin. -->","yoast_head_json":{"title":"MONTRE CHANEL J12 EN C\u00c9RAMIQUE NOIRE ET DIAMANTS","description":"D\u00e9couvrez la Montre Chanel J12 de 29 mm, avec un bo\u00eetier en c\u00e9ramique haute r\u00e9sistance, un mouvement automatique et une \u00e9tanch\u00e9it\u00e9 jusqu'\u00e0 200 m\u00e8tres.","robots":{"index":"index","follow":"follow","max-snippet":"max-snippet:-1","max-image-preview":"max-image-preview:large","max-video-preview":"max-video-preview:-1"},"canonical":"https:\/\/maisonroca.ad\/fr\/boutique\/montre-chanel-j12-de-29-mm-en-ceramique-noire-avec-diamants\/","og_locale":"fr_FR","og_type":"article","og_title":"MONTRE CHANEL J12 DE 29 MM EN C\u00c9RAMIQUE NOIRE AVEC DIAMANTS","og_description":"D\u00e9couvrez la Montre Chanel J12 de 29 mm, avec un bo\u00eetier en c\u00e9ramique haute r\u00e9sistance, un mouvement automatique et une \u00e9tanch\u00e9it\u00e9 jusqu'\u00e0 200 m\u00e8tres.","og_url":"https:\/\/maisonroca.ad\/fr\/boutique\/montre-chanel-j12-de-29-mm-en-ceramique-noire-avec-diamants\/","og_site_name":"Maison Roca","article_publisher":"https:\/\/www.facebook.com\/maisonroca","article_modified_time":"2026-02-17T09:06:11+00:00","og_image":[{"width":800,"height":800,"url":"https:\/\/maisonroca.ad\/wp-content\/uploads\/2025\/01\/h2569.jpg","type":"image\/jpeg"}],"twitter_card":"summary_large_image","twitter_misc":{"Prix":"639.000,00&nbsp;&euro;","Disponibilit\u00e9":"En stock"},"schema":{"@context":"https:\/\/schema.org","@graph":[{"@type":"WebPage","@id":"https:\/\/maisonroca.ad\/fr\/boutique\/montre-chanel-j12-de-29-mm-en-ceramique-noire-avec-diamants\/","url":"https:\/\/maisonroca.ad\/fr\/boutique\/montre-chanel-j12-de-29-mm-en-ceramique-noire-avec-diamants\/","name":"MONTRE CHANEL J12 EN C\u00c9RAMIQUE NOIRE ET DIAMANTS","isPartOf":{"@id":"https:\/\/maisonroca.ad\/fr\/#website"},"primaryImageOfPage":{"@id":"https:\/\/maisonroca.ad\/fr\/boutique\/montre-chanel-j12-de-29-mm-en-ceramique-noire-avec-diamants\/#primaryimage"},"image":{"@id":"https:\/\/maisonroca.ad\/fr\/boutique\/montre-chanel-j12-de-29-mm-en-ceramique-noire-avec-diamants\/#primaryimage"},"thumbnailUrl":"https:\/\/maisonroca.ad\/wp-content\/uploads\/2025\/01\/h2569.jpg","datePublished":"2025-01-03T08:22:00+00:00","dateModified":"2026-02-17T09:06:11+00:00","description":"D\u00e9couvrez la Montre Chanel J12 de 29 mm, avec un bo\u00eetier en c\u00e9ramique haute r\u00e9sistance, un mouvement automatique et une \u00e9tanch\u00e9it\u00e9 jusqu'\u00e0 200 m\u00e8tres.","breadcrumb":{"@id":"https:\/\/maisonroca.ad\/fr\/boutique\/montre-chanel-j12-de-29-mm-en-ceramique-noire-avec-diamants\/#breadcrumb"},"inLanguage":"fr-FR","potentialAction":[{"@type":"ReadAction","target":["https:\/\/maisonroca.ad\/fr\/boutique\/montre-chanel-j12-de-29-mm-en-ceramique-noire-avec-diamants\/"]}]},{"@type":"ImageObject","inLanguage":"fr-FR","@id":"https:\/\/maisonroca.ad\/fr\/boutique\/montre-chanel-j12-de-29-mm-en-ceramique-noire-avec-diamants\/#primaryimage","url":"https:\/\/maisonroca.ad\/wp-content\/uploads\/2025\/01\/h2569.jpg","contentUrl":"https:\/\/maisonroca.ad\/wp-content\/uploads\/2025\/01\/h2569.jpg","width":800,"height":800,"caption":"maison-roca-andorra-chanel-rellotges-j12-quars-29mm-ceramica-negra-index-diamants"},{"@type":"BreadcrumbList","@id":"https:\/\/maisonroca.ad\/fr\/boutique\/montre-chanel-j12-de-29-mm-en-ceramique-noire-avec-diamants\/#breadcrumb","itemListElement":[{"@type":"ListItem","position":1,"name":"Portada","item":"https:\/\/maisonroca.ad\/fr\/"},{"@type":"ListItem","position":2,"name":"Botiga","item":"https:\/\/maisonroca.ad\/botiga\/"},{"@type":"ListItem","position":3,"name":"MONTRE CHANEL J12 DE 29 MM EN C\u00c9RAMIQUE NOIRE AVEC DIAMANTS"}]},{"@type":"WebSite","@id":"https:\/\/maisonroca.ad\/fr\/#website","url":"https:\/\/maisonroca.ad\/fr\/","name":"Maison Roca","description":"Bold Luxury Life - joieria d&#039;autor - Andorra","publisher":{"@id":"https:\/\/maisonroca.ad\/fr\/#organization"},"potentialAction":[{"@type":"SearchAction","target":{"@type":"EntryPoint","urlTemplate":"https:\/\/maisonroca.ad\/fr\/?s={search_term_string}"},"query-input":{"@type":"PropertyValueSpecification","valueRequired":true,"valueName":"search_term_string"}}],"inLanguage":"fr-FR"},{"@type":"Organization","@id":"https:\/\/maisonroca.ad\/fr\/#organization","name":"Maison Roca","url":"https:\/\/maisonroca.ad\/fr\/","logo":{"@type":"ImageObject","inLanguage":"fr-FR","@id":"https:\/\/maisonroca.ad\/fr\/#\/schema\/logo\/image\/","url":"https:\/\/maisonroca.ad\/wp-content\/uploads\/2023\/10\/icono.png","contentUrl":"https:\/\/maisonroca.ad\/wp-content\/uploads\/2023\/10\/icono.png","width":512,"height":512,"caption":"Maison Roca"},"image":{"@id":"https:\/\/maisonroca.ad\/fr\/#\/schema\/logo\/image\/"},"sameAs":["https:\/\/www.facebook.com\/maisonroca","https:\/\/www.instagram.com\/maisonroca\/"]}]},"product_price_amount":"639000.00","product_price_currency":"EUR","og_availability":"instock","product_availability":"instock","product_retailer_item_id":"H2569","product_condition":"new"},"_links":{"self":[{"href":"https:\/\/maisonroca.ad\/fr\/wp-json\/wp\/v2\/product\/68879","targetHints":{"allow":["GET"]}}],"collection":[{"href":"https:\/\/maisonroca.ad\/fr\/wp-json\/wp\/v2\/product"}],"about":[{"href":"https:\/\/maisonroca.ad\/fr\/wp-json\/wp\/v2\/types\/product"}],"replies":[{"embeddable":true,"href":"https:\/\/maisonroca.ad\/fr\/wp-json\/wp\/v2\/comments?post=68879"}],"version-history":[{"count":3,"href":"https:\/\/maisonroca.ad\/fr\/wp-json\/wp\/v2\/product\/68879\/revisions"}],"predecessor-version":[{"id":83976,"href":"https:\/\/maisonroca.ad\/fr\/wp-json\/wp\/v2\/product\/68879\/revisions\/83976"}],"wp:featuredmedia":[{"embeddable":true,"href":"https:\/\/maisonroca.ad\/fr\/wp-json\/wp\/v2\/media\/68867"}],"wp:attachment":[{"href":"https:\/\/maisonroca.ad\/fr\/wp-json\/wp\/v2\/media?parent=68879"}],"wp:term":[{"taxonomy":"product_brand","embeddable":true,"href":"https:\/\/maisonroca.ad\/fr\/wp-json\/wp\/v2\/product_brand?post=68879"},{"taxonomy":"product_cat","embeddable":true,"href":"https:\/\/maisonroca.ad\/fr\/wp-json\/wp\/v2\/product_cat?post=68879"},{"taxonomy":"product_tag","embeddable":true,"href":"https:\/\/maisonroca.ad\/fr\/wp-json\/wp\/v2\/product_tag?post=68879"}],"curies":[{"name":"wp","href":"https:\/\/api.w.org\/{rel}","templated":true}]}}