{"id":68893,"date":"2025-01-03T09:41:46","date_gmt":"2025-01-03T08:41:46","guid":{"rendered":"https:\/\/maisonroca.ad\/?post_type=product&#038;p=68893"},"modified":"2025-01-15T11:22:44","modified_gmt":"2025-01-15T10:22:44","slug":"montre-chanel-j12-calibre-12-1-de-38-mm-en-ceramique-noire-avec-or-jaune","status":"publish","type":"product","link":"https:\/\/maisonroca.ad\/fr\/boutique\/montre-chanel-j12-calibre-12-1-de-38-mm-en-ceramique-noire-avec-or-jaune\/","title":{"rendered":"MONTRE CHANEL J12 CALIBRE 12.1 DE 38 MM EN C\u00c9RAMIQUE NOIRE AVEC OR JAUNE"},"content":{"rendered":"<p>Montre Chanel J12 Calibre 12.1 de 38 mm de diam\u00e8tre avec mouvement automatique. Ce mod\u00e8le de montre poss\u00e8de un bo\u00eetier en c\u00e9ramique noire et or jaune avec une \u00e9tanch\u00e9it\u00e9 allant jusqu\u2019\u00e0 200 m\u00e8tres. Le cadran est noir et le bracelet est en c\u00e9ramique noire avec fermoir d\u00e9ployant.<\/p>\n<p>Les montres Chanel subissent des tests rigoureux au laboratoire de la Manufacture CHANEL en Suisse pour satisfaire les plus hauts standards d\u2019excellence horlog\u00e8re. Un entretien r\u00e9gulier est essentiel pour la bonne performance de la montre et son esth\u00e9tique.<\/p>\n<p>D\u00e9tails :<\/p>\n<ul>\n<li>Bo\u00eetier en c\u00e9ramique noire de haute r\u00e9sistance et or 18 carats<\/li>\n<li>Bracelet en c\u00e9ramique noire de haute r\u00e9sistance avec fermoir d\u00e9ployant<\/li>\n<li>Mouvement automatique<\/li>\n<li>Diam\u00e8tre de 38 mm<\/li>\n<li>Cadran noir<\/li>\n<li>\u00c9tanch\u00e9it\u00e9 de 200 m<\/li>\n<li>Fonctions : jours, heures, minutes et secondes<\/li>\n<\/ul>\n","protected":false},"excerpt":{"rendered":"<p>Montre Chanel J12 Calibre 12.1 de 38 mm avec mouvement automatique. Ce mod\u00e8le pr\u00e9sente un bo\u00eetier en c\u00e9ramique noire et or jaune, avec une r\u00e9sistance \u00e0 l&rsquo;eau jusqu&rsquo;\u00e0 200 m\u00e8tres. Le cadran est noir et le bracelet en c\u00e9ramique noire dispose d&rsquo;une boucle d\u00e9ployante.<\/p>\n<article class=\"w-full scroll-mb-[var(--thread-trailing-height,150px)] text-token-text-primary focus-visible:outline-2 focus-visible:outline-offset-[-4px]\" dir=\"auto\" data-testid=\"conversation-turn-123\" data-scroll-anchor=\"false\">\n<div class=\"m-auto text-base py-[18px] px-3 md:px-4 w-full md:px-5 lg:px-4 xl:px-5\">\n<div class=\"mx-auto flex flex-1 gap-4 text-base md:gap-5 lg:gap-6 md:max-w-3xl\">\n<div class=\"group\/conversation-turn relative flex w-full min-w-0 flex-col agent-turn\">\n<div class=\"flex-col gap-1 md:gap-3\">\n<div class=\"mb-2 flex gap-3 empty:hidden -ml-2\">\n<div class=\"items-center justify-start rounded-xl p-1 z-10 -mt-1 bg-token-main-surface-primary screen-arch:mt-1 md:absolute flex\">\n<div class=\"flex items-center\"><\/div>\n<\/div>\n<\/div>\n<div class=\"pr-2 lg:pr-0\"><\/div>\n<\/div>\n<div class=\"absolute\">\n<div class=\"flex items-center justify-center\"><\/div>\n<\/div>\n<\/div>\n<\/div>\n<\/div>\n<\/article>\n<article class=\"w-full scroll-mb-[var(--thread-trailing-height,150px)] text-token-text-primary focus-visible:outline-2 focus-visible:outline-offset-[-4px]\" dir=\"auto\" data-testid=\"conversation-turn-124\" data-scroll-anchor=\"false\">\n<h5 class=\"sr-only\"><\/h5>\n<\/article>\n","protected":false},"featured_media":68888,"comment_status":"open","ping_status":"closed","template":"","meta":{"_acf_changed":false,"_monsterinsights_skip_tracking":false,"_monsterinsights_sitenote_active":false,"_monsterinsights_sitenote_note":"","_monsterinsights_sitenote_category":0},"product_brand":[],"product_cat":[1245],"product_tag":[],"class_list":{"0":"post-68893","1":"product","2":"type-product","3":"status-publish","4":"has-post-thumbnail","6":"product_cat-montres","8":"first","9":"instock","10":"shipping-taxable","11":"product-type-simple"},"acf":[],"yoast_head":"<!-- This site is optimized with the Yoast SEO Premium plugin v26.8 (Yoast SEO v27.4) - https:\/\/yoast.com\/product\/yoast-seo-premium-wordpress\/ -->\n<title>MONTRE CHANEL J12 CALIBRE 12.1 EN C\u00c9RAMIQUE NOIRE<\/title>\n<meta name=\"description\" content=\"D\u00e9couvrez la montre Chanel J12 Calibre 12.1 avec mouvement automatique et bo\u00eetier en c\u00e9ramique noire haute r\u00e9sistance et or jaune 18k.\" \/>\n<meta name=\"robots\" content=\"index, follow, max-snippet:-1, max-image-preview:large, max-video-preview:-1\" \/>\n<link rel=\"canonical\" href=\"https:\/\/maisonroca.ad\/fr\/boutique\/montre-chanel-j12-calibre-12-1-de-38-mm-en-ceramique-noire-avec-or-jaune\/\" \/>\n<meta property=\"og:locale\" content=\"fr_FR\" \/>\n<meta property=\"og:type\" content=\"article\" \/>\n<meta property=\"og:title\" content=\"MONTRE CHANEL J12 CALIBRE 12.1 DE 38 MM EN C\u00c9RAMIQUE NOIRE AVEC OR JAUNE\" \/>\n<meta property=\"og:description\" content=\"D\u00e9couvrez la montre Chanel J12 Calibre 12.1 avec mouvement automatique et bo\u00eetier en c\u00e9ramique noire haute r\u00e9sistance et or jaune 18k.\" \/>\n<meta property=\"og:url\" content=\"https:\/\/maisonroca.ad\/fr\/boutique\/montre-chanel-j12-calibre-12-1-de-38-mm-en-ceramique-noire-avec-or-jaune\/\" \/>\n<meta property=\"og:site_name\" content=\"Maison Roca\" \/>\n<meta property=\"article:publisher\" content=\"https:\/\/www.facebook.com\/maisonroca\" \/>\n<meta property=\"article:modified_time\" content=\"2025-01-15T10:22:44+00:00\" \/>\n<meta property=\"og:image\" content=\"https:\/\/maisonroca.ad\/wp-content\/uploads\/2025\/01\/h9541.jpg\" \/>\n\t<meta property=\"og:image:width\" content=\"800\" \/>\n\t<meta property=\"og:image:height\" content=\"800\" \/>\n\t<meta property=\"og:image:type\" content=\"image\/jpeg\" \/>\n<meta name=\"twitter:card\" content=\"summary_large_image\" \/>\n<meta name=\"twitter:label1\" content=\"Prix\" \/>\n\t<meta name=\"twitter:data1\" content=\"\" \/>\n\t<meta name=\"twitter:label2\" content=\"Disponibilit\u00e9\" \/>\n\t<meta name=\"twitter:data2\" content=\"En stock\" \/>\n<script type=\"application\/ld+json\" class=\"yoast-schema-graph\">{\"@context\":\"https:\\\/\\\/schema.org\",\"@graph\":[{\"@type\":\"WebPage\",\"@id\":\"https:\\\/\\\/maisonroca.ad\\\/fr\\\/boutique\\\/montre-chanel-j12-calibre-12-1-de-38-mm-en-ceramique-noire-avec-or-jaune\\\/\",\"url\":\"https:\\\/\\\/maisonroca.ad\\\/fr\\\/boutique\\\/montre-chanel-j12-calibre-12-1-de-38-mm-en-ceramique-noire-avec-or-jaune\\\/\",\"name\":\"MONTRE CHANEL J12 CALIBRE 12.1 EN C\u00c9RAMIQUE NOIRE\",\"isPartOf\":{\"@id\":\"https:\\\/\\\/maisonroca.ad\\\/fr\\\/#website\"},\"primaryImageOfPage\":{\"@id\":\"https:\\\/\\\/maisonroca.ad\\\/fr\\\/boutique\\\/montre-chanel-j12-calibre-12-1-de-38-mm-en-ceramique-noire-avec-or-jaune\\\/#primaryimage\"},\"image\":{\"@id\":\"https:\\\/\\\/maisonroca.ad\\\/fr\\\/boutique\\\/montre-chanel-j12-calibre-12-1-de-38-mm-en-ceramique-noire-avec-or-jaune\\\/#primaryimage\"},\"thumbnailUrl\":\"https:\\\/\\\/maisonroca.ad\\\/wp-content\\\/uploads\\\/2025\\\/01\\\/h9541.jpg\",\"datePublished\":\"2025-01-03T08:41:46+00:00\",\"dateModified\":\"2025-01-15T10:22:44+00:00\",\"description\":\"D\u00e9couvrez la montre Chanel J12 Calibre 12.1 avec mouvement automatique et bo\u00eetier en c\u00e9ramique noire haute r\u00e9sistance et or jaune 18k.\",\"breadcrumb\":{\"@id\":\"https:\\\/\\\/maisonroca.ad\\\/fr\\\/boutique\\\/montre-chanel-j12-calibre-12-1-de-38-mm-en-ceramique-noire-avec-or-jaune\\\/#breadcrumb\"},\"inLanguage\":\"fr-FR\",\"potentialAction\":[{\"@type\":\"ReadAction\",\"target\":[\"https:\\\/\\\/maisonroca.ad\\\/fr\\\/boutique\\\/montre-chanel-j12-calibre-12-1-de-38-mm-en-ceramique-noire-avec-or-jaune\\\/\"]}]},{\"@type\":\"ImageObject\",\"inLanguage\":\"fr-FR\",\"@id\":\"https:\\\/\\\/maisonroca.ad\\\/fr\\\/boutique\\\/montre-chanel-j12-calibre-12-1-de-38-mm-en-ceramique-noire-avec-or-jaune\\\/#primaryimage\",\"url\":\"https:\\\/\\\/maisonroca.ad\\\/wp-content\\\/uploads\\\/2025\\\/01\\\/h9541.jpg\",\"contentUrl\":\"https:\\\/\\\/maisonroca.ad\\\/wp-content\\\/uploads\\\/2025\\\/01\\\/h9541.jpg\",\"width\":800,\"height\":800,\"caption\":\"maison-roca-andorra-chanel-rellotges-j12-automatic-38-mm-ceramica-negra-or-groc\"},{\"@type\":\"BreadcrumbList\",\"@id\":\"https:\\\/\\\/maisonroca.ad\\\/fr\\\/boutique\\\/montre-chanel-j12-calibre-12-1-de-38-mm-en-ceramique-noire-avec-or-jaune\\\/#breadcrumb\",\"itemListElement\":[{\"@type\":\"ListItem\",\"position\":1,\"name\":\"Portada\",\"item\":\"https:\\\/\\\/maisonroca.ad\\\/fr\\\/\"},{\"@type\":\"ListItem\",\"position\":2,\"name\":\"Botiga\",\"item\":\"https:\\\/\\\/maisonroca.ad\\\/botiga\\\/\"},{\"@type\":\"ListItem\",\"position\":3,\"name\":\"MONTRE CHANEL J12 CALIBRE 12.1 DE 38 MM EN C\u00c9RAMIQUE NOIRE AVEC OR JAUNE\"}]},{\"@type\":\"WebSite\",\"@id\":\"https:\\\/\\\/maisonroca.ad\\\/fr\\\/#website\",\"url\":\"https:\\\/\\\/maisonroca.ad\\\/fr\\\/\",\"name\":\"Maison Roca\",\"description\":\"Bold Luxury Life - joieria d&#039;autor - Andorra\",\"publisher\":{\"@id\":\"https:\\\/\\\/maisonroca.ad\\\/fr\\\/#organization\"},\"potentialAction\":[{\"@type\":\"SearchAction\",\"target\":{\"@type\":\"EntryPoint\",\"urlTemplate\":\"https:\\\/\\\/maisonroca.ad\\\/fr\\\/?s={search_term_string}\"},\"query-input\":{\"@type\":\"PropertyValueSpecification\",\"valueRequired\":true,\"valueName\":\"search_term_string\"}}],\"inLanguage\":\"fr-FR\"},{\"@type\":\"Organization\",\"@id\":\"https:\\\/\\\/maisonroca.ad\\\/fr\\\/#organization\",\"name\":\"Maison Roca\",\"url\":\"https:\\\/\\\/maisonroca.ad\\\/fr\\\/\",\"logo\":{\"@type\":\"ImageObject\",\"inLanguage\":\"fr-FR\",\"@id\":\"https:\\\/\\\/maisonroca.ad\\\/fr\\\/#\\\/schema\\\/logo\\\/image\\\/\",\"url\":\"https:\\\/\\\/maisonroca.ad\\\/wp-content\\\/uploads\\\/2023\\\/10\\\/icono.png\",\"contentUrl\":\"https:\\\/\\\/maisonroca.ad\\\/wp-content\\\/uploads\\\/2023\\\/10\\\/icono.png\",\"width\":512,\"height\":512,\"caption\":\"Maison Roca\"},\"image\":{\"@id\":\"https:\\\/\\\/maisonroca.ad\\\/fr\\\/#\\\/schema\\\/logo\\\/image\\\/\"},\"sameAs\":[\"https:\\\/\\\/www.facebook.com\\\/maisonroca\",\"https:\\\/\\\/www.instagram.com\\\/maisonroca\\\/\"]}]}<\/script>\n<meta property=\"product:price:currency\" content=\"EUR\" \/>\n<meta property=\"og:availability\" content=\"instock\" \/>\n<meta property=\"product:availability\" content=\"instock\" \/>\n<meta property=\"product:retailer_item_id\" content=\"H9541\" \/>\n<meta property=\"product:condition\" content=\"new\" \/>\n<!-- \/ Yoast SEO Premium plugin. -->","yoast_head_json":{"title":"MONTRE CHANEL J12 CALIBRE 12.1 EN C\u00c9RAMIQUE NOIRE","description":"D\u00e9couvrez la montre Chanel J12 Calibre 12.1 avec mouvement automatique et bo\u00eetier en c\u00e9ramique noire haute r\u00e9sistance et or jaune 18k.","robots":{"index":"index","follow":"follow","max-snippet":"max-snippet:-1","max-image-preview":"max-image-preview:large","max-video-preview":"max-video-preview:-1"},"canonical":"https:\/\/maisonroca.ad\/fr\/boutique\/montre-chanel-j12-calibre-12-1-de-38-mm-en-ceramique-noire-avec-or-jaune\/","og_locale":"fr_FR","og_type":"article","og_title":"MONTRE CHANEL J12 CALIBRE 12.1 DE 38 MM EN C\u00c9RAMIQUE NOIRE AVEC OR JAUNE","og_description":"D\u00e9couvrez la montre Chanel J12 Calibre 12.1 avec mouvement automatique et bo\u00eetier en c\u00e9ramique noire haute r\u00e9sistance et or jaune 18k.","og_url":"https:\/\/maisonroca.ad\/fr\/boutique\/montre-chanel-j12-calibre-12-1-de-38-mm-en-ceramique-noire-avec-or-jaune\/","og_site_name":"Maison Roca","article_publisher":"https:\/\/www.facebook.com\/maisonroca","article_modified_time":"2025-01-15T10:22:44+00:00","og_image":[{"width":800,"height":800,"url":"https:\/\/maisonroca.ad\/wp-content\/uploads\/2025\/01\/h9541.jpg","type":"image\/jpeg"}],"twitter_card":"summary_large_image","twitter_misc":{"Prix":"","Disponibilit\u00e9":"En stock"},"schema":{"@context":"https:\/\/schema.org","@graph":[{"@type":"WebPage","@id":"https:\/\/maisonroca.ad\/fr\/boutique\/montre-chanel-j12-calibre-12-1-de-38-mm-en-ceramique-noire-avec-or-jaune\/","url":"https:\/\/maisonroca.ad\/fr\/boutique\/montre-chanel-j12-calibre-12-1-de-38-mm-en-ceramique-noire-avec-or-jaune\/","name":"MONTRE CHANEL J12 CALIBRE 12.1 EN C\u00c9RAMIQUE NOIRE","isPartOf":{"@id":"https:\/\/maisonroca.ad\/fr\/#website"},"primaryImageOfPage":{"@id":"https:\/\/maisonroca.ad\/fr\/boutique\/montre-chanel-j12-calibre-12-1-de-38-mm-en-ceramique-noire-avec-or-jaune\/#primaryimage"},"image":{"@id":"https:\/\/maisonroca.ad\/fr\/boutique\/montre-chanel-j12-calibre-12-1-de-38-mm-en-ceramique-noire-avec-or-jaune\/#primaryimage"},"thumbnailUrl":"https:\/\/maisonroca.ad\/wp-content\/uploads\/2025\/01\/h9541.jpg","datePublished":"2025-01-03T08:41:46+00:00","dateModified":"2025-01-15T10:22:44+00:00","description":"D\u00e9couvrez la montre Chanel J12 Calibre 12.1 avec mouvement automatique et bo\u00eetier en c\u00e9ramique noire haute r\u00e9sistance et or jaune 18k.","breadcrumb":{"@id":"https:\/\/maisonroca.ad\/fr\/boutique\/montre-chanel-j12-calibre-12-1-de-38-mm-en-ceramique-noire-avec-or-jaune\/#breadcrumb"},"inLanguage":"fr-FR","potentialAction":[{"@type":"ReadAction","target":["https:\/\/maisonroca.ad\/fr\/boutique\/montre-chanel-j12-calibre-12-1-de-38-mm-en-ceramique-noire-avec-or-jaune\/"]}]},{"@type":"ImageObject","inLanguage":"fr-FR","@id":"https:\/\/maisonroca.ad\/fr\/boutique\/montre-chanel-j12-calibre-12-1-de-38-mm-en-ceramique-noire-avec-or-jaune\/#primaryimage","url":"https:\/\/maisonroca.ad\/wp-content\/uploads\/2025\/01\/h9541.jpg","contentUrl":"https:\/\/maisonroca.ad\/wp-content\/uploads\/2025\/01\/h9541.jpg","width":800,"height":800,"caption":"maison-roca-andorra-chanel-rellotges-j12-automatic-38-mm-ceramica-negra-or-groc"},{"@type":"BreadcrumbList","@id":"https:\/\/maisonroca.ad\/fr\/boutique\/montre-chanel-j12-calibre-12-1-de-38-mm-en-ceramique-noire-avec-or-jaune\/#breadcrumb","itemListElement":[{"@type":"ListItem","position":1,"name":"Portada","item":"https:\/\/maisonroca.ad\/fr\/"},{"@type":"ListItem","position":2,"name":"Botiga","item":"https:\/\/maisonroca.ad\/botiga\/"},{"@type":"ListItem","position":3,"name":"MONTRE CHANEL J12 CALIBRE 12.1 DE 38 MM EN C\u00c9RAMIQUE NOIRE AVEC OR JAUNE"}]},{"@type":"WebSite","@id":"https:\/\/maisonroca.ad\/fr\/#website","url":"https:\/\/maisonroca.ad\/fr\/","name":"Maison Roca","description":"Bold Luxury Life - joieria d&#039;autor - Andorra","publisher":{"@id":"https:\/\/maisonroca.ad\/fr\/#organization"},"potentialAction":[{"@type":"SearchAction","target":{"@type":"EntryPoint","urlTemplate":"https:\/\/maisonroca.ad\/fr\/?s={search_term_string}"},"query-input":{"@type":"PropertyValueSpecification","valueRequired":true,"valueName":"search_term_string"}}],"inLanguage":"fr-FR"},{"@type":"Organization","@id":"https:\/\/maisonroca.ad\/fr\/#organization","name":"Maison Roca","url":"https:\/\/maisonroca.ad\/fr\/","logo":{"@type":"ImageObject","inLanguage":"fr-FR","@id":"https:\/\/maisonroca.ad\/fr\/#\/schema\/logo\/image\/","url":"https:\/\/maisonroca.ad\/wp-content\/uploads\/2023\/10\/icono.png","contentUrl":"https:\/\/maisonroca.ad\/wp-content\/uploads\/2023\/10\/icono.png","width":512,"height":512,"caption":"Maison Roca"},"image":{"@id":"https:\/\/maisonroca.ad\/fr\/#\/schema\/logo\/image\/"},"sameAs":["https:\/\/www.facebook.com\/maisonroca","https:\/\/www.instagram.com\/maisonroca\/"]}]},"product_price_currency":"EUR","og_availability":"instock","product_availability":"instock","product_retailer_item_id":"H9541","product_condition":"new"},"_links":{"self":[{"href":"https:\/\/maisonroca.ad\/fr\/wp-json\/wp\/v2\/product\/68893","targetHints":{"allow":["GET"]}}],"collection":[{"href":"https:\/\/maisonroca.ad\/fr\/wp-json\/wp\/v2\/product"}],"about":[{"href":"https:\/\/maisonroca.ad\/fr\/wp-json\/wp\/v2\/types\/product"}],"replies":[{"embeddable":true,"href":"https:\/\/maisonroca.ad\/fr\/wp-json\/wp\/v2\/comments?post=68893"}],"version-history":[{"count":2,"href":"https:\/\/maisonroca.ad\/fr\/wp-json\/wp\/v2\/product\/68893\/revisions"}],"predecessor-version":[{"id":69230,"href":"https:\/\/maisonroca.ad\/fr\/wp-json\/wp\/v2\/product\/68893\/revisions\/69230"}],"wp:featuredmedia":[{"embeddable":true,"href":"https:\/\/maisonroca.ad\/fr\/wp-json\/wp\/v2\/media\/68888"}],"wp:attachment":[{"href":"https:\/\/maisonroca.ad\/fr\/wp-json\/wp\/v2\/media?parent=68893"}],"wp:term":[{"taxonomy":"product_brand","embeddable":true,"href":"https:\/\/maisonroca.ad\/fr\/wp-json\/wp\/v2\/product_brand?post=68893"},{"taxonomy":"product_cat","embeddable":true,"href":"https:\/\/maisonroca.ad\/fr\/wp-json\/wp\/v2\/product_cat?post=68893"},{"taxonomy":"product_tag","embeddable":true,"href":"https:\/\/maisonroca.ad\/fr\/wp-json\/wp\/v2\/product_tag?post=68893"}],"curies":[{"name":"wp","href":"https:\/\/api.w.org\/{rel}","templated":true}]}}