{"id":68955,"date":"2025-01-03T10:52:19","date_gmt":"2025-01-03T09:52:19","guid":{"rendered":"https:\/\/maisonroca.ad\/?post_type=product&#038;p=68955"},"modified":"2026-02-04T14:27:30","modified_gmt":"2026-02-04T13:27:30","slug":"montre-chanel-j12-calibre-121-de-38-mm-en-ceramique-noire","status":"publish","type":"product","link":"https:\/\/maisonroca.ad\/fr\/boutique\/montre-chanel-j12-calibre-121-de-38-mm-en-ceramique-noire\/","title":{"rendered":"MONTRE CHANEL J12 CALIBRE 12.1 DE 38 MM EN C\u00c9RAMIQUE NOIRE"},"content":{"rendered":"<p>Montre Chanel J12 Calibre 12.1 de 38 mm de diam\u00e8tre avec mouvement automatique. Ce mod\u00e8le pr\u00e9sente un bo\u00eetier en c\u00e9ramique noire haute r\u00e9sistance avec une \u00e9tanch\u00e9it\u00e9 jusqu\u2019\u00e0 200 m\u00e8tres. Le cadran est noir et le bracelet est en c\u00e9ramique noire.<\/p>\n<p>Les montres Chanel subissent des tests rigoureux dans le laboratoire de la Manufacture CHANEL en Suisse afin de r\u00e9pondre aux plus hauts standards d&rsquo;excellence horlog\u00e8re. Un entretien r\u00e9gulier est essentiel pour le bon fonctionnement et l&rsquo;esth\u00e9tique de la montre.<\/p>\n<p>D\u00e9tails :<\/p>\n<ul>\n<li>Bo\u00eetier en c\u00e9ramique noire haute r\u00e9sistance et acier<\/li>\n<li>Bracelet en c\u00e9ramique noire haute r\u00e9sistance<\/li>\n<li>Mouvement automatique Calibre 12.1<\/li>\n<li>Diam\u00e8tre de 38 mm<\/li>\n<li>Cadran noir<\/li>\n<li>\u00c9tanch\u00e9it\u00e9 de 200 m<\/li>\n<li>Fonctions : date, heures, minutes et secondes<\/li>\n<\/ul>\n","protected":false},"excerpt":{"rendered":"<div class=\"flex-1 overflow-hidden @container\/thread\">\n<div class=\"h-full\">\n<div class=\"react-scroll-to-bottom--css-jhszw-79elbk h-full\">\n<div class=\"react-scroll-to-bottom--css-jhszw-1n7m0yu\">\n<div class=\"flex flex-col text-sm\">\n<article class=\"w-full scroll-mb-[var(--thread-trailing-height,150px)] text-token-text-primary focus-visible:outline-2 focus-visible:outline-offset-[-4px]\" dir=\"auto\" data-testid=\"conversation-turn-61\" data-scroll-anchor=\"true\">\n<div class=\"m-auto text-base py-[18px] px-3 md:px-4 w-full md:px-5 lg:px-4 xl:px-5\">\n<div class=\"mx-auto flex flex-1 gap-4 text-base md:gap-5 lg:gap-6 md:max-w-3xl\">\n<div class=\"group\/conversation-turn relative flex w-full min-w-0 flex-col agent-turn\">\n<div class=\"flex-col gap-1 md:gap-3\">\n<div class=\"flex max-w-full flex-col flex-grow\">\n<div class=\"min-h-8 text-message flex w-full flex-col items-end gap-2 whitespace-normal break-words text-start [.text-message+&amp;]:mt-5\" dir=\"auto\" data-message-author-role=\"assistant\" data-message-id=\"71df3339-26f5-4c5a-84b0-477e394ad98e\" data-message-model-slug=\"gpt-4o-mini\">\n<div class=\"flex w-full flex-col gap-1 empty:hidden first:pt-[3px]\">\n<div class=\"markdown prose w-full break-words dark:prose-invert light\">\n<p>Montre Chanel J12 Calibre 12.1 de 38 mm avec mouvement automatique. Bo\u00eetier en c\u00e9ramique noire haute r\u00e9sistance, cadran noir et bracelet en c\u00e9ramique, avec \u00e9tanch\u00e9it\u00e9 jusqu&rsquo;\u00e0 200 m\u00e8tres.<\/p>\n<\/div>\n<\/div>\n<\/div>\n<\/div>\n<div class=\"mb-2 flex gap-3 empty:hidden -ml-2\">\n<div class=\"items-center justify-start rounded-xl p-1 flex\">\n<div class=\"flex items-center\"><\/div>\n<\/div>\n<\/div>\n<div class=\"pr-2 lg:pr-0\"><\/div>\n<div class=\"mt-3 w-full empty:hidden\">\n<div class=\"text-center\"><\/div>\n<\/div>\n<\/div>\n<div class=\"absolute\">\n<div class=\"flex items-center justify-center\"><\/div>\n<\/div>\n<\/div>\n<\/div>\n<\/div>\n<\/article>\n<\/div>\n<\/div>\n<\/div>\n<\/div>\n<\/div>\n<div class=\"md:pt-0 dark:border-white\/20 md:border-transparent md:dark:border-transparent w-full\">\n<div>\n<div class=\"m-auto text-base px-3 md:px-4 w-full md:px-5 lg:px-4 xl:px-5\">\n<div class=\"mx-auto flex flex-1 gap-4 text-base md:gap-5 lg:gap-6 md:max-w-3xl\">\n<div class=\"flex justify-center\"><\/div>\n<\/div>\n<\/div>\n<\/div>\n<\/div>\n","protected":false},"featured_media":68949,"comment_status":"open","ping_status":"closed","template":"","meta":{"_acf_changed":false,"_monsterinsights_skip_tracking":false,"_monsterinsights_sitenote_active":false,"_monsterinsights_sitenote_note":"","_monsterinsights_sitenote_category":0},"product_brand":[],"product_cat":[2613,1245],"product_tag":[2889,2568,2457,2680,2894],"class_list":{"0":"post-68955","1":"product","2":"type-product","3":"status-publish","4":"has-post-thumbnail","6":"product_cat-chanel-fr","7":"product_cat-montres","8":"product_tag-automatic-fr","9":"product_tag-chanel-fr","10":"product_tag-de-100-a-300-metres-2","11":"product_tag-dona-fr","12":"product_tag-rellotges-fr","14":"first","15":"instock","16":"shipping-taxable","17":"purchasable","18":"product-type-simple"},"acf":[],"yoast_head":"<!-- This site is optimized with the Yoast SEO Premium plugin v26.8 (Yoast SEO v27.4) - https:\/\/yoast.com\/product\/yoast-seo-premium-wordpress\/ -->\n<title>MONTRE CHANEL J12 CALIBRE 12.1 EN C\u00c9RAMIQUE NOIRE<\/title>\n<meta name=\"description\" content=\"D\u00e9couvrez la Montre Chanel J12 Calibre 12.1 avec mouvement automatique, bo\u00eetier en c\u00e9ramique de 38 mm, cadran noir et bracelet en c\u00e9ramique.\" \/>\n<meta name=\"robots\" content=\"index, follow, max-snippet:-1, max-image-preview:large, max-video-preview:-1\" \/>\n<link rel=\"canonical\" href=\"https:\/\/maisonroca.ad\/fr\/boutique\/montre-chanel-j12-calibre-121-de-38-mm-en-ceramique-noire\/\" \/>\n<meta property=\"og:locale\" content=\"fr_FR\" \/>\n<meta property=\"og:type\" content=\"article\" \/>\n<meta property=\"og:title\" content=\"MONTRE CHANEL J12 CALIBRE 12.1 DE 38 MM EN C\u00c9RAMIQUE NOIRE\" \/>\n<meta property=\"og:description\" content=\"D\u00e9couvrez la Montre Chanel J12 Calibre 12.1 avec mouvement automatique, bo\u00eetier en c\u00e9ramique de 38 mm, cadran noir et bracelet en c\u00e9ramique.\" \/>\n<meta property=\"og:url\" content=\"https:\/\/maisonroca.ad\/fr\/boutique\/montre-chanel-j12-calibre-121-de-38-mm-en-ceramique-noire\/\" \/>\n<meta property=\"og:site_name\" content=\"Maison Roca\" \/>\n<meta property=\"article:publisher\" content=\"https:\/\/www.facebook.com\/maisonroca\" \/>\n<meta property=\"article:modified_time\" content=\"2026-02-04T13:27:30+00:00\" \/>\n<meta property=\"og:image\" content=\"https:\/\/maisonroca.ad\/wp-content\/uploads\/2025\/01\/h5697.jpg\" \/>\n\t<meta property=\"og:image:width\" content=\"800\" \/>\n\t<meta property=\"og:image:height\" content=\"800\" \/>\n\t<meta property=\"og:image:type\" content=\"image\/jpeg\" \/>\n<meta name=\"twitter:card\" content=\"summary_large_image\" \/>\n<meta name=\"twitter:label1\" content=\"Prix\" \/>\n\t<meta name=\"twitter:data1\" content=\"7.200,00&nbsp;&euro;\" \/>\n\t<meta name=\"twitter:label2\" content=\"Disponibilit\u00e9\" \/>\n\t<meta name=\"twitter:data2\" content=\"En stock\" \/>\n<script type=\"application\/ld+json\" class=\"yoast-schema-graph\">{\"@context\":\"https:\\\/\\\/schema.org\",\"@graph\":[{\"@type\":\"WebPage\",\"@id\":\"https:\\\/\\\/maisonroca.ad\\\/fr\\\/boutique\\\/montre-chanel-j12-calibre-121-de-38-mm-en-ceramique-noire\\\/\",\"url\":\"https:\\\/\\\/maisonroca.ad\\\/fr\\\/boutique\\\/montre-chanel-j12-calibre-121-de-38-mm-en-ceramique-noire\\\/\",\"name\":\"MONTRE CHANEL J12 CALIBRE 12.1 EN C\u00c9RAMIQUE NOIRE\",\"isPartOf\":{\"@id\":\"https:\\\/\\\/maisonroca.ad\\\/fr\\\/#website\"},\"primaryImageOfPage\":{\"@id\":\"https:\\\/\\\/maisonroca.ad\\\/fr\\\/boutique\\\/montre-chanel-j12-calibre-121-de-38-mm-en-ceramique-noire\\\/#primaryimage\"},\"image\":{\"@id\":\"https:\\\/\\\/maisonroca.ad\\\/fr\\\/boutique\\\/montre-chanel-j12-calibre-121-de-38-mm-en-ceramique-noire\\\/#primaryimage\"},\"thumbnailUrl\":\"https:\\\/\\\/maisonroca.ad\\\/wp-content\\\/uploads\\\/2025\\\/01\\\/h5697.jpg\",\"datePublished\":\"2025-01-03T09:52:19+00:00\",\"dateModified\":\"2026-02-04T13:27:30+00:00\",\"description\":\"D\u00e9couvrez la Montre Chanel J12 Calibre 12.1 avec mouvement automatique, bo\u00eetier en c\u00e9ramique de 38 mm, cadran noir et bracelet en c\u00e9ramique.\",\"breadcrumb\":{\"@id\":\"https:\\\/\\\/maisonroca.ad\\\/fr\\\/boutique\\\/montre-chanel-j12-calibre-121-de-38-mm-en-ceramique-noire\\\/#breadcrumb\"},\"inLanguage\":\"fr-FR\",\"potentialAction\":[{\"@type\":\"ReadAction\",\"target\":[\"https:\\\/\\\/maisonroca.ad\\\/fr\\\/boutique\\\/montre-chanel-j12-calibre-121-de-38-mm-en-ceramique-noire\\\/\"]}]},{\"@type\":\"ImageObject\",\"inLanguage\":\"fr-FR\",\"@id\":\"https:\\\/\\\/maisonroca.ad\\\/fr\\\/boutique\\\/montre-chanel-j12-calibre-121-de-38-mm-en-ceramique-noire\\\/#primaryimage\",\"url\":\"https:\\\/\\\/maisonroca.ad\\\/wp-content\\\/uploads\\\/2025\\\/01\\\/h5697.jpg\",\"contentUrl\":\"https:\\\/\\\/maisonroca.ad\\\/wp-content\\\/uploads\\\/2025\\\/01\\\/h5697.jpg\",\"width\":800,\"height\":800,\"caption\":\"maison-roca-andorra-chanel-rellotges-j12-calibre-12.1-automatic-38-mm-ceramica-negra\"},{\"@type\":\"BreadcrumbList\",\"@id\":\"https:\\\/\\\/maisonroca.ad\\\/fr\\\/boutique\\\/montre-chanel-j12-calibre-121-de-38-mm-en-ceramique-noire\\\/#breadcrumb\",\"itemListElement\":[{\"@type\":\"ListItem\",\"position\":1,\"name\":\"Portada\",\"item\":\"https:\\\/\\\/maisonroca.ad\\\/fr\\\/\"},{\"@type\":\"ListItem\",\"position\":2,\"name\":\"Botiga\",\"item\":\"https:\\\/\\\/maisonroca.ad\\\/botiga\\\/\"},{\"@type\":\"ListItem\",\"position\":3,\"name\":\"MONTRE CHANEL J12 CALIBRE 12.1 DE 38 MM EN C\u00c9RAMIQUE NOIRE\"}]},{\"@type\":\"WebSite\",\"@id\":\"https:\\\/\\\/maisonroca.ad\\\/fr\\\/#website\",\"url\":\"https:\\\/\\\/maisonroca.ad\\\/fr\\\/\",\"name\":\"Maison Roca\",\"description\":\"Bold Luxury Life - joieria d&#039;autor - Andorra\",\"publisher\":{\"@id\":\"https:\\\/\\\/maisonroca.ad\\\/fr\\\/#organization\"},\"potentialAction\":[{\"@type\":\"SearchAction\",\"target\":{\"@type\":\"EntryPoint\",\"urlTemplate\":\"https:\\\/\\\/maisonroca.ad\\\/fr\\\/?s={search_term_string}\"},\"query-input\":{\"@type\":\"PropertyValueSpecification\",\"valueRequired\":true,\"valueName\":\"search_term_string\"}}],\"inLanguage\":\"fr-FR\"},{\"@type\":\"Organization\",\"@id\":\"https:\\\/\\\/maisonroca.ad\\\/fr\\\/#organization\",\"name\":\"Maison Roca\",\"url\":\"https:\\\/\\\/maisonroca.ad\\\/fr\\\/\",\"logo\":{\"@type\":\"ImageObject\",\"inLanguage\":\"fr-FR\",\"@id\":\"https:\\\/\\\/maisonroca.ad\\\/fr\\\/#\\\/schema\\\/logo\\\/image\\\/\",\"url\":\"https:\\\/\\\/maisonroca.ad\\\/wp-content\\\/uploads\\\/2023\\\/10\\\/icono.png\",\"contentUrl\":\"https:\\\/\\\/maisonroca.ad\\\/wp-content\\\/uploads\\\/2023\\\/10\\\/icono.png\",\"width\":512,\"height\":512,\"caption\":\"Maison Roca\"},\"image\":{\"@id\":\"https:\\\/\\\/maisonroca.ad\\\/fr\\\/#\\\/schema\\\/logo\\\/image\\\/\"},\"sameAs\":[\"https:\\\/\\\/www.facebook.com\\\/maisonroca\",\"https:\\\/\\\/www.instagram.com\\\/maisonroca\\\/\"]}]}<\/script>\n<meta property=\"product:price:amount\" content=\"7200.00\" \/>\n<meta property=\"product:price:currency\" content=\"EUR\" \/>\n<meta property=\"og:availability\" content=\"instock\" \/>\n<meta property=\"product:availability\" content=\"instock\" \/>\n<meta property=\"product:retailer_item_id\" content=\"H5697\" \/>\n<meta property=\"product:condition\" content=\"new\" \/>\n<!-- \/ Yoast SEO Premium plugin. -->","yoast_head_json":{"title":"MONTRE CHANEL J12 CALIBRE 12.1 EN C\u00c9RAMIQUE NOIRE","description":"D\u00e9couvrez la Montre Chanel J12 Calibre 12.1 avec mouvement automatique, bo\u00eetier en c\u00e9ramique de 38 mm, cadran noir et bracelet en c\u00e9ramique.","robots":{"index":"index","follow":"follow","max-snippet":"max-snippet:-1","max-image-preview":"max-image-preview:large","max-video-preview":"max-video-preview:-1"},"canonical":"https:\/\/maisonroca.ad\/fr\/boutique\/montre-chanel-j12-calibre-121-de-38-mm-en-ceramique-noire\/","og_locale":"fr_FR","og_type":"article","og_title":"MONTRE CHANEL J12 CALIBRE 12.1 DE 38 MM EN C\u00c9RAMIQUE NOIRE","og_description":"D\u00e9couvrez la Montre Chanel J12 Calibre 12.1 avec mouvement automatique, bo\u00eetier en c\u00e9ramique de 38 mm, cadran noir et bracelet en c\u00e9ramique.","og_url":"https:\/\/maisonroca.ad\/fr\/boutique\/montre-chanel-j12-calibre-121-de-38-mm-en-ceramique-noire\/","og_site_name":"Maison Roca","article_publisher":"https:\/\/www.facebook.com\/maisonroca","article_modified_time":"2026-02-04T13:27:30+00:00","og_image":[{"width":800,"height":800,"url":"https:\/\/maisonroca.ad\/wp-content\/uploads\/2025\/01\/h5697.jpg","type":"image\/jpeg"}],"twitter_card":"summary_large_image","twitter_misc":{"Prix":"7.200,00&nbsp;&euro;","Disponibilit\u00e9":"En stock"},"schema":{"@context":"https:\/\/schema.org","@graph":[{"@type":"WebPage","@id":"https:\/\/maisonroca.ad\/fr\/boutique\/montre-chanel-j12-calibre-121-de-38-mm-en-ceramique-noire\/","url":"https:\/\/maisonroca.ad\/fr\/boutique\/montre-chanel-j12-calibre-121-de-38-mm-en-ceramique-noire\/","name":"MONTRE CHANEL J12 CALIBRE 12.1 EN C\u00c9RAMIQUE NOIRE","isPartOf":{"@id":"https:\/\/maisonroca.ad\/fr\/#website"},"primaryImageOfPage":{"@id":"https:\/\/maisonroca.ad\/fr\/boutique\/montre-chanel-j12-calibre-121-de-38-mm-en-ceramique-noire\/#primaryimage"},"image":{"@id":"https:\/\/maisonroca.ad\/fr\/boutique\/montre-chanel-j12-calibre-121-de-38-mm-en-ceramique-noire\/#primaryimage"},"thumbnailUrl":"https:\/\/maisonroca.ad\/wp-content\/uploads\/2025\/01\/h5697.jpg","datePublished":"2025-01-03T09:52:19+00:00","dateModified":"2026-02-04T13:27:30+00:00","description":"D\u00e9couvrez la Montre Chanel J12 Calibre 12.1 avec mouvement automatique, bo\u00eetier en c\u00e9ramique de 38 mm, cadran noir et bracelet en c\u00e9ramique.","breadcrumb":{"@id":"https:\/\/maisonroca.ad\/fr\/boutique\/montre-chanel-j12-calibre-121-de-38-mm-en-ceramique-noire\/#breadcrumb"},"inLanguage":"fr-FR","potentialAction":[{"@type":"ReadAction","target":["https:\/\/maisonroca.ad\/fr\/boutique\/montre-chanel-j12-calibre-121-de-38-mm-en-ceramique-noire\/"]}]},{"@type":"ImageObject","inLanguage":"fr-FR","@id":"https:\/\/maisonroca.ad\/fr\/boutique\/montre-chanel-j12-calibre-121-de-38-mm-en-ceramique-noire\/#primaryimage","url":"https:\/\/maisonroca.ad\/wp-content\/uploads\/2025\/01\/h5697.jpg","contentUrl":"https:\/\/maisonroca.ad\/wp-content\/uploads\/2025\/01\/h5697.jpg","width":800,"height":800,"caption":"maison-roca-andorra-chanel-rellotges-j12-calibre-12.1-automatic-38-mm-ceramica-negra"},{"@type":"BreadcrumbList","@id":"https:\/\/maisonroca.ad\/fr\/boutique\/montre-chanel-j12-calibre-121-de-38-mm-en-ceramique-noire\/#breadcrumb","itemListElement":[{"@type":"ListItem","position":1,"name":"Portada","item":"https:\/\/maisonroca.ad\/fr\/"},{"@type":"ListItem","position":2,"name":"Botiga","item":"https:\/\/maisonroca.ad\/botiga\/"},{"@type":"ListItem","position":3,"name":"MONTRE CHANEL J12 CALIBRE 12.1 DE 38 MM EN C\u00c9RAMIQUE NOIRE"}]},{"@type":"WebSite","@id":"https:\/\/maisonroca.ad\/fr\/#website","url":"https:\/\/maisonroca.ad\/fr\/","name":"Maison Roca","description":"Bold Luxury Life - joieria d&#039;autor - Andorra","publisher":{"@id":"https:\/\/maisonroca.ad\/fr\/#organization"},"potentialAction":[{"@type":"SearchAction","target":{"@type":"EntryPoint","urlTemplate":"https:\/\/maisonroca.ad\/fr\/?s={search_term_string}"},"query-input":{"@type":"PropertyValueSpecification","valueRequired":true,"valueName":"search_term_string"}}],"inLanguage":"fr-FR"},{"@type":"Organization","@id":"https:\/\/maisonroca.ad\/fr\/#organization","name":"Maison Roca","url":"https:\/\/maisonroca.ad\/fr\/","logo":{"@type":"ImageObject","inLanguage":"fr-FR","@id":"https:\/\/maisonroca.ad\/fr\/#\/schema\/logo\/image\/","url":"https:\/\/maisonroca.ad\/wp-content\/uploads\/2023\/10\/icono.png","contentUrl":"https:\/\/maisonroca.ad\/wp-content\/uploads\/2023\/10\/icono.png","width":512,"height":512,"caption":"Maison Roca"},"image":{"@id":"https:\/\/maisonroca.ad\/fr\/#\/schema\/logo\/image\/"},"sameAs":["https:\/\/www.facebook.com\/maisonroca","https:\/\/www.instagram.com\/maisonroca\/"]}]},"product_price_amount":"7200.00","product_price_currency":"EUR","og_availability":"instock","product_availability":"instock","product_retailer_item_id":"H5697","product_condition":"new"},"_links":{"self":[{"href":"https:\/\/maisonroca.ad\/fr\/wp-json\/wp\/v2\/product\/68955","targetHints":{"allow":["GET"]}}],"collection":[{"href":"https:\/\/maisonroca.ad\/fr\/wp-json\/wp\/v2\/product"}],"about":[{"href":"https:\/\/maisonroca.ad\/fr\/wp-json\/wp\/v2\/types\/product"}],"replies":[{"embeddable":true,"href":"https:\/\/maisonroca.ad\/fr\/wp-json\/wp\/v2\/comments?post=68955"}],"version-history":[{"count":4,"href":"https:\/\/maisonroca.ad\/fr\/wp-json\/wp\/v2\/product\/68955\/revisions"}],"predecessor-version":[{"id":83809,"href":"https:\/\/maisonroca.ad\/fr\/wp-json\/wp\/v2\/product\/68955\/revisions\/83809"}],"wp:featuredmedia":[{"embeddable":true,"href":"https:\/\/maisonroca.ad\/fr\/wp-json\/wp\/v2\/media\/68949"}],"wp:attachment":[{"href":"https:\/\/maisonroca.ad\/fr\/wp-json\/wp\/v2\/media?parent=68955"}],"wp:term":[{"taxonomy":"product_brand","embeddable":true,"href":"https:\/\/maisonroca.ad\/fr\/wp-json\/wp\/v2\/product_brand?post=68955"},{"taxonomy":"product_cat","embeddable":true,"href":"https:\/\/maisonroca.ad\/fr\/wp-json\/wp\/v2\/product_cat?post=68955"},{"taxonomy":"product_tag","embeddable":true,"href":"https:\/\/maisonroca.ad\/fr\/wp-json\/wp\/v2\/product_tag?post=68955"}],"curies":[{"name":"wp","href":"https:\/\/api.w.org\/{rel}","templated":true}]}}