{"id":68972,"date":"2025-01-03T11:12:11","date_gmt":"2025-01-03T10:12:11","guid":{"rendered":"https:\/\/maisonroca.ad\/?post_type=product&#038;p=68972"},"modified":"2025-01-15T09:37:32","modified_gmt":"2025-01-15T08:37:32","slug":"montre-chanel-j12-phantom-calibre-12-1-de-38-mm-en-ceramique-noire","status":"publish","type":"product","link":"https:\/\/maisonroca.ad\/fr\/boutique\/montre-chanel-j12-phantom-calibre-12-1-de-38-mm-en-ceramique-noire\/","title":{"rendered":"MONTRE CHANEL J12 PHANTOM CALIBRE 12.1 DE 38 MM EN C\u00c9RAMIQUE NOIRE"},"content":{"rendered":"<p>Montre Chanel J12 Phantom de 38 mm de diam\u00e8tre avec mouvement automatique et Calibre 12.1. Ce mod\u00e8le pr\u00e9sente un bo\u00eetier en c\u00e9ramique haute r\u00e9sistance avec une \u00e9tanch\u00e9it\u00e9 jusqu\u2019\u00e0 200 m\u00e8tres. Le cadran est noir, et le bracelet en c\u00e9ramique noire dispose d&rsquo;une boucle d\u00e9ployante.<\/p>\n<p>Les montres Chanel subissent des tests rigoureux dans le laboratoire de la Manufacture CHANEL en Suisse pour r\u00e9pondre aux plus hauts standards d&rsquo;excellence horlog\u00e8re. Un entretien r\u00e9gulier est essentiel pour le bon fonctionnement et l&rsquo;esth\u00e9tique de la montre.<\/p>\n<p>D\u00e9tails:<\/p>\n<ul>\n<li>Bo\u00eetier en c\u00e9ramique haute r\u00e9sistance noire et acier<\/li>\n<li>Bracelet en c\u00e9ramique haute r\u00e9sistance noire avec boucle d\u00e9ployante<\/li>\n<li>Mouvement automatique Calibre 12.1<\/li>\n<li>Diam\u00e8tre de 38 mm<\/li>\n<li>Cadran noir<\/li>\n<li>\u00c9tanch\u00e9it\u00e9 de 200 m<\/li>\n<li>Fonctions : heures, minutes et secondes<\/li>\n<\/ul>\n","protected":false},"excerpt":{"rendered":"<p>Montre Chanel J12 Phantom avec mouvement automatique Calibre 12.1, r\u00e9serve de marche et bo\u00eetier en c\u00e9ramique de 38 mm avec \u00e9tanch\u00e9it\u00e9 jusqu&rsquo;\u00e0 200 m. Le cadran est noir et le bracelet en c\u00e9ramique dispose d&rsquo;une boucle d\u00e9ployante.<\/p>\n","protected":false},"featured_media":68963,"comment_status":"open","ping_status":"closed","template":"","meta":{"_acf_changed":false,"_monsterinsights_skip_tracking":false,"_monsterinsights_sitenote_active":false,"_monsterinsights_sitenote_note":"","_monsterinsights_sitenote_category":0},"product_brand":[],"product_cat":[2613,1245],"product_tag":[2889,2568,2457,2680,2894],"class_list":{"0":"post-68972","1":"product","2":"type-product","3":"status-publish","4":"has-post-thumbnail","6":"product_cat-chanel-fr","7":"product_cat-montres","8":"product_tag-automatic-fr","9":"product_tag-chanel-fr","10":"product_tag-de-100-a-300-metres-2","11":"product_tag-dona-fr","12":"product_tag-rellotges-fr","14":"first","15":"instock","16":"shipping-taxable","17":"purchasable","18":"product-type-simple"},"acf":[],"yoast_head":"<!-- This site is optimized with the Yoast SEO Premium plugin v26.8 (Yoast SEO v27.4) - https:\/\/yoast.com\/product\/yoast-seo-premium-wordpress\/ -->\n<title>MONTRE CHANEL J12 PHANTOM<\/title>\n<meta name=\"description\" content=\"D\u00e9couvrez la Montre Chanel J12 Phantom avec mouvement automatique Calibre 12.1, bo\u00eetier en c\u00e9ramique de 38 mm, cadran noir et bracelet en c\u00e9ramique.\" \/>\n<meta name=\"robots\" content=\"index, follow, max-snippet:-1, max-image-preview:large, max-video-preview:-1\" \/>\n<link rel=\"canonical\" href=\"https:\/\/maisonroca.ad\/fr\/boutique\/montre-chanel-j12-phantom-calibre-12-1-de-38-mm-en-ceramique-noire\/\" \/>\n<meta property=\"og:locale\" content=\"fr_FR\" \/>\n<meta property=\"og:type\" content=\"article\" \/>\n<meta property=\"og:title\" content=\"MONTRE CHANEL J12 PHANTOM CALIBRE 12.1 DE 38 MM EN C\u00c9RAMIQUE NOIRE\" \/>\n<meta property=\"og:description\" content=\"D\u00e9couvrez la Montre Chanel J12 Phantom avec mouvement automatique Calibre 12.1, bo\u00eetier en c\u00e9ramique de 38 mm, cadran noir et bracelet en c\u00e9ramique.\" \/>\n<meta property=\"og:url\" content=\"https:\/\/maisonroca.ad\/fr\/boutique\/montre-chanel-j12-phantom-calibre-12-1-de-38-mm-en-ceramique-noire\/\" \/>\n<meta property=\"og:site_name\" content=\"Maison Roca\" \/>\n<meta property=\"article:publisher\" content=\"https:\/\/www.facebook.com\/maisonroca\" \/>\n<meta property=\"article:modified_time\" content=\"2025-01-15T08:37:32+00:00\" \/>\n<meta property=\"og:image\" content=\"https:\/\/maisonroca.ad\/wp-content\/uploads\/2025\/01\/h6185.jpg\" \/>\n\t<meta property=\"og:image:width\" content=\"1280\" \/>\n\t<meta property=\"og:image:height\" content=\"1280\" \/>\n\t<meta property=\"og:image:type\" content=\"image\/jpeg\" \/>\n<meta name=\"twitter:card\" content=\"summary_large_image\" \/>\n<meta name=\"twitter:label1\" content=\"Prix\" \/>\n\t<meta name=\"twitter:data1\" content=\"7.740,00&nbsp;&euro;\" \/>\n\t<meta name=\"twitter:label2\" content=\"Disponibilit\u00e9\" \/>\n\t<meta name=\"twitter:data2\" content=\"En stock\" \/>\n<script type=\"application\/ld+json\" class=\"yoast-schema-graph\">{\"@context\":\"https:\\\/\\\/schema.org\",\"@graph\":[{\"@type\":\"WebPage\",\"@id\":\"https:\\\/\\\/maisonroca.ad\\\/fr\\\/boutique\\\/montre-chanel-j12-phantom-calibre-12-1-de-38-mm-en-ceramique-noire\\\/\",\"url\":\"https:\\\/\\\/maisonroca.ad\\\/fr\\\/boutique\\\/montre-chanel-j12-phantom-calibre-12-1-de-38-mm-en-ceramique-noire\\\/\",\"name\":\"MONTRE CHANEL J12 PHANTOM\",\"isPartOf\":{\"@id\":\"https:\\\/\\\/maisonroca.ad\\\/fr\\\/#website\"},\"primaryImageOfPage\":{\"@id\":\"https:\\\/\\\/maisonroca.ad\\\/fr\\\/boutique\\\/montre-chanel-j12-phantom-calibre-12-1-de-38-mm-en-ceramique-noire\\\/#primaryimage\"},\"image\":{\"@id\":\"https:\\\/\\\/maisonroca.ad\\\/fr\\\/boutique\\\/montre-chanel-j12-phantom-calibre-12-1-de-38-mm-en-ceramique-noire\\\/#primaryimage\"},\"thumbnailUrl\":\"https:\\\/\\\/maisonroca.ad\\\/wp-content\\\/uploads\\\/2025\\\/01\\\/h6185.jpg\",\"datePublished\":\"2025-01-03T10:12:11+00:00\",\"dateModified\":\"2025-01-15T08:37:32+00:00\",\"description\":\"D\u00e9couvrez la Montre Chanel J12 Phantom avec mouvement automatique Calibre 12.1, bo\u00eetier en c\u00e9ramique de 38 mm, cadran noir et bracelet en c\u00e9ramique.\",\"breadcrumb\":{\"@id\":\"https:\\\/\\\/maisonroca.ad\\\/fr\\\/boutique\\\/montre-chanel-j12-phantom-calibre-12-1-de-38-mm-en-ceramique-noire\\\/#breadcrumb\"},\"inLanguage\":\"fr-FR\",\"potentialAction\":[{\"@type\":\"ReadAction\",\"target\":[\"https:\\\/\\\/maisonroca.ad\\\/fr\\\/boutique\\\/montre-chanel-j12-phantom-calibre-12-1-de-38-mm-en-ceramique-noire\\\/\"]}]},{\"@type\":\"ImageObject\",\"inLanguage\":\"fr-FR\",\"@id\":\"https:\\\/\\\/maisonroca.ad\\\/fr\\\/boutique\\\/montre-chanel-j12-phantom-calibre-12-1-de-38-mm-en-ceramique-noire\\\/#primaryimage\",\"url\":\"https:\\\/\\\/maisonroca.ad\\\/wp-content\\\/uploads\\\/2025\\\/01\\\/h6185.jpg\",\"contentUrl\":\"https:\\\/\\\/maisonroca.ad\\\/wp-content\\\/uploads\\\/2025\\\/01\\\/h6185.jpg\",\"width\":1280,\"height\":1280,\"caption\":\"maison-roca-andorra-chanel-rellotges-j12-phantom-calibre-12.1-automatic-38-mm-ceramica-negra\"},{\"@type\":\"BreadcrumbList\",\"@id\":\"https:\\\/\\\/maisonroca.ad\\\/fr\\\/boutique\\\/montre-chanel-j12-phantom-calibre-12-1-de-38-mm-en-ceramique-noire\\\/#breadcrumb\",\"itemListElement\":[{\"@type\":\"ListItem\",\"position\":1,\"name\":\"Portada\",\"item\":\"https:\\\/\\\/maisonroca.ad\\\/fr\\\/\"},{\"@type\":\"ListItem\",\"position\":2,\"name\":\"Botiga\",\"item\":\"https:\\\/\\\/maisonroca.ad\\\/botiga\\\/\"},{\"@type\":\"ListItem\",\"position\":3,\"name\":\"MONTRE CHANEL J12 PHANTOM CALIBRE 12.1 DE 38 MM EN C\u00c9RAMIQUE NOIRE\"}]},{\"@type\":\"WebSite\",\"@id\":\"https:\\\/\\\/maisonroca.ad\\\/fr\\\/#website\",\"url\":\"https:\\\/\\\/maisonroca.ad\\\/fr\\\/\",\"name\":\"Maison Roca\",\"description\":\"Bold Luxury Life - joieria d&#039;autor - Andorra\",\"publisher\":{\"@id\":\"https:\\\/\\\/maisonroca.ad\\\/fr\\\/#organization\"},\"potentialAction\":[{\"@type\":\"SearchAction\",\"target\":{\"@type\":\"EntryPoint\",\"urlTemplate\":\"https:\\\/\\\/maisonroca.ad\\\/fr\\\/?s={search_term_string}\"},\"query-input\":{\"@type\":\"PropertyValueSpecification\",\"valueRequired\":true,\"valueName\":\"search_term_string\"}}],\"inLanguage\":\"fr-FR\"},{\"@type\":\"Organization\",\"@id\":\"https:\\\/\\\/maisonroca.ad\\\/fr\\\/#organization\",\"name\":\"Maison Roca\",\"url\":\"https:\\\/\\\/maisonroca.ad\\\/fr\\\/\",\"logo\":{\"@type\":\"ImageObject\",\"inLanguage\":\"fr-FR\",\"@id\":\"https:\\\/\\\/maisonroca.ad\\\/fr\\\/#\\\/schema\\\/logo\\\/image\\\/\",\"url\":\"https:\\\/\\\/maisonroca.ad\\\/wp-content\\\/uploads\\\/2023\\\/10\\\/icono.png\",\"contentUrl\":\"https:\\\/\\\/maisonroca.ad\\\/wp-content\\\/uploads\\\/2023\\\/10\\\/icono.png\",\"width\":512,\"height\":512,\"caption\":\"Maison Roca\"},\"image\":{\"@id\":\"https:\\\/\\\/maisonroca.ad\\\/fr\\\/#\\\/schema\\\/logo\\\/image\\\/\"},\"sameAs\":[\"https:\\\/\\\/www.facebook.com\\\/maisonroca\",\"https:\\\/\\\/www.instagram.com\\\/maisonroca\\\/\"]}]}<\/script>\n<meta property=\"product:price:amount\" content=\"7740.00\" \/>\n<meta property=\"product:price:currency\" content=\"EUR\" \/>\n<meta property=\"og:availability\" content=\"instock\" \/>\n<meta property=\"product:availability\" content=\"instock\" \/>\n<meta property=\"product:retailer_item_id\" content=\"H6185\" \/>\n<meta property=\"product:condition\" content=\"new\" \/>\n<!-- \/ Yoast SEO Premium plugin. -->","yoast_head_json":{"title":"MONTRE CHANEL J12 PHANTOM","description":"D\u00e9couvrez la Montre Chanel J12 Phantom avec mouvement automatique Calibre 12.1, bo\u00eetier en c\u00e9ramique de 38 mm, cadran noir et bracelet en c\u00e9ramique.","robots":{"index":"index","follow":"follow","max-snippet":"max-snippet:-1","max-image-preview":"max-image-preview:large","max-video-preview":"max-video-preview:-1"},"canonical":"https:\/\/maisonroca.ad\/fr\/boutique\/montre-chanel-j12-phantom-calibre-12-1-de-38-mm-en-ceramique-noire\/","og_locale":"fr_FR","og_type":"article","og_title":"MONTRE CHANEL J12 PHANTOM CALIBRE 12.1 DE 38 MM EN C\u00c9RAMIQUE NOIRE","og_description":"D\u00e9couvrez la Montre Chanel J12 Phantom avec mouvement automatique Calibre 12.1, bo\u00eetier en c\u00e9ramique de 38 mm, cadran noir et bracelet en c\u00e9ramique.","og_url":"https:\/\/maisonroca.ad\/fr\/boutique\/montre-chanel-j12-phantom-calibre-12-1-de-38-mm-en-ceramique-noire\/","og_site_name":"Maison Roca","article_publisher":"https:\/\/www.facebook.com\/maisonroca","article_modified_time":"2025-01-15T08:37:32+00:00","og_image":[{"width":1280,"height":1280,"url":"https:\/\/maisonroca.ad\/wp-content\/uploads\/2025\/01\/h6185.jpg","type":"image\/jpeg"}],"twitter_card":"summary_large_image","twitter_misc":{"Prix":"7.740,00&nbsp;&euro;","Disponibilit\u00e9":"En stock"},"schema":{"@context":"https:\/\/schema.org","@graph":[{"@type":"WebPage","@id":"https:\/\/maisonroca.ad\/fr\/boutique\/montre-chanel-j12-phantom-calibre-12-1-de-38-mm-en-ceramique-noire\/","url":"https:\/\/maisonroca.ad\/fr\/boutique\/montre-chanel-j12-phantom-calibre-12-1-de-38-mm-en-ceramique-noire\/","name":"MONTRE CHANEL J12 PHANTOM","isPartOf":{"@id":"https:\/\/maisonroca.ad\/fr\/#website"},"primaryImageOfPage":{"@id":"https:\/\/maisonroca.ad\/fr\/boutique\/montre-chanel-j12-phantom-calibre-12-1-de-38-mm-en-ceramique-noire\/#primaryimage"},"image":{"@id":"https:\/\/maisonroca.ad\/fr\/boutique\/montre-chanel-j12-phantom-calibre-12-1-de-38-mm-en-ceramique-noire\/#primaryimage"},"thumbnailUrl":"https:\/\/maisonroca.ad\/wp-content\/uploads\/2025\/01\/h6185.jpg","datePublished":"2025-01-03T10:12:11+00:00","dateModified":"2025-01-15T08:37:32+00:00","description":"D\u00e9couvrez la Montre Chanel J12 Phantom avec mouvement automatique Calibre 12.1, bo\u00eetier en c\u00e9ramique de 38 mm, cadran noir et bracelet en c\u00e9ramique.","breadcrumb":{"@id":"https:\/\/maisonroca.ad\/fr\/boutique\/montre-chanel-j12-phantom-calibre-12-1-de-38-mm-en-ceramique-noire\/#breadcrumb"},"inLanguage":"fr-FR","potentialAction":[{"@type":"ReadAction","target":["https:\/\/maisonroca.ad\/fr\/boutique\/montre-chanel-j12-phantom-calibre-12-1-de-38-mm-en-ceramique-noire\/"]}]},{"@type":"ImageObject","inLanguage":"fr-FR","@id":"https:\/\/maisonroca.ad\/fr\/boutique\/montre-chanel-j12-phantom-calibre-12-1-de-38-mm-en-ceramique-noire\/#primaryimage","url":"https:\/\/maisonroca.ad\/wp-content\/uploads\/2025\/01\/h6185.jpg","contentUrl":"https:\/\/maisonroca.ad\/wp-content\/uploads\/2025\/01\/h6185.jpg","width":1280,"height":1280,"caption":"maison-roca-andorra-chanel-rellotges-j12-phantom-calibre-12.1-automatic-38-mm-ceramica-negra"},{"@type":"BreadcrumbList","@id":"https:\/\/maisonroca.ad\/fr\/boutique\/montre-chanel-j12-phantom-calibre-12-1-de-38-mm-en-ceramique-noire\/#breadcrumb","itemListElement":[{"@type":"ListItem","position":1,"name":"Portada","item":"https:\/\/maisonroca.ad\/fr\/"},{"@type":"ListItem","position":2,"name":"Botiga","item":"https:\/\/maisonroca.ad\/botiga\/"},{"@type":"ListItem","position":3,"name":"MONTRE CHANEL J12 PHANTOM CALIBRE 12.1 DE 38 MM EN C\u00c9RAMIQUE NOIRE"}]},{"@type":"WebSite","@id":"https:\/\/maisonroca.ad\/fr\/#website","url":"https:\/\/maisonroca.ad\/fr\/","name":"Maison Roca","description":"Bold Luxury Life - joieria d&#039;autor - Andorra","publisher":{"@id":"https:\/\/maisonroca.ad\/fr\/#organization"},"potentialAction":[{"@type":"SearchAction","target":{"@type":"EntryPoint","urlTemplate":"https:\/\/maisonroca.ad\/fr\/?s={search_term_string}"},"query-input":{"@type":"PropertyValueSpecification","valueRequired":true,"valueName":"search_term_string"}}],"inLanguage":"fr-FR"},{"@type":"Organization","@id":"https:\/\/maisonroca.ad\/fr\/#organization","name":"Maison Roca","url":"https:\/\/maisonroca.ad\/fr\/","logo":{"@type":"ImageObject","inLanguage":"fr-FR","@id":"https:\/\/maisonroca.ad\/fr\/#\/schema\/logo\/image\/","url":"https:\/\/maisonroca.ad\/wp-content\/uploads\/2023\/10\/icono.png","contentUrl":"https:\/\/maisonroca.ad\/wp-content\/uploads\/2023\/10\/icono.png","width":512,"height":512,"caption":"Maison Roca"},"image":{"@id":"https:\/\/maisonroca.ad\/fr\/#\/schema\/logo\/image\/"},"sameAs":["https:\/\/www.facebook.com\/maisonroca","https:\/\/www.instagram.com\/maisonroca\/"]}]},"product_price_amount":"7740.00","product_price_currency":"EUR","og_availability":"instock","product_availability":"instock","product_retailer_item_id":"H6185","product_condition":"new"},"_links":{"self":[{"href":"https:\/\/maisonroca.ad\/fr\/wp-json\/wp\/v2\/product\/68972","targetHints":{"allow":["GET"]}}],"collection":[{"href":"https:\/\/maisonroca.ad\/fr\/wp-json\/wp\/v2\/product"}],"about":[{"href":"https:\/\/maisonroca.ad\/fr\/wp-json\/wp\/v2\/types\/product"}],"replies":[{"embeddable":true,"href":"https:\/\/maisonroca.ad\/fr\/wp-json\/wp\/v2\/comments?post=68972"}],"version-history":[{"count":2,"href":"https:\/\/maisonroca.ad\/fr\/wp-json\/wp\/v2\/product\/68972\/revisions"}],"predecessor-version":[{"id":69202,"href":"https:\/\/maisonroca.ad\/fr\/wp-json\/wp\/v2\/product\/68972\/revisions\/69202"}],"wp:featuredmedia":[{"embeddable":true,"href":"https:\/\/maisonroca.ad\/fr\/wp-json\/wp\/v2\/media\/68963"}],"wp:attachment":[{"href":"https:\/\/maisonroca.ad\/fr\/wp-json\/wp\/v2\/media?parent=68972"}],"wp:term":[{"taxonomy":"product_brand","embeddable":true,"href":"https:\/\/maisonroca.ad\/fr\/wp-json\/wp\/v2\/product_brand?post=68972"},{"taxonomy":"product_cat","embeddable":true,"href":"https:\/\/maisonroca.ad\/fr\/wp-json\/wp\/v2\/product_cat?post=68972"},{"taxonomy":"product_tag","embeddable":true,"href":"https:\/\/maisonroca.ad\/fr\/wp-json\/wp\/v2\/product_tag?post=68972"}],"curies":[{"name":"wp","href":"https:\/\/api.w.org\/{rel}","templated":true}]}}