{"id":69113,"date":"2025-01-08T10:48:37","date_gmt":"2025-01-08T09:48:37","guid":{"rendered":"https:\/\/maisonroca.ad\/?post_type=product&#038;p=69113"},"modified":"2025-01-14T10:25:07","modified_gmt":"2025-01-14T09:25:07","slug":"montre-chanel-j12-33-mm-en-ceramique-blanche","status":"publish","type":"product","link":"https:\/\/maisonroca.ad\/fr\/boutique\/montre-chanel-j12-33-mm-en-ceramique-blanche\/","title":{"rendered":"MONTRE CHANEL J12 33 MM EN C\u00c9RAMIQUE BLANCHE"},"content":{"rendered":"<p>Montre Chanel J12 de 33 mm de diam\u00e8tre avec mouvement \u00e0 quartz. Ce mod\u00e8le de montre pour femme pr\u00e9sente un bo\u00eetier en c\u00e9ramique haute r\u00e9sistance avec une \u00e9tanch\u00e9it\u00e9 allant jusqu\u2019\u00e0 200 m\u00e8tres. Le cadran est de couleur blanche et le bracelet est en c\u00e9ramique blanche.<\/p>\n<p>Les montres Chanel subissent des tests rigoureux dans le laboratoire de la Manufacture CHANEL en Suisse pour satisfaire aux normes les plus \u00e9lev\u00e9es d&rsquo;excellence horlog\u00e8re. Un entretien r\u00e9gulier est essentiel pour le bon fonctionnement de la montre et son esth\u00e9tique.<\/p>\n<p>D\u00e9tails :<\/p>\n<ul>\n<li>Bo\u00eetier en c\u00e9ramique haute r\u00e9sistance blanche et acier<\/li>\n<li>Bracelet en c\u00e9ramique haute r\u00e9sistance blanche avec fermoir triple d\u00e9pliant en acier<\/li>\n<li>Mouvement \u00e0 quartz de haute pr\u00e9cision<\/li>\n<li>Diam\u00e8tre de 33 mm<\/li>\n<li>Cadran laqu\u00e9 blanc<\/li>\n<li>Bisel rotatif unidirectionnel en acier<\/li>\n<li>\u00c9tanch\u00e9it\u00e9 de 200 m<\/li>\n<li>Fonctions : heures, minutes et secondes<\/li>\n<\/ul>\n","protected":false},"excerpt":{"rendered":"<p>Montre Chanel J12 de 33 mm de diam\u00e8tre avec mouvement \u00e0 quartz. Ce mod\u00e8le de montre pour femme pr\u00e9sente un bo\u00eetier en c\u00e9ramique haute r\u00e9sistance avec une \u00e9tanch\u00e9it\u00e9 allant jusqu\u2019\u00e0 200 m\u00e8tres. Le cadran est de couleur blanche et le bracelet est en c\u00e9ramique blanche. Les montres Chanel subissent des tests rigoureux dans le laboratoire [&hellip;]<\/p>\n","protected":false},"featured_media":69106,"comment_status":"open","ping_status":"closed","template":"","meta":{"_acf_changed":false,"_monsterinsights_skip_tracking":false,"_monsterinsights_sitenote_active":false,"_monsterinsights_sitenote_note":"","_monsterinsights_sitenote_category":0},"product_brand":[],"product_cat":[2613,1245],"product_tag":[2568,2457,2680,2894],"class_list":{"0":"post-69113","1":"product","2":"type-product","3":"status-publish","4":"has-post-thumbnail","6":"product_cat-chanel-fr","7":"product_cat-montres","8":"product_tag-chanel-fr","9":"product_tag-de-100-a-300-metres-2","10":"product_tag-dona-fr","11":"product_tag-rellotges-fr","13":"first","14":"instock","15":"shipping-taxable","16":"purchasable","17":"product-type-simple"},"acf":[],"yoast_head":"<!-- This site is optimized with the Yoast SEO Premium plugin v26.8 (Yoast SEO v27.4) - https:\/\/yoast.com\/product\/yoast-seo-premium-wordpress\/ -->\n<title>MONTRE CHANEL J12 33 MM EN C\u00c9RAMIQUE BLANCHE - Maison Roca<\/title>\n<meta name=\"description\" content=\"D\u00e9couvrez la montre Chanel J12 de 33 mm de diam\u00e8tre, avec un mouvement \u00e0 quartz et un bo\u00eetier en c\u00e9ramique, \u00e9tanche jusqu\u2019\u00e0 200 m.\" \/>\n<meta name=\"robots\" content=\"index, follow, max-snippet:-1, max-image-preview:large, max-video-preview:-1\" \/>\n<link rel=\"canonical\" href=\"https:\/\/maisonroca.ad\/fr\/boutique\/montre-chanel-j12-33-mm-en-ceramique-blanche\/\" \/>\n<meta property=\"og:locale\" content=\"fr_FR\" \/>\n<meta property=\"og:type\" content=\"article\" \/>\n<meta property=\"og:title\" content=\"MONTRE CHANEL J12 33 MM EN C\u00c9RAMIQUE BLANCHE\" \/>\n<meta property=\"og:description\" content=\"D\u00e9couvrez la montre Chanel J12 de 33 mm de diam\u00e8tre, avec un mouvement \u00e0 quartz et un bo\u00eetier en c\u00e9ramique, \u00e9tanche jusqu\u2019\u00e0 200 m.\" \/>\n<meta property=\"og:url\" content=\"https:\/\/maisonroca.ad\/fr\/boutique\/montre-chanel-j12-33-mm-en-ceramique-blanche\/\" \/>\n<meta property=\"og:site_name\" content=\"Maison Roca\" \/>\n<meta property=\"article:publisher\" content=\"https:\/\/www.facebook.com\/maisonroca\" \/>\n<meta property=\"article:modified_time\" content=\"2025-01-14T09:25:07+00:00\" \/>\n<meta property=\"og:image\" content=\"https:\/\/maisonroca.ad\/wp-content\/uploads\/2025\/01\/h5698.jpg\" \/>\n\t<meta property=\"og:image:width\" content=\"800\" \/>\n\t<meta property=\"og:image:height\" content=\"800\" \/>\n\t<meta property=\"og:image:type\" content=\"image\/jpeg\" \/>\n<meta name=\"twitter:card\" content=\"summary_large_image\" \/>\n<meta name=\"twitter:label1\" content=\"Prix\" \/>\n\t<meta name=\"twitter:data1\" content=\"5.220,00&nbsp;&euro;\" \/>\n\t<meta name=\"twitter:label2\" content=\"Disponibilit\u00e9\" \/>\n\t<meta name=\"twitter:data2\" content=\"En stock\" \/>\n<script type=\"application\/ld+json\" class=\"yoast-schema-graph\">{\"@context\":\"https:\\\/\\\/schema.org\",\"@graph\":[{\"@type\":\"WebPage\",\"@id\":\"https:\\\/\\\/maisonroca.ad\\\/fr\\\/boutique\\\/montre-chanel-j12-33-mm-en-ceramique-blanche\\\/\",\"url\":\"https:\\\/\\\/maisonroca.ad\\\/fr\\\/boutique\\\/montre-chanel-j12-33-mm-en-ceramique-blanche\\\/\",\"name\":\"MONTRE CHANEL J12 33 MM EN C\u00c9RAMIQUE BLANCHE - Maison Roca\",\"isPartOf\":{\"@id\":\"https:\\\/\\\/maisonroca.ad\\\/fr\\\/#website\"},\"primaryImageOfPage\":{\"@id\":\"https:\\\/\\\/maisonroca.ad\\\/fr\\\/boutique\\\/montre-chanel-j12-33-mm-en-ceramique-blanche\\\/#primaryimage\"},\"image\":{\"@id\":\"https:\\\/\\\/maisonroca.ad\\\/fr\\\/boutique\\\/montre-chanel-j12-33-mm-en-ceramique-blanche\\\/#primaryimage\"},\"thumbnailUrl\":\"https:\\\/\\\/maisonroca.ad\\\/wp-content\\\/uploads\\\/2025\\\/01\\\/h5698.jpg\",\"datePublished\":\"2025-01-08T09:48:37+00:00\",\"dateModified\":\"2025-01-14T09:25:07+00:00\",\"description\":\"D\u00e9couvrez la montre Chanel J12 de 33 mm de diam\u00e8tre, avec un mouvement \u00e0 quartz et un bo\u00eetier en c\u00e9ramique, \u00e9tanche jusqu\u2019\u00e0 200 m.\",\"breadcrumb\":{\"@id\":\"https:\\\/\\\/maisonroca.ad\\\/fr\\\/boutique\\\/montre-chanel-j12-33-mm-en-ceramique-blanche\\\/#breadcrumb\"},\"inLanguage\":\"fr-FR\",\"potentialAction\":[{\"@type\":\"ReadAction\",\"target\":[\"https:\\\/\\\/maisonroca.ad\\\/fr\\\/boutique\\\/montre-chanel-j12-33-mm-en-ceramique-blanche\\\/\"]}]},{\"@type\":\"ImageObject\",\"inLanguage\":\"fr-FR\",\"@id\":\"https:\\\/\\\/maisonroca.ad\\\/fr\\\/boutique\\\/montre-chanel-j12-33-mm-en-ceramique-blanche\\\/#primaryimage\",\"url\":\"https:\\\/\\\/maisonroca.ad\\\/wp-content\\\/uploads\\\/2025\\\/01\\\/h5698.jpg\",\"contentUrl\":\"https:\\\/\\\/maisonroca.ad\\\/wp-content\\\/uploads\\\/2025\\\/01\\\/h5698.jpg\",\"width\":800,\"height\":800,\"caption\":\"maison-roca-andorra-chanel-rellotges-j12-33-mm-quars-ceramica-blanca\"},{\"@type\":\"BreadcrumbList\",\"@id\":\"https:\\\/\\\/maisonroca.ad\\\/fr\\\/boutique\\\/montre-chanel-j12-33-mm-en-ceramique-blanche\\\/#breadcrumb\",\"itemListElement\":[{\"@type\":\"ListItem\",\"position\":1,\"name\":\"Portada\",\"item\":\"https:\\\/\\\/maisonroca.ad\\\/fr\\\/\"},{\"@type\":\"ListItem\",\"position\":2,\"name\":\"Botiga\",\"item\":\"https:\\\/\\\/maisonroca.ad\\\/botiga\\\/\"},{\"@type\":\"ListItem\",\"position\":3,\"name\":\"MONTRE CHANEL J12 33 MM EN C\u00c9RAMIQUE BLANCHE\"}]},{\"@type\":\"WebSite\",\"@id\":\"https:\\\/\\\/maisonroca.ad\\\/fr\\\/#website\",\"url\":\"https:\\\/\\\/maisonroca.ad\\\/fr\\\/\",\"name\":\"Maison Roca\",\"description\":\"Bold Luxury Life - joieria d&#039;autor - Andorra\",\"publisher\":{\"@id\":\"https:\\\/\\\/maisonroca.ad\\\/fr\\\/#organization\"},\"potentialAction\":[{\"@type\":\"SearchAction\",\"target\":{\"@type\":\"EntryPoint\",\"urlTemplate\":\"https:\\\/\\\/maisonroca.ad\\\/fr\\\/?s={search_term_string}\"},\"query-input\":{\"@type\":\"PropertyValueSpecification\",\"valueRequired\":true,\"valueName\":\"search_term_string\"}}],\"inLanguage\":\"fr-FR\"},{\"@type\":\"Organization\",\"@id\":\"https:\\\/\\\/maisonroca.ad\\\/fr\\\/#organization\",\"name\":\"Maison Roca\",\"url\":\"https:\\\/\\\/maisonroca.ad\\\/fr\\\/\",\"logo\":{\"@type\":\"ImageObject\",\"inLanguage\":\"fr-FR\",\"@id\":\"https:\\\/\\\/maisonroca.ad\\\/fr\\\/#\\\/schema\\\/logo\\\/image\\\/\",\"url\":\"https:\\\/\\\/maisonroca.ad\\\/wp-content\\\/uploads\\\/2023\\\/10\\\/icono.png\",\"contentUrl\":\"https:\\\/\\\/maisonroca.ad\\\/wp-content\\\/uploads\\\/2023\\\/10\\\/icono.png\",\"width\":512,\"height\":512,\"caption\":\"Maison Roca\"},\"image\":{\"@id\":\"https:\\\/\\\/maisonroca.ad\\\/fr\\\/#\\\/schema\\\/logo\\\/image\\\/\"},\"sameAs\":[\"https:\\\/\\\/www.facebook.com\\\/maisonroca\",\"https:\\\/\\\/www.instagram.com\\\/maisonroca\\\/\"]}]}<\/script>\n<meta property=\"product:price:amount\" content=\"5220.00\" \/>\n<meta property=\"product:price:currency\" content=\"EUR\" \/>\n<meta property=\"og:availability\" content=\"instock\" \/>\n<meta property=\"product:availability\" content=\"instock\" \/>\n<meta property=\"product:retailer_item_id\" content=\"H5698\" \/>\n<meta property=\"product:condition\" content=\"new\" \/>\n<!-- \/ Yoast SEO Premium plugin. -->","yoast_head_json":{"title":"MONTRE CHANEL J12 33 MM EN C\u00c9RAMIQUE BLANCHE - Maison Roca","description":"D\u00e9couvrez la montre Chanel J12 de 33 mm de diam\u00e8tre, avec un mouvement \u00e0 quartz et un bo\u00eetier en c\u00e9ramique, \u00e9tanche jusqu\u2019\u00e0 200 m.","robots":{"index":"index","follow":"follow","max-snippet":"max-snippet:-1","max-image-preview":"max-image-preview:large","max-video-preview":"max-video-preview:-1"},"canonical":"https:\/\/maisonroca.ad\/fr\/boutique\/montre-chanel-j12-33-mm-en-ceramique-blanche\/","og_locale":"fr_FR","og_type":"article","og_title":"MONTRE CHANEL J12 33 MM EN C\u00c9RAMIQUE BLANCHE","og_description":"D\u00e9couvrez la montre Chanel J12 de 33 mm de diam\u00e8tre, avec un mouvement \u00e0 quartz et un bo\u00eetier en c\u00e9ramique, \u00e9tanche jusqu\u2019\u00e0 200 m.","og_url":"https:\/\/maisonroca.ad\/fr\/boutique\/montre-chanel-j12-33-mm-en-ceramique-blanche\/","og_site_name":"Maison Roca","article_publisher":"https:\/\/www.facebook.com\/maisonroca","article_modified_time":"2025-01-14T09:25:07+00:00","og_image":[{"width":800,"height":800,"url":"https:\/\/maisonroca.ad\/wp-content\/uploads\/2025\/01\/h5698.jpg","type":"image\/jpeg"}],"twitter_card":"summary_large_image","twitter_misc":{"Prix":"5.220,00&nbsp;&euro;","Disponibilit\u00e9":"En stock"},"schema":{"@context":"https:\/\/schema.org","@graph":[{"@type":"WebPage","@id":"https:\/\/maisonroca.ad\/fr\/boutique\/montre-chanel-j12-33-mm-en-ceramique-blanche\/","url":"https:\/\/maisonroca.ad\/fr\/boutique\/montre-chanel-j12-33-mm-en-ceramique-blanche\/","name":"MONTRE CHANEL J12 33 MM EN C\u00c9RAMIQUE BLANCHE - Maison Roca","isPartOf":{"@id":"https:\/\/maisonroca.ad\/fr\/#website"},"primaryImageOfPage":{"@id":"https:\/\/maisonroca.ad\/fr\/boutique\/montre-chanel-j12-33-mm-en-ceramique-blanche\/#primaryimage"},"image":{"@id":"https:\/\/maisonroca.ad\/fr\/boutique\/montre-chanel-j12-33-mm-en-ceramique-blanche\/#primaryimage"},"thumbnailUrl":"https:\/\/maisonroca.ad\/wp-content\/uploads\/2025\/01\/h5698.jpg","datePublished":"2025-01-08T09:48:37+00:00","dateModified":"2025-01-14T09:25:07+00:00","description":"D\u00e9couvrez la montre Chanel J12 de 33 mm de diam\u00e8tre, avec un mouvement \u00e0 quartz et un bo\u00eetier en c\u00e9ramique, \u00e9tanche jusqu\u2019\u00e0 200 m.","breadcrumb":{"@id":"https:\/\/maisonroca.ad\/fr\/boutique\/montre-chanel-j12-33-mm-en-ceramique-blanche\/#breadcrumb"},"inLanguage":"fr-FR","potentialAction":[{"@type":"ReadAction","target":["https:\/\/maisonroca.ad\/fr\/boutique\/montre-chanel-j12-33-mm-en-ceramique-blanche\/"]}]},{"@type":"ImageObject","inLanguage":"fr-FR","@id":"https:\/\/maisonroca.ad\/fr\/boutique\/montre-chanel-j12-33-mm-en-ceramique-blanche\/#primaryimage","url":"https:\/\/maisonroca.ad\/wp-content\/uploads\/2025\/01\/h5698.jpg","contentUrl":"https:\/\/maisonroca.ad\/wp-content\/uploads\/2025\/01\/h5698.jpg","width":800,"height":800,"caption":"maison-roca-andorra-chanel-rellotges-j12-33-mm-quars-ceramica-blanca"},{"@type":"BreadcrumbList","@id":"https:\/\/maisonroca.ad\/fr\/boutique\/montre-chanel-j12-33-mm-en-ceramique-blanche\/#breadcrumb","itemListElement":[{"@type":"ListItem","position":1,"name":"Portada","item":"https:\/\/maisonroca.ad\/fr\/"},{"@type":"ListItem","position":2,"name":"Botiga","item":"https:\/\/maisonroca.ad\/botiga\/"},{"@type":"ListItem","position":3,"name":"MONTRE CHANEL J12 33 MM EN C\u00c9RAMIQUE BLANCHE"}]},{"@type":"WebSite","@id":"https:\/\/maisonroca.ad\/fr\/#website","url":"https:\/\/maisonroca.ad\/fr\/","name":"Maison Roca","description":"Bold Luxury Life - joieria d&#039;autor - Andorra","publisher":{"@id":"https:\/\/maisonroca.ad\/fr\/#organization"},"potentialAction":[{"@type":"SearchAction","target":{"@type":"EntryPoint","urlTemplate":"https:\/\/maisonroca.ad\/fr\/?s={search_term_string}"},"query-input":{"@type":"PropertyValueSpecification","valueRequired":true,"valueName":"search_term_string"}}],"inLanguage":"fr-FR"},{"@type":"Organization","@id":"https:\/\/maisonroca.ad\/fr\/#organization","name":"Maison Roca","url":"https:\/\/maisonroca.ad\/fr\/","logo":{"@type":"ImageObject","inLanguage":"fr-FR","@id":"https:\/\/maisonroca.ad\/fr\/#\/schema\/logo\/image\/","url":"https:\/\/maisonroca.ad\/wp-content\/uploads\/2023\/10\/icono.png","contentUrl":"https:\/\/maisonroca.ad\/wp-content\/uploads\/2023\/10\/icono.png","width":512,"height":512,"caption":"Maison Roca"},"image":{"@id":"https:\/\/maisonroca.ad\/fr\/#\/schema\/logo\/image\/"},"sameAs":["https:\/\/www.facebook.com\/maisonroca","https:\/\/www.instagram.com\/maisonroca\/"]}]},"product_price_amount":"5220.00","product_price_currency":"EUR","og_availability":"instock","product_availability":"instock","product_retailer_item_id":"H5698","product_condition":"new"},"_links":{"self":[{"href":"https:\/\/maisonroca.ad\/fr\/wp-json\/wp\/v2\/product\/69113","targetHints":{"allow":["GET"]}}],"collection":[{"href":"https:\/\/maisonroca.ad\/fr\/wp-json\/wp\/v2\/product"}],"about":[{"href":"https:\/\/maisonroca.ad\/fr\/wp-json\/wp\/v2\/types\/product"}],"replies":[{"embeddable":true,"href":"https:\/\/maisonroca.ad\/fr\/wp-json\/wp\/v2\/comments?post=69113"}],"version-history":[{"count":2,"href":"https:\/\/maisonroca.ad\/fr\/wp-json\/wp\/v2\/product\/69113\/revisions"}],"predecessor-version":[{"id":69140,"href":"https:\/\/maisonroca.ad\/fr\/wp-json\/wp\/v2\/product\/69113\/revisions\/69140"}],"wp:featuredmedia":[{"embeddable":true,"href":"https:\/\/maisonroca.ad\/fr\/wp-json\/wp\/v2\/media\/69106"}],"wp:attachment":[{"href":"https:\/\/maisonroca.ad\/fr\/wp-json\/wp\/v2\/media?parent=69113"}],"wp:term":[{"taxonomy":"product_brand","embeddable":true,"href":"https:\/\/maisonroca.ad\/fr\/wp-json\/wp\/v2\/product_brand?post=69113"},{"taxonomy":"product_cat","embeddable":true,"href":"https:\/\/maisonroca.ad\/fr\/wp-json\/wp\/v2\/product_cat?post=69113"},{"taxonomy":"product_tag","embeddable":true,"href":"https:\/\/maisonroca.ad\/fr\/wp-json\/wp\/v2\/product_tag?post=69113"}],"curies":[{"name":"wp","href":"https:\/\/api.w.org\/{rel}","templated":true}]}}