{"id":69444,"date":"2025-01-20T15:23:09","date_gmt":"2025-01-20T14:23:09","guid":{"rendered":"https:\/\/maisonroca.ad\/?post_type=product&#038;p=69444"},"modified":"2025-01-27T12:39:54","modified_gmt":"2025-01-27T11:39:54","slug":"montre-oris-propilot-x-miss-piggy-edition-de-34-mm-en-acier","status":"publish","type":"product","link":"https:\/\/maisonroca.ad\/fr\/boutique\/montre-oris-propilot-x-miss-piggy-edition-de-34-mm-en-acier\/","title":{"rendered":"MONTRE ORIS PROPILOT X MISS PIGGY EDITION DE 34 MM EN ACIER"},"content":{"rendered":"<p>Montre Oris ProPilot X Miss Piggy Edition de 34 mm de diam\u00e8tre, bo\u00eetier et bracelet en acier, cadran rose intense et mouvement automatique.<\/p>\n<p>Cette \u00e9dition avec The Muppets pr\u00e9sente un judas avec le portrait de Miss Piggy \u00e0 l&rsquo;arri\u00e8re. C&rsquo;est une montre qui c\u00e9l\u00e8bre le style fabuleux de Miss Piggy, adoptant sa personnalit\u00e9 courageuse, confiante et magnifique.<\/p>\n<p>&nbsp;<\/p>\n<p>Details:<\/p>\n<ul>\n<li>Bo\u00eetier en acier<\/li>\n<li>Cadran de couleur rose intense<\/li>\n<li>Fonctions: heures, minutes et secondes.<\/li>\n<\/ul>\n<div class=\"flex-1 overflow-hidden @container\/thread\">\n<div class=\"h-full\">\n<div class=\"react-scroll-to-bottom--css-dggnv-79elbk h-full\">\n<div class=\"react-scroll-to-bottom--css-dggnv-1n7m0yu\">\n<div class=\"flex flex-col text-sm md:pb-9\">\n<article class=\"w-full scroll-mb-[var(--thread-trailing-height,150px)] text-token-text-primary focus-visible:outline-2 focus-visible:outline-offset-[-4px]\" dir=\"auto\" data-testid=\"conversation-turn-9\" data-scroll-anchor=\"true\">\n<div class=\"m-auto text-base py-[18px] px-3 md:px-4 w-full md:px-5 lg:px-4 xl:px-5\">\n<div class=\"mx-auto flex flex-1 gap-4 text-base md:gap-5 lg:gap-6 md:max-w-3xl\">\n<div class=\"group\/conversation-turn relative flex w-full min-w-0 flex-col agent-turn\">\n<div class=\"flex-col gap-1 md:gap-3\">\n<div class=\"mb-2 flex gap-3 empty:hidden -ml-2\">\n<div class=\"items-center justify-start rounded-xl p-1 flex\">\n<div class=\"flex items-center\"><\/div>\n<\/div>\n<\/div>\n<div class=\"pr-2 lg:pr-0\"><\/div>\n<div class=\"mt-3 w-full empty:hidden\">\n<div class=\"text-center\"><\/div>\n<\/div>\n<\/div>\n<div class=\"absolute\">\n<div class=\"flex items-center justify-center\"><\/div>\n<\/div>\n<\/div>\n<\/div>\n<\/div>\n<\/article>\n<\/div>\n<\/div>\n<\/div>\n<\/div>\n<\/div>\n<div class=\"md:pt-0 dark:border-white\/20 md:border-transparent md:dark:border-transparent w-full\">\n<div>\n<div class=\"m-auto text-base px-3 md:px-4 w-full md:px-5 lg:px-4 xl:px-5\">\n<div class=\"mx-auto flex flex-1 gap-4 text-base md:gap-5 lg:gap-6 md:max-w-3xl\">\n<div class=\"flex justify-center\"><\/div>\n<\/div>\n<\/div>\n<\/div>\n<\/div>\n","protected":false},"excerpt":{"rendered":"<p>Montre Oris ProPilot X Miss Piggy Edition de 34 mm de diam\u00e8tre, bo\u00eetier et bracelet en acier, cadran rose intense et mouvement automatique.<\/p>\n","protected":false},"featured_media":69434,"comment_status":"open","ping_status":"closed","template":"","meta":{"_acf_changed":false,"_monsterinsights_skip_tracking":false,"_monsterinsights_sitenote_active":false,"_monsterinsights_sitenote_note":"","_monsterinsights_sitenote_category":0},"product_brand":[],"product_cat":[1245,1261],"product_tag":[2887,2889,2457,2680,2351,2894],"class_list":{"0":"post-69444","1":"product","2":"type-product","3":"status-publish","4":"has-post-thumbnail","6":"product_cat-montres","7":"product_cat-oris-fr","8":"product_tag-acer-fr","9":"product_tag-automatic-fr","10":"product_tag-de-100-a-300-metres-2","11":"product_tag-dona-fr","12":"product_tag-oris-3","13":"product_tag-rellotges-fr","15":"first","16":"instock","17":"shipping-taxable","18":"purchasable","19":"product-type-simple"},"acf":[],"yoast_head":"<!-- This site is optimized with the Yoast SEO Premium plugin v26.8 (Yoast SEO v27.4) - https:\/\/yoast.com\/product\/yoast-seo-premium-wordpress\/ -->\n<title>MONTRE ORIS PROPILOT X MISS PIGGY EDITION<\/title>\n<meta name=\"description\" content=\"D\u00e9couvrez la montre Oris ProPilot X Miss Piggy Edition : une \u00e9dition limit\u00e9e alliant design innovant et un hommage unique \u00e0 l&#039;ic\u00f4ne des Muppets.\" \/>\n<meta name=\"robots\" content=\"index, follow, max-snippet:-1, max-image-preview:large, max-video-preview:-1\" \/>\n<link rel=\"canonical\" href=\"https:\/\/maisonroca.ad\/fr\/boutique\/montre-oris-propilot-x-miss-piggy-edition-de-34-mm-en-acier\/\" \/>\n<meta property=\"og:locale\" content=\"fr_FR\" \/>\n<meta property=\"og:type\" content=\"article\" \/>\n<meta property=\"og:title\" content=\"MONTRE ORIS PROPILOT X MISS PIGGY EDITION DE 34 MM EN ACIER\" \/>\n<meta property=\"og:description\" content=\"D\u00e9couvrez la montre Oris ProPilot X Miss Piggy Edition : une \u00e9dition limit\u00e9e alliant design innovant et un hommage unique \u00e0 l&#039;ic\u00f4ne des Muppets.\" \/>\n<meta property=\"og:url\" content=\"https:\/\/maisonroca.ad\/fr\/boutique\/montre-oris-propilot-x-miss-piggy-edition-de-34-mm-en-acier\/\" \/>\n<meta property=\"og:site_name\" content=\"Maison Roca\" \/>\n<meta property=\"article:publisher\" content=\"https:\/\/www.facebook.com\/maisonroca\" \/>\n<meta property=\"article:modified_time\" content=\"2025-01-27T11:39:54+00:00\" \/>\n<meta property=\"og:image\" content=\"https:\/\/maisonroca.ad\/wp-content\/uploads\/2025\/01\/Oris-Miss-Piggy-1.jpg\" \/>\n\t<meta property=\"og:image:width\" content=\"1080\" \/>\n\t<meta property=\"og:image:height\" content=\"1080\" \/>\n\t<meta property=\"og:image:type\" content=\"image\/jpeg\" \/>\n<meta name=\"twitter:card\" content=\"summary_large_image\" \/>\n<meta name=\"twitter:label1\" content=\"Prix\" \/>\n\t<meta name=\"twitter:data1\" content=\"2.580,00&nbsp;&euro;\" \/>\n\t<meta name=\"twitter:label2\" content=\"Disponibilit\u00e9\" \/>\n\t<meta name=\"twitter:data2\" content=\"En stock\" \/>\n<script type=\"application\/ld+json\" class=\"yoast-schema-graph\">{\"@context\":\"https:\\\/\\\/schema.org\",\"@graph\":[{\"@type\":\"WebPage\",\"@id\":\"https:\\\/\\\/maisonroca.ad\\\/fr\\\/boutique\\\/montre-oris-propilot-x-miss-piggy-edition-de-34-mm-en-acier\\\/\",\"url\":\"https:\\\/\\\/maisonroca.ad\\\/fr\\\/boutique\\\/montre-oris-propilot-x-miss-piggy-edition-de-34-mm-en-acier\\\/\",\"name\":\"MONTRE ORIS PROPILOT X MISS PIGGY EDITION\",\"isPartOf\":{\"@id\":\"https:\\\/\\\/maisonroca.ad\\\/fr\\\/#website\"},\"primaryImageOfPage\":{\"@id\":\"https:\\\/\\\/maisonroca.ad\\\/fr\\\/boutique\\\/montre-oris-propilot-x-miss-piggy-edition-de-34-mm-en-acier\\\/#primaryimage\"},\"image\":{\"@id\":\"https:\\\/\\\/maisonroca.ad\\\/fr\\\/boutique\\\/montre-oris-propilot-x-miss-piggy-edition-de-34-mm-en-acier\\\/#primaryimage\"},\"thumbnailUrl\":\"https:\\\/\\\/maisonroca.ad\\\/wp-content\\\/uploads\\\/2025\\\/01\\\/Oris-Miss-Piggy-1.jpg\",\"datePublished\":\"2025-01-20T14:23:09+00:00\",\"dateModified\":\"2025-01-27T11:39:54+00:00\",\"description\":\"D\u00e9couvrez la montre Oris ProPilot X Miss Piggy Edition : une \u00e9dition limit\u00e9e alliant design innovant et un hommage unique \u00e0 l'ic\u00f4ne des Muppets.\",\"breadcrumb\":{\"@id\":\"https:\\\/\\\/maisonroca.ad\\\/fr\\\/boutique\\\/montre-oris-propilot-x-miss-piggy-edition-de-34-mm-en-acier\\\/#breadcrumb\"},\"inLanguage\":\"fr-FR\",\"potentialAction\":[{\"@type\":\"ReadAction\",\"target\":[\"https:\\\/\\\/maisonroca.ad\\\/fr\\\/boutique\\\/montre-oris-propilot-x-miss-piggy-edition-de-34-mm-en-acier\\\/\"]}]},{\"@type\":\"ImageObject\",\"inLanguage\":\"fr-FR\",\"@id\":\"https:\\\/\\\/maisonroca.ad\\\/fr\\\/boutique\\\/montre-oris-propilot-x-miss-piggy-edition-de-34-mm-en-acier\\\/#primaryimage\",\"url\":\"https:\\\/\\\/maisonroca.ad\\\/wp-content\\\/uploads\\\/2025\\\/01\\\/Oris-Miss-Piggy-1.jpg\",\"contentUrl\":\"https:\\\/\\\/maisonroca.ad\\\/wp-content\\\/uploads\\\/2025\\\/01\\\/Oris-Miss-Piggy-1.jpg\",\"width\":1080,\"height\":1080,\"caption\":\"maison-roca-andorra-oris-rellotges-propilot-x-miss-piggy-edicio-34-mm-automatic-acer-vermella-acer\"},{\"@type\":\"BreadcrumbList\",\"@id\":\"https:\\\/\\\/maisonroca.ad\\\/fr\\\/boutique\\\/montre-oris-propilot-x-miss-piggy-edition-de-34-mm-en-acier\\\/#breadcrumb\",\"itemListElement\":[{\"@type\":\"ListItem\",\"position\":1,\"name\":\"Portada\",\"item\":\"https:\\\/\\\/maisonroca.ad\\\/fr\\\/\"},{\"@type\":\"ListItem\",\"position\":2,\"name\":\"Botiga\",\"item\":\"https:\\\/\\\/maisonroca.ad\\\/botiga\\\/\"},{\"@type\":\"ListItem\",\"position\":3,\"name\":\"MONTRE ORIS PROPILOT X MISS PIGGY EDITION DE 34 MM EN ACIER\"}]},{\"@type\":\"WebSite\",\"@id\":\"https:\\\/\\\/maisonroca.ad\\\/fr\\\/#website\",\"url\":\"https:\\\/\\\/maisonroca.ad\\\/fr\\\/\",\"name\":\"Maison Roca\",\"description\":\"Bold Luxury Life - joieria d&#039;autor - Andorra\",\"publisher\":{\"@id\":\"https:\\\/\\\/maisonroca.ad\\\/fr\\\/#organization\"},\"potentialAction\":[{\"@type\":\"SearchAction\",\"target\":{\"@type\":\"EntryPoint\",\"urlTemplate\":\"https:\\\/\\\/maisonroca.ad\\\/fr\\\/?s={search_term_string}\"},\"query-input\":{\"@type\":\"PropertyValueSpecification\",\"valueRequired\":true,\"valueName\":\"search_term_string\"}}],\"inLanguage\":\"fr-FR\"},{\"@type\":\"Organization\",\"@id\":\"https:\\\/\\\/maisonroca.ad\\\/fr\\\/#organization\",\"name\":\"Maison Roca\",\"url\":\"https:\\\/\\\/maisonroca.ad\\\/fr\\\/\",\"logo\":{\"@type\":\"ImageObject\",\"inLanguage\":\"fr-FR\",\"@id\":\"https:\\\/\\\/maisonroca.ad\\\/fr\\\/#\\\/schema\\\/logo\\\/image\\\/\",\"url\":\"https:\\\/\\\/maisonroca.ad\\\/wp-content\\\/uploads\\\/2023\\\/10\\\/icono.png\",\"contentUrl\":\"https:\\\/\\\/maisonroca.ad\\\/wp-content\\\/uploads\\\/2023\\\/10\\\/icono.png\",\"width\":512,\"height\":512,\"caption\":\"Maison Roca\"},\"image\":{\"@id\":\"https:\\\/\\\/maisonroca.ad\\\/fr\\\/#\\\/schema\\\/logo\\\/image\\\/\"},\"sameAs\":[\"https:\\\/\\\/www.facebook.com\\\/maisonroca\",\"https:\\\/\\\/www.instagram.com\\\/maisonroca\\\/\"]}]}<\/script>\n<meta property=\"product:price:amount\" content=\"2580.00\" \/>\n<meta property=\"product:price:currency\" content=\"EUR\" \/>\n<meta property=\"og:availability\" content=\"instock\" \/>\n<meta property=\"product:availability\" content=\"instock\" \/>\n<meta property=\"product:retailer_item_id\" content=\"01 531 7796 4158-07 8 17 05LC\" \/>\n<meta property=\"product:condition\" content=\"new\" \/>\n<!-- \/ Yoast SEO Premium plugin. -->","yoast_head_json":{"title":"MONTRE ORIS PROPILOT X MISS PIGGY EDITION","description":"D\u00e9couvrez la montre Oris ProPilot X Miss Piggy Edition : une \u00e9dition limit\u00e9e alliant design innovant et un hommage unique \u00e0 l'ic\u00f4ne des Muppets.","robots":{"index":"index","follow":"follow","max-snippet":"max-snippet:-1","max-image-preview":"max-image-preview:large","max-video-preview":"max-video-preview:-1"},"canonical":"https:\/\/maisonroca.ad\/fr\/boutique\/montre-oris-propilot-x-miss-piggy-edition-de-34-mm-en-acier\/","og_locale":"fr_FR","og_type":"article","og_title":"MONTRE ORIS PROPILOT X MISS PIGGY EDITION DE 34 MM EN ACIER","og_description":"D\u00e9couvrez la montre Oris ProPilot X Miss Piggy Edition : une \u00e9dition limit\u00e9e alliant design innovant et un hommage unique \u00e0 l'ic\u00f4ne des Muppets.","og_url":"https:\/\/maisonroca.ad\/fr\/boutique\/montre-oris-propilot-x-miss-piggy-edition-de-34-mm-en-acier\/","og_site_name":"Maison Roca","article_publisher":"https:\/\/www.facebook.com\/maisonroca","article_modified_time":"2025-01-27T11:39:54+00:00","og_image":[{"width":1080,"height":1080,"url":"https:\/\/maisonroca.ad\/wp-content\/uploads\/2025\/01\/Oris-Miss-Piggy-1.jpg","type":"image\/jpeg"}],"twitter_card":"summary_large_image","twitter_misc":{"Prix":"2.580,00&nbsp;&euro;","Disponibilit\u00e9":"En stock"},"schema":{"@context":"https:\/\/schema.org","@graph":[{"@type":"WebPage","@id":"https:\/\/maisonroca.ad\/fr\/boutique\/montre-oris-propilot-x-miss-piggy-edition-de-34-mm-en-acier\/","url":"https:\/\/maisonroca.ad\/fr\/boutique\/montre-oris-propilot-x-miss-piggy-edition-de-34-mm-en-acier\/","name":"MONTRE ORIS PROPILOT X MISS PIGGY EDITION","isPartOf":{"@id":"https:\/\/maisonroca.ad\/fr\/#website"},"primaryImageOfPage":{"@id":"https:\/\/maisonroca.ad\/fr\/boutique\/montre-oris-propilot-x-miss-piggy-edition-de-34-mm-en-acier\/#primaryimage"},"image":{"@id":"https:\/\/maisonroca.ad\/fr\/boutique\/montre-oris-propilot-x-miss-piggy-edition-de-34-mm-en-acier\/#primaryimage"},"thumbnailUrl":"https:\/\/maisonroca.ad\/wp-content\/uploads\/2025\/01\/Oris-Miss-Piggy-1.jpg","datePublished":"2025-01-20T14:23:09+00:00","dateModified":"2025-01-27T11:39:54+00:00","description":"D\u00e9couvrez la montre Oris ProPilot X Miss Piggy Edition : une \u00e9dition limit\u00e9e alliant design innovant et un hommage unique \u00e0 l'ic\u00f4ne des Muppets.","breadcrumb":{"@id":"https:\/\/maisonroca.ad\/fr\/boutique\/montre-oris-propilot-x-miss-piggy-edition-de-34-mm-en-acier\/#breadcrumb"},"inLanguage":"fr-FR","potentialAction":[{"@type":"ReadAction","target":["https:\/\/maisonroca.ad\/fr\/boutique\/montre-oris-propilot-x-miss-piggy-edition-de-34-mm-en-acier\/"]}]},{"@type":"ImageObject","inLanguage":"fr-FR","@id":"https:\/\/maisonroca.ad\/fr\/boutique\/montre-oris-propilot-x-miss-piggy-edition-de-34-mm-en-acier\/#primaryimage","url":"https:\/\/maisonroca.ad\/wp-content\/uploads\/2025\/01\/Oris-Miss-Piggy-1.jpg","contentUrl":"https:\/\/maisonroca.ad\/wp-content\/uploads\/2025\/01\/Oris-Miss-Piggy-1.jpg","width":1080,"height":1080,"caption":"maison-roca-andorra-oris-rellotges-propilot-x-miss-piggy-edicio-34-mm-automatic-acer-vermella-acer"},{"@type":"BreadcrumbList","@id":"https:\/\/maisonroca.ad\/fr\/boutique\/montre-oris-propilot-x-miss-piggy-edition-de-34-mm-en-acier\/#breadcrumb","itemListElement":[{"@type":"ListItem","position":1,"name":"Portada","item":"https:\/\/maisonroca.ad\/fr\/"},{"@type":"ListItem","position":2,"name":"Botiga","item":"https:\/\/maisonroca.ad\/botiga\/"},{"@type":"ListItem","position":3,"name":"MONTRE ORIS PROPILOT X MISS PIGGY EDITION DE 34 MM EN ACIER"}]},{"@type":"WebSite","@id":"https:\/\/maisonroca.ad\/fr\/#website","url":"https:\/\/maisonroca.ad\/fr\/","name":"Maison Roca","description":"Bold Luxury Life - joieria d&#039;autor - Andorra","publisher":{"@id":"https:\/\/maisonroca.ad\/fr\/#organization"},"potentialAction":[{"@type":"SearchAction","target":{"@type":"EntryPoint","urlTemplate":"https:\/\/maisonroca.ad\/fr\/?s={search_term_string}"},"query-input":{"@type":"PropertyValueSpecification","valueRequired":true,"valueName":"search_term_string"}}],"inLanguage":"fr-FR"},{"@type":"Organization","@id":"https:\/\/maisonroca.ad\/fr\/#organization","name":"Maison Roca","url":"https:\/\/maisonroca.ad\/fr\/","logo":{"@type":"ImageObject","inLanguage":"fr-FR","@id":"https:\/\/maisonroca.ad\/fr\/#\/schema\/logo\/image\/","url":"https:\/\/maisonroca.ad\/wp-content\/uploads\/2023\/10\/icono.png","contentUrl":"https:\/\/maisonroca.ad\/wp-content\/uploads\/2023\/10\/icono.png","width":512,"height":512,"caption":"Maison Roca"},"image":{"@id":"https:\/\/maisonroca.ad\/fr\/#\/schema\/logo\/image\/"},"sameAs":["https:\/\/www.facebook.com\/maisonroca","https:\/\/www.instagram.com\/maisonroca\/"]}]},"product_price_amount":"2580.00","product_price_currency":"EUR","og_availability":"instock","product_availability":"instock","product_retailer_item_id":"01 531 7796 4158-07 8 17 05LC","product_condition":"new"},"_links":{"self":[{"href":"https:\/\/maisonroca.ad\/fr\/wp-json\/wp\/v2\/product\/69444","targetHints":{"allow":["GET"]}}],"collection":[{"href":"https:\/\/maisonroca.ad\/fr\/wp-json\/wp\/v2\/product"}],"about":[{"href":"https:\/\/maisonroca.ad\/fr\/wp-json\/wp\/v2\/types\/product"}],"replies":[{"embeddable":true,"href":"https:\/\/maisonroca.ad\/fr\/wp-json\/wp\/v2\/comments?post=69444"}],"version-history":[{"count":4,"href":"https:\/\/maisonroca.ad\/fr\/wp-json\/wp\/v2\/product\/69444\/revisions"}],"predecessor-version":[{"id":69502,"href":"https:\/\/maisonroca.ad\/fr\/wp-json\/wp\/v2\/product\/69444\/revisions\/69502"}],"wp:featuredmedia":[{"embeddable":true,"href":"https:\/\/maisonroca.ad\/fr\/wp-json\/wp\/v2\/media\/69434"}],"wp:attachment":[{"href":"https:\/\/maisonroca.ad\/fr\/wp-json\/wp\/v2\/media?parent=69444"}],"wp:term":[{"taxonomy":"product_brand","embeddable":true,"href":"https:\/\/maisonroca.ad\/fr\/wp-json\/wp\/v2\/product_brand?post=69444"},{"taxonomy":"product_cat","embeddable":true,"href":"https:\/\/maisonroca.ad\/fr\/wp-json\/wp\/v2\/product_cat?post=69444"},{"taxonomy":"product_tag","embeddable":true,"href":"https:\/\/maisonroca.ad\/fr\/wp-json\/wp\/v2\/product_tag?post=69444"}],"curies":[{"name":"wp","href":"https:\/\/api.w.org\/{rel}","templated":true}]}}