{"id":69658,"date":"2025-01-31T12:35:54","date_gmt":"2025-01-31T11:35:54","guid":{"rendered":"https:\/\/maisonroca.ad\/?post_type=product&#038;p=69658"},"modified":"2025-01-31T12:44:05","modified_gmt":"2025-01-31T11:44:05","slug":"bague-maison-roca-en-or-blanc-et-diamant-7","status":"publish","type":"product","link":"https:\/\/maisonroca.ad\/fr\/boutique\/bague-maison-roca-en-or-blanc-et-diamant-7\/","title":{"rendered":"BAGUE MAISON ROCA EN OR BLANC ET DIAMANT"},"content":{"rendered":"<p>Bague Maison Roca en or blanc avec diamant. Un design simple et \u00e9l\u00e9gant qui met en valeur la qualit\u00e9 du diamant central.<\/p>\n<p>&nbsp;<\/p>\n<p>D\u00e9tails:<\/p>\n<ul>\n<li>Or blanc 18k<\/li>\n<li>Diamant 0,33 ct ghsi<\/li>\n<\/ul>\n","protected":false},"excerpt":{"rendered":"<p>Bague Maison Roca en or blanc avec diamant. Un design simple et \u00e9l\u00e9gant qui met en valeur la qualit\u00e9 du diamant central.<\/p>\n","protected":false},"featured_media":69651,"comment_status":"open","ping_status":"closed","template":"","meta":{"_acf_changed":false,"_monsterinsights_skip_tracking":false,"_monsterinsights_sitenote_active":false,"_monsterinsights_sitenote_note":"","_monsterinsights_sitenote_category":0},"product_brand":[],"product_cat":[1244,1270],"product_tag":[2192,2658,2171],"class_list":{"0":"post-69658","1":"product","2":"type-product","3":"status-publish","4":"has-post-thumbnail","6":"product_cat-bijou","7":"product_cat-maison-roca-fr","8":"product_tag-diamants-2","9":"product_tag-maison-roca-fr","10":"product_tag-or-blanc-2","12":"first","13":"instock","14":"shipping-taxable","15":"purchasable","16":"product-type-simple"},"acf":[],"yoast_head":"<!-- This site is optimized with the Yoast SEO Premium plugin v26.8 (Yoast SEO v27.4) - https:\/\/yoast.com\/product\/yoast-seo-premium-wordpress\/ -->\n<title>BAGUE MAISON ROCA EN OR BLANC ET DIAMANT - Maison Roca<\/title>\n<meta name=\"description\" content=\"Bague en or blanc et diamant de Maison Roca, une pi\u00e8ce exclusive qui allie l&#039;\u00e9l\u00e9gance de l&#039;or blanc \u00e0 l&#039;\u00e9clat des diamants.\" \/>\n<meta name=\"robots\" content=\"index, follow, max-snippet:-1, max-image-preview:large, max-video-preview:-1\" \/>\n<link rel=\"canonical\" href=\"https:\/\/maisonroca.ad\/fr\/boutique\/bague-maison-roca-en-or-blanc-et-diamant-7\/\" \/>\n<meta property=\"og:locale\" content=\"fr_FR\" \/>\n<meta property=\"og:type\" content=\"article\" \/>\n<meta property=\"og:title\" content=\"BAGUE MAISON ROCA EN OR BLANC ET DIAMANT\" \/>\n<meta property=\"og:description\" content=\"Bague en or blanc et diamant de Maison Roca, une pi\u00e8ce exclusive qui allie l&#039;\u00e9l\u00e9gance de l&#039;or blanc \u00e0 l&#039;\u00e9clat des diamants.\" \/>\n<meta property=\"og:url\" content=\"https:\/\/maisonroca.ad\/fr\/boutique\/bague-maison-roca-en-or-blanc-et-diamant-7\/\" \/>\n<meta property=\"og:site_name\" content=\"Maison Roca\" \/>\n<meta property=\"article:publisher\" content=\"https:\/\/www.facebook.com\/maisonroca\" \/>\n<meta property=\"article:modified_time\" content=\"2025-01-31T11:44:05+00:00\" \/>\n<meta property=\"og:image\" content=\"https:\/\/maisonroca.ad\/wp-content\/uploads\/2025\/01\/r1101108nwa-scaled.jpg\" \/>\n\t<meta property=\"og:image:width\" content=\"2048\" \/>\n\t<meta property=\"og:image:height\" content=\"1367\" \/>\n\t<meta property=\"og:image:type\" content=\"image\/jpeg\" \/>\n<meta name=\"twitter:card\" content=\"summary_large_image\" \/>\n<meta name=\"twitter:label1\" content=\"Prix\" \/>\n\t<meta name=\"twitter:data1\" content=\"1.790,00&nbsp;&euro;\" \/>\n\t<meta name=\"twitter:label2\" content=\"Disponibilit\u00e9\" \/>\n\t<meta name=\"twitter:data2\" content=\"En stock\" \/>\n<script type=\"application\/ld+json\" class=\"yoast-schema-graph\">{\"@context\":\"https:\\\/\\\/schema.org\",\"@graph\":[{\"@type\":\"WebPage\",\"@id\":\"https:\\\/\\\/maisonroca.ad\\\/fr\\\/boutique\\\/bague-maison-roca-en-or-blanc-et-diamant-7\\\/\",\"url\":\"https:\\\/\\\/maisonroca.ad\\\/fr\\\/boutique\\\/bague-maison-roca-en-or-blanc-et-diamant-7\\\/\",\"name\":\"BAGUE MAISON ROCA EN OR BLANC ET DIAMANT - Maison Roca\",\"isPartOf\":{\"@id\":\"https:\\\/\\\/maisonroca.ad\\\/fr\\\/#website\"},\"primaryImageOfPage\":{\"@id\":\"https:\\\/\\\/maisonroca.ad\\\/fr\\\/boutique\\\/bague-maison-roca-en-or-blanc-et-diamant-7\\\/#primaryimage\"},\"image\":{\"@id\":\"https:\\\/\\\/maisonroca.ad\\\/fr\\\/boutique\\\/bague-maison-roca-en-or-blanc-et-diamant-7\\\/#primaryimage\"},\"thumbnailUrl\":\"https:\\\/\\\/maisonroca.ad\\\/wp-content\\\/uploads\\\/2025\\\/01\\\/r1101108nwa-scaled.jpg\",\"datePublished\":\"2025-01-31T11:35:54+00:00\",\"dateModified\":\"2025-01-31T11:44:05+00:00\",\"description\":\"Bague en or blanc et diamant de Maison Roca, une pi\u00e8ce exclusive qui allie l'\u00e9l\u00e9gance de l'or blanc \u00e0 l'\u00e9clat des diamants.\",\"breadcrumb\":{\"@id\":\"https:\\\/\\\/maisonroca.ad\\\/fr\\\/boutique\\\/bague-maison-roca-en-or-blanc-et-diamant-7\\\/#breadcrumb\"},\"inLanguage\":\"fr-FR\",\"potentialAction\":[{\"@type\":\"ReadAction\",\"target\":[\"https:\\\/\\\/maisonroca.ad\\\/fr\\\/boutique\\\/bague-maison-roca-en-or-blanc-et-diamant-7\\\/\"]}]},{\"@type\":\"ImageObject\",\"inLanguage\":\"fr-FR\",\"@id\":\"https:\\\/\\\/maisonroca.ad\\\/fr\\\/boutique\\\/bague-maison-roca-en-or-blanc-et-diamant-7\\\/#primaryimage\",\"url\":\"https:\\\/\\\/maisonroca.ad\\\/wp-content\\\/uploads\\\/2025\\\/01\\\/r1101108nwa-scaled.jpg\",\"contentUrl\":\"https:\\\/\\\/maisonroca.ad\\\/wp-content\\\/uploads\\\/2025\\\/01\\\/r1101108nwa-scaled.jpg\",\"width\":2048,\"height\":1367,\"caption\":\"maison-roca-andorra-maison-roca-anell-or-blanc-diamant\"},{\"@type\":\"BreadcrumbList\",\"@id\":\"https:\\\/\\\/maisonroca.ad\\\/fr\\\/boutique\\\/bague-maison-roca-en-or-blanc-et-diamant-7\\\/#breadcrumb\",\"itemListElement\":[{\"@type\":\"ListItem\",\"position\":1,\"name\":\"Portada\",\"item\":\"https:\\\/\\\/maisonroca.ad\\\/fr\\\/\"},{\"@type\":\"ListItem\",\"position\":2,\"name\":\"Botiga\",\"item\":\"https:\\\/\\\/maisonroca.ad\\\/botiga\\\/\"},{\"@type\":\"ListItem\",\"position\":3,\"name\":\"BAGUE MAISON ROCA EN OR BLANC ET DIAMANT\"}]},{\"@type\":\"WebSite\",\"@id\":\"https:\\\/\\\/maisonroca.ad\\\/fr\\\/#website\",\"url\":\"https:\\\/\\\/maisonroca.ad\\\/fr\\\/\",\"name\":\"Maison Roca\",\"description\":\"Bold Luxury Life - joieria d&#039;autor - Andorra\",\"publisher\":{\"@id\":\"https:\\\/\\\/maisonroca.ad\\\/fr\\\/#organization\"},\"potentialAction\":[{\"@type\":\"SearchAction\",\"target\":{\"@type\":\"EntryPoint\",\"urlTemplate\":\"https:\\\/\\\/maisonroca.ad\\\/fr\\\/?s={search_term_string}\"},\"query-input\":{\"@type\":\"PropertyValueSpecification\",\"valueRequired\":true,\"valueName\":\"search_term_string\"}}],\"inLanguage\":\"fr-FR\"},{\"@type\":\"Organization\",\"@id\":\"https:\\\/\\\/maisonroca.ad\\\/fr\\\/#organization\",\"name\":\"Maison Roca\",\"url\":\"https:\\\/\\\/maisonroca.ad\\\/fr\\\/\",\"logo\":{\"@type\":\"ImageObject\",\"inLanguage\":\"fr-FR\",\"@id\":\"https:\\\/\\\/maisonroca.ad\\\/fr\\\/#\\\/schema\\\/logo\\\/image\\\/\",\"url\":\"https:\\\/\\\/maisonroca.ad\\\/wp-content\\\/uploads\\\/2023\\\/10\\\/icono.png\",\"contentUrl\":\"https:\\\/\\\/maisonroca.ad\\\/wp-content\\\/uploads\\\/2023\\\/10\\\/icono.png\",\"width\":512,\"height\":512,\"caption\":\"Maison Roca\"},\"image\":{\"@id\":\"https:\\\/\\\/maisonroca.ad\\\/fr\\\/#\\\/schema\\\/logo\\\/image\\\/\"},\"sameAs\":[\"https:\\\/\\\/www.facebook.com\\\/maisonroca\",\"https:\\\/\\\/www.instagram.com\\\/maisonroca\\\/\"]}]}<\/script>\n<meta property=\"product:price:amount\" content=\"1790.00\" \/>\n<meta property=\"product:price:currency\" content=\"EUR\" \/>\n<meta property=\"og:availability\" content=\"instock\" \/>\n<meta property=\"product:availability\" content=\"instock\" \/>\n<meta property=\"product:retailer_item_id\" content=\"R1101108NWA\" \/>\n<meta property=\"product:condition\" content=\"new\" \/>\n<!-- \/ Yoast SEO Premium plugin. -->","yoast_head_json":{"title":"BAGUE MAISON ROCA EN OR BLANC ET DIAMANT - Maison Roca","description":"Bague en or blanc et diamant de Maison Roca, une pi\u00e8ce exclusive qui allie l'\u00e9l\u00e9gance de l'or blanc \u00e0 l'\u00e9clat des diamants.","robots":{"index":"index","follow":"follow","max-snippet":"max-snippet:-1","max-image-preview":"max-image-preview:large","max-video-preview":"max-video-preview:-1"},"canonical":"https:\/\/maisonroca.ad\/fr\/boutique\/bague-maison-roca-en-or-blanc-et-diamant-7\/","og_locale":"fr_FR","og_type":"article","og_title":"BAGUE MAISON ROCA EN OR BLANC ET DIAMANT","og_description":"Bague en or blanc et diamant de Maison Roca, une pi\u00e8ce exclusive qui allie l'\u00e9l\u00e9gance de l'or blanc \u00e0 l'\u00e9clat des diamants.","og_url":"https:\/\/maisonroca.ad\/fr\/boutique\/bague-maison-roca-en-or-blanc-et-diamant-7\/","og_site_name":"Maison Roca","article_publisher":"https:\/\/www.facebook.com\/maisonroca","article_modified_time":"2025-01-31T11:44:05+00:00","og_image":[{"width":2048,"height":1367,"url":"https:\/\/maisonroca.ad\/wp-content\/uploads\/2025\/01\/r1101108nwa-scaled.jpg","type":"image\/jpeg"}],"twitter_card":"summary_large_image","twitter_misc":{"Prix":"1.790,00&nbsp;&euro;","Disponibilit\u00e9":"En stock"},"schema":{"@context":"https:\/\/schema.org","@graph":[{"@type":"WebPage","@id":"https:\/\/maisonroca.ad\/fr\/boutique\/bague-maison-roca-en-or-blanc-et-diamant-7\/","url":"https:\/\/maisonroca.ad\/fr\/boutique\/bague-maison-roca-en-or-blanc-et-diamant-7\/","name":"BAGUE MAISON ROCA EN OR BLANC ET DIAMANT - Maison Roca","isPartOf":{"@id":"https:\/\/maisonroca.ad\/fr\/#website"},"primaryImageOfPage":{"@id":"https:\/\/maisonroca.ad\/fr\/boutique\/bague-maison-roca-en-or-blanc-et-diamant-7\/#primaryimage"},"image":{"@id":"https:\/\/maisonroca.ad\/fr\/boutique\/bague-maison-roca-en-or-blanc-et-diamant-7\/#primaryimage"},"thumbnailUrl":"https:\/\/maisonroca.ad\/wp-content\/uploads\/2025\/01\/r1101108nwa-scaled.jpg","datePublished":"2025-01-31T11:35:54+00:00","dateModified":"2025-01-31T11:44:05+00:00","description":"Bague en or blanc et diamant de Maison Roca, une pi\u00e8ce exclusive qui allie l'\u00e9l\u00e9gance de l'or blanc \u00e0 l'\u00e9clat des diamants.","breadcrumb":{"@id":"https:\/\/maisonroca.ad\/fr\/boutique\/bague-maison-roca-en-or-blanc-et-diamant-7\/#breadcrumb"},"inLanguage":"fr-FR","potentialAction":[{"@type":"ReadAction","target":["https:\/\/maisonroca.ad\/fr\/boutique\/bague-maison-roca-en-or-blanc-et-diamant-7\/"]}]},{"@type":"ImageObject","inLanguage":"fr-FR","@id":"https:\/\/maisonroca.ad\/fr\/boutique\/bague-maison-roca-en-or-blanc-et-diamant-7\/#primaryimage","url":"https:\/\/maisonroca.ad\/wp-content\/uploads\/2025\/01\/r1101108nwa-scaled.jpg","contentUrl":"https:\/\/maisonroca.ad\/wp-content\/uploads\/2025\/01\/r1101108nwa-scaled.jpg","width":2048,"height":1367,"caption":"maison-roca-andorra-maison-roca-anell-or-blanc-diamant"},{"@type":"BreadcrumbList","@id":"https:\/\/maisonroca.ad\/fr\/boutique\/bague-maison-roca-en-or-blanc-et-diamant-7\/#breadcrumb","itemListElement":[{"@type":"ListItem","position":1,"name":"Portada","item":"https:\/\/maisonroca.ad\/fr\/"},{"@type":"ListItem","position":2,"name":"Botiga","item":"https:\/\/maisonroca.ad\/botiga\/"},{"@type":"ListItem","position":3,"name":"BAGUE MAISON ROCA EN OR BLANC ET DIAMANT"}]},{"@type":"WebSite","@id":"https:\/\/maisonroca.ad\/fr\/#website","url":"https:\/\/maisonroca.ad\/fr\/","name":"Maison Roca","description":"Bold Luxury Life - joieria d&#039;autor - Andorra","publisher":{"@id":"https:\/\/maisonroca.ad\/fr\/#organization"},"potentialAction":[{"@type":"SearchAction","target":{"@type":"EntryPoint","urlTemplate":"https:\/\/maisonroca.ad\/fr\/?s={search_term_string}"},"query-input":{"@type":"PropertyValueSpecification","valueRequired":true,"valueName":"search_term_string"}}],"inLanguage":"fr-FR"},{"@type":"Organization","@id":"https:\/\/maisonroca.ad\/fr\/#organization","name":"Maison Roca","url":"https:\/\/maisonroca.ad\/fr\/","logo":{"@type":"ImageObject","inLanguage":"fr-FR","@id":"https:\/\/maisonroca.ad\/fr\/#\/schema\/logo\/image\/","url":"https:\/\/maisonroca.ad\/wp-content\/uploads\/2023\/10\/icono.png","contentUrl":"https:\/\/maisonroca.ad\/wp-content\/uploads\/2023\/10\/icono.png","width":512,"height":512,"caption":"Maison Roca"},"image":{"@id":"https:\/\/maisonroca.ad\/fr\/#\/schema\/logo\/image\/"},"sameAs":["https:\/\/www.facebook.com\/maisonroca","https:\/\/www.instagram.com\/maisonroca\/"]}]},"product_price_amount":"1790.00","product_price_currency":"EUR","og_availability":"instock","product_availability":"instock","product_retailer_item_id":"R1101108NWA","product_condition":"new"},"_links":{"self":[{"href":"https:\/\/maisonroca.ad\/fr\/wp-json\/wp\/v2\/product\/69658","targetHints":{"allow":["GET"]}}],"collection":[{"href":"https:\/\/maisonroca.ad\/fr\/wp-json\/wp\/v2\/product"}],"about":[{"href":"https:\/\/maisonroca.ad\/fr\/wp-json\/wp\/v2\/types\/product"}],"replies":[{"embeddable":true,"href":"https:\/\/maisonroca.ad\/fr\/wp-json\/wp\/v2\/comments?post=69658"}],"version-history":[{"count":1,"href":"https:\/\/maisonroca.ad\/fr\/wp-json\/wp\/v2\/product\/69658\/revisions"}],"predecessor-version":[{"id":69659,"href":"https:\/\/maisonroca.ad\/fr\/wp-json\/wp\/v2\/product\/69658\/revisions\/69659"}],"wp:featuredmedia":[{"embeddable":true,"href":"https:\/\/maisonroca.ad\/fr\/wp-json\/wp\/v2\/media\/69651"}],"wp:attachment":[{"href":"https:\/\/maisonroca.ad\/fr\/wp-json\/wp\/v2\/media?parent=69658"}],"wp:term":[{"taxonomy":"product_brand","embeddable":true,"href":"https:\/\/maisonroca.ad\/fr\/wp-json\/wp\/v2\/product_brand?post=69658"},{"taxonomy":"product_cat","embeddable":true,"href":"https:\/\/maisonroca.ad\/fr\/wp-json\/wp\/v2\/product_cat?post=69658"},{"taxonomy":"product_tag","embeddable":true,"href":"https:\/\/maisonroca.ad\/fr\/wp-json\/wp\/v2\/product_tag?post=69658"}],"curies":[{"name":"wp","href":"https:\/\/api.w.org\/{rel}","templated":true}]}}