{"id":69763,"date":"2025-01-31T16:15:06","date_gmt":"2025-01-31T15:15:06","guid":{"rendered":"https:\/\/maisonroca.ad\/?post_type=product&#038;p=69763"},"modified":"2025-01-31T16:33:17","modified_gmt":"2025-01-31T15:33:17","slug":"boucles-doreilles-maison-roca-en-or-rose-diamants-et-morganites","status":"publish","type":"product","link":"https:\/\/maisonroca.ad\/fr\/boutique\/boucles-doreilles-maison-roca-en-or-rose-diamants-et-morganites\/","title":{"rendered":"BOUCLES D&rsquo;OREILLES MAISON ROCA EN OR ROSE, DIAMANTS ET MORGANITES"},"content":{"rendered":"<p>Boucles d&rsquo;oreilles Maison Roca en or rose avec diamants et morganites. Ce design combine l&rsquo;\u00e9l\u00e9gance de l&rsquo;or rose avec l&rsquo;\u00e9clat des diamants et la couleur d\u00e9licate des morganites.<\/p>\n<p>D\u00e9tails:<\/p>\n<ul>\n<li>Or rose 18k<\/li>\n<li>32 diamants 0,18 ct ghsi<\/li>\n<li>2 morganites 1,70 ct<\/li>\n<\/ul>\n","protected":false},"excerpt":{"rendered":"<p>Boucles d&rsquo;oreilles Maison Roca en or rose avec diamants et morganites. Ce design combine l&rsquo;\u00e9l\u00e9gance de l&rsquo;or rose avec l&rsquo;\u00e9clat des diamants et la couleur d\u00e9licate des morganites.<\/p>\n","protected":false},"featured_media":69760,"comment_status":"open","ping_status":"closed","template":"","meta":{"_acf_changed":false,"_monsterinsights_skip_tracking":false,"_monsterinsights_sitenote_active":false,"_monsterinsights_sitenote_note":"","_monsterinsights_sitenote_category":0},"product_brand":[],"product_cat":[1244,1270],"product_tag":[2658,2661],"class_list":{"0":"post-69763","1":"product","2":"type-product","3":"status-publish","4":"has-post-thumbnail","6":"product_cat-bijou","7":"product_cat-maison-roca-fr","8":"product_tag-maison-roca-fr","9":"product_tag-morganites-fr","11":"first","12":"instock","13":"shipping-taxable","14":"product-type-simple"},"acf":[],"yoast_head":"<!-- This site is optimized with the Yoast SEO Premium plugin v26.8 (Yoast SEO v27.4) - https:\/\/yoast.com\/product\/yoast-seo-premium-wordpress\/ -->\n<title>BOUCLES D&#039;OREILLES DIAMANTS ET MORGANITES<\/title>\n<meta name=\"description\" content=\"Les boucles d\u2019oreilles Maison Roca en or rose, diamants et morganites rayonnent d\u2019\u00e9l\u00e9gance, d\u00e9licatesse et sont le compl\u00e9ment parfait pour un style raffin\u00e9.\" \/>\n<meta name=\"robots\" content=\"index, follow, max-snippet:-1, max-image-preview:large, max-video-preview:-1\" \/>\n<link rel=\"canonical\" href=\"https:\/\/maisonroca.ad\/fr\/boutique\/boucles-doreilles-maison-roca-en-or-rose-diamants-et-morganites\/\" \/>\n<meta property=\"og:locale\" content=\"fr_FR\" \/>\n<meta property=\"og:type\" content=\"article\" \/>\n<meta property=\"og:title\" content=\"BOUCLES D&#039;OREILLES MAISON ROCA EN OR ROSE, DIAMANTS ET MORGANITES\" \/>\n<meta property=\"og:description\" content=\"Les boucles d\u2019oreilles Maison Roca en or rose, diamants et morganites rayonnent d\u2019\u00e9l\u00e9gance, d\u00e9licatesse et sont le compl\u00e9ment parfait pour un style raffin\u00e9.\" \/>\n<meta property=\"og:url\" content=\"https:\/\/maisonroca.ad\/fr\/boutique\/boucles-doreilles-maison-roca-en-or-rose-diamants-et-morganites\/\" \/>\n<meta property=\"og:site_name\" content=\"Maison Roca\" \/>\n<meta property=\"article:publisher\" content=\"https:\/\/www.facebook.com\/maisonroca\" \/>\n<meta property=\"article:modified_time\" content=\"2025-01-31T15:33:17+00:00\" \/>\n<meta property=\"og:image\" content=\"https:\/\/maisonroca.ad\/wp-content\/uploads\/2025\/01\/e2880012gpn-scaled.jpg\" \/>\n\t<meta property=\"og:image:width\" content=\"2048\" \/>\n\t<meta property=\"og:image:height\" content=\"1367\" \/>\n\t<meta property=\"og:image:type\" content=\"image\/jpeg\" \/>\n<meta name=\"twitter:card\" content=\"summary_large_image\" \/>\n<meta name=\"twitter:label1\" content=\"Prix\" \/>\n\t<meta name=\"twitter:data1\" content=\"\" \/>\n\t<meta name=\"twitter:label2\" content=\"Disponibilit\u00e9\" \/>\n\t<meta name=\"twitter:data2\" content=\"En stock\" \/>\n<script type=\"application\/ld+json\" class=\"yoast-schema-graph\">{\"@context\":\"https:\\\/\\\/schema.org\",\"@graph\":[{\"@type\":\"WebPage\",\"@id\":\"https:\\\/\\\/maisonroca.ad\\\/fr\\\/boutique\\\/boucles-doreilles-maison-roca-en-or-rose-diamants-et-morganites\\\/\",\"url\":\"https:\\\/\\\/maisonroca.ad\\\/fr\\\/boutique\\\/boucles-doreilles-maison-roca-en-or-rose-diamants-et-morganites\\\/\",\"name\":\"BOUCLES D'OREILLES DIAMANTS ET MORGANITES\",\"isPartOf\":{\"@id\":\"https:\\\/\\\/maisonroca.ad\\\/fr\\\/#website\"},\"primaryImageOfPage\":{\"@id\":\"https:\\\/\\\/maisonroca.ad\\\/fr\\\/boutique\\\/boucles-doreilles-maison-roca-en-or-rose-diamants-et-morganites\\\/#primaryimage\"},\"image\":{\"@id\":\"https:\\\/\\\/maisonroca.ad\\\/fr\\\/boutique\\\/boucles-doreilles-maison-roca-en-or-rose-diamants-et-morganites\\\/#primaryimage\"},\"thumbnailUrl\":\"https:\\\/\\\/maisonroca.ad\\\/wp-content\\\/uploads\\\/2025\\\/01\\\/e2880012gpn-scaled.jpg\",\"datePublished\":\"2025-01-31T15:15:06+00:00\",\"dateModified\":\"2025-01-31T15:33:17+00:00\",\"description\":\"Les boucles d\u2019oreilles Maison Roca en or rose, diamants et morganites rayonnent d\u2019\u00e9l\u00e9gance, d\u00e9licatesse et sont le compl\u00e9ment parfait pour un style raffin\u00e9.\",\"breadcrumb\":{\"@id\":\"https:\\\/\\\/maisonroca.ad\\\/fr\\\/boutique\\\/boucles-doreilles-maison-roca-en-or-rose-diamants-et-morganites\\\/#breadcrumb\"},\"inLanguage\":\"fr-FR\",\"potentialAction\":[{\"@type\":\"ReadAction\",\"target\":[\"https:\\\/\\\/maisonroca.ad\\\/fr\\\/boutique\\\/boucles-doreilles-maison-roca-en-or-rose-diamants-et-morganites\\\/\"]}]},{\"@type\":\"ImageObject\",\"inLanguage\":\"fr-FR\",\"@id\":\"https:\\\/\\\/maisonroca.ad\\\/fr\\\/boutique\\\/boucles-doreilles-maison-roca-en-or-rose-diamants-et-morganites\\\/#primaryimage\",\"url\":\"https:\\\/\\\/maisonroca.ad\\\/wp-content\\\/uploads\\\/2025\\\/01\\\/e2880012gpn-scaled.jpg\",\"contentUrl\":\"https:\\\/\\\/maisonroca.ad\\\/wp-content\\\/uploads\\\/2025\\\/01\\\/e2880012gpn-scaled.jpg\",\"width\":2048,\"height\":1367,\"caption\":\"maison-roca-andorra-maison-roca-arracades-or-rosa-diamants-morganites\"},{\"@type\":\"BreadcrumbList\",\"@id\":\"https:\\\/\\\/maisonroca.ad\\\/fr\\\/boutique\\\/boucles-doreilles-maison-roca-en-or-rose-diamants-et-morganites\\\/#breadcrumb\",\"itemListElement\":[{\"@type\":\"ListItem\",\"position\":1,\"name\":\"Portada\",\"item\":\"https:\\\/\\\/maisonroca.ad\\\/fr\\\/\"},{\"@type\":\"ListItem\",\"position\":2,\"name\":\"Botiga\",\"item\":\"https:\\\/\\\/maisonroca.ad\\\/botiga\\\/\"},{\"@type\":\"ListItem\",\"position\":3,\"name\":\"BOUCLES D&#8217;OREILLES MAISON ROCA EN OR ROSE, DIAMANTS ET MORGANITES\"}]},{\"@type\":\"WebSite\",\"@id\":\"https:\\\/\\\/maisonroca.ad\\\/fr\\\/#website\",\"url\":\"https:\\\/\\\/maisonroca.ad\\\/fr\\\/\",\"name\":\"Maison Roca\",\"description\":\"Bold Luxury Life - joieria d&#039;autor - Andorra\",\"publisher\":{\"@id\":\"https:\\\/\\\/maisonroca.ad\\\/fr\\\/#organization\"},\"potentialAction\":[{\"@type\":\"SearchAction\",\"target\":{\"@type\":\"EntryPoint\",\"urlTemplate\":\"https:\\\/\\\/maisonroca.ad\\\/fr\\\/?s={search_term_string}\"},\"query-input\":{\"@type\":\"PropertyValueSpecification\",\"valueRequired\":true,\"valueName\":\"search_term_string\"}}],\"inLanguage\":\"fr-FR\"},{\"@type\":\"Organization\",\"@id\":\"https:\\\/\\\/maisonroca.ad\\\/fr\\\/#organization\",\"name\":\"Maison Roca\",\"url\":\"https:\\\/\\\/maisonroca.ad\\\/fr\\\/\",\"logo\":{\"@type\":\"ImageObject\",\"inLanguage\":\"fr-FR\",\"@id\":\"https:\\\/\\\/maisonroca.ad\\\/fr\\\/#\\\/schema\\\/logo\\\/image\\\/\",\"url\":\"https:\\\/\\\/maisonroca.ad\\\/wp-content\\\/uploads\\\/2023\\\/10\\\/icono.png\",\"contentUrl\":\"https:\\\/\\\/maisonroca.ad\\\/wp-content\\\/uploads\\\/2023\\\/10\\\/icono.png\",\"width\":512,\"height\":512,\"caption\":\"Maison Roca\"},\"image\":{\"@id\":\"https:\\\/\\\/maisonroca.ad\\\/fr\\\/#\\\/schema\\\/logo\\\/image\\\/\"},\"sameAs\":[\"https:\\\/\\\/www.facebook.com\\\/maisonroca\",\"https:\\\/\\\/www.instagram.com\\\/maisonroca\\\/\"]}]}<\/script>\n<meta property=\"product:price:currency\" content=\"EUR\" \/>\n<meta property=\"og:availability\" content=\"instock\" \/>\n<meta property=\"product:availability\" content=\"instock\" \/>\n<meta property=\"product:condition\" content=\"new\" \/>\n<!-- \/ Yoast SEO Premium plugin. -->","yoast_head_json":{"title":"BOUCLES D'OREILLES DIAMANTS ET MORGANITES","description":"Les boucles d\u2019oreilles Maison Roca en or rose, diamants et morganites rayonnent d\u2019\u00e9l\u00e9gance, d\u00e9licatesse et sont le compl\u00e9ment parfait pour un style raffin\u00e9.","robots":{"index":"index","follow":"follow","max-snippet":"max-snippet:-1","max-image-preview":"max-image-preview:large","max-video-preview":"max-video-preview:-1"},"canonical":"https:\/\/maisonroca.ad\/fr\/boutique\/boucles-doreilles-maison-roca-en-or-rose-diamants-et-morganites\/","og_locale":"fr_FR","og_type":"article","og_title":"BOUCLES D'OREILLES MAISON ROCA EN OR ROSE, DIAMANTS ET MORGANITES","og_description":"Les boucles d\u2019oreilles Maison Roca en or rose, diamants et morganites rayonnent d\u2019\u00e9l\u00e9gance, d\u00e9licatesse et sont le compl\u00e9ment parfait pour un style raffin\u00e9.","og_url":"https:\/\/maisonroca.ad\/fr\/boutique\/boucles-doreilles-maison-roca-en-or-rose-diamants-et-morganites\/","og_site_name":"Maison Roca","article_publisher":"https:\/\/www.facebook.com\/maisonroca","article_modified_time":"2025-01-31T15:33:17+00:00","og_image":[{"width":2048,"height":1367,"url":"https:\/\/maisonroca.ad\/wp-content\/uploads\/2025\/01\/e2880012gpn-scaled.jpg","type":"image\/jpeg"}],"twitter_card":"summary_large_image","twitter_misc":{"Prix":"","Disponibilit\u00e9":"En stock"},"schema":{"@context":"https:\/\/schema.org","@graph":[{"@type":"WebPage","@id":"https:\/\/maisonroca.ad\/fr\/boutique\/boucles-doreilles-maison-roca-en-or-rose-diamants-et-morganites\/","url":"https:\/\/maisonroca.ad\/fr\/boutique\/boucles-doreilles-maison-roca-en-or-rose-diamants-et-morganites\/","name":"BOUCLES D'OREILLES DIAMANTS ET MORGANITES","isPartOf":{"@id":"https:\/\/maisonroca.ad\/fr\/#website"},"primaryImageOfPage":{"@id":"https:\/\/maisonroca.ad\/fr\/boutique\/boucles-doreilles-maison-roca-en-or-rose-diamants-et-morganites\/#primaryimage"},"image":{"@id":"https:\/\/maisonroca.ad\/fr\/boutique\/boucles-doreilles-maison-roca-en-or-rose-diamants-et-morganites\/#primaryimage"},"thumbnailUrl":"https:\/\/maisonroca.ad\/wp-content\/uploads\/2025\/01\/e2880012gpn-scaled.jpg","datePublished":"2025-01-31T15:15:06+00:00","dateModified":"2025-01-31T15:33:17+00:00","description":"Les boucles d\u2019oreilles Maison Roca en or rose, diamants et morganites rayonnent d\u2019\u00e9l\u00e9gance, d\u00e9licatesse et sont le compl\u00e9ment parfait pour un style raffin\u00e9.","breadcrumb":{"@id":"https:\/\/maisonroca.ad\/fr\/boutique\/boucles-doreilles-maison-roca-en-or-rose-diamants-et-morganites\/#breadcrumb"},"inLanguage":"fr-FR","potentialAction":[{"@type":"ReadAction","target":["https:\/\/maisonroca.ad\/fr\/boutique\/boucles-doreilles-maison-roca-en-or-rose-diamants-et-morganites\/"]}]},{"@type":"ImageObject","inLanguage":"fr-FR","@id":"https:\/\/maisonroca.ad\/fr\/boutique\/boucles-doreilles-maison-roca-en-or-rose-diamants-et-morganites\/#primaryimage","url":"https:\/\/maisonroca.ad\/wp-content\/uploads\/2025\/01\/e2880012gpn-scaled.jpg","contentUrl":"https:\/\/maisonroca.ad\/wp-content\/uploads\/2025\/01\/e2880012gpn-scaled.jpg","width":2048,"height":1367,"caption":"maison-roca-andorra-maison-roca-arracades-or-rosa-diamants-morganites"},{"@type":"BreadcrumbList","@id":"https:\/\/maisonroca.ad\/fr\/boutique\/boucles-doreilles-maison-roca-en-or-rose-diamants-et-morganites\/#breadcrumb","itemListElement":[{"@type":"ListItem","position":1,"name":"Portada","item":"https:\/\/maisonroca.ad\/fr\/"},{"@type":"ListItem","position":2,"name":"Botiga","item":"https:\/\/maisonroca.ad\/botiga\/"},{"@type":"ListItem","position":3,"name":"BOUCLES D&#8217;OREILLES MAISON ROCA EN OR ROSE, DIAMANTS ET MORGANITES"}]},{"@type":"WebSite","@id":"https:\/\/maisonroca.ad\/fr\/#website","url":"https:\/\/maisonroca.ad\/fr\/","name":"Maison Roca","description":"Bold Luxury Life - joieria d&#039;autor - Andorra","publisher":{"@id":"https:\/\/maisonroca.ad\/fr\/#organization"},"potentialAction":[{"@type":"SearchAction","target":{"@type":"EntryPoint","urlTemplate":"https:\/\/maisonroca.ad\/fr\/?s={search_term_string}"},"query-input":{"@type":"PropertyValueSpecification","valueRequired":true,"valueName":"search_term_string"}}],"inLanguage":"fr-FR"},{"@type":"Organization","@id":"https:\/\/maisonroca.ad\/fr\/#organization","name":"Maison Roca","url":"https:\/\/maisonroca.ad\/fr\/","logo":{"@type":"ImageObject","inLanguage":"fr-FR","@id":"https:\/\/maisonroca.ad\/fr\/#\/schema\/logo\/image\/","url":"https:\/\/maisonroca.ad\/wp-content\/uploads\/2023\/10\/icono.png","contentUrl":"https:\/\/maisonroca.ad\/wp-content\/uploads\/2023\/10\/icono.png","width":512,"height":512,"caption":"Maison Roca"},"image":{"@id":"https:\/\/maisonroca.ad\/fr\/#\/schema\/logo\/image\/"},"sameAs":["https:\/\/www.facebook.com\/maisonroca","https:\/\/www.instagram.com\/maisonroca\/"]}]},"product_price_currency":"EUR","og_availability":"instock","product_availability":"instock","product_condition":"new"},"_links":{"self":[{"href":"https:\/\/maisonroca.ad\/fr\/wp-json\/wp\/v2\/product\/69763","targetHints":{"allow":["GET"]}}],"collection":[{"href":"https:\/\/maisonroca.ad\/fr\/wp-json\/wp\/v2\/product"}],"about":[{"href":"https:\/\/maisonroca.ad\/fr\/wp-json\/wp\/v2\/types\/product"}],"replies":[{"embeddable":true,"href":"https:\/\/maisonroca.ad\/fr\/wp-json\/wp\/v2\/comments?post=69763"}],"version-history":[{"count":1,"href":"https:\/\/maisonroca.ad\/fr\/wp-json\/wp\/v2\/product\/69763\/revisions"}],"predecessor-version":[{"id":69764,"href":"https:\/\/maisonroca.ad\/fr\/wp-json\/wp\/v2\/product\/69763\/revisions\/69764"}],"wp:featuredmedia":[{"embeddable":true,"href":"https:\/\/maisonroca.ad\/fr\/wp-json\/wp\/v2\/media\/69760"}],"wp:attachment":[{"href":"https:\/\/maisonroca.ad\/fr\/wp-json\/wp\/v2\/media?parent=69763"}],"wp:term":[{"taxonomy":"product_brand","embeddable":true,"href":"https:\/\/maisonroca.ad\/fr\/wp-json\/wp\/v2\/product_brand?post=69763"},{"taxonomy":"product_cat","embeddable":true,"href":"https:\/\/maisonroca.ad\/fr\/wp-json\/wp\/v2\/product_cat?post=69763"},{"taxonomy":"product_tag","embeddable":true,"href":"https:\/\/maisonroca.ad\/fr\/wp-json\/wp\/v2\/product_tag?post=69763"}],"curies":[{"name":"wp","href":"https:\/\/api.w.org\/{rel}","templated":true}]}}