{"id":70044,"date":"2025-02-06T10:45:35","date_gmt":"2025-02-06T09:45:35","guid":{"rendered":"https:\/\/maisonroca.ad\/?post_type=product&#038;p=70044"},"modified":"2026-02-24T19:47:08","modified_gmt":"2026-02-24T18:47:08","slug":"collier-fred-pretty-woman-sunlight-amour-or-rose-et-pave-diamants","status":"publish","type":"product","link":"https:\/\/maisonroca.ad\/fr\/boutique\/collier-fred-pretty-woman-sunlight-amour-or-rose-et-pave-diamants\/","title":{"rendered":"Collier FRED \u00ab\u00a0AMOUR\u00a0\u00bb Pretty Woman Sunlight Message in or rose et diamants"},"content":{"rendered":"<p>Collier FRED \u00ab\u00a0AMOUR\u00a0\u00bb Pretty Woman Sunlight Message moyen mod\u00e8le en or rose et pav\u00e9 de diamants.<\/p>\n<p>Seuls les rayons de lumi\u00e8re peuvent r\u00e9v\u00e9ler un message grav\u00e9 secr\u00e8tement \u00e0 l&rsquo;arri\u00e8re du bijou, \u00e9voquant les reflets du soleil sur la mer et cr\u00e9ant des caustiques fascinants.<\/p>\n<p>Ce collier Pretty Woman, fabriqu\u00e9 en or rose, pr\u00e9sente des diamants sur un c\u00f4t\u00e9 et porte un message secret \u00ab\u00a0AMOUR\u00a0\u00bb \u00e0 l&rsquo;arri\u00e8re. Ce message n&rsquo;est pas visible \u00e0 l&rsquo;\u0153il nu et ne peut \u00eatre r\u00e9v\u00e9l\u00e9 qu&rsquo;en entrant en contact avec une source de lumi\u00e8re directe, comme les rayons du soleil, un smartphone ou une lampe de poche.<\/p>\n<p>&nbsp;<\/p>\n<p>D\u00e9tails:<\/p>\n<ul>\n<li>Or rose 18k<\/li>\n<li>Pav\u00e9 diamants<\/li>\n<\/ul>\n","protected":false},"excerpt":{"rendered":"<p>Collier FRED Pretty Woman Sunlight \u00ab\u00a0AMOUR\u00a0\u00bb moyen mod\u00e8le en or rose et pav\u00e9 de diamants. Seuls les rayons de lumi\u00e8re peuvent r\u00e9v\u00e9ler un message grav\u00e9 secr\u00e8tement \u00e0 l&rsquo;arri\u00e8re du bijou, \u00e9voquant les reflets du soleil sur la mer et cr\u00e9ant des caustiques fascinants.<\/p>\n","protected":false},"featured_media":70033,"comment_status":"open","ping_status":"closed","template":"","meta":{"_acf_changed":false,"_monsterinsights_skip_tracking":false,"_monsterinsights_sitenote_active":false,"_monsterinsights_sitenote_note":"","_monsterinsights_sitenote_category":0},"product_brand":[],"product_cat":[1244,1252],"product_tag":[3861,2192,2161,3391],"class_list":{"0":"post-70044","1":"product","2":"type-product","3":"status-publish","4":"has-post-thumbnail","6":"product_cat-bijou","7":"product_cat-fred-fr","8":"product_tag-collars","9":"product_tag-diamants-2","10":"product_tag-fred-2","11":"product_tag-or-rosa-fr","13":"first","14":"instock","15":"shipping-taxable","16":"purchasable","17":"product-type-simple"},"acf":[],"yoast_head":"<!-- This site is optimized with the Yoast SEO Premium plugin v26.8 (Yoast SEO v27.4) - https:\/\/yoast.com\/product\/yoast-seo-premium-wordpress\/ -->\n<title>Collier FRED &quot;AMOUR&quot; Pretty Woman Sunlight Message en or rose et diamants \u2013 Maison Roca<\/title>\n<meta name=\"description\" content=\"D\u00e9couvrez le collier FRED Pretty Woman Sunlight &quot;Amour&quot;, une pi\u00e8ce \u00e9l\u00e9gante et sophistiqu\u00e9e qui se distingue par son \u00e9clat et son design unique.\" \/>\n<meta name=\"robots\" content=\"index, follow, max-snippet:-1, max-image-preview:large, max-video-preview:-1\" \/>\n<link rel=\"canonical\" href=\"https:\/\/maisonroca.ad\/fr\/boutique\/collier-fred-pretty-woman-sunlight-amour-or-rose-et-pave-diamants\/\" \/>\n<meta property=\"og:locale\" content=\"fr_FR\" \/>\n<meta property=\"og:type\" content=\"article\" \/>\n<meta property=\"og:title\" content=\"Collier FRED &quot;AMOUR&quot; Pretty Woman Sunlight Message in or rose et diamants\" \/>\n<meta property=\"og:description\" content=\"D\u00e9couvrez le collier FRED Pretty Woman Sunlight &quot;Amour&quot;, une pi\u00e8ce \u00e9l\u00e9gante et sophistiqu\u00e9e qui se distingue par son \u00e9clat et son design unique.\" \/>\n<meta property=\"og:url\" content=\"https:\/\/maisonroca.ad\/fr\/boutique\/collier-fred-pretty-woman-sunlight-amour-or-rose-et-pave-diamants\/\" \/>\n<meta property=\"og:site_name\" content=\"Maison Roca\" \/>\n<meta property=\"article:publisher\" content=\"https:\/\/www.facebook.com\/maisonroca\" \/>\n<meta property=\"article:modified_time\" content=\"2026-02-24T18:47:08+00:00\" \/>\n<meta property=\"og:image\" content=\"https:\/\/maisonroca.ad\/wp-content\/uploads\/2025\/02\/7B03742.jpg\" \/>\n\t<meta property=\"og:image:width\" content=\"1080\" \/>\n\t<meta property=\"og:image:height\" content=\"1080\" \/>\n\t<meta property=\"og:image:type\" content=\"image\/jpeg\" \/>\n<meta name=\"twitter:card\" content=\"summary_large_image\" \/>\n<meta name=\"twitter:label1\" content=\"Prix\" \/>\n\t<meta name=\"twitter:data1\" content=\"3.732,00&nbsp;&euro;\" \/>\n\t<meta name=\"twitter:label2\" content=\"Disponibilit\u00e9\" \/>\n\t<meta name=\"twitter:data2\" content=\"En stock\" \/>\n<script type=\"application\/ld+json\" class=\"yoast-schema-graph\">{\"@context\":\"https:\\\/\\\/schema.org\",\"@graph\":[{\"@type\":\"WebPage\",\"@id\":\"https:\\\/\\\/maisonroca.ad\\\/fr\\\/boutique\\\/collier-fred-pretty-woman-sunlight-amour-or-rose-et-pave-diamants\\\/\",\"url\":\"https:\\\/\\\/maisonroca.ad\\\/fr\\\/boutique\\\/collier-fred-pretty-woman-sunlight-amour-or-rose-et-pave-diamants\\\/\",\"name\":\"Collier FRED \\\"AMOUR\\\" Pretty Woman Sunlight Message en or rose et diamants \u2013 Maison Roca\",\"isPartOf\":{\"@id\":\"https:\\\/\\\/maisonroca.ad\\\/fr\\\/#website\"},\"primaryImageOfPage\":{\"@id\":\"https:\\\/\\\/maisonroca.ad\\\/fr\\\/boutique\\\/collier-fred-pretty-woman-sunlight-amour-or-rose-et-pave-diamants\\\/#primaryimage\"},\"image\":{\"@id\":\"https:\\\/\\\/maisonroca.ad\\\/fr\\\/boutique\\\/collier-fred-pretty-woman-sunlight-amour-or-rose-et-pave-diamants\\\/#primaryimage\"},\"thumbnailUrl\":\"https:\\\/\\\/maisonroca.ad\\\/wp-content\\\/uploads\\\/2025\\\/02\\\/7B03742.jpg\",\"datePublished\":\"2025-02-06T09:45:35+00:00\",\"dateModified\":\"2026-02-24T18:47:08+00:00\",\"description\":\"D\u00e9couvrez le collier FRED Pretty Woman Sunlight \\\"Amour\\\", une pi\u00e8ce \u00e9l\u00e9gante et sophistiqu\u00e9e qui se distingue par son \u00e9clat et son design unique.\",\"breadcrumb\":{\"@id\":\"https:\\\/\\\/maisonroca.ad\\\/fr\\\/boutique\\\/collier-fred-pretty-woman-sunlight-amour-or-rose-et-pave-diamants\\\/#breadcrumb\"},\"inLanguage\":\"fr-FR\",\"potentialAction\":[{\"@type\":\"ReadAction\",\"target\":[\"https:\\\/\\\/maisonroca.ad\\\/fr\\\/boutique\\\/collier-fred-pretty-woman-sunlight-amour-or-rose-et-pave-diamants\\\/\"]}]},{\"@type\":\"ImageObject\",\"inLanguage\":\"fr-FR\",\"@id\":\"https:\\\/\\\/maisonroca.ad\\\/fr\\\/boutique\\\/collier-fred-pretty-woman-sunlight-amour-or-rose-et-pave-diamants\\\/#primaryimage\",\"url\":\"https:\\\/\\\/maisonroca.ad\\\/wp-content\\\/uploads\\\/2025\\\/02\\\/7B03742.jpg\",\"contentUrl\":\"https:\\\/\\\/maisonroca.ad\\\/wp-content\\\/uploads\\\/2025\\\/02\\\/7B03742.jpg\",\"width\":1080,\"height\":1080,\"caption\":\"maison-roca-andorra-fred-collar-pretty-woman-sunlight-amour-mm-or-rosa-pavee-diamants\"},{\"@type\":\"BreadcrumbList\",\"@id\":\"https:\\\/\\\/maisonroca.ad\\\/fr\\\/boutique\\\/collier-fred-pretty-woman-sunlight-amour-or-rose-et-pave-diamants\\\/#breadcrumb\",\"itemListElement\":[{\"@type\":\"ListItem\",\"position\":1,\"name\":\"Portada\",\"item\":\"https:\\\/\\\/maisonroca.ad\\\/fr\\\/\"},{\"@type\":\"ListItem\",\"position\":2,\"name\":\"Botiga\",\"item\":\"https:\\\/\\\/maisonroca.ad\\\/botiga\\\/\"},{\"@type\":\"ListItem\",\"position\":3,\"name\":\"Collier FRED &#8220;AMOUR&#8221; Pretty Woman Sunlight Message in or rose et diamants\"}]},{\"@type\":\"WebSite\",\"@id\":\"https:\\\/\\\/maisonroca.ad\\\/fr\\\/#website\",\"url\":\"https:\\\/\\\/maisonroca.ad\\\/fr\\\/\",\"name\":\"Maison Roca\",\"description\":\"Bold Luxury Life - joieria d&#039;autor - Andorra\",\"publisher\":{\"@id\":\"https:\\\/\\\/maisonroca.ad\\\/fr\\\/#organization\"},\"potentialAction\":[{\"@type\":\"SearchAction\",\"target\":{\"@type\":\"EntryPoint\",\"urlTemplate\":\"https:\\\/\\\/maisonroca.ad\\\/fr\\\/?s={search_term_string}\"},\"query-input\":{\"@type\":\"PropertyValueSpecification\",\"valueRequired\":true,\"valueName\":\"search_term_string\"}}],\"inLanguage\":\"fr-FR\"},{\"@type\":\"Organization\",\"@id\":\"https:\\\/\\\/maisonroca.ad\\\/fr\\\/#organization\",\"name\":\"Maison Roca\",\"url\":\"https:\\\/\\\/maisonroca.ad\\\/fr\\\/\",\"logo\":{\"@type\":\"ImageObject\",\"inLanguage\":\"fr-FR\",\"@id\":\"https:\\\/\\\/maisonroca.ad\\\/fr\\\/#\\\/schema\\\/logo\\\/image\\\/\",\"url\":\"https:\\\/\\\/maisonroca.ad\\\/wp-content\\\/uploads\\\/2023\\\/10\\\/icono.png\",\"contentUrl\":\"https:\\\/\\\/maisonroca.ad\\\/wp-content\\\/uploads\\\/2023\\\/10\\\/icono.png\",\"width\":512,\"height\":512,\"caption\":\"Maison Roca\"},\"image\":{\"@id\":\"https:\\\/\\\/maisonroca.ad\\\/fr\\\/#\\\/schema\\\/logo\\\/image\\\/\"},\"sameAs\":[\"https:\\\/\\\/www.facebook.com\\\/maisonroca\",\"https:\\\/\\\/www.instagram.com\\\/maisonroca\\\/\"]}]}<\/script>\n<meta property=\"product:price:amount\" content=\"3732.00\" \/>\n<meta property=\"product:price:currency\" content=\"EUR\" \/>\n<meta property=\"og:availability\" content=\"instock\" \/>\n<meta property=\"product:availability\" content=\"instock\" \/>\n<meta property=\"product:retailer_item_id\" content=\"7B0374\" \/>\n<meta property=\"product:condition\" content=\"new\" \/>\n<!-- \/ Yoast SEO Premium plugin. -->","yoast_head_json":{"title":"Collier FRED \"AMOUR\" Pretty Woman Sunlight Message en or rose et diamants \u2013 Maison Roca","description":"D\u00e9couvrez le collier FRED Pretty Woman Sunlight \"Amour\", une pi\u00e8ce \u00e9l\u00e9gante et sophistiqu\u00e9e qui se distingue par son \u00e9clat et son design unique.","robots":{"index":"index","follow":"follow","max-snippet":"max-snippet:-1","max-image-preview":"max-image-preview:large","max-video-preview":"max-video-preview:-1"},"canonical":"https:\/\/maisonroca.ad\/fr\/boutique\/collier-fred-pretty-woman-sunlight-amour-or-rose-et-pave-diamants\/","og_locale":"fr_FR","og_type":"article","og_title":"Collier FRED \"AMOUR\" Pretty Woman Sunlight Message in or rose et diamants","og_description":"D\u00e9couvrez le collier FRED Pretty Woman Sunlight \"Amour\", une pi\u00e8ce \u00e9l\u00e9gante et sophistiqu\u00e9e qui se distingue par son \u00e9clat et son design unique.","og_url":"https:\/\/maisonroca.ad\/fr\/boutique\/collier-fred-pretty-woman-sunlight-amour-or-rose-et-pave-diamants\/","og_site_name":"Maison Roca","article_publisher":"https:\/\/www.facebook.com\/maisonroca","article_modified_time":"2026-02-24T18:47:08+00:00","og_image":[{"width":1080,"height":1080,"url":"https:\/\/maisonroca.ad\/wp-content\/uploads\/2025\/02\/7B03742.jpg","type":"image\/jpeg"}],"twitter_card":"summary_large_image","twitter_misc":{"Prix":"3.732,00&nbsp;&euro;","Disponibilit\u00e9":"En stock"},"schema":{"@context":"https:\/\/schema.org","@graph":[{"@type":"WebPage","@id":"https:\/\/maisonroca.ad\/fr\/boutique\/collier-fred-pretty-woman-sunlight-amour-or-rose-et-pave-diamants\/","url":"https:\/\/maisonroca.ad\/fr\/boutique\/collier-fred-pretty-woman-sunlight-amour-or-rose-et-pave-diamants\/","name":"Collier FRED \"AMOUR\" Pretty Woman Sunlight Message en or rose et diamants \u2013 Maison Roca","isPartOf":{"@id":"https:\/\/maisonroca.ad\/fr\/#website"},"primaryImageOfPage":{"@id":"https:\/\/maisonroca.ad\/fr\/boutique\/collier-fred-pretty-woman-sunlight-amour-or-rose-et-pave-diamants\/#primaryimage"},"image":{"@id":"https:\/\/maisonroca.ad\/fr\/boutique\/collier-fred-pretty-woman-sunlight-amour-or-rose-et-pave-diamants\/#primaryimage"},"thumbnailUrl":"https:\/\/maisonroca.ad\/wp-content\/uploads\/2025\/02\/7B03742.jpg","datePublished":"2025-02-06T09:45:35+00:00","dateModified":"2026-02-24T18:47:08+00:00","description":"D\u00e9couvrez le collier FRED Pretty Woman Sunlight \"Amour\", une pi\u00e8ce \u00e9l\u00e9gante et sophistiqu\u00e9e qui se distingue par son \u00e9clat et son design unique.","breadcrumb":{"@id":"https:\/\/maisonroca.ad\/fr\/boutique\/collier-fred-pretty-woman-sunlight-amour-or-rose-et-pave-diamants\/#breadcrumb"},"inLanguage":"fr-FR","potentialAction":[{"@type":"ReadAction","target":["https:\/\/maisonroca.ad\/fr\/boutique\/collier-fred-pretty-woman-sunlight-amour-or-rose-et-pave-diamants\/"]}]},{"@type":"ImageObject","inLanguage":"fr-FR","@id":"https:\/\/maisonroca.ad\/fr\/boutique\/collier-fred-pretty-woman-sunlight-amour-or-rose-et-pave-diamants\/#primaryimage","url":"https:\/\/maisonroca.ad\/wp-content\/uploads\/2025\/02\/7B03742.jpg","contentUrl":"https:\/\/maisonroca.ad\/wp-content\/uploads\/2025\/02\/7B03742.jpg","width":1080,"height":1080,"caption":"maison-roca-andorra-fred-collar-pretty-woman-sunlight-amour-mm-or-rosa-pavee-diamants"},{"@type":"BreadcrumbList","@id":"https:\/\/maisonroca.ad\/fr\/boutique\/collier-fred-pretty-woman-sunlight-amour-or-rose-et-pave-diamants\/#breadcrumb","itemListElement":[{"@type":"ListItem","position":1,"name":"Portada","item":"https:\/\/maisonroca.ad\/fr\/"},{"@type":"ListItem","position":2,"name":"Botiga","item":"https:\/\/maisonroca.ad\/botiga\/"},{"@type":"ListItem","position":3,"name":"Collier FRED &#8220;AMOUR&#8221; Pretty Woman Sunlight Message in or rose et diamants"}]},{"@type":"WebSite","@id":"https:\/\/maisonroca.ad\/fr\/#website","url":"https:\/\/maisonroca.ad\/fr\/","name":"Maison Roca","description":"Bold Luxury Life - joieria d&#039;autor - Andorra","publisher":{"@id":"https:\/\/maisonroca.ad\/fr\/#organization"},"potentialAction":[{"@type":"SearchAction","target":{"@type":"EntryPoint","urlTemplate":"https:\/\/maisonroca.ad\/fr\/?s={search_term_string}"},"query-input":{"@type":"PropertyValueSpecification","valueRequired":true,"valueName":"search_term_string"}}],"inLanguage":"fr-FR"},{"@type":"Organization","@id":"https:\/\/maisonroca.ad\/fr\/#organization","name":"Maison Roca","url":"https:\/\/maisonroca.ad\/fr\/","logo":{"@type":"ImageObject","inLanguage":"fr-FR","@id":"https:\/\/maisonroca.ad\/fr\/#\/schema\/logo\/image\/","url":"https:\/\/maisonroca.ad\/wp-content\/uploads\/2023\/10\/icono.png","contentUrl":"https:\/\/maisonroca.ad\/wp-content\/uploads\/2023\/10\/icono.png","width":512,"height":512,"caption":"Maison Roca"},"image":{"@id":"https:\/\/maisonroca.ad\/fr\/#\/schema\/logo\/image\/"},"sameAs":["https:\/\/www.facebook.com\/maisonroca","https:\/\/www.instagram.com\/maisonroca\/"]}]},"product_price_amount":"3732.00","product_price_currency":"EUR","og_availability":"instock","product_availability":"instock","product_retailer_item_id":"7B0374","product_condition":"new"},"_links":{"self":[{"href":"https:\/\/maisonroca.ad\/fr\/wp-json\/wp\/v2\/product\/70044","targetHints":{"allow":["GET"]}}],"collection":[{"href":"https:\/\/maisonroca.ad\/fr\/wp-json\/wp\/v2\/product"}],"about":[{"href":"https:\/\/maisonroca.ad\/fr\/wp-json\/wp\/v2\/types\/product"}],"replies":[{"embeddable":true,"href":"https:\/\/maisonroca.ad\/fr\/wp-json\/wp\/v2\/comments?post=70044"}],"version-history":[{"count":4,"href":"https:\/\/maisonroca.ad\/fr\/wp-json\/wp\/v2\/product\/70044\/revisions"}],"predecessor-version":[{"id":84465,"href":"https:\/\/maisonroca.ad\/fr\/wp-json\/wp\/v2\/product\/70044\/revisions\/84465"}],"wp:featuredmedia":[{"embeddable":true,"href":"https:\/\/maisonroca.ad\/fr\/wp-json\/wp\/v2\/media\/70033"}],"wp:attachment":[{"href":"https:\/\/maisonroca.ad\/fr\/wp-json\/wp\/v2\/media?parent=70044"}],"wp:term":[{"taxonomy":"product_brand","embeddable":true,"href":"https:\/\/maisonroca.ad\/fr\/wp-json\/wp\/v2\/product_brand?post=70044"},{"taxonomy":"product_cat","embeddable":true,"href":"https:\/\/maisonroca.ad\/fr\/wp-json\/wp\/v2\/product_cat?post=70044"},{"taxonomy":"product_tag","embeddable":true,"href":"https:\/\/maisonroca.ad\/fr\/wp-json\/wp\/v2\/product_tag?post=70044"}],"curies":[{"name":"wp","href":"https:\/\/api.w.org\/{rel}","templated":true}]}}