{"id":70061,"date":"2025-02-06T12:11:23","date_gmt":"2025-02-06T11:11:23","guid":{"rendered":"https:\/\/maisonroca.ad\/?post_type=product&#038;p=70061"},"modified":"2025-02-10T17:04:03","modified_gmt":"2025-02-10T16:04:03","slug":"montre-garmin-fenix-8-amoled-sapphire-de-43-mm-en-acier-et-silicone","status":"publish","type":"product","link":"https:\/\/maisonroca.ad\/fr\/boutique\/montre-garmin-fenix-8-amoled-sapphire-de-43-mm-en-acier-et-silicone\/","title":{"rendered":"MONTRE GARMIN FENIX 8 AMOLED SAPPHIRE DE 43 MM EN ACIER ET SILICONE"},"content":{"rendered":"<p>Montre Garmin Fenix 8 Amoled Sapphire de 43 mm de diam\u00e8tre, bo\u00eetier en acier et bracelet en silicone. C&rsquo;est une montre connect\u00e9e premium avec GPS pour plusieurs sports, id\u00e9ale pour les aventuriers et les sportifs. La montre s&rsquo;adapte \u00e0 tous les poignets et ses fonctionnalit\u00e9s vont de l&rsquo;entra\u00eenement en force, la r\u00e9sistance \u00e0 l&rsquo;eau, un haut-parleur et un microphone internes pour les fonctions vocales, ainsi qu&rsquo;une lampe de poche LED int\u00e9gr\u00e9e.<\/p>\n<p>&nbsp;<\/p>\n<p>D\u00e9tails:<\/p>\n<ul>\n<li>Lampe LED brillante<\/li>\n<li>Jusqu&rsquo;\u00e0 22 jours d&rsquo;autonomie de la batterie<\/li>\n<li>M\u00e9triques d&rsquo;entra\u00eenement avanc\u00e9es et informations de r\u00e9cup\u00e9ration<\/li>\n<li>Technologie SATIQ et GPS multibande<\/li>\n<\/ul>\n","protected":false},"excerpt":{"rendered":"<p>Montre Garmin Fenix 8 Amoled Sapphire de 43 mm de diam\u00e8tre, bo\u00eetier en acier et bracelet en silicone. C&rsquo;est une montre connect\u00e9e premium avec GPS pour plusieurs sports, id\u00e9ale pour les aventuriers et les sportifs.<\/p>\n","protected":false},"featured_media":70078,"comment_status":"open","ping_status":"closed","template":"","meta":{"_acf_changed":false,"_monsterinsights_skip_tracking":false,"_monsterinsights_sitenote_active":false,"_monsterinsights_sitenote_note":"","_monsterinsights_sitenote_category":0},"product_brand":[],"product_cat":[1253,1245],"product_tag":[2182],"class_list":{"0":"post-70061","1":"product","2":"type-product","3":"status-publish","4":"has-post-thumbnail","6":"product_cat-garmin-fr","7":"product_cat-montres","8":"product_tag-garmin-2","10":"first","11":"instock","12":"shipping-taxable","13":"purchasable","14":"product-type-simple"},"acf":[],"yoast_head":"<!-- This site is optimized with the Yoast SEO Premium plugin v26.8 (Yoast SEO v27.4) - https:\/\/yoast.com\/product\/yoast-seo-premium-wordpress\/ -->\n<title>MONTRE GARMIN FENIX 8 AMOLED SAPPHIRE DE 43 MM<\/title>\n<meta name=\"description\" content=\"D\u00e9couvrez la montre Garmin Fenix 8 Amoled Sapphire de 43 mm, une combinaison parfaite de style et de technologie que vous trouverez chez Maison Roca.\" \/>\n<meta name=\"robots\" content=\"index, follow, max-snippet:-1, max-image-preview:large, max-video-preview:-1\" \/>\n<link rel=\"canonical\" href=\"https:\/\/maisonroca.ad\/fr\/boutique\/montre-garmin-fenix-8-amoled-sapphire-de-43-mm-en-acier-et-silicone\/\" \/>\n<meta property=\"og:locale\" content=\"fr_FR\" \/>\n<meta property=\"og:type\" content=\"article\" \/>\n<meta property=\"og:title\" content=\"MONTRE GARMIN FENIX 8 AMOLED SAPPHIRE DE 43 MM EN ACIER ET SILICONE\" \/>\n<meta property=\"og:description\" content=\"D\u00e9couvrez la montre Garmin Fenix 8 Amoled Sapphire de 43 mm, une combinaison parfaite de style et de technologie que vous trouverez chez Maison Roca.\" \/>\n<meta property=\"og:url\" content=\"https:\/\/maisonroca.ad\/fr\/boutique\/montre-garmin-fenix-8-amoled-sapphire-de-43-mm-en-acier-et-silicone\/\" \/>\n<meta property=\"og:site_name\" content=\"Maison Roca\" \/>\n<meta property=\"article:publisher\" content=\"https:\/\/www.facebook.com\/maisonroca\" \/>\n<meta property=\"article:modified_time\" content=\"2025-02-10T16:04:03+00:00\" \/>\n<meta property=\"og:image\" content=\"https:\/\/maisonroca.ad\/wp-content\/uploads\/2025\/02\/B5LC002R31-DI-3.jpg\" \/>\n\t<meta property=\"og:image:width\" content=\"1080\" \/>\n\t<meta property=\"og:image:height\" content=\"1080\" \/>\n\t<meta property=\"og:image:type\" content=\"image\/jpeg\" \/>\n<meta name=\"twitter:card\" content=\"summary_large_image\" \/>\n<meta name=\"twitter:label1\" content=\"Prix\" \/>\n\t<meta name=\"twitter:data1\" content=\"935,00&nbsp;&euro;\" \/>\n\t<meta name=\"twitter:label2\" content=\"Disponibilit\u00e9\" \/>\n\t<meta name=\"twitter:data2\" content=\"En stock\" \/>\n<script type=\"application\/ld+json\" class=\"yoast-schema-graph\">{\"@context\":\"https:\\\/\\\/schema.org\",\"@graph\":[{\"@type\":\"WebPage\",\"@id\":\"https:\\\/\\\/maisonroca.ad\\\/fr\\\/boutique\\\/montre-garmin-fenix-8-amoled-sapphire-de-43-mm-en-acier-et-silicone\\\/\",\"url\":\"https:\\\/\\\/maisonroca.ad\\\/fr\\\/boutique\\\/montre-garmin-fenix-8-amoled-sapphire-de-43-mm-en-acier-et-silicone\\\/\",\"name\":\"MONTRE GARMIN FENIX 8 AMOLED SAPPHIRE DE 43 MM\",\"isPartOf\":{\"@id\":\"https:\\\/\\\/maisonroca.ad\\\/fr\\\/#website\"},\"primaryImageOfPage\":{\"@id\":\"https:\\\/\\\/maisonroca.ad\\\/fr\\\/boutique\\\/montre-garmin-fenix-8-amoled-sapphire-de-43-mm-en-acier-et-silicone\\\/#primaryimage\"},\"image\":{\"@id\":\"https:\\\/\\\/maisonroca.ad\\\/fr\\\/boutique\\\/montre-garmin-fenix-8-amoled-sapphire-de-43-mm-en-acier-et-silicone\\\/#primaryimage\"},\"thumbnailUrl\":\"https:\\\/\\\/maisonroca.ad\\\/wp-content\\\/uploads\\\/2025\\\/02\\\/B5LC002R31-DI-3.jpg\",\"datePublished\":\"2025-02-06T11:11:23+00:00\",\"dateModified\":\"2025-02-10T16:04:03+00:00\",\"description\":\"D\u00e9couvrez la montre Garmin Fenix 8 Amoled Sapphire de 43 mm, une combinaison parfaite de style et de technologie que vous trouverez chez Maison Roca.\",\"breadcrumb\":{\"@id\":\"https:\\\/\\\/maisonroca.ad\\\/fr\\\/boutique\\\/montre-garmin-fenix-8-amoled-sapphire-de-43-mm-en-acier-et-silicone\\\/#breadcrumb\"},\"inLanguage\":\"fr-FR\",\"potentialAction\":[{\"@type\":\"ReadAction\",\"target\":[\"https:\\\/\\\/maisonroca.ad\\\/fr\\\/boutique\\\/montre-garmin-fenix-8-amoled-sapphire-de-43-mm-en-acier-et-silicone\\\/\"]}]},{\"@type\":\"ImageObject\",\"inLanguage\":\"fr-FR\",\"@id\":\"https:\\\/\\\/maisonroca.ad\\\/fr\\\/boutique\\\/montre-garmin-fenix-8-amoled-sapphire-de-43-mm-en-acier-et-silicone\\\/#primaryimage\",\"url\":\"https:\\\/\\\/maisonroca.ad\\\/wp-content\\\/uploads\\\/2025\\\/02\\\/B5LC002R31-DI-3.jpg\",\"contentUrl\":\"https:\\\/\\\/maisonroca.ad\\\/wp-content\\\/uploads\\\/2025\\\/02\\\/B5LC002R31-DI-3.jpg\",\"width\":1080,\"height\":1080,\"caption\":\"maison-roca-andorra-garmin-rellotge-fenix-8-43-mm-amoled-sapphire-acer-negra-silicona\"},{\"@type\":\"BreadcrumbList\",\"@id\":\"https:\\\/\\\/maisonroca.ad\\\/fr\\\/boutique\\\/montre-garmin-fenix-8-amoled-sapphire-de-43-mm-en-acier-et-silicone\\\/#breadcrumb\",\"itemListElement\":[{\"@type\":\"ListItem\",\"position\":1,\"name\":\"Portada\",\"item\":\"https:\\\/\\\/maisonroca.ad\\\/fr\\\/\"},{\"@type\":\"ListItem\",\"position\":2,\"name\":\"Botiga\",\"item\":\"https:\\\/\\\/maisonroca.ad\\\/botiga\\\/\"},{\"@type\":\"ListItem\",\"position\":3,\"name\":\"MONTRE GARMIN FENIX 8 AMOLED SAPPHIRE DE 43 MM EN ACIER ET SILICONE\"}]},{\"@type\":\"WebSite\",\"@id\":\"https:\\\/\\\/maisonroca.ad\\\/fr\\\/#website\",\"url\":\"https:\\\/\\\/maisonroca.ad\\\/fr\\\/\",\"name\":\"Maison Roca\",\"description\":\"Bold Luxury Life - joieria d&#039;autor - Andorra\",\"publisher\":{\"@id\":\"https:\\\/\\\/maisonroca.ad\\\/fr\\\/#organization\"},\"potentialAction\":[{\"@type\":\"SearchAction\",\"target\":{\"@type\":\"EntryPoint\",\"urlTemplate\":\"https:\\\/\\\/maisonroca.ad\\\/fr\\\/?s={search_term_string}\"},\"query-input\":{\"@type\":\"PropertyValueSpecification\",\"valueRequired\":true,\"valueName\":\"search_term_string\"}}],\"inLanguage\":\"fr-FR\"},{\"@type\":\"Organization\",\"@id\":\"https:\\\/\\\/maisonroca.ad\\\/fr\\\/#organization\",\"name\":\"Maison Roca\",\"url\":\"https:\\\/\\\/maisonroca.ad\\\/fr\\\/\",\"logo\":{\"@type\":\"ImageObject\",\"inLanguage\":\"fr-FR\",\"@id\":\"https:\\\/\\\/maisonroca.ad\\\/fr\\\/#\\\/schema\\\/logo\\\/image\\\/\",\"url\":\"https:\\\/\\\/maisonroca.ad\\\/wp-content\\\/uploads\\\/2023\\\/10\\\/icono.png\",\"contentUrl\":\"https:\\\/\\\/maisonroca.ad\\\/wp-content\\\/uploads\\\/2023\\\/10\\\/icono.png\",\"width\":512,\"height\":512,\"caption\":\"Maison Roca\"},\"image\":{\"@id\":\"https:\\\/\\\/maisonroca.ad\\\/fr\\\/#\\\/schema\\\/logo\\\/image\\\/\"},\"sameAs\":[\"https:\\\/\\\/www.facebook.com\\\/maisonroca\",\"https:\\\/\\\/www.instagram.com\\\/maisonroca\\\/\"]}]}<\/script>\n<meta property=\"product:price:amount\" content=\"935.00\" \/>\n<meta property=\"product:price:currency\" content=\"EUR\" \/>\n<meta property=\"og:availability\" content=\"instock\" \/>\n<meta property=\"product:availability\" content=\"instock\" \/>\n<meta property=\"product:retailer_item_id\" content=\"010-02903-40\" \/>\n<meta property=\"product:condition\" content=\"new\" \/>\n<!-- \/ Yoast SEO Premium plugin. -->","yoast_head_json":{"title":"MONTRE GARMIN FENIX 8 AMOLED SAPPHIRE DE 43 MM","description":"D\u00e9couvrez la montre Garmin Fenix 8 Amoled Sapphire de 43 mm, une combinaison parfaite de style et de technologie que vous trouverez chez Maison Roca.","robots":{"index":"index","follow":"follow","max-snippet":"max-snippet:-1","max-image-preview":"max-image-preview:large","max-video-preview":"max-video-preview:-1"},"canonical":"https:\/\/maisonroca.ad\/fr\/boutique\/montre-garmin-fenix-8-amoled-sapphire-de-43-mm-en-acier-et-silicone\/","og_locale":"fr_FR","og_type":"article","og_title":"MONTRE GARMIN FENIX 8 AMOLED SAPPHIRE DE 43 MM EN ACIER ET SILICONE","og_description":"D\u00e9couvrez la montre Garmin Fenix 8 Amoled Sapphire de 43 mm, une combinaison parfaite de style et de technologie que vous trouverez chez Maison Roca.","og_url":"https:\/\/maisonroca.ad\/fr\/boutique\/montre-garmin-fenix-8-amoled-sapphire-de-43-mm-en-acier-et-silicone\/","og_site_name":"Maison Roca","article_publisher":"https:\/\/www.facebook.com\/maisonroca","article_modified_time":"2025-02-10T16:04:03+00:00","og_image":[{"width":1080,"height":1080,"url":"https:\/\/maisonroca.ad\/wp-content\/uploads\/2025\/02\/B5LC002R31-DI-3.jpg","type":"image\/jpeg"}],"twitter_card":"summary_large_image","twitter_misc":{"Prix":"935,00&nbsp;&euro;","Disponibilit\u00e9":"En stock"},"schema":{"@context":"https:\/\/schema.org","@graph":[{"@type":"WebPage","@id":"https:\/\/maisonroca.ad\/fr\/boutique\/montre-garmin-fenix-8-amoled-sapphire-de-43-mm-en-acier-et-silicone\/","url":"https:\/\/maisonroca.ad\/fr\/boutique\/montre-garmin-fenix-8-amoled-sapphire-de-43-mm-en-acier-et-silicone\/","name":"MONTRE GARMIN FENIX 8 AMOLED SAPPHIRE DE 43 MM","isPartOf":{"@id":"https:\/\/maisonroca.ad\/fr\/#website"},"primaryImageOfPage":{"@id":"https:\/\/maisonroca.ad\/fr\/boutique\/montre-garmin-fenix-8-amoled-sapphire-de-43-mm-en-acier-et-silicone\/#primaryimage"},"image":{"@id":"https:\/\/maisonroca.ad\/fr\/boutique\/montre-garmin-fenix-8-amoled-sapphire-de-43-mm-en-acier-et-silicone\/#primaryimage"},"thumbnailUrl":"https:\/\/maisonroca.ad\/wp-content\/uploads\/2025\/02\/B5LC002R31-DI-3.jpg","datePublished":"2025-02-06T11:11:23+00:00","dateModified":"2025-02-10T16:04:03+00:00","description":"D\u00e9couvrez la montre Garmin Fenix 8 Amoled Sapphire de 43 mm, une combinaison parfaite de style et de technologie que vous trouverez chez Maison Roca.","breadcrumb":{"@id":"https:\/\/maisonroca.ad\/fr\/boutique\/montre-garmin-fenix-8-amoled-sapphire-de-43-mm-en-acier-et-silicone\/#breadcrumb"},"inLanguage":"fr-FR","potentialAction":[{"@type":"ReadAction","target":["https:\/\/maisonroca.ad\/fr\/boutique\/montre-garmin-fenix-8-amoled-sapphire-de-43-mm-en-acier-et-silicone\/"]}]},{"@type":"ImageObject","inLanguage":"fr-FR","@id":"https:\/\/maisonroca.ad\/fr\/boutique\/montre-garmin-fenix-8-amoled-sapphire-de-43-mm-en-acier-et-silicone\/#primaryimage","url":"https:\/\/maisonroca.ad\/wp-content\/uploads\/2025\/02\/B5LC002R31-DI-3.jpg","contentUrl":"https:\/\/maisonroca.ad\/wp-content\/uploads\/2025\/02\/B5LC002R31-DI-3.jpg","width":1080,"height":1080,"caption":"maison-roca-andorra-garmin-rellotge-fenix-8-43-mm-amoled-sapphire-acer-negra-silicona"},{"@type":"BreadcrumbList","@id":"https:\/\/maisonroca.ad\/fr\/boutique\/montre-garmin-fenix-8-amoled-sapphire-de-43-mm-en-acier-et-silicone\/#breadcrumb","itemListElement":[{"@type":"ListItem","position":1,"name":"Portada","item":"https:\/\/maisonroca.ad\/fr\/"},{"@type":"ListItem","position":2,"name":"Botiga","item":"https:\/\/maisonroca.ad\/botiga\/"},{"@type":"ListItem","position":3,"name":"MONTRE GARMIN FENIX 8 AMOLED SAPPHIRE DE 43 MM EN ACIER ET SILICONE"}]},{"@type":"WebSite","@id":"https:\/\/maisonroca.ad\/fr\/#website","url":"https:\/\/maisonroca.ad\/fr\/","name":"Maison Roca","description":"Bold Luxury Life - joieria d&#039;autor - Andorra","publisher":{"@id":"https:\/\/maisonroca.ad\/fr\/#organization"},"potentialAction":[{"@type":"SearchAction","target":{"@type":"EntryPoint","urlTemplate":"https:\/\/maisonroca.ad\/fr\/?s={search_term_string}"},"query-input":{"@type":"PropertyValueSpecification","valueRequired":true,"valueName":"search_term_string"}}],"inLanguage":"fr-FR"},{"@type":"Organization","@id":"https:\/\/maisonroca.ad\/fr\/#organization","name":"Maison Roca","url":"https:\/\/maisonroca.ad\/fr\/","logo":{"@type":"ImageObject","inLanguage":"fr-FR","@id":"https:\/\/maisonroca.ad\/fr\/#\/schema\/logo\/image\/","url":"https:\/\/maisonroca.ad\/wp-content\/uploads\/2023\/10\/icono.png","contentUrl":"https:\/\/maisonroca.ad\/wp-content\/uploads\/2023\/10\/icono.png","width":512,"height":512,"caption":"Maison Roca"},"image":{"@id":"https:\/\/maisonroca.ad\/fr\/#\/schema\/logo\/image\/"},"sameAs":["https:\/\/www.facebook.com\/maisonroca","https:\/\/www.instagram.com\/maisonroca\/"]}]},"product_price_amount":"935.00","product_price_currency":"EUR","og_availability":"instock","product_availability":"instock","product_retailer_item_id":"010-02903-40","product_condition":"new"},"_links":{"self":[{"href":"https:\/\/maisonroca.ad\/fr\/wp-json\/wp\/v2\/product\/70061","targetHints":{"allow":["GET"]}}],"collection":[{"href":"https:\/\/maisonroca.ad\/fr\/wp-json\/wp\/v2\/product"}],"about":[{"href":"https:\/\/maisonroca.ad\/fr\/wp-json\/wp\/v2\/types\/product"}],"replies":[{"embeddable":true,"href":"https:\/\/maisonroca.ad\/fr\/wp-json\/wp\/v2\/comments?post=70061"}],"version-history":[{"count":2,"href":"https:\/\/maisonroca.ad\/fr\/wp-json\/wp\/v2\/product\/70061\/revisions"}],"predecessor-version":[{"id":70063,"href":"https:\/\/maisonroca.ad\/fr\/wp-json\/wp\/v2\/product\/70061\/revisions\/70063"}],"wp:featuredmedia":[{"embeddable":true,"href":"https:\/\/maisonroca.ad\/fr\/wp-json\/wp\/v2\/media\/70078"}],"wp:attachment":[{"href":"https:\/\/maisonroca.ad\/fr\/wp-json\/wp\/v2\/media?parent=70061"}],"wp:term":[{"taxonomy":"product_brand","embeddable":true,"href":"https:\/\/maisonroca.ad\/fr\/wp-json\/wp\/v2\/product_brand?post=70061"},{"taxonomy":"product_cat","embeddable":true,"href":"https:\/\/maisonroca.ad\/fr\/wp-json\/wp\/v2\/product_cat?post=70061"},{"taxonomy":"product_tag","embeddable":true,"href":"https:\/\/maisonroca.ad\/fr\/wp-json\/wp\/v2\/product_tag?post=70061"}],"curies":[{"name":"wp","href":"https:\/\/api.w.org\/{rel}","templated":true}]}}