{"id":70218,"date":"2025-02-10T16:38:31","date_gmt":"2025-02-10T15:38:31","guid":{"rendered":"https:\/\/maisonroca.ad\/?post_type=product&#038;p=70218"},"modified":"2025-02-10T17:03:37","modified_gmt":"2025-02-10T16:03:37","slug":"montre-garmin-fenix-8-solar-sapphire-de-47-mm-en-titane-et-silicone","status":"publish","type":"product","link":"https:\/\/maisonroca.ad\/fr\/boutique\/montre-garmin-fenix-8-solar-sapphire-de-47-mm-en-titane-et-silicone\/","title":{"rendered":"MONTRE GARMIN FENIX 8 SOLAR SAPPHIRE DE 47 MM EN TITANE ET SILICONE"},"content":{"rendered":"<p>Montre Garmin Fenix 8 Solar Sapphire de 47 mm de diam\u00e8tre, avec bo\u00eetier en titane et bracelet en silicone. Elle est id\u00e9ale pour les athl\u00e8tes professionnels et les aventuriers qui souhaitent d\u00e9passer leurs limites. Cette montre connect\u00e9e comprend le GPS et des fonctions avanc\u00e9es d&rsquo;entra\u00eenement en force, ainsi qu&rsquo;une r\u00e9sistance \u00e0 l&rsquo;eau, un haut-parleur et un microphone int\u00e9gr\u00e9s pour les fonctions vocales, une lampe de poche LED int\u00e9gr\u00e9e et une autonomie de batterie allant jusqu&rsquo;\u00e0 28 jours gr\u00e2ce au verre de charge solaire Power Sapphire.<\/p>\n<p>&nbsp;<\/p>\n<p>D\u00e9tails:<\/p>\n<ul>\n<li>Lampe LED brillante<\/li>\n<li>Jusqu&rsquo;\u00e0 22 jours d&rsquo;autonomie de la batterie<\/li>\n<li>M\u00e9triques d&rsquo;entra\u00eenement avanc\u00e9es et informations de r\u00e9cup\u00e9ration<\/li>\n<li>Technologie SATIQ et GPS multibande<\/li>\n<\/ul>\n","protected":false},"excerpt":{"rendered":"<p>Montre Garmin Fenix 8 Solar Sapphire de 47 mm de diam\u00e8tre, avec bo\u00eetier en titane et bracelet en silicone. Elle est id\u00e9ale pour les athl\u00e8tes professionnels et les aventuriers qui souhaitent d\u00e9passer leurs limites.<\/p>\n","protected":false},"featured_media":70211,"comment_status":"open","ping_status":"closed","template":"","meta":{"_acf_changed":false,"_monsterinsights_skip_tracking":false,"_monsterinsights_sitenote_active":false,"_monsterinsights_sitenote_note":"","_monsterinsights_sitenote_category":0},"product_brand":[],"product_cat":[1253,1245],"product_tag":[2182,2694],"class_list":{"0":"post-70218","1":"product","2":"type-product","3":"status-publish","4":"has-post-thumbnail","6":"product_cat-garmin-fr","7":"product_cat-montres","8":"product_tag-garmin-2","9":"product_tag-solar-fr","11":"first","12":"instock","13":"shipping-taxable","14":"purchasable","15":"product-type-simple"},"acf":[],"yoast_head":"<!-- This site is optimized with the Yoast SEO Premium plugin v26.8 (Yoast SEO v27.3) - https:\/\/yoast.com\/product\/yoast-seo-premium-wordpress\/ -->\n<title>MONTRE GARMIN FENIX 8 SOLAR SAPPHIRE DE 47 MM<\/title>\n<meta name=\"description\" content=\"D\u00e9couvrez la montre Garmin Fenix 8 Solar, con\u00e7ue pour les athl\u00e8tes et les aventuriers. Avec un bo\u00eetier en titane et un bracelet en silicone.\" \/>\n<meta name=\"robots\" content=\"index, follow, max-snippet:-1, max-image-preview:large, max-video-preview:-1\" \/>\n<link rel=\"canonical\" href=\"https:\/\/maisonroca.ad\/fr\/boutique\/montre-garmin-fenix-8-solar-sapphire-de-47-mm-en-titane-et-silicone\/\" \/>\n<meta property=\"og:locale\" content=\"fr_FR\" \/>\n<meta property=\"og:type\" content=\"article\" \/>\n<meta property=\"og:title\" content=\"MONTRE GARMIN FENIX 8 SOLAR SAPPHIRE DE 47 MM EN TITANE ET SILICONE\" \/>\n<meta property=\"og:description\" content=\"D\u00e9couvrez la montre Garmin Fenix 8 Solar, con\u00e7ue pour les athl\u00e8tes et les aventuriers. Avec un bo\u00eetier en titane et un bracelet en silicone.\" \/>\n<meta property=\"og:url\" content=\"https:\/\/maisonroca.ad\/fr\/boutique\/montre-garmin-fenix-8-solar-sapphire-de-47-mm-en-titane-et-silicone\/\" \/>\n<meta property=\"og:site_name\" content=\"Maison Roca\" \/>\n<meta property=\"article:publisher\" content=\"https:\/\/www.facebook.com\/maisonroca\" \/>\n<meta property=\"article:modified_time\" content=\"2025-02-10T16:03:37+00:00\" \/>\n<meta property=\"og:image\" content=\"https:\/\/maisonroca.ad\/wp-content\/uploads\/2025\/02\/010-02906-11.jpg\" \/>\n\t<meta property=\"og:image:width\" content=\"1080\" \/>\n\t<meta property=\"og:image:height\" content=\"1080\" \/>\n\t<meta property=\"og:image:type\" content=\"image\/jpeg\" \/>\n<meta name=\"twitter:card\" content=\"summary_large_image\" \/>\n<meta name=\"twitter:label1\" content=\"Prix\" \/>\n\t<meta name=\"twitter:data1\" content=\"935,00&nbsp;&euro;\" \/>\n\t<meta name=\"twitter:label2\" content=\"Disponibilit\u00e9\" \/>\n\t<meta name=\"twitter:data2\" content=\"En stock\" \/>\n<script type=\"application\/ld+json\" class=\"yoast-schema-graph\">{\"@context\":\"https:\\\/\\\/schema.org\",\"@graph\":[{\"@type\":\"WebPage\",\"@id\":\"https:\\\/\\\/maisonroca.ad\\\/fr\\\/boutique\\\/montre-garmin-fenix-8-solar-sapphire-de-47-mm-en-titane-et-silicone\\\/\",\"url\":\"https:\\\/\\\/maisonroca.ad\\\/fr\\\/boutique\\\/montre-garmin-fenix-8-solar-sapphire-de-47-mm-en-titane-et-silicone\\\/\",\"name\":\"MONTRE GARMIN FENIX 8 SOLAR SAPPHIRE DE 47 MM\",\"isPartOf\":{\"@id\":\"https:\\\/\\\/maisonroca.ad\\\/fr\\\/#website\"},\"primaryImageOfPage\":{\"@id\":\"https:\\\/\\\/maisonroca.ad\\\/fr\\\/boutique\\\/montre-garmin-fenix-8-solar-sapphire-de-47-mm-en-titane-et-silicone\\\/#primaryimage\"},\"image\":{\"@id\":\"https:\\\/\\\/maisonroca.ad\\\/fr\\\/boutique\\\/montre-garmin-fenix-8-solar-sapphire-de-47-mm-en-titane-et-silicone\\\/#primaryimage\"},\"thumbnailUrl\":\"https:\\\/\\\/maisonroca.ad\\\/wp-content\\\/uploads\\\/2025\\\/02\\\/010-02906-11.jpg\",\"datePublished\":\"2025-02-10T15:38:31+00:00\",\"dateModified\":\"2025-02-10T16:03:37+00:00\",\"description\":\"D\u00e9couvrez la montre Garmin Fenix 8 Solar, con\u00e7ue pour les athl\u00e8tes et les aventuriers. Avec un bo\u00eetier en titane et un bracelet en silicone.\",\"breadcrumb\":{\"@id\":\"https:\\\/\\\/maisonroca.ad\\\/fr\\\/boutique\\\/montre-garmin-fenix-8-solar-sapphire-de-47-mm-en-titane-et-silicone\\\/#breadcrumb\"},\"inLanguage\":\"fr-FR\",\"potentialAction\":[{\"@type\":\"ReadAction\",\"target\":[\"https:\\\/\\\/maisonroca.ad\\\/fr\\\/boutique\\\/montre-garmin-fenix-8-solar-sapphire-de-47-mm-en-titane-et-silicone\\\/\"]}]},{\"@type\":\"ImageObject\",\"inLanguage\":\"fr-FR\",\"@id\":\"https:\\\/\\\/maisonroca.ad\\\/fr\\\/boutique\\\/montre-garmin-fenix-8-solar-sapphire-de-47-mm-en-titane-et-silicone\\\/#primaryimage\",\"url\":\"https:\\\/\\\/maisonroca.ad\\\/wp-content\\\/uploads\\\/2025\\\/02\\\/010-02906-11.jpg\",\"contentUrl\":\"https:\\\/\\\/maisonroca.ad\\\/wp-content\\\/uploads\\\/2025\\\/02\\\/010-02906-11.jpg\",\"width\":1080,\"height\":1080,\"caption\":\"maison-roca-andorra-garmin-rellotge-fenix-8-47-mm-solar-sapphire-titani-negra-silicona\"},{\"@type\":\"BreadcrumbList\",\"@id\":\"https:\\\/\\\/maisonroca.ad\\\/fr\\\/boutique\\\/montre-garmin-fenix-8-solar-sapphire-de-47-mm-en-titane-et-silicone\\\/#breadcrumb\",\"itemListElement\":[{\"@type\":\"ListItem\",\"position\":1,\"name\":\"Portada\",\"item\":\"https:\\\/\\\/maisonroca.ad\\\/fr\\\/\"},{\"@type\":\"ListItem\",\"position\":2,\"name\":\"Botiga\",\"item\":\"https:\\\/\\\/maisonroca.ad\\\/botiga\\\/\"},{\"@type\":\"ListItem\",\"position\":3,\"name\":\"MONTRE GARMIN FENIX 8 SOLAR SAPPHIRE DE 47 MM EN TITANE ET SILICONE\"}]},{\"@type\":\"WebSite\",\"@id\":\"https:\\\/\\\/maisonroca.ad\\\/fr\\\/#website\",\"url\":\"https:\\\/\\\/maisonroca.ad\\\/fr\\\/\",\"name\":\"Maison Roca\",\"description\":\"Bold Luxury Life - joieria d&#039;autor - Andorra\",\"publisher\":{\"@id\":\"https:\\\/\\\/maisonroca.ad\\\/fr\\\/#organization\"},\"potentialAction\":[{\"@type\":\"SearchAction\",\"target\":{\"@type\":\"EntryPoint\",\"urlTemplate\":\"https:\\\/\\\/maisonroca.ad\\\/fr\\\/?s={search_term_string}\"},\"query-input\":{\"@type\":\"PropertyValueSpecification\",\"valueRequired\":true,\"valueName\":\"search_term_string\"}}],\"inLanguage\":\"fr-FR\"},{\"@type\":\"Organization\",\"@id\":\"https:\\\/\\\/maisonroca.ad\\\/fr\\\/#organization\",\"name\":\"Maison Roca\",\"url\":\"https:\\\/\\\/maisonroca.ad\\\/fr\\\/\",\"logo\":{\"@type\":\"ImageObject\",\"inLanguage\":\"fr-FR\",\"@id\":\"https:\\\/\\\/maisonroca.ad\\\/fr\\\/#\\\/schema\\\/logo\\\/image\\\/\",\"url\":\"https:\\\/\\\/maisonroca.ad\\\/wp-content\\\/uploads\\\/2023\\\/10\\\/icono.png\",\"contentUrl\":\"https:\\\/\\\/maisonroca.ad\\\/wp-content\\\/uploads\\\/2023\\\/10\\\/icono.png\",\"width\":512,\"height\":512,\"caption\":\"Maison Roca\"},\"image\":{\"@id\":\"https:\\\/\\\/maisonroca.ad\\\/fr\\\/#\\\/schema\\\/logo\\\/image\\\/\"},\"sameAs\":[\"https:\\\/\\\/www.facebook.com\\\/maisonroca\",\"https:\\\/\\\/www.instagram.com\\\/maisonroca\\\/\"]}]}<\/script>\n<meta property=\"product:price:amount\" content=\"935.00\" \/>\n<meta property=\"product:price:currency\" content=\"EUR\" \/>\n<meta property=\"og:availability\" content=\"instock\" \/>\n<meta property=\"product:availability\" content=\"instock\" \/>\n<meta property=\"product:retailer_item_id\" content=\"010-02906-11\" \/>\n<meta property=\"product:condition\" content=\"new\" \/>\n<!-- \/ Yoast SEO Premium plugin. -->","yoast_head_json":{"title":"MONTRE GARMIN FENIX 8 SOLAR SAPPHIRE DE 47 MM","description":"D\u00e9couvrez la montre Garmin Fenix 8 Solar, con\u00e7ue pour les athl\u00e8tes et les aventuriers. Avec un bo\u00eetier en titane et un bracelet en silicone.","robots":{"index":"index","follow":"follow","max-snippet":"max-snippet:-1","max-image-preview":"max-image-preview:large","max-video-preview":"max-video-preview:-1"},"canonical":"https:\/\/maisonroca.ad\/fr\/boutique\/montre-garmin-fenix-8-solar-sapphire-de-47-mm-en-titane-et-silicone\/","og_locale":"fr_FR","og_type":"article","og_title":"MONTRE GARMIN FENIX 8 SOLAR SAPPHIRE DE 47 MM EN TITANE ET SILICONE","og_description":"D\u00e9couvrez la montre Garmin Fenix 8 Solar, con\u00e7ue pour les athl\u00e8tes et les aventuriers. Avec un bo\u00eetier en titane et un bracelet en silicone.","og_url":"https:\/\/maisonroca.ad\/fr\/boutique\/montre-garmin-fenix-8-solar-sapphire-de-47-mm-en-titane-et-silicone\/","og_site_name":"Maison Roca","article_publisher":"https:\/\/www.facebook.com\/maisonroca","article_modified_time":"2025-02-10T16:03:37+00:00","og_image":[{"width":1080,"height":1080,"url":"https:\/\/maisonroca.ad\/wp-content\/uploads\/2025\/02\/010-02906-11.jpg","type":"image\/jpeg"}],"twitter_card":"summary_large_image","twitter_misc":{"Prix":"935,00&nbsp;&euro;","Disponibilit\u00e9":"En stock"},"schema":{"@context":"https:\/\/schema.org","@graph":[{"@type":"WebPage","@id":"https:\/\/maisonroca.ad\/fr\/boutique\/montre-garmin-fenix-8-solar-sapphire-de-47-mm-en-titane-et-silicone\/","url":"https:\/\/maisonroca.ad\/fr\/boutique\/montre-garmin-fenix-8-solar-sapphire-de-47-mm-en-titane-et-silicone\/","name":"MONTRE GARMIN FENIX 8 SOLAR SAPPHIRE DE 47 MM","isPartOf":{"@id":"https:\/\/maisonroca.ad\/fr\/#website"},"primaryImageOfPage":{"@id":"https:\/\/maisonroca.ad\/fr\/boutique\/montre-garmin-fenix-8-solar-sapphire-de-47-mm-en-titane-et-silicone\/#primaryimage"},"image":{"@id":"https:\/\/maisonroca.ad\/fr\/boutique\/montre-garmin-fenix-8-solar-sapphire-de-47-mm-en-titane-et-silicone\/#primaryimage"},"thumbnailUrl":"https:\/\/maisonroca.ad\/wp-content\/uploads\/2025\/02\/010-02906-11.jpg","datePublished":"2025-02-10T15:38:31+00:00","dateModified":"2025-02-10T16:03:37+00:00","description":"D\u00e9couvrez la montre Garmin Fenix 8 Solar, con\u00e7ue pour les athl\u00e8tes et les aventuriers. Avec un bo\u00eetier en titane et un bracelet en silicone.","breadcrumb":{"@id":"https:\/\/maisonroca.ad\/fr\/boutique\/montre-garmin-fenix-8-solar-sapphire-de-47-mm-en-titane-et-silicone\/#breadcrumb"},"inLanguage":"fr-FR","potentialAction":[{"@type":"ReadAction","target":["https:\/\/maisonroca.ad\/fr\/boutique\/montre-garmin-fenix-8-solar-sapphire-de-47-mm-en-titane-et-silicone\/"]}]},{"@type":"ImageObject","inLanguage":"fr-FR","@id":"https:\/\/maisonroca.ad\/fr\/boutique\/montre-garmin-fenix-8-solar-sapphire-de-47-mm-en-titane-et-silicone\/#primaryimage","url":"https:\/\/maisonroca.ad\/wp-content\/uploads\/2025\/02\/010-02906-11.jpg","contentUrl":"https:\/\/maisonroca.ad\/wp-content\/uploads\/2025\/02\/010-02906-11.jpg","width":1080,"height":1080,"caption":"maison-roca-andorra-garmin-rellotge-fenix-8-47-mm-solar-sapphire-titani-negra-silicona"},{"@type":"BreadcrumbList","@id":"https:\/\/maisonroca.ad\/fr\/boutique\/montre-garmin-fenix-8-solar-sapphire-de-47-mm-en-titane-et-silicone\/#breadcrumb","itemListElement":[{"@type":"ListItem","position":1,"name":"Portada","item":"https:\/\/maisonroca.ad\/fr\/"},{"@type":"ListItem","position":2,"name":"Botiga","item":"https:\/\/maisonroca.ad\/botiga\/"},{"@type":"ListItem","position":3,"name":"MONTRE GARMIN FENIX 8 SOLAR SAPPHIRE DE 47 MM EN TITANE ET SILICONE"}]},{"@type":"WebSite","@id":"https:\/\/maisonroca.ad\/fr\/#website","url":"https:\/\/maisonroca.ad\/fr\/","name":"Maison Roca","description":"Bold Luxury Life - joieria d&#039;autor - Andorra","publisher":{"@id":"https:\/\/maisonroca.ad\/fr\/#organization"},"potentialAction":[{"@type":"SearchAction","target":{"@type":"EntryPoint","urlTemplate":"https:\/\/maisonroca.ad\/fr\/?s={search_term_string}"},"query-input":{"@type":"PropertyValueSpecification","valueRequired":true,"valueName":"search_term_string"}}],"inLanguage":"fr-FR"},{"@type":"Organization","@id":"https:\/\/maisonroca.ad\/fr\/#organization","name":"Maison Roca","url":"https:\/\/maisonroca.ad\/fr\/","logo":{"@type":"ImageObject","inLanguage":"fr-FR","@id":"https:\/\/maisonroca.ad\/fr\/#\/schema\/logo\/image\/","url":"https:\/\/maisonroca.ad\/wp-content\/uploads\/2023\/10\/icono.png","contentUrl":"https:\/\/maisonroca.ad\/wp-content\/uploads\/2023\/10\/icono.png","width":512,"height":512,"caption":"Maison Roca"},"image":{"@id":"https:\/\/maisonroca.ad\/fr\/#\/schema\/logo\/image\/"},"sameAs":["https:\/\/www.facebook.com\/maisonroca","https:\/\/www.instagram.com\/maisonroca\/"]}]},"product_price_amount":"935.00","product_price_currency":"EUR","og_availability":"instock","product_availability":"instock","product_retailer_item_id":"010-02906-11","product_condition":"new"},"_links":{"self":[{"href":"https:\/\/maisonroca.ad\/fr\/wp-json\/wp\/v2\/product\/70218","targetHints":{"allow":["GET"]}}],"collection":[{"href":"https:\/\/maisonroca.ad\/fr\/wp-json\/wp\/v2\/product"}],"about":[{"href":"https:\/\/maisonroca.ad\/fr\/wp-json\/wp\/v2\/types\/product"}],"replies":[{"embeddable":true,"href":"https:\/\/maisonroca.ad\/fr\/wp-json\/wp\/v2\/comments?post=70218"}],"version-history":[{"count":2,"href":"https:\/\/maisonroca.ad\/fr\/wp-json\/wp\/v2\/product\/70218\/revisions"}],"predecessor-version":[{"id":70220,"href":"https:\/\/maisonroca.ad\/fr\/wp-json\/wp\/v2\/product\/70218\/revisions\/70220"}],"wp:featuredmedia":[{"embeddable":true,"href":"https:\/\/maisonroca.ad\/fr\/wp-json\/wp\/v2\/media\/70211"}],"wp:attachment":[{"href":"https:\/\/maisonroca.ad\/fr\/wp-json\/wp\/v2\/media?parent=70218"}],"wp:term":[{"taxonomy":"product_brand","embeddable":true,"href":"https:\/\/maisonroca.ad\/fr\/wp-json\/wp\/v2\/product_brand?post=70218"},{"taxonomy":"product_cat","embeddable":true,"href":"https:\/\/maisonroca.ad\/fr\/wp-json\/wp\/v2\/product_cat?post=70218"},{"taxonomy":"product_tag","embeddable":true,"href":"https:\/\/maisonroca.ad\/fr\/wp-json\/wp\/v2\/product_tag?post=70218"}],"curies":[{"name":"wp","href":"https:\/\/api.w.org\/{rel}","templated":true}]}}