{"id":70273,"date":"2025-02-12T11:18:46","date_gmt":"2025-02-12T10:18:46","guid":{"rendered":"https:\/\/maisonroca.ad\/?post_type=product&#038;p=70273"},"modified":"2025-02-12T11:45:07","modified_gmt":"2025-02-12T10:45:07","slug":"montre-garmin-fenix-8-amoled-de-51-mm-en-titane-et-cuir","status":"publish","type":"product","link":"https:\/\/maisonroca.ad\/fr\/boutique\/montre-garmin-fenix-8-amoled-de-51-mm-en-titane-et-cuir\/","title":{"rendered":"MONTRE GARMIN FENIX 8 AMOLED DE 51 MM EN TITANE ET CUIR"},"content":{"rendered":"<p>Montre Garmin Fenix 8 AMOLED de 51 mm de diam\u00e8tre, bo\u00eetier en titane et bracelet en cuir. C&rsquo;est une montre connect\u00e9e avec GPS id\u00e9ale pour les athl\u00e8tes professionnels et les aventuriers qui veulent repousser leurs limites. Avec ses 51 mm, elle s&rsquo;adapte aux poignets plus grands. De plus, elle offre des fonctions avanc\u00e9es d&rsquo;entra\u00eenement en force, une r\u00e9sistance \u00e0 l&rsquo;eau, un haut-parleur et un microphone interne pour les fonctions vocales, ainsi qu&rsquo;une lampe de poche LED int\u00e9gr\u00e9e.<\/p>\n<p>&nbsp;<\/p>\n<p>D\u00e9tails:<\/p>\n<ul>\n<li>Lampe LED brillante<\/li>\n<li>Jusqu&rsquo;\u00e0 22 jours d&rsquo;autonomie de la batterie<\/li>\n<li>M\u00e9triques d&rsquo;entra\u00eenement avanc\u00e9es et informations de r\u00e9cup\u00e9ration<\/li>\n<li>Technologie SATIQ et GPS multibande<\/li>\n<\/ul>\n","protected":false},"excerpt":{"rendered":"<p>Montre Garmin Fenix 8 AMOLED de 51 mm de diam\u00e8tre, bo\u00eetier en titane et bracelet en cuir. C&rsquo;est une montre connect\u00e9e avec GPS id\u00e9ale pour les athl\u00e8tes professionnels et les aventuriers qui veulent repousser leurs limites.<\/p>\n","protected":false},"featured_media":70262,"comment_status":"open","ping_status":"closed","template":"","meta":{"_acf_changed":false,"_monsterinsights_skip_tracking":false,"_monsterinsights_sitenote_active":false,"_monsterinsights_sitenote_note":"","_monsterinsights_sitenote_category":0},"product_brand":[],"product_cat":[1253,1245],"product_tag":[2700,2677,2182,2538],"class_list":{"0":"post-70273","1":"product","2":"type-product","3":"status-publish","4":"has-post-thumbnail","6":"product_cat-garmin-fr","7":"product_cat-montres","8":"product_tag-51-mm-fr","9":"product_tag-amoled-fr","10":"product_tag-garmin-2","11":"product_tag-titane-fr","13":"first","14":"instock","15":"shipping-taxable","16":"purchasable","17":"product-type-simple"},"acf":[],"yoast_head":"<!-- This site is optimized with the Yoast SEO Premium plugin v26.8 (Yoast SEO v27.4) - https:\/\/yoast.com\/product\/yoast-seo-premium-wordpress\/ -->\n<title>MONTRE GARMIN FENIX 8 51 MM EN TITANE ET CUIR<\/title>\n<meta name=\"description\" content=\"La montre Garmin Fenix 8 en cuir avec \u00e9cran AMOLED et un diam\u00e8tre de 51 mm, une combinaison parfaite entre design \u00e9l\u00e9gant et fonctionnalit\u00e9s avanc\u00e9es.\" \/>\n<meta name=\"robots\" content=\"index, follow, max-snippet:-1, max-image-preview:large, max-video-preview:-1\" \/>\n<link rel=\"canonical\" href=\"https:\/\/maisonroca.ad\/fr\/boutique\/montre-garmin-fenix-8-amoled-de-51-mm-en-titane-et-cuir\/\" \/>\n<meta property=\"og:locale\" content=\"fr_FR\" \/>\n<meta property=\"og:type\" content=\"article\" \/>\n<meta property=\"og:title\" content=\"MONTRE GARMIN FENIX 8 AMOLED DE 51 MM EN TITANE ET CUIR\" \/>\n<meta property=\"og:description\" content=\"La montre Garmin Fenix 8 en cuir avec \u00e9cran AMOLED et un diam\u00e8tre de 51 mm, une combinaison parfaite entre design \u00e9l\u00e9gant et fonctionnalit\u00e9s avanc\u00e9es.\" \/>\n<meta property=\"og:url\" content=\"https:\/\/maisonroca.ad\/fr\/boutique\/montre-garmin-fenix-8-amoled-de-51-mm-en-titane-et-cuir\/\" \/>\n<meta property=\"og:site_name\" content=\"Maison Roca\" \/>\n<meta property=\"article:publisher\" content=\"https:\/\/www.facebook.com\/maisonroca\" \/>\n<meta property=\"article:modified_time\" content=\"2025-02-12T10:45:07+00:00\" \/>\n<meta property=\"og:image\" content=\"https:\/\/maisonroca.ad\/wp-content\/uploads\/2025\/02\/010-02905-40.jpg\" \/>\n\t<meta property=\"og:image:width\" content=\"1080\" \/>\n\t<meta property=\"og:image:height\" content=\"1080\" \/>\n\t<meta property=\"og:image:type\" content=\"image\/jpeg\" \/>\n<meta name=\"twitter:card\" content=\"summary_large_image\" \/>\n<meta name=\"twitter:label1\" content=\"Prix\" \/>\n\t<meta name=\"twitter:data1\" content=\"1.062,00&nbsp;&euro;\" \/>\n\t<meta name=\"twitter:label2\" content=\"Disponibilit\u00e9\" \/>\n\t<meta name=\"twitter:data2\" content=\"En stock\" \/>\n<script type=\"application\/ld+json\" class=\"yoast-schema-graph\">{\"@context\":\"https:\\\/\\\/schema.org\",\"@graph\":[{\"@type\":\"WebPage\",\"@id\":\"https:\\\/\\\/maisonroca.ad\\\/fr\\\/boutique\\\/montre-garmin-fenix-8-amoled-de-51-mm-en-titane-et-cuir\\\/\",\"url\":\"https:\\\/\\\/maisonroca.ad\\\/fr\\\/boutique\\\/montre-garmin-fenix-8-amoled-de-51-mm-en-titane-et-cuir\\\/\",\"name\":\"MONTRE GARMIN FENIX 8 51 MM EN TITANE ET CUIR\",\"isPartOf\":{\"@id\":\"https:\\\/\\\/maisonroca.ad\\\/fr\\\/#website\"},\"primaryImageOfPage\":{\"@id\":\"https:\\\/\\\/maisonroca.ad\\\/fr\\\/boutique\\\/montre-garmin-fenix-8-amoled-de-51-mm-en-titane-et-cuir\\\/#primaryimage\"},\"image\":{\"@id\":\"https:\\\/\\\/maisonroca.ad\\\/fr\\\/boutique\\\/montre-garmin-fenix-8-amoled-de-51-mm-en-titane-et-cuir\\\/#primaryimage\"},\"thumbnailUrl\":\"https:\\\/\\\/maisonroca.ad\\\/wp-content\\\/uploads\\\/2025\\\/02\\\/010-02905-40.jpg\",\"datePublished\":\"2025-02-12T10:18:46+00:00\",\"dateModified\":\"2025-02-12T10:45:07+00:00\",\"description\":\"La montre Garmin Fenix 8 en cuir avec \u00e9cran AMOLED et un diam\u00e8tre de 51 mm, une combinaison parfaite entre design \u00e9l\u00e9gant et fonctionnalit\u00e9s avanc\u00e9es.\",\"breadcrumb\":{\"@id\":\"https:\\\/\\\/maisonroca.ad\\\/fr\\\/boutique\\\/montre-garmin-fenix-8-amoled-de-51-mm-en-titane-et-cuir\\\/#breadcrumb\"},\"inLanguage\":\"fr-FR\",\"potentialAction\":[{\"@type\":\"ReadAction\",\"target\":[\"https:\\\/\\\/maisonroca.ad\\\/fr\\\/boutique\\\/montre-garmin-fenix-8-amoled-de-51-mm-en-titane-et-cuir\\\/\"]}]},{\"@type\":\"ImageObject\",\"inLanguage\":\"fr-FR\",\"@id\":\"https:\\\/\\\/maisonroca.ad\\\/fr\\\/boutique\\\/montre-garmin-fenix-8-amoled-de-51-mm-en-titane-et-cuir\\\/#primaryimage\",\"url\":\"https:\\\/\\\/maisonroca.ad\\\/wp-content\\\/uploads\\\/2025\\\/02\\\/010-02905-40.jpg\",\"contentUrl\":\"https:\\\/\\\/maisonroca.ad\\\/wp-content\\\/uploads\\\/2025\\\/02\\\/010-02905-40.jpg\",\"width\":1080,\"height\":1080,\"caption\":\"maison-roca-andorra-garmin-rellotge-fenix-8-51-mm-amoled--titani-negra-cuir\"},{\"@type\":\"BreadcrumbList\",\"@id\":\"https:\\\/\\\/maisonroca.ad\\\/fr\\\/boutique\\\/montre-garmin-fenix-8-amoled-de-51-mm-en-titane-et-cuir\\\/#breadcrumb\",\"itemListElement\":[{\"@type\":\"ListItem\",\"position\":1,\"name\":\"Portada\",\"item\":\"https:\\\/\\\/maisonroca.ad\\\/fr\\\/\"},{\"@type\":\"ListItem\",\"position\":2,\"name\":\"Botiga\",\"item\":\"https:\\\/\\\/maisonroca.ad\\\/botiga\\\/\"},{\"@type\":\"ListItem\",\"position\":3,\"name\":\"MONTRE GARMIN FENIX 8 AMOLED DE 51 MM EN TITANE ET CUIR\"}]},{\"@type\":\"WebSite\",\"@id\":\"https:\\\/\\\/maisonroca.ad\\\/fr\\\/#website\",\"url\":\"https:\\\/\\\/maisonroca.ad\\\/fr\\\/\",\"name\":\"Maison Roca\",\"description\":\"Bold Luxury Life - joieria d&#039;autor - Andorra\",\"publisher\":{\"@id\":\"https:\\\/\\\/maisonroca.ad\\\/fr\\\/#organization\"},\"potentialAction\":[{\"@type\":\"SearchAction\",\"target\":{\"@type\":\"EntryPoint\",\"urlTemplate\":\"https:\\\/\\\/maisonroca.ad\\\/fr\\\/?s={search_term_string}\"},\"query-input\":{\"@type\":\"PropertyValueSpecification\",\"valueRequired\":true,\"valueName\":\"search_term_string\"}}],\"inLanguage\":\"fr-FR\"},{\"@type\":\"Organization\",\"@id\":\"https:\\\/\\\/maisonroca.ad\\\/fr\\\/#organization\",\"name\":\"Maison Roca\",\"url\":\"https:\\\/\\\/maisonroca.ad\\\/fr\\\/\",\"logo\":{\"@type\":\"ImageObject\",\"inLanguage\":\"fr-FR\",\"@id\":\"https:\\\/\\\/maisonroca.ad\\\/fr\\\/#\\\/schema\\\/logo\\\/image\\\/\",\"url\":\"https:\\\/\\\/maisonroca.ad\\\/wp-content\\\/uploads\\\/2023\\\/10\\\/icono.png\",\"contentUrl\":\"https:\\\/\\\/maisonroca.ad\\\/wp-content\\\/uploads\\\/2023\\\/10\\\/icono.png\",\"width\":512,\"height\":512,\"caption\":\"Maison Roca\"},\"image\":{\"@id\":\"https:\\\/\\\/maisonroca.ad\\\/fr\\\/#\\\/schema\\\/logo\\\/image\\\/\"},\"sameAs\":[\"https:\\\/\\\/www.facebook.com\\\/maisonroca\",\"https:\\\/\\\/www.instagram.com\\\/maisonroca\\\/\"]}]}<\/script>\n<meta property=\"product:price:amount\" content=\"1062.00\" \/>\n<meta property=\"product:price:currency\" content=\"EUR\" \/>\n<meta property=\"og:availability\" content=\"instock\" \/>\n<meta property=\"product:availability\" content=\"instock\" \/>\n<meta property=\"product:retailer_item_id\" content=\"010-02905-40\" \/>\n<meta property=\"product:condition\" content=\"new\" \/>\n<!-- \/ Yoast SEO Premium plugin. -->","yoast_head_json":{"title":"MONTRE GARMIN FENIX 8 51 MM EN TITANE ET CUIR","description":"La montre Garmin Fenix 8 en cuir avec \u00e9cran AMOLED et un diam\u00e8tre de 51 mm, une combinaison parfaite entre design \u00e9l\u00e9gant et fonctionnalit\u00e9s avanc\u00e9es.","robots":{"index":"index","follow":"follow","max-snippet":"max-snippet:-1","max-image-preview":"max-image-preview:large","max-video-preview":"max-video-preview:-1"},"canonical":"https:\/\/maisonroca.ad\/fr\/boutique\/montre-garmin-fenix-8-amoled-de-51-mm-en-titane-et-cuir\/","og_locale":"fr_FR","og_type":"article","og_title":"MONTRE GARMIN FENIX 8 AMOLED DE 51 MM EN TITANE ET CUIR","og_description":"La montre Garmin Fenix 8 en cuir avec \u00e9cran AMOLED et un diam\u00e8tre de 51 mm, une combinaison parfaite entre design \u00e9l\u00e9gant et fonctionnalit\u00e9s avanc\u00e9es.","og_url":"https:\/\/maisonroca.ad\/fr\/boutique\/montre-garmin-fenix-8-amoled-de-51-mm-en-titane-et-cuir\/","og_site_name":"Maison Roca","article_publisher":"https:\/\/www.facebook.com\/maisonroca","article_modified_time":"2025-02-12T10:45:07+00:00","og_image":[{"width":1080,"height":1080,"url":"https:\/\/maisonroca.ad\/wp-content\/uploads\/2025\/02\/010-02905-40.jpg","type":"image\/jpeg"}],"twitter_card":"summary_large_image","twitter_misc":{"Prix":"1.062,00&nbsp;&euro;","Disponibilit\u00e9":"En stock"},"schema":{"@context":"https:\/\/schema.org","@graph":[{"@type":"WebPage","@id":"https:\/\/maisonroca.ad\/fr\/boutique\/montre-garmin-fenix-8-amoled-de-51-mm-en-titane-et-cuir\/","url":"https:\/\/maisonroca.ad\/fr\/boutique\/montre-garmin-fenix-8-amoled-de-51-mm-en-titane-et-cuir\/","name":"MONTRE GARMIN FENIX 8 51 MM EN TITANE ET CUIR","isPartOf":{"@id":"https:\/\/maisonroca.ad\/fr\/#website"},"primaryImageOfPage":{"@id":"https:\/\/maisonroca.ad\/fr\/boutique\/montre-garmin-fenix-8-amoled-de-51-mm-en-titane-et-cuir\/#primaryimage"},"image":{"@id":"https:\/\/maisonroca.ad\/fr\/boutique\/montre-garmin-fenix-8-amoled-de-51-mm-en-titane-et-cuir\/#primaryimage"},"thumbnailUrl":"https:\/\/maisonroca.ad\/wp-content\/uploads\/2025\/02\/010-02905-40.jpg","datePublished":"2025-02-12T10:18:46+00:00","dateModified":"2025-02-12T10:45:07+00:00","description":"La montre Garmin Fenix 8 en cuir avec \u00e9cran AMOLED et un diam\u00e8tre de 51 mm, une combinaison parfaite entre design \u00e9l\u00e9gant et fonctionnalit\u00e9s avanc\u00e9es.","breadcrumb":{"@id":"https:\/\/maisonroca.ad\/fr\/boutique\/montre-garmin-fenix-8-amoled-de-51-mm-en-titane-et-cuir\/#breadcrumb"},"inLanguage":"fr-FR","potentialAction":[{"@type":"ReadAction","target":["https:\/\/maisonroca.ad\/fr\/boutique\/montre-garmin-fenix-8-amoled-de-51-mm-en-titane-et-cuir\/"]}]},{"@type":"ImageObject","inLanguage":"fr-FR","@id":"https:\/\/maisonroca.ad\/fr\/boutique\/montre-garmin-fenix-8-amoled-de-51-mm-en-titane-et-cuir\/#primaryimage","url":"https:\/\/maisonroca.ad\/wp-content\/uploads\/2025\/02\/010-02905-40.jpg","contentUrl":"https:\/\/maisonroca.ad\/wp-content\/uploads\/2025\/02\/010-02905-40.jpg","width":1080,"height":1080,"caption":"maison-roca-andorra-garmin-rellotge-fenix-8-51-mm-amoled--titani-negra-cuir"},{"@type":"BreadcrumbList","@id":"https:\/\/maisonroca.ad\/fr\/boutique\/montre-garmin-fenix-8-amoled-de-51-mm-en-titane-et-cuir\/#breadcrumb","itemListElement":[{"@type":"ListItem","position":1,"name":"Portada","item":"https:\/\/maisonroca.ad\/fr\/"},{"@type":"ListItem","position":2,"name":"Botiga","item":"https:\/\/maisonroca.ad\/botiga\/"},{"@type":"ListItem","position":3,"name":"MONTRE GARMIN FENIX 8 AMOLED DE 51 MM EN TITANE ET CUIR"}]},{"@type":"WebSite","@id":"https:\/\/maisonroca.ad\/fr\/#website","url":"https:\/\/maisonroca.ad\/fr\/","name":"Maison Roca","description":"Bold Luxury Life - joieria d&#039;autor - Andorra","publisher":{"@id":"https:\/\/maisonroca.ad\/fr\/#organization"},"potentialAction":[{"@type":"SearchAction","target":{"@type":"EntryPoint","urlTemplate":"https:\/\/maisonroca.ad\/fr\/?s={search_term_string}"},"query-input":{"@type":"PropertyValueSpecification","valueRequired":true,"valueName":"search_term_string"}}],"inLanguage":"fr-FR"},{"@type":"Organization","@id":"https:\/\/maisonroca.ad\/fr\/#organization","name":"Maison Roca","url":"https:\/\/maisonroca.ad\/fr\/","logo":{"@type":"ImageObject","inLanguage":"fr-FR","@id":"https:\/\/maisonroca.ad\/fr\/#\/schema\/logo\/image\/","url":"https:\/\/maisonroca.ad\/wp-content\/uploads\/2023\/10\/icono.png","contentUrl":"https:\/\/maisonroca.ad\/wp-content\/uploads\/2023\/10\/icono.png","width":512,"height":512,"caption":"Maison Roca"},"image":{"@id":"https:\/\/maisonroca.ad\/fr\/#\/schema\/logo\/image\/"},"sameAs":["https:\/\/www.facebook.com\/maisonroca","https:\/\/www.instagram.com\/maisonroca\/"]}]},"product_price_amount":"1062.00","product_price_currency":"EUR","og_availability":"instock","product_availability":"instock","product_retailer_item_id":"010-02905-40","product_condition":"new"},"_links":{"self":[{"href":"https:\/\/maisonroca.ad\/fr\/wp-json\/wp\/v2\/product\/70273","targetHints":{"allow":["GET"]}}],"collection":[{"href":"https:\/\/maisonroca.ad\/fr\/wp-json\/wp\/v2\/product"}],"about":[{"href":"https:\/\/maisonroca.ad\/fr\/wp-json\/wp\/v2\/types\/product"}],"replies":[{"embeddable":true,"href":"https:\/\/maisonroca.ad\/fr\/wp-json\/wp\/v2\/comments?post=70273"}],"version-history":[{"count":1,"href":"https:\/\/maisonroca.ad\/fr\/wp-json\/wp\/v2\/product\/70273\/revisions"}],"predecessor-version":[{"id":70274,"href":"https:\/\/maisonroca.ad\/fr\/wp-json\/wp\/v2\/product\/70273\/revisions\/70274"}],"wp:featuredmedia":[{"embeddable":true,"href":"https:\/\/maisonroca.ad\/fr\/wp-json\/wp\/v2\/media\/70262"}],"wp:attachment":[{"href":"https:\/\/maisonroca.ad\/fr\/wp-json\/wp\/v2\/media?parent=70273"}],"wp:term":[{"taxonomy":"product_brand","embeddable":true,"href":"https:\/\/maisonroca.ad\/fr\/wp-json\/wp\/v2\/product_brand?post=70273"},{"taxonomy":"product_cat","embeddable":true,"href":"https:\/\/maisonroca.ad\/fr\/wp-json\/wp\/v2\/product_cat?post=70273"},{"taxonomy":"product_tag","embeddable":true,"href":"https:\/\/maisonroca.ad\/fr\/wp-json\/wp\/v2\/product_tag?post=70273"}],"curies":[{"name":"wp","href":"https:\/\/api.w.org\/{rel}","templated":true}]}}