{"id":70311,"date":"2025-02-12T15:18:46","date_gmt":"2025-02-12T14:18:46","guid":{"rendered":"https:\/\/maisonroca.ad\/?post_type=product&#038;p=70311"},"modified":"2025-02-12T15:31:06","modified_gmt":"2025-02-12T14:31:06","slug":"montre-garmin-marq-adventurer-titane-cuir-et-caoutchouc","status":"publish","type":"product","link":"https:\/\/maisonroca.ad\/fr\/boutique\/montre-garmin-marq-adventurer-titane-cuir-et-caoutchouc\/","title":{"rendered":"MONTRE GARMIN MARQ ADVENTURER TITANE, CUIR ET CAOUTCHOUC"},"content":{"rendered":"<p>Montre Garmin Marq Adventurer en titane, cadran noir et bracelet en cuir et caoutchouc. Cette montre moderne et luxueuse dispose d&rsquo;un bracelet hybride en cuir et caoutchouc, d&rsquo;un \u00e9cran tactile AMOLED avec des boutons de contr\u00f4le traditionnels et d&rsquo;un bo\u00eetier de 46 mm fabriqu\u00e9 en titane de grade 5 pour une grande r\u00e9sistance.<\/p>\n<p>&nbsp;<\/p>\n<p>Det\u00e1ils:<\/p>\n<ul>\n<li>Technologie PACEPRO, SATIQ<\/li>\n<li>Cartes topographiques multicontinentales, de ski, de golf<\/li>\n<li>Suggestions de parcours<\/li>\n<\/ul>\n","protected":false},"excerpt":{"rendered":"<p>Montre Garmin Marq Adventurer en titane, cadran noir et bracelet en cuir et caoutchouc. Cette montre moderne et luxueuse dispose d&rsquo;un bracelet hybride en cuir et caoutchouc, d&rsquo;un \u00e9cran tactile AMOLED avec des boutons de contr\u00f4le traditionnels et d&rsquo;un bo\u00eetier de 46 mm fabriqu\u00e9 en titane de grade 5 pour une grande r\u00e9sistance.<\/p>\n","protected":false},"featured_media":70299,"comment_status":"open","ping_status":"closed","template":"","meta":{"_acf_changed":false,"_monsterinsights_skip_tracking":false,"_monsterinsights_sitenote_active":false,"_monsterinsights_sitenote_note":"","_monsterinsights_sitenote_category":0},"product_brand":[],"product_cat":[1253,1245],"product_tag":[2376,2708,2182,2690,2538],"class_list":{"0":"post-70311","1":"product","2":"type-product","3":"status-publish","4":"has-post-thumbnail","6":"product_cat-garmin-fr","7":"product_cat-montres","8":"product_tag-46-mm-2-3","9":"product_tag-adventurer-fr","10":"product_tag-garmin-2","11":"product_tag-marq-fr","12":"product_tag-titane-fr","14":"first","15":"instock","16":"shipping-taxable","17":"product-type-simple"},"acf":[],"yoast_head":"<!-- This site is optimized with the Yoast SEO Premium plugin v26.8 (Yoast SEO v27.4) - https:\/\/yoast.com\/product\/yoast-seo-premium-wordpress\/ -->\n<title>MONTRE GARMIN MARQ ADVENTURER<\/title>\n<meta name=\"description\" content=\"D\u00e9couvrez la montre Garmin Marq Adventurer, con\u00e7ue pour l&#039;aventurier moderne avec des fonctionnalit\u00e9s GPS avanc\u00e9es, des capteurs et une robustesse extr\u00eame.\" \/>\n<meta name=\"robots\" content=\"index, follow, max-snippet:-1, max-image-preview:large, max-video-preview:-1\" \/>\n<link rel=\"canonical\" href=\"https:\/\/maisonroca.ad\/fr\/boutique\/montre-garmin-marq-adventurer-titane-cuir-et-caoutchouc\/\" \/>\n<meta property=\"og:locale\" content=\"fr_FR\" \/>\n<meta property=\"og:type\" content=\"article\" \/>\n<meta property=\"og:title\" content=\"MONTRE GARMIN MARQ ADVENTURER TITANE, CUIR ET CAOUTCHOUC\" \/>\n<meta property=\"og:description\" content=\"D\u00e9couvrez la montre Garmin Marq Adventurer, con\u00e7ue pour l&#039;aventurier moderne avec des fonctionnalit\u00e9s GPS avanc\u00e9es, des capteurs et une robustesse extr\u00eame.\" \/>\n<meta property=\"og:url\" content=\"https:\/\/maisonroca.ad\/fr\/boutique\/montre-garmin-marq-adventurer-titane-cuir-et-caoutchouc\/\" \/>\n<meta property=\"og:site_name\" content=\"Maison Roca\" \/>\n<meta property=\"article:publisher\" content=\"https:\/\/www.facebook.com\/maisonroca\" \/>\n<meta property=\"article:modified_time\" content=\"2025-02-12T14:31:06+00:00\" \/>\n<meta property=\"og:image\" content=\"https:\/\/maisonroca.ad\/wp-content\/uploads\/2025\/02\/010-02648-31.jpg\" \/>\n\t<meta property=\"og:image:width\" content=\"1080\" \/>\n\t<meta property=\"og:image:height\" content=\"1080\" \/>\n\t<meta property=\"og:image:type\" content=\"image\/jpeg\" \/>\n<meta name=\"twitter:card\" content=\"summary_large_image\" \/>\n<meta name=\"twitter:label1\" content=\"Prix\" \/>\n\t<meta name=\"twitter:data1\" content=\"\" \/>\n\t<meta name=\"twitter:label2\" content=\"Disponibilit\u00e9\" \/>\n\t<meta name=\"twitter:data2\" content=\"En stock\" \/>\n<script type=\"application\/ld+json\" class=\"yoast-schema-graph\">{\"@context\":\"https:\\\/\\\/schema.org\",\"@graph\":[{\"@type\":\"WebPage\",\"@id\":\"https:\\\/\\\/maisonroca.ad\\\/fr\\\/boutique\\\/montre-garmin-marq-adventurer-titane-cuir-et-caoutchouc\\\/\",\"url\":\"https:\\\/\\\/maisonroca.ad\\\/fr\\\/boutique\\\/montre-garmin-marq-adventurer-titane-cuir-et-caoutchouc\\\/\",\"name\":\"MONTRE GARMIN MARQ ADVENTURER\",\"isPartOf\":{\"@id\":\"https:\\\/\\\/maisonroca.ad\\\/fr\\\/#website\"},\"primaryImageOfPage\":{\"@id\":\"https:\\\/\\\/maisonroca.ad\\\/fr\\\/boutique\\\/montre-garmin-marq-adventurer-titane-cuir-et-caoutchouc\\\/#primaryimage\"},\"image\":{\"@id\":\"https:\\\/\\\/maisonroca.ad\\\/fr\\\/boutique\\\/montre-garmin-marq-adventurer-titane-cuir-et-caoutchouc\\\/#primaryimage\"},\"thumbnailUrl\":\"https:\\\/\\\/maisonroca.ad\\\/wp-content\\\/uploads\\\/2025\\\/02\\\/010-02648-31.jpg\",\"datePublished\":\"2025-02-12T14:18:46+00:00\",\"dateModified\":\"2025-02-12T14:31:06+00:00\",\"description\":\"D\u00e9couvrez la montre Garmin Marq Adventurer, con\u00e7ue pour l'aventurier moderne avec des fonctionnalit\u00e9s GPS avanc\u00e9es, des capteurs et une robustesse extr\u00eame.\",\"breadcrumb\":{\"@id\":\"https:\\\/\\\/maisonroca.ad\\\/fr\\\/boutique\\\/montre-garmin-marq-adventurer-titane-cuir-et-caoutchouc\\\/#breadcrumb\"},\"inLanguage\":\"fr-FR\",\"potentialAction\":[{\"@type\":\"ReadAction\",\"target\":[\"https:\\\/\\\/maisonroca.ad\\\/fr\\\/boutique\\\/montre-garmin-marq-adventurer-titane-cuir-et-caoutchouc\\\/\"]}]},{\"@type\":\"ImageObject\",\"inLanguage\":\"fr-FR\",\"@id\":\"https:\\\/\\\/maisonroca.ad\\\/fr\\\/boutique\\\/montre-garmin-marq-adventurer-titane-cuir-et-caoutchouc\\\/#primaryimage\",\"url\":\"https:\\\/\\\/maisonroca.ad\\\/wp-content\\\/uploads\\\/2025\\\/02\\\/010-02648-31.jpg\",\"contentUrl\":\"https:\\\/\\\/maisonroca.ad\\\/wp-content\\\/uploads\\\/2025\\\/02\\\/010-02648-31.jpg\",\"width\":1080,\"height\":1080,\"caption\":\"maison-roca-andorra-garmin-rellotge-marq-adventurer-titani-negra-cuir-cautxu\"},{\"@type\":\"BreadcrumbList\",\"@id\":\"https:\\\/\\\/maisonroca.ad\\\/fr\\\/boutique\\\/montre-garmin-marq-adventurer-titane-cuir-et-caoutchouc\\\/#breadcrumb\",\"itemListElement\":[{\"@type\":\"ListItem\",\"position\":1,\"name\":\"Portada\",\"item\":\"https:\\\/\\\/maisonroca.ad\\\/fr\\\/\"},{\"@type\":\"ListItem\",\"position\":2,\"name\":\"Botiga\",\"item\":\"https:\\\/\\\/maisonroca.ad\\\/botiga\\\/\"},{\"@type\":\"ListItem\",\"position\":3,\"name\":\"MONTRE GARMIN MARQ ADVENTURER TITANE, CUIR ET CAOUTCHOUC\"}]},{\"@type\":\"WebSite\",\"@id\":\"https:\\\/\\\/maisonroca.ad\\\/fr\\\/#website\",\"url\":\"https:\\\/\\\/maisonroca.ad\\\/fr\\\/\",\"name\":\"Maison Roca\",\"description\":\"Bold Luxury Life - joieria d&#039;autor - Andorra\",\"publisher\":{\"@id\":\"https:\\\/\\\/maisonroca.ad\\\/fr\\\/#organization\"},\"potentialAction\":[{\"@type\":\"SearchAction\",\"target\":{\"@type\":\"EntryPoint\",\"urlTemplate\":\"https:\\\/\\\/maisonroca.ad\\\/fr\\\/?s={search_term_string}\"},\"query-input\":{\"@type\":\"PropertyValueSpecification\",\"valueRequired\":true,\"valueName\":\"search_term_string\"}}],\"inLanguage\":\"fr-FR\"},{\"@type\":\"Organization\",\"@id\":\"https:\\\/\\\/maisonroca.ad\\\/fr\\\/#organization\",\"name\":\"Maison Roca\",\"url\":\"https:\\\/\\\/maisonroca.ad\\\/fr\\\/\",\"logo\":{\"@type\":\"ImageObject\",\"inLanguage\":\"fr-FR\",\"@id\":\"https:\\\/\\\/maisonroca.ad\\\/fr\\\/#\\\/schema\\\/logo\\\/image\\\/\",\"url\":\"https:\\\/\\\/maisonroca.ad\\\/wp-content\\\/uploads\\\/2023\\\/10\\\/icono.png\",\"contentUrl\":\"https:\\\/\\\/maisonroca.ad\\\/wp-content\\\/uploads\\\/2023\\\/10\\\/icono.png\",\"width\":512,\"height\":512,\"caption\":\"Maison Roca\"},\"image\":{\"@id\":\"https:\\\/\\\/maisonroca.ad\\\/fr\\\/#\\\/schema\\\/logo\\\/image\\\/\"},\"sameAs\":[\"https:\\\/\\\/www.facebook.com\\\/maisonroca\",\"https:\\\/\\\/www.instagram.com\\\/maisonroca\\\/\"]}]}<\/script>\n<meta property=\"product:price:currency\" content=\"EUR\" \/>\n<meta property=\"og:availability\" content=\"instock\" \/>\n<meta property=\"product:availability\" content=\"instock\" \/>\n<meta property=\"product:condition\" content=\"new\" \/>\n<!-- \/ Yoast SEO Premium plugin. -->","yoast_head_json":{"title":"MONTRE GARMIN MARQ ADVENTURER","description":"D\u00e9couvrez la montre Garmin Marq Adventurer, con\u00e7ue pour l'aventurier moderne avec des fonctionnalit\u00e9s GPS avanc\u00e9es, des capteurs et une robustesse extr\u00eame.","robots":{"index":"index","follow":"follow","max-snippet":"max-snippet:-1","max-image-preview":"max-image-preview:large","max-video-preview":"max-video-preview:-1"},"canonical":"https:\/\/maisonroca.ad\/fr\/boutique\/montre-garmin-marq-adventurer-titane-cuir-et-caoutchouc\/","og_locale":"fr_FR","og_type":"article","og_title":"MONTRE GARMIN MARQ ADVENTURER TITANE, CUIR ET CAOUTCHOUC","og_description":"D\u00e9couvrez la montre Garmin Marq Adventurer, con\u00e7ue pour l'aventurier moderne avec des fonctionnalit\u00e9s GPS avanc\u00e9es, des capteurs et une robustesse extr\u00eame.","og_url":"https:\/\/maisonroca.ad\/fr\/boutique\/montre-garmin-marq-adventurer-titane-cuir-et-caoutchouc\/","og_site_name":"Maison Roca","article_publisher":"https:\/\/www.facebook.com\/maisonroca","article_modified_time":"2025-02-12T14:31:06+00:00","og_image":[{"width":1080,"height":1080,"url":"https:\/\/maisonroca.ad\/wp-content\/uploads\/2025\/02\/010-02648-31.jpg","type":"image\/jpeg"}],"twitter_card":"summary_large_image","twitter_misc":{"Prix":"","Disponibilit\u00e9":"En stock"},"schema":{"@context":"https:\/\/schema.org","@graph":[{"@type":"WebPage","@id":"https:\/\/maisonroca.ad\/fr\/boutique\/montre-garmin-marq-adventurer-titane-cuir-et-caoutchouc\/","url":"https:\/\/maisonroca.ad\/fr\/boutique\/montre-garmin-marq-adventurer-titane-cuir-et-caoutchouc\/","name":"MONTRE GARMIN MARQ ADVENTURER","isPartOf":{"@id":"https:\/\/maisonroca.ad\/fr\/#website"},"primaryImageOfPage":{"@id":"https:\/\/maisonroca.ad\/fr\/boutique\/montre-garmin-marq-adventurer-titane-cuir-et-caoutchouc\/#primaryimage"},"image":{"@id":"https:\/\/maisonroca.ad\/fr\/boutique\/montre-garmin-marq-adventurer-titane-cuir-et-caoutchouc\/#primaryimage"},"thumbnailUrl":"https:\/\/maisonroca.ad\/wp-content\/uploads\/2025\/02\/010-02648-31.jpg","datePublished":"2025-02-12T14:18:46+00:00","dateModified":"2025-02-12T14:31:06+00:00","description":"D\u00e9couvrez la montre Garmin Marq Adventurer, con\u00e7ue pour l'aventurier moderne avec des fonctionnalit\u00e9s GPS avanc\u00e9es, des capteurs et une robustesse extr\u00eame.","breadcrumb":{"@id":"https:\/\/maisonroca.ad\/fr\/boutique\/montre-garmin-marq-adventurer-titane-cuir-et-caoutchouc\/#breadcrumb"},"inLanguage":"fr-FR","potentialAction":[{"@type":"ReadAction","target":["https:\/\/maisonroca.ad\/fr\/boutique\/montre-garmin-marq-adventurer-titane-cuir-et-caoutchouc\/"]}]},{"@type":"ImageObject","inLanguage":"fr-FR","@id":"https:\/\/maisonroca.ad\/fr\/boutique\/montre-garmin-marq-adventurer-titane-cuir-et-caoutchouc\/#primaryimage","url":"https:\/\/maisonroca.ad\/wp-content\/uploads\/2025\/02\/010-02648-31.jpg","contentUrl":"https:\/\/maisonroca.ad\/wp-content\/uploads\/2025\/02\/010-02648-31.jpg","width":1080,"height":1080,"caption":"maison-roca-andorra-garmin-rellotge-marq-adventurer-titani-negra-cuir-cautxu"},{"@type":"BreadcrumbList","@id":"https:\/\/maisonroca.ad\/fr\/boutique\/montre-garmin-marq-adventurer-titane-cuir-et-caoutchouc\/#breadcrumb","itemListElement":[{"@type":"ListItem","position":1,"name":"Portada","item":"https:\/\/maisonroca.ad\/fr\/"},{"@type":"ListItem","position":2,"name":"Botiga","item":"https:\/\/maisonroca.ad\/botiga\/"},{"@type":"ListItem","position":3,"name":"MONTRE GARMIN MARQ ADVENTURER TITANE, CUIR ET CAOUTCHOUC"}]},{"@type":"WebSite","@id":"https:\/\/maisonroca.ad\/fr\/#website","url":"https:\/\/maisonroca.ad\/fr\/","name":"Maison Roca","description":"Bold Luxury Life - joieria d&#039;autor - Andorra","publisher":{"@id":"https:\/\/maisonroca.ad\/fr\/#organization"},"potentialAction":[{"@type":"SearchAction","target":{"@type":"EntryPoint","urlTemplate":"https:\/\/maisonroca.ad\/fr\/?s={search_term_string}"},"query-input":{"@type":"PropertyValueSpecification","valueRequired":true,"valueName":"search_term_string"}}],"inLanguage":"fr-FR"},{"@type":"Organization","@id":"https:\/\/maisonroca.ad\/fr\/#organization","name":"Maison Roca","url":"https:\/\/maisonroca.ad\/fr\/","logo":{"@type":"ImageObject","inLanguage":"fr-FR","@id":"https:\/\/maisonroca.ad\/fr\/#\/schema\/logo\/image\/","url":"https:\/\/maisonroca.ad\/wp-content\/uploads\/2023\/10\/icono.png","contentUrl":"https:\/\/maisonroca.ad\/wp-content\/uploads\/2023\/10\/icono.png","width":512,"height":512,"caption":"Maison Roca"},"image":{"@id":"https:\/\/maisonroca.ad\/fr\/#\/schema\/logo\/image\/"},"sameAs":["https:\/\/www.facebook.com\/maisonroca","https:\/\/www.instagram.com\/maisonroca\/"]}]},"product_price_currency":"EUR","og_availability":"instock","product_availability":"instock","product_condition":"new"},"_links":{"self":[{"href":"https:\/\/maisonroca.ad\/fr\/wp-json\/wp\/v2\/product\/70311","targetHints":{"allow":["GET"]}}],"collection":[{"href":"https:\/\/maisonroca.ad\/fr\/wp-json\/wp\/v2\/product"}],"about":[{"href":"https:\/\/maisonroca.ad\/fr\/wp-json\/wp\/v2\/types\/product"}],"replies":[{"embeddable":true,"href":"https:\/\/maisonroca.ad\/fr\/wp-json\/wp\/v2\/comments?post=70311"}],"version-history":[{"count":1,"href":"https:\/\/maisonroca.ad\/fr\/wp-json\/wp\/v2\/product\/70311\/revisions"}],"predecessor-version":[{"id":70312,"href":"https:\/\/maisonroca.ad\/fr\/wp-json\/wp\/v2\/product\/70311\/revisions\/70312"}],"wp:featuredmedia":[{"embeddable":true,"href":"https:\/\/maisonroca.ad\/fr\/wp-json\/wp\/v2\/media\/70299"}],"wp:attachment":[{"href":"https:\/\/maisonroca.ad\/fr\/wp-json\/wp\/v2\/media?parent=70311"}],"wp:term":[{"taxonomy":"product_brand","embeddable":true,"href":"https:\/\/maisonroca.ad\/fr\/wp-json\/wp\/v2\/product_brand?post=70311"},{"taxonomy":"product_cat","embeddable":true,"href":"https:\/\/maisonroca.ad\/fr\/wp-json\/wp\/v2\/product_cat?post=70311"},{"taxonomy":"product_tag","embeddable":true,"href":"https:\/\/maisonroca.ad\/fr\/wp-json\/wp\/v2\/product_tag?post=70311"}],"curies":[{"name":"wp","href":"https:\/\/api.w.org\/{rel}","templated":true}]}}