{"id":70331,"date":"2025-02-13T10:11:05","date_gmt":"2025-02-13T09:11:05","guid":{"rendered":"https:\/\/maisonroca.ad\/?post_type=product&#038;p=70331"},"modified":"2025-02-13T11:10:27","modified_gmt":"2025-02-13T10:10:27","slug":"collier-dinh-van-double-coeur-r9-chaine-en-or-rose","status":"publish","type":"product","link":"https:\/\/maisonroca.ad\/fr\/boutique\/collier-dinh-van-double-coeur-r9-chaine-en-or-rose\/","title":{"rendered":"COLLIER DINH VAN DOUBLE COEUR R9 CHA\u00ceNE EN OR ROSE"},"content":{"rendered":"<p data-start=\"681\" data-end=\"738\">Collier dinh van Double Coeur R9 cha\u00eene en or rose.<\/p>\n<p data-start=\"740\" data-end=\"914\">Un collier \u00e9l\u00e9gant sur une cha\u00eene dinh van, embelli par deux c\u0153urs entrelac\u00e9s, qui fusionne l\u2019avant-garde du design moderne avec un symbole classique et intemporel d\u2019union.<\/p>\n<p data-start=\"916\" data-end=\"1350\">Les cr\u00e9ations dinh van sont de v\u00e9ritables \u0153uvres d\u2019art qui n\u00e9cessitent un soin particulier pour garantir leur durabilit\u00e9. Afin de les conserver en parfait \u00e9tat et de pr\u00e9server leur \u00e9clat et leur beaut\u00e9 d\u2019origine, il est essentiel de suivre quelques recommandations simples mais importantes. En prenant soin de vos bijoux dinh van avec les pr\u00e9cautions appropri\u00e9es, vous pourrez profiter de leur \u00e9l\u00e9gance pendant de nombreuses ann\u00e9es.<\/p>\n<p>D\u00e9tails:<\/p>\n<ul>\n<li>Or rose 18k<\/li>\n<\/ul>\n","protected":false},"excerpt":{"rendered":"<p data-start=\"681\" data-end=\"738\">Collier dinh van Double Coeur R9 cha\u00eene en or rose. Un collier \u00e9l\u00e9gant sur une cha\u00eene dinh van, embelli par deux c\u0153urs entrelac\u00e9s, qui fusionne l\u2019avant-garde du design moderne avec un symbole classique et intemporel d\u2019union.<\/p>\n","protected":false},"featured_media":70320,"comment_status":"open","ping_status":"closed","template":"","meta":{"_acf_changed":false,"_monsterinsights_skip_tracking":false,"_monsterinsights_sitenote_active":false,"_monsterinsights_sitenote_note":"","_monsterinsights_sitenote_category":0},"product_brand":[],"product_cat":[1244,1251],"product_tag":[2370,2518],"class_list":{"0":"post-70331","1":"product","2":"type-product","3":"status-publish","4":"has-post-thumbnail","6":"product_cat-bijou","7":"product_cat-dinh-van-fr","8":"product_tag-dinh-van-2","9":"product_tag-or-rose-fr","11":"first","12":"instock","13":"shipping-taxable","14":"purchasable","15":"product-type-simple"},"acf":[],"yoast_head":"<!-- This site is optimized with the Yoast SEO Premium plugin v26.8 (Yoast SEO v27.3) - https:\/\/yoast.com\/product\/yoast-seo-premium-wordpress\/ -->\n<title>COLLIER DINH VAN DOUBLE COEUR R9 CHA\u00ceNE EN OR ROSE - Maison Roca<\/title>\n<meta name=\"description\" content=\"D\u00e9couvrez le collier dinh van Double C\u0153ur, un bijou \u00e9l\u00e9gant et symbolique qui allie amour et sophistication avec un design intemporel.\" \/>\n<meta name=\"robots\" content=\"index, follow, max-snippet:-1, max-image-preview:large, max-video-preview:-1\" \/>\n<link rel=\"canonical\" href=\"https:\/\/maisonroca.ad\/fr\/boutique\/collier-dinh-van-double-coeur-r9-chaine-en-or-rose\/\" \/>\n<meta property=\"og:locale\" content=\"fr_FR\" \/>\n<meta property=\"og:type\" content=\"article\" \/>\n<meta property=\"og:title\" content=\"COLLIER DINH VAN DOUBLE COEUR R9 CHA\u00ceNE EN OR ROSE\" \/>\n<meta property=\"og:description\" content=\"D\u00e9couvrez le collier dinh van Double C\u0153ur, un bijou \u00e9l\u00e9gant et symbolique qui allie amour et sophistication avec un design intemporel.\" \/>\n<meta property=\"og:url\" content=\"https:\/\/maisonroca.ad\/fr\/boutique\/collier-dinh-van-double-coeur-r9-chaine-en-or-rose\/\" \/>\n<meta property=\"og:site_name\" content=\"Maison Roca\" \/>\n<meta property=\"article:publisher\" content=\"https:\/\/www.facebook.com\/maisonroca\" \/>\n<meta property=\"article:modified_time\" content=\"2025-02-13T10:10:27+00:00\" \/>\n<meta property=\"og:image\" content=\"https:\/\/maisonroca.ad\/wp-content\/uploads\/2025\/02\/645205.jpg\" \/>\n\t<meta property=\"og:image:width\" content=\"1080\" \/>\n\t<meta property=\"og:image:height\" content=\"1080\" \/>\n\t<meta property=\"og:image:type\" content=\"image\/jpeg\" \/>\n<meta name=\"twitter:card\" content=\"summary_large_image\" \/>\n<meta name=\"twitter:label1\" content=\"Prix\" \/>\n\t<meta name=\"twitter:data1\" content=\"1.385,00&nbsp;&euro;\" \/>\n\t<meta name=\"twitter:label2\" content=\"Disponibilit\u00e9\" \/>\n\t<meta name=\"twitter:data2\" content=\"En stock\" \/>\n<script type=\"application\/ld+json\" class=\"yoast-schema-graph\">{\"@context\":\"https:\\\/\\\/schema.org\",\"@graph\":[{\"@type\":\"WebPage\",\"@id\":\"https:\\\/\\\/maisonroca.ad\\\/fr\\\/boutique\\\/collier-dinh-van-double-coeur-r9-chaine-en-or-rose\\\/\",\"url\":\"https:\\\/\\\/maisonroca.ad\\\/fr\\\/boutique\\\/collier-dinh-van-double-coeur-r9-chaine-en-or-rose\\\/\",\"name\":\"COLLIER DINH VAN DOUBLE COEUR R9 CHA\u00ceNE EN OR ROSE - Maison Roca\",\"isPartOf\":{\"@id\":\"https:\\\/\\\/maisonroca.ad\\\/fr\\\/#website\"},\"primaryImageOfPage\":{\"@id\":\"https:\\\/\\\/maisonroca.ad\\\/fr\\\/boutique\\\/collier-dinh-van-double-coeur-r9-chaine-en-or-rose\\\/#primaryimage\"},\"image\":{\"@id\":\"https:\\\/\\\/maisonroca.ad\\\/fr\\\/boutique\\\/collier-dinh-van-double-coeur-r9-chaine-en-or-rose\\\/#primaryimage\"},\"thumbnailUrl\":\"https:\\\/\\\/maisonroca.ad\\\/wp-content\\\/uploads\\\/2025\\\/02\\\/645205.jpg\",\"datePublished\":\"2025-02-13T09:11:05+00:00\",\"dateModified\":\"2025-02-13T10:10:27+00:00\",\"description\":\"D\u00e9couvrez le collier dinh van Double C\u0153ur, un bijou \u00e9l\u00e9gant et symbolique qui allie amour et sophistication avec un design intemporel.\",\"breadcrumb\":{\"@id\":\"https:\\\/\\\/maisonroca.ad\\\/fr\\\/boutique\\\/collier-dinh-van-double-coeur-r9-chaine-en-or-rose\\\/#breadcrumb\"},\"inLanguage\":\"fr-FR\",\"potentialAction\":[{\"@type\":\"ReadAction\",\"target\":[\"https:\\\/\\\/maisonroca.ad\\\/fr\\\/boutique\\\/collier-dinh-van-double-coeur-r9-chaine-en-or-rose\\\/\"]}]},{\"@type\":\"ImageObject\",\"inLanguage\":\"fr-FR\",\"@id\":\"https:\\\/\\\/maisonroca.ad\\\/fr\\\/boutique\\\/collier-dinh-van-double-coeur-r9-chaine-en-or-rose\\\/#primaryimage\",\"url\":\"https:\\\/\\\/maisonroca.ad\\\/wp-content\\\/uploads\\\/2025\\\/02\\\/645205.jpg\",\"contentUrl\":\"https:\\\/\\\/maisonroca.ad\\\/wp-content\\\/uploads\\\/2025\\\/02\\\/645205.jpg\",\"width\":1080,\"height\":1080,\"caption\":\"maison-roca-andorra-dinh van-collar-doble-cor-r9-cadena-or-rosa\"},{\"@type\":\"BreadcrumbList\",\"@id\":\"https:\\\/\\\/maisonroca.ad\\\/fr\\\/boutique\\\/collier-dinh-van-double-coeur-r9-chaine-en-or-rose\\\/#breadcrumb\",\"itemListElement\":[{\"@type\":\"ListItem\",\"position\":1,\"name\":\"Portada\",\"item\":\"https:\\\/\\\/maisonroca.ad\\\/fr\\\/\"},{\"@type\":\"ListItem\",\"position\":2,\"name\":\"Botiga\",\"item\":\"https:\\\/\\\/maisonroca.ad\\\/botiga\\\/\"},{\"@type\":\"ListItem\",\"position\":3,\"name\":\"COLLIER DINH VAN DOUBLE COEUR R9 CHA\u00ceNE EN OR ROSE\"}]},{\"@type\":\"WebSite\",\"@id\":\"https:\\\/\\\/maisonroca.ad\\\/fr\\\/#website\",\"url\":\"https:\\\/\\\/maisonroca.ad\\\/fr\\\/\",\"name\":\"Maison Roca\",\"description\":\"Bold Luxury Life - joieria d&#039;autor - Andorra\",\"publisher\":{\"@id\":\"https:\\\/\\\/maisonroca.ad\\\/fr\\\/#organization\"},\"potentialAction\":[{\"@type\":\"SearchAction\",\"target\":{\"@type\":\"EntryPoint\",\"urlTemplate\":\"https:\\\/\\\/maisonroca.ad\\\/fr\\\/?s={search_term_string}\"},\"query-input\":{\"@type\":\"PropertyValueSpecification\",\"valueRequired\":true,\"valueName\":\"search_term_string\"}}],\"inLanguage\":\"fr-FR\"},{\"@type\":\"Organization\",\"@id\":\"https:\\\/\\\/maisonroca.ad\\\/fr\\\/#organization\",\"name\":\"Maison Roca\",\"url\":\"https:\\\/\\\/maisonroca.ad\\\/fr\\\/\",\"logo\":{\"@type\":\"ImageObject\",\"inLanguage\":\"fr-FR\",\"@id\":\"https:\\\/\\\/maisonroca.ad\\\/fr\\\/#\\\/schema\\\/logo\\\/image\\\/\",\"url\":\"https:\\\/\\\/maisonroca.ad\\\/wp-content\\\/uploads\\\/2023\\\/10\\\/icono.png\",\"contentUrl\":\"https:\\\/\\\/maisonroca.ad\\\/wp-content\\\/uploads\\\/2023\\\/10\\\/icono.png\",\"width\":512,\"height\":512,\"caption\":\"Maison Roca\"},\"image\":{\"@id\":\"https:\\\/\\\/maisonroca.ad\\\/fr\\\/#\\\/schema\\\/logo\\\/image\\\/\"},\"sameAs\":[\"https:\\\/\\\/www.facebook.com\\\/maisonroca\",\"https:\\\/\\\/www.instagram.com\\\/maisonroca\\\/\"]}]}<\/script>\n<meta property=\"product:price:amount\" content=\"1385.00\" \/>\n<meta property=\"product:price:currency\" content=\"EUR\" \/>\n<meta property=\"og:availability\" content=\"instock\" \/>\n<meta property=\"product:availability\" content=\"instock\" \/>\n<meta property=\"product:retailer_item_id\" content=\"645205\" \/>\n<meta property=\"product:condition\" content=\"new\" \/>\n<!-- \/ Yoast SEO Premium plugin. -->","yoast_head_json":{"title":"COLLIER DINH VAN DOUBLE COEUR R9 CHA\u00ceNE EN OR ROSE - Maison Roca","description":"D\u00e9couvrez le collier dinh van Double C\u0153ur, un bijou \u00e9l\u00e9gant et symbolique qui allie amour et sophistication avec un design intemporel.","robots":{"index":"index","follow":"follow","max-snippet":"max-snippet:-1","max-image-preview":"max-image-preview:large","max-video-preview":"max-video-preview:-1"},"canonical":"https:\/\/maisonroca.ad\/fr\/boutique\/collier-dinh-van-double-coeur-r9-chaine-en-or-rose\/","og_locale":"fr_FR","og_type":"article","og_title":"COLLIER DINH VAN DOUBLE COEUR R9 CHA\u00ceNE EN OR ROSE","og_description":"D\u00e9couvrez le collier dinh van Double C\u0153ur, un bijou \u00e9l\u00e9gant et symbolique qui allie amour et sophistication avec un design intemporel.","og_url":"https:\/\/maisonroca.ad\/fr\/boutique\/collier-dinh-van-double-coeur-r9-chaine-en-or-rose\/","og_site_name":"Maison Roca","article_publisher":"https:\/\/www.facebook.com\/maisonroca","article_modified_time":"2025-02-13T10:10:27+00:00","og_image":[{"width":1080,"height":1080,"url":"https:\/\/maisonroca.ad\/wp-content\/uploads\/2025\/02\/645205.jpg","type":"image\/jpeg"}],"twitter_card":"summary_large_image","twitter_misc":{"Prix":"1.385,00&nbsp;&euro;","Disponibilit\u00e9":"En stock"},"schema":{"@context":"https:\/\/schema.org","@graph":[{"@type":"WebPage","@id":"https:\/\/maisonroca.ad\/fr\/boutique\/collier-dinh-van-double-coeur-r9-chaine-en-or-rose\/","url":"https:\/\/maisonroca.ad\/fr\/boutique\/collier-dinh-van-double-coeur-r9-chaine-en-or-rose\/","name":"COLLIER DINH VAN DOUBLE COEUR R9 CHA\u00ceNE EN OR ROSE - Maison Roca","isPartOf":{"@id":"https:\/\/maisonroca.ad\/fr\/#website"},"primaryImageOfPage":{"@id":"https:\/\/maisonroca.ad\/fr\/boutique\/collier-dinh-van-double-coeur-r9-chaine-en-or-rose\/#primaryimage"},"image":{"@id":"https:\/\/maisonroca.ad\/fr\/boutique\/collier-dinh-van-double-coeur-r9-chaine-en-or-rose\/#primaryimage"},"thumbnailUrl":"https:\/\/maisonroca.ad\/wp-content\/uploads\/2025\/02\/645205.jpg","datePublished":"2025-02-13T09:11:05+00:00","dateModified":"2025-02-13T10:10:27+00:00","description":"D\u00e9couvrez le collier dinh van Double C\u0153ur, un bijou \u00e9l\u00e9gant et symbolique qui allie amour et sophistication avec un design intemporel.","breadcrumb":{"@id":"https:\/\/maisonroca.ad\/fr\/boutique\/collier-dinh-van-double-coeur-r9-chaine-en-or-rose\/#breadcrumb"},"inLanguage":"fr-FR","potentialAction":[{"@type":"ReadAction","target":["https:\/\/maisonroca.ad\/fr\/boutique\/collier-dinh-van-double-coeur-r9-chaine-en-or-rose\/"]}]},{"@type":"ImageObject","inLanguage":"fr-FR","@id":"https:\/\/maisonroca.ad\/fr\/boutique\/collier-dinh-van-double-coeur-r9-chaine-en-or-rose\/#primaryimage","url":"https:\/\/maisonroca.ad\/wp-content\/uploads\/2025\/02\/645205.jpg","contentUrl":"https:\/\/maisonroca.ad\/wp-content\/uploads\/2025\/02\/645205.jpg","width":1080,"height":1080,"caption":"maison-roca-andorra-dinh van-collar-doble-cor-r9-cadena-or-rosa"},{"@type":"BreadcrumbList","@id":"https:\/\/maisonroca.ad\/fr\/boutique\/collier-dinh-van-double-coeur-r9-chaine-en-or-rose\/#breadcrumb","itemListElement":[{"@type":"ListItem","position":1,"name":"Portada","item":"https:\/\/maisonroca.ad\/fr\/"},{"@type":"ListItem","position":2,"name":"Botiga","item":"https:\/\/maisonroca.ad\/botiga\/"},{"@type":"ListItem","position":3,"name":"COLLIER DINH VAN DOUBLE COEUR R9 CHA\u00ceNE EN OR ROSE"}]},{"@type":"WebSite","@id":"https:\/\/maisonroca.ad\/fr\/#website","url":"https:\/\/maisonroca.ad\/fr\/","name":"Maison Roca","description":"Bold Luxury Life - joieria d&#039;autor - Andorra","publisher":{"@id":"https:\/\/maisonroca.ad\/fr\/#organization"},"potentialAction":[{"@type":"SearchAction","target":{"@type":"EntryPoint","urlTemplate":"https:\/\/maisonroca.ad\/fr\/?s={search_term_string}"},"query-input":{"@type":"PropertyValueSpecification","valueRequired":true,"valueName":"search_term_string"}}],"inLanguage":"fr-FR"},{"@type":"Organization","@id":"https:\/\/maisonroca.ad\/fr\/#organization","name":"Maison Roca","url":"https:\/\/maisonroca.ad\/fr\/","logo":{"@type":"ImageObject","inLanguage":"fr-FR","@id":"https:\/\/maisonroca.ad\/fr\/#\/schema\/logo\/image\/","url":"https:\/\/maisonroca.ad\/wp-content\/uploads\/2023\/10\/icono.png","contentUrl":"https:\/\/maisonroca.ad\/wp-content\/uploads\/2023\/10\/icono.png","width":512,"height":512,"caption":"Maison Roca"},"image":{"@id":"https:\/\/maisonroca.ad\/fr\/#\/schema\/logo\/image\/"},"sameAs":["https:\/\/www.facebook.com\/maisonroca","https:\/\/www.instagram.com\/maisonroca\/"]}]},"product_price_amount":"1385.00","product_price_currency":"EUR","og_availability":"instock","product_availability":"instock","product_retailer_item_id":"645205","product_condition":"new"},"_links":{"self":[{"href":"https:\/\/maisonroca.ad\/fr\/wp-json\/wp\/v2\/product\/70331","targetHints":{"allow":["GET"]}}],"collection":[{"href":"https:\/\/maisonroca.ad\/fr\/wp-json\/wp\/v2\/product"}],"about":[{"href":"https:\/\/maisonroca.ad\/fr\/wp-json\/wp\/v2\/types\/product"}],"replies":[{"embeddable":true,"href":"https:\/\/maisonroca.ad\/fr\/wp-json\/wp\/v2\/comments?post=70331"}],"version-history":[{"count":2,"href":"https:\/\/maisonroca.ad\/fr\/wp-json\/wp\/v2\/product\/70331\/revisions"}],"predecessor-version":[{"id":70333,"href":"https:\/\/maisonroca.ad\/fr\/wp-json\/wp\/v2\/product\/70331\/revisions\/70333"}],"wp:featuredmedia":[{"embeddable":true,"href":"https:\/\/maisonroca.ad\/fr\/wp-json\/wp\/v2\/media\/70320"}],"wp:attachment":[{"href":"https:\/\/maisonroca.ad\/fr\/wp-json\/wp\/v2\/media?parent=70331"}],"wp:term":[{"taxonomy":"product_brand","embeddable":true,"href":"https:\/\/maisonroca.ad\/fr\/wp-json\/wp\/v2\/product_brand?post=70331"},{"taxonomy":"product_cat","embeddable":true,"href":"https:\/\/maisonroca.ad\/fr\/wp-json\/wp\/v2\/product_cat?post=70331"},{"taxonomy":"product_tag","embeddable":true,"href":"https:\/\/maisonroca.ad\/fr\/wp-json\/wp\/v2\/product_tag?post=70331"}],"curies":[{"name":"wp","href":"https:\/\/api.w.org\/{rel}","templated":true}]}}