{"id":70349,"date":"2025-02-13T11:39:50","date_gmt":"2025-02-13T10:39:50","guid":{"rendered":"https:\/\/maisonroca.ad\/?post_type=product&#038;p=70349"},"modified":"2025-02-13T12:22:18","modified_gmt":"2025-02-13T11:22:18","slug":"bague-dinh-van-chaine-menottes-r7-en-or-rose","status":"publish","type":"product","link":"https:\/\/maisonroca.ad\/fr\/boutique\/bague-dinh-van-chaine-menottes-r7-en-or-rose\/","title":{"rendered":"BAGUE DINH VAN CHA\u00ceNE MENOTTES R7 EN OR ROSE"},"content":{"rendered":"<p>Bague dinh van cha\u00eene Menottes R7 en or rose.<\/p>\n<p>Une fermeture qui se transforme en un v\u00e9ritable bijou. Issue de la collection Menottes de dinh van, cette bague cha\u00eene repr\u00e9sente un puissant symbole d\u2019union et de connexion, \u00e9voquant des liens profonds et des relations durables.<\/p>\n<p>Les cr\u00e9ations dinh van sont de v\u00e9ritables \u0153uvres d\u2019art qui n\u00e9cessitent un soin particulier pour garantir leur durabilit\u00e9. Pour les conserver en parfait \u00e9tat et pr\u00e9server leur \u00e9clat et leur beaut\u00e9 d\u2019origine, il est essentiel de suivre quelques recommandations simples mais importantes. En prenant soin de vos bijoux dinh van avec les pr\u00e9cautions appropri\u00e9es, vous pourrez profiter de leur \u00e9l\u00e9gance pendant de nombreuses ann\u00e9es.<\/p>\n<p>&nbsp;<\/p>\n<p>D\u00e9tails:<\/p>\n<ul>\n<li>Or rose 18k<\/li>\n<\/ul>\n","protected":false},"excerpt":{"rendered":"<p>Bague dinh van cha\u00eene Menottes R7 en or rose. Une fermeture qui se transforme en un v\u00e9ritable bijou. Issue de la collection Menottes de dinh van, cette bague cha\u00eene repr\u00e9sente un puissant symbole d\u2019union et de connexion, \u00e9voquant des liens profonds et des relations durables.<\/p>\n","protected":false},"featured_media":70337,"comment_status":"open","ping_status":"closed","template":"","meta":{"_acf_changed":false,"_monsterinsights_skip_tracking":false,"_monsterinsights_sitenote_active":false,"_monsterinsights_sitenote_note":"","_monsterinsights_sitenote_category":0},"product_brand":[],"product_cat":[1244,1251],"product_tag":[2370,2518],"class_list":{"0":"post-70349","1":"product","2":"type-product","3":"status-publish","4":"has-post-thumbnail","6":"product_cat-bijou","7":"product_cat-dinh-van-fr","8":"product_tag-dinh-van-2","9":"product_tag-or-rose-fr","11":"first","12":"instock","13":"shipping-taxable","14":"purchasable","15":"product-type-simple"},"acf":[],"yoast_head":"<!-- This site is optimized with the Yoast SEO Premium plugin v26.8 (Yoast SEO v27.3) - https:\/\/yoast.com\/product\/yoast-seo-premium-wordpress\/ -->\n<title>BAGUE DINH VAN CHA\u00ceNE MENOTTES R7 EN OR ROSE - Maison Roca<\/title>\n<meta name=\"description\" content=\"D\u00e9couvrez la bague dinh van cha\u00eene Menottes R7 en or rose, une pi\u00e8ce sophistiqu\u00e9e et iconique qui symbolise l\u2019union et l\u2019\u00e9l\u00e9gance intemporelle.\" \/>\n<meta name=\"robots\" content=\"index, follow, max-snippet:-1, max-image-preview:large, max-video-preview:-1\" \/>\n<link rel=\"canonical\" href=\"https:\/\/maisonroca.ad\/fr\/boutique\/bague-dinh-van-chaine-menottes-r7-en-or-rose\/\" \/>\n<meta property=\"og:locale\" content=\"fr_FR\" \/>\n<meta property=\"og:type\" content=\"article\" \/>\n<meta property=\"og:title\" content=\"BAGUE DINH VAN CHA\u00ceNE MENOTTES R7 EN OR ROSE\" \/>\n<meta property=\"og:description\" content=\"D\u00e9couvrez la bague dinh van cha\u00eene Menottes R7 en or rose, une pi\u00e8ce sophistiqu\u00e9e et iconique qui symbolise l\u2019union et l\u2019\u00e9l\u00e9gance intemporelle.\" \/>\n<meta property=\"og:url\" content=\"https:\/\/maisonroca.ad\/fr\/boutique\/bague-dinh-van-chaine-menottes-r7-en-or-rose\/\" \/>\n<meta property=\"og:site_name\" content=\"Maison Roca\" \/>\n<meta property=\"article:publisher\" content=\"https:\/\/www.facebook.com\/maisonroca\" \/>\n<meta property=\"article:modified_time\" content=\"2025-02-13T11:22:18+00:00\" \/>\n<meta property=\"og:image\" content=\"https:\/\/maisonroca.ad\/wp-content\/uploads\/2025\/02\/207105.jpg\" \/>\n\t<meta property=\"og:image:width\" content=\"1080\" \/>\n\t<meta property=\"og:image:height\" content=\"1080\" \/>\n\t<meta property=\"og:image:type\" content=\"image\/jpeg\" \/>\n<meta name=\"twitter:card\" content=\"summary_large_image\" \/>\n<meta name=\"twitter:label1\" content=\"Prix\" \/>\n\t<meta name=\"twitter:data1\" content=\"862,00&nbsp;&euro;\" \/>\n\t<meta name=\"twitter:label2\" content=\"Disponibilit\u00e9\" \/>\n\t<meta name=\"twitter:data2\" content=\"En stock\" \/>\n<script type=\"application\/ld+json\" class=\"yoast-schema-graph\">{\"@context\":\"https:\\\/\\\/schema.org\",\"@graph\":[{\"@type\":\"WebPage\",\"@id\":\"https:\\\/\\\/maisonroca.ad\\\/fr\\\/boutique\\\/bague-dinh-van-chaine-menottes-r7-en-or-rose\\\/\",\"url\":\"https:\\\/\\\/maisonroca.ad\\\/fr\\\/boutique\\\/bague-dinh-van-chaine-menottes-r7-en-or-rose\\\/\",\"name\":\"BAGUE DINH VAN CHA\u00ceNE MENOTTES R7 EN OR ROSE - Maison Roca\",\"isPartOf\":{\"@id\":\"https:\\\/\\\/maisonroca.ad\\\/fr\\\/#website\"},\"primaryImageOfPage\":{\"@id\":\"https:\\\/\\\/maisonroca.ad\\\/fr\\\/boutique\\\/bague-dinh-van-chaine-menottes-r7-en-or-rose\\\/#primaryimage\"},\"image\":{\"@id\":\"https:\\\/\\\/maisonroca.ad\\\/fr\\\/boutique\\\/bague-dinh-van-chaine-menottes-r7-en-or-rose\\\/#primaryimage\"},\"thumbnailUrl\":\"https:\\\/\\\/maisonroca.ad\\\/wp-content\\\/uploads\\\/2025\\\/02\\\/207105.jpg\",\"datePublished\":\"2025-02-13T10:39:50+00:00\",\"dateModified\":\"2025-02-13T11:22:18+00:00\",\"description\":\"D\u00e9couvrez la bague dinh van cha\u00eene Menottes R7 en or rose, une pi\u00e8ce sophistiqu\u00e9e et iconique qui symbolise l\u2019union et l\u2019\u00e9l\u00e9gance intemporelle.\",\"breadcrumb\":{\"@id\":\"https:\\\/\\\/maisonroca.ad\\\/fr\\\/boutique\\\/bague-dinh-van-chaine-menottes-r7-en-or-rose\\\/#breadcrumb\"},\"inLanguage\":\"fr-FR\",\"potentialAction\":[{\"@type\":\"ReadAction\",\"target\":[\"https:\\\/\\\/maisonroca.ad\\\/fr\\\/boutique\\\/bague-dinh-van-chaine-menottes-r7-en-or-rose\\\/\"]}]},{\"@type\":\"ImageObject\",\"inLanguage\":\"fr-FR\",\"@id\":\"https:\\\/\\\/maisonroca.ad\\\/fr\\\/boutique\\\/bague-dinh-van-chaine-menottes-r7-en-or-rose\\\/#primaryimage\",\"url\":\"https:\\\/\\\/maisonroca.ad\\\/wp-content\\\/uploads\\\/2025\\\/02\\\/207105.jpg\",\"contentUrl\":\"https:\\\/\\\/maisonroca.ad\\\/wp-content\\\/uploads\\\/2025\\\/02\\\/207105.jpg\",\"width\":1080,\"height\":1080,\"caption\":\"maison-roca-andorra-dinh-van-anell-dinh-van-cadena-menottes-r-7-or-rosa\"},{\"@type\":\"BreadcrumbList\",\"@id\":\"https:\\\/\\\/maisonroca.ad\\\/fr\\\/boutique\\\/bague-dinh-van-chaine-menottes-r7-en-or-rose\\\/#breadcrumb\",\"itemListElement\":[{\"@type\":\"ListItem\",\"position\":1,\"name\":\"Portada\",\"item\":\"https:\\\/\\\/maisonroca.ad\\\/fr\\\/\"},{\"@type\":\"ListItem\",\"position\":2,\"name\":\"Botiga\",\"item\":\"https:\\\/\\\/maisonroca.ad\\\/botiga\\\/\"},{\"@type\":\"ListItem\",\"position\":3,\"name\":\"BAGUE DINH VAN CHA\u00ceNE MENOTTES R7 EN OR ROSE\"}]},{\"@type\":\"WebSite\",\"@id\":\"https:\\\/\\\/maisonroca.ad\\\/fr\\\/#website\",\"url\":\"https:\\\/\\\/maisonroca.ad\\\/fr\\\/\",\"name\":\"Maison Roca\",\"description\":\"Bold Luxury Life - joieria d&#039;autor - Andorra\",\"publisher\":{\"@id\":\"https:\\\/\\\/maisonroca.ad\\\/fr\\\/#organization\"},\"potentialAction\":[{\"@type\":\"SearchAction\",\"target\":{\"@type\":\"EntryPoint\",\"urlTemplate\":\"https:\\\/\\\/maisonroca.ad\\\/fr\\\/?s={search_term_string}\"},\"query-input\":{\"@type\":\"PropertyValueSpecification\",\"valueRequired\":true,\"valueName\":\"search_term_string\"}}],\"inLanguage\":\"fr-FR\"},{\"@type\":\"Organization\",\"@id\":\"https:\\\/\\\/maisonroca.ad\\\/fr\\\/#organization\",\"name\":\"Maison Roca\",\"url\":\"https:\\\/\\\/maisonroca.ad\\\/fr\\\/\",\"logo\":{\"@type\":\"ImageObject\",\"inLanguage\":\"fr-FR\",\"@id\":\"https:\\\/\\\/maisonroca.ad\\\/fr\\\/#\\\/schema\\\/logo\\\/image\\\/\",\"url\":\"https:\\\/\\\/maisonroca.ad\\\/wp-content\\\/uploads\\\/2023\\\/10\\\/icono.png\",\"contentUrl\":\"https:\\\/\\\/maisonroca.ad\\\/wp-content\\\/uploads\\\/2023\\\/10\\\/icono.png\",\"width\":512,\"height\":512,\"caption\":\"Maison Roca\"},\"image\":{\"@id\":\"https:\\\/\\\/maisonroca.ad\\\/fr\\\/#\\\/schema\\\/logo\\\/image\\\/\"},\"sameAs\":[\"https:\\\/\\\/www.facebook.com\\\/maisonroca\",\"https:\\\/\\\/www.instagram.com\\\/maisonroca\\\/\"]}]}<\/script>\n<meta property=\"product:price:amount\" content=\"862.00\" \/>\n<meta property=\"product:price:currency\" content=\"EUR\" \/>\n<meta property=\"og:availability\" content=\"instock\" \/>\n<meta property=\"product:availability\" content=\"instock\" \/>\n<meta property=\"product:retailer_item_id\" content=\"207105\" \/>\n<meta property=\"product:condition\" content=\"new\" \/>\n<!-- \/ Yoast SEO Premium plugin. -->","yoast_head_json":{"title":"BAGUE DINH VAN CHA\u00ceNE MENOTTES R7 EN OR ROSE - Maison Roca","description":"D\u00e9couvrez la bague dinh van cha\u00eene Menottes R7 en or rose, une pi\u00e8ce sophistiqu\u00e9e et iconique qui symbolise l\u2019union et l\u2019\u00e9l\u00e9gance intemporelle.","robots":{"index":"index","follow":"follow","max-snippet":"max-snippet:-1","max-image-preview":"max-image-preview:large","max-video-preview":"max-video-preview:-1"},"canonical":"https:\/\/maisonroca.ad\/fr\/boutique\/bague-dinh-van-chaine-menottes-r7-en-or-rose\/","og_locale":"fr_FR","og_type":"article","og_title":"BAGUE DINH VAN CHA\u00ceNE MENOTTES R7 EN OR ROSE","og_description":"D\u00e9couvrez la bague dinh van cha\u00eene Menottes R7 en or rose, une pi\u00e8ce sophistiqu\u00e9e et iconique qui symbolise l\u2019union et l\u2019\u00e9l\u00e9gance intemporelle.","og_url":"https:\/\/maisonroca.ad\/fr\/boutique\/bague-dinh-van-chaine-menottes-r7-en-or-rose\/","og_site_name":"Maison Roca","article_publisher":"https:\/\/www.facebook.com\/maisonroca","article_modified_time":"2025-02-13T11:22:18+00:00","og_image":[{"width":1080,"height":1080,"url":"https:\/\/maisonroca.ad\/wp-content\/uploads\/2025\/02\/207105.jpg","type":"image\/jpeg"}],"twitter_card":"summary_large_image","twitter_misc":{"Prix":"862,00&nbsp;&euro;","Disponibilit\u00e9":"En stock"},"schema":{"@context":"https:\/\/schema.org","@graph":[{"@type":"WebPage","@id":"https:\/\/maisonroca.ad\/fr\/boutique\/bague-dinh-van-chaine-menottes-r7-en-or-rose\/","url":"https:\/\/maisonroca.ad\/fr\/boutique\/bague-dinh-van-chaine-menottes-r7-en-or-rose\/","name":"BAGUE DINH VAN CHA\u00ceNE MENOTTES R7 EN OR ROSE - Maison Roca","isPartOf":{"@id":"https:\/\/maisonroca.ad\/fr\/#website"},"primaryImageOfPage":{"@id":"https:\/\/maisonroca.ad\/fr\/boutique\/bague-dinh-van-chaine-menottes-r7-en-or-rose\/#primaryimage"},"image":{"@id":"https:\/\/maisonroca.ad\/fr\/boutique\/bague-dinh-van-chaine-menottes-r7-en-or-rose\/#primaryimage"},"thumbnailUrl":"https:\/\/maisonroca.ad\/wp-content\/uploads\/2025\/02\/207105.jpg","datePublished":"2025-02-13T10:39:50+00:00","dateModified":"2025-02-13T11:22:18+00:00","description":"D\u00e9couvrez la bague dinh van cha\u00eene Menottes R7 en or rose, une pi\u00e8ce sophistiqu\u00e9e et iconique qui symbolise l\u2019union et l\u2019\u00e9l\u00e9gance intemporelle.","breadcrumb":{"@id":"https:\/\/maisonroca.ad\/fr\/boutique\/bague-dinh-van-chaine-menottes-r7-en-or-rose\/#breadcrumb"},"inLanguage":"fr-FR","potentialAction":[{"@type":"ReadAction","target":["https:\/\/maisonroca.ad\/fr\/boutique\/bague-dinh-van-chaine-menottes-r7-en-or-rose\/"]}]},{"@type":"ImageObject","inLanguage":"fr-FR","@id":"https:\/\/maisonroca.ad\/fr\/boutique\/bague-dinh-van-chaine-menottes-r7-en-or-rose\/#primaryimage","url":"https:\/\/maisonroca.ad\/wp-content\/uploads\/2025\/02\/207105.jpg","contentUrl":"https:\/\/maisonroca.ad\/wp-content\/uploads\/2025\/02\/207105.jpg","width":1080,"height":1080,"caption":"maison-roca-andorra-dinh-van-anell-dinh-van-cadena-menottes-r-7-or-rosa"},{"@type":"BreadcrumbList","@id":"https:\/\/maisonroca.ad\/fr\/boutique\/bague-dinh-van-chaine-menottes-r7-en-or-rose\/#breadcrumb","itemListElement":[{"@type":"ListItem","position":1,"name":"Portada","item":"https:\/\/maisonroca.ad\/fr\/"},{"@type":"ListItem","position":2,"name":"Botiga","item":"https:\/\/maisonroca.ad\/botiga\/"},{"@type":"ListItem","position":3,"name":"BAGUE DINH VAN CHA\u00ceNE MENOTTES R7 EN OR ROSE"}]},{"@type":"WebSite","@id":"https:\/\/maisonroca.ad\/fr\/#website","url":"https:\/\/maisonroca.ad\/fr\/","name":"Maison Roca","description":"Bold Luxury Life - joieria d&#039;autor - Andorra","publisher":{"@id":"https:\/\/maisonroca.ad\/fr\/#organization"},"potentialAction":[{"@type":"SearchAction","target":{"@type":"EntryPoint","urlTemplate":"https:\/\/maisonroca.ad\/fr\/?s={search_term_string}"},"query-input":{"@type":"PropertyValueSpecification","valueRequired":true,"valueName":"search_term_string"}}],"inLanguage":"fr-FR"},{"@type":"Organization","@id":"https:\/\/maisonroca.ad\/fr\/#organization","name":"Maison Roca","url":"https:\/\/maisonroca.ad\/fr\/","logo":{"@type":"ImageObject","inLanguage":"fr-FR","@id":"https:\/\/maisonroca.ad\/fr\/#\/schema\/logo\/image\/","url":"https:\/\/maisonroca.ad\/wp-content\/uploads\/2023\/10\/icono.png","contentUrl":"https:\/\/maisonroca.ad\/wp-content\/uploads\/2023\/10\/icono.png","width":512,"height":512,"caption":"Maison Roca"},"image":{"@id":"https:\/\/maisonroca.ad\/fr\/#\/schema\/logo\/image\/"},"sameAs":["https:\/\/www.facebook.com\/maisonroca","https:\/\/www.instagram.com\/maisonroca\/"]}]},"product_price_amount":"862.00","product_price_currency":"EUR","og_availability":"instock","product_availability":"instock","product_retailer_item_id":"207105","product_condition":"new"},"_links":{"self":[{"href":"https:\/\/maisonroca.ad\/fr\/wp-json\/wp\/v2\/product\/70349","targetHints":{"allow":["GET"]}}],"collection":[{"href":"https:\/\/maisonroca.ad\/fr\/wp-json\/wp\/v2\/product"}],"about":[{"href":"https:\/\/maisonroca.ad\/fr\/wp-json\/wp\/v2\/types\/product"}],"replies":[{"embeddable":true,"href":"https:\/\/maisonroca.ad\/fr\/wp-json\/wp\/v2\/comments?post=70349"}],"version-history":[{"count":1,"href":"https:\/\/maisonroca.ad\/fr\/wp-json\/wp\/v2\/product\/70349\/revisions"}],"predecessor-version":[{"id":70350,"href":"https:\/\/maisonroca.ad\/fr\/wp-json\/wp\/v2\/product\/70349\/revisions\/70350"}],"wp:featuredmedia":[{"embeddable":true,"href":"https:\/\/maisonroca.ad\/fr\/wp-json\/wp\/v2\/media\/70337"}],"wp:attachment":[{"href":"https:\/\/maisonroca.ad\/fr\/wp-json\/wp\/v2\/media?parent=70349"}],"wp:term":[{"taxonomy":"product_brand","embeddable":true,"href":"https:\/\/maisonroca.ad\/fr\/wp-json\/wp\/v2\/product_brand?post=70349"},{"taxonomy":"product_cat","embeddable":true,"href":"https:\/\/maisonroca.ad\/fr\/wp-json\/wp\/v2\/product_cat?post=70349"},{"taxonomy":"product_tag","embeddable":true,"href":"https:\/\/maisonroca.ad\/fr\/wp-json\/wp\/v2\/product_tag?post=70349"}],"curies":[{"name":"wp","href":"https:\/\/api.w.org\/{rel}","templated":true}]}}