{"id":71950,"date":"2025-03-28T15:36:59","date_gmt":"2025-03-28T14:36:59","guid":{"rendered":"https:\/\/maisonroca.ad\/?post_type=product&#038;p=71950"},"modified":"2025-03-28T15:49:56","modified_gmt":"2025-03-28T14:49:56","slug":"bague-dinh-van-le-cube-chaine-s-or-jaune-et-saphir-bleu","status":"publish","type":"product","link":"https:\/\/maisonroca.ad\/fr\/boutique\/bague-dinh-van-le-cube-chaine-s-or-jaune-et-saphir-bleu\/","title":{"rendered":"BAGUE DINH VAN LE CUBE CHA\u00ceNE S OR JAUNE ET SAPHIR BLEU"},"content":{"rendered":"<p>Le bague dinh van Le Cube cha\u00eene S en or jaune 18K avec saphir bleu se distingue par son design moderne et \u00e9l\u00e9gant. Son style intemporel refl\u00e8te l&rsquo;\u00e9quilibre id\u00e9al tant appr\u00e9ci\u00e9 par la Maison.<\/p>\n<p>&nbsp;<\/p>\n<p>D\u00e9tails:<\/p>\n<p>Or jaune 18k<br \/>\nSaphir bleu 0,07 ct<\/p>\n","protected":false},"excerpt":{"rendered":"<p>Le bague dinh van Le Cube cha\u00eene S en or jaune 18K avec saphir bleu se distingue par son design moderne et \u00e9l\u00e9gant.<\/p>\n","protected":false},"featured_media":71942,"comment_status":"closed","ping_status":"closed","template":"","meta":{"_acf_changed":false,"_monsterinsights_skip_tracking":false,"_monsterinsights_sitenote_active":false,"_monsterinsights_sitenote_note":"","_monsterinsights_sitenote_category":0},"product_brand":[],"product_cat":[1244,1251],"product_tag":[2370],"class_list":{"0":"post-71950","1":"product","2":"type-product","3":"status-publish","4":"has-post-thumbnail","6":"product_cat-bijou","7":"product_cat-dinh-van-fr","8":"product_tag-dinh-van-2","10":"first","11":"instock","12":"shipping-taxable","13":"purchasable","14":"product-type-simple"},"acf":[],"yoast_head":"<!-- This site is optimized with the Yoast SEO Premium plugin v26.8 (Yoast SEO v27.4) - https:\/\/yoast.com\/product\/yoast-seo-premium-wordpress\/ -->\n<title>BAGUE DINH VAN LE CUBE OR JAUNE ET SAPHIR BLEU<\/title>\n<meta name=\"description\" content=\"L&#039;anneau dinh van Le Cube en or jaune 18k et saphir bleu a un style intemporel qui refl\u00e8te l&#039;\u00e9quilibre id\u00e9al.\" \/>\n<meta name=\"robots\" content=\"index, follow, max-snippet:-1, max-image-preview:large, max-video-preview:-1\" \/>\n<link rel=\"canonical\" href=\"https:\/\/maisonroca.ad\/fr\/boutique\/bague-dinh-van-le-cube-chaine-s-or-jaune-et-saphir-bleu\/\" \/>\n<meta property=\"og:locale\" content=\"fr_FR\" \/>\n<meta property=\"og:type\" content=\"article\" \/>\n<meta property=\"og:title\" content=\"BAGUE DINH VAN LE CUBE CHA\u00ceNE S OR JAUNE ET SAPHIR BLEU\" \/>\n<meta property=\"og:description\" content=\"L&#039;anneau dinh van Le Cube en or jaune 18k et saphir bleu a un style intemporel qui refl\u00e8te l&#039;\u00e9quilibre id\u00e9al.\" \/>\n<meta property=\"og:url\" content=\"https:\/\/maisonroca.ad\/fr\/boutique\/bague-dinh-van-le-cube-chaine-s-or-jaune-et-saphir-bleu\/\" \/>\n<meta property=\"og:site_name\" content=\"Maison Roca\" \/>\n<meta property=\"article:publisher\" content=\"https:\/\/www.facebook.com\/maisonroca\" \/>\n<meta property=\"article:modified_time\" content=\"2025-03-28T14:49:56+00:00\" \/>\n<meta property=\"og:image\" content=\"https:\/\/maisonroca.ad\/wp-content\/uploads\/2025\/03\/208111.jpg\" \/>\n\t<meta property=\"og:image:width\" content=\"1080\" \/>\n\t<meta property=\"og:image:height\" content=\"1080\" \/>\n\t<meta property=\"og:image:type\" content=\"image\/jpeg\" \/>\n<meta name=\"twitter:card\" content=\"summary_large_image\" \/>\n<meta name=\"twitter:label1\" content=\"Prix\" \/>\n\t<meta name=\"twitter:data1\" content=\"810,00&nbsp;&euro;\" \/>\n\t<meta name=\"twitter:label2\" content=\"Disponibilit\u00e9\" \/>\n\t<meta name=\"twitter:data2\" content=\"En stock\" \/>\n<script type=\"application\/ld+json\" class=\"yoast-schema-graph\">{\"@context\":\"https:\\\/\\\/schema.org\",\"@graph\":[{\"@type\":\"WebPage\",\"@id\":\"https:\\\/\\\/maisonroca.ad\\\/fr\\\/boutique\\\/bague-dinh-van-le-cube-chaine-s-or-jaune-et-saphir-bleu\\\/\",\"url\":\"https:\\\/\\\/maisonroca.ad\\\/fr\\\/boutique\\\/bague-dinh-van-le-cube-chaine-s-or-jaune-et-saphir-bleu\\\/\",\"name\":\"BAGUE DINH VAN LE CUBE OR JAUNE ET SAPHIR BLEU\",\"isPartOf\":{\"@id\":\"https:\\\/\\\/maisonroca.ad\\\/fr\\\/#website\"},\"primaryImageOfPage\":{\"@id\":\"https:\\\/\\\/maisonroca.ad\\\/fr\\\/boutique\\\/bague-dinh-van-le-cube-chaine-s-or-jaune-et-saphir-bleu\\\/#primaryimage\"},\"image\":{\"@id\":\"https:\\\/\\\/maisonroca.ad\\\/fr\\\/boutique\\\/bague-dinh-van-le-cube-chaine-s-or-jaune-et-saphir-bleu\\\/#primaryimage\"},\"thumbnailUrl\":\"https:\\\/\\\/maisonroca.ad\\\/wp-content\\\/uploads\\\/2025\\\/03\\\/208111.jpg\",\"datePublished\":\"2025-03-28T14:36:59+00:00\",\"dateModified\":\"2025-03-28T14:49:56+00:00\",\"description\":\"L'anneau dinh van Le Cube en or jaune 18k et saphir bleu a un style intemporel qui refl\u00e8te l'\u00e9quilibre id\u00e9al.\",\"breadcrumb\":{\"@id\":\"https:\\\/\\\/maisonroca.ad\\\/fr\\\/boutique\\\/bague-dinh-van-le-cube-chaine-s-or-jaune-et-saphir-bleu\\\/#breadcrumb\"},\"inLanguage\":\"fr-FR\",\"potentialAction\":[{\"@type\":\"ReadAction\",\"target\":[\"https:\\\/\\\/maisonroca.ad\\\/fr\\\/boutique\\\/bague-dinh-van-le-cube-chaine-s-or-jaune-et-saphir-bleu\\\/\"]}]},{\"@type\":\"ImageObject\",\"inLanguage\":\"fr-FR\",\"@id\":\"https:\\\/\\\/maisonroca.ad\\\/fr\\\/boutique\\\/bague-dinh-van-le-cube-chaine-s-or-jaune-et-saphir-bleu\\\/#primaryimage\",\"url\":\"https:\\\/\\\/maisonroca.ad\\\/wp-content\\\/uploads\\\/2025\\\/03\\\/208111.jpg\",\"contentUrl\":\"https:\\\/\\\/maisonroca.ad\\\/wp-content\\\/uploads\\\/2025\\\/03\\\/208111.jpg\",\"width\":1080,\"height\":1080,\"caption\":\"maison-roca-andorra-dinh-van-anell-dinh-van-le-cube-cadena-s-or-groc-safir-blau\"},{\"@type\":\"BreadcrumbList\",\"@id\":\"https:\\\/\\\/maisonroca.ad\\\/fr\\\/boutique\\\/bague-dinh-van-le-cube-chaine-s-or-jaune-et-saphir-bleu\\\/#breadcrumb\",\"itemListElement\":[{\"@type\":\"ListItem\",\"position\":1,\"name\":\"Portada\",\"item\":\"https:\\\/\\\/maisonroca.ad\\\/fr\\\/\"},{\"@type\":\"ListItem\",\"position\":2,\"name\":\"Botiga\",\"item\":\"https:\\\/\\\/maisonroca.ad\\\/botiga\\\/\"},{\"@type\":\"ListItem\",\"position\":3,\"name\":\"BAGUE DINH VAN LE CUBE CHA\u00ceNE S OR JAUNE ET SAPHIR BLEU\"}]},{\"@type\":\"WebSite\",\"@id\":\"https:\\\/\\\/maisonroca.ad\\\/fr\\\/#website\",\"url\":\"https:\\\/\\\/maisonroca.ad\\\/fr\\\/\",\"name\":\"Maison Roca\",\"description\":\"Bold Luxury Life - joieria d&#039;autor - Andorra\",\"publisher\":{\"@id\":\"https:\\\/\\\/maisonroca.ad\\\/fr\\\/#organization\"},\"potentialAction\":[{\"@type\":\"SearchAction\",\"target\":{\"@type\":\"EntryPoint\",\"urlTemplate\":\"https:\\\/\\\/maisonroca.ad\\\/fr\\\/?s={search_term_string}\"},\"query-input\":{\"@type\":\"PropertyValueSpecification\",\"valueRequired\":true,\"valueName\":\"search_term_string\"}}],\"inLanguage\":\"fr-FR\"},{\"@type\":\"Organization\",\"@id\":\"https:\\\/\\\/maisonroca.ad\\\/fr\\\/#organization\",\"name\":\"Maison Roca\",\"url\":\"https:\\\/\\\/maisonroca.ad\\\/fr\\\/\",\"logo\":{\"@type\":\"ImageObject\",\"inLanguage\":\"fr-FR\",\"@id\":\"https:\\\/\\\/maisonroca.ad\\\/fr\\\/#\\\/schema\\\/logo\\\/image\\\/\",\"url\":\"https:\\\/\\\/maisonroca.ad\\\/wp-content\\\/uploads\\\/2023\\\/10\\\/icono.png\",\"contentUrl\":\"https:\\\/\\\/maisonroca.ad\\\/wp-content\\\/uploads\\\/2023\\\/10\\\/icono.png\",\"width\":512,\"height\":512,\"caption\":\"Maison Roca\"},\"image\":{\"@id\":\"https:\\\/\\\/maisonroca.ad\\\/fr\\\/#\\\/schema\\\/logo\\\/image\\\/\"},\"sameAs\":[\"https:\\\/\\\/www.facebook.com\\\/maisonroca\",\"https:\\\/\\\/www.instagram.com\\\/maisonroca\\\/\"]}]}<\/script>\n<meta property=\"product:price:amount\" content=\"810.00\" \/>\n<meta property=\"product:price:currency\" content=\"EUR\" \/>\n<meta property=\"og:availability\" content=\"instock\" \/>\n<meta property=\"product:availability\" content=\"instock\" \/>\n<meta property=\"product:retailer_item_id\" content=\"208111\" \/>\n<meta property=\"product:condition\" content=\"new\" \/>\n<!-- \/ Yoast SEO Premium plugin. -->","yoast_head_json":{"title":"BAGUE DINH VAN LE CUBE OR JAUNE ET SAPHIR BLEU","description":"L'anneau dinh van Le Cube en or jaune 18k et saphir bleu a un style intemporel qui refl\u00e8te l'\u00e9quilibre id\u00e9al.","robots":{"index":"index","follow":"follow","max-snippet":"max-snippet:-1","max-image-preview":"max-image-preview:large","max-video-preview":"max-video-preview:-1"},"canonical":"https:\/\/maisonroca.ad\/fr\/boutique\/bague-dinh-van-le-cube-chaine-s-or-jaune-et-saphir-bleu\/","og_locale":"fr_FR","og_type":"article","og_title":"BAGUE DINH VAN LE CUBE CHA\u00ceNE S OR JAUNE ET SAPHIR BLEU","og_description":"L'anneau dinh van Le Cube en or jaune 18k et saphir bleu a un style intemporel qui refl\u00e8te l'\u00e9quilibre id\u00e9al.","og_url":"https:\/\/maisonroca.ad\/fr\/boutique\/bague-dinh-van-le-cube-chaine-s-or-jaune-et-saphir-bleu\/","og_site_name":"Maison Roca","article_publisher":"https:\/\/www.facebook.com\/maisonroca","article_modified_time":"2025-03-28T14:49:56+00:00","og_image":[{"width":1080,"height":1080,"url":"https:\/\/maisonroca.ad\/wp-content\/uploads\/2025\/03\/208111.jpg","type":"image\/jpeg"}],"twitter_card":"summary_large_image","twitter_misc":{"Prix":"810,00&nbsp;&euro;","Disponibilit\u00e9":"En stock"},"schema":{"@context":"https:\/\/schema.org","@graph":[{"@type":"WebPage","@id":"https:\/\/maisonroca.ad\/fr\/boutique\/bague-dinh-van-le-cube-chaine-s-or-jaune-et-saphir-bleu\/","url":"https:\/\/maisonroca.ad\/fr\/boutique\/bague-dinh-van-le-cube-chaine-s-or-jaune-et-saphir-bleu\/","name":"BAGUE DINH VAN LE CUBE OR JAUNE ET SAPHIR BLEU","isPartOf":{"@id":"https:\/\/maisonroca.ad\/fr\/#website"},"primaryImageOfPage":{"@id":"https:\/\/maisonroca.ad\/fr\/boutique\/bague-dinh-van-le-cube-chaine-s-or-jaune-et-saphir-bleu\/#primaryimage"},"image":{"@id":"https:\/\/maisonroca.ad\/fr\/boutique\/bague-dinh-van-le-cube-chaine-s-or-jaune-et-saphir-bleu\/#primaryimage"},"thumbnailUrl":"https:\/\/maisonroca.ad\/wp-content\/uploads\/2025\/03\/208111.jpg","datePublished":"2025-03-28T14:36:59+00:00","dateModified":"2025-03-28T14:49:56+00:00","description":"L'anneau dinh van Le Cube en or jaune 18k et saphir bleu a un style intemporel qui refl\u00e8te l'\u00e9quilibre id\u00e9al.","breadcrumb":{"@id":"https:\/\/maisonroca.ad\/fr\/boutique\/bague-dinh-van-le-cube-chaine-s-or-jaune-et-saphir-bleu\/#breadcrumb"},"inLanguage":"fr-FR","potentialAction":[{"@type":"ReadAction","target":["https:\/\/maisonroca.ad\/fr\/boutique\/bague-dinh-van-le-cube-chaine-s-or-jaune-et-saphir-bleu\/"]}]},{"@type":"ImageObject","inLanguage":"fr-FR","@id":"https:\/\/maisonroca.ad\/fr\/boutique\/bague-dinh-van-le-cube-chaine-s-or-jaune-et-saphir-bleu\/#primaryimage","url":"https:\/\/maisonroca.ad\/wp-content\/uploads\/2025\/03\/208111.jpg","contentUrl":"https:\/\/maisonroca.ad\/wp-content\/uploads\/2025\/03\/208111.jpg","width":1080,"height":1080,"caption":"maison-roca-andorra-dinh-van-anell-dinh-van-le-cube-cadena-s-or-groc-safir-blau"},{"@type":"BreadcrumbList","@id":"https:\/\/maisonroca.ad\/fr\/boutique\/bague-dinh-van-le-cube-chaine-s-or-jaune-et-saphir-bleu\/#breadcrumb","itemListElement":[{"@type":"ListItem","position":1,"name":"Portada","item":"https:\/\/maisonroca.ad\/fr\/"},{"@type":"ListItem","position":2,"name":"Botiga","item":"https:\/\/maisonroca.ad\/botiga\/"},{"@type":"ListItem","position":3,"name":"BAGUE DINH VAN LE CUBE CHA\u00ceNE S OR JAUNE ET SAPHIR BLEU"}]},{"@type":"WebSite","@id":"https:\/\/maisonroca.ad\/fr\/#website","url":"https:\/\/maisonroca.ad\/fr\/","name":"Maison Roca","description":"Bold Luxury Life - joieria d&#039;autor - Andorra","publisher":{"@id":"https:\/\/maisonroca.ad\/fr\/#organization"},"potentialAction":[{"@type":"SearchAction","target":{"@type":"EntryPoint","urlTemplate":"https:\/\/maisonroca.ad\/fr\/?s={search_term_string}"},"query-input":{"@type":"PropertyValueSpecification","valueRequired":true,"valueName":"search_term_string"}}],"inLanguage":"fr-FR"},{"@type":"Organization","@id":"https:\/\/maisonroca.ad\/fr\/#organization","name":"Maison Roca","url":"https:\/\/maisonroca.ad\/fr\/","logo":{"@type":"ImageObject","inLanguage":"fr-FR","@id":"https:\/\/maisonroca.ad\/fr\/#\/schema\/logo\/image\/","url":"https:\/\/maisonroca.ad\/wp-content\/uploads\/2023\/10\/icono.png","contentUrl":"https:\/\/maisonroca.ad\/wp-content\/uploads\/2023\/10\/icono.png","width":512,"height":512,"caption":"Maison Roca"},"image":{"@id":"https:\/\/maisonroca.ad\/fr\/#\/schema\/logo\/image\/"},"sameAs":["https:\/\/www.facebook.com\/maisonroca","https:\/\/www.instagram.com\/maisonroca\/"]}]},"product_price_amount":"810.00","product_price_currency":"EUR","og_availability":"instock","product_availability":"instock","product_retailer_item_id":"208111","product_condition":"new"},"_links":{"self":[{"href":"https:\/\/maisonroca.ad\/fr\/wp-json\/wp\/v2\/product\/71950","targetHints":{"allow":["GET"]}}],"collection":[{"href":"https:\/\/maisonroca.ad\/fr\/wp-json\/wp\/v2\/product"}],"about":[{"href":"https:\/\/maisonroca.ad\/fr\/wp-json\/wp\/v2\/types\/product"}],"replies":[{"embeddable":true,"href":"https:\/\/maisonroca.ad\/fr\/wp-json\/wp\/v2\/comments?post=71950"}],"version-history":[{"count":1,"href":"https:\/\/maisonroca.ad\/fr\/wp-json\/wp\/v2\/product\/71950\/revisions"}],"predecessor-version":[{"id":71951,"href":"https:\/\/maisonroca.ad\/fr\/wp-json\/wp\/v2\/product\/71950\/revisions\/71951"}],"wp:featuredmedia":[{"embeddable":true,"href":"https:\/\/maisonroca.ad\/fr\/wp-json\/wp\/v2\/media\/71942"}],"wp:attachment":[{"href":"https:\/\/maisonroca.ad\/fr\/wp-json\/wp\/v2\/media?parent=71950"}],"wp:term":[{"taxonomy":"product_brand","embeddable":true,"href":"https:\/\/maisonroca.ad\/fr\/wp-json\/wp\/v2\/product_brand?post=71950"},{"taxonomy":"product_cat","embeddable":true,"href":"https:\/\/maisonroca.ad\/fr\/wp-json\/wp\/v2\/product_cat?post=71950"},{"taxonomy":"product_tag","embeddable":true,"href":"https:\/\/maisonroca.ad\/fr\/wp-json\/wp\/v2\/product_tag?post=71950"}],"curies":[{"name":"wp","href":"https:\/\/api.w.org\/{rel}","templated":true}]}}