{"id":71998,"date":"2025-03-31T10:49:12","date_gmt":"2025-03-31T08:49:12","guid":{"rendered":"https:\/\/maisonroca.ad\/?post_type=product&#038;p=71998"},"modified":"2025-03-31T11:04:17","modified_gmt":"2025-03-31T09:04:17","slug":"bracelet-dinh-van-le-cube-avec-cordon-jaune-or-jaune-et-saphir-jaune","status":"publish","type":"product","link":"https:\/\/maisonroca.ad\/fr\/boutique\/bracelet-dinh-van-le-cube-avec-cordon-jaune-or-jaune-et-saphir-jaune\/","title":{"rendered":"BRACELET DINH VAN LE CUBE AVEC CORDON JAUNE, OR JAUNE ET SAPHIR JAUNE"},"content":{"rendered":"<p>Le bracelet Le Cube en or avec saphir et cordon jaune exprime une \u00e9l\u00e9gance audacieuse et intemporelle. Le saphir jaune mont\u00e9 sur la pi\u00e8ce en or se fond parfaitement avec le style g\u00e9om\u00e9trique de la collection.<\/p>\n<p>&nbsp;<\/p>\n<p>D\u00e9tails:<\/p>\n<ul>\n<li>Or jaune 18k<\/li>\n<li>Saphir jaune 0,11 ct<\/li>\n<\/ul>\n","protected":false},"excerpt":{"rendered":"<p>Le bracelet Le Cube en or avec saphir et cordon jaune exprime une \u00e9l\u00e9gance audacieuse et intemporelle. Le saphir jaune mont\u00e9 sur la pi\u00e8ce en or se fond parfaitement avec le style g\u00e9om\u00e9trique de la collection.<\/p>\n","protected":false},"featured_media":71992,"comment_status":"closed","ping_status":"closed","template":"","meta":{"_acf_changed":false,"_monsterinsights_skip_tracking":false,"_monsterinsights_sitenote_active":false,"_monsterinsights_sitenote_note":"","_monsterinsights_sitenote_category":0},"product_brand":[],"product_cat":[1244,1251],"product_tag":[2402,2370],"class_list":{"0":"post-71998","1":"product","2":"type-product","3":"status-publish","4":"has-post-thumbnail","6":"product_cat-bijou","7":"product_cat-dinh-van-fr","8":"product_tag-bracalets-2","9":"product_tag-dinh-van-2","11":"first","12":"instock","13":"shipping-taxable","14":"purchasable","15":"product-type-simple"},"acf":[],"yoast_head":"<!-- This site is optimized with the Yoast SEO Premium plugin v26.8 (Yoast SEO v27.4) - https:\/\/yoast.com\/product\/yoast-seo-premium-wordpress\/ -->\n<title>BRACELET DINH VAN LE CUBE AVEC SAPHIR JAUNE<\/title>\n<meta name=\"description\" content=\"Le bracelet Le Cube avec saphir jaune dinh van, un bijou unique qui allie l&#039;\u00e9clat du saphir jaune \u00e0 un design moderne et \u00e9l\u00e9gant.\" \/>\n<meta name=\"robots\" content=\"index, follow, max-snippet:-1, max-image-preview:large, max-video-preview:-1\" \/>\n<link rel=\"canonical\" href=\"https:\/\/maisonroca.ad\/fr\/boutique\/bracelet-dinh-van-le-cube-avec-cordon-jaune-or-jaune-et-saphir-jaune\/\" \/>\n<meta property=\"og:locale\" content=\"fr_FR\" \/>\n<meta property=\"og:type\" content=\"article\" \/>\n<meta property=\"og:title\" content=\"BRACELET DINH VAN LE CUBE AVEC CORDON JAUNE, OR JAUNE ET SAPHIR JAUNE\" \/>\n<meta property=\"og:description\" content=\"Le bracelet Le Cube avec saphir jaune dinh van, un bijou unique qui allie l&#039;\u00e9clat du saphir jaune \u00e0 un design moderne et \u00e9l\u00e9gant.\" \/>\n<meta property=\"og:url\" content=\"https:\/\/maisonroca.ad\/fr\/boutique\/bracelet-dinh-van-le-cube-avec-cordon-jaune-or-jaune-et-saphir-jaune\/\" \/>\n<meta property=\"og:site_name\" content=\"Maison Roca\" \/>\n<meta property=\"article:publisher\" content=\"https:\/\/www.facebook.com\/maisonroca\" \/>\n<meta property=\"article:modified_time\" content=\"2025-03-31T09:04:17+00:00\" \/>\n<meta property=\"og:image\" content=\"https:\/\/maisonroca.ad\/wp-content\/uploads\/2025\/03\/308831-3.jpg\" \/>\n\t<meta property=\"og:image:width\" content=\"1080\" \/>\n\t<meta property=\"og:image:height\" content=\"1080\" \/>\n\t<meta property=\"og:image:type\" content=\"image\/jpeg\" \/>\n<meta name=\"twitter:card\" content=\"summary_large_image\" \/>\n<meta name=\"twitter:label1\" content=\"Prix\" \/>\n\t<meta name=\"twitter:data1\" content=\"635,00&nbsp;&euro;\" \/>\n\t<meta name=\"twitter:label2\" content=\"Disponibilit\u00e9\" \/>\n\t<meta name=\"twitter:data2\" content=\"En stock\" \/>\n<script type=\"application\/ld+json\" class=\"yoast-schema-graph\">{\"@context\":\"https:\\\/\\\/schema.org\",\"@graph\":[{\"@type\":\"WebPage\",\"@id\":\"https:\\\/\\\/maisonroca.ad\\\/fr\\\/boutique\\\/bracelet-dinh-van-le-cube-avec-cordon-jaune-or-jaune-et-saphir-jaune\\\/\",\"url\":\"https:\\\/\\\/maisonroca.ad\\\/fr\\\/boutique\\\/bracelet-dinh-van-le-cube-avec-cordon-jaune-or-jaune-et-saphir-jaune\\\/\",\"name\":\"BRACELET DINH VAN LE CUBE AVEC SAPHIR JAUNE\",\"isPartOf\":{\"@id\":\"https:\\\/\\\/maisonroca.ad\\\/fr\\\/#website\"},\"primaryImageOfPage\":{\"@id\":\"https:\\\/\\\/maisonroca.ad\\\/fr\\\/boutique\\\/bracelet-dinh-van-le-cube-avec-cordon-jaune-or-jaune-et-saphir-jaune\\\/#primaryimage\"},\"image\":{\"@id\":\"https:\\\/\\\/maisonroca.ad\\\/fr\\\/boutique\\\/bracelet-dinh-van-le-cube-avec-cordon-jaune-or-jaune-et-saphir-jaune\\\/#primaryimage\"},\"thumbnailUrl\":\"https:\\\/\\\/maisonroca.ad\\\/wp-content\\\/uploads\\\/2025\\\/03\\\/308831-3.jpg\",\"datePublished\":\"2025-03-31T08:49:12+00:00\",\"dateModified\":\"2025-03-31T09:04:17+00:00\",\"description\":\"Le bracelet Le Cube avec saphir jaune dinh van, un bijou unique qui allie l'\u00e9clat du saphir jaune \u00e0 un design moderne et \u00e9l\u00e9gant.\",\"breadcrumb\":{\"@id\":\"https:\\\/\\\/maisonroca.ad\\\/fr\\\/boutique\\\/bracelet-dinh-van-le-cube-avec-cordon-jaune-or-jaune-et-saphir-jaune\\\/#breadcrumb\"},\"inLanguage\":\"fr-FR\",\"potentialAction\":[{\"@type\":\"ReadAction\",\"target\":[\"https:\\\/\\\/maisonroca.ad\\\/fr\\\/boutique\\\/bracelet-dinh-van-le-cube-avec-cordon-jaune-or-jaune-et-saphir-jaune\\\/\"]}]},{\"@type\":\"ImageObject\",\"inLanguage\":\"fr-FR\",\"@id\":\"https:\\\/\\\/maisonroca.ad\\\/fr\\\/boutique\\\/bracelet-dinh-van-le-cube-avec-cordon-jaune-or-jaune-et-saphir-jaune\\\/#primaryimage\",\"url\":\"https:\\\/\\\/maisonroca.ad\\\/wp-content\\\/uploads\\\/2025\\\/03\\\/308831-3.jpg\",\"contentUrl\":\"https:\\\/\\\/maisonroca.ad\\\/wp-content\\\/uploads\\\/2025\\\/03\\\/308831-3.jpg\",\"width\":1080,\"height\":1080,\"caption\":\"maison-roca-andorra-dinh-van-bra\u00e7alet-dinh-van-le-cube-amb-cordo-or-groc-safir-groc\"},{\"@type\":\"BreadcrumbList\",\"@id\":\"https:\\\/\\\/maisonroca.ad\\\/fr\\\/boutique\\\/bracelet-dinh-van-le-cube-avec-cordon-jaune-or-jaune-et-saphir-jaune\\\/#breadcrumb\",\"itemListElement\":[{\"@type\":\"ListItem\",\"position\":1,\"name\":\"Portada\",\"item\":\"https:\\\/\\\/maisonroca.ad\\\/fr\\\/\"},{\"@type\":\"ListItem\",\"position\":2,\"name\":\"Botiga\",\"item\":\"https:\\\/\\\/maisonroca.ad\\\/botiga\\\/\"},{\"@type\":\"ListItem\",\"position\":3,\"name\":\"BRACELET DINH VAN LE CUBE AVEC CORDON JAUNE, OR JAUNE ET SAPHIR JAUNE\"}]},{\"@type\":\"WebSite\",\"@id\":\"https:\\\/\\\/maisonroca.ad\\\/fr\\\/#website\",\"url\":\"https:\\\/\\\/maisonroca.ad\\\/fr\\\/\",\"name\":\"Maison Roca\",\"description\":\"Bold Luxury Life - joieria d&#039;autor - Andorra\",\"publisher\":{\"@id\":\"https:\\\/\\\/maisonroca.ad\\\/fr\\\/#organization\"},\"potentialAction\":[{\"@type\":\"SearchAction\",\"target\":{\"@type\":\"EntryPoint\",\"urlTemplate\":\"https:\\\/\\\/maisonroca.ad\\\/fr\\\/?s={search_term_string}\"},\"query-input\":{\"@type\":\"PropertyValueSpecification\",\"valueRequired\":true,\"valueName\":\"search_term_string\"}}],\"inLanguage\":\"fr-FR\"},{\"@type\":\"Organization\",\"@id\":\"https:\\\/\\\/maisonroca.ad\\\/fr\\\/#organization\",\"name\":\"Maison Roca\",\"url\":\"https:\\\/\\\/maisonroca.ad\\\/fr\\\/\",\"logo\":{\"@type\":\"ImageObject\",\"inLanguage\":\"fr-FR\",\"@id\":\"https:\\\/\\\/maisonroca.ad\\\/fr\\\/#\\\/schema\\\/logo\\\/image\\\/\",\"url\":\"https:\\\/\\\/maisonroca.ad\\\/wp-content\\\/uploads\\\/2023\\\/10\\\/icono.png\",\"contentUrl\":\"https:\\\/\\\/maisonroca.ad\\\/wp-content\\\/uploads\\\/2023\\\/10\\\/icono.png\",\"width\":512,\"height\":512,\"caption\":\"Maison Roca\"},\"image\":{\"@id\":\"https:\\\/\\\/maisonroca.ad\\\/fr\\\/#\\\/schema\\\/logo\\\/image\\\/\"},\"sameAs\":[\"https:\\\/\\\/www.facebook.com\\\/maisonroca\",\"https:\\\/\\\/www.instagram.com\\\/maisonroca\\\/\"]}]}<\/script>\n<meta property=\"product:price:amount\" content=\"635.00\" \/>\n<meta property=\"product:price:currency\" content=\"EUR\" \/>\n<meta property=\"og:availability\" content=\"instock\" \/>\n<meta property=\"product:availability\" content=\"instock\" \/>\n<meta property=\"product:retailer_item_id\" content=\"308831\" \/>\n<meta property=\"product:condition\" content=\"new\" \/>\n<!-- \/ Yoast SEO Premium plugin. -->","yoast_head_json":{"title":"BRACELET DINH VAN LE CUBE AVEC SAPHIR JAUNE","description":"Le bracelet Le Cube avec saphir jaune dinh van, un bijou unique qui allie l'\u00e9clat du saphir jaune \u00e0 un design moderne et \u00e9l\u00e9gant.","robots":{"index":"index","follow":"follow","max-snippet":"max-snippet:-1","max-image-preview":"max-image-preview:large","max-video-preview":"max-video-preview:-1"},"canonical":"https:\/\/maisonroca.ad\/fr\/boutique\/bracelet-dinh-van-le-cube-avec-cordon-jaune-or-jaune-et-saphir-jaune\/","og_locale":"fr_FR","og_type":"article","og_title":"BRACELET DINH VAN LE CUBE AVEC CORDON JAUNE, OR JAUNE ET SAPHIR JAUNE","og_description":"Le bracelet Le Cube avec saphir jaune dinh van, un bijou unique qui allie l'\u00e9clat du saphir jaune \u00e0 un design moderne et \u00e9l\u00e9gant.","og_url":"https:\/\/maisonroca.ad\/fr\/boutique\/bracelet-dinh-van-le-cube-avec-cordon-jaune-or-jaune-et-saphir-jaune\/","og_site_name":"Maison Roca","article_publisher":"https:\/\/www.facebook.com\/maisonroca","article_modified_time":"2025-03-31T09:04:17+00:00","og_image":[{"width":1080,"height":1080,"url":"https:\/\/maisonroca.ad\/wp-content\/uploads\/2025\/03\/308831-3.jpg","type":"image\/jpeg"}],"twitter_card":"summary_large_image","twitter_misc":{"Prix":"635,00&nbsp;&euro;","Disponibilit\u00e9":"En stock"},"schema":{"@context":"https:\/\/schema.org","@graph":[{"@type":"WebPage","@id":"https:\/\/maisonroca.ad\/fr\/boutique\/bracelet-dinh-van-le-cube-avec-cordon-jaune-or-jaune-et-saphir-jaune\/","url":"https:\/\/maisonroca.ad\/fr\/boutique\/bracelet-dinh-van-le-cube-avec-cordon-jaune-or-jaune-et-saphir-jaune\/","name":"BRACELET DINH VAN LE CUBE AVEC SAPHIR JAUNE","isPartOf":{"@id":"https:\/\/maisonroca.ad\/fr\/#website"},"primaryImageOfPage":{"@id":"https:\/\/maisonroca.ad\/fr\/boutique\/bracelet-dinh-van-le-cube-avec-cordon-jaune-or-jaune-et-saphir-jaune\/#primaryimage"},"image":{"@id":"https:\/\/maisonroca.ad\/fr\/boutique\/bracelet-dinh-van-le-cube-avec-cordon-jaune-or-jaune-et-saphir-jaune\/#primaryimage"},"thumbnailUrl":"https:\/\/maisonroca.ad\/wp-content\/uploads\/2025\/03\/308831-3.jpg","datePublished":"2025-03-31T08:49:12+00:00","dateModified":"2025-03-31T09:04:17+00:00","description":"Le bracelet Le Cube avec saphir jaune dinh van, un bijou unique qui allie l'\u00e9clat du saphir jaune \u00e0 un design moderne et \u00e9l\u00e9gant.","breadcrumb":{"@id":"https:\/\/maisonroca.ad\/fr\/boutique\/bracelet-dinh-van-le-cube-avec-cordon-jaune-or-jaune-et-saphir-jaune\/#breadcrumb"},"inLanguage":"fr-FR","potentialAction":[{"@type":"ReadAction","target":["https:\/\/maisonroca.ad\/fr\/boutique\/bracelet-dinh-van-le-cube-avec-cordon-jaune-or-jaune-et-saphir-jaune\/"]}]},{"@type":"ImageObject","inLanguage":"fr-FR","@id":"https:\/\/maisonroca.ad\/fr\/boutique\/bracelet-dinh-van-le-cube-avec-cordon-jaune-or-jaune-et-saphir-jaune\/#primaryimage","url":"https:\/\/maisonroca.ad\/wp-content\/uploads\/2025\/03\/308831-3.jpg","contentUrl":"https:\/\/maisonroca.ad\/wp-content\/uploads\/2025\/03\/308831-3.jpg","width":1080,"height":1080,"caption":"maison-roca-andorra-dinh-van-bra\u00e7alet-dinh-van-le-cube-amb-cordo-or-groc-safir-groc"},{"@type":"BreadcrumbList","@id":"https:\/\/maisonroca.ad\/fr\/boutique\/bracelet-dinh-van-le-cube-avec-cordon-jaune-or-jaune-et-saphir-jaune\/#breadcrumb","itemListElement":[{"@type":"ListItem","position":1,"name":"Portada","item":"https:\/\/maisonroca.ad\/fr\/"},{"@type":"ListItem","position":2,"name":"Botiga","item":"https:\/\/maisonroca.ad\/botiga\/"},{"@type":"ListItem","position":3,"name":"BRACELET DINH VAN LE CUBE AVEC CORDON JAUNE, OR JAUNE ET SAPHIR JAUNE"}]},{"@type":"WebSite","@id":"https:\/\/maisonroca.ad\/fr\/#website","url":"https:\/\/maisonroca.ad\/fr\/","name":"Maison Roca","description":"Bold Luxury Life - joieria d&#039;autor - Andorra","publisher":{"@id":"https:\/\/maisonroca.ad\/fr\/#organization"},"potentialAction":[{"@type":"SearchAction","target":{"@type":"EntryPoint","urlTemplate":"https:\/\/maisonroca.ad\/fr\/?s={search_term_string}"},"query-input":{"@type":"PropertyValueSpecification","valueRequired":true,"valueName":"search_term_string"}}],"inLanguage":"fr-FR"},{"@type":"Organization","@id":"https:\/\/maisonroca.ad\/fr\/#organization","name":"Maison Roca","url":"https:\/\/maisonroca.ad\/fr\/","logo":{"@type":"ImageObject","inLanguage":"fr-FR","@id":"https:\/\/maisonroca.ad\/fr\/#\/schema\/logo\/image\/","url":"https:\/\/maisonroca.ad\/wp-content\/uploads\/2023\/10\/icono.png","contentUrl":"https:\/\/maisonroca.ad\/wp-content\/uploads\/2023\/10\/icono.png","width":512,"height":512,"caption":"Maison Roca"},"image":{"@id":"https:\/\/maisonroca.ad\/fr\/#\/schema\/logo\/image\/"},"sameAs":["https:\/\/www.facebook.com\/maisonroca","https:\/\/www.instagram.com\/maisonroca\/"]}]},"product_price_amount":"635.00","product_price_currency":"EUR","og_availability":"instock","product_availability":"instock","product_retailer_item_id":"308831","product_condition":"new"},"_links":{"self":[{"href":"https:\/\/maisonroca.ad\/fr\/wp-json\/wp\/v2\/product\/71998","targetHints":{"allow":["GET"]}}],"collection":[{"href":"https:\/\/maisonroca.ad\/fr\/wp-json\/wp\/v2\/product"}],"about":[{"href":"https:\/\/maisonroca.ad\/fr\/wp-json\/wp\/v2\/types\/product"}],"replies":[{"embeddable":true,"href":"https:\/\/maisonroca.ad\/fr\/wp-json\/wp\/v2\/comments?post=71998"}],"version-history":[{"count":1,"href":"https:\/\/maisonroca.ad\/fr\/wp-json\/wp\/v2\/product\/71998\/revisions"}],"predecessor-version":[{"id":71999,"href":"https:\/\/maisonroca.ad\/fr\/wp-json\/wp\/v2\/product\/71998\/revisions\/71999"}],"wp:featuredmedia":[{"embeddable":true,"href":"https:\/\/maisonroca.ad\/fr\/wp-json\/wp\/v2\/media\/71992"}],"wp:attachment":[{"href":"https:\/\/maisonroca.ad\/fr\/wp-json\/wp\/v2\/media?parent=71998"}],"wp:term":[{"taxonomy":"product_brand","embeddable":true,"href":"https:\/\/maisonroca.ad\/fr\/wp-json\/wp\/v2\/product_brand?post=71998"},{"taxonomy":"product_cat","embeddable":true,"href":"https:\/\/maisonroca.ad\/fr\/wp-json\/wp\/v2\/product_cat?post=71998"},{"taxonomy":"product_tag","embeddable":true,"href":"https:\/\/maisonroca.ad\/fr\/wp-json\/wp\/v2\/product_tag?post=71998"}],"curies":[{"name":"wp","href":"https:\/\/api.w.org\/{rel}","templated":true}]}}