{"id":72010,"date":"2025-03-31T11:14:09","date_gmt":"2025-03-31T09:14:09","guid":{"rendered":"https:\/\/maisonroca.ad\/?post_type=product&#038;p=72010"},"modified":"2025-03-31T12:05:13","modified_gmt":"2025-03-31T10:05:13","slug":"bracelet-dinh-van-le-cube-chaine-s-or-jaune-et-diamant","status":"publish","type":"product","link":"https:\/\/maisonroca.ad\/fr\/boutique\/bracelet-dinh-van-le-cube-chaine-s-or-jaune-et-diamant\/","title":{"rendered":"BRACELET DINH VAN LE CUBE CHA\u00ceNE S OR JAUNE ET DIAMANT"},"content":{"rendered":"<p>Bracelet de cha\u00eene Le Cube Diamant en or jaune 18K avec un diamant de 0,10 carat.<\/p>\n<p>Ce bracelet au design unique fusionne les formes g\u00e9om\u00e9triques du cercle et du carr\u00e9 avec un diamant spectaculaire, cr\u00e9ant un style minimaliste qui capture l&rsquo;essence de l&rsquo;\u00e9l\u00e9gance contemporaine de la collection Le Cube Diamant.<\/p>\n<p>&nbsp;<\/p>\n<p>D\u00e9tails:<\/p>\n<ul>\n<li>Or jaune 18k<\/li>\n<li>Diamant 0,10 ct<\/li>\n<\/ul>\n","protected":false},"excerpt":{"rendered":"<p>Bracelet de cha\u00eene Le Cube Diamant en or jaune 18K avec un diamant de 0,10 carat. Ce bracelet au design unique fusionne les formes g\u00e9om\u00e9triques du cercle et du carr\u00e9 avec un diamant spectaculaire.<\/p>\n","protected":false},"featured_media":72003,"comment_status":"closed","ping_status":"closed","template":"","meta":{"_acf_changed":false,"_monsterinsights_skip_tracking":false,"_monsterinsights_sitenote_active":false,"_monsterinsights_sitenote_note":"","_monsterinsights_sitenote_category":0},"product_brand":[],"product_cat":[1244,1251],"product_tag":[2402,2370],"class_list":{"0":"post-72010","1":"product","2":"type-product","3":"status-publish","4":"has-post-thumbnail","6":"product_cat-bijou","7":"product_cat-dinh-van-fr","8":"product_tag-bracalets-2","9":"product_tag-dinh-van-2","11":"first","12":"instock","13":"shipping-taxable","14":"purchasable","15":"product-type-simple"},"acf":[],"yoast_head":"<!-- This site is optimized with the Yoast SEO Premium plugin v26.8 (Yoast SEO v27.4) - https:\/\/yoast.com\/product\/yoast-seo-premium-wordpress\/ -->\n<title>BRACELET DINH VAN LE CUBE OR JAUNE ET DIAMANT<\/title>\n<meta name=\"description\" content=\"Le bracelet Le Cube avec diamant dinh van, un bijou raffin\u00e9 qui allie l&#039;\u00e9clat des diamants \u00e0 un design moderne et \u00e9l\u00e9gant.\" \/>\n<meta name=\"robots\" content=\"index, follow, max-snippet:-1, max-image-preview:large, max-video-preview:-1\" \/>\n<link rel=\"canonical\" href=\"https:\/\/maisonroca.ad\/fr\/boutique\/bracelet-dinh-van-le-cube-chaine-s-or-jaune-et-diamant\/\" \/>\n<meta property=\"og:locale\" content=\"fr_FR\" \/>\n<meta property=\"og:type\" content=\"article\" \/>\n<meta property=\"og:title\" content=\"BRACELET DINH VAN LE CUBE CHA\u00ceNE S OR JAUNE ET DIAMANT\" \/>\n<meta property=\"og:description\" content=\"Le bracelet Le Cube avec diamant dinh van, un bijou raffin\u00e9 qui allie l&#039;\u00e9clat des diamants \u00e0 un design moderne et \u00e9l\u00e9gant.\" \/>\n<meta property=\"og:url\" content=\"https:\/\/maisonroca.ad\/fr\/boutique\/bracelet-dinh-van-le-cube-chaine-s-or-jaune-et-diamant\/\" \/>\n<meta property=\"og:site_name\" content=\"Maison Roca\" \/>\n<meta property=\"article:publisher\" content=\"https:\/\/www.facebook.com\/maisonroca\" \/>\n<meta property=\"article:modified_time\" content=\"2025-03-31T10:05:13+00:00\" \/>\n<meta property=\"og:image\" content=\"https:\/\/maisonroca.ad\/wp-content\/uploads\/2025\/03\/308521.jpg\" \/>\n\t<meta property=\"og:image:width\" content=\"1080\" \/>\n\t<meta property=\"og:image:height\" content=\"1080\" \/>\n\t<meta property=\"og:image:type\" content=\"image\/jpeg\" \/>\n<meta name=\"twitter:card\" content=\"summary_large_image\" \/>\n<meta name=\"twitter:label1\" content=\"Prix\" \/>\n\t<meta name=\"twitter:data1\" content=\"1.568,00&nbsp;&euro;\" \/>\n\t<meta name=\"twitter:label2\" content=\"Disponibilit\u00e9\" \/>\n\t<meta name=\"twitter:data2\" content=\"En stock\" \/>\n<script type=\"application\/ld+json\" class=\"yoast-schema-graph\">{\"@context\":\"https:\\\/\\\/schema.org\",\"@graph\":[{\"@type\":\"WebPage\",\"@id\":\"https:\\\/\\\/maisonroca.ad\\\/fr\\\/boutique\\\/bracelet-dinh-van-le-cube-chaine-s-or-jaune-et-diamant\\\/\",\"url\":\"https:\\\/\\\/maisonroca.ad\\\/fr\\\/boutique\\\/bracelet-dinh-van-le-cube-chaine-s-or-jaune-et-diamant\\\/\",\"name\":\"BRACELET DINH VAN LE CUBE OR JAUNE ET DIAMANT\",\"isPartOf\":{\"@id\":\"https:\\\/\\\/maisonroca.ad\\\/fr\\\/#website\"},\"primaryImageOfPage\":{\"@id\":\"https:\\\/\\\/maisonroca.ad\\\/fr\\\/boutique\\\/bracelet-dinh-van-le-cube-chaine-s-or-jaune-et-diamant\\\/#primaryimage\"},\"image\":{\"@id\":\"https:\\\/\\\/maisonroca.ad\\\/fr\\\/boutique\\\/bracelet-dinh-van-le-cube-chaine-s-or-jaune-et-diamant\\\/#primaryimage\"},\"thumbnailUrl\":\"https:\\\/\\\/maisonroca.ad\\\/wp-content\\\/uploads\\\/2025\\\/03\\\/308521.jpg\",\"datePublished\":\"2025-03-31T09:14:09+00:00\",\"dateModified\":\"2025-03-31T10:05:13+00:00\",\"description\":\"Le bracelet Le Cube avec diamant dinh van, un bijou raffin\u00e9 qui allie l'\u00e9clat des diamants \u00e0 un design moderne et \u00e9l\u00e9gant.\",\"breadcrumb\":{\"@id\":\"https:\\\/\\\/maisonroca.ad\\\/fr\\\/boutique\\\/bracelet-dinh-van-le-cube-chaine-s-or-jaune-et-diamant\\\/#breadcrumb\"},\"inLanguage\":\"fr-FR\",\"potentialAction\":[{\"@type\":\"ReadAction\",\"target\":[\"https:\\\/\\\/maisonroca.ad\\\/fr\\\/boutique\\\/bracelet-dinh-van-le-cube-chaine-s-or-jaune-et-diamant\\\/\"]}]},{\"@type\":\"ImageObject\",\"inLanguage\":\"fr-FR\",\"@id\":\"https:\\\/\\\/maisonroca.ad\\\/fr\\\/boutique\\\/bracelet-dinh-van-le-cube-chaine-s-or-jaune-et-diamant\\\/#primaryimage\",\"url\":\"https:\\\/\\\/maisonroca.ad\\\/wp-content\\\/uploads\\\/2025\\\/03\\\/308521.jpg\",\"contentUrl\":\"https:\\\/\\\/maisonroca.ad\\\/wp-content\\\/uploads\\\/2025\\\/03\\\/308521.jpg\",\"width\":1080,\"height\":1080,\"caption\":\"maison-roca-andorra-dinh-van-bra\u00e7alet-dinh-van-le-cube-cadena-s-or-groc-diamant\"},{\"@type\":\"BreadcrumbList\",\"@id\":\"https:\\\/\\\/maisonroca.ad\\\/fr\\\/boutique\\\/bracelet-dinh-van-le-cube-chaine-s-or-jaune-et-diamant\\\/#breadcrumb\",\"itemListElement\":[{\"@type\":\"ListItem\",\"position\":1,\"name\":\"Portada\",\"item\":\"https:\\\/\\\/maisonroca.ad\\\/fr\\\/\"},{\"@type\":\"ListItem\",\"position\":2,\"name\":\"Botiga\",\"item\":\"https:\\\/\\\/maisonroca.ad\\\/botiga\\\/\"},{\"@type\":\"ListItem\",\"position\":3,\"name\":\"BRACELET DINH VAN LE CUBE CHA\u00ceNE S OR JAUNE ET DIAMANT\"}]},{\"@type\":\"WebSite\",\"@id\":\"https:\\\/\\\/maisonroca.ad\\\/fr\\\/#website\",\"url\":\"https:\\\/\\\/maisonroca.ad\\\/fr\\\/\",\"name\":\"Maison Roca\",\"description\":\"Bold Luxury Life - joieria d&#039;autor - Andorra\",\"publisher\":{\"@id\":\"https:\\\/\\\/maisonroca.ad\\\/fr\\\/#organization\"},\"potentialAction\":[{\"@type\":\"SearchAction\",\"target\":{\"@type\":\"EntryPoint\",\"urlTemplate\":\"https:\\\/\\\/maisonroca.ad\\\/fr\\\/?s={search_term_string}\"},\"query-input\":{\"@type\":\"PropertyValueSpecification\",\"valueRequired\":true,\"valueName\":\"search_term_string\"}}],\"inLanguage\":\"fr-FR\"},{\"@type\":\"Organization\",\"@id\":\"https:\\\/\\\/maisonroca.ad\\\/fr\\\/#organization\",\"name\":\"Maison Roca\",\"url\":\"https:\\\/\\\/maisonroca.ad\\\/fr\\\/\",\"logo\":{\"@type\":\"ImageObject\",\"inLanguage\":\"fr-FR\",\"@id\":\"https:\\\/\\\/maisonroca.ad\\\/fr\\\/#\\\/schema\\\/logo\\\/image\\\/\",\"url\":\"https:\\\/\\\/maisonroca.ad\\\/wp-content\\\/uploads\\\/2023\\\/10\\\/icono.png\",\"contentUrl\":\"https:\\\/\\\/maisonroca.ad\\\/wp-content\\\/uploads\\\/2023\\\/10\\\/icono.png\",\"width\":512,\"height\":512,\"caption\":\"Maison Roca\"},\"image\":{\"@id\":\"https:\\\/\\\/maisonroca.ad\\\/fr\\\/#\\\/schema\\\/logo\\\/image\\\/\"},\"sameAs\":[\"https:\\\/\\\/www.facebook.com\\\/maisonroca\",\"https:\\\/\\\/www.instagram.com\\\/maisonroca\\\/\"]}]}<\/script>\n<meta property=\"product:price:amount\" content=\"1568.00\" \/>\n<meta property=\"product:price:currency\" content=\"EUR\" \/>\n<meta property=\"og:availability\" content=\"instock\" \/>\n<meta property=\"product:availability\" content=\"instock\" \/>\n<meta property=\"product:retailer_item_id\" content=\"308521\" \/>\n<meta property=\"product:condition\" content=\"new\" \/>\n<!-- \/ Yoast SEO Premium plugin. -->","yoast_head_json":{"title":"BRACELET DINH VAN LE CUBE OR JAUNE ET DIAMANT","description":"Le bracelet Le Cube avec diamant dinh van, un bijou raffin\u00e9 qui allie l'\u00e9clat des diamants \u00e0 un design moderne et \u00e9l\u00e9gant.","robots":{"index":"index","follow":"follow","max-snippet":"max-snippet:-1","max-image-preview":"max-image-preview:large","max-video-preview":"max-video-preview:-1"},"canonical":"https:\/\/maisonroca.ad\/fr\/boutique\/bracelet-dinh-van-le-cube-chaine-s-or-jaune-et-diamant\/","og_locale":"fr_FR","og_type":"article","og_title":"BRACELET DINH VAN LE CUBE CHA\u00ceNE S OR JAUNE ET DIAMANT","og_description":"Le bracelet Le Cube avec diamant dinh van, un bijou raffin\u00e9 qui allie l'\u00e9clat des diamants \u00e0 un design moderne et \u00e9l\u00e9gant.","og_url":"https:\/\/maisonroca.ad\/fr\/boutique\/bracelet-dinh-van-le-cube-chaine-s-or-jaune-et-diamant\/","og_site_name":"Maison Roca","article_publisher":"https:\/\/www.facebook.com\/maisonroca","article_modified_time":"2025-03-31T10:05:13+00:00","og_image":[{"width":1080,"height":1080,"url":"https:\/\/maisonroca.ad\/wp-content\/uploads\/2025\/03\/308521.jpg","type":"image\/jpeg"}],"twitter_card":"summary_large_image","twitter_misc":{"Prix":"1.568,00&nbsp;&euro;","Disponibilit\u00e9":"En stock"},"schema":{"@context":"https:\/\/schema.org","@graph":[{"@type":"WebPage","@id":"https:\/\/maisonroca.ad\/fr\/boutique\/bracelet-dinh-van-le-cube-chaine-s-or-jaune-et-diamant\/","url":"https:\/\/maisonroca.ad\/fr\/boutique\/bracelet-dinh-van-le-cube-chaine-s-or-jaune-et-diamant\/","name":"BRACELET DINH VAN LE CUBE OR JAUNE ET DIAMANT","isPartOf":{"@id":"https:\/\/maisonroca.ad\/fr\/#website"},"primaryImageOfPage":{"@id":"https:\/\/maisonroca.ad\/fr\/boutique\/bracelet-dinh-van-le-cube-chaine-s-or-jaune-et-diamant\/#primaryimage"},"image":{"@id":"https:\/\/maisonroca.ad\/fr\/boutique\/bracelet-dinh-van-le-cube-chaine-s-or-jaune-et-diamant\/#primaryimage"},"thumbnailUrl":"https:\/\/maisonroca.ad\/wp-content\/uploads\/2025\/03\/308521.jpg","datePublished":"2025-03-31T09:14:09+00:00","dateModified":"2025-03-31T10:05:13+00:00","description":"Le bracelet Le Cube avec diamant dinh van, un bijou raffin\u00e9 qui allie l'\u00e9clat des diamants \u00e0 un design moderne et \u00e9l\u00e9gant.","breadcrumb":{"@id":"https:\/\/maisonroca.ad\/fr\/boutique\/bracelet-dinh-van-le-cube-chaine-s-or-jaune-et-diamant\/#breadcrumb"},"inLanguage":"fr-FR","potentialAction":[{"@type":"ReadAction","target":["https:\/\/maisonroca.ad\/fr\/boutique\/bracelet-dinh-van-le-cube-chaine-s-or-jaune-et-diamant\/"]}]},{"@type":"ImageObject","inLanguage":"fr-FR","@id":"https:\/\/maisonroca.ad\/fr\/boutique\/bracelet-dinh-van-le-cube-chaine-s-or-jaune-et-diamant\/#primaryimage","url":"https:\/\/maisonroca.ad\/wp-content\/uploads\/2025\/03\/308521.jpg","contentUrl":"https:\/\/maisonroca.ad\/wp-content\/uploads\/2025\/03\/308521.jpg","width":1080,"height":1080,"caption":"maison-roca-andorra-dinh-van-bra\u00e7alet-dinh-van-le-cube-cadena-s-or-groc-diamant"},{"@type":"BreadcrumbList","@id":"https:\/\/maisonroca.ad\/fr\/boutique\/bracelet-dinh-van-le-cube-chaine-s-or-jaune-et-diamant\/#breadcrumb","itemListElement":[{"@type":"ListItem","position":1,"name":"Portada","item":"https:\/\/maisonroca.ad\/fr\/"},{"@type":"ListItem","position":2,"name":"Botiga","item":"https:\/\/maisonroca.ad\/botiga\/"},{"@type":"ListItem","position":3,"name":"BRACELET DINH VAN LE CUBE CHA\u00ceNE S OR JAUNE ET DIAMANT"}]},{"@type":"WebSite","@id":"https:\/\/maisonroca.ad\/fr\/#website","url":"https:\/\/maisonroca.ad\/fr\/","name":"Maison Roca","description":"Bold Luxury Life - joieria d&#039;autor - Andorra","publisher":{"@id":"https:\/\/maisonroca.ad\/fr\/#organization"},"potentialAction":[{"@type":"SearchAction","target":{"@type":"EntryPoint","urlTemplate":"https:\/\/maisonroca.ad\/fr\/?s={search_term_string}"},"query-input":{"@type":"PropertyValueSpecification","valueRequired":true,"valueName":"search_term_string"}}],"inLanguage":"fr-FR"},{"@type":"Organization","@id":"https:\/\/maisonroca.ad\/fr\/#organization","name":"Maison Roca","url":"https:\/\/maisonroca.ad\/fr\/","logo":{"@type":"ImageObject","inLanguage":"fr-FR","@id":"https:\/\/maisonroca.ad\/fr\/#\/schema\/logo\/image\/","url":"https:\/\/maisonroca.ad\/wp-content\/uploads\/2023\/10\/icono.png","contentUrl":"https:\/\/maisonroca.ad\/wp-content\/uploads\/2023\/10\/icono.png","width":512,"height":512,"caption":"Maison Roca"},"image":{"@id":"https:\/\/maisonroca.ad\/fr\/#\/schema\/logo\/image\/"},"sameAs":["https:\/\/www.facebook.com\/maisonroca","https:\/\/www.instagram.com\/maisonroca\/"]}]},"product_price_amount":"1568.00","product_price_currency":"EUR","og_availability":"instock","product_availability":"instock","product_retailer_item_id":"308521","product_condition":"new"},"_links":{"self":[{"href":"https:\/\/maisonroca.ad\/fr\/wp-json\/wp\/v2\/product\/72010","targetHints":{"allow":["GET"]}}],"collection":[{"href":"https:\/\/maisonroca.ad\/fr\/wp-json\/wp\/v2\/product"}],"about":[{"href":"https:\/\/maisonroca.ad\/fr\/wp-json\/wp\/v2\/types\/product"}],"replies":[{"embeddable":true,"href":"https:\/\/maisonroca.ad\/fr\/wp-json\/wp\/v2\/comments?post=72010"}],"version-history":[{"count":1,"href":"https:\/\/maisonroca.ad\/fr\/wp-json\/wp\/v2\/product\/72010\/revisions"}],"predecessor-version":[{"id":72011,"href":"https:\/\/maisonroca.ad\/fr\/wp-json\/wp\/v2\/product\/72010\/revisions\/72011"}],"wp:featuredmedia":[{"embeddable":true,"href":"https:\/\/maisonroca.ad\/fr\/wp-json\/wp\/v2\/media\/72003"}],"wp:attachment":[{"href":"https:\/\/maisonroca.ad\/fr\/wp-json\/wp\/v2\/media?parent=72010"}],"wp:term":[{"taxonomy":"product_brand","embeddable":true,"href":"https:\/\/maisonroca.ad\/fr\/wp-json\/wp\/v2\/product_brand?post=72010"},{"taxonomy":"product_cat","embeddable":true,"href":"https:\/\/maisonroca.ad\/fr\/wp-json\/wp\/v2\/product_cat?post=72010"},{"taxonomy":"product_tag","embeddable":true,"href":"https:\/\/maisonroca.ad\/fr\/wp-json\/wp\/v2\/product_tag?post=72010"}],"curies":[{"name":"wp","href":"https:\/\/api.w.org\/{rel}","templated":true}]}}