{"id":72287,"date":"2025-04-25T11:36:30","date_gmt":"2025-04-25T09:36:30","guid":{"rendered":"https:\/\/maisonroca.ad\/?post_type=product&#038;p=72287"},"modified":"2025-04-25T11:49:26","modified_gmt":"2025-04-25T09:49:26","slug":"montre-chanel-j12-bleu-calibre-12-2-de-33-mm-avec-index-en-diamants","status":"publish","type":"product","link":"https:\/\/maisonroca.ad\/fr\/boutique\/montre-chanel-j12-bleu-calibre-12-2-de-33-mm-avec-index-en-diamants\/","title":{"rendered":"MONTRE CHANEL J12 BLEU CALIBRE 12.2 DE 33 MM AVEC INDEX EN DIAMANTS"},"content":{"rendered":"<p>La CHANEL J12 Bleu Calibre 12.2 de 33 mm poss\u00e8de un bo\u00eetier et un bracelet en c\u00e9ramique bleue, avec un cadran assorti serti d\u2019index en diamants.<\/p>\n<p>C\u2019est une montre automatique \u00e0 l\u2019esprit sportif et \u00e0 la sophistication intemporelle, qui marie l\u2019\u00e9l\u00e9gance iconique de CHANEL \u00e0 la pr\u00e9cision du Calibre 12.2 de manufacture interne.<\/p>\n<p>Dot\u00e9e d\u2019une r\u00e9serve de marche de 50 heures, elle offre d\u2019excellentes performances dans un format compact et raffin\u00e9. Son esprit sportif est renforc\u00e9 par une \u00e9tanch\u00e9it\u00e9 jusqu\u2019\u00e0 200 m\u00e8tres, ce qui en fait la compagne id\u00e9ale pour toutes les aventures. Sa c\u00e9ramique b\u00e9n\u00e9ficie d\u2019un traitement sp\u00e9cial offrant un toucher agr\u00e9able et garantissant une grande durabilit\u00e9.<\/p>\n<p><em>*\u00c9dition Limit\u00e9e<\/em><\/p>\n<p>&nbsp;<\/p>\n<p><strong>D\u00e9tails :<\/strong><\/p>\n<ul>\n<li>Bo\u00eetier en c\u00e9ramique bleue mate haute r\u00e9sistance et acier PVD noir<\/li>\n<li>Bracelet en c\u00e9ramique bleue mate haute r\u00e9sistance avec boucle d\u00e9ployante triple en acier<\/li>\n<li>Mouvement m\u00e9canique automatique Calibre 12.2<\/li>\n<li>Diam\u00e8tre : 33 mm<\/li>\n<li>Cadran laqu\u00e9 bleu mat serti de 12 index en diamants taille brillant (0,06 ct)<\/li>\n<li>\u00c9tanch\u00e9it\u00e9 : 200 m<\/li>\n<li>Fonctions : heures, minutes et secondes<\/li>\n<\/ul>\n","protected":false},"excerpt":{"rendered":"<p>La CHANEL J12 Bleu Calibre 12.2 de 33 mm poss\u00e8de un bo\u00eetier et un bracelet en c\u00e9ramique bleue, avec un cadran assorti serti d\u2019index en diamants.<\/p>\n","protected":false},"featured_media":72273,"comment_status":"closed","ping_status":"closed","template":"","meta":{"_acf_changed":false,"_monsterinsights_skip_tracking":false,"_monsterinsights_sitenote_active":false,"_monsterinsights_sitenote_note":"","_monsterinsights_sitenote_category":0},"product_brand":[],"product_cat":[2613,1245],"product_tag":[2315,2889,2951,2915,2568,2457,2953,2192,2680,2894,2955],"class_list":{"0":"post-72287","1":"product","2":"type-product","3":"status-publish","4":"has-post-thumbnail","6":"product_cat-chanel-fr","7":"product_cat-montres","8":"product_tag-33-mm-2-2","9":"product_tag-automatic-fr","10":"product_tag-automatico-fr","11":"product_tag-blau-fr","12":"product_tag-chanel-fr","13":"product_tag-de-100-a-300-metres-2","14":"product_tag-de-100-a-300-metros-fr","15":"product_tag-diamants-2","16":"product_tag-dona-fr","17":"product_tag-rellotges-fr","18":"product_tag-relojes-fr","20":"first","21":"instock","22":"shipping-taxable","23":"product-type-simple"},"acf":[],"yoast_head":"<!-- This site is optimized with the Yoast SEO Premium plugin v26.8 (Yoast SEO v27.4) - https:\/\/yoast.com\/product\/yoast-seo-premium-wordpress\/ -->\n<title>MONTRE CHANEL J12 BLEU DE 33 MM AVEC DIAMANTS<\/title>\n<meta name=\"description\" content=\"D\u00e9couvrez la montre CHANEL J12 Bleu Calibre 12.2 de 33 mm, avec c\u00e9ramique bleue, index en diamants et mouvement automatique de manufacture.\" \/>\n<meta name=\"robots\" content=\"index, follow, max-snippet:-1, max-image-preview:large, max-video-preview:-1\" \/>\n<link rel=\"canonical\" href=\"https:\/\/maisonroca.ad\/fr\/boutique\/montre-chanel-j12-bleu-calibre-12-2-de-33-mm-avec-index-en-diamants\/\" \/>\n<meta property=\"og:locale\" content=\"fr_FR\" \/>\n<meta property=\"og:type\" content=\"article\" \/>\n<meta property=\"og:title\" content=\"MONTRE CHANEL J12 BLEU CALIBRE 12.2 DE 33 MM AVEC INDEX EN DIAMANTS\" \/>\n<meta property=\"og:description\" content=\"D\u00e9couvrez la montre CHANEL J12 Bleu Calibre 12.2 de 33 mm, avec c\u00e9ramique bleue, index en diamants et mouvement automatique de manufacture.\" \/>\n<meta property=\"og:url\" content=\"https:\/\/maisonroca.ad\/fr\/boutique\/montre-chanel-j12-bleu-calibre-12-2-de-33-mm-avec-index-en-diamants\/\" \/>\n<meta property=\"og:site_name\" content=\"Maison Roca\" \/>\n<meta property=\"article:publisher\" content=\"https:\/\/www.facebook.com\/maisonroca\" \/>\n<meta property=\"article:modified_time\" content=\"2025-04-25T09:49:26+00:00\" \/>\n<meta property=\"og:image\" content=\"https:\/\/maisonroca.ad\/wp-content\/uploads\/2025\/04\/chanel-1.png\" \/>\n\t<meta property=\"og:image:width\" content=\"1080\" \/>\n\t<meta property=\"og:image:height\" content=\"1080\" \/>\n\t<meta property=\"og:image:type\" content=\"image\/png\" \/>\n<meta name=\"twitter:card\" content=\"summary_large_image\" \/>\n<meta name=\"twitter:label1\" content=\"Prix\" \/>\n\t<meta name=\"twitter:data1\" content=\"\" \/>\n\t<meta name=\"twitter:label2\" content=\"Disponibilit\u00e9\" \/>\n\t<meta name=\"twitter:data2\" content=\"En stock\" \/>\n<script type=\"application\/ld+json\" class=\"yoast-schema-graph\">{\"@context\":\"https:\\\/\\\/schema.org\",\"@graph\":[{\"@type\":\"WebPage\",\"@id\":\"https:\\\/\\\/maisonroca.ad\\\/fr\\\/boutique\\\/montre-chanel-j12-bleu-calibre-12-2-de-33-mm-avec-index-en-diamants\\\/\",\"url\":\"https:\\\/\\\/maisonroca.ad\\\/fr\\\/boutique\\\/montre-chanel-j12-bleu-calibre-12-2-de-33-mm-avec-index-en-diamants\\\/\",\"name\":\"MONTRE CHANEL J12 BLEU DE 33 MM AVEC DIAMANTS\",\"isPartOf\":{\"@id\":\"https:\\\/\\\/maisonroca.ad\\\/fr\\\/#website\"},\"primaryImageOfPage\":{\"@id\":\"https:\\\/\\\/maisonroca.ad\\\/fr\\\/boutique\\\/montre-chanel-j12-bleu-calibre-12-2-de-33-mm-avec-index-en-diamants\\\/#primaryimage\"},\"image\":{\"@id\":\"https:\\\/\\\/maisonroca.ad\\\/fr\\\/boutique\\\/montre-chanel-j12-bleu-calibre-12-2-de-33-mm-avec-index-en-diamants\\\/#primaryimage\"},\"thumbnailUrl\":\"https:\\\/\\\/maisonroca.ad\\\/wp-content\\\/uploads\\\/2025\\\/04\\\/chanel-1.png\",\"datePublished\":\"2025-04-25T09:36:30+00:00\",\"dateModified\":\"2025-04-25T09:49:26+00:00\",\"description\":\"D\u00e9couvrez la montre CHANEL J12 Bleu Calibre 12.2 de 33 mm, avec c\u00e9ramique bleue, index en diamants et mouvement automatique de manufacture.\",\"breadcrumb\":{\"@id\":\"https:\\\/\\\/maisonroca.ad\\\/fr\\\/boutique\\\/montre-chanel-j12-bleu-calibre-12-2-de-33-mm-avec-index-en-diamants\\\/#breadcrumb\"},\"inLanguage\":\"fr-FR\",\"potentialAction\":[{\"@type\":\"ReadAction\",\"target\":[\"https:\\\/\\\/maisonroca.ad\\\/fr\\\/boutique\\\/montre-chanel-j12-bleu-calibre-12-2-de-33-mm-avec-index-en-diamants\\\/\"]}]},{\"@type\":\"ImageObject\",\"inLanguage\":\"fr-FR\",\"@id\":\"https:\\\/\\\/maisonroca.ad\\\/fr\\\/boutique\\\/montre-chanel-j12-bleu-calibre-12-2-de-33-mm-avec-index-en-diamants\\\/#primaryimage\",\"url\":\"https:\\\/\\\/maisonroca.ad\\\/wp-content\\\/uploads\\\/2025\\\/04\\\/chanel-1.png\",\"contentUrl\":\"https:\\\/\\\/maisonroca.ad\\\/wp-content\\\/uploads\\\/2025\\\/04\\\/chanel-1.png\",\"width\":1080,\"height\":1080,\"caption\":\"Rellotge CHANEL J12 Bleu Calibre 12.2 de 33mm amb cer\u00e0mica blava i \u00edndex de diamants\"},{\"@type\":\"BreadcrumbList\",\"@id\":\"https:\\\/\\\/maisonroca.ad\\\/fr\\\/boutique\\\/montre-chanel-j12-bleu-calibre-12-2-de-33-mm-avec-index-en-diamants\\\/#breadcrumb\",\"itemListElement\":[{\"@type\":\"ListItem\",\"position\":1,\"name\":\"Portada\",\"item\":\"https:\\\/\\\/maisonroca.ad\\\/fr\\\/\"},{\"@type\":\"ListItem\",\"position\":2,\"name\":\"Botiga\",\"item\":\"https:\\\/\\\/maisonroca.ad\\\/botiga\\\/\"},{\"@type\":\"ListItem\",\"position\":3,\"name\":\"MONTRE CHANEL J12 BLEU CALIBRE 12.2 DE 33 MM AVEC INDEX EN DIAMANTS\"}]},{\"@type\":\"WebSite\",\"@id\":\"https:\\\/\\\/maisonroca.ad\\\/fr\\\/#website\",\"url\":\"https:\\\/\\\/maisonroca.ad\\\/fr\\\/\",\"name\":\"Maison Roca\",\"description\":\"Bold Luxury Life - joieria d&#039;autor - Andorra\",\"publisher\":{\"@id\":\"https:\\\/\\\/maisonroca.ad\\\/fr\\\/#organization\"},\"potentialAction\":[{\"@type\":\"SearchAction\",\"target\":{\"@type\":\"EntryPoint\",\"urlTemplate\":\"https:\\\/\\\/maisonroca.ad\\\/fr\\\/?s={search_term_string}\"},\"query-input\":{\"@type\":\"PropertyValueSpecification\",\"valueRequired\":true,\"valueName\":\"search_term_string\"}}],\"inLanguage\":\"fr-FR\"},{\"@type\":\"Organization\",\"@id\":\"https:\\\/\\\/maisonroca.ad\\\/fr\\\/#organization\",\"name\":\"Maison Roca\",\"url\":\"https:\\\/\\\/maisonroca.ad\\\/fr\\\/\",\"logo\":{\"@type\":\"ImageObject\",\"inLanguage\":\"fr-FR\",\"@id\":\"https:\\\/\\\/maisonroca.ad\\\/fr\\\/#\\\/schema\\\/logo\\\/image\\\/\",\"url\":\"https:\\\/\\\/maisonroca.ad\\\/wp-content\\\/uploads\\\/2023\\\/10\\\/icono.png\",\"contentUrl\":\"https:\\\/\\\/maisonroca.ad\\\/wp-content\\\/uploads\\\/2023\\\/10\\\/icono.png\",\"width\":512,\"height\":512,\"caption\":\"Maison Roca\"},\"image\":{\"@id\":\"https:\\\/\\\/maisonroca.ad\\\/fr\\\/#\\\/schema\\\/logo\\\/image\\\/\"},\"sameAs\":[\"https:\\\/\\\/www.facebook.com\\\/maisonroca\",\"https:\\\/\\\/www.instagram.com\\\/maisonroca\\\/\"]}]}<\/script>\n<meta property=\"product:price:currency\" content=\"EUR\" \/>\n<meta property=\"og:availability\" content=\"instock\" \/>\n<meta property=\"product:availability\" content=\"instock\" \/>\n<meta property=\"product:retailer_item_id\" content=\"H9657\" \/>\n<meta property=\"product:condition\" content=\"new\" \/>\n<!-- \/ Yoast SEO Premium plugin. -->","yoast_head_json":{"title":"MONTRE CHANEL J12 BLEU DE 33 MM AVEC DIAMANTS","description":"D\u00e9couvrez la montre CHANEL J12 Bleu Calibre 12.2 de 33 mm, avec c\u00e9ramique bleue, index en diamants et mouvement automatique de manufacture.","robots":{"index":"index","follow":"follow","max-snippet":"max-snippet:-1","max-image-preview":"max-image-preview:large","max-video-preview":"max-video-preview:-1"},"canonical":"https:\/\/maisonroca.ad\/fr\/boutique\/montre-chanel-j12-bleu-calibre-12-2-de-33-mm-avec-index-en-diamants\/","og_locale":"fr_FR","og_type":"article","og_title":"MONTRE CHANEL J12 BLEU CALIBRE 12.2 DE 33 MM AVEC INDEX EN DIAMANTS","og_description":"D\u00e9couvrez la montre CHANEL J12 Bleu Calibre 12.2 de 33 mm, avec c\u00e9ramique bleue, index en diamants et mouvement automatique de manufacture.","og_url":"https:\/\/maisonroca.ad\/fr\/boutique\/montre-chanel-j12-bleu-calibre-12-2-de-33-mm-avec-index-en-diamants\/","og_site_name":"Maison Roca","article_publisher":"https:\/\/www.facebook.com\/maisonroca","article_modified_time":"2025-04-25T09:49:26+00:00","og_image":[{"width":1080,"height":1080,"url":"https:\/\/maisonroca.ad\/wp-content\/uploads\/2025\/04\/chanel-1.png","type":"image\/png"}],"twitter_card":"summary_large_image","twitter_misc":{"Prix":"","Disponibilit\u00e9":"En stock"},"schema":{"@context":"https:\/\/schema.org","@graph":[{"@type":"WebPage","@id":"https:\/\/maisonroca.ad\/fr\/boutique\/montre-chanel-j12-bleu-calibre-12-2-de-33-mm-avec-index-en-diamants\/","url":"https:\/\/maisonroca.ad\/fr\/boutique\/montre-chanel-j12-bleu-calibre-12-2-de-33-mm-avec-index-en-diamants\/","name":"MONTRE CHANEL J12 BLEU DE 33 MM AVEC DIAMANTS","isPartOf":{"@id":"https:\/\/maisonroca.ad\/fr\/#website"},"primaryImageOfPage":{"@id":"https:\/\/maisonroca.ad\/fr\/boutique\/montre-chanel-j12-bleu-calibre-12-2-de-33-mm-avec-index-en-diamants\/#primaryimage"},"image":{"@id":"https:\/\/maisonroca.ad\/fr\/boutique\/montre-chanel-j12-bleu-calibre-12-2-de-33-mm-avec-index-en-diamants\/#primaryimage"},"thumbnailUrl":"https:\/\/maisonroca.ad\/wp-content\/uploads\/2025\/04\/chanel-1.png","datePublished":"2025-04-25T09:36:30+00:00","dateModified":"2025-04-25T09:49:26+00:00","description":"D\u00e9couvrez la montre CHANEL J12 Bleu Calibre 12.2 de 33 mm, avec c\u00e9ramique bleue, index en diamants et mouvement automatique de manufacture.","breadcrumb":{"@id":"https:\/\/maisonroca.ad\/fr\/boutique\/montre-chanel-j12-bleu-calibre-12-2-de-33-mm-avec-index-en-diamants\/#breadcrumb"},"inLanguage":"fr-FR","potentialAction":[{"@type":"ReadAction","target":["https:\/\/maisonroca.ad\/fr\/boutique\/montre-chanel-j12-bleu-calibre-12-2-de-33-mm-avec-index-en-diamants\/"]}]},{"@type":"ImageObject","inLanguage":"fr-FR","@id":"https:\/\/maisonroca.ad\/fr\/boutique\/montre-chanel-j12-bleu-calibre-12-2-de-33-mm-avec-index-en-diamants\/#primaryimage","url":"https:\/\/maisonroca.ad\/wp-content\/uploads\/2025\/04\/chanel-1.png","contentUrl":"https:\/\/maisonroca.ad\/wp-content\/uploads\/2025\/04\/chanel-1.png","width":1080,"height":1080,"caption":"Rellotge CHANEL J12 Bleu Calibre 12.2 de 33mm amb cer\u00e0mica blava i \u00edndex de diamants"},{"@type":"BreadcrumbList","@id":"https:\/\/maisonroca.ad\/fr\/boutique\/montre-chanel-j12-bleu-calibre-12-2-de-33-mm-avec-index-en-diamants\/#breadcrumb","itemListElement":[{"@type":"ListItem","position":1,"name":"Portada","item":"https:\/\/maisonroca.ad\/fr\/"},{"@type":"ListItem","position":2,"name":"Botiga","item":"https:\/\/maisonroca.ad\/botiga\/"},{"@type":"ListItem","position":3,"name":"MONTRE CHANEL J12 BLEU CALIBRE 12.2 DE 33 MM AVEC INDEX EN DIAMANTS"}]},{"@type":"WebSite","@id":"https:\/\/maisonroca.ad\/fr\/#website","url":"https:\/\/maisonroca.ad\/fr\/","name":"Maison Roca","description":"Bold Luxury Life - joieria d&#039;autor - Andorra","publisher":{"@id":"https:\/\/maisonroca.ad\/fr\/#organization"},"potentialAction":[{"@type":"SearchAction","target":{"@type":"EntryPoint","urlTemplate":"https:\/\/maisonroca.ad\/fr\/?s={search_term_string}"},"query-input":{"@type":"PropertyValueSpecification","valueRequired":true,"valueName":"search_term_string"}}],"inLanguage":"fr-FR"},{"@type":"Organization","@id":"https:\/\/maisonroca.ad\/fr\/#organization","name":"Maison Roca","url":"https:\/\/maisonroca.ad\/fr\/","logo":{"@type":"ImageObject","inLanguage":"fr-FR","@id":"https:\/\/maisonroca.ad\/fr\/#\/schema\/logo\/image\/","url":"https:\/\/maisonroca.ad\/wp-content\/uploads\/2023\/10\/icono.png","contentUrl":"https:\/\/maisonroca.ad\/wp-content\/uploads\/2023\/10\/icono.png","width":512,"height":512,"caption":"Maison Roca"},"image":{"@id":"https:\/\/maisonroca.ad\/fr\/#\/schema\/logo\/image\/"},"sameAs":["https:\/\/www.facebook.com\/maisonroca","https:\/\/www.instagram.com\/maisonroca\/"]}]},"product_price_currency":"EUR","og_availability":"instock","product_availability":"instock","product_retailer_item_id":"H9657","product_condition":"new"},"_links":{"self":[{"href":"https:\/\/maisonroca.ad\/fr\/wp-json\/wp\/v2\/product\/72287","targetHints":{"allow":["GET"]}}],"collection":[{"href":"https:\/\/maisonroca.ad\/fr\/wp-json\/wp\/v2\/product"}],"about":[{"href":"https:\/\/maisonroca.ad\/fr\/wp-json\/wp\/v2\/types\/product"}],"replies":[{"embeddable":true,"href":"https:\/\/maisonroca.ad\/fr\/wp-json\/wp\/v2\/comments?post=72287"}],"version-history":[{"count":1,"href":"https:\/\/maisonroca.ad\/fr\/wp-json\/wp\/v2\/product\/72287\/revisions"}],"predecessor-version":[{"id":72288,"href":"https:\/\/maisonroca.ad\/fr\/wp-json\/wp\/v2\/product\/72287\/revisions\/72288"}],"wp:featuredmedia":[{"embeddable":true,"href":"https:\/\/maisonroca.ad\/fr\/wp-json\/wp\/v2\/media\/72273"}],"wp:attachment":[{"href":"https:\/\/maisonroca.ad\/fr\/wp-json\/wp\/v2\/media?parent=72287"}],"wp:term":[{"taxonomy":"product_brand","embeddable":true,"href":"https:\/\/maisonroca.ad\/fr\/wp-json\/wp\/v2\/product_brand?post=72287"},{"taxonomy":"product_cat","embeddable":true,"href":"https:\/\/maisonroca.ad\/fr\/wp-json\/wp\/v2\/product_cat?post=72287"},{"taxonomy":"product_tag","embeddable":true,"href":"https:\/\/maisonroca.ad\/fr\/wp-json\/wp\/v2\/product_tag?post=72287"}],"curies":[{"name":"wp","href":"https:\/\/api.w.org\/{rel}","templated":true}]}}