{"id":72963,"date":"2025-05-23T18:32:54","date_gmt":"2025-05-23T16:32:54","guid":{"rendered":"https:\/\/maisonroca.ad\/?post_type=product&#038;p=72963"},"modified":"2025-09-08T11:13:53","modified_gmt":"2025-09-08T09:13:53","slug":"bracelet-or-jaune-emeraudes-naturelles","status":"publish","type":"product","link":"https:\/\/maisonroca.ad\/fr\/boutique\/bracelet-or-jaune-emeraudes-naturelles\/","title":{"rendered":"BRACELET MAISON ROCA EN OR JAUNE ET \u00c9MERAUDE"},"content":{"rendered":"<p data-start=\"267\" data-end=\"580\">Le bracelet Maison Roca en or jaune avec \u00e9meraudes \u00e0 Andorre est une pi\u00e8ce qui associe la chaleur de l\u2019or jaune \u00e0 l\u2019intensit\u00e9 vibrante de ses pierres pr\u00e9cieuses. R\u00e9alis\u00e9 en or jaune 18 carats, il est serti d\u2019\u00e9meraudes naturelles s\u00e9lectionn\u00e9es pour leur teinte verte intense et homog\u00e8ne.<\/p>\n<p data-start=\"582\" data-end=\"872\">La disposition minutieuse des pierres et le travail du m\u00e9tal pr\u00e9cieux offrent une finition raffin\u00e9e et lumineuse, pleine de personnalit\u00e9. Il fait partie d\u2019une s\u00e9lection exclusive de haute joaillerie Maison Roca, con\u00e7ue pour les femmes recherchant \u00e9l\u00e9gance et caract\u00e8re en une seule pi\u00e8ce.<\/p>\n<p data-start=\"874\" data-end=\"979\"><strong data-start=\"874\" data-end=\"896\">D\u00e9tails\u00a0<\/strong><\/p>\n<ul>\n<li data-start=\"874\" data-end=\"979\">Mat\u00e9riau : Or jaune 18k<\/li>\n<li data-start=\"874\" data-end=\"979\">\u00c9meraudes naturelles : 54 unit\u00e9s \u2013 4,86 ct total<\/li>\n<\/ul>\n<p data-start=\"3918\" data-end=\"4047\"><strong>PRIX SUR DEMANDE<\/strong><\/p>\n","protected":false},"excerpt":{"rendered":"<p><span style=\"font-weight: 400;\">Bracelet Maison Roca en or jaune avec \u00e9meraudes \u00e0 Andorre, pi\u00e8ce exclusive avec pierres naturelles et finition raffin\u00e9e. Joaillerie haut de gamme alliant personnalit\u00e9 et \u00e9l\u00e9gance.<\/span><\/p>\n","protected":false},"featured_media":72782,"comment_status":"open","ping_status":"closed","template":"","meta":{"_acf_changed":false,"_monsterinsights_skip_tracking":false,"_monsterinsights_sitenote_active":false,"_monsterinsights_sitenote_note":"","_monsterinsights_sitenote_category":0},"product_brand":[],"product_cat":[1244,1270],"product_tag":[2658,2732],"class_list":{"0":"post-72963","1":"product","2":"type-product","3":"status-publish","4":"has-post-thumbnail","6":"product_cat-bijou","7":"product_cat-maison-roca-fr","8":"product_tag-maison-roca-fr","9":"product_tag-or-groc-fr","11":"first","12":"instock","13":"shipping-taxable","14":"product-type-simple"},"acf":[],"yoast_head":"<!-- This site is optimized with the Yoast SEO Premium plugin v26.8 (Yoast SEO v27.3) - https:\/\/yoast.com\/product\/yoast-seo-premium-wordpress\/ -->\n<title>Bracelet en or jaune avec \u00e9meraudes naturelles | Maison Roca<\/title>\n<meta name=\"description\" content=\"Bracelet Maison Roca en or jaune avec \u00e9meraudes, joaillerie haut de gamme avec finition raffin\u00e9e et pierres naturelles. D\u00e9couvrez-le chez Maison Roca.\" \/>\n<meta name=\"robots\" content=\"index, follow, max-snippet:-1, max-image-preview:large, max-video-preview:-1\" \/>\n<link rel=\"canonical\" href=\"https:\/\/maisonroca.ad\/fr\/boutique\/bracelet-or-jaune-emeraudes-naturelles\/\" \/>\n<meta property=\"og:locale\" content=\"fr_FR\" \/>\n<meta property=\"og:type\" content=\"article\" \/>\n<meta property=\"og:title\" content=\"BRACELET MAISON ROCA EN OR JAUNE ET \u00c9MERAUDE\" \/>\n<meta property=\"og:description\" content=\"Bracelet Maison Roca en or jaune avec \u00e9meraudes, joaillerie haut de gamme avec finition raffin\u00e9e et pierres naturelles. D\u00e9couvrez-le chez Maison Roca.\" \/>\n<meta property=\"og:url\" content=\"https:\/\/maisonroca.ad\/fr\/boutique\/bracelet-or-jaune-emeraudes-naturelles\/\" \/>\n<meta property=\"og:site_name\" content=\"Maison Roca\" \/>\n<meta property=\"article:publisher\" content=\"https:\/\/www.facebook.com\/maisonroca\" \/>\n<meta property=\"article:modified_time\" content=\"2025-09-08T09:13:53+00:00\" \/>\n<meta property=\"og:image\" content=\"https:\/\/maisonroca.ad\/wp-content\/uploads\/2025\/05\/B3984FMGYN17O.jpg\" \/>\n\t<meta property=\"og:image:width\" content=\"760\" \/>\n\t<meta property=\"og:image:height\" content=\"760\" \/>\n\t<meta property=\"og:image:type\" content=\"image\/jpeg\" \/>\n<meta name=\"twitter:card\" content=\"summary_large_image\" \/>\n<meta name=\"twitter:label1\" content=\"Prix\" \/>\n\t<meta name=\"twitter:data1\" content=\"\" \/>\n\t<meta name=\"twitter:label2\" content=\"Disponibilit\u00e9\" \/>\n\t<meta name=\"twitter:data2\" content=\"En stock\" \/>\n<script type=\"application\/ld+json\" class=\"yoast-schema-graph\">{\"@context\":\"https:\\\/\\\/schema.org\",\"@graph\":[{\"@type\":\"WebPage\",\"@id\":\"https:\\\/\\\/maisonroca.ad\\\/fr\\\/boutique\\\/bracelet-or-jaune-emeraudes-naturelles\\\/\",\"url\":\"https:\\\/\\\/maisonroca.ad\\\/fr\\\/boutique\\\/bracelet-or-jaune-emeraudes-naturelles\\\/\",\"name\":\"Bracelet en or jaune avec \u00e9meraudes naturelles | Maison Roca\",\"isPartOf\":{\"@id\":\"https:\\\/\\\/maisonroca.ad\\\/fr\\\/#website\"},\"primaryImageOfPage\":{\"@id\":\"https:\\\/\\\/maisonroca.ad\\\/fr\\\/boutique\\\/bracelet-or-jaune-emeraudes-naturelles\\\/#primaryimage\"},\"image\":{\"@id\":\"https:\\\/\\\/maisonroca.ad\\\/fr\\\/boutique\\\/bracelet-or-jaune-emeraudes-naturelles\\\/#primaryimage\"},\"thumbnailUrl\":\"https:\\\/\\\/maisonroca.ad\\\/wp-content\\\/uploads\\\/2025\\\/05\\\/B3984FMGYN17O.jpg\",\"datePublished\":\"2025-05-23T16:32:54+00:00\",\"dateModified\":\"2025-09-08T09:13:53+00:00\",\"description\":\"Bracelet Maison Roca en or jaune avec \u00e9meraudes, joaillerie haut de gamme avec finition raffin\u00e9e et pierres naturelles. D\u00e9couvrez-le chez Maison Roca.\",\"breadcrumb\":{\"@id\":\"https:\\\/\\\/maisonroca.ad\\\/fr\\\/boutique\\\/bracelet-or-jaune-emeraudes-naturelles\\\/#breadcrumb\"},\"inLanguage\":\"fr-FR\",\"potentialAction\":[{\"@type\":\"ReadAction\",\"target\":[\"https:\\\/\\\/maisonroca.ad\\\/fr\\\/boutique\\\/bracelet-or-jaune-emeraudes-naturelles\\\/\"]}]},{\"@type\":\"ImageObject\",\"inLanguage\":\"fr-FR\",\"@id\":\"https:\\\/\\\/maisonroca.ad\\\/fr\\\/boutique\\\/bracelet-or-jaune-emeraudes-naturelles\\\/#primaryimage\",\"url\":\"https:\\\/\\\/maisonroca.ad\\\/wp-content\\\/uploads\\\/2025\\\/05\\\/B3984FMGYN17O.jpg\",\"contentUrl\":\"https:\\\/\\\/maisonroca.ad\\\/wp-content\\\/uploads\\\/2025\\\/05\\\/B3984FMGYN17O.jpg\",\"width\":760,\"height\":760,\"caption\":\"Bra\u00e7alet d\u2019or groc amb maragdes naturals de Maison Roca\"},{\"@type\":\"BreadcrumbList\",\"@id\":\"https:\\\/\\\/maisonroca.ad\\\/fr\\\/boutique\\\/bracelet-or-jaune-emeraudes-naturelles\\\/#breadcrumb\",\"itemListElement\":[{\"@type\":\"ListItem\",\"position\":1,\"name\":\"Portada\",\"item\":\"https:\\\/\\\/maisonroca.ad\\\/fr\\\/\"},{\"@type\":\"ListItem\",\"position\":2,\"name\":\"Botiga\",\"item\":\"https:\\\/\\\/maisonroca.ad\\\/botiga\\\/\"},{\"@type\":\"ListItem\",\"position\":3,\"name\":\"BRACELET MAISON ROCA EN OR JAUNE ET \u00c9MERAUDE\"}]},{\"@type\":\"WebSite\",\"@id\":\"https:\\\/\\\/maisonroca.ad\\\/fr\\\/#website\",\"url\":\"https:\\\/\\\/maisonroca.ad\\\/fr\\\/\",\"name\":\"Maison Roca\",\"description\":\"Bold Luxury Life - joieria d&#039;autor - Andorra\",\"publisher\":{\"@id\":\"https:\\\/\\\/maisonroca.ad\\\/fr\\\/#organization\"},\"potentialAction\":[{\"@type\":\"SearchAction\",\"target\":{\"@type\":\"EntryPoint\",\"urlTemplate\":\"https:\\\/\\\/maisonroca.ad\\\/fr\\\/?s={search_term_string}\"},\"query-input\":{\"@type\":\"PropertyValueSpecification\",\"valueRequired\":true,\"valueName\":\"search_term_string\"}}],\"inLanguage\":\"fr-FR\"},{\"@type\":\"Organization\",\"@id\":\"https:\\\/\\\/maisonroca.ad\\\/fr\\\/#organization\",\"name\":\"Maison Roca\",\"url\":\"https:\\\/\\\/maisonroca.ad\\\/fr\\\/\",\"logo\":{\"@type\":\"ImageObject\",\"inLanguage\":\"fr-FR\",\"@id\":\"https:\\\/\\\/maisonroca.ad\\\/fr\\\/#\\\/schema\\\/logo\\\/image\\\/\",\"url\":\"https:\\\/\\\/maisonroca.ad\\\/wp-content\\\/uploads\\\/2023\\\/10\\\/icono.png\",\"contentUrl\":\"https:\\\/\\\/maisonroca.ad\\\/wp-content\\\/uploads\\\/2023\\\/10\\\/icono.png\",\"width\":512,\"height\":512,\"caption\":\"Maison Roca\"},\"image\":{\"@id\":\"https:\\\/\\\/maisonroca.ad\\\/fr\\\/#\\\/schema\\\/logo\\\/image\\\/\"},\"sameAs\":[\"https:\\\/\\\/www.facebook.com\\\/maisonroca\",\"https:\\\/\\\/www.instagram.com\\\/maisonroca\\\/\"]}]}<\/script>\n<meta property=\"product:price:currency\" content=\"EUR\" \/>\n<meta property=\"og:availability\" content=\"instock\" \/>\n<meta property=\"product:availability\" content=\"instock\" \/>\n<meta property=\"product:retailer_item_id\" content=\"B3984FMGYN170\" \/>\n<meta property=\"product:condition\" content=\"new\" \/>\n<!-- \/ Yoast SEO Premium plugin. -->","yoast_head_json":{"title":"Bracelet en or jaune avec \u00e9meraudes naturelles | Maison Roca","description":"Bracelet Maison Roca en or jaune avec \u00e9meraudes, joaillerie haut de gamme avec finition raffin\u00e9e et pierres naturelles. D\u00e9couvrez-le chez Maison Roca.","robots":{"index":"index","follow":"follow","max-snippet":"max-snippet:-1","max-image-preview":"max-image-preview:large","max-video-preview":"max-video-preview:-1"},"canonical":"https:\/\/maisonroca.ad\/fr\/boutique\/bracelet-or-jaune-emeraudes-naturelles\/","og_locale":"fr_FR","og_type":"article","og_title":"BRACELET MAISON ROCA EN OR JAUNE ET \u00c9MERAUDE","og_description":"Bracelet Maison Roca en or jaune avec \u00e9meraudes, joaillerie haut de gamme avec finition raffin\u00e9e et pierres naturelles. D\u00e9couvrez-le chez Maison Roca.","og_url":"https:\/\/maisonroca.ad\/fr\/boutique\/bracelet-or-jaune-emeraudes-naturelles\/","og_site_name":"Maison Roca","article_publisher":"https:\/\/www.facebook.com\/maisonroca","article_modified_time":"2025-09-08T09:13:53+00:00","og_image":[{"width":760,"height":760,"url":"https:\/\/maisonroca.ad\/wp-content\/uploads\/2025\/05\/B3984FMGYN17O.jpg","type":"image\/jpeg"}],"twitter_card":"summary_large_image","twitter_misc":{"Prix":"","Disponibilit\u00e9":"En stock"},"schema":{"@context":"https:\/\/schema.org","@graph":[{"@type":"WebPage","@id":"https:\/\/maisonroca.ad\/fr\/boutique\/bracelet-or-jaune-emeraudes-naturelles\/","url":"https:\/\/maisonroca.ad\/fr\/boutique\/bracelet-or-jaune-emeraudes-naturelles\/","name":"Bracelet en or jaune avec \u00e9meraudes naturelles | Maison Roca","isPartOf":{"@id":"https:\/\/maisonroca.ad\/fr\/#website"},"primaryImageOfPage":{"@id":"https:\/\/maisonroca.ad\/fr\/boutique\/bracelet-or-jaune-emeraudes-naturelles\/#primaryimage"},"image":{"@id":"https:\/\/maisonroca.ad\/fr\/boutique\/bracelet-or-jaune-emeraudes-naturelles\/#primaryimage"},"thumbnailUrl":"https:\/\/maisonroca.ad\/wp-content\/uploads\/2025\/05\/B3984FMGYN17O.jpg","datePublished":"2025-05-23T16:32:54+00:00","dateModified":"2025-09-08T09:13:53+00:00","description":"Bracelet Maison Roca en or jaune avec \u00e9meraudes, joaillerie haut de gamme avec finition raffin\u00e9e et pierres naturelles. D\u00e9couvrez-le chez Maison Roca.","breadcrumb":{"@id":"https:\/\/maisonroca.ad\/fr\/boutique\/bracelet-or-jaune-emeraudes-naturelles\/#breadcrumb"},"inLanguage":"fr-FR","potentialAction":[{"@type":"ReadAction","target":["https:\/\/maisonroca.ad\/fr\/boutique\/bracelet-or-jaune-emeraudes-naturelles\/"]}]},{"@type":"ImageObject","inLanguage":"fr-FR","@id":"https:\/\/maisonroca.ad\/fr\/boutique\/bracelet-or-jaune-emeraudes-naturelles\/#primaryimage","url":"https:\/\/maisonroca.ad\/wp-content\/uploads\/2025\/05\/B3984FMGYN17O.jpg","contentUrl":"https:\/\/maisonroca.ad\/wp-content\/uploads\/2025\/05\/B3984FMGYN17O.jpg","width":760,"height":760,"caption":"Bra\u00e7alet d\u2019or groc amb maragdes naturals de Maison Roca"},{"@type":"BreadcrumbList","@id":"https:\/\/maisonroca.ad\/fr\/boutique\/bracelet-or-jaune-emeraudes-naturelles\/#breadcrumb","itemListElement":[{"@type":"ListItem","position":1,"name":"Portada","item":"https:\/\/maisonroca.ad\/fr\/"},{"@type":"ListItem","position":2,"name":"Botiga","item":"https:\/\/maisonroca.ad\/botiga\/"},{"@type":"ListItem","position":3,"name":"BRACELET MAISON ROCA EN OR JAUNE ET \u00c9MERAUDE"}]},{"@type":"WebSite","@id":"https:\/\/maisonroca.ad\/fr\/#website","url":"https:\/\/maisonroca.ad\/fr\/","name":"Maison Roca","description":"Bold Luxury Life - joieria d&#039;autor - Andorra","publisher":{"@id":"https:\/\/maisonroca.ad\/fr\/#organization"},"potentialAction":[{"@type":"SearchAction","target":{"@type":"EntryPoint","urlTemplate":"https:\/\/maisonroca.ad\/fr\/?s={search_term_string}"},"query-input":{"@type":"PropertyValueSpecification","valueRequired":true,"valueName":"search_term_string"}}],"inLanguage":"fr-FR"},{"@type":"Organization","@id":"https:\/\/maisonroca.ad\/fr\/#organization","name":"Maison Roca","url":"https:\/\/maisonroca.ad\/fr\/","logo":{"@type":"ImageObject","inLanguage":"fr-FR","@id":"https:\/\/maisonroca.ad\/fr\/#\/schema\/logo\/image\/","url":"https:\/\/maisonroca.ad\/wp-content\/uploads\/2023\/10\/icono.png","contentUrl":"https:\/\/maisonroca.ad\/wp-content\/uploads\/2023\/10\/icono.png","width":512,"height":512,"caption":"Maison Roca"},"image":{"@id":"https:\/\/maisonroca.ad\/fr\/#\/schema\/logo\/image\/"},"sameAs":["https:\/\/www.facebook.com\/maisonroca","https:\/\/www.instagram.com\/maisonroca\/"]}]},"product_price_currency":"EUR","og_availability":"instock","product_availability":"instock","product_retailer_item_id":"B3984FMGYN170","product_condition":"new"},"_links":{"self":[{"href":"https:\/\/maisonroca.ad\/fr\/wp-json\/wp\/v2\/product\/72963","targetHints":{"allow":["GET"]}}],"collection":[{"href":"https:\/\/maisonroca.ad\/fr\/wp-json\/wp\/v2\/product"}],"about":[{"href":"https:\/\/maisonroca.ad\/fr\/wp-json\/wp\/v2\/types\/product"}],"replies":[{"embeddable":true,"href":"https:\/\/maisonroca.ad\/fr\/wp-json\/wp\/v2\/comments?post=72963"}],"version-history":[{"count":7,"href":"https:\/\/maisonroca.ad\/fr\/wp-json\/wp\/v2\/product\/72963\/revisions"}],"predecessor-version":[{"id":77995,"href":"https:\/\/maisonroca.ad\/fr\/wp-json\/wp\/v2\/product\/72963\/revisions\/77995"}],"wp:featuredmedia":[{"embeddable":true,"href":"https:\/\/maisonroca.ad\/fr\/wp-json\/wp\/v2\/media\/72782"}],"wp:attachment":[{"href":"https:\/\/maisonroca.ad\/fr\/wp-json\/wp\/v2\/media?parent=72963"}],"wp:term":[{"taxonomy":"product_brand","embeddable":true,"href":"https:\/\/maisonroca.ad\/fr\/wp-json\/wp\/v2\/product_brand?post=72963"},{"taxonomy":"product_cat","embeddable":true,"href":"https:\/\/maisonroca.ad\/fr\/wp-json\/wp\/v2\/product_cat?post=72963"},{"taxonomy":"product_tag","embeddable":true,"href":"https:\/\/maisonroca.ad\/fr\/wp-json\/wp\/v2\/product_tag?post=72963"}],"curies":[{"name":"wp","href":"https:\/\/api.w.org\/{rel}","templated":true}]}}