{"id":72965,"date":"2025-05-21T13:13:20","date_gmt":"2025-05-21T11:13:20","guid":{"rendered":"https:\/\/maisonroca.ad\/?post_type=product&#038;p=72965"},"modified":"2025-05-26T09:37:16","modified_gmt":"2025-05-26T07:37:16","slug":"bague-maison-roca-en-or-blanc-diamants-naturels-et-aigue-marine","status":"publish","type":"product","link":"https:\/\/maisonroca.ad\/fr\/boutique\/bague-maison-roca-en-or-blanc-diamants-naturels-et-aigue-marine\/","title":{"rendered":"BAGUE MAISON ROCA EN OR BLANC, DIAMANTS NATURELS ET AIGUE-MARINE"},"content":{"rendered":"<p>Bague MAISON ROCA en or blanc, diamants naturels et aigue-marine.<\/p>\n<p>Cette bague MAISON ROCA est r\u00e9alis\u00e9e en or blanc 18 carats et orn\u00e9e de diamants naturels qui apportent une brillance subtile et raffin\u00e9e. En son centre, une aigue-marine taill\u00e9e avec soin ajoute une touche de bleu ciel.<\/p>\n<p>D\u00e9tails:<br \/>\n\u2022 Or blanc 18K<br \/>\n\u2022 48 diamants naturels 0,14 ct ghsi<br \/>\n\u2022 Aigue-marine 1,60 ct<\/p>\n","protected":false},"excerpt":{"rendered":"<p>Bague MAISON ROCA en or blanc, diamants naturels et aigue-marine.<\/p>\n<p>Bague MAISON ROCA en or blanc, diamants naturels et aigue-marine.<br \/>\nCette bague MAISON ROCA est r\u00e9alis\u00e9e en or blanc 18 carats et orn\u00e9e de diamants naturels qui apportent une brillance subtile et raffin\u00e9e. En son centre, une aigue-marine taill\u00e9e avec soin ajoute une touche de bleu ciel.<\/p>\n","protected":false},"featured_media":72675,"comment_status":"open","ping_status":"closed","template":"","meta":{"_acf_changed":false,"_monsterinsights_skip_tracking":false,"_monsterinsights_sitenote_active":false,"_monsterinsights_sitenote_note":"","_monsterinsights_sitenote_category":0},"product_brand":[],"product_cat":[],"product_tag":[],"class_list":{"0":"post-72965","1":"product","2":"type-product","3":"status-publish","4":"has-post-thumbnail","7":"first","8":"instock","9":"shipping-taxable","10":"purchasable","11":"product-type-simple"},"acf":[],"yoast_head":"<!-- This site is optimized with the Yoast SEO Premium plugin v26.8 (Yoast SEO v27.3) - https:\/\/yoast.com\/product\/yoast-seo-premium-wordpress\/ -->\n<title>BAGUE MAISON ROCA EN OR BLANC, DIAMANTS NATURELS ET AIGUE-MARINE - Maison Roca<\/title>\n<meta name=\"robots\" content=\"index, follow, max-snippet:-1, max-image-preview:large, max-video-preview:-1\" \/>\n<link rel=\"canonical\" href=\"https:\/\/maisonroca.ad\/fr\/boutique\/bague-maison-roca-en-or-blanc-diamants-naturels-et-aigue-marine\/\" \/>\n<meta property=\"og:locale\" content=\"fr_FR\" \/>\n<meta property=\"og:type\" content=\"article\" \/>\n<meta property=\"og:title\" content=\"BAGUE MAISON ROCA EN OR BLANC, DIAMANTS NATURELS ET AIGUE-MARINE\" \/>\n<meta property=\"og:description\" content=\"Bague MAISON ROCA en or blanc, diamants naturels et aigue-marine.  Bague MAISON ROCA en or blanc, diamants naturels et aigue-marine. Cette bague MAISON ROCA est r\u00e9alis\u00e9e en or blanc 18 carats et orn\u00e9e de diamants naturels qui apportent une brillance subtile et raffin\u00e9e. En son centre, une aigue-marine taill\u00e9e avec soin ajoute une touche de bleu ciel.\" \/>\n<meta property=\"og:url\" content=\"https:\/\/maisonroca.ad\/fr\/boutique\/bague-maison-roca-en-or-blanc-diamants-naturels-et-aigue-marine\/\" \/>\n<meta property=\"og:site_name\" content=\"Maison Roca\" \/>\n<meta property=\"article:publisher\" content=\"https:\/\/www.facebook.com\/maisonroca\" \/>\n<meta property=\"article:modified_time\" content=\"2025-05-26T07:37:16+00:00\" \/>\n<meta property=\"og:image\" content=\"https:\/\/maisonroca.ad\/wp-content\/uploads\/2025\/05\/RH123FMNWA814.jpg\" \/>\n\t<meta property=\"og:image:width\" content=\"1080\" \/>\n\t<meta property=\"og:image:height\" content=\"1080\" \/>\n\t<meta property=\"og:image:type\" content=\"image\/jpeg\" \/>\n<meta name=\"twitter:card\" content=\"summary_large_image\" \/>\n<meta name=\"twitter:label1\" content=\"Prix\" \/>\n\t<meta name=\"twitter:data1\" content=\"1.515,00&nbsp;&euro;\" \/>\n\t<meta name=\"twitter:label2\" content=\"Disponibilit\u00e9\" \/>\n\t<meta name=\"twitter:data2\" content=\"En stock\" \/>\n<script type=\"application\/ld+json\" class=\"yoast-schema-graph\">{\"@context\":\"https:\\\/\\\/schema.org\",\"@graph\":[{\"@type\":\"WebPage\",\"@id\":\"https:\\\/\\\/maisonroca.ad\\\/fr\\\/boutique\\\/bague-maison-roca-en-or-blanc-diamants-naturels-et-aigue-marine\\\/\",\"url\":\"https:\\\/\\\/maisonroca.ad\\\/fr\\\/boutique\\\/bague-maison-roca-en-or-blanc-diamants-naturels-et-aigue-marine\\\/\",\"name\":\"BAGUE MAISON ROCA EN OR BLANC, DIAMANTS NATURELS ET AIGUE-MARINE - Maison Roca\",\"isPartOf\":{\"@id\":\"https:\\\/\\\/maisonroca.ad\\\/fr\\\/#website\"},\"primaryImageOfPage\":{\"@id\":\"https:\\\/\\\/maisonroca.ad\\\/fr\\\/boutique\\\/bague-maison-roca-en-or-blanc-diamants-naturels-et-aigue-marine\\\/#primaryimage\"},\"image\":{\"@id\":\"https:\\\/\\\/maisonroca.ad\\\/fr\\\/boutique\\\/bague-maison-roca-en-or-blanc-diamants-naturels-et-aigue-marine\\\/#primaryimage\"},\"thumbnailUrl\":\"https:\\\/\\\/maisonroca.ad\\\/wp-content\\\/uploads\\\/2025\\\/05\\\/RH123FMNWA814.jpg\",\"datePublished\":\"2025-05-21T11:13:20+00:00\",\"dateModified\":\"2025-05-26T07:37:16+00:00\",\"breadcrumb\":{\"@id\":\"https:\\\/\\\/maisonroca.ad\\\/fr\\\/boutique\\\/bague-maison-roca-en-or-blanc-diamants-naturels-et-aigue-marine\\\/#breadcrumb\"},\"inLanguage\":\"fr-FR\",\"potentialAction\":[{\"@type\":\"ReadAction\",\"target\":[\"https:\\\/\\\/maisonroca.ad\\\/fr\\\/boutique\\\/bague-maison-roca-en-or-blanc-diamants-naturels-et-aigue-marine\\\/\"]}]},{\"@type\":\"ImageObject\",\"inLanguage\":\"fr-FR\",\"@id\":\"https:\\\/\\\/maisonroca.ad\\\/fr\\\/boutique\\\/bague-maison-roca-en-or-blanc-diamants-naturels-et-aigue-marine\\\/#primaryimage\",\"url\":\"https:\\\/\\\/maisonroca.ad\\\/wp-content\\\/uploads\\\/2025\\\/05\\\/RH123FMNWA814.jpg\",\"contentUrl\":\"https:\\\/\\\/maisonroca.ad\\\/wp-content\\\/uploads\\\/2025\\\/05\\\/RH123FMNWA814.jpg\",\"width\":1080,\"height\":1080},{\"@type\":\"BreadcrumbList\",\"@id\":\"https:\\\/\\\/maisonroca.ad\\\/fr\\\/boutique\\\/bague-maison-roca-en-or-blanc-diamants-naturels-et-aigue-marine\\\/#breadcrumb\",\"itemListElement\":[{\"@type\":\"ListItem\",\"position\":1,\"name\":\"Portada\",\"item\":\"https:\\\/\\\/maisonroca.ad\\\/fr\\\/\"},{\"@type\":\"ListItem\",\"position\":2,\"name\":\"Botiga\",\"item\":\"https:\\\/\\\/maisonroca.ad\\\/botiga\\\/\"},{\"@type\":\"ListItem\",\"position\":3,\"name\":\"BAGUE MAISON ROCA EN OR BLANC, DIAMANTS NATURELS ET AIGUE-MARINE\"}]},{\"@type\":\"WebSite\",\"@id\":\"https:\\\/\\\/maisonroca.ad\\\/fr\\\/#website\",\"url\":\"https:\\\/\\\/maisonroca.ad\\\/fr\\\/\",\"name\":\"Maison Roca\",\"description\":\"Bold Luxury Life - joieria d&#039;autor - Andorra\",\"publisher\":{\"@id\":\"https:\\\/\\\/maisonroca.ad\\\/fr\\\/#organization\"},\"potentialAction\":[{\"@type\":\"SearchAction\",\"target\":{\"@type\":\"EntryPoint\",\"urlTemplate\":\"https:\\\/\\\/maisonroca.ad\\\/fr\\\/?s={search_term_string}\"},\"query-input\":{\"@type\":\"PropertyValueSpecification\",\"valueRequired\":true,\"valueName\":\"search_term_string\"}}],\"inLanguage\":\"fr-FR\"},{\"@type\":\"Organization\",\"@id\":\"https:\\\/\\\/maisonroca.ad\\\/fr\\\/#organization\",\"name\":\"Maison Roca\",\"url\":\"https:\\\/\\\/maisonroca.ad\\\/fr\\\/\",\"logo\":{\"@type\":\"ImageObject\",\"inLanguage\":\"fr-FR\",\"@id\":\"https:\\\/\\\/maisonroca.ad\\\/fr\\\/#\\\/schema\\\/logo\\\/image\\\/\",\"url\":\"https:\\\/\\\/maisonroca.ad\\\/wp-content\\\/uploads\\\/2023\\\/10\\\/icono.png\",\"contentUrl\":\"https:\\\/\\\/maisonroca.ad\\\/wp-content\\\/uploads\\\/2023\\\/10\\\/icono.png\",\"width\":512,\"height\":512,\"caption\":\"Maison Roca\"},\"image\":{\"@id\":\"https:\\\/\\\/maisonroca.ad\\\/fr\\\/#\\\/schema\\\/logo\\\/image\\\/\"},\"sameAs\":[\"https:\\\/\\\/www.facebook.com\\\/maisonroca\",\"https:\\\/\\\/www.instagram.com\\\/maisonroca\\\/\"]}]}<\/script>\n<meta property=\"product:price:amount\" content=\"1515.00\" \/>\n<meta property=\"product:price:currency\" content=\"EUR\" \/>\n<meta property=\"og:availability\" content=\"instock\" \/>\n<meta property=\"product:availability\" content=\"instock\" \/>\n<meta property=\"product:condition\" content=\"new\" \/>\n<!-- \/ Yoast SEO Premium plugin. -->","yoast_head_json":{"title":"BAGUE MAISON ROCA EN OR BLANC, DIAMANTS NATURELS ET AIGUE-MARINE - Maison Roca","robots":{"index":"index","follow":"follow","max-snippet":"max-snippet:-1","max-image-preview":"max-image-preview:large","max-video-preview":"max-video-preview:-1"},"canonical":"https:\/\/maisonroca.ad\/fr\/boutique\/bague-maison-roca-en-or-blanc-diamants-naturels-et-aigue-marine\/","og_locale":"fr_FR","og_type":"article","og_title":"BAGUE MAISON ROCA EN OR BLANC, DIAMANTS NATURELS ET AIGUE-MARINE","og_description":"Bague MAISON ROCA en or blanc, diamants naturels et aigue-marine.  Bague MAISON ROCA en or blanc, diamants naturels et aigue-marine. Cette bague MAISON ROCA est r\u00e9alis\u00e9e en or blanc 18 carats et orn\u00e9e de diamants naturels qui apportent une brillance subtile et raffin\u00e9e. En son centre, une aigue-marine taill\u00e9e avec soin ajoute une touche de bleu ciel.","og_url":"https:\/\/maisonroca.ad\/fr\/boutique\/bague-maison-roca-en-or-blanc-diamants-naturels-et-aigue-marine\/","og_site_name":"Maison Roca","article_publisher":"https:\/\/www.facebook.com\/maisonroca","article_modified_time":"2025-05-26T07:37:16+00:00","og_image":[{"width":1080,"height":1080,"url":"https:\/\/maisonroca.ad\/wp-content\/uploads\/2025\/05\/RH123FMNWA814.jpg","type":"image\/jpeg"}],"twitter_card":"summary_large_image","twitter_misc":{"Prix":"1.515,00&nbsp;&euro;","Disponibilit\u00e9":"En stock"},"schema":{"@context":"https:\/\/schema.org","@graph":[{"@type":"WebPage","@id":"https:\/\/maisonroca.ad\/fr\/boutique\/bague-maison-roca-en-or-blanc-diamants-naturels-et-aigue-marine\/","url":"https:\/\/maisonroca.ad\/fr\/boutique\/bague-maison-roca-en-or-blanc-diamants-naturels-et-aigue-marine\/","name":"BAGUE MAISON ROCA EN OR BLANC, DIAMANTS NATURELS ET AIGUE-MARINE - Maison Roca","isPartOf":{"@id":"https:\/\/maisonroca.ad\/fr\/#website"},"primaryImageOfPage":{"@id":"https:\/\/maisonroca.ad\/fr\/boutique\/bague-maison-roca-en-or-blanc-diamants-naturels-et-aigue-marine\/#primaryimage"},"image":{"@id":"https:\/\/maisonroca.ad\/fr\/boutique\/bague-maison-roca-en-or-blanc-diamants-naturels-et-aigue-marine\/#primaryimage"},"thumbnailUrl":"https:\/\/maisonroca.ad\/wp-content\/uploads\/2025\/05\/RH123FMNWA814.jpg","datePublished":"2025-05-21T11:13:20+00:00","dateModified":"2025-05-26T07:37:16+00:00","breadcrumb":{"@id":"https:\/\/maisonroca.ad\/fr\/boutique\/bague-maison-roca-en-or-blanc-diamants-naturels-et-aigue-marine\/#breadcrumb"},"inLanguage":"fr-FR","potentialAction":[{"@type":"ReadAction","target":["https:\/\/maisonroca.ad\/fr\/boutique\/bague-maison-roca-en-or-blanc-diamants-naturels-et-aigue-marine\/"]}]},{"@type":"ImageObject","inLanguage":"fr-FR","@id":"https:\/\/maisonroca.ad\/fr\/boutique\/bague-maison-roca-en-or-blanc-diamants-naturels-et-aigue-marine\/#primaryimage","url":"https:\/\/maisonroca.ad\/wp-content\/uploads\/2025\/05\/RH123FMNWA814.jpg","contentUrl":"https:\/\/maisonroca.ad\/wp-content\/uploads\/2025\/05\/RH123FMNWA814.jpg","width":1080,"height":1080},{"@type":"BreadcrumbList","@id":"https:\/\/maisonroca.ad\/fr\/boutique\/bague-maison-roca-en-or-blanc-diamants-naturels-et-aigue-marine\/#breadcrumb","itemListElement":[{"@type":"ListItem","position":1,"name":"Portada","item":"https:\/\/maisonroca.ad\/fr\/"},{"@type":"ListItem","position":2,"name":"Botiga","item":"https:\/\/maisonroca.ad\/botiga\/"},{"@type":"ListItem","position":3,"name":"BAGUE MAISON ROCA EN OR BLANC, DIAMANTS NATURELS ET AIGUE-MARINE"}]},{"@type":"WebSite","@id":"https:\/\/maisonroca.ad\/fr\/#website","url":"https:\/\/maisonroca.ad\/fr\/","name":"Maison Roca","description":"Bold Luxury Life - joieria d&#039;autor - Andorra","publisher":{"@id":"https:\/\/maisonroca.ad\/fr\/#organization"},"potentialAction":[{"@type":"SearchAction","target":{"@type":"EntryPoint","urlTemplate":"https:\/\/maisonroca.ad\/fr\/?s={search_term_string}"},"query-input":{"@type":"PropertyValueSpecification","valueRequired":true,"valueName":"search_term_string"}}],"inLanguage":"fr-FR"},{"@type":"Organization","@id":"https:\/\/maisonroca.ad\/fr\/#organization","name":"Maison Roca","url":"https:\/\/maisonroca.ad\/fr\/","logo":{"@type":"ImageObject","inLanguage":"fr-FR","@id":"https:\/\/maisonroca.ad\/fr\/#\/schema\/logo\/image\/","url":"https:\/\/maisonroca.ad\/wp-content\/uploads\/2023\/10\/icono.png","contentUrl":"https:\/\/maisonroca.ad\/wp-content\/uploads\/2023\/10\/icono.png","width":512,"height":512,"caption":"Maison Roca"},"image":{"@id":"https:\/\/maisonroca.ad\/fr\/#\/schema\/logo\/image\/"},"sameAs":["https:\/\/www.facebook.com\/maisonroca","https:\/\/www.instagram.com\/maisonroca\/"]}]},"product_price_amount":"1515.00","product_price_currency":"EUR","og_availability":"instock","product_availability":"instock","product_condition":"new"},"_links":{"self":[{"href":"https:\/\/maisonroca.ad\/fr\/wp-json\/wp\/v2\/product\/72965","targetHints":{"allow":["GET"]}}],"collection":[{"href":"https:\/\/maisonroca.ad\/fr\/wp-json\/wp\/v2\/product"}],"about":[{"href":"https:\/\/maisonroca.ad\/fr\/wp-json\/wp\/v2\/types\/product"}],"replies":[{"embeddable":true,"href":"https:\/\/maisonroca.ad\/fr\/wp-json\/wp\/v2\/comments?post=72965"}],"version-history":[{"count":1,"href":"https:\/\/maisonroca.ad\/fr\/wp-json\/wp\/v2\/product\/72965\/revisions"}],"predecessor-version":[{"id":74831,"href":"https:\/\/maisonroca.ad\/fr\/wp-json\/wp\/v2\/product\/72965\/revisions\/74831"}],"wp:featuredmedia":[{"embeddable":true,"href":"https:\/\/maisonroca.ad\/fr\/wp-json\/wp\/v2\/media\/72675"}],"wp:attachment":[{"href":"https:\/\/maisonroca.ad\/fr\/wp-json\/wp\/v2\/media?parent=72965"}],"wp:term":[{"taxonomy":"product_brand","embeddable":true,"href":"https:\/\/maisonroca.ad\/fr\/wp-json\/wp\/v2\/product_brand?post=72965"},{"taxonomy":"product_cat","embeddable":true,"href":"https:\/\/maisonroca.ad\/fr\/wp-json\/wp\/v2\/product_cat?post=72965"},{"taxonomy":"product_tag","embeddable":true,"href":"https:\/\/maisonroca.ad\/fr\/wp-json\/wp\/v2\/product_tag?post=72965"}],"curies":[{"name":"wp","href":"https:\/\/api.w.org\/{rel}","templated":true}]}}