{"id":72967,"date":"2025-05-21T13:25:07","date_gmt":"2025-05-21T11:25:07","guid":{"rendered":"https:\/\/maisonroca.ad\/?post_type=product&#038;p=72967"},"modified":"2025-08-12T17:05:30","modified_gmt":"2025-08-12T15:05:30","slug":"bague-or-jaune-diamants-emeraude-zambie","status":"publish","type":"product","link":"https:\/\/maisonroca.ad\/fr\/boutique\/bague-or-jaune-diamants-emeraude-zambie\/","title":{"rendered":"BAGUE MAISON ROCA EN OR JAUNE, DIAMANTS NATURELS ET \u00c9MERAUDE ZAMBIA"},"content":{"rendered":"<p>La bague Maison Roca en or jaune avec \u00e9meraude de Zambie \u00e0 Andorre associe la chaleur de l\u2019or jaune \u00e0 la force et \u00e0 l\u2019intensit\u00e9 du vert de sa pierre centrale. R\u00e9alis\u00e9e en or jaune 18 carats, elle est sublim\u00e9e par des diamants naturels qui ajoutent une luminosit\u00e9 subtile et \u00e9l\u00e9gante.<\/p>\n<p data-start=\"560\" data-end=\"851\">En son centre, une \u00e9meraude de Zambie au vert intense et \u00e0 la taille raffin\u00e9e apporte profondeur et caract\u00e8re \u00e0 une pi\u00e8ce dot\u00e9e d\u2019une forte personnalit\u00e9. Elle fait partie de la collection de haute joaillerie Maison Roca, con\u00e7ue pour les femmes qui appr\u00e9cient l\u2019excellence et l\u2019exclusivit\u00e9.<\/p>\n<p><strong data-start=\"853\" data-end=\"864\">D\u00e9tails<\/strong><\/p>\n<ul>\n<li>Mat\u00e9riau : Or jaune 18k<\/li>\n<li>Pierre centrale : \u00c9meraude de Zambie \u2013 1,65 ct<\/li>\n<li>40 diamants naturels \u2013 0,32 ct total \u2013 couleur G\u2013H \u2013 puret\u00e9 SI<\/li>\n<\/ul>\n<p><b>PRIX SUR DEMANDE <\/b><\/p>\n","protected":false},"excerpt":{"rendered":"<p><b>Bague Maison Roca en or jaune avec \u00e9meraude de Zambie \u00e0 Andorre, avec diamants naturels et finition raffin\u00e9e. Une pi\u00e8ce de joaillerie haut de gamme \u00e0 l\u2019\u00e9l\u00e9gance et au caract\u00e8re distinctif<\/b><\/p>\n","protected":false},"featured_media":72679,"comment_status":"open","ping_status":"closed","template":"","meta":{"_acf_changed":false,"_monsterinsights_skip_tracking":false,"_monsterinsights_sitenote_active":false,"_monsterinsights_sitenote_note":"","_monsterinsights_sitenote_category":0},"product_brand":[],"product_cat":[1244,1270],"product_tag":[2192,2658,2725,2171,1756],"class_list":{"0":"post-72967","1":"product","2":"type-product","3":"status-publish","4":"has-post-thumbnail","6":"product_cat-bijou","7":"product_cat-maison-roca-fr","8":"product_tag-diamants-2","9":"product_tag-maison-roca-fr","10":"product_tag-naturals-fr","11":"product_tag-or-blanc-2","12":"product_tag-or-rose","14":"first","15":"instock","16":"shipping-taxable","17":"product-type-simple"},"acf":[],"yoast_head":"<!-- This site is optimized with the Yoast SEO Premium plugin v26.8 (Yoast SEO v27.3) - https:\/\/yoast.com\/product\/yoast-seo-premium-wordpress\/ -->\n<title>Bague en or jaune avec diamants et \u00e9meraude | Maison Roca<\/title>\n<meta name=\"description\" content=\"Bague Maison Roca en or jaune avec \u00e9meraude de Zambie, joaillerie haut de gamme avec diamants naturels et finition raffin\u00e9e. D\u00e9couvrez-la chez Maison Roca\" \/>\n<meta name=\"robots\" content=\"index, follow, max-snippet:-1, max-image-preview:large, max-video-preview:-1\" \/>\n<link rel=\"canonical\" href=\"https:\/\/maisonroca.ad\/fr\/boutique\/bague-or-jaune-diamants-emeraude-zambie\/\" \/>\n<meta property=\"og:locale\" content=\"fr_FR\" \/>\n<meta property=\"og:type\" content=\"article\" \/>\n<meta property=\"og:title\" content=\"BAGUE MAISON ROCA EN OR JAUNE, DIAMANTS NATURELS ET \u00c9MERAUDE ZAMBIA\" \/>\n<meta property=\"og:description\" content=\"Bague Maison Roca en or jaune avec \u00e9meraude de Zambie, joaillerie haut de gamme avec diamants naturels et finition raffin\u00e9e. D\u00e9couvrez-la chez Maison Roca\" \/>\n<meta property=\"og:url\" content=\"https:\/\/maisonroca.ad\/fr\/boutique\/bague-or-jaune-diamants-emeraude-zambie\/\" \/>\n<meta property=\"og:site_name\" content=\"Maison Roca\" \/>\n<meta property=\"article:publisher\" content=\"https:\/\/www.facebook.com\/maisonroca\" \/>\n<meta property=\"article:modified_time\" content=\"2025-08-12T15:05:30+00:00\" \/>\n<meta property=\"og:image\" content=\"https:\/\/maisonroca.ad\/wp-content\/uploads\/2025\/05\/RH261FMGYNQ14.jpg\" \/>\n\t<meta property=\"og:image:width\" content=\"1080\" \/>\n\t<meta property=\"og:image:height\" content=\"1080\" \/>\n\t<meta property=\"og:image:type\" content=\"image\/jpeg\" \/>\n<meta name=\"twitter:card\" content=\"summary_large_image\" \/>\n<meta name=\"twitter:label1\" content=\"Prix\" \/>\n\t<meta name=\"twitter:data1\" content=\"\" \/>\n\t<meta name=\"twitter:label2\" content=\"Disponibilit\u00e9\" \/>\n\t<meta name=\"twitter:data2\" content=\"En stock\" \/>\n<script type=\"application\/ld+json\" class=\"yoast-schema-graph\">{\"@context\":\"https:\\\/\\\/schema.org\",\"@graph\":[{\"@type\":\"WebPage\",\"@id\":\"https:\\\/\\\/maisonroca.ad\\\/fr\\\/boutique\\\/bague-or-jaune-diamants-emeraude-zambie\\\/\",\"url\":\"https:\\\/\\\/maisonroca.ad\\\/fr\\\/boutique\\\/bague-or-jaune-diamants-emeraude-zambie\\\/\",\"name\":\"Bague en or jaune avec diamants et \u00e9meraude | Maison Roca\",\"isPartOf\":{\"@id\":\"https:\\\/\\\/maisonroca.ad\\\/fr\\\/#website\"},\"primaryImageOfPage\":{\"@id\":\"https:\\\/\\\/maisonroca.ad\\\/fr\\\/boutique\\\/bague-or-jaune-diamants-emeraude-zambie\\\/#primaryimage\"},\"image\":{\"@id\":\"https:\\\/\\\/maisonroca.ad\\\/fr\\\/boutique\\\/bague-or-jaune-diamants-emeraude-zambie\\\/#primaryimage\"},\"thumbnailUrl\":\"https:\\\/\\\/maisonroca.ad\\\/wp-content\\\/uploads\\\/2025\\\/05\\\/RH261FMGYNQ14.jpg\",\"datePublished\":\"2025-05-21T11:25:07+00:00\",\"dateModified\":\"2025-08-12T15:05:30+00:00\",\"description\":\"Bague Maison Roca en or jaune avec \u00e9meraude de Zambie, joaillerie haut de gamme avec diamants naturels et finition raffin\u00e9e. D\u00e9couvrez-la chez Maison Roca\",\"breadcrumb\":{\"@id\":\"https:\\\/\\\/maisonroca.ad\\\/fr\\\/boutique\\\/bague-or-jaune-diamants-emeraude-zambie\\\/#breadcrumb\"},\"inLanguage\":\"fr-FR\",\"potentialAction\":[{\"@type\":\"ReadAction\",\"target\":[\"https:\\\/\\\/maisonroca.ad\\\/fr\\\/boutique\\\/bague-or-jaune-diamants-emeraude-zambie\\\/\"]}]},{\"@type\":\"ImageObject\",\"inLanguage\":\"fr-FR\",\"@id\":\"https:\\\/\\\/maisonroca.ad\\\/fr\\\/boutique\\\/bague-or-jaune-diamants-emeraude-zambie\\\/#primaryimage\",\"url\":\"https:\\\/\\\/maisonroca.ad\\\/wp-content\\\/uploads\\\/2025\\\/05\\\/RH261FMGYNQ14.jpg\",\"contentUrl\":\"https:\\\/\\\/maisonroca.ad\\\/wp-content\\\/uploads\\\/2025\\\/05\\\/RH261FMGYNQ14.jpg\",\"width\":1080,\"height\":1080,\"caption\":\"Anell d\u2019or groc amb diamants naturals i maragda de Z\u00e0mbia de Maison Roca\"},{\"@type\":\"BreadcrumbList\",\"@id\":\"https:\\\/\\\/maisonroca.ad\\\/fr\\\/boutique\\\/bague-or-jaune-diamants-emeraude-zambie\\\/#breadcrumb\",\"itemListElement\":[{\"@type\":\"ListItem\",\"position\":1,\"name\":\"Portada\",\"item\":\"https:\\\/\\\/maisonroca.ad\\\/fr\\\/\"},{\"@type\":\"ListItem\",\"position\":2,\"name\":\"Botiga\",\"item\":\"https:\\\/\\\/maisonroca.ad\\\/botiga\\\/\"},{\"@type\":\"ListItem\",\"position\":3,\"name\":\"BAGUE MAISON ROCA EN OR JAUNE, DIAMANTS NATURELS ET \u00c9MERAUDE ZAMBIA\"}]},{\"@type\":\"WebSite\",\"@id\":\"https:\\\/\\\/maisonroca.ad\\\/fr\\\/#website\",\"url\":\"https:\\\/\\\/maisonroca.ad\\\/fr\\\/\",\"name\":\"Maison Roca\",\"description\":\"Bold Luxury Life - joieria d&#039;autor - Andorra\",\"publisher\":{\"@id\":\"https:\\\/\\\/maisonroca.ad\\\/fr\\\/#organization\"},\"potentialAction\":[{\"@type\":\"SearchAction\",\"target\":{\"@type\":\"EntryPoint\",\"urlTemplate\":\"https:\\\/\\\/maisonroca.ad\\\/fr\\\/?s={search_term_string}\"},\"query-input\":{\"@type\":\"PropertyValueSpecification\",\"valueRequired\":true,\"valueName\":\"search_term_string\"}}],\"inLanguage\":\"fr-FR\"},{\"@type\":\"Organization\",\"@id\":\"https:\\\/\\\/maisonroca.ad\\\/fr\\\/#organization\",\"name\":\"Maison Roca\",\"url\":\"https:\\\/\\\/maisonroca.ad\\\/fr\\\/\",\"logo\":{\"@type\":\"ImageObject\",\"inLanguage\":\"fr-FR\",\"@id\":\"https:\\\/\\\/maisonroca.ad\\\/fr\\\/#\\\/schema\\\/logo\\\/image\\\/\",\"url\":\"https:\\\/\\\/maisonroca.ad\\\/wp-content\\\/uploads\\\/2023\\\/10\\\/icono.png\",\"contentUrl\":\"https:\\\/\\\/maisonroca.ad\\\/wp-content\\\/uploads\\\/2023\\\/10\\\/icono.png\",\"width\":512,\"height\":512,\"caption\":\"Maison Roca\"},\"image\":{\"@id\":\"https:\\\/\\\/maisonroca.ad\\\/fr\\\/#\\\/schema\\\/logo\\\/image\\\/\"},\"sameAs\":[\"https:\\\/\\\/www.facebook.com\\\/maisonroca\",\"https:\\\/\\\/www.instagram.com\\\/maisonroca\\\/\"]}]}<\/script>\n<meta property=\"product:price:currency\" content=\"EUR\" \/>\n<meta property=\"og:availability\" content=\"instock\" \/>\n<meta property=\"product:availability\" content=\"instock\" \/>\n<meta property=\"product:retailer_item_id\" content=\"RH261FMGYNQ14\" \/>\n<meta property=\"product:condition\" content=\"new\" \/>\n<!-- \/ Yoast SEO Premium plugin. -->","yoast_head_json":{"title":"Bague en or jaune avec diamants et \u00e9meraude | Maison Roca","description":"Bague Maison Roca en or jaune avec \u00e9meraude de Zambie, joaillerie haut de gamme avec diamants naturels et finition raffin\u00e9e. D\u00e9couvrez-la chez Maison Roca","robots":{"index":"index","follow":"follow","max-snippet":"max-snippet:-1","max-image-preview":"max-image-preview:large","max-video-preview":"max-video-preview:-1"},"canonical":"https:\/\/maisonroca.ad\/fr\/boutique\/bague-or-jaune-diamants-emeraude-zambie\/","og_locale":"fr_FR","og_type":"article","og_title":"BAGUE MAISON ROCA EN OR JAUNE, DIAMANTS NATURELS ET \u00c9MERAUDE ZAMBIA","og_description":"Bague Maison Roca en or jaune avec \u00e9meraude de Zambie, joaillerie haut de gamme avec diamants naturels et finition raffin\u00e9e. D\u00e9couvrez-la chez Maison Roca","og_url":"https:\/\/maisonroca.ad\/fr\/boutique\/bague-or-jaune-diamants-emeraude-zambie\/","og_site_name":"Maison Roca","article_publisher":"https:\/\/www.facebook.com\/maisonroca","article_modified_time":"2025-08-12T15:05:30+00:00","og_image":[{"width":1080,"height":1080,"url":"https:\/\/maisonroca.ad\/wp-content\/uploads\/2025\/05\/RH261FMGYNQ14.jpg","type":"image\/jpeg"}],"twitter_card":"summary_large_image","twitter_misc":{"Prix":"","Disponibilit\u00e9":"En stock"},"schema":{"@context":"https:\/\/schema.org","@graph":[{"@type":"WebPage","@id":"https:\/\/maisonroca.ad\/fr\/boutique\/bague-or-jaune-diamants-emeraude-zambie\/","url":"https:\/\/maisonroca.ad\/fr\/boutique\/bague-or-jaune-diamants-emeraude-zambie\/","name":"Bague en or jaune avec diamants et \u00e9meraude | Maison Roca","isPartOf":{"@id":"https:\/\/maisonroca.ad\/fr\/#website"},"primaryImageOfPage":{"@id":"https:\/\/maisonroca.ad\/fr\/boutique\/bague-or-jaune-diamants-emeraude-zambie\/#primaryimage"},"image":{"@id":"https:\/\/maisonroca.ad\/fr\/boutique\/bague-or-jaune-diamants-emeraude-zambie\/#primaryimage"},"thumbnailUrl":"https:\/\/maisonroca.ad\/wp-content\/uploads\/2025\/05\/RH261FMGYNQ14.jpg","datePublished":"2025-05-21T11:25:07+00:00","dateModified":"2025-08-12T15:05:30+00:00","description":"Bague Maison Roca en or jaune avec \u00e9meraude de Zambie, joaillerie haut de gamme avec diamants naturels et finition raffin\u00e9e. D\u00e9couvrez-la chez Maison Roca","breadcrumb":{"@id":"https:\/\/maisonroca.ad\/fr\/boutique\/bague-or-jaune-diamants-emeraude-zambie\/#breadcrumb"},"inLanguage":"fr-FR","potentialAction":[{"@type":"ReadAction","target":["https:\/\/maisonroca.ad\/fr\/boutique\/bague-or-jaune-diamants-emeraude-zambie\/"]}]},{"@type":"ImageObject","inLanguage":"fr-FR","@id":"https:\/\/maisonroca.ad\/fr\/boutique\/bague-or-jaune-diamants-emeraude-zambie\/#primaryimage","url":"https:\/\/maisonroca.ad\/wp-content\/uploads\/2025\/05\/RH261FMGYNQ14.jpg","contentUrl":"https:\/\/maisonroca.ad\/wp-content\/uploads\/2025\/05\/RH261FMGYNQ14.jpg","width":1080,"height":1080,"caption":"Anell d\u2019or groc amb diamants naturals i maragda de Z\u00e0mbia de Maison Roca"},{"@type":"BreadcrumbList","@id":"https:\/\/maisonroca.ad\/fr\/boutique\/bague-or-jaune-diamants-emeraude-zambie\/#breadcrumb","itemListElement":[{"@type":"ListItem","position":1,"name":"Portada","item":"https:\/\/maisonroca.ad\/fr\/"},{"@type":"ListItem","position":2,"name":"Botiga","item":"https:\/\/maisonroca.ad\/botiga\/"},{"@type":"ListItem","position":3,"name":"BAGUE MAISON ROCA EN OR JAUNE, DIAMANTS NATURELS ET \u00c9MERAUDE ZAMBIA"}]},{"@type":"WebSite","@id":"https:\/\/maisonroca.ad\/fr\/#website","url":"https:\/\/maisonroca.ad\/fr\/","name":"Maison Roca","description":"Bold Luxury Life - joieria d&#039;autor - Andorra","publisher":{"@id":"https:\/\/maisonroca.ad\/fr\/#organization"},"potentialAction":[{"@type":"SearchAction","target":{"@type":"EntryPoint","urlTemplate":"https:\/\/maisonroca.ad\/fr\/?s={search_term_string}"},"query-input":{"@type":"PropertyValueSpecification","valueRequired":true,"valueName":"search_term_string"}}],"inLanguage":"fr-FR"},{"@type":"Organization","@id":"https:\/\/maisonroca.ad\/fr\/#organization","name":"Maison Roca","url":"https:\/\/maisonroca.ad\/fr\/","logo":{"@type":"ImageObject","inLanguage":"fr-FR","@id":"https:\/\/maisonroca.ad\/fr\/#\/schema\/logo\/image\/","url":"https:\/\/maisonroca.ad\/wp-content\/uploads\/2023\/10\/icono.png","contentUrl":"https:\/\/maisonroca.ad\/wp-content\/uploads\/2023\/10\/icono.png","width":512,"height":512,"caption":"Maison Roca"},"image":{"@id":"https:\/\/maisonroca.ad\/fr\/#\/schema\/logo\/image\/"},"sameAs":["https:\/\/www.facebook.com\/maisonroca","https:\/\/www.instagram.com\/maisonroca\/"]}]},"product_price_currency":"EUR","og_availability":"instock","product_availability":"instock","product_retailer_item_id":"RH261FMGYNQ14","product_condition":"new"},"_links":{"self":[{"href":"https:\/\/maisonroca.ad\/fr\/wp-json\/wp\/v2\/product\/72967","targetHints":{"allow":["GET"]}}],"collection":[{"href":"https:\/\/maisonroca.ad\/fr\/wp-json\/wp\/v2\/product"}],"about":[{"href":"https:\/\/maisonroca.ad\/fr\/wp-json\/wp\/v2\/types\/product"}],"replies":[{"embeddable":true,"href":"https:\/\/maisonroca.ad\/fr\/wp-json\/wp\/v2\/comments?post=72967"}],"version-history":[{"count":6,"href":"https:\/\/maisonroca.ad\/fr\/wp-json\/wp\/v2\/product\/72967\/revisions"}],"predecessor-version":[{"id":78000,"href":"https:\/\/maisonroca.ad\/fr\/wp-json\/wp\/v2\/product\/72967\/revisions\/78000"}],"wp:featuredmedia":[{"embeddable":true,"href":"https:\/\/maisonroca.ad\/fr\/wp-json\/wp\/v2\/media\/72679"}],"wp:attachment":[{"href":"https:\/\/maisonroca.ad\/fr\/wp-json\/wp\/v2\/media?parent=72967"}],"wp:term":[{"taxonomy":"product_brand","embeddable":true,"href":"https:\/\/maisonroca.ad\/fr\/wp-json\/wp\/v2\/product_brand?post=72967"},{"taxonomy":"product_cat","embeddable":true,"href":"https:\/\/maisonroca.ad\/fr\/wp-json\/wp\/v2\/product_cat?post=72967"},{"taxonomy":"product_tag","embeddable":true,"href":"https:\/\/maisonroca.ad\/fr\/wp-json\/wp\/v2\/product_tag?post=72967"}],"curies":[{"name":"wp","href":"https:\/\/api.w.org\/{rel}","templated":true}]}}