{"id":72968,"date":"2025-05-23T18:33:01","date_gmt":"2025-05-23T16:33:01","guid":{"rendered":"https:\/\/maisonroca.ad\/?post_type=product&#038;p=72968"},"modified":"2025-08-12T16:40:26","modified_gmt":"2025-08-12T14:40:26","slug":"bague-or-blanc-diamants-naturels-amethyste","status":"publish","type":"product","link":"https:\/\/maisonroca.ad\/fr\/boutique\/bague-or-blanc-diamants-naturels-amethyste\/","title":{"rendered":"BAGUE MAISON ROCA EN OR BLANC, DIAMANTS NATURELS ET AM\u00c9THYSTE"},"content":{"rendered":"<p data-start=\"291\" data-end=\"652\">La bague Maison Roca en or blanc avec am\u00e9thyste \u00e0 Andorre associe la puret\u00e9 de l\u2019or blanc \u00e0 l\u2019intensit\u00e9 violette de sa pierre centrale. R\u00e9alis\u00e9e en or blanc, elle pr\u00e9sente une am\u00e9thyste se distinguant par sa teinte profonde et sophistiqu\u00e9e, encadr\u00e9e de diamants naturels qui apportent une touche d\u2019\u00e9clat subtile et \u00e9l\u00e9gante.<\/p>\n<p data-start=\"654\" data-end=\"929\">La disposition pr\u00e9cise des pierres et la qualit\u00e9 du m\u00e9tal pr\u00e9cieux offrent une finition discr\u00e8te et raffin\u00e9e. Id\u00e9ale pour les \u00e9v\u00e9nements sp\u00e9ciaux ou pour rehausser le style au quotidien, cette pi\u00e8ce refl\u00e8te la singularit\u00e9 et l\u2019excellence de la haute joaillerie Maison Roca.<\/p>\n<p data-start=\"931\" data-end=\"1081\"><strong data-start=\"931\" data-end=\"942\">D\u00e9tails<\/strong><\/p>\n<ul>\n<li data-start=\"931\" data-end=\"1081\">Mat\u00e9riau : Or blanc 18k<\/li>\n<li data-start=\"931\" data-end=\"1081\">Pierre centrale : Am\u00e9thyste \u2013 3,26 ct<\/li>\n<li data-start=\"931\" data-end=\"1081\">20 diamants naturels \u2013 0,04 ct total \u2013 couleur G\u2013H \u2013 puret\u00e9 SI<\/li>\n<\/ul>\n","protected":false},"excerpt":{"rendered":"<p><span style=\"font-weight: 400;\">Bague Maison Roca en or blanc avec am\u00e9thyste \u00e0 Andorre, avec diamants naturels et finition raffin\u00e9e. Une pi\u00e8ce de joaillerie haut de gamme au style distinctif et \u00e9l\u00e9gant<\/span><\/p>\n","protected":false},"featured_media":72667,"comment_status":"open","ping_status":"closed","template":"","meta":{"_acf_changed":false,"_monsterinsights_skip_tracking":false,"_monsterinsights_sitenote_active":false,"_monsterinsights_sitenote_note":"","_monsterinsights_sitenote_category":0},"product_brand":[],"product_cat":[1244,1270],"product_tag":[2192,2658,2725,2171,2734],"class_list":{"0":"post-72968","1":"product","2":"type-product","3":"status-publish","4":"has-post-thumbnail","6":"product_cat-bijou","7":"product_cat-maison-roca-fr","8":"product_tag-diamants-2","9":"product_tag-maison-roca-fr","10":"product_tag-naturals-fr","11":"product_tag-or-blanc-2","12":"product_tag-topazis-fr","14":"first","15":"instock","16":"shipping-taxable","17":"purchasable","18":"product-type-simple"},"acf":[],"yoast_head":"<!-- This site is optimized with the Yoast SEO Premium plugin v26.8 (Yoast SEO v27.3) - https:\/\/yoast.com\/product\/yoast-seo-premium-wordpress\/ -->\n<title>Bague en or blanc avec diamants et am\u00e9thystes | Maison Roca<\/title>\n<meta name=\"description\" content=\"Bague en or blanc avec diamants naturels et am\u00e9thyste. Or 18k, am\u00e9thyste centrale et 20 diamants. \u00c9l\u00e9gance artisanale sign\u00e9e Maison Roca.\" \/>\n<meta name=\"robots\" content=\"index, follow, max-snippet:-1, max-image-preview:large, max-video-preview:-1\" \/>\n<link rel=\"canonical\" href=\"https:\/\/maisonroca.ad\/fr\/boutique\/bague-or-blanc-diamants-naturels-amethyste\/\" \/>\n<meta property=\"og:locale\" content=\"fr_FR\" \/>\n<meta property=\"og:type\" content=\"article\" \/>\n<meta property=\"og:title\" content=\"BAGUE MAISON ROCA EN OR BLANC, DIAMANTS NATURELS ET AM\u00c9THYSTE\" \/>\n<meta property=\"og:description\" content=\"Bague en or blanc avec diamants naturels et am\u00e9thyste. Or 18k, am\u00e9thyste centrale et 20 diamants. \u00c9l\u00e9gance artisanale sign\u00e9e Maison Roca.\" \/>\n<meta property=\"og:url\" content=\"https:\/\/maisonroca.ad\/fr\/boutique\/bague-or-blanc-diamants-naturels-amethyste\/\" \/>\n<meta property=\"og:site_name\" content=\"Maison Roca\" \/>\n<meta property=\"article:publisher\" content=\"https:\/\/www.facebook.com\/maisonroca\" \/>\n<meta property=\"article:modified_time\" content=\"2025-08-12T14:40:26+00:00\" \/>\n<meta property=\"og:image\" content=\"https:\/\/maisonroca.ad\/wp-content\/uploads\/2025\/05\/RG899FMNWA814.jpg\" \/>\n\t<meta property=\"og:image:width\" content=\"1080\" \/>\n\t<meta property=\"og:image:height\" content=\"1080\" \/>\n\t<meta property=\"og:image:type\" content=\"image\/jpeg\" \/>\n<meta name=\"twitter:card\" content=\"summary_large_image\" \/>\n<meta name=\"twitter:label1\" content=\"Prix\" \/>\n\t<meta name=\"twitter:data1\" content=\"590,00&nbsp;&euro;\" \/>\n\t<meta name=\"twitter:label2\" content=\"Disponibilit\u00e9\" \/>\n\t<meta name=\"twitter:data2\" content=\"En stock\" \/>\n<script type=\"application\/ld+json\" class=\"yoast-schema-graph\">{\"@context\":\"https:\\\/\\\/schema.org\",\"@graph\":[{\"@type\":\"WebPage\",\"@id\":\"https:\\\/\\\/maisonroca.ad\\\/fr\\\/boutique\\\/bague-or-blanc-diamants-naturels-amethyste\\\/\",\"url\":\"https:\\\/\\\/maisonroca.ad\\\/fr\\\/boutique\\\/bague-or-blanc-diamants-naturels-amethyste\\\/\",\"name\":\"Bague en or blanc avec diamants et am\u00e9thystes | Maison Roca\",\"isPartOf\":{\"@id\":\"https:\\\/\\\/maisonroca.ad\\\/fr\\\/#website\"},\"primaryImageOfPage\":{\"@id\":\"https:\\\/\\\/maisonroca.ad\\\/fr\\\/boutique\\\/bague-or-blanc-diamants-naturels-amethyste\\\/#primaryimage\"},\"image\":{\"@id\":\"https:\\\/\\\/maisonroca.ad\\\/fr\\\/boutique\\\/bague-or-blanc-diamants-naturels-amethyste\\\/#primaryimage\"},\"thumbnailUrl\":\"https:\\\/\\\/maisonroca.ad\\\/wp-content\\\/uploads\\\/2025\\\/05\\\/RG899FMNWA814.jpg\",\"datePublished\":\"2025-05-23T16:33:01+00:00\",\"dateModified\":\"2025-08-12T14:40:26+00:00\",\"description\":\"Bague en or blanc avec diamants naturels et am\u00e9thyste. Or 18k, am\u00e9thyste centrale et 20 diamants. \u00c9l\u00e9gance artisanale sign\u00e9e Maison Roca.\",\"breadcrumb\":{\"@id\":\"https:\\\/\\\/maisonroca.ad\\\/fr\\\/boutique\\\/bague-or-blanc-diamants-naturels-amethyste\\\/#breadcrumb\"},\"inLanguage\":\"fr-FR\",\"potentialAction\":[{\"@type\":\"ReadAction\",\"target\":[\"https:\\\/\\\/maisonroca.ad\\\/fr\\\/boutique\\\/bague-or-blanc-diamants-naturels-amethyste\\\/\"]}]},{\"@type\":\"ImageObject\",\"inLanguage\":\"fr-FR\",\"@id\":\"https:\\\/\\\/maisonroca.ad\\\/fr\\\/boutique\\\/bague-or-blanc-diamants-naturels-amethyste\\\/#primaryimage\",\"url\":\"https:\\\/\\\/maisonroca.ad\\\/wp-content\\\/uploads\\\/2025\\\/05\\\/RG899FMNWA814.jpg\",\"contentUrl\":\"https:\\\/\\\/maisonroca.ad\\\/wp-content\\\/uploads\\\/2025\\\/05\\\/RG899FMNWA814.jpg\",\"width\":1080,\"height\":1080,\"caption\":\"Anell d\u2019or blanc amb diamants naturals i ametista de Maison Roca\"},{\"@type\":\"BreadcrumbList\",\"@id\":\"https:\\\/\\\/maisonroca.ad\\\/fr\\\/boutique\\\/bague-or-blanc-diamants-naturels-amethyste\\\/#breadcrumb\",\"itemListElement\":[{\"@type\":\"ListItem\",\"position\":1,\"name\":\"Portada\",\"item\":\"https:\\\/\\\/maisonroca.ad\\\/fr\\\/\"},{\"@type\":\"ListItem\",\"position\":2,\"name\":\"Botiga\",\"item\":\"https:\\\/\\\/maisonroca.ad\\\/botiga\\\/\"},{\"@type\":\"ListItem\",\"position\":3,\"name\":\"BAGUE MAISON ROCA EN OR BLANC, DIAMANTS NATURELS ET AM\u00c9THYSTE\"}]},{\"@type\":\"WebSite\",\"@id\":\"https:\\\/\\\/maisonroca.ad\\\/fr\\\/#website\",\"url\":\"https:\\\/\\\/maisonroca.ad\\\/fr\\\/\",\"name\":\"Maison Roca\",\"description\":\"Bold Luxury Life - joieria d&#039;autor - Andorra\",\"publisher\":{\"@id\":\"https:\\\/\\\/maisonroca.ad\\\/fr\\\/#organization\"},\"potentialAction\":[{\"@type\":\"SearchAction\",\"target\":{\"@type\":\"EntryPoint\",\"urlTemplate\":\"https:\\\/\\\/maisonroca.ad\\\/fr\\\/?s={search_term_string}\"},\"query-input\":{\"@type\":\"PropertyValueSpecification\",\"valueRequired\":true,\"valueName\":\"search_term_string\"}}],\"inLanguage\":\"fr-FR\"},{\"@type\":\"Organization\",\"@id\":\"https:\\\/\\\/maisonroca.ad\\\/fr\\\/#organization\",\"name\":\"Maison Roca\",\"url\":\"https:\\\/\\\/maisonroca.ad\\\/fr\\\/\",\"logo\":{\"@type\":\"ImageObject\",\"inLanguage\":\"fr-FR\",\"@id\":\"https:\\\/\\\/maisonroca.ad\\\/fr\\\/#\\\/schema\\\/logo\\\/image\\\/\",\"url\":\"https:\\\/\\\/maisonroca.ad\\\/wp-content\\\/uploads\\\/2023\\\/10\\\/icono.png\",\"contentUrl\":\"https:\\\/\\\/maisonroca.ad\\\/wp-content\\\/uploads\\\/2023\\\/10\\\/icono.png\",\"width\":512,\"height\":512,\"caption\":\"Maison Roca\"},\"image\":{\"@id\":\"https:\\\/\\\/maisonroca.ad\\\/fr\\\/#\\\/schema\\\/logo\\\/image\\\/\"},\"sameAs\":[\"https:\\\/\\\/www.facebook.com\\\/maisonroca\",\"https:\\\/\\\/www.instagram.com\\\/maisonroca\\\/\"]}]}<\/script>\n<meta property=\"product:price:amount\" content=\"590.00\" \/>\n<meta property=\"product:price:currency\" content=\"EUR\" \/>\n<meta property=\"og:availability\" content=\"instock\" \/>\n<meta property=\"product:availability\" content=\"instock\" \/>\n<meta property=\"product:retailer_item_id\" content=\"RG899FMNWA814\" \/>\n<meta property=\"product:condition\" content=\"new\" \/>\n<!-- \/ Yoast SEO Premium plugin. -->","yoast_head_json":{"title":"Bague en or blanc avec diamants et am\u00e9thystes | Maison Roca","description":"Bague en or blanc avec diamants naturels et am\u00e9thyste. Or 18k, am\u00e9thyste centrale et 20 diamants. \u00c9l\u00e9gance artisanale sign\u00e9e Maison Roca.","robots":{"index":"index","follow":"follow","max-snippet":"max-snippet:-1","max-image-preview":"max-image-preview:large","max-video-preview":"max-video-preview:-1"},"canonical":"https:\/\/maisonroca.ad\/fr\/boutique\/bague-or-blanc-diamants-naturels-amethyste\/","og_locale":"fr_FR","og_type":"article","og_title":"BAGUE MAISON ROCA EN OR BLANC, DIAMANTS NATURELS ET AM\u00c9THYSTE","og_description":"Bague en or blanc avec diamants naturels et am\u00e9thyste. Or 18k, am\u00e9thyste centrale et 20 diamants. \u00c9l\u00e9gance artisanale sign\u00e9e Maison Roca.","og_url":"https:\/\/maisonroca.ad\/fr\/boutique\/bague-or-blanc-diamants-naturels-amethyste\/","og_site_name":"Maison Roca","article_publisher":"https:\/\/www.facebook.com\/maisonroca","article_modified_time":"2025-08-12T14:40:26+00:00","og_image":[{"width":1080,"height":1080,"url":"https:\/\/maisonroca.ad\/wp-content\/uploads\/2025\/05\/RG899FMNWA814.jpg","type":"image\/jpeg"}],"twitter_card":"summary_large_image","twitter_misc":{"Prix":"590,00&nbsp;&euro;","Disponibilit\u00e9":"En stock"},"schema":{"@context":"https:\/\/schema.org","@graph":[{"@type":"WebPage","@id":"https:\/\/maisonroca.ad\/fr\/boutique\/bague-or-blanc-diamants-naturels-amethyste\/","url":"https:\/\/maisonroca.ad\/fr\/boutique\/bague-or-blanc-diamants-naturels-amethyste\/","name":"Bague en or blanc avec diamants et am\u00e9thystes | Maison Roca","isPartOf":{"@id":"https:\/\/maisonroca.ad\/fr\/#website"},"primaryImageOfPage":{"@id":"https:\/\/maisonroca.ad\/fr\/boutique\/bague-or-blanc-diamants-naturels-amethyste\/#primaryimage"},"image":{"@id":"https:\/\/maisonroca.ad\/fr\/boutique\/bague-or-blanc-diamants-naturels-amethyste\/#primaryimage"},"thumbnailUrl":"https:\/\/maisonroca.ad\/wp-content\/uploads\/2025\/05\/RG899FMNWA814.jpg","datePublished":"2025-05-23T16:33:01+00:00","dateModified":"2025-08-12T14:40:26+00:00","description":"Bague en or blanc avec diamants naturels et am\u00e9thyste. Or 18k, am\u00e9thyste centrale et 20 diamants. \u00c9l\u00e9gance artisanale sign\u00e9e Maison Roca.","breadcrumb":{"@id":"https:\/\/maisonroca.ad\/fr\/boutique\/bague-or-blanc-diamants-naturels-amethyste\/#breadcrumb"},"inLanguage":"fr-FR","potentialAction":[{"@type":"ReadAction","target":["https:\/\/maisonroca.ad\/fr\/boutique\/bague-or-blanc-diamants-naturels-amethyste\/"]}]},{"@type":"ImageObject","inLanguage":"fr-FR","@id":"https:\/\/maisonroca.ad\/fr\/boutique\/bague-or-blanc-diamants-naturels-amethyste\/#primaryimage","url":"https:\/\/maisonroca.ad\/wp-content\/uploads\/2025\/05\/RG899FMNWA814.jpg","contentUrl":"https:\/\/maisonroca.ad\/wp-content\/uploads\/2025\/05\/RG899FMNWA814.jpg","width":1080,"height":1080,"caption":"Anell d\u2019or blanc amb diamants naturals i ametista de Maison Roca"},{"@type":"BreadcrumbList","@id":"https:\/\/maisonroca.ad\/fr\/boutique\/bague-or-blanc-diamants-naturels-amethyste\/#breadcrumb","itemListElement":[{"@type":"ListItem","position":1,"name":"Portada","item":"https:\/\/maisonroca.ad\/fr\/"},{"@type":"ListItem","position":2,"name":"Botiga","item":"https:\/\/maisonroca.ad\/botiga\/"},{"@type":"ListItem","position":3,"name":"BAGUE MAISON ROCA EN OR BLANC, DIAMANTS NATURELS ET AM\u00c9THYSTE"}]},{"@type":"WebSite","@id":"https:\/\/maisonroca.ad\/fr\/#website","url":"https:\/\/maisonroca.ad\/fr\/","name":"Maison Roca","description":"Bold Luxury Life - joieria d&#039;autor - Andorra","publisher":{"@id":"https:\/\/maisonroca.ad\/fr\/#organization"},"potentialAction":[{"@type":"SearchAction","target":{"@type":"EntryPoint","urlTemplate":"https:\/\/maisonroca.ad\/fr\/?s={search_term_string}"},"query-input":{"@type":"PropertyValueSpecification","valueRequired":true,"valueName":"search_term_string"}}],"inLanguage":"fr-FR"},{"@type":"Organization","@id":"https:\/\/maisonroca.ad\/fr\/#organization","name":"Maison Roca","url":"https:\/\/maisonroca.ad\/fr\/","logo":{"@type":"ImageObject","inLanguage":"fr-FR","@id":"https:\/\/maisonroca.ad\/fr\/#\/schema\/logo\/image\/","url":"https:\/\/maisonroca.ad\/wp-content\/uploads\/2023\/10\/icono.png","contentUrl":"https:\/\/maisonroca.ad\/wp-content\/uploads\/2023\/10\/icono.png","width":512,"height":512,"caption":"Maison Roca"},"image":{"@id":"https:\/\/maisonroca.ad\/fr\/#\/schema\/logo\/image\/"},"sameAs":["https:\/\/www.facebook.com\/maisonroca","https:\/\/www.instagram.com\/maisonroca\/"]}]},"product_price_amount":"590.00","product_price_currency":"EUR","og_availability":"instock","product_availability":"instock","product_retailer_item_id":"RG899FMNWA814","product_condition":"new"},"_links":{"self":[{"href":"https:\/\/maisonroca.ad\/fr\/wp-json\/wp\/v2\/product\/72968","targetHints":{"allow":["GET"]}}],"collection":[{"href":"https:\/\/maisonroca.ad\/fr\/wp-json\/wp\/v2\/product"}],"about":[{"href":"https:\/\/maisonroca.ad\/fr\/wp-json\/wp\/v2\/types\/product"}],"replies":[{"embeddable":true,"href":"https:\/\/maisonroca.ad\/fr\/wp-json\/wp\/v2\/comments?post=72968"}],"version-history":[{"count":7,"href":"https:\/\/maisonroca.ad\/fr\/wp-json\/wp\/v2\/product\/72968\/revisions"}],"predecessor-version":[{"id":77992,"href":"https:\/\/maisonroca.ad\/fr\/wp-json\/wp\/v2\/product\/72968\/revisions\/77992"}],"wp:featuredmedia":[{"embeddable":true,"href":"https:\/\/maisonroca.ad\/fr\/wp-json\/wp\/v2\/media\/72667"}],"wp:attachment":[{"href":"https:\/\/maisonroca.ad\/fr\/wp-json\/wp\/v2\/media?parent=72968"}],"wp:term":[{"taxonomy":"product_brand","embeddable":true,"href":"https:\/\/maisonroca.ad\/fr\/wp-json\/wp\/v2\/product_brand?post=72968"},{"taxonomy":"product_cat","embeddable":true,"href":"https:\/\/maisonroca.ad\/fr\/wp-json\/wp\/v2\/product_cat?post=72968"},{"taxonomy":"product_tag","embeddable":true,"href":"https:\/\/maisonroca.ad\/fr\/wp-json\/wp\/v2\/product_tag?post=72968"}],"curies":[{"name":"wp","href":"https:\/\/api.w.org\/{rel}","templated":true}]}}