{"id":72969,"date":"2025-05-21T13:14:41","date_gmt":"2025-05-21T11:14:41","guid":{"rendered":"https:\/\/maisonroca.ad\/?post_type=product&#038;p=72969"},"modified":"2025-08-13T11:38:22","modified_gmt":"2025-08-13T09:38:22","slug":"bague-or-blanc-diamants-topaze","status":"publish","type":"product","link":"https:\/\/maisonroca.ad\/fr\/boutique\/bague-or-blanc-diamants-topaze\/","title":{"rendered":"BAGUE MAISON ROCA EN OR BLANC, DIAMANTS NATURELS ET TOPAZE"},"content":{"rendered":"<p data-start=\"257\" data-end=\"810\">La bague Maison Roca en or blanc avec topaze \u00e0 Andorre se distingue par son harmonie entre design et couleur. R\u00e9alis\u00e9e en or blanc 18 carats, elle int\u00e8gre une topaze d\u2019un ton vibrant et d\u2019une taille pr\u00e9cise qui apporte fra\u00eecheur et sophistication.<\/p>\n<p data-start=\"257\" data-end=\"810\">Elle est orn\u00e9e de diamants naturels, offrant une lumi\u00e8re subtile qui met en valeur la beaut\u00e9 de la pierre centrale. Cette pi\u00e8ce fait partie de la collection de haute joaillerie Maison Roca, pens\u00e9e pour celles et ceux qui recherchent \u00e9l\u00e9gance et distinction dans chaque d\u00e9tail.<\/p>\n<p data-start=\"812\" data-end=\"961\"><strong data-start=\"812\" data-end=\"823\">D\u00e9tails<\/strong><\/p>\n<ul>\n<li data-start=\"812\" data-end=\"961\">Mat\u00e9riau : Or blanc 18k<\/li>\n<li data-start=\"812\" data-end=\"961\">Pierre centrale : Topaze \u2013 5,80 ct<\/li>\n<li data-start=\"812\" data-end=\"961\">Diamants naturels : 32 \u2013 0,08 ct total \u2013 couleur G\u2013H \u2013 puret\u00e9 SI<\/li>\n<\/ul>\n","protected":false},"excerpt":{"rendered":"<p>Bague Maison Roca en or blanc avec topaze \u00e0 Andorre, avec diamants naturels et finition raffin\u00e9e. Une pi\u00e8ce de joaillerie haut de gamme au coloris vibrant et \u00e0 l\u2019\u00e9l\u00e9gance intemporelle.<\/p>\n","protected":false},"featured_media":72663,"comment_status":"open","ping_status":"closed","template":"","meta":{"_acf_changed":false,"_monsterinsights_skip_tracking":false,"_monsterinsights_sitenote_active":false,"_monsterinsights_sitenote_note":"","_monsterinsights_sitenote_category":0},"product_brand":[],"product_cat":[1244,1270],"product_tag":[2192,3467,2658,2725,2171,2734],"class_list":{"0":"post-72969","1":"product","2":"type-product","3":"status-publish","4":"has-post-thumbnail","6":"product_cat-bijou","7":"product_cat-maison-roca-fr","8":"product_tag-diamants-2","9":"product_tag-diamonds-fr","10":"product_tag-maison-roca-fr","11":"product_tag-naturals-fr","12":"product_tag-or-blanc-2","13":"product_tag-topazis-fr","15":"first","16":"instock","17":"shipping-taxable","18":"purchasable","19":"product-type-simple"},"acf":[],"yoast_head":"<!-- This site is optimized with the Yoast SEO Premium plugin v26.8 (Yoast SEO v27.3) - https:\/\/yoast.com\/product\/yoast-seo-premium-wordpress\/ -->\n<title>Bague en or blanc avec diamants et topaze | Maison Roca<\/title>\n<meta name=\"description\" content=\"Bague Maison Roca en or blanc avec topaze \u00e0 Andorre, joaillerie haut de gamme avec diamants naturels et finition raffin\u00e9e. D\u00e9couvrez-la chez Maison Roca.\" \/>\n<meta name=\"robots\" content=\"index, follow, max-snippet:-1, max-image-preview:large, max-video-preview:-1\" \/>\n<link rel=\"canonical\" href=\"https:\/\/maisonroca.ad\/fr\/boutique\/bague-or-blanc-diamants-topaze\/\" \/>\n<meta property=\"og:locale\" content=\"fr_FR\" \/>\n<meta property=\"og:type\" content=\"article\" \/>\n<meta property=\"og:title\" content=\"BAGUE MAISON ROCA EN OR BLANC, DIAMANTS NATURELS ET TOPAZE\" \/>\n<meta property=\"og:description\" content=\"Bague Maison Roca en or blanc avec topaze \u00e0 Andorre, joaillerie haut de gamme avec diamants naturels et finition raffin\u00e9e. D\u00e9couvrez-la chez Maison Roca.\" \/>\n<meta property=\"og:url\" content=\"https:\/\/maisonroca.ad\/fr\/boutique\/bague-or-blanc-diamants-topaze\/\" \/>\n<meta property=\"og:site_name\" content=\"Maison Roca\" \/>\n<meta property=\"article:publisher\" content=\"https:\/\/www.facebook.com\/maisonroca\" \/>\n<meta property=\"article:modified_time\" content=\"2025-08-13T09:38:22+00:00\" \/>\n<meta property=\"og:image\" content=\"https:\/\/maisonroca.ad\/wp-content\/uploads\/2025\/05\/RG734FMNWA014.jpg\" \/>\n\t<meta property=\"og:image:width\" content=\"1080\" \/>\n\t<meta property=\"og:image:height\" content=\"1080\" \/>\n\t<meta property=\"og:image:type\" content=\"image\/jpeg\" \/>\n<meta name=\"twitter:card\" content=\"summary_large_image\" \/>\n<meta name=\"twitter:label1\" content=\"Prix\" \/>\n\t<meta name=\"twitter:data1\" content=\"1.340,00&nbsp;&euro;\" \/>\n\t<meta name=\"twitter:label2\" content=\"Disponibilit\u00e9\" \/>\n\t<meta name=\"twitter:data2\" content=\"En stock\" \/>\n<script type=\"application\/ld+json\" class=\"yoast-schema-graph\">{\"@context\":\"https:\\\/\\\/schema.org\",\"@graph\":[{\"@type\":\"WebPage\",\"@id\":\"https:\\\/\\\/maisonroca.ad\\\/fr\\\/boutique\\\/bague-or-blanc-diamants-topaze\\\/\",\"url\":\"https:\\\/\\\/maisonroca.ad\\\/fr\\\/boutique\\\/bague-or-blanc-diamants-topaze\\\/\",\"name\":\"Bague en or blanc avec diamants et topaze | Maison Roca\",\"isPartOf\":{\"@id\":\"https:\\\/\\\/maisonroca.ad\\\/fr\\\/#website\"},\"primaryImageOfPage\":{\"@id\":\"https:\\\/\\\/maisonroca.ad\\\/fr\\\/boutique\\\/bague-or-blanc-diamants-topaze\\\/#primaryimage\"},\"image\":{\"@id\":\"https:\\\/\\\/maisonroca.ad\\\/fr\\\/boutique\\\/bague-or-blanc-diamants-topaze\\\/#primaryimage\"},\"thumbnailUrl\":\"https:\\\/\\\/maisonroca.ad\\\/wp-content\\\/uploads\\\/2025\\\/05\\\/RG734FMNWA014.jpg\",\"datePublished\":\"2025-05-21T11:14:41+00:00\",\"dateModified\":\"2025-08-13T09:38:22+00:00\",\"description\":\"Bague Maison Roca en or blanc avec topaze \u00e0 Andorre, joaillerie haut de gamme avec diamants naturels et finition raffin\u00e9e. D\u00e9couvrez-la chez Maison Roca.\",\"breadcrumb\":{\"@id\":\"https:\\\/\\\/maisonroca.ad\\\/fr\\\/boutique\\\/bague-or-blanc-diamants-topaze\\\/#breadcrumb\"},\"inLanguage\":\"fr-FR\",\"potentialAction\":[{\"@type\":\"ReadAction\",\"target\":[\"https:\\\/\\\/maisonroca.ad\\\/fr\\\/boutique\\\/bague-or-blanc-diamants-topaze\\\/\"]}]},{\"@type\":\"ImageObject\",\"inLanguage\":\"fr-FR\",\"@id\":\"https:\\\/\\\/maisonroca.ad\\\/fr\\\/boutique\\\/bague-or-blanc-diamants-topaze\\\/#primaryimage\",\"url\":\"https:\\\/\\\/maisonroca.ad\\\/wp-content\\\/uploads\\\/2025\\\/05\\\/RG734FMNWA014.jpg\",\"contentUrl\":\"https:\\\/\\\/maisonroca.ad\\\/wp-content\\\/uploads\\\/2025\\\/05\\\/RG734FMNWA014.jpg\",\"width\":1080,\"height\":1080},{\"@type\":\"BreadcrumbList\",\"@id\":\"https:\\\/\\\/maisonroca.ad\\\/fr\\\/boutique\\\/bague-or-blanc-diamants-topaze\\\/#breadcrumb\",\"itemListElement\":[{\"@type\":\"ListItem\",\"position\":1,\"name\":\"Portada\",\"item\":\"https:\\\/\\\/maisonroca.ad\\\/fr\\\/\"},{\"@type\":\"ListItem\",\"position\":2,\"name\":\"Botiga\",\"item\":\"https:\\\/\\\/maisonroca.ad\\\/botiga\\\/\"},{\"@type\":\"ListItem\",\"position\":3,\"name\":\"BAGUE MAISON ROCA EN OR BLANC, DIAMANTS NATURELS ET TOPAZE\"}]},{\"@type\":\"WebSite\",\"@id\":\"https:\\\/\\\/maisonroca.ad\\\/fr\\\/#website\",\"url\":\"https:\\\/\\\/maisonroca.ad\\\/fr\\\/\",\"name\":\"Maison Roca\",\"description\":\"Bold Luxury Life - joieria d&#039;autor - Andorra\",\"publisher\":{\"@id\":\"https:\\\/\\\/maisonroca.ad\\\/fr\\\/#organization\"},\"potentialAction\":[{\"@type\":\"SearchAction\",\"target\":{\"@type\":\"EntryPoint\",\"urlTemplate\":\"https:\\\/\\\/maisonroca.ad\\\/fr\\\/?s={search_term_string}\"},\"query-input\":{\"@type\":\"PropertyValueSpecification\",\"valueRequired\":true,\"valueName\":\"search_term_string\"}}],\"inLanguage\":\"fr-FR\"},{\"@type\":\"Organization\",\"@id\":\"https:\\\/\\\/maisonroca.ad\\\/fr\\\/#organization\",\"name\":\"Maison Roca\",\"url\":\"https:\\\/\\\/maisonroca.ad\\\/fr\\\/\",\"logo\":{\"@type\":\"ImageObject\",\"inLanguage\":\"fr-FR\",\"@id\":\"https:\\\/\\\/maisonroca.ad\\\/fr\\\/#\\\/schema\\\/logo\\\/image\\\/\",\"url\":\"https:\\\/\\\/maisonroca.ad\\\/wp-content\\\/uploads\\\/2023\\\/10\\\/icono.png\",\"contentUrl\":\"https:\\\/\\\/maisonroca.ad\\\/wp-content\\\/uploads\\\/2023\\\/10\\\/icono.png\",\"width\":512,\"height\":512,\"caption\":\"Maison Roca\"},\"image\":{\"@id\":\"https:\\\/\\\/maisonroca.ad\\\/fr\\\/#\\\/schema\\\/logo\\\/image\\\/\"},\"sameAs\":[\"https:\\\/\\\/www.facebook.com\\\/maisonroca\",\"https:\\\/\\\/www.instagram.com\\\/maisonroca\\\/\"]}]}<\/script>\n<meta property=\"product:price:amount\" content=\"1340.00\" \/>\n<meta property=\"product:price:currency\" content=\"EUR\" \/>\n<meta property=\"og:availability\" content=\"instock\" \/>\n<meta property=\"product:availability\" content=\"instock\" \/>\n<meta property=\"product:retailer_item_id\" content=\"RG734FMNWA014\" \/>\n<meta property=\"product:condition\" content=\"new\" \/>\n<!-- \/ Yoast SEO Premium plugin. -->","yoast_head_json":{"title":"Bague en or blanc avec diamants et topaze | Maison Roca","description":"Bague Maison Roca en or blanc avec topaze \u00e0 Andorre, joaillerie haut de gamme avec diamants naturels et finition raffin\u00e9e. D\u00e9couvrez-la chez Maison Roca.","robots":{"index":"index","follow":"follow","max-snippet":"max-snippet:-1","max-image-preview":"max-image-preview:large","max-video-preview":"max-video-preview:-1"},"canonical":"https:\/\/maisonroca.ad\/fr\/boutique\/bague-or-blanc-diamants-topaze\/","og_locale":"fr_FR","og_type":"article","og_title":"BAGUE MAISON ROCA EN OR BLANC, DIAMANTS NATURELS ET TOPAZE","og_description":"Bague Maison Roca en or blanc avec topaze \u00e0 Andorre, joaillerie haut de gamme avec diamants naturels et finition raffin\u00e9e. D\u00e9couvrez-la chez Maison Roca.","og_url":"https:\/\/maisonroca.ad\/fr\/boutique\/bague-or-blanc-diamants-topaze\/","og_site_name":"Maison Roca","article_publisher":"https:\/\/www.facebook.com\/maisonroca","article_modified_time":"2025-08-13T09:38:22+00:00","og_image":[{"width":1080,"height":1080,"url":"https:\/\/maisonroca.ad\/wp-content\/uploads\/2025\/05\/RG734FMNWA014.jpg","type":"image\/jpeg"}],"twitter_card":"summary_large_image","twitter_misc":{"Prix":"1.340,00&nbsp;&euro;","Disponibilit\u00e9":"En stock"},"schema":{"@context":"https:\/\/schema.org","@graph":[{"@type":"WebPage","@id":"https:\/\/maisonroca.ad\/fr\/boutique\/bague-or-blanc-diamants-topaze\/","url":"https:\/\/maisonroca.ad\/fr\/boutique\/bague-or-blanc-diamants-topaze\/","name":"Bague en or blanc avec diamants et topaze | Maison Roca","isPartOf":{"@id":"https:\/\/maisonroca.ad\/fr\/#website"},"primaryImageOfPage":{"@id":"https:\/\/maisonroca.ad\/fr\/boutique\/bague-or-blanc-diamants-topaze\/#primaryimage"},"image":{"@id":"https:\/\/maisonroca.ad\/fr\/boutique\/bague-or-blanc-diamants-topaze\/#primaryimage"},"thumbnailUrl":"https:\/\/maisonroca.ad\/wp-content\/uploads\/2025\/05\/RG734FMNWA014.jpg","datePublished":"2025-05-21T11:14:41+00:00","dateModified":"2025-08-13T09:38:22+00:00","description":"Bague Maison Roca en or blanc avec topaze \u00e0 Andorre, joaillerie haut de gamme avec diamants naturels et finition raffin\u00e9e. D\u00e9couvrez-la chez Maison Roca.","breadcrumb":{"@id":"https:\/\/maisonroca.ad\/fr\/boutique\/bague-or-blanc-diamants-topaze\/#breadcrumb"},"inLanguage":"fr-FR","potentialAction":[{"@type":"ReadAction","target":["https:\/\/maisonroca.ad\/fr\/boutique\/bague-or-blanc-diamants-topaze\/"]}]},{"@type":"ImageObject","inLanguage":"fr-FR","@id":"https:\/\/maisonroca.ad\/fr\/boutique\/bague-or-blanc-diamants-topaze\/#primaryimage","url":"https:\/\/maisonroca.ad\/wp-content\/uploads\/2025\/05\/RG734FMNWA014.jpg","contentUrl":"https:\/\/maisonroca.ad\/wp-content\/uploads\/2025\/05\/RG734FMNWA014.jpg","width":1080,"height":1080},{"@type":"BreadcrumbList","@id":"https:\/\/maisonroca.ad\/fr\/boutique\/bague-or-blanc-diamants-topaze\/#breadcrumb","itemListElement":[{"@type":"ListItem","position":1,"name":"Portada","item":"https:\/\/maisonroca.ad\/fr\/"},{"@type":"ListItem","position":2,"name":"Botiga","item":"https:\/\/maisonroca.ad\/botiga\/"},{"@type":"ListItem","position":3,"name":"BAGUE MAISON ROCA EN OR BLANC, DIAMANTS NATURELS ET TOPAZE"}]},{"@type":"WebSite","@id":"https:\/\/maisonroca.ad\/fr\/#website","url":"https:\/\/maisonroca.ad\/fr\/","name":"Maison Roca","description":"Bold Luxury Life - joieria d&#039;autor - Andorra","publisher":{"@id":"https:\/\/maisonroca.ad\/fr\/#organization"},"potentialAction":[{"@type":"SearchAction","target":{"@type":"EntryPoint","urlTemplate":"https:\/\/maisonroca.ad\/fr\/?s={search_term_string}"},"query-input":{"@type":"PropertyValueSpecification","valueRequired":true,"valueName":"search_term_string"}}],"inLanguage":"fr-FR"},{"@type":"Organization","@id":"https:\/\/maisonroca.ad\/fr\/#organization","name":"Maison Roca","url":"https:\/\/maisonroca.ad\/fr\/","logo":{"@type":"ImageObject","inLanguage":"fr-FR","@id":"https:\/\/maisonroca.ad\/fr\/#\/schema\/logo\/image\/","url":"https:\/\/maisonroca.ad\/wp-content\/uploads\/2023\/10\/icono.png","contentUrl":"https:\/\/maisonroca.ad\/wp-content\/uploads\/2023\/10\/icono.png","width":512,"height":512,"caption":"Maison Roca"},"image":{"@id":"https:\/\/maisonroca.ad\/fr\/#\/schema\/logo\/image\/"},"sameAs":["https:\/\/www.facebook.com\/maisonroca","https:\/\/www.instagram.com\/maisonroca\/"]}]},"product_price_amount":"1340.00","product_price_currency":"EUR","og_availability":"instock","product_availability":"instock","product_retailer_item_id":"RG734FMNWA014","product_condition":"new"},"_links":{"self":[{"href":"https:\/\/maisonroca.ad\/fr\/wp-json\/wp\/v2\/product\/72969","targetHints":{"allow":["GET"]}}],"collection":[{"href":"https:\/\/maisonroca.ad\/fr\/wp-json\/wp\/v2\/product"}],"about":[{"href":"https:\/\/maisonroca.ad\/fr\/wp-json\/wp\/v2\/types\/product"}],"replies":[{"embeddable":true,"href":"https:\/\/maisonroca.ad\/fr\/wp-json\/wp\/v2\/comments?post=72969"}],"version-history":[{"count":7,"href":"https:\/\/maisonroca.ad\/fr\/wp-json\/wp\/v2\/product\/72969\/revisions"}],"predecessor-version":[{"id":78018,"href":"https:\/\/maisonroca.ad\/fr\/wp-json\/wp\/v2\/product\/72969\/revisions\/78018"}],"wp:featuredmedia":[{"embeddable":true,"href":"https:\/\/maisonroca.ad\/fr\/wp-json\/wp\/v2\/media\/72663"}],"wp:attachment":[{"href":"https:\/\/maisonroca.ad\/fr\/wp-json\/wp\/v2\/media?parent=72969"}],"wp:term":[{"taxonomy":"product_brand","embeddable":true,"href":"https:\/\/maisonroca.ad\/fr\/wp-json\/wp\/v2\/product_brand?post=72969"},{"taxonomy":"product_cat","embeddable":true,"href":"https:\/\/maisonroca.ad\/fr\/wp-json\/wp\/v2\/product_cat?post=72969"},{"taxonomy":"product_tag","embeddable":true,"href":"https:\/\/maisonroca.ad\/fr\/wp-json\/wp\/v2\/product_tag?post=72969"}],"curies":[{"name":"wp","href":"https:\/\/api.w.org\/{rel}","templated":true}]}}