{"id":72970,"date":"2025-05-21T13:14:32","date_gmt":"2025-05-21T11:14:32","guid":{"rendered":"https:\/\/maisonroca.ad\/?post_type=product&#038;p=72970"},"modified":"2025-08-13T11:51:42","modified_gmt":"2025-08-13T09:51:42","slug":"bague-or-blanc-diamants-topaze-2","status":"publish","type":"product","link":"https:\/\/maisonroca.ad\/fr\/boutique\/bague-or-blanc-diamants-topaze-2\/","title":{"rendered":"BAGUE MAISON ROCA EN OR BLANC, DIAMANTS NATURELS ET TOPAZE"},"content":{"rendered":"<p data-start=\"851\" data-end=\"1400\">La bague Maison Roca en or blanc avec topaze \u00e0 Andorre allie la puret\u00e9 de l\u2019or blanc \u00e0 la luminosit\u00e9 des pierres pr\u00e9cieuses. R\u00e9alis\u00e9e en or blanc 18 carats, elle pr\u00e9sente une topaze centrale \u00e0 la teinte vibrante et \u00e0 la taille pr\u00e9cise, apportant fra\u00eecheur et sophistication.<\/p>\n<p data-start=\"851\" data-end=\"1400\">Elle est orn\u00e9e de diamants naturels qui, ensemble, offrent une brillance subtile et raffin\u00e9e mettant en valeur la pierre centrale. Cette pi\u00e8ce fait partie de la collection de haute joaillerie de Maison Roca, con\u00e7ue pour les femmes recherchant exclusivit\u00e9 et distinction.<\/p>\n<p data-start=\"1402\" data-end=\"1549\"><strong data-start=\"1402\" data-end=\"1413\">D\u00e9tails<\/strong><\/p>\n<ul>\n<li data-start=\"1402\" data-end=\"1549\">Mat\u00e9riau : Or blanc 18k<\/li>\n<li data-start=\"1402\" data-end=\"1549\">Pierre centrale : Topaze \u2013 0,48 ct<\/li>\n<li data-start=\"1402\" data-end=\"1549\">24 diamants naturels \u2013 0,06 ct total \u2013 couleur G\u2013H \u2013 puret\u00e9 SI<\/li>\n<\/ul>\n","protected":false},"excerpt":{"rendered":"<p>Bague Maison Roca en or blanc avec topaze \u00e0 Andorre, avec diamants naturels et finition raffin\u00e9e. Une pi\u00e8ce de joaillerie haut de gamme au coloris frais et \u00e0 l\u2019\u00e9l\u00e9gance intemporelle.<\/p>\n","protected":false},"featured_media":72651,"comment_status":"open","ping_status":"closed","template":"","meta":{"_acf_changed":false,"_monsterinsights_skip_tracking":false,"_monsterinsights_sitenote_active":false,"_monsterinsights_sitenote_note":"","_monsterinsights_sitenote_category":0},"product_brand":[],"product_cat":[1244,1270],"product_tag":[3546,2658,2732],"class_list":{"0":"post-72970","1":"product","2":"type-product","3":"status-publish","4":"has-post-thumbnail","6":"product_cat-bijou","7":"product_cat-maison-roca-fr","8":"product_tag-anells-fr-2","9":"product_tag-maison-roca-fr","10":"product_tag-or-groc-fr","12":"first","13":"instock","14":"shipping-taxable","15":"purchasable","16":"product-type-simple"},"acf":[],"yoast_head":"<!-- This site is optimized with the Yoast SEO Premium plugin v26.8 (Yoast SEO v27.3) - https:\/\/yoast.com\/product\/yoast-seo-premium-wordpress\/ -->\n<title>Bague en or blanc avec diamants et topaze | Maison Roca<\/title>\n<meta name=\"description\" content=\"Bague Maison Roca en or blanc avec topaze \u00e0 Andorre, joaillerie haut de gamme avec diamants naturels et finition raffin\u00e9e. D\u00e9couvrez-la chez Maison Roca.\" \/>\n<meta name=\"robots\" content=\"index, follow, max-snippet:-1, max-image-preview:large, max-video-preview:-1\" \/>\n<link rel=\"canonical\" href=\"https:\/\/maisonroca.ad\/fr\/boutique\/bague-or-blanc-diamants-topaze-2\/\" \/>\n<meta property=\"og:locale\" content=\"fr_FR\" \/>\n<meta property=\"og:type\" content=\"article\" \/>\n<meta property=\"og:title\" content=\"BAGUE MAISON ROCA EN OR BLANC, DIAMANTS NATURELS ET TOPAZE\" \/>\n<meta property=\"og:description\" content=\"Bague Maison Roca en or blanc avec topaze \u00e0 Andorre, joaillerie haut de gamme avec diamants naturels et finition raffin\u00e9e. D\u00e9couvrez-la chez Maison Roca.\" \/>\n<meta property=\"og:url\" content=\"https:\/\/maisonroca.ad\/fr\/boutique\/bague-or-blanc-diamants-topaze-2\/\" \/>\n<meta property=\"og:site_name\" content=\"Maison Roca\" \/>\n<meta property=\"article:publisher\" content=\"https:\/\/www.facebook.com\/maisonroca\" \/>\n<meta property=\"article:modified_time\" content=\"2025-08-13T09:51:42+00:00\" \/>\n<meta property=\"og:image\" content=\"https:\/\/maisonroca.ad\/wp-content\/uploads\/2025\/05\/RG695FMNWA814.jpg\" \/>\n\t<meta property=\"og:image:width\" content=\"1080\" \/>\n\t<meta property=\"og:image:height\" content=\"1080\" \/>\n\t<meta property=\"og:image:type\" content=\"image\/jpeg\" \/>\n<meta name=\"twitter:card\" content=\"summary_large_image\" \/>\n<meta name=\"twitter:label1\" content=\"Prix\" \/>\n\t<meta name=\"twitter:data1\" content=\"1.265,00&nbsp;&euro;\" \/>\n\t<meta name=\"twitter:label2\" content=\"Disponibilit\u00e9\" \/>\n\t<meta name=\"twitter:data2\" content=\"En stock\" \/>\n<script type=\"application\/ld+json\" class=\"yoast-schema-graph\">{\"@context\":\"https:\\\/\\\/schema.org\",\"@graph\":[{\"@type\":\"WebPage\",\"@id\":\"https:\\\/\\\/maisonroca.ad\\\/fr\\\/boutique\\\/bague-or-blanc-diamants-topaze-2\\\/\",\"url\":\"https:\\\/\\\/maisonroca.ad\\\/fr\\\/boutique\\\/bague-or-blanc-diamants-topaze-2\\\/\",\"name\":\"Bague en or blanc avec diamants et topaze | Maison Roca\",\"isPartOf\":{\"@id\":\"https:\\\/\\\/maisonroca.ad\\\/fr\\\/#website\"},\"primaryImageOfPage\":{\"@id\":\"https:\\\/\\\/maisonroca.ad\\\/fr\\\/boutique\\\/bague-or-blanc-diamants-topaze-2\\\/#primaryimage\"},\"image\":{\"@id\":\"https:\\\/\\\/maisonroca.ad\\\/fr\\\/boutique\\\/bague-or-blanc-diamants-topaze-2\\\/#primaryimage\"},\"thumbnailUrl\":\"https:\\\/\\\/maisonroca.ad\\\/wp-content\\\/uploads\\\/2025\\\/05\\\/RG695FMNWA814.jpg\",\"datePublished\":\"2025-05-21T11:14:32+00:00\",\"dateModified\":\"2025-08-13T09:51:42+00:00\",\"description\":\"Bague Maison Roca en or blanc avec topaze \u00e0 Andorre, joaillerie haut de gamme avec diamants naturels et finition raffin\u00e9e. D\u00e9couvrez-la chez Maison Roca.\",\"breadcrumb\":{\"@id\":\"https:\\\/\\\/maisonroca.ad\\\/fr\\\/boutique\\\/bague-or-blanc-diamants-topaze-2\\\/#breadcrumb\"},\"inLanguage\":\"fr-FR\",\"potentialAction\":[{\"@type\":\"ReadAction\",\"target\":[\"https:\\\/\\\/maisonroca.ad\\\/fr\\\/boutique\\\/bague-or-blanc-diamants-topaze-2\\\/\"]}]},{\"@type\":\"ImageObject\",\"inLanguage\":\"fr-FR\",\"@id\":\"https:\\\/\\\/maisonroca.ad\\\/fr\\\/boutique\\\/bague-or-blanc-diamants-topaze-2\\\/#primaryimage\",\"url\":\"https:\\\/\\\/maisonroca.ad\\\/wp-content\\\/uploads\\\/2025\\\/05\\\/RG695FMNWA814.jpg\",\"contentUrl\":\"https:\\\/\\\/maisonroca.ad\\\/wp-content\\\/uploads\\\/2025\\\/05\\\/RG695FMNWA814.jpg\",\"width\":1080,\"height\":1080,\"caption\":\"Anell d\u2019or blanc amb diamants naturals i topazi de Maison Roca\"},{\"@type\":\"BreadcrumbList\",\"@id\":\"https:\\\/\\\/maisonroca.ad\\\/fr\\\/boutique\\\/bague-or-blanc-diamants-topaze-2\\\/#breadcrumb\",\"itemListElement\":[{\"@type\":\"ListItem\",\"position\":1,\"name\":\"Portada\",\"item\":\"https:\\\/\\\/maisonroca.ad\\\/fr\\\/\"},{\"@type\":\"ListItem\",\"position\":2,\"name\":\"Botiga\",\"item\":\"https:\\\/\\\/maisonroca.ad\\\/botiga\\\/\"},{\"@type\":\"ListItem\",\"position\":3,\"name\":\"BAGUE MAISON ROCA EN OR BLANC, DIAMANTS NATURELS ET TOPAZE\"}]},{\"@type\":\"WebSite\",\"@id\":\"https:\\\/\\\/maisonroca.ad\\\/fr\\\/#website\",\"url\":\"https:\\\/\\\/maisonroca.ad\\\/fr\\\/\",\"name\":\"Maison Roca\",\"description\":\"Bold Luxury Life - joieria d&#039;autor - Andorra\",\"publisher\":{\"@id\":\"https:\\\/\\\/maisonroca.ad\\\/fr\\\/#organization\"},\"potentialAction\":[{\"@type\":\"SearchAction\",\"target\":{\"@type\":\"EntryPoint\",\"urlTemplate\":\"https:\\\/\\\/maisonroca.ad\\\/fr\\\/?s={search_term_string}\"},\"query-input\":{\"@type\":\"PropertyValueSpecification\",\"valueRequired\":true,\"valueName\":\"search_term_string\"}}],\"inLanguage\":\"fr-FR\"},{\"@type\":\"Organization\",\"@id\":\"https:\\\/\\\/maisonroca.ad\\\/fr\\\/#organization\",\"name\":\"Maison Roca\",\"url\":\"https:\\\/\\\/maisonroca.ad\\\/fr\\\/\",\"logo\":{\"@type\":\"ImageObject\",\"inLanguage\":\"fr-FR\",\"@id\":\"https:\\\/\\\/maisonroca.ad\\\/fr\\\/#\\\/schema\\\/logo\\\/image\\\/\",\"url\":\"https:\\\/\\\/maisonroca.ad\\\/wp-content\\\/uploads\\\/2023\\\/10\\\/icono.png\",\"contentUrl\":\"https:\\\/\\\/maisonroca.ad\\\/wp-content\\\/uploads\\\/2023\\\/10\\\/icono.png\",\"width\":512,\"height\":512,\"caption\":\"Maison Roca\"},\"image\":{\"@id\":\"https:\\\/\\\/maisonroca.ad\\\/fr\\\/#\\\/schema\\\/logo\\\/image\\\/\"},\"sameAs\":[\"https:\\\/\\\/www.facebook.com\\\/maisonroca\",\"https:\\\/\\\/www.instagram.com\\\/maisonroca\\\/\"]}]}<\/script>\n<meta property=\"product:price:amount\" content=\"1265.00\" \/>\n<meta property=\"product:price:currency\" content=\"EUR\" \/>\n<meta property=\"og:availability\" content=\"instock\" \/>\n<meta property=\"product:availability\" content=\"instock\" \/>\n<meta property=\"product:retailer_item_id\" content=\"RG695FMNWA814\" \/>\n<meta property=\"product:condition\" content=\"new\" \/>\n<!-- \/ Yoast SEO Premium plugin. -->","yoast_head_json":{"title":"Bague en or blanc avec diamants et topaze | Maison Roca","description":"Bague Maison Roca en or blanc avec topaze \u00e0 Andorre, joaillerie haut de gamme avec diamants naturels et finition raffin\u00e9e. D\u00e9couvrez-la chez Maison Roca.","robots":{"index":"index","follow":"follow","max-snippet":"max-snippet:-1","max-image-preview":"max-image-preview:large","max-video-preview":"max-video-preview:-1"},"canonical":"https:\/\/maisonroca.ad\/fr\/boutique\/bague-or-blanc-diamants-topaze-2\/","og_locale":"fr_FR","og_type":"article","og_title":"BAGUE MAISON ROCA EN OR BLANC, DIAMANTS NATURELS ET TOPAZE","og_description":"Bague Maison Roca en or blanc avec topaze \u00e0 Andorre, joaillerie haut de gamme avec diamants naturels et finition raffin\u00e9e. D\u00e9couvrez-la chez Maison Roca.","og_url":"https:\/\/maisonroca.ad\/fr\/boutique\/bague-or-blanc-diamants-topaze-2\/","og_site_name":"Maison Roca","article_publisher":"https:\/\/www.facebook.com\/maisonroca","article_modified_time":"2025-08-13T09:51:42+00:00","og_image":[{"width":1080,"height":1080,"url":"https:\/\/maisonroca.ad\/wp-content\/uploads\/2025\/05\/RG695FMNWA814.jpg","type":"image\/jpeg"}],"twitter_card":"summary_large_image","twitter_misc":{"Prix":"1.265,00&nbsp;&euro;","Disponibilit\u00e9":"En stock"},"schema":{"@context":"https:\/\/schema.org","@graph":[{"@type":"WebPage","@id":"https:\/\/maisonroca.ad\/fr\/boutique\/bague-or-blanc-diamants-topaze-2\/","url":"https:\/\/maisonroca.ad\/fr\/boutique\/bague-or-blanc-diamants-topaze-2\/","name":"Bague en or blanc avec diamants et topaze | Maison Roca","isPartOf":{"@id":"https:\/\/maisonroca.ad\/fr\/#website"},"primaryImageOfPage":{"@id":"https:\/\/maisonroca.ad\/fr\/boutique\/bague-or-blanc-diamants-topaze-2\/#primaryimage"},"image":{"@id":"https:\/\/maisonroca.ad\/fr\/boutique\/bague-or-blanc-diamants-topaze-2\/#primaryimage"},"thumbnailUrl":"https:\/\/maisonroca.ad\/wp-content\/uploads\/2025\/05\/RG695FMNWA814.jpg","datePublished":"2025-05-21T11:14:32+00:00","dateModified":"2025-08-13T09:51:42+00:00","description":"Bague Maison Roca en or blanc avec topaze \u00e0 Andorre, joaillerie haut de gamme avec diamants naturels et finition raffin\u00e9e. D\u00e9couvrez-la chez Maison Roca.","breadcrumb":{"@id":"https:\/\/maisonroca.ad\/fr\/boutique\/bague-or-blanc-diamants-topaze-2\/#breadcrumb"},"inLanguage":"fr-FR","potentialAction":[{"@type":"ReadAction","target":["https:\/\/maisonroca.ad\/fr\/boutique\/bague-or-blanc-diamants-topaze-2\/"]}]},{"@type":"ImageObject","inLanguage":"fr-FR","@id":"https:\/\/maisonroca.ad\/fr\/boutique\/bague-or-blanc-diamants-topaze-2\/#primaryimage","url":"https:\/\/maisonroca.ad\/wp-content\/uploads\/2025\/05\/RG695FMNWA814.jpg","contentUrl":"https:\/\/maisonroca.ad\/wp-content\/uploads\/2025\/05\/RG695FMNWA814.jpg","width":1080,"height":1080,"caption":"Anell d\u2019or blanc amb diamants naturals i topazi de Maison Roca"},{"@type":"BreadcrumbList","@id":"https:\/\/maisonroca.ad\/fr\/boutique\/bague-or-blanc-diamants-topaze-2\/#breadcrumb","itemListElement":[{"@type":"ListItem","position":1,"name":"Portada","item":"https:\/\/maisonroca.ad\/fr\/"},{"@type":"ListItem","position":2,"name":"Botiga","item":"https:\/\/maisonroca.ad\/botiga\/"},{"@type":"ListItem","position":3,"name":"BAGUE MAISON ROCA EN OR BLANC, DIAMANTS NATURELS ET TOPAZE"}]},{"@type":"WebSite","@id":"https:\/\/maisonroca.ad\/fr\/#website","url":"https:\/\/maisonroca.ad\/fr\/","name":"Maison Roca","description":"Bold Luxury Life - joieria d&#039;autor - Andorra","publisher":{"@id":"https:\/\/maisonroca.ad\/fr\/#organization"},"potentialAction":[{"@type":"SearchAction","target":{"@type":"EntryPoint","urlTemplate":"https:\/\/maisonroca.ad\/fr\/?s={search_term_string}"},"query-input":{"@type":"PropertyValueSpecification","valueRequired":true,"valueName":"search_term_string"}}],"inLanguage":"fr-FR"},{"@type":"Organization","@id":"https:\/\/maisonroca.ad\/fr\/#organization","name":"Maison Roca","url":"https:\/\/maisonroca.ad\/fr\/","logo":{"@type":"ImageObject","inLanguage":"fr-FR","@id":"https:\/\/maisonroca.ad\/fr\/#\/schema\/logo\/image\/","url":"https:\/\/maisonroca.ad\/wp-content\/uploads\/2023\/10\/icono.png","contentUrl":"https:\/\/maisonroca.ad\/wp-content\/uploads\/2023\/10\/icono.png","width":512,"height":512,"caption":"Maison Roca"},"image":{"@id":"https:\/\/maisonroca.ad\/fr\/#\/schema\/logo\/image\/"},"sameAs":["https:\/\/www.facebook.com\/maisonroca","https:\/\/www.instagram.com\/maisonroca\/"]}]},"product_price_amount":"1265.00","product_price_currency":"EUR","og_availability":"instock","product_availability":"instock","product_retailer_item_id":"RG695FMNWA814","product_condition":"new"},"_links":{"self":[{"href":"https:\/\/maisonroca.ad\/fr\/wp-json\/wp\/v2\/product\/72970","targetHints":{"allow":["GET"]}}],"collection":[{"href":"https:\/\/maisonroca.ad\/fr\/wp-json\/wp\/v2\/product"}],"about":[{"href":"https:\/\/maisonroca.ad\/fr\/wp-json\/wp\/v2\/types\/product"}],"replies":[{"embeddable":true,"href":"https:\/\/maisonroca.ad\/fr\/wp-json\/wp\/v2\/comments?post=72970"}],"version-history":[{"count":5,"href":"https:\/\/maisonroca.ad\/fr\/wp-json\/wp\/v2\/product\/72970\/revisions"}],"predecessor-version":[{"id":78026,"href":"https:\/\/maisonroca.ad\/fr\/wp-json\/wp\/v2\/product\/72970\/revisions\/78026"}],"wp:featuredmedia":[{"embeddable":true,"href":"https:\/\/maisonroca.ad\/fr\/wp-json\/wp\/v2\/media\/72651"}],"wp:attachment":[{"href":"https:\/\/maisonroca.ad\/fr\/wp-json\/wp\/v2\/media?parent=72970"}],"wp:term":[{"taxonomy":"product_brand","embeddable":true,"href":"https:\/\/maisonroca.ad\/fr\/wp-json\/wp\/v2\/product_brand?post=72970"},{"taxonomy":"product_cat","embeddable":true,"href":"https:\/\/maisonroca.ad\/fr\/wp-json\/wp\/v2\/product_cat?post=72970"},{"taxonomy":"product_tag","embeddable":true,"href":"https:\/\/maisonroca.ad\/fr\/wp-json\/wp\/v2\/product_tag?post=72970"}],"curies":[{"name":"wp","href":"https:\/\/api.w.org\/{rel}","templated":true}]}}