{"id":72972,"date":"2025-05-21T13:13:56","date_gmt":"2025-05-21T11:13:56","guid":{"rendered":"https:\/\/maisonroca.ad\/?post_type=product&#038;p=72972"},"modified":"2025-08-28T11:03:49","modified_gmt":"2025-08-28T09:03:49","slug":"bague-maison-roca-en-or-blanc-diamants-naturels-et-topaze","status":"publish","type":"product","link":"https:\/\/maisonroca.ad\/fr\/boutique\/bague-maison-roca-en-or-blanc-diamants-naturels-et-topaze\/","title":{"rendered":"BAGUE MAISON ROCA EN OR BLANC, DIAMANTS NATURELS ET TOPAZE"},"content":{"rendered":"<p>Bague MAISON ROCA en or blanc, diamants naturels et topaze.<\/p>\n<p>Cette bague MAISON ROCA est r\u00e9alis\u00e9e en or blanc 18 carats et orn\u00e9e de diamants naturels qui apportent une brillance subtile et raffin\u00e9e. En son centre, une topaze taill\u00e9e avec soin ajoute une touche de couleur et de luminosit\u00e9.<\/p>\n<p>D\u00e9tails:<\/p>\n<ul>\n<li>Or blanc 18k<\/li>\n<li>34 diamants naturels 0,10 ct ghsi<\/li>\n<li>\u00a0Topaze 1,17 ct<\/li>\n<\/ul>\n","protected":false},"excerpt":{"rendered":"<p>Bague Maison Roca en or blanc, diamants naturels et topaze.<\/p>\n<p>&nbsp;<\/p>\n","protected":false},"featured_media":72655,"comment_status":"open","ping_status":"closed","template":"","meta":{"_acf_changed":false,"_monsterinsights_skip_tracking":false,"_monsterinsights_sitenote_active":false,"_monsterinsights_sitenote_note":"","_monsterinsights_sitenote_category":0},"product_brand":[],"product_cat":[1244,1270],"product_tag":[1824,2192,2658,2725,2171,2734],"class_list":{"0":"post-72972","1":"product","2":"type-product","3":"status-publish","4":"has-post-thumbnail","6":"product_cat-bijou","7":"product_cat-maison-roca-fr","8":"product_tag-colliers","9":"product_tag-diamants-2","10":"product_tag-maison-roca-fr","11":"product_tag-naturals-fr","12":"product_tag-or-blanc-2","13":"product_tag-topazis-fr","15":"first","16":"instock","17":"shipping-taxable","18":"purchasable","19":"product-type-simple"},"acf":[],"yoast_head":"<!-- This site is optimized with the Yoast SEO Premium plugin v26.8 (Yoast SEO v27.4) - https:\/\/yoast.com\/product\/yoast-seo-premium-wordpress\/ -->\n<title>Bague Maison Roca en or blanc, diamants et topaze a Andorra<\/title>\n<meta name=\"description\" content=\"Bague Maison Roca en or blanc avec topaze et diamants naturels \u00e0 Andorre, joaillerie haut de gamme au fini raffin\u00e9. D\u00e9couvrez-les chez Maison Roca\" \/>\n<meta name=\"robots\" content=\"index, follow, max-snippet:-1, max-image-preview:large, max-video-preview:-1\" \/>\n<link rel=\"canonical\" href=\"https:\/\/maisonroca.ad\/fr\/boutique\/bague-maison-roca-en-or-blanc-diamants-naturels-et-topaze\/\" \/>\n<meta property=\"og:locale\" content=\"fr_FR\" \/>\n<meta property=\"og:type\" content=\"article\" \/>\n<meta property=\"og:title\" content=\"BAGUE MAISON ROCA EN OR BLANC, DIAMANTS NATURELS ET TOPAZE\" \/>\n<meta property=\"og:description\" content=\"Bague Maison Roca en or blanc avec topaze et diamants naturels \u00e0 Andorre, joaillerie haut de gamme au fini raffin\u00e9. D\u00e9couvrez-les chez Maison Roca\" \/>\n<meta property=\"og:url\" content=\"https:\/\/maisonroca.ad\/fr\/boutique\/bague-maison-roca-en-or-blanc-diamants-naturels-et-topaze\/\" \/>\n<meta property=\"og:site_name\" content=\"Maison Roca\" \/>\n<meta property=\"article:publisher\" content=\"https:\/\/www.facebook.com\/maisonroca\" \/>\n<meta property=\"article:modified_time\" content=\"2025-08-28T09:03:49+00:00\" \/>\n<meta property=\"og:image\" content=\"https:\/\/maisonroca.ad\/wp-content\/uploads\/2025\/05\/RG726FMNWA814.jpg\" \/>\n\t<meta property=\"og:image:width\" content=\"1080\" \/>\n\t<meta property=\"og:image:height\" content=\"1080\" \/>\n\t<meta property=\"og:image:type\" content=\"image\/jpeg\" \/>\n<meta name=\"twitter:card\" content=\"summary_large_image\" \/>\n<meta name=\"twitter:label1\" content=\"Prix\" \/>\n\t<meta name=\"twitter:data1\" content=\"1.215,00&nbsp;&euro;\" \/>\n\t<meta name=\"twitter:label2\" content=\"Disponibilit\u00e9\" \/>\n\t<meta name=\"twitter:data2\" content=\"En stock\" \/>\n<script type=\"application\/ld+json\" class=\"yoast-schema-graph\">{\"@context\":\"https:\\\/\\\/schema.org\",\"@graph\":[{\"@type\":\"WebPage\",\"@id\":\"https:\\\/\\\/maisonroca.ad\\\/fr\\\/boutique\\\/bague-maison-roca-en-or-blanc-diamants-naturels-et-topaze\\\/\",\"url\":\"https:\\\/\\\/maisonroca.ad\\\/fr\\\/boutique\\\/bague-maison-roca-en-or-blanc-diamants-naturels-et-topaze\\\/\",\"name\":\"Bague Maison Roca en or blanc, diamants et topaze a Andorra\",\"isPartOf\":{\"@id\":\"https:\\\/\\\/maisonroca.ad\\\/fr\\\/#website\"},\"primaryImageOfPage\":{\"@id\":\"https:\\\/\\\/maisonroca.ad\\\/fr\\\/boutique\\\/bague-maison-roca-en-or-blanc-diamants-naturels-et-topaze\\\/#primaryimage\"},\"image\":{\"@id\":\"https:\\\/\\\/maisonroca.ad\\\/fr\\\/boutique\\\/bague-maison-roca-en-or-blanc-diamants-naturels-et-topaze\\\/#primaryimage\"},\"thumbnailUrl\":\"https:\\\/\\\/maisonroca.ad\\\/wp-content\\\/uploads\\\/2025\\\/05\\\/RG726FMNWA814.jpg\",\"datePublished\":\"2025-05-21T11:13:56+00:00\",\"dateModified\":\"2025-08-28T09:03:49+00:00\",\"description\":\"Bague Maison Roca en or blanc avec topaze et diamants naturels \u00e0 Andorre, joaillerie haut de gamme au fini raffin\u00e9. D\u00e9couvrez-les chez Maison Roca\",\"breadcrumb\":{\"@id\":\"https:\\\/\\\/maisonroca.ad\\\/fr\\\/boutique\\\/bague-maison-roca-en-or-blanc-diamants-naturels-et-topaze\\\/#breadcrumb\"},\"inLanguage\":\"fr-FR\",\"potentialAction\":[{\"@type\":\"ReadAction\",\"target\":[\"https:\\\/\\\/maisonroca.ad\\\/fr\\\/boutique\\\/bague-maison-roca-en-or-blanc-diamants-naturels-et-topaze\\\/\"]}]},{\"@type\":\"ImageObject\",\"inLanguage\":\"fr-FR\",\"@id\":\"https:\\\/\\\/maisonroca.ad\\\/fr\\\/boutique\\\/bague-maison-roca-en-or-blanc-diamants-naturels-et-topaze\\\/#primaryimage\",\"url\":\"https:\\\/\\\/maisonroca.ad\\\/wp-content\\\/uploads\\\/2025\\\/05\\\/RG726FMNWA814.jpg\",\"contentUrl\":\"https:\\\/\\\/maisonroca.ad\\\/wp-content\\\/uploads\\\/2025\\\/05\\\/RG726FMNWA814.jpg\",\"width\":1080,\"height\":1080,\"caption\":\"Anell d\u2019or blanc amb diamants naturals i topazi de Maison Roca\"},{\"@type\":\"BreadcrumbList\",\"@id\":\"https:\\\/\\\/maisonroca.ad\\\/fr\\\/boutique\\\/bague-maison-roca-en-or-blanc-diamants-naturels-et-topaze\\\/#breadcrumb\",\"itemListElement\":[{\"@type\":\"ListItem\",\"position\":1,\"name\":\"Portada\",\"item\":\"https:\\\/\\\/maisonroca.ad\\\/fr\\\/\"},{\"@type\":\"ListItem\",\"position\":2,\"name\":\"Botiga\",\"item\":\"https:\\\/\\\/maisonroca.ad\\\/botiga\\\/\"},{\"@type\":\"ListItem\",\"position\":3,\"name\":\"BAGUE MAISON ROCA EN OR BLANC, DIAMANTS NATURELS ET TOPAZE\"}]},{\"@type\":\"WebSite\",\"@id\":\"https:\\\/\\\/maisonroca.ad\\\/fr\\\/#website\",\"url\":\"https:\\\/\\\/maisonroca.ad\\\/fr\\\/\",\"name\":\"Maison Roca\",\"description\":\"Bold Luxury Life - joieria d&#039;autor - Andorra\",\"publisher\":{\"@id\":\"https:\\\/\\\/maisonroca.ad\\\/fr\\\/#organization\"},\"potentialAction\":[{\"@type\":\"SearchAction\",\"target\":{\"@type\":\"EntryPoint\",\"urlTemplate\":\"https:\\\/\\\/maisonroca.ad\\\/fr\\\/?s={search_term_string}\"},\"query-input\":{\"@type\":\"PropertyValueSpecification\",\"valueRequired\":true,\"valueName\":\"search_term_string\"}}],\"inLanguage\":\"fr-FR\"},{\"@type\":\"Organization\",\"@id\":\"https:\\\/\\\/maisonroca.ad\\\/fr\\\/#organization\",\"name\":\"Maison Roca\",\"url\":\"https:\\\/\\\/maisonroca.ad\\\/fr\\\/\",\"logo\":{\"@type\":\"ImageObject\",\"inLanguage\":\"fr-FR\",\"@id\":\"https:\\\/\\\/maisonroca.ad\\\/fr\\\/#\\\/schema\\\/logo\\\/image\\\/\",\"url\":\"https:\\\/\\\/maisonroca.ad\\\/wp-content\\\/uploads\\\/2023\\\/10\\\/icono.png\",\"contentUrl\":\"https:\\\/\\\/maisonroca.ad\\\/wp-content\\\/uploads\\\/2023\\\/10\\\/icono.png\",\"width\":512,\"height\":512,\"caption\":\"Maison Roca\"},\"image\":{\"@id\":\"https:\\\/\\\/maisonroca.ad\\\/fr\\\/#\\\/schema\\\/logo\\\/image\\\/\"},\"sameAs\":[\"https:\\\/\\\/www.facebook.com\\\/maisonroca\",\"https:\\\/\\\/www.instagram.com\\\/maisonroca\\\/\"]}]}<\/script>\n<meta property=\"product:price:amount\" content=\"1215.00\" \/>\n<meta property=\"product:price:currency\" content=\"EUR\" \/>\n<meta property=\"og:availability\" content=\"instock\" \/>\n<meta property=\"product:availability\" content=\"instock\" \/>\n<meta property=\"product:retailer_item_id\" content=\"RG726FMNWA814\" \/>\n<meta property=\"product:condition\" content=\"new\" \/>\n<!-- \/ Yoast SEO Premium plugin. -->","yoast_head_json":{"title":"Bague Maison Roca en or blanc, diamants et topaze a Andorra","description":"Bague Maison Roca en or blanc avec topaze et diamants naturels \u00e0 Andorre, joaillerie haut de gamme au fini raffin\u00e9. D\u00e9couvrez-les chez Maison Roca","robots":{"index":"index","follow":"follow","max-snippet":"max-snippet:-1","max-image-preview":"max-image-preview:large","max-video-preview":"max-video-preview:-1"},"canonical":"https:\/\/maisonroca.ad\/fr\/boutique\/bague-maison-roca-en-or-blanc-diamants-naturels-et-topaze\/","og_locale":"fr_FR","og_type":"article","og_title":"BAGUE MAISON ROCA EN OR BLANC, DIAMANTS NATURELS ET TOPAZE","og_description":"Bague Maison Roca en or blanc avec topaze et diamants naturels \u00e0 Andorre, joaillerie haut de gamme au fini raffin\u00e9. D\u00e9couvrez-les chez Maison Roca","og_url":"https:\/\/maisonroca.ad\/fr\/boutique\/bague-maison-roca-en-or-blanc-diamants-naturels-et-topaze\/","og_site_name":"Maison Roca","article_publisher":"https:\/\/www.facebook.com\/maisonroca","article_modified_time":"2025-08-28T09:03:49+00:00","og_image":[{"width":1080,"height":1080,"url":"https:\/\/maisonroca.ad\/wp-content\/uploads\/2025\/05\/RG726FMNWA814.jpg","type":"image\/jpeg"}],"twitter_card":"summary_large_image","twitter_misc":{"Prix":"1.215,00&nbsp;&euro;","Disponibilit\u00e9":"En stock"},"schema":{"@context":"https:\/\/schema.org","@graph":[{"@type":"WebPage","@id":"https:\/\/maisonroca.ad\/fr\/boutique\/bague-maison-roca-en-or-blanc-diamants-naturels-et-topaze\/","url":"https:\/\/maisonroca.ad\/fr\/boutique\/bague-maison-roca-en-or-blanc-diamants-naturels-et-topaze\/","name":"Bague Maison Roca en or blanc, diamants et topaze a Andorra","isPartOf":{"@id":"https:\/\/maisonroca.ad\/fr\/#website"},"primaryImageOfPage":{"@id":"https:\/\/maisonroca.ad\/fr\/boutique\/bague-maison-roca-en-or-blanc-diamants-naturels-et-topaze\/#primaryimage"},"image":{"@id":"https:\/\/maisonroca.ad\/fr\/boutique\/bague-maison-roca-en-or-blanc-diamants-naturels-et-topaze\/#primaryimage"},"thumbnailUrl":"https:\/\/maisonroca.ad\/wp-content\/uploads\/2025\/05\/RG726FMNWA814.jpg","datePublished":"2025-05-21T11:13:56+00:00","dateModified":"2025-08-28T09:03:49+00:00","description":"Bague Maison Roca en or blanc avec topaze et diamants naturels \u00e0 Andorre, joaillerie haut de gamme au fini raffin\u00e9. D\u00e9couvrez-les chez Maison Roca","breadcrumb":{"@id":"https:\/\/maisonroca.ad\/fr\/boutique\/bague-maison-roca-en-or-blanc-diamants-naturels-et-topaze\/#breadcrumb"},"inLanguage":"fr-FR","potentialAction":[{"@type":"ReadAction","target":["https:\/\/maisonroca.ad\/fr\/boutique\/bague-maison-roca-en-or-blanc-diamants-naturels-et-topaze\/"]}]},{"@type":"ImageObject","inLanguage":"fr-FR","@id":"https:\/\/maisonroca.ad\/fr\/boutique\/bague-maison-roca-en-or-blanc-diamants-naturels-et-topaze\/#primaryimage","url":"https:\/\/maisonroca.ad\/wp-content\/uploads\/2025\/05\/RG726FMNWA814.jpg","contentUrl":"https:\/\/maisonroca.ad\/wp-content\/uploads\/2025\/05\/RG726FMNWA814.jpg","width":1080,"height":1080,"caption":"Anell d\u2019or blanc amb diamants naturals i topazi de Maison Roca"},{"@type":"BreadcrumbList","@id":"https:\/\/maisonroca.ad\/fr\/boutique\/bague-maison-roca-en-or-blanc-diamants-naturels-et-topaze\/#breadcrumb","itemListElement":[{"@type":"ListItem","position":1,"name":"Portada","item":"https:\/\/maisonroca.ad\/fr\/"},{"@type":"ListItem","position":2,"name":"Botiga","item":"https:\/\/maisonroca.ad\/botiga\/"},{"@type":"ListItem","position":3,"name":"BAGUE MAISON ROCA EN OR BLANC, DIAMANTS NATURELS ET TOPAZE"}]},{"@type":"WebSite","@id":"https:\/\/maisonroca.ad\/fr\/#website","url":"https:\/\/maisonroca.ad\/fr\/","name":"Maison Roca","description":"Bold Luxury Life - joieria d&#039;autor - Andorra","publisher":{"@id":"https:\/\/maisonroca.ad\/fr\/#organization"},"potentialAction":[{"@type":"SearchAction","target":{"@type":"EntryPoint","urlTemplate":"https:\/\/maisonroca.ad\/fr\/?s={search_term_string}"},"query-input":{"@type":"PropertyValueSpecification","valueRequired":true,"valueName":"search_term_string"}}],"inLanguage":"fr-FR"},{"@type":"Organization","@id":"https:\/\/maisonroca.ad\/fr\/#organization","name":"Maison Roca","url":"https:\/\/maisonroca.ad\/fr\/","logo":{"@type":"ImageObject","inLanguage":"fr-FR","@id":"https:\/\/maisonroca.ad\/fr\/#\/schema\/logo\/image\/","url":"https:\/\/maisonroca.ad\/wp-content\/uploads\/2023\/10\/icono.png","contentUrl":"https:\/\/maisonroca.ad\/wp-content\/uploads\/2023\/10\/icono.png","width":512,"height":512,"caption":"Maison Roca"},"image":{"@id":"https:\/\/maisonroca.ad\/fr\/#\/schema\/logo\/image\/"},"sameAs":["https:\/\/www.facebook.com\/maisonroca","https:\/\/www.instagram.com\/maisonroca\/"]}]},"product_price_amount":"1215.00","product_price_currency":"EUR","og_availability":"instock","product_availability":"instock","product_retailer_item_id":"RG726FMNWA814","product_condition":"new"},"_links":{"self":[{"href":"https:\/\/maisonroca.ad\/fr\/wp-json\/wp\/v2\/product\/72972","targetHints":{"allow":["GET"]}}],"collection":[{"href":"https:\/\/maisonroca.ad\/fr\/wp-json\/wp\/v2\/product"}],"about":[{"href":"https:\/\/maisonroca.ad\/fr\/wp-json\/wp\/v2\/types\/product"}],"replies":[{"embeddable":true,"href":"https:\/\/maisonroca.ad\/fr\/wp-json\/wp\/v2\/comments?post=72972"}],"version-history":[{"count":4,"href":"https:\/\/maisonroca.ad\/fr\/wp-json\/wp\/v2\/product\/72972\/revisions"}],"predecessor-version":[{"id":79131,"href":"https:\/\/maisonroca.ad\/fr\/wp-json\/wp\/v2\/product\/72972\/revisions\/79131"}],"wp:featuredmedia":[{"embeddable":true,"href":"https:\/\/maisonroca.ad\/fr\/wp-json\/wp\/v2\/media\/72655"}],"wp:attachment":[{"href":"https:\/\/maisonroca.ad\/fr\/wp-json\/wp\/v2\/media?parent=72972"}],"wp:term":[{"taxonomy":"product_brand","embeddable":true,"href":"https:\/\/maisonroca.ad\/fr\/wp-json\/wp\/v2\/product_brand?post=72972"},{"taxonomy":"product_cat","embeddable":true,"href":"https:\/\/maisonroca.ad\/fr\/wp-json\/wp\/v2\/product_cat?post=72972"},{"taxonomy":"product_tag","embeddable":true,"href":"https:\/\/maisonroca.ad\/fr\/wp-json\/wp\/v2\/product_tag?post=72972"}],"curies":[{"name":"wp","href":"https:\/\/api.w.org\/{rel}","templated":true}]}}