{"id":72974,"date":"2025-05-21T13:14:14","date_gmt":"2025-05-21T11:14:14","guid":{"rendered":"https:\/\/maisonroca.ad\/?post_type=product&#038;p=72974"},"modified":"2025-08-13T12:05:13","modified_gmt":"2025-08-13T10:05:13","slug":"bague-maison-roca-en-or-blanc-diamants-naturels-et-emeraude","status":"publish","type":"product","link":"https:\/\/maisonroca.ad\/fr\/boutique\/bague-maison-roca-en-or-blanc-diamants-naturels-et-emeraude\/","title":{"rendered":"BAGUE MAISON ROCA, EN OR BLANC, DIAMANTS NATURELS ET \u00c9MERAUDE"},"content":{"rendered":"<p data-start=\"903\" data-end=\"1173\">La bague Maison Roca en or blanc avec \u00e9meraude \u00e0 Andorre associe la puret\u00e9 de l\u2019or blanc \u00e0 l\u2019intensit\u00e9 vibrante du vert de sa pierre centrale. R\u00e9alis\u00e9e en or blanc 18 carats, elle est orn\u00e9e de diamants naturels qui, ensemble, offrent une brillance subtile et raffin\u00e9e.<\/p>\n<p data-start=\"1175\" data-end=\"1454\">L\u2019\u00e9meraude centrale, \u00e0 la taille exquise et \u00e0 la couleur verte profonde, apporte une \u00e9l\u00e9gance intemporelle et une lumi\u00e8re unique. Cette pi\u00e8ce fait partie de la collection de haute joaillerie de Maison Roca, con\u00e7ue pour les femmes qui appr\u00e9cient l\u2019exclusivit\u00e9 et la distinction.<\/p>\n<p><strong data-start=\"1456\" data-end=\"1467\">D\u00e9tails<\/strong><\/p>\n<ul>\n<li>Mat\u00e9riau : Or blanc 18k<\/li>\n<li>Pierre centrale : \u00c9meraude \u2013 0,79 ct<\/li>\n<li>14 diamants naturels \u2013 0,57 ct au total \u2013 couleur F\u2013G \u2013 puret\u00e9 VS<\/li>\n<\/ul>\n<p data-start=\"2521\" data-end=\"2711\"><b>PRIX SUR DEMANDE\u00a0<\/b><\/p>\n","protected":false},"excerpt":{"rendered":"<p>Bague Maison Roca en or blanc avec \u00e9meraude \u00e0 Andorre, avec diamants naturels et finition raffin\u00e9e. Une pi\u00e8ce de joaillerie haut de gamme \u00e0 l\u2019\u00e9l\u00e9gance intemporelle et au caract\u00e8re distinctif.<\/p>\n","protected":false},"featured_media":72671,"comment_status":"open","ping_status":"closed","template":"","meta":{"_acf_changed":false,"_monsterinsights_skip_tracking":false,"_monsterinsights_sitenote_active":false,"_monsterinsights_sitenote_note":"","_monsterinsights_sitenote_category":0},"product_brand":[],"product_cat":[1244,1270],"product_tag":[2192,3467,2658,2725,2171,2736],"class_list":{"0":"post-72974","1":"product","2":"type-product","3":"status-publish","4":"has-post-thumbnail","6":"product_cat-bijou","7":"product_cat-maison-roca-fr","8":"product_tag-diamants-2","9":"product_tag-diamonds-fr","10":"product_tag-maison-roca-fr","11":"product_tag-naturals-fr","12":"product_tag-or-blanc-2","13":"product_tag-safirs-fr","15":"first","16":"instock","17":"shipping-taxable","18":"product-type-simple"},"acf":[],"yoast_head":"<!-- This site is optimized with the Yoast SEO Premium plugin v26.8 (Yoast SEO v27.4) - https:\/\/yoast.com\/product\/yoast-seo-premium-wordpress\/ -->\n<title>Bague en or blanc avec diamants et \u00e9meraude | Maison Roca<\/title>\n<meta name=\"description\" content=\"Bague en or blanc avec diamants et \u00e9meraude. Joaillerie haut de gamme en Andorre. 18k, 14 diamants et une \u00e9meraude centrale de 0,79 ct.\" \/>\n<meta name=\"robots\" content=\"index, follow, max-snippet:-1, max-image-preview:large, max-video-preview:-1\" \/>\n<link rel=\"canonical\" href=\"https:\/\/maisonroca.ad\/fr\/boutique\/bague-maison-roca-en-or-blanc-diamants-naturels-et-emeraude\/\" \/>\n<meta property=\"og:locale\" content=\"fr_FR\" \/>\n<meta property=\"og:type\" content=\"article\" \/>\n<meta property=\"og:title\" content=\"BAGUE MAISON ROCA, EN OR BLANC, DIAMANTS NATURELS ET \u00c9MERAUDE\" \/>\n<meta property=\"og:description\" content=\"Bague en or blanc avec diamants et \u00e9meraude. Joaillerie haut de gamme en Andorre. 18k, 14 diamants et une \u00e9meraude centrale de 0,79 ct.\" \/>\n<meta property=\"og:url\" content=\"https:\/\/maisonroca.ad\/fr\/boutique\/bague-maison-roca-en-or-blanc-diamants-naturels-et-emeraude\/\" \/>\n<meta property=\"og:site_name\" content=\"Maison Roca\" \/>\n<meta property=\"article:publisher\" content=\"https:\/\/www.facebook.com\/maisonroca\" \/>\n<meta property=\"article:modified_time\" content=\"2025-08-13T10:05:13+00:00\" \/>\n<meta property=\"og:image\" content=\"https:\/\/maisonroca.ad\/wp-content\/uploads\/2025\/05\/RH116FMPWA014.jpg\" \/>\n\t<meta property=\"og:image:width\" content=\"1080\" \/>\n\t<meta property=\"og:image:height\" content=\"1080\" \/>\n\t<meta property=\"og:image:type\" content=\"image\/jpeg\" \/>\n<meta name=\"twitter:card\" content=\"summary_large_image\" \/>\n<meta name=\"twitter:label1\" content=\"Prix\" \/>\n\t<meta name=\"twitter:data1\" content=\"\" \/>\n\t<meta name=\"twitter:label2\" content=\"Disponibilit\u00e9\" \/>\n\t<meta name=\"twitter:data2\" content=\"En stock\" \/>\n<script type=\"application\/ld+json\" class=\"yoast-schema-graph\">{\"@context\":\"https:\\\/\\\/schema.org\",\"@graph\":[{\"@type\":\"WebPage\",\"@id\":\"https:\\\/\\\/maisonroca.ad\\\/fr\\\/boutique\\\/bague-maison-roca-en-or-blanc-diamants-naturels-et-emeraude\\\/\",\"url\":\"https:\\\/\\\/maisonroca.ad\\\/fr\\\/boutique\\\/bague-maison-roca-en-or-blanc-diamants-naturels-et-emeraude\\\/\",\"name\":\"Bague en or blanc avec diamants et \u00e9meraude | Maison Roca\",\"isPartOf\":{\"@id\":\"https:\\\/\\\/maisonroca.ad\\\/fr\\\/#website\"},\"primaryImageOfPage\":{\"@id\":\"https:\\\/\\\/maisonroca.ad\\\/fr\\\/boutique\\\/bague-maison-roca-en-or-blanc-diamants-naturels-et-emeraude\\\/#primaryimage\"},\"image\":{\"@id\":\"https:\\\/\\\/maisonroca.ad\\\/fr\\\/boutique\\\/bague-maison-roca-en-or-blanc-diamants-naturels-et-emeraude\\\/#primaryimage\"},\"thumbnailUrl\":\"https:\\\/\\\/maisonroca.ad\\\/wp-content\\\/uploads\\\/2025\\\/05\\\/RH116FMPWA014.jpg\",\"datePublished\":\"2025-05-21T11:14:14+00:00\",\"dateModified\":\"2025-08-13T10:05:13+00:00\",\"description\":\"Bague en or blanc avec diamants et \u00e9meraude. Joaillerie haut de gamme en Andorre. 18k, 14 diamants et une \u00e9meraude centrale de 0,79 ct.\",\"breadcrumb\":{\"@id\":\"https:\\\/\\\/maisonroca.ad\\\/fr\\\/boutique\\\/bague-maison-roca-en-or-blanc-diamants-naturels-et-emeraude\\\/#breadcrumb\"},\"inLanguage\":\"fr-FR\",\"potentialAction\":[{\"@type\":\"ReadAction\",\"target\":[\"https:\\\/\\\/maisonroca.ad\\\/fr\\\/boutique\\\/bague-maison-roca-en-or-blanc-diamants-naturels-et-emeraude\\\/\"]}]},{\"@type\":\"ImageObject\",\"inLanguage\":\"fr-FR\",\"@id\":\"https:\\\/\\\/maisonroca.ad\\\/fr\\\/boutique\\\/bague-maison-roca-en-or-blanc-diamants-naturels-et-emeraude\\\/#primaryimage\",\"url\":\"https:\\\/\\\/maisonroca.ad\\\/wp-content\\\/uploads\\\/2025\\\/05\\\/RH116FMPWA014.jpg\",\"contentUrl\":\"https:\\\/\\\/maisonroca.ad\\\/wp-content\\\/uploads\\\/2025\\\/05\\\/RH116FMPWA014.jpg\",\"width\":1080,\"height\":1080,\"caption\":\"Anell d\u2019or blanc amb diamants naturals i maragda de Maison Roca\"},{\"@type\":\"BreadcrumbList\",\"@id\":\"https:\\\/\\\/maisonroca.ad\\\/fr\\\/boutique\\\/bague-maison-roca-en-or-blanc-diamants-naturels-et-emeraude\\\/#breadcrumb\",\"itemListElement\":[{\"@type\":\"ListItem\",\"position\":1,\"name\":\"Portada\",\"item\":\"https:\\\/\\\/maisonroca.ad\\\/fr\\\/\"},{\"@type\":\"ListItem\",\"position\":2,\"name\":\"Botiga\",\"item\":\"https:\\\/\\\/maisonroca.ad\\\/botiga\\\/\"},{\"@type\":\"ListItem\",\"position\":3,\"name\":\"BAGUE MAISON ROCA, EN OR BLANC, DIAMANTS NATURELS ET \u00c9MERAUDE\"}]},{\"@type\":\"WebSite\",\"@id\":\"https:\\\/\\\/maisonroca.ad\\\/fr\\\/#website\",\"url\":\"https:\\\/\\\/maisonroca.ad\\\/fr\\\/\",\"name\":\"Maison Roca\",\"description\":\"Bold Luxury Life - joieria d&#039;autor - Andorra\",\"publisher\":{\"@id\":\"https:\\\/\\\/maisonroca.ad\\\/fr\\\/#organization\"},\"potentialAction\":[{\"@type\":\"SearchAction\",\"target\":{\"@type\":\"EntryPoint\",\"urlTemplate\":\"https:\\\/\\\/maisonroca.ad\\\/fr\\\/?s={search_term_string}\"},\"query-input\":{\"@type\":\"PropertyValueSpecification\",\"valueRequired\":true,\"valueName\":\"search_term_string\"}}],\"inLanguage\":\"fr-FR\"},{\"@type\":\"Organization\",\"@id\":\"https:\\\/\\\/maisonroca.ad\\\/fr\\\/#organization\",\"name\":\"Maison Roca\",\"url\":\"https:\\\/\\\/maisonroca.ad\\\/fr\\\/\",\"logo\":{\"@type\":\"ImageObject\",\"inLanguage\":\"fr-FR\",\"@id\":\"https:\\\/\\\/maisonroca.ad\\\/fr\\\/#\\\/schema\\\/logo\\\/image\\\/\",\"url\":\"https:\\\/\\\/maisonroca.ad\\\/wp-content\\\/uploads\\\/2023\\\/10\\\/icono.png\",\"contentUrl\":\"https:\\\/\\\/maisonroca.ad\\\/wp-content\\\/uploads\\\/2023\\\/10\\\/icono.png\",\"width\":512,\"height\":512,\"caption\":\"Maison Roca\"},\"image\":{\"@id\":\"https:\\\/\\\/maisonroca.ad\\\/fr\\\/#\\\/schema\\\/logo\\\/image\\\/\"},\"sameAs\":[\"https:\\\/\\\/www.facebook.com\\\/maisonroca\",\"https:\\\/\\\/www.instagram.com\\\/maisonroca\\\/\"]}]}<\/script>\n<meta property=\"product:price:currency\" content=\"EUR\" \/>\n<meta property=\"og:availability\" content=\"instock\" \/>\n<meta property=\"product:availability\" content=\"instock\" \/>\n<meta property=\"product:retailer_item_id\" content=\"RH116FMPWA014\" \/>\n<meta property=\"product:condition\" content=\"new\" \/>\n<!-- \/ Yoast SEO Premium plugin. -->","yoast_head_json":{"title":"Bague en or blanc avec diamants et \u00e9meraude | Maison Roca","description":"Bague en or blanc avec diamants et \u00e9meraude. Joaillerie haut de gamme en Andorre. 18k, 14 diamants et une \u00e9meraude centrale de 0,79 ct.","robots":{"index":"index","follow":"follow","max-snippet":"max-snippet:-1","max-image-preview":"max-image-preview:large","max-video-preview":"max-video-preview:-1"},"canonical":"https:\/\/maisonroca.ad\/fr\/boutique\/bague-maison-roca-en-or-blanc-diamants-naturels-et-emeraude\/","og_locale":"fr_FR","og_type":"article","og_title":"BAGUE MAISON ROCA, EN OR BLANC, DIAMANTS NATURELS ET \u00c9MERAUDE","og_description":"Bague en or blanc avec diamants et \u00e9meraude. Joaillerie haut de gamme en Andorre. 18k, 14 diamants et une \u00e9meraude centrale de 0,79 ct.","og_url":"https:\/\/maisonroca.ad\/fr\/boutique\/bague-maison-roca-en-or-blanc-diamants-naturels-et-emeraude\/","og_site_name":"Maison Roca","article_publisher":"https:\/\/www.facebook.com\/maisonroca","article_modified_time":"2025-08-13T10:05:13+00:00","og_image":[{"width":1080,"height":1080,"url":"https:\/\/maisonroca.ad\/wp-content\/uploads\/2025\/05\/RH116FMPWA014.jpg","type":"image\/jpeg"}],"twitter_card":"summary_large_image","twitter_misc":{"Prix":"","Disponibilit\u00e9":"En stock"},"schema":{"@context":"https:\/\/schema.org","@graph":[{"@type":"WebPage","@id":"https:\/\/maisonroca.ad\/fr\/boutique\/bague-maison-roca-en-or-blanc-diamants-naturels-et-emeraude\/","url":"https:\/\/maisonroca.ad\/fr\/boutique\/bague-maison-roca-en-or-blanc-diamants-naturels-et-emeraude\/","name":"Bague en or blanc avec diamants et \u00e9meraude | Maison Roca","isPartOf":{"@id":"https:\/\/maisonroca.ad\/fr\/#website"},"primaryImageOfPage":{"@id":"https:\/\/maisonroca.ad\/fr\/boutique\/bague-maison-roca-en-or-blanc-diamants-naturels-et-emeraude\/#primaryimage"},"image":{"@id":"https:\/\/maisonroca.ad\/fr\/boutique\/bague-maison-roca-en-or-blanc-diamants-naturels-et-emeraude\/#primaryimage"},"thumbnailUrl":"https:\/\/maisonroca.ad\/wp-content\/uploads\/2025\/05\/RH116FMPWA014.jpg","datePublished":"2025-05-21T11:14:14+00:00","dateModified":"2025-08-13T10:05:13+00:00","description":"Bague en or blanc avec diamants et \u00e9meraude. Joaillerie haut de gamme en Andorre. 18k, 14 diamants et une \u00e9meraude centrale de 0,79 ct.","breadcrumb":{"@id":"https:\/\/maisonroca.ad\/fr\/boutique\/bague-maison-roca-en-or-blanc-diamants-naturels-et-emeraude\/#breadcrumb"},"inLanguage":"fr-FR","potentialAction":[{"@type":"ReadAction","target":["https:\/\/maisonroca.ad\/fr\/boutique\/bague-maison-roca-en-or-blanc-diamants-naturels-et-emeraude\/"]}]},{"@type":"ImageObject","inLanguage":"fr-FR","@id":"https:\/\/maisonroca.ad\/fr\/boutique\/bague-maison-roca-en-or-blanc-diamants-naturels-et-emeraude\/#primaryimage","url":"https:\/\/maisonroca.ad\/wp-content\/uploads\/2025\/05\/RH116FMPWA014.jpg","contentUrl":"https:\/\/maisonroca.ad\/wp-content\/uploads\/2025\/05\/RH116FMPWA014.jpg","width":1080,"height":1080,"caption":"Anell d\u2019or blanc amb diamants naturals i maragda de Maison Roca"},{"@type":"BreadcrumbList","@id":"https:\/\/maisonroca.ad\/fr\/boutique\/bague-maison-roca-en-or-blanc-diamants-naturels-et-emeraude\/#breadcrumb","itemListElement":[{"@type":"ListItem","position":1,"name":"Portada","item":"https:\/\/maisonroca.ad\/fr\/"},{"@type":"ListItem","position":2,"name":"Botiga","item":"https:\/\/maisonroca.ad\/botiga\/"},{"@type":"ListItem","position":3,"name":"BAGUE MAISON ROCA, EN OR BLANC, DIAMANTS NATURELS ET \u00c9MERAUDE"}]},{"@type":"WebSite","@id":"https:\/\/maisonroca.ad\/fr\/#website","url":"https:\/\/maisonroca.ad\/fr\/","name":"Maison Roca","description":"Bold Luxury Life - joieria d&#039;autor - Andorra","publisher":{"@id":"https:\/\/maisonroca.ad\/fr\/#organization"},"potentialAction":[{"@type":"SearchAction","target":{"@type":"EntryPoint","urlTemplate":"https:\/\/maisonroca.ad\/fr\/?s={search_term_string}"},"query-input":{"@type":"PropertyValueSpecification","valueRequired":true,"valueName":"search_term_string"}}],"inLanguage":"fr-FR"},{"@type":"Organization","@id":"https:\/\/maisonroca.ad\/fr\/#organization","name":"Maison Roca","url":"https:\/\/maisonroca.ad\/fr\/","logo":{"@type":"ImageObject","inLanguage":"fr-FR","@id":"https:\/\/maisonroca.ad\/fr\/#\/schema\/logo\/image\/","url":"https:\/\/maisonroca.ad\/wp-content\/uploads\/2023\/10\/icono.png","contentUrl":"https:\/\/maisonroca.ad\/wp-content\/uploads\/2023\/10\/icono.png","width":512,"height":512,"caption":"Maison Roca"},"image":{"@id":"https:\/\/maisonroca.ad\/fr\/#\/schema\/logo\/image\/"},"sameAs":["https:\/\/www.facebook.com\/maisonroca","https:\/\/www.instagram.com\/maisonroca\/"]}]},"product_price_currency":"EUR","og_availability":"instock","product_availability":"instock","product_retailer_item_id":"RH116FMPWA014","product_condition":"new"},"_links":{"self":[{"href":"https:\/\/maisonroca.ad\/fr\/wp-json\/wp\/v2\/product\/72974","targetHints":{"allow":["GET"]}}],"collection":[{"href":"https:\/\/maisonroca.ad\/fr\/wp-json\/wp\/v2\/product"}],"about":[{"href":"https:\/\/maisonroca.ad\/fr\/wp-json\/wp\/v2\/types\/product"}],"replies":[{"embeddable":true,"href":"https:\/\/maisonroca.ad\/fr\/wp-json\/wp\/v2\/comments?post=72974"}],"version-history":[{"count":7,"href":"https:\/\/maisonroca.ad\/fr\/wp-json\/wp\/v2\/product\/72974\/revisions"}],"predecessor-version":[{"id":78037,"href":"https:\/\/maisonroca.ad\/fr\/wp-json\/wp\/v2\/product\/72974\/revisions\/78037"}],"wp:featuredmedia":[{"embeddable":true,"href":"https:\/\/maisonroca.ad\/fr\/wp-json\/wp\/v2\/media\/72671"}],"wp:attachment":[{"href":"https:\/\/maisonroca.ad\/fr\/wp-json\/wp\/v2\/media?parent=72974"}],"wp:term":[{"taxonomy":"product_brand","embeddable":true,"href":"https:\/\/maisonroca.ad\/fr\/wp-json\/wp\/v2\/product_brand?post=72974"},{"taxonomy":"product_cat","embeddable":true,"href":"https:\/\/maisonroca.ad\/fr\/wp-json\/wp\/v2\/product_cat?post=72974"},{"taxonomy":"product_tag","embeddable":true,"href":"https:\/\/maisonroca.ad\/fr\/wp-json\/wp\/v2\/product_tag?post=72974"}],"curies":[{"name":"wp","href":"https:\/\/api.w.org\/{rel}","templated":true}]}}