{"id":72975,"date":"2025-05-21T13:13:38","date_gmt":"2025-05-21T11:13:38","guid":{"rendered":"https:\/\/maisonroca.ad\/?post_type=product&#038;p=72975"},"modified":"2025-05-26T09:36:01","modified_gmt":"2025-05-26T07:36:01","slug":"collier-maison-roca-en-or-jaune-diamants-naturels-et-citrine","status":"publish","type":"product","link":"https:\/\/maisonroca.ad\/fr\/boutique\/collier-maison-roca-en-or-jaune-diamants-naturels-et-citrine\/","title":{"rendered":"COLLIER MAISON ROCA EN OR JAUNE, DIAMANTS NATURELS ET CITRINE"},"content":{"rendered":"<p>Collier MAISON ROCA en or jaune, diamants naturels et citrine.<\/p>\n<p>Ce collier MAISON ROCA est r\u00e9alis\u00e9 en or jaune 18 carats et orn\u00e9 de diamants naturels qui apportent une brillance subtile et raffin\u00e9e. En son centre, une citrine taill\u00e9e avec soin ajoute une touche de lumi\u00e8re et de chaleur.<\/p>\n<p>D\u00e9tails:<\/p>\n<p>\u2022 Or jaune 18k<br \/>\n\u2022 34 diamants naturels 0,10 ct ghsi<br \/>\n\u2022 Citrine 0,90 ct<\/p>\n","protected":false},"excerpt":{"rendered":"<p>Collier MAISON ROCA en or jaune, diamants naturels et citrine.<\/p>\n<p>Ce collier MAISON ROCA est r\u00e9alis\u00e9 en or jaune 18 carats et orn\u00e9 de diamants naturels qui apportent une brillance subtile et raffin\u00e9e. En son centre, une citrine taill\u00e9e avec soin ajoute une touche de lumi\u00e8re et de chaleur.<\/p>\n","protected":false},"featured_media":72639,"comment_status":"open","ping_status":"closed","template":"","meta":{"_acf_changed":false,"_monsterinsights_skip_tracking":false,"_monsterinsights_sitenote_active":false,"_monsterinsights_sitenote_note":"","_monsterinsights_sitenote_category":0},"product_brand":[],"product_cat":[1244,1270],"product_tag":[3546,2824,2192,3467,2658,2725,2732],"class_list":{"0":"post-72975","1":"product","2":"type-product","3":"status-publish","4":"has-post-thumbnail","6":"product_cat-bijou","7":"product_cat-maison-roca-fr","8":"product_tag-anells-fr-2","9":"product_tag-citrini-fr","10":"product_tag-diamants-2","11":"product_tag-diamonds-fr","12":"product_tag-maison-roca-fr","13":"product_tag-naturals-fr","14":"product_tag-or-groc-fr","16":"first","17":"instock","18":"shipping-taxable","19":"purchasable","20":"product-type-simple"},"acf":[],"yoast_head":"<!-- This site is optimized with the Yoast SEO Premium plugin v26.8 (Yoast SEO v27.4) - https:\/\/yoast.com\/product\/yoast-seo-premium-wordpress\/ -->\n<title>COLLIER MAISON ROCA EN OR JAUNE, DIAMANTS NATURELS ET CITRINE - Maison Roca<\/title>\n<meta name=\"robots\" content=\"index, follow, max-snippet:-1, max-image-preview:large, max-video-preview:-1\" \/>\n<link rel=\"canonical\" href=\"https:\/\/maisonroca.ad\/fr\/boutique\/collier-maison-roca-en-or-jaune-diamants-naturels-et-citrine\/\" \/>\n<meta property=\"og:locale\" content=\"fr_FR\" \/>\n<meta property=\"og:type\" content=\"article\" \/>\n<meta property=\"og:title\" content=\"COLLIER MAISON ROCA EN OR JAUNE, DIAMANTS NATURELS ET CITRINE\" \/>\n<meta property=\"og:description\" content=\"Collier MAISON ROCA en or jaune, diamants naturels et citrine.  Ce collier MAISON ROCA est r\u00e9alis\u00e9 en or jaune 18 carats et orn\u00e9 de diamants naturels qui apportent une brillance subtile et raffin\u00e9e. En son centre, une citrine taill\u00e9e avec soin ajoute une touche de lumi\u00e8re et de chaleur.\" \/>\n<meta property=\"og:url\" content=\"https:\/\/maisonroca.ad\/fr\/boutique\/collier-maison-roca-en-or-jaune-diamants-naturels-et-citrine\/\" \/>\n<meta property=\"og:site_name\" content=\"Maison Roca\" \/>\n<meta property=\"article:publisher\" content=\"https:\/\/www.facebook.com\/maisonroca\" \/>\n<meta property=\"article:modified_time\" content=\"2025-05-26T07:36:01+00:00\" \/>\n<meta property=\"og:image\" content=\"https:\/\/maisonroca.ad\/wp-content\/uploads\/2025\/05\/P8700FMGYNC80.jpg\" \/>\n\t<meta property=\"og:image:width\" content=\"1080\" \/>\n\t<meta property=\"og:image:height\" content=\"1080\" \/>\n\t<meta property=\"og:image:type\" content=\"image\/jpeg\" \/>\n<meta name=\"twitter:card\" content=\"summary_large_image\" \/>\n<meta name=\"twitter:label1\" content=\"Prix\" \/>\n\t<meta name=\"twitter:data1\" content=\"1.155,00&nbsp;&euro;\" \/>\n\t<meta name=\"twitter:label2\" content=\"Disponibilit\u00e9\" \/>\n\t<meta name=\"twitter:data2\" content=\"En stock\" \/>\n<script type=\"application\/ld+json\" class=\"yoast-schema-graph\">{\"@context\":\"https:\\\/\\\/schema.org\",\"@graph\":[{\"@type\":\"WebPage\",\"@id\":\"https:\\\/\\\/maisonroca.ad\\\/fr\\\/boutique\\\/collier-maison-roca-en-or-jaune-diamants-naturels-et-citrine\\\/\",\"url\":\"https:\\\/\\\/maisonroca.ad\\\/fr\\\/boutique\\\/collier-maison-roca-en-or-jaune-diamants-naturels-et-citrine\\\/\",\"name\":\"COLLIER MAISON ROCA EN OR JAUNE, DIAMANTS NATURELS ET CITRINE - Maison Roca\",\"isPartOf\":{\"@id\":\"https:\\\/\\\/maisonroca.ad\\\/fr\\\/#website\"},\"primaryImageOfPage\":{\"@id\":\"https:\\\/\\\/maisonroca.ad\\\/fr\\\/boutique\\\/collier-maison-roca-en-or-jaune-diamants-naturels-et-citrine\\\/#primaryimage\"},\"image\":{\"@id\":\"https:\\\/\\\/maisonroca.ad\\\/fr\\\/boutique\\\/collier-maison-roca-en-or-jaune-diamants-naturels-et-citrine\\\/#primaryimage\"},\"thumbnailUrl\":\"https:\\\/\\\/maisonroca.ad\\\/wp-content\\\/uploads\\\/2025\\\/05\\\/P8700FMGYNC80.jpg\",\"datePublished\":\"2025-05-21T11:13:38+00:00\",\"dateModified\":\"2025-05-26T07:36:01+00:00\",\"breadcrumb\":{\"@id\":\"https:\\\/\\\/maisonroca.ad\\\/fr\\\/boutique\\\/collier-maison-roca-en-or-jaune-diamants-naturels-et-citrine\\\/#breadcrumb\"},\"inLanguage\":\"fr-FR\",\"potentialAction\":[{\"@type\":\"ReadAction\",\"target\":[\"https:\\\/\\\/maisonroca.ad\\\/fr\\\/boutique\\\/collier-maison-roca-en-or-jaune-diamants-naturels-et-citrine\\\/\"]}]},{\"@type\":\"ImageObject\",\"inLanguage\":\"fr-FR\",\"@id\":\"https:\\\/\\\/maisonroca.ad\\\/fr\\\/boutique\\\/collier-maison-roca-en-or-jaune-diamants-naturels-et-citrine\\\/#primaryimage\",\"url\":\"https:\\\/\\\/maisonroca.ad\\\/wp-content\\\/uploads\\\/2025\\\/05\\\/P8700FMGYNC80.jpg\",\"contentUrl\":\"https:\\\/\\\/maisonroca.ad\\\/wp-content\\\/uploads\\\/2025\\\/05\\\/P8700FMGYNC80.jpg\",\"width\":1080,\"height\":1080},{\"@type\":\"BreadcrumbList\",\"@id\":\"https:\\\/\\\/maisonroca.ad\\\/fr\\\/boutique\\\/collier-maison-roca-en-or-jaune-diamants-naturels-et-citrine\\\/#breadcrumb\",\"itemListElement\":[{\"@type\":\"ListItem\",\"position\":1,\"name\":\"Portada\",\"item\":\"https:\\\/\\\/maisonroca.ad\\\/fr\\\/\"},{\"@type\":\"ListItem\",\"position\":2,\"name\":\"Botiga\",\"item\":\"https:\\\/\\\/maisonroca.ad\\\/botiga\\\/\"},{\"@type\":\"ListItem\",\"position\":3,\"name\":\"COLLIER MAISON ROCA EN OR JAUNE, DIAMANTS NATURELS ET CITRINE\"}]},{\"@type\":\"WebSite\",\"@id\":\"https:\\\/\\\/maisonroca.ad\\\/fr\\\/#website\",\"url\":\"https:\\\/\\\/maisonroca.ad\\\/fr\\\/\",\"name\":\"Maison Roca\",\"description\":\"Bold Luxury Life - joieria d&#039;autor - Andorra\",\"publisher\":{\"@id\":\"https:\\\/\\\/maisonroca.ad\\\/fr\\\/#organization\"},\"potentialAction\":[{\"@type\":\"SearchAction\",\"target\":{\"@type\":\"EntryPoint\",\"urlTemplate\":\"https:\\\/\\\/maisonroca.ad\\\/fr\\\/?s={search_term_string}\"},\"query-input\":{\"@type\":\"PropertyValueSpecification\",\"valueRequired\":true,\"valueName\":\"search_term_string\"}}],\"inLanguage\":\"fr-FR\"},{\"@type\":\"Organization\",\"@id\":\"https:\\\/\\\/maisonroca.ad\\\/fr\\\/#organization\",\"name\":\"Maison Roca\",\"url\":\"https:\\\/\\\/maisonroca.ad\\\/fr\\\/\",\"logo\":{\"@type\":\"ImageObject\",\"inLanguage\":\"fr-FR\",\"@id\":\"https:\\\/\\\/maisonroca.ad\\\/fr\\\/#\\\/schema\\\/logo\\\/image\\\/\",\"url\":\"https:\\\/\\\/maisonroca.ad\\\/wp-content\\\/uploads\\\/2023\\\/10\\\/icono.png\",\"contentUrl\":\"https:\\\/\\\/maisonroca.ad\\\/wp-content\\\/uploads\\\/2023\\\/10\\\/icono.png\",\"width\":512,\"height\":512,\"caption\":\"Maison Roca\"},\"image\":{\"@id\":\"https:\\\/\\\/maisonroca.ad\\\/fr\\\/#\\\/schema\\\/logo\\\/image\\\/\"},\"sameAs\":[\"https:\\\/\\\/www.facebook.com\\\/maisonroca\",\"https:\\\/\\\/www.instagram.com\\\/maisonroca\\\/\"]}]}<\/script>\n<meta property=\"product:price:amount\" content=\"1155.00\" \/>\n<meta property=\"product:price:currency\" content=\"EUR\" \/>\n<meta property=\"og:availability\" content=\"instock\" \/>\n<meta property=\"product:availability\" content=\"instock\" \/>\n<meta property=\"product:retailer_item_id\" content=\"P8700FMGYNC80\" \/>\n<meta property=\"product:condition\" content=\"new\" \/>\n<!-- \/ Yoast SEO Premium plugin. -->","yoast_head_json":{"title":"COLLIER MAISON ROCA EN OR JAUNE, DIAMANTS NATURELS ET CITRINE - Maison Roca","robots":{"index":"index","follow":"follow","max-snippet":"max-snippet:-1","max-image-preview":"max-image-preview:large","max-video-preview":"max-video-preview:-1"},"canonical":"https:\/\/maisonroca.ad\/fr\/boutique\/collier-maison-roca-en-or-jaune-diamants-naturels-et-citrine\/","og_locale":"fr_FR","og_type":"article","og_title":"COLLIER MAISON ROCA EN OR JAUNE, DIAMANTS NATURELS ET CITRINE","og_description":"Collier MAISON ROCA en or jaune, diamants naturels et citrine.  Ce collier MAISON ROCA est r\u00e9alis\u00e9 en or jaune 18 carats et orn\u00e9 de diamants naturels qui apportent une brillance subtile et raffin\u00e9e. En son centre, une citrine taill\u00e9e avec soin ajoute une touche de lumi\u00e8re et de chaleur.","og_url":"https:\/\/maisonroca.ad\/fr\/boutique\/collier-maison-roca-en-or-jaune-diamants-naturels-et-citrine\/","og_site_name":"Maison Roca","article_publisher":"https:\/\/www.facebook.com\/maisonroca","article_modified_time":"2025-05-26T07:36:01+00:00","og_image":[{"width":1080,"height":1080,"url":"https:\/\/maisonroca.ad\/wp-content\/uploads\/2025\/05\/P8700FMGYNC80.jpg","type":"image\/jpeg"}],"twitter_card":"summary_large_image","twitter_misc":{"Prix":"1.155,00&nbsp;&euro;","Disponibilit\u00e9":"En stock"},"schema":{"@context":"https:\/\/schema.org","@graph":[{"@type":"WebPage","@id":"https:\/\/maisonroca.ad\/fr\/boutique\/collier-maison-roca-en-or-jaune-diamants-naturels-et-citrine\/","url":"https:\/\/maisonroca.ad\/fr\/boutique\/collier-maison-roca-en-or-jaune-diamants-naturels-et-citrine\/","name":"COLLIER MAISON ROCA EN OR JAUNE, DIAMANTS NATURELS ET CITRINE - Maison Roca","isPartOf":{"@id":"https:\/\/maisonroca.ad\/fr\/#website"},"primaryImageOfPage":{"@id":"https:\/\/maisonroca.ad\/fr\/boutique\/collier-maison-roca-en-or-jaune-diamants-naturels-et-citrine\/#primaryimage"},"image":{"@id":"https:\/\/maisonroca.ad\/fr\/boutique\/collier-maison-roca-en-or-jaune-diamants-naturels-et-citrine\/#primaryimage"},"thumbnailUrl":"https:\/\/maisonroca.ad\/wp-content\/uploads\/2025\/05\/P8700FMGYNC80.jpg","datePublished":"2025-05-21T11:13:38+00:00","dateModified":"2025-05-26T07:36:01+00:00","breadcrumb":{"@id":"https:\/\/maisonroca.ad\/fr\/boutique\/collier-maison-roca-en-or-jaune-diamants-naturels-et-citrine\/#breadcrumb"},"inLanguage":"fr-FR","potentialAction":[{"@type":"ReadAction","target":["https:\/\/maisonroca.ad\/fr\/boutique\/collier-maison-roca-en-or-jaune-diamants-naturels-et-citrine\/"]}]},{"@type":"ImageObject","inLanguage":"fr-FR","@id":"https:\/\/maisonroca.ad\/fr\/boutique\/collier-maison-roca-en-or-jaune-diamants-naturels-et-citrine\/#primaryimage","url":"https:\/\/maisonroca.ad\/wp-content\/uploads\/2025\/05\/P8700FMGYNC80.jpg","contentUrl":"https:\/\/maisonroca.ad\/wp-content\/uploads\/2025\/05\/P8700FMGYNC80.jpg","width":1080,"height":1080},{"@type":"BreadcrumbList","@id":"https:\/\/maisonroca.ad\/fr\/boutique\/collier-maison-roca-en-or-jaune-diamants-naturels-et-citrine\/#breadcrumb","itemListElement":[{"@type":"ListItem","position":1,"name":"Portada","item":"https:\/\/maisonroca.ad\/fr\/"},{"@type":"ListItem","position":2,"name":"Botiga","item":"https:\/\/maisonroca.ad\/botiga\/"},{"@type":"ListItem","position":3,"name":"COLLIER MAISON ROCA EN OR JAUNE, DIAMANTS NATURELS ET CITRINE"}]},{"@type":"WebSite","@id":"https:\/\/maisonroca.ad\/fr\/#website","url":"https:\/\/maisonroca.ad\/fr\/","name":"Maison Roca","description":"Bold Luxury Life - joieria d&#039;autor - Andorra","publisher":{"@id":"https:\/\/maisonroca.ad\/fr\/#organization"},"potentialAction":[{"@type":"SearchAction","target":{"@type":"EntryPoint","urlTemplate":"https:\/\/maisonroca.ad\/fr\/?s={search_term_string}"},"query-input":{"@type":"PropertyValueSpecification","valueRequired":true,"valueName":"search_term_string"}}],"inLanguage":"fr-FR"},{"@type":"Organization","@id":"https:\/\/maisonroca.ad\/fr\/#organization","name":"Maison Roca","url":"https:\/\/maisonroca.ad\/fr\/","logo":{"@type":"ImageObject","inLanguage":"fr-FR","@id":"https:\/\/maisonroca.ad\/fr\/#\/schema\/logo\/image\/","url":"https:\/\/maisonroca.ad\/wp-content\/uploads\/2023\/10\/icono.png","contentUrl":"https:\/\/maisonroca.ad\/wp-content\/uploads\/2023\/10\/icono.png","width":512,"height":512,"caption":"Maison Roca"},"image":{"@id":"https:\/\/maisonroca.ad\/fr\/#\/schema\/logo\/image\/"},"sameAs":["https:\/\/www.facebook.com\/maisonroca","https:\/\/www.instagram.com\/maisonroca\/"]}]},"product_price_amount":"1155.00","product_price_currency":"EUR","og_availability":"instock","product_availability":"instock","product_retailer_item_id":"P8700FMGYNC80","product_condition":"new"},"_links":{"self":[{"href":"https:\/\/maisonroca.ad\/fr\/wp-json\/wp\/v2\/product\/72975","targetHints":{"allow":["GET"]}}],"collection":[{"href":"https:\/\/maisonroca.ad\/fr\/wp-json\/wp\/v2\/product"}],"about":[{"href":"https:\/\/maisonroca.ad\/fr\/wp-json\/wp\/v2\/types\/product"}],"replies":[{"embeddable":true,"href":"https:\/\/maisonroca.ad\/fr\/wp-json\/wp\/v2\/comments?post=72975"}],"version-history":[{"count":2,"href":"https:\/\/maisonroca.ad\/fr\/wp-json\/wp\/v2\/product\/72975\/revisions"}],"predecessor-version":[{"id":74830,"href":"https:\/\/maisonroca.ad\/fr\/wp-json\/wp\/v2\/product\/72975\/revisions\/74830"}],"wp:featuredmedia":[{"embeddable":true,"href":"https:\/\/maisonroca.ad\/fr\/wp-json\/wp\/v2\/media\/72639"}],"wp:attachment":[{"href":"https:\/\/maisonroca.ad\/fr\/wp-json\/wp\/v2\/media?parent=72975"}],"wp:term":[{"taxonomy":"product_brand","embeddable":true,"href":"https:\/\/maisonroca.ad\/fr\/wp-json\/wp\/v2\/product_brand?post=72975"},{"taxonomy":"product_cat","embeddable":true,"href":"https:\/\/maisonroca.ad\/fr\/wp-json\/wp\/v2\/product_cat?post=72975"},{"taxonomy":"product_tag","embeddable":true,"href":"https:\/\/maisonroca.ad\/fr\/wp-json\/wp\/v2\/product_tag?post=72975"}],"curies":[{"name":"wp","href":"https:\/\/api.w.org\/{rel}","templated":true}]}}