{"id":75226,"date":"2025-05-27T16:09:32","date_gmt":"2025-05-27T14:09:32","guid":{"rendered":"https:\/\/maisonroca.ad\/?post_type=product&#038;p=75226"},"modified":"2025-08-19T17:17:07","modified_gmt":"2025-08-19T15:17:07","slug":"montre-baume-mercier-riviera-de-42-mm-en-acier-3","status":"publish","type":"product","link":"https:\/\/maisonroca.ad\/fr\/boutique\/montre-baume-mercier-riviera-de-42-mm-en-acier-3\/","title":{"rendered":"MONTRE BAUME &#038; MERCIER RIVIERA DE 42 MM EN ACIER"},"content":{"rendered":"<p>La Baume &amp; Mercier Riviera se distingue par son design bicolore, audacieux et \u00e9quilibr\u00e9.<br \/>\nSon cadran blanc orn\u00e9 d\u2019un motif ondul\u00e9 est encadr\u00e9 d\u2019un rehaut noir qui accentue le contraste. Les chiffres romains, index et aiguilles facett\u00e9es sont rhodi\u00e9s et recouverts de Super-LumiNova blanche, assurant une excellente lisibilit\u00e9.<br \/>\nL\u2019aiguille des secondes noire int\u00e8gre le contrepoids iconique en forme de lettre Phi, symbole de la maison. \u00c0 l\u2019int\u00e9rieur, elle abrite un mouvement automatique avec une r\u00e9serve de marche de 38 heures et une \u00e9tanch\u00e9it\u00e9 de 10 ATM. Le bracelet en acier inoxydable est interchangeable et dot\u00e9 d\u2019un syst\u00e8me de changement rapide sans outils, offrant polyvalence et confort.<\/p>\n<p>D\u00e9tails:<\/p>\n<p>\u2022 Mouvement automatique<br \/>\n\u2022 Verre saphir<br \/>\n\u2022 \u00c9tanch\u00e9it\u00e9 : 100 m\u00e8tres<br \/>\n\u2022 Fonctions heures, minutes et secondes<br \/>\n\u2022 Guichet de date \u00e0 3 h<br \/>\n\u2022 Aiguille centrale des secondes<\/p>\n","protected":false},"excerpt":{"rendered":"<p>La Baume &amp; Mercier Riviera se distingue par son design bicolore, audacieux et \u00e9quilibr\u00e9.<br \/>\nSon cadran blanc orn\u00e9 d\u2019un motif ondul\u00e9 est encadr\u00e9 d\u2019un rehaut noir qui accentue le contraste. Les chiffres romains, index et aiguilles facett\u00e9es sont rhodi\u00e9s et recouverts de Super-LumiNova blanche, assurant une excellente lisibilit\u00e9.<br \/>\nL\u2019aiguille des secondes noire int\u00e8gre le contrepoids iconique en forme de lettre Phi, symbole de la maison. \u00c0 l\u2019int\u00e9rieur, elle abrite un mouvement automatique avec une r\u00e9serve de marche de 38 heures et une \u00e9tanch\u00e9it\u00e9 de 10 ATM. Le bracelet en acier inoxydable est interchangeable et dot\u00e9 d\u2019un syst\u00e8me de changement rapide sans outils, offrant polyvalence et confort.<\/p>\n","protected":false},"featured_media":75211,"comment_status":"closed","ping_status":"closed","template":"","meta":{"_acf_changed":false,"_monsterinsights_skip_tracking":false,"_monsterinsights_sitenote_active":false,"_monsterinsights_sitenote_note":"","_monsterinsights_sitenote_category":0},"product_brand":[],"product_cat":[1248,1245],"product_tag":[2450,2887,2889,2231,2457,2892,2893],"class_list":{"0":"post-75226","1":"product","2":"type-product","3":"status-publish","4":"has-post-thumbnail","6":"product_cat-baume-mercier-fr","7":"product_cat-montres","8":"product_tag-42-mm-2-3","9":"product_tag-acer-fr","10":"product_tag-automatic-fr","11":"product_tag-baume-mercier-3","12":"product_tag-de-100-a-300-metres-2","13":"product_tag-esportiu-fr","14":"product_tag-home-fr","16":"first","17":"instock","18":"shipping-taxable","19":"purchasable","20":"product-type-simple"},"acf":[],"yoast_head":"<!-- This site is optimized with the Yoast SEO Premium plugin v26.8 (Yoast SEO v27.3) - https:\/\/yoast.com\/product\/yoast-seo-premium-wordpress\/ -->\n<title>MONTRE BAUME &amp; MERCIER RIVIERA DE 42 MM EN ACIER - Maison Roca<\/title>\n<meta name=\"description\" content=\"Baume &amp; Mercier Riviera \u00e0 Andorre. Design bicolore, cadran blanc avec rehaut noir et bracelet acier. D\u00e9couvrez-le chez Maison Roca.\" \/>\n<meta name=\"robots\" content=\"index, follow, max-snippet:-1, max-image-preview:large, max-video-preview:-1\" \/>\n<link rel=\"canonical\" href=\"https:\/\/maisonroca.ad\/fr\/boutique\/montre-baume-mercier-riviera-de-42-mm-en-acier-3\/\" \/>\n<meta property=\"og:locale\" content=\"fr_FR\" \/>\n<meta property=\"og:type\" content=\"article\" \/>\n<meta property=\"og:title\" content=\"MONTRE BAUME &amp; MERCIER RIVIERA DE 42 MM EN ACIER\" \/>\n<meta property=\"og:description\" content=\"Baume &amp; Mercier Riviera \u00e0 Andorre. Design bicolore, cadran blanc avec rehaut noir et bracelet acier. D\u00e9couvrez-le chez Maison Roca.\" \/>\n<meta property=\"og:url\" content=\"https:\/\/maisonroca.ad\/fr\/boutique\/montre-baume-mercier-riviera-de-42-mm-en-acier-3\/\" \/>\n<meta property=\"og:site_name\" content=\"Maison Roca\" \/>\n<meta property=\"article:publisher\" content=\"https:\/\/www.facebook.com\/maisonroca\" \/>\n<meta property=\"article:modified_time\" content=\"2025-08-19T15:17:07+00:00\" \/>\n<meta property=\"og:image\" content=\"https:\/\/maisonroca.ad\/wp-content\/uploads\/2025\/05\/m0a10829.jpg\" \/>\n\t<meta property=\"og:image:width\" content=\"1080\" \/>\n\t<meta property=\"og:image:height\" content=\"1080\" \/>\n\t<meta property=\"og:image:type\" content=\"image\/jpeg\" \/>\n<meta name=\"twitter:card\" content=\"summary_large_image\" \/>\n<meta name=\"twitter:label1\" content=\"Prix\" \/>\n\t<meta name=\"twitter:data1\" content=\"2.690,00&nbsp;&euro;\" \/>\n\t<meta name=\"twitter:label2\" content=\"Disponibilit\u00e9\" \/>\n\t<meta name=\"twitter:data2\" content=\"En stock\" \/>\n<script type=\"application\/ld+json\" class=\"yoast-schema-graph\">{\"@context\":\"https:\\\/\\\/schema.org\",\"@graph\":[{\"@type\":\"WebPage\",\"@id\":\"https:\\\/\\\/maisonroca.ad\\\/fr\\\/boutique\\\/montre-baume-mercier-riviera-de-42-mm-en-acier-3\\\/\",\"url\":\"https:\\\/\\\/maisonroca.ad\\\/fr\\\/boutique\\\/montre-baume-mercier-riviera-de-42-mm-en-acier-3\\\/\",\"name\":\"MONTRE BAUME & MERCIER RIVIERA DE 42 MM EN ACIER - Maison Roca\",\"isPartOf\":{\"@id\":\"https:\\\/\\\/maisonroca.ad\\\/fr\\\/#website\"},\"primaryImageOfPage\":{\"@id\":\"https:\\\/\\\/maisonroca.ad\\\/fr\\\/boutique\\\/montre-baume-mercier-riviera-de-42-mm-en-acier-3\\\/#primaryimage\"},\"image\":{\"@id\":\"https:\\\/\\\/maisonroca.ad\\\/fr\\\/boutique\\\/montre-baume-mercier-riviera-de-42-mm-en-acier-3\\\/#primaryimage\"},\"thumbnailUrl\":\"https:\\\/\\\/maisonroca.ad\\\/wp-content\\\/uploads\\\/2025\\\/05\\\/m0a10829.jpg\",\"datePublished\":\"2025-05-27T14:09:32+00:00\",\"dateModified\":\"2025-08-19T15:17:07+00:00\",\"description\":\"Baume & Mercier Riviera \u00e0 Andorre. Design bicolore, cadran blanc avec rehaut noir et bracelet acier. D\u00e9couvrez-le chez Maison Roca.\",\"breadcrumb\":{\"@id\":\"https:\\\/\\\/maisonroca.ad\\\/fr\\\/boutique\\\/montre-baume-mercier-riviera-de-42-mm-en-acier-3\\\/#breadcrumb\"},\"inLanguage\":\"fr-FR\",\"potentialAction\":[{\"@type\":\"ReadAction\",\"target\":[\"https:\\\/\\\/maisonroca.ad\\\/fr\\\/boutique\\\/montre-baume-mercier-riviera-de-42-mm-en-acier-3\\\/\"]}]},{\"@type\":\"ImageObject\",\"inLanguage\":\"fr-FR\",\"@id\":\"https:\\\/\\\/maisonroca.ad\\\/fr\\\/boutique\\\/montre-baume-mercier-riviera-de-42-mm-en-acier-3\\\/#primaryimage\",\"url\":\"https:\\\/\\\/maisonroca.ad\\\/wp-content\\\/uploads\\\/2025\\\/05\\\/m0a10829.jpg\",\"contentUrl\":\"https:\\\/\\\/maisonroca.ad\\\/wp-content\\\/uploads\\\/2025\\\/05\\\/m0a10829.jpg\",\"width\":1080,\"height\":1080},{\"@type\":\"BreadcrumbList\",\"@id\":\"https:\\\/\\\/maisonroca.ad\\\/fr\\\/boutique\\\/montre-baume-mercier-riviera-de-42-mm-en-acier-3\\\/#breadcrumb\",\"itemListElement\":[{\"@type\":\"ListItem\",\"position\":1,\"name\":\"Portada\",\"item\":\"https:\\\/\\\/maisonroca.ad\\\/fr\\\/\"},{\"@type\":\"ListItem\",\"position\":2,\"name\":\"Botiga\",\"item\":\"https:\\\/\\\/maisonroca.ad\\\/botiga\\\/\"},{\"@type\":\"ListItem\",\"position\":3,\"name\":\"MONTRE BAUME &#038; MERCIER RIVIERA DE 42 MM EN ACIER\"}]},{\"@type\":\"WebSite\",\"@id\":\"https:\\\/\\\/maisonroca.ad\\\/fr\\\/#website\",\"url\":\"https:\\\/\\\/maisonroca.ad\\\/fr\\\/\",\"name\":\"Maison Roca\",\"description\":\"Bold Luxury Life - joieria d&#039;autor - Andorra\",\"publisher\":{\"@id\":\"https:\\\/\\\/maisonroca.ad\\\/fr\\\/#organization\"},\"potentialAction\":[{\"@type\":\"SearchAction\",\"target\":{\"@type\":\"EntryPoint\",\"urlTemplate\":\"https:\\\/\\\/maisonroca.ad\\\/fr\\\/?s={search_term_string}\"},\"query-input\":{\"@type\":\"PropertyValueSpecification\",\"valueRequired\":true,\"valueName\":\"search_term_string\"}}],\"inLanguage\":\"fr-FR\"},{\"@type\":\"Organization\",\"@id\":\"https:\\\/\\\/maisonroca.ad\\\/fr\\\/#organization\",\"name\":\"Maison Roca\",\"url\":\"https:\\\/\\\/maisonroca.ad\\\/fr\\\/\",\"logo\":{\"@type\":\"ImageObject\",\"inLanguage\":\"fr-FR\",\"@id\":\"https:\\\/\\\/maisonroca.ad\\\/fr\\\/#\\\/schema\\\/logo\\\/image\\\/\",\"url\":\"https:\\\/\\\/maisonroca.ad\\\/wp-content\\\/uploads\\\/2023\\\/10\\\/icono.png\",\"contentUrl\":\"https:\\\/\\\/maisonroca.ad\\\/wp-content\\\/uploads\\\/2023\\\/10\\\/icono.png\",\"width\":512,\"height\":512,\"caption\":\"Maison Roca\"},\"image\":{\"@id\":\"https:\\\/\\\/maisonroca.ad\\\/fr\\\/#\\\/schema\\\/logo\\\/image\\\/\"},\"sameAs\":[\"https:\\\/\\\/www.facebook.com\\\/maisonroca\",\"https:\\\/\\\/www.instagram.com\\\/maisonroca\\\/\"]}]}<\/script>\n<meta property=\"product:price:amount\" content=\"2690.00\" \/>\n<meta property=\"product:price:currency\" content=\"EUR\" \/>\n<meta property=\"og:availability\" content=\"instock\" \/>\n<meta property=\"product:availability\" content=\"instock\" \/>\n<meta property=\"product:retailer_item_id\" content=\"M0A10829\" \/>\n<meta property=\"product:condition\" content=\"new\" \/>\n<!-- \/ Yoast SEO Premium plugin. -->","yoast_head_json":{"title":"MONTRE BAUME & MERCIER RIVIERA DE 42 MM EN ACIER - Maison Roca","description":"Baume & Mercier Riviera \u00e0 Andorre. Design bicolore, cadran blanc avec rehaut noir et bracelet acier. D\u00e9couvrez-le chez Maison Roca.","robots":{"index":"index","follow":"follow","max-snippet":"max-snippet:-1","max-image-preview":"max-image-preview:large","max-video-preview":"max-video-preview:-1"},"canonical":"https:\/\/maisonroca.ad\/fr\/boutique\/montre-baume-mercier-riviera-de-42-mm-en-acier-3\/","og_locale":"fr_FR","og_type":"article","og_title":"MONTRE BAUME & MERCIER RIVIERA DE 42 MM EN ACIER","og_description":"Baume & Mercier Riviera \u00e0 Andorre. Design bicolore, cadran blanc avec rehaut noir et bracelet acier. D\u00e9couvrez-le chez Maison Roca.","og_url":"https:\/\/maisonroca.ad\/fr\/boutique\/montre-baume-mercier-riviera-de-42-mm-en-acier-3\/","og_site_name":"Maison Roca","article_publisher":"https:\/\/www.facebook.com\/maisonroca","article_modified_time":"2025-08-19T15:17:07+00:00","og_image":[{"width":1080,"height":1080,"url":"https:\/\/maisonroca.ad\/wp-content\/uploads\/2025\/05\/m0a10829.jpg","type":"image\/jpeg"}],"twitter_card":"summary_large_image","twitter_misc":{"Prix":"2.690,00&nbsp;&euro;","Disponibilit\u00e9":"En stock"},"schema":{"@context":"https:\/\/schema.org","@graph":[{"@type":"WebPage","@id":"https:\/\/maisonroca.ad\/fr\/boutique\/montre-baume-mercier-riviera-de-42-mm-en-acier-3\/","url":"https:\/\/maisonroca.ad\/fr\/boutique\/montre-baume-mercier-riviera-de-42-mm-en-acier-3\/","name":"MONTRE BAUME & MERCIER RIVIERA DE 42 MM EN ACIER - Maison Roca","isPartOf":{"@id":"https:\/\/maisonroca.ad\/fr\/#website"},"primaryImageOfPage":{"@id":"https:\/\/maisonroca.ad\/fr\/boutique\/montre-baume-mercier-riviera-de-42-mm-en-acier-3\/#primaryimage"},"image":{"@id":"https:\/\/maisonroca.ad\/fr\/boutique\/montre-baume-mercier-riviera-de-42-mm-en-acier-3\/#primaryimage"},"thumbnailUrl":"https:\/\/maisonroca.ad\/wp-content\/uploads\/2025\/05\/m0a10829.jpg","datePublished":"2025-05-27T14:09:32+00:00","dateModified":"2025-08-19T15:17:07+00:00","description":"Baume & Mercier Riviera \u00e0 Andorre. Design bicolore, cadran blanc avec rehaut noir et bracelet acier. D\u00e9couvrez-le chez Maison Roca.","breadcrumb":{"@id":"https:\/\/maisonroca.ad\/fr\/boutique\/montre-baume-mercier-riviera-de-42-mm-en-acier-3\/#breadcrumb"},"inLanguage":"fr-FR","potentialAction":[{"@type":"ReadAction","target":["https:\/\/maisonroca.ad\/fr\/boutique\/montre-baume-mercier-riviera-de-42-mm-en-acier-3\/"]}]},{"@type":"ImageObject","inLanguage":"fr-FR","@id":"https:\/\/maisonroca.ad\/fr\/boutique\/montre-baume-mercier-riviera-de-42-mm-en-acier-3\/#primaryimage","url":"https:\/\/maisonroca.ad\/wp-content\/uploads\/2025\/05\/m0a10829.jpg","contentUrl":"https:\/\/maisonroca.ad\/wp-content\/uploads\/2025\/05\/m0a10829.jpg","width":1080,"height":1080},{"@type":"BreadcrumbList","@id":"https:\/\/maisonroca.ad\/fr\/boutique\/montre-baume-mercier-riviera-de-42-mm-en-acier-3\/#breadcrumb","itemListElement":[{"@type":"ListItem","position":1,"name":"Portada","item":"https:\/\/maisonroca.ad\/fr\/"},{"@type":"ListItem","position":2,"name":"Botiga","item":"https:\/\/maisonroca.ad\/botiga\/"},{"@type":"ListItem","position":3,"name":"MONTRE BAUME &#038; MERCIER RIVIERA DE 42 MM EN ACIER"}]},{"@type":"WebSite","@id":"https:\/\/maisonroca.ad\/fr\/#website","url":"https:\/\/maisonroca.ad\/fr\/","name":"Maison Roca","description":"Bold Luxury Life - joieria d&#039;autor - Andorra","publisher":{"@id":"https:\/\/maisonroca.ad\/fr\/#organization"},"potentialAction":[{"@type":"SearchAction","target":{"@type":"EntryPoint","urlTemplate":"https:\/\/maisonroca.ad\/fr\/?s={search_term_string}"},"query-input":{"@type":"PropertyValueSpecification","valueRequired":true,"valueName":"search_term_string"}}],"inLanguage":"fr-FR"},{"@type":"Organization","@id":"https:\/\/maisonroca.ad\/fr\/#organization","name":"Maison Roca","url":"https:\/\/maisonroca.ad\/fr\/","logo":{"@type":"ImageObject","inLanguage":"fr-FR","@id":"https:\/\/maisonroca.ad\/fr\/#\/schema\/logo\/image\/","url":"https:\/\/maisonroca.ad\/wp-content\/uploads\/2023\/10\/icono.png","contentUrl":"https:\/\/maisonroca.ad\/wp-content\/uploads\/2023\/10\/icono.png","width":512,"height":512,"caption":"Maison Roca"},"image":{"@id":"https:\/\/maisonroca.ad\/fr\/#\/schema\/logo\/image\/"},"sameAs":["https:\/\/www.facebook.com\/maisonroca","https:\/\/www.instagram.com\/maisonroca\/"]}]},"product_price_amount":"2690.00","product_price_currency":"EUR","og_availability":"instock","product_availability":"instock","product_retailer_item_id":"M0A10829","product_condition":"new"},"_links":{"self":[{"href":"https:\/\/maisonroca.ad\/fr\/wp-json\/wp\/v2\/product\/75226","targetHints":{"allow":["GET"]}}],"collection":[{"href":"https:\/\/maisonroca.ad\/fr\/wp-json\/wp\/v2\/product"}],"about":[{"href":"https:\/\/maisonroca.ad\/fr\/wp-json\/wp\/v2\/types\/product"}],"replies":[{"embeddable":true,"href":"https:\/\/maisonroca.ad\/fr\/wp-json\/wp\/v2\/comments?post=75226"}],"version-history":[{"count":7,"href":"https:\/\/maisonroca.ad\/fr\/wp-json\/wp\/v2\/product\/75226\/revisions"}],"predecessor-version":[{"id":78423,"href":"https:\/\/maisonroca.ad\/fr\/wp-json\/wp\/v2\/product\/75226\/revisions\/78423"}],"wp:featuredmedia":[{"embeddable":true,"href":"https:\/\/maisonroca.ad\/fr\/wp-json\/wp\/v2\/media\/75211"}],"wp:attachment":[{"href":"https:\/\/maisonroca.ad\/fr\/wp-json\/wp\/v2\/media?parent=75226"}],"wp:term":[{"taxonomy":"product_brand","embeddable":true,"href":"https:\/\/maisonroca.ad\/fr\/wp-json\/wp\/v2\/product_brand?post=75226"},{"taxonomy":"product_cat","embeddable":true,"href":"https:\/\/maisonroca.ad\/fr\/wp-json\/wp\/v2\/product_cat?post=75226"},{"taxonomy":"product_tag","embeddable":true,"href":"https:\/\/maisonroca.ad\/fr\/wp-json\/wp\/v2\/product_tag?post=75226"}],"curies":[{"name":"wp","href":"https:\/\/api.w.org\/{rel}","templated":true}]}}