{"id":75229,"date":"2025-05-27T15:50:05","date_gmt":"2025-05-27T13:50:05","guid":{"rendered":"https:\/\/maisonroca.ad\/?post_type=product&#038;p=75229"},"modified":"2026-03-11T16:29:11","modified_gmt":"2026-03-11T15:29:11","slug":"montre-baume-mercier-riviera-de-40-mm-edition-limitee-calendrier-perpetuel-en-acier","status":"publish","type":"product","link":"https:\/\/maisonroca.ad\/fr\/boutique\/montre-baume-mercier-riviera-de-40-mm-edition-limitee-calendrier-perpetuel-en-acier\/","title":{"rendered":"MONTRE BAUME &#038; MERCIER RIVIERA DE 40 MM \u00c9DITION LIMIT\u00c9E CALENDRIER PERP\u00c9TUEL EN ACIER"},"content":{"rendered":"<p>La montre Baume &#038; Mercier Riviera 10786 avec Calendrier Perp\u00e9tuel (Limit\u00e9 \u00e0 50 pi\u00e8ces)<br \/>\n allie pr\u00e9cision et \u00e9l\u00e9gance sportive. Anim\u00e9 par le calibre Manufacture Baumatic, ce mod\u00e8le de 40 mm se distingue par son bo\u00eetier en acier aux lignes architecturales pures et son cadran gris avec finition bross\u00e9e \u00ab\u00a0soleil\u00a0\u00bb, compl\u00e9t\u00e9 par des compteurs \u00ab\u00a0snailed\u00a0\u00bb et un rotor dor\u00e9. Son bracelet en acier inoxydable \u00e0 3 rang\u00e9es interchangeables, avec un bezel d\u00e9cor\u00e9, ajoute une touche de sophistication.<\/p>\n<p> Ce garde-temps rend hommage au Riviera historique de 1985 et regarde vers l&rsquo;avenir avec un design contemporain et raffin\u00e9. Il abrite un mouvement Manufacture Baumatic avec une r\u00e9serve de marche de 120h, garantissant une pr\u00e9cision exceptionnelle. Son bezel dod\u00e9cagonal et son verre saphir antireflet renforcent son esth\u00e9tique intemporelle.<\/p>\n<p> Chaque montre est grav\u00e9e d&rsquo;un num\u00e9ro \u00ab\u00a0Limited Edition\u00a0\u00bb, refl\u00e9tant la vision moderne et l&rsquo;excellence horlog\u00e8re de Baume &#038; Mercier. Un mod\u00e8le qui fusionne le pass\u00e9, le pr\u00e9sent et l&rsquo;avenir de l&rsquo;horlogerie haut de gamme dans une pi\u00e8ce exclusive et \u00e9l\u00e9gante.<\/p>\n<p>D\u00e9tails:<\/p>\n<p> \u2022 Mouvement automatique CAL.BM13-1975AC2<br \/>\n \u2022 Verre saphir<br \/>\n \u2022 \u00c9tanch\u00e9it\u00e9 : 50 m\u00e8tres<br \/>\n \u2022 Calendrier perp\u00e9tuel<br \/>\n \u2022 Sous-cadran du jour de la semaine<br \/>\n \u2022 Indicateur du mois et du trimestre, calendrier, heures, minutes et secondes, et phase de la lune<\/p>\n","protected":false},"excerpt":{"rendered":"<p>La montre Baume &#038; Mercier Riviera 10786 avec Calendrier Perp\u00e9tuel (Limit\u00e9 \u00e0 50 pi\u00e8ces)<br \/>\n allie pr\u00e9cision et \u00e9l\u00e9gance sportive. Anim\u00e9 par le calibre Manufacture Baumatic, ce mod\u00e8le de 40 mm se distingue par son bo\u00eetier en acier aux lignes architecturales pures et son cadran gris avec finition bross\u00e9e \u00ab\u00a0soleil\u00a0\u00bb, compl\u00e9t\u00e9 par des compteurs \u00ab\u00a0snailed\u00a0\u00bb et un rotor dor\u00e9. Son bracelet en acier inoxydable \u00e0 3 rang\u00e9es interchangeables, avec un bezel d\u00e9cor\u00e9, ajoute une touche de sophistication.<\/p>\n<p> Ce garde-temps rend hommage au Riviera historique de 1985 et regarde vers l&rsquo;avenir avec un design contemporain et raffin\u00e9. Il abrite un mouvement Manufacture Baumatic avec une r\u00e9serve de marche de 120h, garantissant une pr\u00e9cision exceptionnelle. Son bezel dod\u00e9cagonal et son verre saphir antireflet renforcent son esth\u00e9tique intemporelle.<\/p>\n<p> Chaque montre est grav\u00e9e d&rsquo;un num\u00e9ro \u00ab\u00a0Limited Edition\u00a0\u00bb, refl\u00e9tant la vision moderne et l&rsquo;excellence horlog\u00e8re de Baume &#038; Mercier. Un mod\u00e8le qui fusionne le pass\u00e9, le pr\u00e9sent et l&rsquo;avenir de l&rsquo;horlogerie haut de gamme dans une pi\u00e8ce exclusive et \u00e9l\u00e9gante.<\/p>\n","protected":false},"featured_media":74696,"comment_status":"closed","ping_status":"closed","template":"","meta":{"_acf_changed":false,"_monsterinsights_skip_tracking":false,"_monsterinsights_sitenote_active":false,"_monsterinsights_sitenote_note":"","_monsterinsights_sitenote_category":0},"product_brand":[],"product_cat":[2547],"product_tag":[2201,2887,2905,2889,2231,2892,2907,2893,2928],"class_list":{"0":"post-75229","1":"product","2":"type-product","3":"status-publish","4":"has-post-thumbnail","6":"product_cat-non-classe","7":"product_tag-40-mm-3","8":"product_tag-acer-fr","9":"product_tag-antracita-fr","10":"product_tag-automatic-fr","11":"product_tag-baume-mercier-3","12":"product_tag-esportiu-fr","13":"product_tag-gran-complicacio-fr","14":"product_tag-home-fr","15":"product_tag-menys-de-100-metres-fr","17":"first","18":"instock","19":"shipping-taxable","20":"product-type-simple"},"acf":[],"yoast_head":"<!-- This site is optimized with the Yoast SEO Premium plugin v26.8 (Yoast SEO v27.4) - https:\/\/yoast.com\/product\/yoast-seo-premium-wordpress\/ -->\n<title>MONTRE BAUME &amp; MERCIER RIVIERA DE 40 MM \u00c9DITION LIMIT\u00c9E CALENDRIER PERP\u00c9TUEL EN ACIER - Maison Roca<\/title>\n<meta name=\"robots\" content=\"index, follow, max-snippet:-1, max-image-preview:large, max-video-preview:-1\" \/>\n<link rel=\"canonical\" href=\"https:\/\/maisonroca.ad\/fr\/boutique\/montre-baume-mercier-riviera-de-40-mm-edition-limitee-calendrier-perpetuel-en-acier\/\" \/>\n<meta property=\"og:locale\" content=\"fr_FR\" \/>\n<meta property=\"og:type\" content=\"article\" \/>\n<meta property=\"og:title\" content=\"MONTRE BAUME &amp; MERCIER RIVIERA DE 40 MM \u00c9DITION LIMIT\u00c9E CALENDRIER PERP\u00c9TUEL EN ACIER\" \/>\n<meta property=\"og:description\" content=\"La montre Baume &amp; Mercier Riviera 10786 avec Calendrier Perp\u00e9tuel (Limit\u00e9 \u00e0 50 pi\u00e8ces)  allie pr\u00e9cision et \u00e9l\u00e9gance sportive. Anim\u00e9 par le calibre Manufacture Baumatic, ce mod\u00e8le de 40 mm se distingue par son bo\u00eetier en acier aux lignes architecturales pures et son cadran gris avec finition bross\u00e9e &quot;soleil&quot;, compl\u00e9t\u00e9 par des compteurs &quot;snailed&quot; et un rotor dor\u00e9. Son bracelet en acier inoxydable \u00e0 3 rang\u00e9es interchangeables, avec un bezel d\u00e9cor\u00e9, ajoute une touche de sophistication.  Ce garde-temps rend hommage au Riviera historique de 1985 et regarde vers l&#039;avenir avec un design contemporain et raffin\u00e9. Il abrite un mouvement Manufacture Baumatic avec une r\u00e9serve de marche de 120h, garantissant une pr\u00e9cision exceptionnelle. Son bezel dod\u00e9cagonal et son verre saphir antireflet renforcent son esth\u00e9tique intemporelle.  Chaque montre est grav\u00e9e d&#039;un num\u00e9ro &quot;Limited Edition&quot;, refl\u00e9tant la vision moderne et l&#039;excellence horlog\u00e8re de Baume &amp; Mercier. Un mod\u00e8le qui fusionne le pass\u00e9, le pr\u00e9sent et l&#039;avenir de l&#039;horlogerie haut de gamme dans une pi\u00e8ce exclusive et \u00e9l\u00e9gante.\" \/>\n<meta property=\"og:url\" content=\"https:\/\/maisonroca.ad\/fr\/boutique\/montre-baume-mercier-riviera-de-40-mm-edition-limitee-calendrier-perpetuel-en-acier\/\" \/>\n<meta property=\"og:site_name\" content=\"Maison Roca\" \/>\n<meta property=\"article:publisher\" content=\"https:\/\/www.facebook.com\/maisonroca\" \/>\n<meta property=\"article:modified_time\" content=\"2026-03-11T15:29:11+00:00\" \/>\n<meta property=\"og:image\" content=\"https:\/\/maisonroca.ad\/wp-content\/uploads\/2025\/05\/m0a10786.jpg\" \/>\n\t<meta property=\"og:image:width\" content=\"1080\" \/>\n\t<meta property=\"og:image:height\" content=\"1080\" \/>\n\t<meta property=\"og:image:type\" content=\"image\/jpeg\" \/>\n<meta name=\"twitter:card\" content=\"summary_large_image\" \/>\n<meta name=\"twitter:label1\" content=\"Prix\" \/>\n\t<meta name=\"twitter:data1\" content=\"\" \/>\n\t<meta name=\"twitter:label2\" content=\"Disponibilit\u00e9\" \/>\n\t<meta name=\"twitter:data2\" content=\"En stock\" \/>\n<script type=\"application\/ld+json\" class=\"yoast-schema-graph\">{\"@context\":\"https:\\\/\\\/schema.org\",\"@graph\":[{\"@type\":\"WebPage\",\"@id\":\"https:\\\/\\\/maisonroca.ad\\\/fr\\\/boutique\\\/montre-baume-mercier-riviera-de-40-mm-edition-limitee-calendrier-perpetuel-en-acier\\\/\",\"url\":\"https:\\\/\\\/maisonroca.ad\\\/fr\\\/boutique\\\/montre-baume-mercier-riviera-de-40-mm-edition-limitee-calendrier-perpetuel-en-acier\\\/\",\"name\":\"MONTRE BAUME & MERCIER RIVIERA DE 40 MM \u00c9DITION LIMIT\u00c9E CALENDRIER PERP\u00c9TUEL EN ACIER - Maison Roca\",\"isPartOf\":{\"@id\":\"https:\\\/\\\/maisonroca.ad\\\/fr\\\/#website\"},\"primaryImageOfPage\":{\"@id\":\"https:\\\/\\\/maisonroca.ad\\\/fr\\\/boutique\\\/montre-baume-mercier-riviera-de-40-mm-edition-limitee-calendrier-perpetuel-en-acier\\\/#primaryimage\"},\"image\":{\"@id\":\"https:\\\/\\\/maisonroca.ad\\\/fr\\\/boutique\\\/montre-baume-mercier-riviera-de-40-mm-edition-limitee-calendrier-perpetuel-en-acier\\\/#primaryimage\"},\"thumbnailUrl\":\"https:\\\/\\\/maisonroca.ad\\\/wp-content\\\/uploads\\\/2025\\\/05\\\/m0a10786.jpg\",\"datePublished\":\"2025-05-27T13:50:05+00:00\",\"dateModified\":\"2026-03-11T15:29:11+00:00\",\"breadcrumb\":{\"@id\":\"https:\\\/\\\/maisonroca.ad\\\/fr\\\/boutique\\\/montre-baume-mercier-riviera-de-40-mm-edition-limitee-calendrier-perpetuel-en-acier\\\/#breadcrumb\"},\"inLanguage\":\"fr-FR\",\"potentialAction\":[{\"@type\":\"ReadAction\",\"target\":[\"https:\\\/\\\/maisonroca.ad\\\/fr\\\/boutique\\\/montre-baume-mercier-riviera-de-40-mm-edition-limitee-calendrier-perpetuel-en-acier\\\/\"]}]},{\"@type\":\"ImageObject\",\"inLanguage\":\"fr-FR\",\"@id\":\"https:\\\/\\\/maisonroca.ad\\\/fr\\\/boutique\\\/montre-baume-mercier-riviera-de-40-mm-edition-limitee-calendrier-perpetuel-en-acier\\\/#primaryimage\",\"url\":\"https:\\\/\\\/maisonroca.ad\\\/wp-content\\\/uploads\\\/2025\\\/05\\\/m0a10786.jpg\",\"contentUrl\":\"https:\\\/\\\/maisonroca.ad\\\/wp-content\\\/uploads\\\/2025\\\/05\\\/m0a10786.jpg\",\"width\":1080,\"height\":1080},{\"@type\":\"BreadcrumbList\",\"@id\":\"https:\\\/\\\/maisonroca.ad\\\/fr\\\/boutique\\\/montre-baume-mercier-riviera-de-40-mm-edition-limitee-calendrier-perpetuel-en-acier\\\/#breadcrumb\",\"itemListElement\":[{\"@type\":\"ListItem\",\"position\":1,\"name\":\"Portada\",\"item\":\"https:\\\/\\\/maisonroca.ad\\\/fr\\\/\"},{\"@type\":\"ListItem\",\"position\":2,\"name\":\"Botiga\",\"item\":\"https:\\\/\\\/maisonroca.ad\\\/botiga\\\/\"},{\"@type\":\"ListItem\",\"position\":3,\"name\":\"MONTRE BAUME &#038; MERCIER RIVIERA DE 40 MM \u00c9DITION LIMIT\u00c9E CALENDRIER PERP\u00c9TUEL EN ACIER\"}]},{\"@type\":\"WebSite\",\"@id\":\"https:\\\/\\\/maisonroca.ad\\\/fr\\\/#website\",\"url\":\"https:\\\/\\\/maisonroca.ad\\\/fr\\\/\",\"name\":\"Maison Roca\",\"description\":\"Bold Luxury Life - joieria d&#039;autor - Andorra\",\"publisher\":{\"@id\":\"https:\\\/\\\/maisonroca.ad\\\/fr\\\/#organization\"},\"potentialAction\":[{\"@type\":\"SearchAction\",\"target\":{\"@type\":\"EntryPoint\",\"urlTemplate\":\"https:\\\/\\\/maisonroca.ad\\\/fr\\\/?s={search_term_string}\"},\"query-input\":{\"@type\":\"PropertyValueSpecification\",\"valueRequired\":true,\"valueName\":\"search_term_string\"}}],\"inLanguage\":\"fr-FR\"},{\"@type\":\"Organization\",\"@id\":\"https:\\\/\\\/maisonroca.ad\\\/fr\\\/#organization\",\"name\":\"Maison Roca\",\"url\":\"https:\\\/\\\/maisonroca.ad\\\/fr\\\/\",\"logo\":{\"@type\":\"ImageObject\",\"inLanguage\":\"fr-FR\",\"@id\":\"https:\\\/\\\/maisonroca.ad\\\/fr\\\/#\\\/schema\\\/logo\\\/image\\\/\",\"url\":\"https:\\\/\\\/maisonroca.ad\\\/wp-content\\\/uploads\\\/2023\\\/10\\\/icono.png\",\"contentUrl\":\"https:\\\/\\\/maisonroca.ad\\\/wp-content\\\/uploads\\\/2023\\\/10\\\/icono.png\",\"width\":512,\"height\":512,\"caption\":\"Maison Roca\"},\"image\":{\"@id\":\"https:\\\/\\\/maisonroca.ad\\\/fr\\\/#\\\/schema\\\/logo\\\/image\\\/\"},\"sameAs\":[\"https:\\\/\\\/www.facebook.com\\\/maisonroca\",\"https:\\\/\\\/www.instagram.com\\\/maisonroca\\\/\"]}]}<\/script>\n<meta property=\"product:price:currency\" content=\"EUR\" \/>\n<meta property=\"og:availability\" content=\"instock\" \/>\n<meta property=\"product:availability\" content=\"instock\" \/>\n<meta property=\"product:retailer_item_id\" content=\"M0A10786\" \/>\n<meta property=\"product:condition\" content=\"new\" \/>\n<!-- \/ Yoast SEO Premium plugin. -->","yoast_head_json":{"title":"MONTRE BAUME & MERCIER RIVIERA DE 40 MM \u00c9DITION LIMIT\u00c9E CALENDRIER PERP\u00c9TUEL EN ACIER - Maison Roca","robots":{"index":"index","follow":"follow","max-snippet":"max-snippet:-1","max-image-preview":"max-image-preview:large","max-video-preview":"max-video-preview:-1"},"canonical":"https:\/\/maisonroca.ad\/fr\/boutique\/montre-baume-mercier-riviera-de-40-mm-edition-limitee-calendrier-perpetuel-en-acier\/","og_locale":"fr_FR","og_type":"article","og_title":"MONTRE BAUME & MERCIER RIVIERA DE 40 MM \u00c9DITION LIMIT\u00c9E CALENDRIER PERP\u00c9TUEL EN ACIER","og_description":"La montre Baume & Mercier Riviera 10786 avec Calendrier Perp\u00e9tuel (Limit\u00e9 \u00e0 50 pi\u00e8ces)  allie pr\u00e9cision et \u00e9l\u00e9gance sportive. Anim\u00e9 par le calibre Manufacture Baumatic, ce mod\u00e8le de 40 mm se distingue par son bo\u00eetier en acier aux lignes architecturales pures et son cadran gris avec finition bross\u00e9e \"soleil\", compl\u00e9t\u00e9 par des compteurs \"snailed\" et un rotor dor\u00e9. Son bracelet en acier inoxydable \u00e0 3 rang\u00e9es interchangeables, avec un bezel d\u00e9cor\u00e9, ajoute une touche de sophistication.  Ce garde-temps rend hommage au Riviera historique de 1985 et regarde vers l'avenir avec un design contemporain et raffin\u00e9. Il abrite un mouvement Manufacture Baumatic avec une r\u00e9serve de marche de 120h, garantissant une pr\u00e9cision exceptionnelle. Son bezel dod\u00e9cagonal et son verre saphir antireflet renforcent son esth\u00e9tique intemporelle.  Chaque montre est grav\u00e9e d'un num\u00e9ro \"Limited Edition\", refl\u00e9tant la vision moderne et l'excellence horlog\u00e8re de Baume & Mercier. Un mod\u00e8le qui fusionne le pass\u00e9, le pr\u00e9sent et l'avenir de l'horlogerie haut de gamme dans une pi\u00e8ce exclusive et \u00e9l\u00e9gante.","og_url":"https:\/\/maisonroca.ad\/fr\/boutique\/montre-baume-mercier-riviera-de-40-mm-edition-limitee-calendrier-perpetuel-en-acier\/","og_site_name":"Maison Roca","article_publisher":"https:\/\/www.facebook.com\/maisonroca","article_modified_time":"2026-03-11T15:29:11+00:00","og_image":[{"width":1080,"height":1080,"url":"https:\/\/maisonroca.ad\/wp-content\/uploads\/2025\/05\/m0a10786.jpg","type":"image\/jpeg"}],"twitter_card":"summary_large_image","twitter_misc":{"Prix":"","Disponibilit\u00e9":"En stock"},"schema":{"@context":"https:\/\/schema.org","@graph":[{"@type":"WebPage","@id":"https:\/\/maisonroca.ad\/fr\/boutique\/montre-baume-mercier-riviera-de-40-mm-edition-limitee-calendrier-perpetuel-en-acier\/","url":"https:\/\/maisonroca.ad\/fr\/boutique\/montre-baume-mercier-riviera-de-40-mm-edition-limitee-calendrier-perpetuel-en-acier\/","name":"MONTRE BAUME & MERCIER RIVIERA DE 40 MM \u00c9DITION LIMIT\u00c9E CALENDRIER PERP\u00c9TUEL EN ACIER - Maison Roca","isPartOf":{"@id":"https:\/\/maisonroca.ad\/fr\/#website"},"primaryImageOfPage":{"@id":"https:\/\/maisonroca.ad\/fr\/boutique\/montre-baume-mercier-riviera-de-40-mm-edition-limitee-calendrier-perpetuel-en-acier\/#primaryimage"},"image":{"@id":"https:\/\/maisonroca.ad\/fr\/boutique\/montre-baume-mercier-riviera-de-40-mm-edition-limitee-calendrier-perpetuel-en-acier\/#primaryimage"},"thumbnailUrl":"https:\/\/maisonroca.ad\/wp-content\/uploads\/2025\/05\/m0a10786.jpg","datePublished":"2025-05-27T13:50:05+00:00","dateModified":"2026-03-11T15:29:11+00:00","breadcrumb":{"@id":"https:\/\/maisonroca.ad\/fr\/boutique\/montre-baume-mercier-riviera-de-40-mm-edition-limitee-calendrier-perpetuel-en-acier\/#breadcrumb"},"inLanguage":"fr-FR","potentialAction":[{"@type":"ReadAction","target":["https:\/\/maisonroca.ad\/fr\/boutique\/montre-baume-mercier-riviera-de-40-mm-edition-limitee-calendrier-perpetuel-en-acier\/"]}]},{"@type":"ImageObject","inLanguage":"fr-FR","@id":"https:\/\/maisonroca.ad\/fr\/boutique\/montre-baume-mercier-riviera-de-40-mm-edition-limitee-calendrier-perpetuel-en-acier\/#primaryimage","url":"https:\/\/maisonroca.ad\/wp-content\/uploads\/2025\/05\/m0a10786.jpg","contentUrl":"https:\/\/maisonroca.ad\/wp-content\/uploads\/2025\/05\/m0a10786.jpg","width":1080,"height":1080},{"@type":"BreadcrumbList","@id":"https:\/\/maisonroca.ad\/fr\/boutique\/montre-baume-mercier-riviera-de-40-mm-edition-limitee-calendrier-perpetuel-en-acier\/#breadcrumb","itemListElement":[{"@type":"ListItem","position":1,"name":"Portada","item":"https:\/\/maisonroca.ad\/fr\/"},{"@type":"ListItem","position":2,"name":"Botiga","item":"https:\/\/maisonroca.ad\/botiga\/"},{"@type":"ListItem","position":3,"name":"MONTRE BAUME &#038; MERCIER RIVIERA DE 40 MM \u00c9DITION LIMIT\u00c9E CALENDRIER PERP\u00c9TUEL EN ACIER"}]},{"@type":"WebSite","@id":"https:\/\/maisonroca.ad\/fr\/#website","url":"https:\/\/maisonroca.ad\/fr\/","name":"Maison Roca","description":"Bold Luxury Life - joieria d&#039;autor - Andorra","publisher":{"@id":"https:\/\/maisonroca.ad\/fr\/#organization"},"potentialAction":[{"@type":"SearchAction","target":{"@type":"EntryPoint","urlTemplate":"https:\/\/maisonroca.ad\/fr\/?s={search_term_string}"},"query-input":{"@type":"PropertyValueSpecification","valueRequired":true,"valueName":"search_term_string"}}],"inLanguage":"fr-FR"},{"@type":"Organization","@id":"https:\/\/maisonroca.ad\/fr\/#organization","name":"Maison Roca","url":"https:\/\/maisonroca.ad\/fr\/","logo":{"@type":"ImageObject","inLanguage":"fr-FR","@id":"https:\/\/maisonroca.ad\/fr\/#\/schema\/logo\/image\/","url":"https:\/\/maisonroca.ad\/wp-content\/uploads\/2023\/10\/icono.png","contentUrl":"https:\/\/maisonroca.ad\/wp-content\/uploads\/2023\/10\/icono.png","width":512,"height":512,"caption":"Maison Roca"},"image":{"@id":"https:\/\/maisonroca.ad\/fr\/#\/schema\/logo\/image\/"},"sameAs":["https:\/\/www.facebook.com\/maisonroca","https:\/\/www.instagram.com\/maisonroca\/"]}]},"product_price_currency":"EUR","og_availability":"instock","product_availability":"instock","product_retailer_item_id":"M0A10786","product_condition":"new"},"_links":{"self":[{"href":"https:\/\/maisonroca.ad\/fr\/wp-json\/wp\/v2\/product\/75229","targetHints":{"allow":["GET"]}}],"collection":[{"href":"https:\/\/maisonroca.ad\/fr\/wp-json\/wp\/v2\/product"}],"about":[{"href":"https:\/\/maisonroca.ad\/fr\/wp-json\/wp\/v2\/types\/product"}],"replies":[{"embeddable":true,"href":"https:\/\/maisonroca.ad\/fr\/wp-json\/wp\/v2\/comments?post=75229"}],"version-history":[{"count":2,"href":"https:\/\/maisonroca.ad\/fr\/wp-json\/wp\/v2\/product\/75229\/revisions"}],"predecessor-version":[{"id":75280,"href":"https:\/\/maisonroca.ad\/fr\/wp-json\/wp\/v2\/product\/75229\/revisions\/75280"}],"wp:featuredmedia":[{"embeddable":true,"href":"https:\/\/maisonroca.ad\/fr\/wp-json\/wp\/v2\/media\/74696"}],"wp:attachment":[{"href":"https:\/\/maisonroca.ad\/fr\/wp-json\/wp\/v2\/media?parent=75229"}],"wp:term":[{"taxonomy":"product_brand","embeddable":true,"href":"https:\/\/maisonroca.ad\/fr\/wp-json\/wp\/v2\/product_brand?post=75229"},{"taxonomy":"product_cat","embeddable":true,"href":"https:\/\/maisonroca.ad\/fr\/wp-json\/wp\/v2\/product_cat?post=75229"},{"taxonomy":"product_tag","embeddable":true,"href":"https:\/\/maisonroca.ad\/fr\/wp-json\/wp\/v2\/product_tag?post=75229"}],"curies":[{"name":"wp","href":"https:\/\/api.w.org\/{rel}","templated":true}]}}