{"id":75652,"date":"2025-08-13T17:01:35","date_gmt":"2025-08-13T15:01:35","guid":{"rendered":"https:\/\/maisonroca.ad\/?post_type=product&#038;p=75652"},"modified":"2026-01-27T16:58:34","modified_gmt":"2026-01-27T15:58:34","slug":"collier-mikado-delicate-tamara-comolli","status":"publish","type":"product","link":"https:\/\/maisonroca.ad\/fr\/boutique\/collier-mikado-delicate-tamara-comolli\/","title":{"rendered":"COLLIER MIKADO DELICATE &#8211; TAMARA COMOLLI"},"content":{"rendered":"<p>Collier Tamara Comolli Mikado Delicate 51 cm en or jaune, pav\u00e9 de diamants, topaze swiss, p\u00e9ridot, turquoise.<\/p>\n<p>Le collier MIKADO Delicate en or jaune unit topaze swiss, p\u00e9ridot et turquoise, rehauss\u00e9s par l\u2019\u00e9clat des diamants, r\u00e9v\u00e9lant la lumi\u00e8re et la beaut\u00e9 de chaque gemme.<\/p>\n<p>D\u00e9tails:<\/p>\n<p>\u2022 Or jaune 18k<br \/>\n\u2022 Diamants 0,22 ct GHSI<br \/>\n\u2022 Topaze swiss 4,00 ct<br \/>\n\u2022 P\u00e9ridot 1,05 ct<br \/>\n\u2022 Tourmaline rose 1,00 ct<\/p>\n","protected":false},"excerpt":{"rendered":"<p>Collar Tamara Comolli Mikado Delicate 51 cm d&rsquo;or groc, pav\u00e9e diamants, topazi swiss, peridot, turquesa.<\/p>\n<p>El collaret MIKADO Delicate \u00e9s una pe\u00e7a elegant i vers\u00e0til que s\u2019adapta tant a looks de dia com de nit. Amb penjolls ic\u00f2nics de topazi su\u00eds intens, peridot verd i turmalina rosa, reflecteix a la perfecci\u00f3 els tons vius i alegres de la col\u00b7lecci\u00f3 \u201cCandy\u201d. Cada disseny incorpora un petit pav\u00e9 de diamants que hi afegeix un detall brillant i distintiu.<\/p>\n","protected":false},"featured_media":73143,"comment_status":"closed","ping_status":"closed","template":"","meta":{"_acf_changed":false,"_monsterinsights_skip_tracking":false,"_monsterinsights_sitenote_active":false,"_monsterinsights_sitenote_note":"","_monsterinsights_sitenote_category":0},"product_brand":[],"product_cat":[1244,3446],"product_tag":[3861,2192,2732,2390,2787,2805,2812],"class_list":{"0":"post-75652","1":"product","2":"type-product","3":"status-publish","4":"has-post-thumbnail","6":"product_cat-bijou","7":"product_cat-tamara-comolli-fr","8":"product_tag-collars","9":"product_tag-diamants-2","10":"product_tag-or-groc-fr","11":"product_tag-peridot-2","12":"product_tag-tamara-comolli-fr","13":"product_tag-topazi-fr","14":"product_tag-turquesa-fr","16":"first","17":"instock","18":"shipping-taxable","19":"product-type-simple"},"acf":[],"yoast_head":"<!-- This site is optimized with the Yoast SEO Premium plugin v26.8 (Yoast SEO v27.4) - https:\/\/yoast.com\/product\/yoast-seo-premium-wordpress\/ -->\n<title>COLLIER MIKADO DELICATE - TAMARA COMOLLI - Maison Roca<\/title>\n<meta name=\"robots\" content=\"index, follow, max-snippet:-1, max-image-preview:large, max-video-preview:-1\" \/>\n<link rel=\"canonical\" href=\"https:\/\/maisonroca.ad\/fr\/boutique\/collier-mikado-delicate-tamara-comolli\/\" \/>\n<meta property=\"og:locale\" content=\"fr_FR\" \/>\n<meta property=\"og:type\" content=\"article\" \/>\n<meta property=\"og:title\" content=\"COLLIER MIKADO DELICATE - TAMARA COMOLLI\" \/>\n<meta property=\"og:description\" content=\"Collar Tamara Comolli Mikado Delicate 51 cm d&#039;or groc, pav\u00e9e diamants, topazi swiss, peridot, turquesa.  El collaret MIKADO Delicate \u00e9s una pe\u00e7a elegant i vers\u00e0til que s\u2019adapta tant a looks de dia com de nit. Amb penjolls ic\u00f2nics de topazi su\u00eds intens, peridot verd i turmalina rosa, reflecteix a la perfecci\u00f3 els tons vius i alegres de la col\u00b7lecci\u00f3 \u201cCandy\u201d. Cada disseny incorpora un petit pav\u00e9 de diamants que hi afegeix un detall brillant i distintiu.\" \/>\n<meta property=\"og:url\" content=\"https:\/\/maisonroca.ad\/fr\/boutique\/collier-mikado-delicate-tamara-comolli\/\" \/>\n<meta property=\"og:site_name\" content=\"Maison Roca\" \/>\n<meta property=\"article:publisher\" content=\"https:\/\/www.facebook.com\/maisonroca\" \/>\n<meta property=\"article:modified_time\" content=\"2026-01-27T15:58:34+00:00\" \/>\n<meta property=\"og:image\" content=\"https:\/\/maisonroca.ad\/wp-content\/uploads\/2025\/05\/n-m-del51-can-p-yg.jpg\" \/>\n\t<meta property=\"og:image:width\" content=\"1080\" \/>\n\t<meta property=\"og:image:height\" content=\"1080\" \/>\n\t<meta property=\"og:image:type\" content=\"image\/jpeg\" \/>\n<meta name=\"twitter:card\" content=\"summary_large_image\" \/>\n<meta name=\"twitter:label1\" content=\"Prix\" \/>\n\t<meta name=\"twitter:data1\" content=\"\" \/>\n\t<meta name=\"twitter:label2\" content=\"Disponibilit\u00e9\" \/>\n\t<meta name=\"twitter:data2\" content=\"En stock\" \/>\n<script type=\"application\/ld+json\" class=\"yoast-schema-graph\">{\"@context\":\"https:\\\/\\\/schema.org\",\"@graph\":[{\"@type\":\"WebPage\",\"@id\":\"https:\\\/\\\/maisonroca.ad\\\/fr\\\/boutique\\\/collier-mikado-delicate-tamara-comolli\\\/\",\"url\":\"https:\\\/\\\/maisonroca.ad\\\/fr\\\/boutique\\\/collier-mikado-delicate-tamara-comolli\\\/\",\"name\":\"COLLIER MIKADO DELICATE - TAMARA COMOLLI - Maison Roca\",\"isPartOf\":{\"@id\":\"https:\\\/\\\/maisonroca.ad\\\/fr\\\/#website\"},\"primaryImageOfPage\":{\"@id\":\"https:\\\/\\\/maisonroca.ad\\\/fr\\\/boutique\\\/collier-mikado-delicate-tamara-comolli\\\/#primaryimage\"},\"image\":{\"@id\":\"https:\\\/\\\/maisonroca.ad\\\/fr\\\/boutique\\\/collier-mikado-delicate-tamara-comolli\\\/#primaryimage\"},\"thumbnailUrl\":\"https:\\\/\\\/maisonroca.ad\\\/wp-content\\\/uploads\\\/2025\\\/05\\\/n-m-del51-can-p-yg.jpg\",\"datePublished\":\"2025-08-13T15:01:35+00:00\",\"dateModified\":\"2026-01-27T15:58:34+00:00\",\"breadcrumb\":{\"@id\":\"https:\\\/\\\/maisonroca.ad\\\/fr\\\/boutique\\\/collier-mikado-delicate-tamara-comolli\\\/#breadcrumb\"},\"inLanguage\":\"fr-FR\",\"potentialAction\":[{\"@type\":\"ReadAction\",\"target\":[\"https:\\\/\\\/maisonroca.ad\\\/fr\\\/boutique\\\/collier-mikado-delicate-tamara-comolli\\\/\"]}]},{\"@type\":\"ImageObject\",\"inLanguage\":\"fr-FR\",\"@id\":\"https:\\\/\\\/maisonroca.ad\\\/fr\\\/boutique\\\/collier-mikado-delicate-tamara-comolli\\\/#primaryimage\",\"url\":\"https:\\\/\\\/maisonroca.ad\\\/wp-content\\\/uploads\\\/2025\\\/05\\\/n-m-del51-can-p-yg.jpg\",\"contentUrl\":\"https:\\\/\\\/maisonroca.ad\\\/wp-content\\\/uploads\\\/2025\\\/05\\\/n-m-del51-can-p-yg.jpg\",\"width\":1080,\"height\":1080},{\"@type\":\"BreadcrumbList\",\"@id\":\"https:\\\/\\\/maisonroca.ad\\\/fr\\\/boutique\\\/collier-mikado-delicate-tamara-comolli\\\/#breadcrumb\",\"itemListElement\":[{\"@type\":\"ListItem\",\"position\":1,\"name\":\"Portada\",\"item\":\"https:\\\/\\\/maisonroca.ad\\\/fr\\\/\"},{\"@type\":\"ListItem\",\"position\":2,\"name\":\"Botiga\",\"item\":\"https:\\\/\\\/maisonroca.ad\\\/botiga\\\/\"},{\"@type\":\"ListItem\",\"position\":3,\"name\":\"COLLIER MIKADO DELICATE &#8211; TAMARA COMOLLI\"}]},{\"@type\":\"WebSite\",\"@id\":\"https:\\\/\\\/maisonroca.ad\\\/fr\\\/#website\",\"url\":\"https:\\\/\\\/maisonroca.ad\\\/fr\\\/\",\"name\":\"Maison Roca\",\"description\":\"Bold Luxury Life - joieria d&#039;autor - Andorra\",\"publisher\":{\"@id\":\"https:\\\/\\\/maisonroca.ad\\\/fr\\\/#organization\"},\"potentialAction\":[{\"@type\":\"SearchAction\",\"target\":{\"@type\":\"EntryPoint\",\"urlTemplate\":\"https:\\\/\\\/maisonroca.ad\\\/fr\\\/?s={search_term_string}\"},\"query-input\":{\"@type\":\"PropertyValueSpecification\",\"valueRequired\":true,\"valueName\":\"search_term_string\"}}],\"inLanguage\":\"fr-FR\"},{\"@type\":\"Organization\",\"@id\":\"https:\\\/\\\/maisonroca.ad\\\/fr\\\/#organization\",\"name\":\"Maison Roca\",\"url\":\"https:\\\/\\\/maisonroca.ad\\\/fr\\\/\",\"logo\":{\"@type\":\"ImageObject\",\"inLanguage\":\"fr-FR\",\"@id\":\"https:\\\/\\\/maisonroca.ad\\\/fr\\\/#\\\/schema\\\/logo\\\/image\\\/\",\"url\":\"https:\\\/\\\/maisonroca.ad\\\/wp-content\\\/uploads\\\/2023\\\/10\\\/icono.png\",\"contentUrl\":\"https:\\\/\\\/maisonroca.ad\\\/wp-content\\\/uploads\\\/2023\\\/10\\\/icono.png\",\"width\":512,\"height\":512,\"caption\":\"Maison Roca\"},\"image\":{\"@id\":\"https:\\\/\\\/maisonroca.ad\\\/fr\\\/#\\\/schema\\\/logo\\\/image\\\/\"},\"sameAs\":[\"https:\\\/\\\/www.facebook.com\\\/maisonroca\",\"https:\\\/\\\/www.instagram.com\\\/maisonroca\\\/\"]}]}<\/script>\n<meta property=\"product:price:currency\" content=\"EUR\" \/>\n<meta property=\"og:availability\" content=\"instock\" \/>\n<meta property=\"product:availability\" content=\"instock\" \/>\n<meta property=\"product:retailer_item_id\" content=\"N-M-DEL51-CAN-P-YG\" \/>\n<meta property=\"product:condition\" content=\"new\" \/>\n<!-- \/ Yoast SEO Premium plugin. -->","yoast_head_json":{"title":"COLLIER MIKADO DELICATE - TAMARA COMOLLI - Maison Roca","robots":{"index":"index","follow":"follow","max-snippet":"max-snippet:-1","max-image-preview":"max-image-preview:large","max-video-preview":"max-video-preview:-1"},"canonical":"https:\/\/maisonroca.ad\/fr\/boutique\/collier-mikado-delicate-tamara-comolli\/","og_locale":"fr_FR","og_type":"article","og_title":"COLLIER MIKADO DELICATE - TAMARA COMOLLI","og_description":"Collar Tamara Comolli Mikado Delicate 51 cm d'or groc, pav\u00e9e diamants, topazi swiss, peridot, turquesa.  El collaret MIKADO Delicate \u00e9s una pe\u00e7a elegant i vers\u00e0til que s\u2019adapta tant a looks de dia com de nit. Amb penjolls ic\u00f2nics de topazi su\u00eds intens, peridot verd i turmalina rosa, reflecteix a la perfecci\u00f3 els tons vius i alegres de la col\u00b7lecci\u00f3 \u201cCandy\u201d. Cada disseny incorpora un petit pav\u00e9 de diamants que hi afegeix un detall brillant i distintiu.","og_url":"https:\/\/maisonroca.ad\/fr\/boutique\/collier-mikado-delicate-tamara-comolli\/","og_site_name":"Maison Roca","article_publisher":"https:\/\/www.facebook.com\/maisonroca","article_modified_time":"2026-01-27T15:58:34+00:00","og_image":[{"width":1080,"height":1080,"url":"https:\/\/maisonroca.ad\/wp-content\/uploads\/2025\/05\/n-m-del51-can-p-yg.jpg","type":"image\/jpeg"}],"twitter_card":"summary_large_image","twitter_misc":{"Prix":"","Disponibilit\u00e9":"En stock"},"schema":{"@context":"https:\/\/schema.org","@graph":[{"@type":"WebPage","@id":"https:\/\/maisonroca.ad\/fr\/boutique\/collier-mikado-delicate-tamara-comolli\/","url":"https:\/\/maisonroca.ad\/fr\/boutique\/collier-mikado-delicate-tamara-comolli\/","name":"COLLIER MIKADO DELICATE - TAMARA COMOLLI - Maison Roca","isPartOf":{"@id":"https:\/\/maisonroca.ad\/fr\/#website"},"primaryImageOfPage":{"@id":"https:\/\/maisonroca.ad\/fr\/boutique\/collier-mikado-delicate-tamara-comolli\/#primaryimage"},"image":{"@id":"https:\/\/maisonroca.ad\/fr\/boutique\/collier-mikado-delicate-tamara-comolli\/#primaryimage"},"thumbnailUrl":"https:\/\/maisonroca.ad\/wp-content\/uploads\/2025\/05\/n-m-del51-can-p-yg.jpg","datePublished":"2025-08-13T15:01:35+00:00","dateModified":"2026-01-27T15:58:34+00:00","breadcrumb":{"@id":"https:\/\/maisonroca.ad\/fr\/boutique\/collier-mikado-delicate-tamara-comolli\/#breadcrumb"},"inLanguage":"fr-FR","potentialAction":[{"@type":"ReadAction","target":["https:\/\/maisonroca.ad\/fr\/boutique\/collier-mikado-delicate-tamara-comolli\/"]}]},{"@type":"ImageObject","inLanguage":"fr-FR","@id":"https:\/\/maisonroca.ad\/fr\/boutique\/collier-mikado-delicate-tamara-comolli\/#primaryimage","url":"https:\/\/maisonroca.ad\/wp-content\/uploads\/2025\/05\/n-m-del51-can-p-yg.jpg","contentUrl":"https:\/\/maisonroca.ad\/wp-content\/uploads\/2025\/05\/n-m-del51-can-p-yg.jpg","width":1080,"height":1080},{"@type":"BreadcrumbList","@id":"https:\/\/maisonroca.ad\/fr\/boutique\/collier-mikado-delicate-tamara-comolli\/#breadcrumb","itemListElement":[{"@type":"ListItem","position":1,"name":"Portada","item":"https:\/\/maisonroca.ad\/fr\/"},{"@type":"ListItem","position":2,"name":"Botiga","item":"https:\/\/maisonroca.ad\/botiga\/"},{"@type":"ListItem","position":3,"name":"COLLIER MIKADO DELICATE &#8211; TAMARA COMOLLI"}]},{"@type":"WebSite","@id":"https:\/\/maisonroca.ad\/fr\/#website","url":"https:\/\/maisonroca.ad\/fr\/","name":"Maison Roca","description":"Bold Luxury Life - joieria d&#039;autor - Andorra","publisher":{"@id":"https:\/\/maisonroca.ad\/fr\/#organization"},"potentialAction":[{"@type":"SearchAction","target":{"@type":"EntryPoint","urlTemplate":"https:\/\/maisonroca.ad\/fr\/?s={search_term_string}"},"query-input":{"@type":"PropertyValueSpecification","valueRequired":true,"valueName":"search_term_string"}}],"inLanguage":"fr-FR"},{"@type":"Organization","@id":"https:\/\/maisonroca.ad\/fr\/#organization","name":"Maison Roca","url":"https:\/\/maisonroca.ad\/fr\/","logo":{"@type":"ImageObject","inLanguage":"fr-FR","@id":"https:\/\/maisonroca.ad\/fr\/#\/schema\/logo\/image\/","url":"https:\/\/maisonroca.ad\/wp-content\/uploads\/2023\/10\/icono.png","contentUrl":"https:\/\/maisonroca.ad\/wp-content\/uploads\/2023\/10\/icono.png","width":512,"height":512,"caption":"Maison Roca"},"image":{"@id":"https:\/\/maisonroca.ad\/fr\/#\/schema\/logo\/image\/"},"sameAs":["https:\/\/www.facebook.com\/maisonroca","https:\/\/www.instagram.com\/maisonroca\/"]}]},"product_price_currency":"EUR","og_availability":"instock","product_availability":"instock","product_retailer_item_id":"N-M-DEL51-CAN-P-YG","product_condition":"new"},"_links":{"self":[{"href":"https:\/\/maisonroca.ad\/fr\/wp-json\/wp\/v2\/product\/75652","targetHints":{"allow":["GET"]}}],"collection":[{"href":"https:\/\/maisonroca.ad\/fr\/wp-json\/wp\/v2\/product"}],"about":[{"href":"https:\/\/maisonroca.ad\/fr\/wp-json\/wp\/v2\/types\/product"}],"replies":[{"embeddable":true,"href":"https:\/\/maisonroca.ad\/fr\/wp-json\/wp\/v2\/comments?post=75652"}],"version-history":[{"count":10,"href":"https:\/\/maisonroca.ad\/fr\/wp-json\/wp\/v2\/product\/75652\/revisions"}],"predecessor-version":[{"id":83233,"href":"https:\/\/maisonroca.ad\/fr\/wp-json\/wp\/v2\/product\/75652\/revisions\/83233"}],"wp:featuredmedia":[{"embeddable":true,"href":"https:\/\/maisonroca.ad\/fr\/wp-json\/wp\/v2\/media\/73143"}],"wp:attachment":[{"href":"https:\/\/maisonroca.ad\/fr\/wp-json\/wp\/v2\/media?parent=75652"}],"wp:term":[{"taxonomy":"product_brand","embeddable":true,"href":"https:\/\/maisonroca.ad\/fr\/wp-json\/wp\/v2\/product_brand?post=75652"},{"taxonomy":"product_cat","embeddable":true,"href":"https:\/\/maisonroca.ad\/fr\/wp-json\/wp\/v2\/product_cat?post=75652"},{"taxonomy":"product_tag","embeddable":true,"href":"https:\/\/maisonroca.ad\/fr\/wp-json\/wp\/v2\/product_tag?post=75652"}],"curies":[{"name":"wp","href":"https:\/\/api.w.org\/{rel}","templated":true}]}}