{"id":75668,"date":"2025-08-13T17:04:50","date_gmt":"2025-08-13T15:04:50","guid":{"rendered":"https:\/\/maisonroca.ad\/?post_type=product&#038;p=75668"},"modified":"2026-02-03T09:28:40","modified_gmt":"2026-02-03T08:28:40","slug":"collier-signature-2-gouttes-42-cm-tamara-comolli","status":"publish","type":"product","link":"https:\/\/maisonroca.ad\/fr\/boutique\/collier-signature-2-gouttes-42-cm-tamara-comolli\/","title":{"rendered":"COLLIER SIGNATURE 2 GOUTTES 42 CM &#8211; TAMARA COMOLLI"},"content":{"rendered":"<p>Collier Tamara Comolli Signature \u00e0 deux gouttes 42 cm en or jaune, pav\u00e9 diamants et turquoise.<\/p>\n<p>Ce collier en or jaune d\u00e9voile deux pendentifs en forme de goutte, signature de la maison Tamara Comolli. Un d\u00e9licat pavage de diamants dialogue avec une turquoise aux nuances lumineuses. Mont\u00e9 sur une cha\u00eene ajustable, il se pr\u00eate avec \u00e9l\u00e9gance au jeu des superpositions.<\/p>\n<p>D\u00e9tails:<\/p>\n<p>\u2022 Or jaune 18k<br \/>\n\u2022 Diamants 0,19 ct gsi<br \/>\n\u2022 Turquoise 0,70 ct<\/p>\n","protected":false},"excerpt":{"rendered":"<p>Collar Tamara Comolli Signature 2 gotes 42 cm d&rsquo;or groc, diamant i turquesa.<\/p>\n<p>Aquesta delicada joia amb doble penjoll en forma de gota \u00e9s una interpretaci\u00f3 juganera i refinada de la col\u00b7lecci\u00f3 SIGNATURE. Combina un detall fi amb pav\u00e9 de diamants i una gota m\u00e9s gran de turquesa que hi aporta un toc fresc i elegant. Amb la cadena ajustable, es pot combinar f\u00e0cilment amb altres peces de la col\u00b7lecci\u00f3 TAMARA COMOLLI, com una brisa suau d\u2019estiu.<\/p>\n","protected":false},"featured_media":73882,"comment_status":"closed","ping_status":"closed","template":"","meta":{"_acf_changed":false,"_monsterinsights_skip_tracking":false,"_monsterinsights_sitenote_active":false,"_monsterinsights_sitenote_note":"","_monsterinsights_sitenote_category":0},"product_brand":[],"product_cat":[1244,3446],"product_tag":[3861,2192,2732,2787,2812],"class_list":{"0":"post-75668","1":"product","2":"type-product","3":"status-publish","4":"has-post-thumbnail","6":"product_cat-bijou","7":"product_cat-tamara-comolli-fr","8":"product_tag-collars","9":"product_tag-diamants-2","10":"product_tag-or-groc-fr","11":"product_tag-tamara-comolli-fr","12":"product_tag-turquesa-fr","14":"first","15":"instock","16":"shipping-taxable","17":"purchasable","18":"product-type-simple"},"acf":[],"yoast_head":"<!-- This site is optimized with the Yoast SEO Premium plugin v26.8 (Yoast SEO v27.4) - https:\/\/yoast.com\/product\/yoast-seo-premium-wordpress\/ -->\n<title>COLLIER SIGNATURE 2 GOUTTES 42 CM - TAMARA COMOLLI - Maison Roca<\/title>\n<meta name=\"robots\" content=\"index, follow, max-snippet:-1, max-image-preview:large, max-video-preview:-1\" \/>\n<link rel=\"canonical\" href=\"https:\/\/maisonroca.ad\/fr\/boutique\/collier-signature-2-gouttes-42-cm-tamara-comolli\/\" \/>\n<meta property=\"og:locale\" content=\"fr_FR\" \/>\n<meta property=\"og:type\" content=\"article\" \/>\n<meta property=\"og:title\" content=\"COLLIER SIGNATURE 2 GOUTTES 42 CM - TAMARA COMOLLI\" \/>\n<meta property=\"og:description\" content=\"Collar Tamara Comolli Signature 2 gotes 42 cm d&#039;or groc, diamant i turquesa.  Aquesta delicada joia amb doble penjoll en forma de gota \u00e9s una interpretaci\u00f3 juganera i refinada de la col\u00b7lecci\u00f3 SIGNATURE. Combina un detall fi amb pav\u00e9 de diamants i una gota m\u00e9s gran de turquesa que hi aporta un toc fresc i elegant. Amb la cadena ajustable, es pot combinar f\u00e0cilment amb altres peces de la col\u00b7lecci\u00f3 TAMARA COMOLLI, com una brisa suau d\u2019estiu.\" \/>\n<meta property=\"og:url\" content=\"https:\/\/maisonroca.ad\/fr\/boutique\/collier-signature-2-gouttes-42-cm-tamara-comolli\/\" \/>\n<meta property=\"og:site_name\" content=\"Maison Roca\" \/>\n<meta property=\"article:publisher\" content=\"https:\/\/www.facebook.com\/maisonroca\" \/>\n<meta property=\"article:modified_time\" content=\"2026-02-03T08:28:40+00:00\" \/>\n<meta property=\"og:image\" content=\"https:\/\/maisonroca.ad\/wp-content\/uploads\/2025\/05\/n-sig-2dr-tur-p-yg.jpg\" \/>\n\t<meta property=\"og:image:width\" content=\"1080\" \/>\n\t<meta property=\"og:image:height\" content=\"1080\" \/>\n\t<meta property=\"og:image:type\" content=\"image\/jpeg\" \/>\n<meta name=\"twitter:card\" content=\"summary_large_image\" \/>\n<meta name=\"twitter:label1\" content=\"Prix\" \/>\n\t<meta name=\"twitter:data1\" content=\"4.140,00&nbsp;&euro;\" \/>\n\t<meta name=\"twitter:label2\" content=\"Disponibilit\u00e9\" \/>\n\t<meta name=\"twitter:data2\" content=\"En stock\" \/>\n<script type=\"application\/ld+json\" class=\"yoast-schema-graph\">{\"@context\":\"https:\\\/\\\/schema.org\",\"@graph\":[{\"@type\":\"WebPage\",\"@id\":\"https:\\\/\\\/maisonroca.ad\\\/fr\\\/boutique\\\/collier-signature-2-gouttes-42-cm-tamara-comolli\\\/\",\"url\":\"https:\\\/\\\/maisonroca.ad\\\/fr\\\/boutique\\\/collier-signature-2-gouttes-42-cm-tamara-comolli\\\/\",\"name\":\"COLLIER SIGNATURE 2 GOUTTES 42 CM - TAMARA COMOLLI - Maison Roca\",\"isPartOf\":{\"@id\":\"https:\\\/\\\/maisonroca.ad\\\/fr\\\/#website\"},\"primaryImageOfPage\":{\"@id\":\"https:\\\/\\\/maisonroca.ad\\\/fr\\\/boutique\\\/collier-signature-2-gouttes-42-cm-tamara-comolli\\\/#primaryimage\"},\"image\":{\"@id\":\"https:\\\/\\\/maisonroca.ad\\\/fr\\\/boutique\\\/collier-signature-2-gouttes-42-cm-tamara-comolli\\\/#primaryimage\"},\"thumbnailUrl\":\"https:\\\/\\\/maisonroca.ad\\\/wp-content\\\/uploads\\\/2025\\\/05\\\/n-sig-2dr-tur-p-yg.jpg\",\"datePublished\":\"2025-08-13T15:04:50+00:00\",\"dateModified\":\"2026-02-03T08:28:40+00:00\",\"breadcrumb\":{\"@id\":\"https:\\\/\\\/maisonroca.ad\\\/fr\\\/boutique\\\/collier-signature-2-gouttes-42-cm-tamara-comolli\\\/#breadcrumb\"},\"inLanguage\":\"fr-FR\",\"potentialAction\":[{\"@type\":\"ReadAction\",\"target\":[\"https:\\\/\\\/maisonroca.ad\\\/fr\\\/boutique\\\/collier-signature-2-gouttes-42-cm-tamara-comolli\\\/\"]}]},{\"@type\":\"ImageObject\",\"inLanguage\":\"fr-FR\",\"@id\":\"https:\\\/\\\/maisonroca.ad\\\/fr\\\/boutique\\\/collier-signature-2-gouttes-42-cm-tamara-comolli\\\/#primaryimage\",\"url\":\"https:\\\/\\\/maisonroca.ad\\\/wp-content\\\/uploads\\\/2025\\\/05\\\/n-sig-2dr-tur-p-yg.jpg\",\"contentUrl\":\"https:\\\/\\\/maisonroca.ad\\\/wp-content\\\/uploads\\\/2025\\\/05\\\/n-sig-2dr-tur-p-yg.jpg\",\"width\":1080,\"height\":1080},{\"@type\":\"BreadcrumbList\",\"@id\":\"https:\\\/\\\/maisonroca.ad\\\/fr\\\/boutique\\\/collier-signature-2-gouttes-42-cm-tamara-comolli\\\/#breadcrumb\",\"itemListElement\":[{\"@type\":\"ListItem\",\"position\":1,\"name\":\"Portada\",\"item\":\"https:\\\/\\\/maisonroca.ad\\\/fr\\\/\"},{\"@type\":\"ListItem\",\"position\":2,\"name\":\"Botiga\",\"item\":\"https:\\\/\\\/maisonroca.ad\\\/botiga\\\/\"},{\"@type\":\"ListItem\",\"position\":3,\"name\":\"COLLIER SIGNATURE 2 GOUTTES 42 CM &#8211; TAMARA COMOLLI\"}]},{\"@type\":\"WebSite\",\"@id\":\"https:\\\/\\\/maisonroca.ad\\\/fr\\\/#website\",\"url\":\"https:\\\/\\\/maisonroca.ad\\\/fr\\\/\",\"name\":\"Maison Roca\",\"description\":\"Bold Luxury Life - joieria d&#039;autor - Andorra\",\"publisher\":{\"@id\":\"https:\\\/\\\/maisonroca.ad\\\/fr\\\/#organization\"},\"potentialAction\":[{\"@type\":\"SearchAction\",\"target\":{\"@type\":\"EntryPoint\",\"urlTemplate\":\"https:\\\/\\\/maisonroca.ad\\\/fr\\\/?s={search_term_string}\"},\"query-input\":{\"@type\":\"PropertyValueSpecification\",\"valueRequired\":true,\"valueName\":\"search_term_string\"}}],\"inLanguage\":\"fr-FR\"},{\"@type\":\"Organization\",\"@id\":\"https:\\\/\\\/maisonroca.ad\\\/fr\\\/#organization\",\"name\":\"Maison Roca\",\"url\":\"https:\\\/\\\/maisonroca.ad\\\/fr\\\/\",\"logo\":{\"@type\":\"ImageObject\",\"inLanguage\":\"fr-FR\",\"@id\":\"https:\\\/\\\/maisonroca.ad\\\/fr\\\/#\\\/schema\\\/logo\\\/image\\\/\",\"url\":\"https:\\\/\\\/maisonroca.ad\\\/wp-content\\\/uploads\\\/2023\\\/10\\\/icono.png\",\"contentUrl\":\"https:\\\/\\\/maisonroca.ad\\\/wp-content\\\/uploads\\\/2023\\\/10\\\/icono.png\",\"width\":512,\"height\":512,\"caption\":\"Maison Roca\"},\"image\":{\"@id\":\"https:\\\/\\\/maisonroca.ad\\\/fr\\\/#\\\/schema\\\/logo\\\/image\\\/\"},\"sameAs\":[\"https:\\\/\\\/www.facebook.com\\\/maisonroca\",\"https:\\\/\\\/www.instagram.com\\\/maisonroca\\\/\"]}]}<\/script>\n<meta property=\"product:price:amount\" content=\"4140.00\" \/>\n<meta property=\"product:price:currency\" content=\"EUR\" \/>\n<meta property=\"og:availability\" content=\"instock\" \/>\n<meta property=\"product:availability\" content=\"instock\" \/>\n<meta property=\"product:retailer_item_id\" content=\"N-SIG-2DR-TUR-P-YG\" \/>\n<meta property=\"product:condition\" content=\"new\" \/>\n<!-- \/ Yoast SEO Premium plugin. -->","yoast_head_json":{"title":"COLLIER SIGNATURE 2 GOUTTES 42 CM - TAMARA COMOLLI - Maison Roca","robots":{"index":"index","follow":"follow","max-snippet":"max-snippet:-1","max-image-preview":"max-image-preview:large","max-video-preview":"max-video-preview:-1"},"canonical":"https:\/\/maisonroca.ad\/fr\/boutique\/collier-signature-2-gouttes-42-cm-tamara-comolli\/","og_locale":"fr_FR","og_type":"article","og_title":"COLLIER SIGNATURE 2 GOUTTES 42 CM - TAMARA COMOLLI","og_description":"Collar Tamara Comolli Signature 2 gotes 42 cm d'or groc, diamant i turquesa.  Aquesta delicada joia amb doble penjoll en forma de gota \u00e9s una interpretaci\u00f3 juganera i refinada de la col\u00b7lecci\u00f3 SIGNATURE. Combina un detall fi amb pav\u00e9 de diamants i una gota m\u00e9s gran de turquesa que hi aporta un toc fresc i elegant. Amb la cadena ajustable, es pot combinar f\u00e0cilment amb altres peces de la col\u00b7lecci\u00f3 TAMARA COMOLLI, com una brisa suau d\u2019estiu.","og_url":"https:\/\/maisonroca.ad\/fr\/boutique\/collier-signature-2-gouttes-42-cm-tamara-comolli\/","og_site_name":"Maison Roca","article_publisher":"https:\/\/www.facebook.com\/maisonroca","article_modified_time":"2026-02-03T08:28:40+00:00","og_image":[{"width":1080,"height":1080,"url":"https:\/\/maisonroca.ad\/wp-content\/uploads\/2025\/05\/n-sig-2dr-tur-p-yg.jpg","type":"image\/jpeg"}],"twitter_card":"summary_large_image","twitter_misc":{"Prix":"4.140,00&nbsp;&euro;","Disponibilit\u00e9":"En stock"},"schema":{"@context":"https:\/\/schema.org","@graph":[{"@type":"WebPage","@id":"https:\/\/maisonroca.ad\/fr\/boutique\/collier-signature-2-gouttes-42-cm-tamara-comolli\/","url":"https:\/\/maisonroca.ad\/fr\/boutique\/collier-signature-2-gouttes-42-cm-tamara-comolli\/","name":"COLLIER SIGNATURE 2 GOUTTES 42 CM - TAMARA COMOLLI - Maison Roca","isPartOf":{"@id":"https:\/\/maisonroca.ad\/fr\/#website"},"primaryImageOfPage":{"@id":"https:\/\/maisonroca.ad\/fr\/boutique\/collier-signature-2-gouttes-42-cm-tamara-comolli\/#primaryimage"},"image":{"@id":"https:\/\/maisonroca.ad\/fr\/boutique\/collier-signature-2-gouttes-42-cm-tamara-comolli\/#primaryimage"},"thumbnailUrl":"https:\/\/maisonroca.ad\/wp-content\/uploads\/2025\/05\/n-sig-2dr-tur-p-yg.jpg","datePublished":"2025-08-13T15:04:50+00:00","dateModified":"2026-02-03T08:28:40+00:00","breadcrumb":{"@id":"https:\/\/maisonroca.ad\/fr\/boutique\/collier-signature-2-gouttes-42-cm-tamara-comolli\/#breadcrumb"},"inLanguage":"fr-FR","potentialAction":[{"@type":"ReadAction","target":["https:\/\/maisonroca.ad\/fr\/boutique\/collier-signature-2-gouttes-42-cm-tamara-comolli\/"]}]},{"@type":"ImageObject","inLanguage":"fr-FR","@id":"https:\/\/maisonroca.ad\/fr\/boutique\/collier-signature-2-gouttes-42-cm-tamara-comolli\/#primaryimage","url":"https:\/\/maisonroca.ad\/wp-content\/uploads\/2025\/05\/n-sig-2dr-tur-p-yg.jpg","contentUrl":"https:\/\/maisonroca.ad\/wp-content\/uploads\/2025\/05\/n-sig-2dr-tur-p-yg.jpg","width":1080,"height":1080},{"@type":"BreadcrumbList","@id":"https:\/\/maisonroca.ad\/fr\/boutique\/collier-signature-2-gouttes-42-cm-tamara-comolli\/#breadcrumb","itemListElement":[{"@type":"ListItem","position":1,"name":"Portada","item":"https:\/\/maisonroca.ad\/fr\/"},{"@type":"ListItem","position":2,"name":"Botiga","item":"https:\/\/maisonroca.ad\/botiga\/"},{"@type":"ListItem","position":3,"name":"COLLIER SIGNATURE 2 GOUTTES 42 CM &#8211; TAMARA COMOLLI"}]},{"@type":"WebSite","@id":"https:\/\/maisonroca.ad\/fr\/#website","url":"https:\/\/maisonroca.ad\/fr\/","name":"Maison Roca","description":"Bold Luxury Life - joieria d&#039;autor - Andorra","publisher":{"@id":"https:\/\/maisonroca.ad\/fr\/#organization"},"potentialAction":[{"@type":"SearchAction","target":{"@type":"EntryPoint","urlTemplate":"https:\/\/maisonroca.ad\/fr\/?s={search_term_string}"},"query-input":{"@type":"PropertyValueSpecification","valueRequired":true,"valueName":"search_term_string"}}],"inLanguage":"fr-FR"},{"@type":"Organization","@id":"https:\/\/maisonroca.ad\/fr\/#organization","name":"Maison Roca","url":"https:\/\/maisonroca.ad\/fr\/","logo":{"@type":"ImageObject","inLanguage":"fr-FR","@id":"https:\/\/maisonroca.ad\/fr\/#\/schema\/logo\/image\/","url":"https:\/\/maisonroca.ad\/wp-content\/uploads\/2023\/10\/icono.png","contentUrl":"https:\/\/maisonroca.ad\/wp-content\/uploads\/2023\/10\/icono.png","width":512,"height":512,"caption":"Maison Roca"},"image":{"@id":"https:\/\/maisonroca.ad\/fr\/#\/schema\/logo\/image\/"},"sameAs":["https:\/\/www.facebook.com\/maisonroca","https:\/\/www.instagram.com\/maisonroca\/"]}]},"product_price_amount":"4140.00","product_price_currency":"EUR","og_availability":"instock","product_availability":"instock","product_retailer_item_id":"N-SIG-2DR-TUR-P-YG","product_condition":"new"},"_links":{"self":[{"href":"https:\/\/maisonroca.ad\/fr\/wp-json\/wp\/v2\/product\/75668","targetHints":{"allow":["GET"]}}],"collection":[{"href":"https:\/\/maisonroca.ad\/fr\/wp-json\/wp\/v2\/product"}],"about":[{"href":"https:\/\/maisonroca.ad\/fr\/wp-json\/wp\/v2\/types\/product"}],"replies":[{"embeddable":true,"href":"https:\/\/maisonroca.ad\/fr\/wp-json\/wp\/v2\/comments?post=75668"}],"version-history":[{"count":12,"href":"https:\/\/maisonroca.ad\/fr\/wp-json\/wp\/v2\/product\/75668\/revisions"}],"predecessor-version":[{"id":83791,"href":"https:\/\/maisonroca.ad\/fr\/wp-json\/wp\/v2\/product\/75668\/revisions\/83791"}],"wp:featuredmedia":[{"embeddable":true,"href":"https:\/\/maisonroca.ad\/fr\/wp-json\/wp\/v2\/media\/73882"}],"wp:attachment":[{"href":"https:\/\/maisonroca.ad\/fr\/wp-json\/wp\/v2\/media?parent=75668"}],"wp:term":[{"taxonomy":"product_brand","embeddable":true,"href":"https:\/\/maisonroca.ad\/fr\/wp-json\/wp\/v2\/product_brand?post=75668"},{"taxonomy":"product_cat","embeddable":true,"href":"https:\/\/maisonroca.ad\/fr\/wp-json\/wp\/v2\/product_cat?post=75668"},{"taxonomy":"product_tag","embeddable":true,"href":"https:\/\/maisonroca.ad\/fr\/wp-json\/wp\/v2\/product_tag?post=75668"}],"curies":[{"name":"wp","href":"https:\/\/api.w.org\/{rel}","templated":true}]}}