{"id":75700,"date":"2025-08-13T17:04:21","date_gmt":"2025-08-13T15:04:21","guid":{"rendered":"https:\/\/maisonroca.ad\/?post_type=product&#038;p=75700"},"modified":"2026-01-27T09:58:31","modified_gmt":"2026-01-27T08:58:31","slug":"tamara-comolli-mikado-charm-candy-bracelet","status":"publish","type":"product","link":"https:\/\/maisonroca.ad\/fr\/boutique\/tamara-comolli-mikado-charm-candy-bracelet\/","title":{"rendered":"TAMARA COMOLLI MIKADO CHARM CANDY BRACELET"},"content":{"rendered":"<p>Le bracelet MIKADO Candy en or rose associe tourmalines, grenat mandarin, am\u00e9thyste, topaze swiss et citrine. L\u2019harmonie de pierres finement s\u00e9lectionn\u00e9es compose une palette lumineuse, r\u00e9v\u00e9lant un bijou artisanal \u00e0 l\u2019allure pr\u00e9cieuse et naturellement \u00e9l\u00e9gante.<\/p>\n<p>D\u00e9tails:<\/p>\n<p>\u2022 Or rose 18k<br \/>\n\u2022 Tourmalines, vertes et rose 2,00 ct<br \/>\n\u2022 Grenat mandarin 1,50 ct<br \/>\n\u2022 Am\u00e9thyste 0,80 ct<br \/>\n\u2022 Topaze swiss 1,20 ct<br \/>\n\u2022 Citrine 0,90 ct<\/p>\n","protected":false},"excerpt":{"rendered":"<p>Bra\u00e7alet Tamara Comolli Mikado Charm Candy d&rsquo;or rosa, turmalines, grenat, amatista, topazi i citrini.<\/p>\n<p>El bra\u00e7alet MIKADO de la col\u00b7lecci\u00f3 \u201cCandy\u201d \u00e9s una explosi\u00f3 de color gr\u00e0cies a les pedres precioses en tons vius. Fet a m\u00e0 amb molta cura, \u00e9s una pe\u00e7a alegre i vers\u00e0til que s\u2019adapta c\u00f2modament a qualsevol canell \u2014 perfecte per convertir-se en un dels teus imprescindibles.<\/p>\n","protected":false},"featured_media":73095,"comment_status":"closed","ping_status":"closed","template":"","meta":{"_acf_changed":false,"_monsterinsights_skip_tracking":false,"_monsterinsights_sitenote_active":false,"_monsterinsights_sitenote_note":"","_monsterinsights_sitenote_category":0},"product_brand":[],"product_cat":[1244,3446],"product_tag":[2823,2402,2824,2131,3391,2787,2805,2822],"class_list":{"0":"post-75700","1":"product","2":"type-product","3":"status-publish","4":"has-post-thumbnail","6":"product_cat-bijou","7":"product_cat-tamara-comolli-fr","8":"product_tag-amatista-fr","9":"product_tag-bracalets-2","10":"product_tag-citrini-fr","11":"product_tag-grenat-2","12":"product_tag-or-rosa-fr","13":"product_tag-tamara-comolli-fr","14":"product_tag-topazi-fr","15":"product_tag-turmalina-fr","17":"first","18":"instock","19":"shipping-taxable","20":"purchasable","21":"product-type-simple"},"acf":[],"yoast_head":"<!-- This site is optimized with the Yoast SEO Premium plugin v26.8 (Yoast SEO v27.4) - https:\/\/yoast.com\/product\/yoast-seo-premium-wordpress\/ -->\n<title>TAMARA COMOLLI MIKADO CHARM CANDY BRACELET - Maison Roca<\/title>\n<meta name=\"robots\" content=\"index, follow, max-snippet:-1, max-image-preview:large, max-video-preview:-1\" \/>\n<link rel=\"canonical\" href=\"https:\/\/maisonroca.ad\/fr\/boutique\/tamara-comolli-mikado-charm-candy-bracelet\/\" \/>\n<meta property=\"og:locale\" content=\"fr_FR\" \/>\n<meta property=\"og:type\" content=\"article\" \/>\n<meta property=\"og:title\" content=\"TAMARA COMOLLI MIKADO CHARM CANDY BRACELET\" \/>\n<meta property=\"og:description\" content=\"Bra\u00e7alet Tamara Comolli Mikado Charm Candy d&#039;or rosa, turmalines, grenat, amatista, topazi i citrini.  El bra\u00e7alet MIKADO de la col\u00b7lecci\u00f3 \u201cCandy\u201d \u00e9s una explosi\u00f3 de color gr\u00e0cies a les pedres precioses en tons vius. Fet a m\u00e0 amb molta cura, \u00e9s una pe\u00e7a alegre i vers\u00e0til que s\u2019adapta c\u00f2modament a qualsevol canell \u2014 perfecte per convertir-se en un dels teus imprescindibles.\" \/>\n<meta property=\"og:url\" content=\"https:\/\/maisonroca.ad\/fr\/boutique\/tamara-comolli-mikado-charm-candy-bracelet\/\" \/>\n<meta property=\"og:site_name\" content=\"Maison Roca\" \/>\n<meta property=\"article:publisher\" content=\"https:\/\/www.facebook.com\/maisonroca\" \/>\n<meta property=\"article:modified_time\" content=\"2026-01-27T08:58:31+00:00\" \/>\n<meta property=\"og:image\" content=\"https:\/\/maisonroca.ad\/wp-content\/uploads\/2025\/05\/b-mc-ch-can-rg.jpg\" \/>\n\t<meta property=\"og:image:width\" content=\"1080\" \/>\n\t<meta property=\"og:image:height\" content=\"1080\" \/>\n\t<meta property=\"og:image:type\" content=\"image\/jpeg\" \/>\n<meta name=\"twitter:card\" content=\"summary_large_image\" \/>\n<meta name=\"twitter:label1\" content=\"Prix\" \/>\n\t<meta name=\"twitter:data1\" content=\"6.210,00&nbsp;&euro;\" \/>\n\t<meta name=\"twitter:label2\" content=\"Disponibilit\u00e9\" \/>\n\t<meta name=\"twitter:data2\" content=\"En stock\" \/>\n<script type=\"application\/ld+json\" class=\"yoast-schema-graph\">{\"@context\":\"https:\\\/\\\/schema.org\",\"@graph\":[{\"@type\":\"WebPage\",\"@id\":\"https:\\\/\\\/maisonroca.ad\\\/fr\\\/boutique\\\/tamara-comolli-mikado-charm-candy-bracelet\\\/\",\"url\":\"https:\\\/\\\/maisonroca.ad\\\/fr\\\/boutique\\\/tamara-comolli-mikado-charm-candy-bracelet\\\/\",\"name\":\"TAMARA COMOLLI MIKADO CHARM CANDY BRACELET - Maison Roca\",\"isPartOf\":{\"@id\":\"https:\\\/\\\/maisonroca.ad\\\/fr\\\/#website\"},\"primaryImageOfPage\":{\"@id\":\"https:\\\/\\\/maisonroca.ad\\\/fr\\\/boutique\\\/tamara-comolli-mikado-charm-candy-bracelet\\\/#primaryimage\"},\"image\":{\"@id\":\"https:\\\/\\\/maisonroca.ad\\\/fr\\\/boutique\\\/tamara-comolli-mikado-charm-candy-bracelet\\\/#primaryimage\"},\"thumbnailUrl\":\"https:\\\/\\\/maisonroca.ad\\\/wp-content\\\/uploads\\\/2025\\\/05\\\/b-mc-ch-can-rg.jpg\",\"datePublished\":\"2025-08-13T15:04:21+00:00\",\"dateModified\":\"2026-01-27T08:58:31+00:00\",\"breadcrumb\":{\"@id\":\"https:\\\/\\\/maisonroca.ad\\\/fr\\\/boutique\\\/tamara-comolli-mikado-charm-candy-bracelet\\\/#breadcrumb\"},\"inLanguage\":\"fr-FR\",\"potentialAction\":[{\"@type\":\"ReadAction\",\"target\":[\"https:\\\/\\\/maisonroca.ad\\\/fr\\\/boutique\\\/tamara-comolli-mikado-charm-candy-bracelet\\\/\"]}]},{\"@type\":\"ImageObject\",\"inLanguage\":\"fr-FR\",\"@id\":\"https:\\\/\\\/maisonroca.ad\\\/fr\\\/boutique\\\/tamara-comolli-mikado-charm-candy-bracelet\\\/#primaryimage\",\"url\":\"https:\\\/\\\/maisonroca.ad\\\/wp-content\\\/uploads\\\/2025\\\/05\\\/b-mc-ch-can-rg.jpg\",\"contentUrl\":\"https:\\\/\\\/maisonroca.ad\\\/wp-content\\\/uploads\\\/2025\\\/05\\\/b-mc-ch-can-rg.jpg\",\"width\":1080,\"height\":1080},{\"@type\":\"BreadcrumbList\",\"@id\":\"https:\\\/\\\/maisonroca.ad\\\/fr\\\/boutique\\\/tamara-comolli-mikado-charm-candy-bracelet\\\/#breadcrumb\",\"itemListElement\":[{\"@type\":\"ListItem\",\"position\":1,\"name\":\"Portada\",\"item\":\"https:\\\/\\\/maisonroca.ad\\\/fr\\\/\"},{\"@type\":\"ListItem\",\"position\":2,\"name\":\"Botiga\",\"item\":\"https:\\\/\\\/maisonroca.ad\\\/botiga\\\/\"},{\"@type\":\"ListItem\",\"position\":3,\"name\":\"TAMARA COMOLLI MIKADO CHARM CANDY BRACELET\"}]},{\"@type\":\"WebSite\",\"@id\":\"https:\\\/\\\/maisonroca.ad\\\/fr\\\/#website\",\"url\":\"https:\\\/\\\/maisonroca.ad\\\/fr\\\/\",\"name\":\"Maison Roca\",\"description\":\"Bold Luxury Life - joieria d&#039;autor - Andorra\",\"publisher\":{\"@id\":\"https:\\\/\\\/maisonroca.ad\\\/fr\\\/#organization\"},\"potentialAction\":[{\"@type\":\"SearchAction\",\"target\":{\"@type\":\"EntryPoint\",\"urlTemplate\":\"https:\\\/\\\/maisonroca.ad\\\/fr\\\/?s={search_term_string}\"},\"query-input\":{\"@type\":\"PropertyValueSpecification\",\"valueRequired\":true,\"valueName\":\"search_term_string\"}}],\"inLanguage\":\"fr-FR\"},{\"@type\":\"Organization\",\"@id\":\"https:\\\/\\\/maisonroca.ad\\\/fr\\\/#organization\",\"name\":\"Maison Roca\",\"url\":\"https:\\\/\\\/maisonroca.ad\\\/fr\\\/\",\"logo\":{\"@type\":\"ImageObject\",\"inLanguage\":\"fr-FR\",\"@id\":\"https:\\\/\\\/maisonroca.ad\\\/fr\\\/#\\\/schema\\\/logo\\\/image\\\/\",\"url\":\"https:\\\/\\\/maisonroca.ad\\\/wp-content\\\/uploads\\\/2023\\\/10\\\/icono.png\",\"contentUrl\":\"https:\\\/\\\/maisonroca.ad\\\/wp-content\\\/uploads\\\/2023\\\/10\\\/icono.png\",\"width\":512,\"height\":512,\"caption\":\"Maison Roca\"},\"image\":{\"@id\":\"https:\\\/\\\/maisonroca.ad\\\/fr\\\/#\\\/schema\\\/logo\\\/image\\\/\"},\"sameAs\":[\"https:\\\/\\\/www.facebook.com\\\/maisonroca\",\"https:\\\/\\\/www.instagram.com\\\/maisonroca\\\/\"]}]}<\/script>\n<meta property=\"product:price:amount\" content=\"6210.00\" \/>\n<meta property=\"product:price:currency\" content=\"EUR\" \/>\n<meta property=\"og:availability\" content=\"instock\" \/>\n<meta property=\"product:availability\" content=\"instock\" \/>\n<meta property=\"product:retailer_item_id\" content=\"B-MC-CH-CAN-RG\" \/>\n<meta property=\"product:condition\" content=\"new\" \/>\n<!-- \/ Yoast SEO Premium plugin. -->","yoast_head_json":{"title":"TAMARA COMOLLI MIKADO CHARM CANDY BRACELET - Maison Roca","robots":{"index":"index","follow":"follow","max-snippet":"max-snippet:-1","max-image-preview":"max-image-preview:large","max-video-preview":"max-video-preview:-1"},"canonical":"https:\/\/maisonroca.ad\/fr\/boutique\/tamara-comolli-mikado-charm-candy-bracelet\/","og_locale":"fr_FR","og_type":"article","og_title":"TAMARA COMOLLI MIKADO CHARM CANDY BRACELET","og_description":"Bra\u00e7alet Tamara Comolli Mikado Charm Candy d'or rosa, turmalines, grenat, amatista, topazi i citrini.  El bra\u00e7alet MIKADO de la col\u00b7lecci\u00f3 \u201cCandy\u201d \u00e9s una explosi\u00f3 de color gr\u00e0cies a les pedres precioses en tons vius. Fet a m\u00e0 amb molta cura, \u00e9s una pe\u00e7a alegre i vers\u00e0til que s\u2019adapta c\u00f2modament a qualsevol canell \u2014 perfecte per convertir-se en un dels teus imprescindibles.","og_url":"https:\/\/maisonroca.ad\/fr\/boutique\/tamara-comolli-mikado-charm-candy-bracelet\/","og_site_name":"Maison Roca","article_publisher":"https:\/\/www.facebook.com\/maisonroca","article_modified_time":"2026-01-27T08:58:31+00:00","og_image":[{"width":1080,"height":1080,"url":"https:\/\/maisonroca.ad\/wp-content\/uploads\/2025\/05\/b-mc-ch-can-rg.jpg","type":"image\/jpeg"}],"twitter_card":"summary_large_image","twitter_misc":{"Prix":"6.210,00&nbsp;&euro;","Disponibilit\u00e9":"En stock"},"schema":{"@context":"https:\/\/schema.org","@graph":[{"@type":"WebPage","@id":"https:\/\/maisonroca.ad\/fr\/boutique\/tamara-comolli-mikado-charm-candy-bracelet\/","url":"https:\/\/maisonroca.ad\/fr\/boutique\/tamara-comolli-mikado-charm-candy-bracelet\/","name":"TAMARA COMOLLI MIKADO CHARM CANDY BRACELET - Maison Roca","isPartOf":{"@id":"https:\/\/maisonroca.ad\/fr\/#website"},"primaryImageOfPage":{"@id":"https:\/\/maisonroca.ad\/fr\/boutique\/tamara-comolli-mikado-charm-candy-bracelet\/#primaryimage"},"image":{"@id":"https:\/\/maisonroca.ad\/fr\/boutique\/tamara-comolli-mikado-charm-candy-bracelet\/#primaryimage"},"thumbnailUrl":"https:\/\/maisonroca.ad\/wp-content\/uploads\/2025\/05\/b-mc-ch-can-rg.jpg","datePublished":"2025-08-13T15:04:21+00:00","dateModified":"2026-01-27T08:58:31+00:00","breadcrumb":{"@id":"https:\/\/maisonroca.ad\/fr\/boutique\/tamara-comolli-mikado-charm-candy-bracelet\/#breadcrumb"},"inLanguage":"fr-FR","potentialAction":[{"@type":"ReadAction","target":["https:\/\/maisonroca.ad\/fr\/boutique\/tamara-comolli-mikado-charm-candy-bracelet\/"]}]},{"@type":"ImageObject","inLanguage":"fr-FR","@id":"https:\/\/maisonroca.ad\/fr\/boutique\/tamara-comolli-mikado-charm-candy-bracelet\/#primaryimage","url":"https:\/\/maisonroca.ad\/wp-content\/uploads\/2025\/05\/b-mc-ch-can-rg.jpg","contentUrl":"https:\/\/maisonroca.ad\/wp-content\/uploads\/2025\/05\/b-mc-ch-can-rg.jpg","width":1080,"height":1080},{"@type":"BreadcrumbList","@id":"https:\/\/maisonroca.ad\/fr\/boutique\/tamara-comolli-mikado-charm-candy-bracelet\/#breadcrumb","itemListElement":[{"@type":"ListItem","position":1,"name":"Portada","item":"https:\/\/maisonroca.ad\/fr\/"},{"@type":"ListItem","position":2,"name":"Botiga","item":"https:\/\/maisonroca.ad\/botiga\/"},{"@type":"ListItem","position":3,"name":"TAMARA COMOLLI MIKADO CHARM CANDY BRACELET"}]},{"@type":"WebSite","@id":"https:\/\/maisonroca.ad\/fr\/#website","url":"https:\/\/maisonroca.ad\/fr\/","name":"Maison Roca","description":"Bold Luxury Life - joieria d&#039;autor - Andorra","publisher":{"@id":"https:\/\/maisonroca.ad\/fr\/#organization"},"potentialAction":[{"@type":"SearchAction","target":{"@type":"EntryPoint","urlTemplate":"https:\/\/maisonroca.ad\/fr\/?s={search_term_string}"},"query-input":{"@type":"PropertyValueSpecification","valueRequired":true,"valueName":"search_term_string"}}],"inLanguage":"fr-FR"},{"@type":"Organization","@id":"https:\/\/maisonroca.ad\/fr\/#organization","name":"Maison Roca","url":"https:\/\/maisonroca.ad\/fr\/","logo":{"@type":"ImageObject","inLanguage":"fr-FR","@id":"https:\/\/maisonroca.ad\/fr\/#\/schema\/logo\/image\/","url":"https:\/\/maisonroca.ad\/wp-content\/uploads\/2023\/10\/icono.png","contentUrl":"https:\/\/maisonroca.ad\/wp-content\/uploads\/2023\/10\/icono.png","width":512,"height":512,"caption":"Maison Roca"},"image":{"@id":"https:\/\/maisonroca.ad\/fr\/#\/schema\/logo\/image\/"},"sameAs":["https:\/\/www.facebook.com\/maisonroca","https:\/\/www.instagram.com\/maisonroca\/"]}]},"product_price_amount":"6210.00","product_price_currency":"EUR","og_availability":"instock","product_availability":"instock","product_retailer_item_id":"B-MC-CH-CAN-RG","product_condition":"new"},"_links":{"self":[{"href":"https:\/\/maisonroca.ad\/fr\/wp-json\/wp\/v2\/product\/75700","targetHints":{"allow":["GET"]}}],"collection":[{"href":"https:\/\/maisonroca.ad\/fr\/wp-json\/wp\/v2\/product"}],"about":[{"href":"https:\/\/maisonroca.ad\/fr\/wp-json\/wp\/v2\/types\/product"}],"replies":[{"embeddable":true,"href":"https:\/\/maisonroca.ad\/fr\/wp-json\/wp\/v2\/comments?post=75700"}],"version-history":[{"count":11,"href":"https:\/\/maisonroca.ad\/fr\/wp-json\/wp\/v2\/product\/75700\/revisions"}],"predecessor-version":[{"id":83228,"href":"https:\/\/maisonroca.ad\/fr\/wp-json\/wp\/v2\/product\/75700\/revisions\/83228"}],"wp:featuredmedia":[{"embeddable":true,"href":"https:\/\/maisonroca.ad\/fr\/wp-json\/wp\/v2\/media\/73095"}],"wp:attachment":[{"href":"https:\/\/maisonroca.ad\/fr\/wp-json\/wp\/v2\/media?parent=75700"}],"wp:term":[{"taxonomy":"product_brand","embeddable":true,"href":"https:\/\/maisonroca.ad\/fr\/wp-json\/wp\/v2\/product_brand?post=75700"},{"taxonomy":"product_cat","embeddable":true,"href":"https:\/\/maisonroca.ad\/fr\/wp-json\/wp\/v2\/product_cat?post=75700"},{"taxonomy":"product_tag","embeddable":true,"href":"https:\/\/maisonroca.ad\/fr\/wp-json\/wp\/v2\/product_tag?post=75700"}],"curies":[{"name":"wp","href":"https:\/\/api.w.org\/{rel}","templated":true}]}}